{"id":1397,"date":"2015-12-04T09:37:35","date_gmt":"2015-12-04T08:37:35","guid":{"rendered":"https:\/\/proramillenote.cloud\/?post_type=product&#038;p=1397"},"modified":"2025-11-20T12:40:43","modified_gmt":"2025-11-20T11:40:43","slug":"bespoke-large-format-post-it-notes-sku-087","status":"publish","type":"product","link":"https:\/\/proramillenote.it\/en\/bespoke-large-format-post-it-notes-sku-087\/","title":{"rendered":"Large format post-it notes"},"content":{"rendered":"<h2>Large format post-it notes with corporate image printing<\/h2>\n<p>The standard post-it notes feel cramped for your logo or message? No worries, we also produce extra post-it notes! Here, you will find large post-it notes to convey more complex messages than a simple logo: dosage, usage instructions, brief user manuals, mini catalogs. On the MAXI post-it notes, there&#8217;s space for everything!<\/p>\n<h3><strong>Standard sizes for maxi post-it notes:<\/strong><\/h3>\n<ul>\n<li>125 mm (glue side) \u00d7 100 sheets<\/li>\n<li>150 mm (glue side) \u00d7 100 sheets<\/li>\n<li>105 mm (glue side) \u00d7 150 sheets<\/li>\n<li>206 mm (glue side) \u00d7 150 sheets<\/li>\n<\/ul>\n<h3><strong>Customization:<\/strong><\/h3>\n<ul>\n<li>Offset printing on each sheet from 1 to 4 colours, possibility of printing on the backing block as well<\/li>\n<li>Optional: individual packaging in shrink wrap<\/li>\n<\/ul>\n<h3><strong>Materials:<\/strong><\/h3>\n<ul>\n<li>Post-it notes paper &#8211; ask for recycled paper, including FSC<sup>\u00ae<\/sup><\/li>\n<li>Water-based inks<\/li>\n<li>Water-based repositionable glue<\/li>\n<li>Optional shrink film with environmental labeling<\/li>\n<\/ul>\n<h6><strong>MQO:<\/strong> 1000 pieces of 100 sheets each.<\/h6>\n","protected":false},"excerpt":{"rendered":"<p>Bespoke large format post-it notes, full colour printed. Standard sizes: 125 mm \u00d7 100 mm, 150 mm \u00d7 100 mm, 105 mm \u00d7 150 mm, 206 mm \u00d7 150 mm. Custom sizes available upon request. Also available recycled and FSC<sup>\u00ae<\/sup>.<\/p>\n","protected":false},"featured_media":1398,"template":"","meta":[],"product_brand":[5132],"product_cat":[637,639,168,322],"product_tag":[],"class_list":{"0":"post-1397","1":"product","2":"type-product","3":"status-publish","4":"has-post-thumbnail","6":"product_brand-produzione-proramillenote","7":"product_cat-consegna-4-settimane","8":"product_cat-costa-tra-1-e-2-euro","9":"product_cat-post-it","10":"product_cat-block-notes-adesivi-post-it-standard","11":"pa_formato-post-it-105-x-149","12":"pa_formato-post-it-125-x-100","13":"pa_formato-post-it-150-x-100","14":"pa_formato-post-it-206-x-150","15":"pa_num-col-stampa-fogli-post-it-fogli-stampa-1-colore","16":"pa_num-col-stampa-fogli-post-it-fogli-stampa-2-colori","17":"pa_num-col-stampa-fogli-post-it-fogli-stampa-3-colori","18":"pa_num-col-stampa-fogli-post-it-fogli-stampa-4-colori","19":"pa_num-col-stampa-fogli-post-it-fogli-stampa-quadricromia","20":"pa_numero-fogli-1582","21":"pa_numero-fogli-1583","22":"pa_numero-fogli-1581","23":"pa_tipo-di-carta-materiali-carta-adesiva-fsc","24":"pa_tipo-di-carta-materiali-carta-adesiva-riciclata","26":"first","27":"instock","28":"purchasable","29":"product-type-variable","30":"has-default-attributes"},"yoast_head":"<!-- This site is optimized with the Yoast SEO Premium plugin v27.3 (Yoast SEO v27.3) - https:\/\/yoast.com\/product\/yoast-seo-premium-wordpress\/ -->\n<title>Large format post-it notes<\/title>\n<meta name=\"description\" content=\"Bespoke large format post-it notes, Memotack oversize: bespoke corporate gadget. Corporate logo and image printing. Ask for FSC\u00ae post-it.\" \/>\n<meta name=\"robots\" content=\"index, follow, max-snippet:-1, max-image-preview:large, max-video-preview:-1\" \/>\n<link rel=\"canonical\" href=\"https:\/\/proramillenote.it\/en\/bespoke-large-format-post-it-notes-sku-087\/\" \/>\n<meta property=\"og:locale\" content=\"en_US\" \/>\n<meta property=\"og:type\" content=\"article\" \/>\n<meta property=\"og:title\" content=\"Large format post-it notes\" \/>\n<meta property=\"og:description\" content=\"Bespoke large format post-it notes, Memotack oversize: bespoke corporate gadget. Corporate logo and image printing. Ask for FSC\u00ae post-it.\" \/>\n<meta property=\"og:url\" content=\"https:\/\/proramillenote.it\/en\/bespoke-large-format-post-it-notes-sku-087\/\" \/>\n<meta property=\"og:site_name\" content=\"Corporate gadgets and custom post-it notes\" \/>\n<meta property=\"article:modified_time\" content=\"2025-11-20T11:40:43+00:00\" \/>\n<meta property=\"og:image\" content=\"https:\/\/proramillenote.it\/wp-content\/uploads\/2015\/12\/Memotack_adesivo_grande_formato_emirates-1.webp\" \/>\n\t<meta property=\"og:image:width\" content=\"600\" \/>\n\t<meta property=\"og:image:height\" content=\"600\" \/>\n\t<meta property=\"og:image:type\" content=\"image\/webp\" \/>\n<meta name=\"twitter:card\" content=\"summary_large_image\" \/>\n<script type=\"application\/ld+json\" class=\"yoast-schema-graph\">{\"@context\":\"https:\\\/\\\/schema.org\",\"@graph\":[{\"@type\":\"WebPage\",\"@id\":\"https:\\\/\\\/proramillenote.it\\\/en\\\/bespoke-large-format-post-it-notes-sku-087\\\/\",\"url\":\"https:\\\/\\\/proramillenote.it\\\/en\\\/bespoke-large-format-post-it-notes-sku-087\\\/\",\"name\":\"Large format post-it notes\",\"isPartOf\":{\"@id\":\"https:\\\/\\\/proramillenote.it\\\/en\\\/#website\"},\"primaryImageOfPage\":{\"@id\":\"https:\\\/\\\/proramillenote.it\\\/en\\\/bespoke-large-format-post-it-notes-sku-087\\\/#primaryimage\"},\"image\":{\"@id\":\"https:\\\/\\\/proramillenote.it\\\/en\\\/bespoke-large-format-post-it-notes-sku-087\\\/#primaryimage\"},\"thumbnailUrl\":\"https:\\\/\\\/proramillenote.it\\\/wp-content\\\/uploads\\\/2015\\\/12\\\/Memotack_adesivo_grande_formato_emirates-1.webp?wsr\",\"datePublished\":\"2015-12-04T08:37:35+00:00\",\"dateModified\":\"2025-11-20T11:40:43+00:00\",\"description\":\"Bespoke large format post-it notes, Memotack oversize: bespoke corporate gadget. Corporate logo and image printing. Ask for FSC\u00ae post-it.\",\"breadcrumb\":{\"@id\":\"https:\\\/\\\/proramillenote.it\\\/en\\\/bespoke-large-format-post-it-notes-sku-087\\\/#breadcrumb\"},\"inLanguage\":\"en-EN\",\"potentialAction\":[{\"@type\":\"ReadAction\",\"target\":[\"https:\\\/\\\/proramillenote.it\\\/en\\\/bespoke-large-format-post-it-notes-sku-087\\\/\"]}]},{\"@type\":\"ImageObject\",\"inLanguage\":\"en-EN\",\"@id\":\"https:\\\/\\\/proramillenote.it\\\/en\\\/bespoke-large-format-post-it-notes-sku-087\\\/#primaryimage\",\"url\":\"https:\\\/\\\/proramillenote.it\\\/wp-content\\\/uploads\\\/2015\\\/12\\\/Memotack_adesivo_grande_formato_emirates-1.webp?wsr\",\"contentUrl\":\"https:\\\/\\\/proramillenote.it\\\/wp-content\\\/uploads\\\/2015\\\/12\\\/Memotack_adesivo_grande_formato_emirates-1.webp?wsr\",\"width\":600,\"height\":600,\"caption\":\"Blocco adesivo in grande formato\"},{\"@type\":\"BreadcrumbList\",\"@id\":\"https:\\\/\\\/proramillenote.it\\\/en\\\/bespoke-large-format-post-it-notes-sku-087\\\/#breadcrumb\",\"itemListElement\":[{\"@type\":\"ListItem\",\"position\":1,\"name\":\"Proramillenote\",\"item\":\"https:\\\/\\\/proramillenote.it\\\/en\\\/\"},{\"@type\":\"ListItem\",\"position\":2,\"name\":\"Large format post-it notes\"}]},{\"@type\":\"WebSite\",\"@id\":\"https:\\\/\\\/proramillenote.it\\\/en\\\/#website\",\"url\":\"https:\\\/\\\/proramillenote.it\\\/en\\\/\",\"name\":\"Proramillenote gadget aziendali e post-it personalizzati\",\"description\":\"\",\"publisher\":{\"@id\":\"https:\\\/\\\/proramillenote.it\\\/en\\\/#organization\"},\"alternateName\":\"Proramillenote\",\"potentialAction\":[{\"@type\":\"SearchAction\",\"target\":{\"@type\":\"EntryPoint\",\"urlTemplate\":\"https:\\\/\\\/proramillenote.it\\\/en\\\/?s={search_term_string}\"},\"query-input\":{\"@type\":\"PropertyValueSpecification\",\"valueRequired\":true,\"valueName\":\"search_term_string\"}}],\"inLanguage\":\"en-EN\"},{\"@type\":\"Organization\",\"@id\":\"https:\\\/\\\/proramillenote.it\\\/en\\\/#organization\",\"name\":\"Proramillenote corporate gadgets and custom post-it notes\",\"alternateName\":\"Proramillenote\",\"url\":\"https:\\\/\\\/proramillenote.it\\\/en\\\/\",\"logo\":{\"@type\":\"ImageObject\",\"inLanguage\":\"en-EN\",\"@id\":\"https:\\\/\\\/proramillenote.it\\\/en\\\/#\\\/schema\\\/logo\\\/image\\\/\",\"url\":\"https:\\\/\\\/proramillenote.it\\\/wp-content\\\/uploads\\\/papercube800.png?wsr\",\"contentUrl\":\"https:\\\/\\\/proramillenote.it\\\/wp-content\\\/uploads\\\/papercube800.png?wsr\",\"width\":800,\"height\":800,\"caption\":\"Proramillenote corporate gadgets and custom post-it notes\"},\"image\":{\"@id\":\"https:\\\/\\\/proramillenote.it\\\/en\\\/#\\\/schema\\\/logo\\\/image\\\/\"},\"description\":\"\u2022 Specialista in produzione e commercio di gadget per medici e gadget per veterinari personalizzati. \u2022 Produzione di gadget aziendali per qualsiasi settore merceologico dal 1975. \u2022 Produttore di post-it personalizzati, post-it sagomati e cubi di carta personalizzati in stampa digitale oppure offset. Produttore di block-notes con logo. \u2022 Con cartotecnica creativa progettiamo KIT di post-it su misura, Made in Italy e di design italiano, insigniti del prestigioso premio europeo PGA Promotional Gift Award. \u2022 Concorso #Ossoduro \\\"Design di brand reminder da scrivania innovativi\\\" concepito per incoraggiare la creativit\u00e0 degli studenti di scuole secondarie di design e grafica. Annuale - Ed.7\u00b0 2024-2025. \u2022 Proramillenote \u00e8 produttore accreditato EUDAMED per la fornitura di DMClasse I \u2022 Proramillenote \u00e8 certificata FSC\u00ae Chain of custody.\",\"email\":\"customercare@proramillenote.it\",\"telephone\":\"+39 039616593\",\"legalName\":\"Proramillenote Srl\",\"foundingDate\":\"1972-01-01\",\"vatID\":\"10323920966\",\"taxID\":\"10323920966\",\"numberOfEmployees\":{\"@type\":\"QuantitativeValue\",\"minValue\":\"11\",\"maxValue\":\"50\"},\"publishingPrinciples\":\"https:\\\/\\\/proramillenote.it\\\/politica-su-etica\\\/\",\"ownershipFundingInfo\":\"https:\\\/\\\/proramillenote.it\\\/politica-su-etica\\\/\",\"actionableFeedbackPolicy\":\"https:\\\/\\\/proramillenote.it\\\/politica-su-etica\\\/\",\"correctionsPolicy\":\"https:\\\/\\\/proramillenote.it\\\/politica-su-etica\\\/\",\"ethicsPolicy\":\"https:\\\/\\\/proramillenote.it\\\/politica-su-etica\\\/\",\"diversityPolicy\":\"https:\\\/\\\/proramillenote.it\\\/politica-su-etica\\\/\",\"diversityStaffingReport\":\"https:\\\/\\\/proramillenote.it\\\/politica-su-etica\\\/\"}]}<\/script>\n<meta property=\"product:brand\" content=\"Proramillenote\" \/>\n<meta property=\"og:availability\" content=\"instock\" \/>\n<meta property=\"product:availability\" content=\"instock\" \/>\n<meta property=\"product:retailer_item_id\" content=\"087\" \/>\n<meta property=\"product:condition\" content=\"new\" \/>\n<!-- \/ Yoast SEO Premium plugin. -->","yoast_head_json":{"title":"Large format post-it notes","description":"Bespoke large format post-it notes, Memotack oversize: bespoke corporate gadget. Corporate logo and image printing. Ask for FSC\u00ae post-it.","robots":{"index":"index","follow":"follow","max-snippet":"max-snippet:-1","max-image-preview":"max-image-preview:large","max-video-preview":"max-video-preview:-1"},"canonical":"https:\/\/proramillenote.it\/en\/bespoke-large-format-post-it-notes-sku-087\/","og_locale":"en_US","og_type":"article","og_title":"Large format post-it notes","og_description":"Bespoke large format post-it notes, Memotack oversize: bespoke corporate gadget. Corporate logo and image printing. Ask for FSC\u00ae post-it.","og_url":"https:\/\/proramillenote.it\/en\/bespoke-large-format-post-it-notes-sku-087\/","og_site_name":"Corporate gadgets and custom post-it notes","article_modified_time":"2025-11-20T11:40:43+00:00","og_image":[{"width":600,"height":600,"url":"https:\/\/proramillenote.it\/wp-content\/uploads\/2015\/12\/Memotack_adesivo_grande_formato_emirates-1.webp","type":"image\/webp"}],"twitter_card":"summary_large_image","schema":{"@context":"https:\/\/schema.org","@graph":[{"@type":"WebPage","@id":"https:\/\/proramillenote.it\/en\/bespoke-large-format-post-it-notes-sku-087\/","url":"https:\/\/proramillenote.it\/en\/bespoke-large-format-post-it-notes-sku-087\/","name":"Large format post-it notes","isPartOf":{"@id":"https:\/\/proramillenote.it\/en\/#website"},"primaryImageOfPage":{"@id":"https:\/\/proramillenote.it\/en\/bespoke-large-format-post-it-notes-sku-087\/#primaryimage"},"image":{"@id":"https:\/\/proramillenote.it\/en\/bespoke-large-format-post-it-notes-sku-087\/#primaryimage"},"thumbnailUrl":"https:\/\/proramillenote.it\/wp-content\/uploads\/2015\/12\/Memotack_adesivo_grande_formato_emirates-1.webp?wsr","datePublished":"2015-12-04T08:37:35+00:00","dateModified":"2025-11-20T11:40:43+00:00","description":"Bespoke large format post-it notes, Memotack oversize: bespoke corporate gadget. Corporate logo and image printing. Ask for FSC\u00ae post-it.","breadcrumb":{"@id":"https:\/\/proramillenote.it\/en\/bespoke-large-format-post-it-notes-sku-087\/#breadcrumb"},"inLanguage":"en-EN","potentialAction":[{"@type":"ReadAction","target":["https:\/\/proramillenote.it\/en\/bespoke-large-format-post-it-notes-sku-087\/"]}]},{"@type":"ImageObject","inLanguage":"en-EN","@id":"https:\/\/proramillenote.it\/en\/bespoke-large-format-post-it-notes-sku-087\/#primaryimage","url":"https:\/\/proramillenote.it\/wp-content\/uploads\/2015\/12\/Memotack_adesivo_grande_formato_emirates-1.webp?wsr","contentUrl":"https:\/\/proramillenote.it\/wp-content\/uploads\/2015\/12\/Memotack_adesivo_grande_formato_emirates-1.webp?wsr","width":600,"height":600,"caption":"Blocco adesivo in grande formato"},{"@type":"BreadcrumbList","@id":"https:\/\/proramillenote.it\/en\/bespoke-large-format-post-it-notes-sku-087\/#breadcrumb","itemListElement":[{"@type":"ListItem","position":1,"name":"Proramillenote","item":"https:\/\/proramillenote.it\/en\/"},{"@type":"ListItem","position":2,"name":"Large format post-it notes"}]},{"@type":"WebSite","@id":"https:\/\/proramillenote.it\/en\/#website","url":"https:\/\/proramillenote.it\/en\/","name":"Proramillenote gadget aziendali e post-it personalizzati","description":"","publisher":{"@id":"https:\/\/proramillenote.it\/en\/#organization"},"alternateName":"Proramillenote","potentialAction":[{"@type":"SearchAction","target":{"@type":"EntryPoint","urlTemplate":"https:\/\/proramillenote.it\/en\/?s={search_term_string}"},"query-input":{"@type":"PropertyValueSpecification","valueRequired":true,"valueName":"search_term_string"}}],"inLanguage":"en-EN"},{"@type":"Organization","@id":"https:\/\/proramillenote.it\/en\/#organization","name":"Proramillenote corporate gadgets and custom post-it notes","alternateName":"Proramillenote","url":"https:\/\/proramillenote.it\/en\/","logo":{"@type":"ImageObject","inLanguage":"en-EN","@id":"https:\/\/proramillenote.it\/en\/#\/schema\/logo\/image\/","url":"https:\/\/proramillenote.it\/wp-content\/uploads\/papercube800.png?wsr","contentUrl":"https:\/\/proramillenote.it\/wp-content\/uploads\/papercube800.png?wsr","width":800,"height":800,"caption":"Proramillenote corporate gadgets and custom post-it notes"},"image":{"@id":"https:\/\/proramillenote.it\/en\/#\/schema\/logo\/image\/"},"description":"\u2022 Specialista in produzione e commercio di gadget per medici e gadget per veterinari personalizzati. \u2022 Produzione di gadget aziendali per qualsiasi settore merceologico dal 1975. \u2022 Produttore di post-it personalizzati, post-it sagomati e cubi di carta personalizzati in stampa digitale oppure offset. Produttore di block-notes con logo. \u2022 Con cartotecnica creativa progettiamo KIT di post-it su misura, Made in Italy e di design italiano, insigniti del prestigioso premio europeo PGA Promotional Gift Award. \u2022 Concorso #Ossoduro \"Design di brand reminder da scrivania innovativi\" concepito per incoraggiare la creativit\u00e0 degli studenti di scuole secondarie di design e grafica. Annuale - Ed.7\u00b0 2024-2025. \u2022 Proramillenote \u00e8 produttore accreditato EUDAMED per la fornitura di DMClasse I \u2022 Proramillenote \u00e8 certificata FSC\u00ae Chain of custody.","email":"customercare@proramillenote.it","telephone":"+39 039616593","legalName":"Proramillenote Srl","foundingDate":"1972-01-01","vatID":"10323920966","taxID":"10323920966","numberOfEmployees":{"@type":"QuantitativeValue","minValue":"11","maxValue":"50"},"publishingPrinciples":"https:\/\/proramillenote.it\/politica-su-etica\/","ownershipFundingInfo":"https:\/\/proramillenote.it\/politica-su-etica\/","actionableFeedbackPolicy":"https:\/\/proramillenote.it\/politica-su-etica\/","correctionsPolicy":"https:\/\/proramillenote.it\/politica-su-etica\/","ethicsPolicy":"https:\/\/proramillenote.it\/politica-su-etica\/","diversityPolicy":"https:\/\/proramillenote.it\/politica-su-etica\/","diversityStaffingReport":"https:\/\/proramillenote.it\/politica-su-etica\/"}]},"product_brand":"Proramillenote","og_availability":"instock","product_availability":"instock","product_retailer_item_id":"087","product_condition":"new"},"_links":{"self":[{"href":"https:\/\/proramillenote.it\/en\/wp-json\/wp\/v2\/product\/1397","targetHints":{"allow":["GET"]}}],"collection":[{"href":"https:\/\/proramillenote.it\/en\/wp-json\/wp\/v2\/product"}],"about":[{"href":"https:\/\/proramillenote.it\/en\/wp-json\/wp\/v2\/types\/product"}],"version-history":[{"count":0,"href":"https:\/\/proramillenote.it\/en\/wp-json\/wp\/v2\/product\/1397\/revisions"}],"wp:featuredmedia":[{"embeddable":true,"href":"https:\/\/proramillenote.it\/en\/wp-json\/wp\/v2\/media\/1398"}],"wp:attachment":[{"href":"https:\/\/proramillenote.it\/en\/wp-json\/wp\/v2\/media?parent=1397"}],"wp:term":[{"taxonomy":"product_brand","embeddable":true,"href":"https:\/\/proramillenote.it\/en\/wp-json\/wp\/v2\/product_brand?post=1397"},{"taxonomy":"product_cat","embeddable":true,"href":"https:\/\/proramillenote.it\/en\/wp-json\/wp\/v2\/product_cat?post=1397"},{"taxonomy":"product_tag","embeddable":true,"href":"https:\/\/proramillenote.it\/en\/wp-json\/wp\/v2\/product_tag?post=1397"}],"curies":[{"name":"wp","href":"https:\/\/api.w.org\/{rel}","templated":true}]}}