{"id":4336,"date":"2019-01-30T12:39:15","date_gmt":"2019-01-30T11:39:15","guid":{"rendered":"https:\/\/proramillenote.cloud\/?post_type=product&#038;p=4336"},"modified":"2024-07-15T11:55:53","modified_gmt":"2024-07-15T09:55:53","slug":"personalized-3-fold-prescription-pad-with-paper-page-marker-flags-sku517","status":"publish","type":"product","link":"https:\/\/proramillenote.it\/en\/personalized-3-fold-prescription-pad-with-paper-page-marker-flags-sku517\/","title":{"rendered":"Prescription pad 3-fold with paper page marker flags and post-it"},"content":{"rendered":"<p><strong><span style=\"color: #ff6600;\">Three folded cover<\/span><br \/>\n<\/strong>\u2022<strong> Unfolded size: <\/strong>485x216mm<strong><br \/>\n<\/strong>\u2022<strong> Three folded<br \/>\n<\/strong>\u2022<strong> Folded size: <\/strong>156&#215;216 mm<strong><br \/>\n<\/strong>\u2022<strong> Thickness:<\/strong> 11 mm<strong><br \/>\n<\/strong>\u2022<strong> Bespoke: <\/strong>4-colour printing (large bespoke surface)<strong><br \/>\n<\/strong>\u2022<strong> Finishing: <\/strong>Glossy plasticizing in white and vault<\/p>\n<p><span style=\"color: #ff6600;\"><strong>White sticky paper notepad<\/strong><\/span><br \/>\nPosition: inside front cover, glued<strong><br \/>\nSize: <\/strong>75&#215;75 mm<strong><br \/>\nThickness:<\/strong> 5 mm for 50 sheets<\/p>\n<p><strong><span style=\"color: #ff6600;\">Sticky paper marker flags<\/span><\/strong><br \/>\nPosition: inside front cover, glued at the side of the notepad<strong><br \/>\nBlock size: <\/strong>75&#215;75 mm<\/p>\n<p><em>Includes<\/em>:<strong><br \/>\n\u2022 4 writeable marker flags notepad<br \/>\n\u2022 Material: <\/strong>Paper<strong><br \/>\n\u2022 Single page marker flag size: <\/strong>15&#215;75 mm<strong><br \/>\n\u2022 Thickness:<\/strong> 50 flags for each block<strong><br \/>\n\u2022 Personalization: <\/strong>four-colour printing<\/p>\n<p><strong><span style=\"color: #ff6600;\">Prescription pad<\/span><\/strong><br \/>\n\u2022 Size: 210&#215;150 mm<strong><br \/>\n\u2022 Thickness: <\/strong>50 sheets, glue at the top<strong><br \/>\n\u2022 Position: <\/strong>page 3, glued<\/p>\n<p><strong><span style=\"color: #ff6600;\">Delivery<\/span><\/strong><br \/>\n\u2022 Single wrap<strong><br \/>\n<\/strong>\u2022 Cartons<br \/>\n<strong><br \/>\n<\/strong><\/p>\n<h6>MOQ 500 pcs.<\/h6>\n","protected":false},"excerpt":{"rendered":"<p>Three folded prescription pad cover, A5 size (15\u00d721 cm), bespoke cover, 1 post-it 75\u00d775 mm and 50 writable paper index flags 15\u00d775 mm. Customized full-color with company image and logo<\/p>\n","protected":false},"featured_media":27701,"template":"","meta":[],"product_brand":[5138],"product_cat":[692,3236,5235,647,5195,1286,648],"product_tag":[],"class_list":{"0":"post-4336","1":"product","2":"type-product","3":"status-publish","4":"has-post-thumbnail","6":"product_brand-fabricant-proramillenote","7":"product_cat-bureau-du-medecin-gadget-personnalise","8":"product_cat-promotionnels-professionnels-pour-medecins","9":"product_cat-livraison-en-4-semaines","10":"product_cat-marque-pages-drapeaux-signets-personnalises","11":"product_cat-cout-entre-1-et-2-euros","12":"product_cat-porte-bloc-notes-et-carnets-dordonnances-pour-les-medecins","13":"product_cat-marqueurs-pages-en-papier-fait-sur-mesure","14":"pa_num-col-stampa-fogli-post-it-feuilles-impression-0-couleurs-fr","15":"pa_num-col-stampa-fogli-post-it-feuilles-impression-1-couleur-fr","16":"pa_num-col-stampa-fogli-post-it-feuilles-impression-2-couleurs-fr","17":"pa_num-col-stampa-fogli-post-it-feuilles-impression-3-couleurs-fr","18":"pa_num-col-stampa-fogli-post-it-feuilles-impression-en-quadri-fr","19":"pa_num-colori-stmp-bandierine-marque-page-signet-impression-1-couleur","20":"pa_num-colori-stmp-bandierine-marque-page-signet-impression-2-couleur","21":"pa_num-colori-stmp-bandierine-marque-page-signet-impression-3-couleur","22":"pa_num-colori-stmp-bandierine-marque-page-signet-impression-quadri","23":"pa_stampa-copertina-numero-col-couverture-impression-1-couleur-fr","24":"pa_stampa-copertina-numero-col-couverture-impression-2-couleurs-fr","25":"pa_stampa-copertina-numero-col-couverture-impression-3-couleurs-fr","26":"pa_stampa-copertina-numero-col-couverture-impression-numerique-fr","27":"pa_stampa-fogli-carta-usomano-impression-en-0-couleurs-sur-papier-moule","28":"pa_stampa-fogli-carta-usomano-impression-en-1-couleurs-sur-papier-moule","29":"pa_stampa-fogli-carta-usomano-impression-en-2-couleurs-sur-papier-moule","30":"pa_stampa-fogli-carta-usomano-impression-en-3-couleurs-sur-papier-moule","31":"pa_stampa-fogli-carta-usomano-4-col-carta-um-fr","32":"pa_stampa-fogli-carta-usomano-impression-en-quadri-sur-papier-moule","34":"first","35":"instock","36":"purchasable","37":"product-type-variable","38":"has-default-attributes"},"yoast_head":"<!-- This site is optimized with the Yoast SEO Premium plugin v27.3 (Yoast SEO v27.3) - https:\/\/yoast.com\/product\/yoast-seo-premium-wordpress\/ -->\n<title>Ricettario 3 ante personalizzato con bandierine segnapagina in carta<\/title>\n<meta name=\"description\" content=\"Ricettario 3 ante personalizzato con bandierine segnapagina in carta. Gadget aziendale\" \/>\n<meta name=\"robots\" content=\"index, follow, max-snippet:-1, max-image-preview:large, max-video-preview:-1\" \/>\n<link rel=\"canonical\" href=\"https:\/\/proramillenote.it\/en\/personalized-3-fold-prescription-pad-with-paper-page-marker-flags-sku517\/\" \/>\n<meta property=\"og:locale\" content=\"en_US\" \/>\n<meta property=\"og:type\" content=\"article\" \/>\n<meta property=\"og:title\" content=\"Ricettario 3 ante personalizzato con bandierine segnapagina in carta\" \/>\n<meta property=\"og:description\" content=\"Ricettario 3 ante personalizzato con bandierine segnapagina in carta. Gadget aziendale\" \/>\n<meta property=\"og:url\" content=\"https:\/\/proramillenote.it\/en\/personalized-3-fold-prescription-pad-with-paper-page-marker-flags-sku517\/\" \/>\n<meta property=\"og:site_name\" content=\"Corporate gadgets and custom post-it notes\" \/>\n<meta property=\"article:modified_time\" content=\"2024-07-15T09:55:53+00:00\" \/>\n<meta property=\"og:image\" content=\"https:\/\/proramillenote.it\/wp-content\/uploads\/BloccoGaviscon.webp\" \/>\n\t<meta property=\"og:image:width\" content=\"600\" \/>\n\t<meta property=\"og:image:height\" content=\"600\" \/>\n\t<meta property=\"og:image:type\" content=\"image\/webp\" \/>\n<meta name=\"twitter:card\" content=\"summary_large_image\" \/>\n<script type=\"application\/ld+json\" class=\"yoast-schema-graph\">{\"@context\":\"https:\\\/\\\/schema.org\",\"@graph\":[{\"@type\":\"WebPage\",\"@id\":\"https:\\\/\\\/proramillenote.it\\\/en\\\/personalized-3-fold-prescription-pad-with-paper-page-marker-flags-sku517\\\/\",\"url\":\"https:\\\/\\\/proramillenote.it\\\/en\\\/personalized-3-fold-prescription-pad-with-paper-page-marker-flags-sku517\\\/\",\"name\":\"Ricettario 3 ante personalizzato con bandierine segnapagina in carta\",\"isPartOf\":{\"@id\":\"https:\\\/\\\/proramillenote.it\\\/en\\\/#website\"},\"primaryImageOfPage\":{\"@id\":\"https:\\\/\\\/proramillenote.it\\\/en\\\/personalized-3-fold-prescription-pad-with-paper-page-marker-flags-sku517\\\/#primaryimage\"},\"image\":{\"@id\":\"https:\\\/\\\/proramillenote.it\\\/en\\\/personalized-3-fold-prescription-pad-with-paper-page-marker-flags-sku517\\\/#primaryimage\"},\"thumbnailUrl\":\"https:\\\/\\\/proramillenote.it\\\/wp-content\\\/uploads\\\/BloccoGaviscon.webp?wsr\",\"datePublished\":\"2019-01-30T11:39:15+00:00\",\"dateModified\":\"2024-07-15T09:55:53+00:00\",\"description\":\"Ricettario 3 ante personalizzato con bandierine segnapagina in carta. Gadget aziendale\",\"breadcrumb\":{\"@id\":\"https:\\\/\\\/proramillenote.it\\\/en\\\/personalized-3-fold-prescription-pad-with-paper-page-marker-flags-sku517\\\/#breadcrumb\"},\"inLanguage\":\"en-EN\",\"potentialAction\":[{\"@type\":\"ReadAction\",\"target\":[\"https:\\\/\\\/proramillenote.it\\\/en\\\/personalized-3-fold-prescription-pad-with-paper-page-marker-flags-sku517\\\/\"]}]},{\"@type\":\"ImageObject\",\"inLanguage\":\"en-EN\",\"@id\":\"https:\\\/\\\/proramillenote.it\\\/en\\\/personalized-3-fold-prescription-pad-with-paper-page-marker-flags-sku517\\\/#primaryimage\",\"url\":\"https:\\\/\\\/proramillenote.it\\\/wp-content\\\/uploads\\\/BloccoGaviscon.webp?wsr\",\"contentUrl\":\"https:\\\/\\\/proramillenote.it\\\/wp-content\\\/uploads\\\/BloccoGaviscon.webp?wsr\",\"width\":600,\"height\":600,\"caption\":\"Ricettario 3 ante con bandierine segnapagina in carta. Personalizzato con immagine aziendale\"},{\"@type\":\"BreadcrumbList\",\"@id\":\"https:\\\/\\\/proramillenote.it\\\/en\\\/personalized-3-fold-prescription-pad-with-paper-page-marker-flags-sku517\\\/#breadcrumb\",\"itemListElement\":[{\"@type\":\"ListItem\",\"position\":1,\"name\":\"Proramillenote\",\"item\":\"https:\\\/\\\/proramillenote.it\\\/en\\\/\"},{\"@type\":\"ListItem\",\"position\":2,\"name\":\"Prescription pad 3-fold with paper page marker flags and post-it\"}]},{\"@type\":\"WebSite\",\"@id\":\"https:\\\/\\\/proramillenote.it\\\/en\\\/#website\",\"url\":\"https:\\\/\\\/proramillenote.it\\\/en\\\/\",\"name\":\"Proramillenote gadget aziendali e post-it personalizzati\",\"description\":\"\",\"publisher\":{\"@id\":\"https:\\\/\\\/proramillenote.it\\\/en\\\/#organization\"},\"alternateName\":\"Proramillenote\",\"potentialAction\":[{\"@type\":\"SearchAction\",\"target\":{\"@type\":\"EntryPoint\",\"urlTemplate\":\"https:\\\/\\\/proramillenote.it\\\/en\\\/?s={search_term_string}\"},\"query-input\":{\"@type\":\"PropertyValueSpecification\",\"valueRequired\":true,\"valueName\":\"search_term_string\"}}],\"inLanguage\":\"en-EN\"},{\"@type\":\"Organization\",\"@id\":\"https:\\\/\\\/proramillenote.it\\\/en\\\/#organization\",\"name\":\"Proramillenote corporate gadgets and custom post-it notes\",\"alternateName\":\"Proramillenote\",\"url\":\"https:\\\/\\\/proramillenote.it\\\/en\\\/\",\"logo\":{\"@type\":\"ImageObject\",\"inLanguage\":\"en-EN\",\"@id\":\"https:\\\/\\\/proramillenote.it\\\/en\\\/#\\\/schema\\\/logo\\\/image\\\/\",\"url\":\"https:\\\/\\\/proramillenote.it\\\/wp-content\\\/uploads\\\/papercube800.png?wsr\",\"contentUrl\":\"https:\\\/\\\/proramillenote.it\\\/wp-content\\\/uploads\\\/papercube800.png?wsr\",\"width\":800,\"height\":800,\"caption\":\"Proramillenote corporate gadgets and custom post-it notes\"},\"image\":{\"@id\":\"https:\\\/\\\/proramillenote.it\\\/en\\\/#\\\/schema\\\/logo\\\/image\\\/\"},\"description\":\"\u2022 Specialista in produzione e commercio di gadget per medici e gadget per veterinari personalizzati. \u2022 Produzione di gadget aziendali per qualsiasi settore merceologico dal 1975. \u2022 Produttore di post-it personalizzati, post-it sagomati e cubi di carta personalizzati in stampa digitale oppure offset. Produttore di block-notes con logo. \u2022 Con cartotecnica creativa progettiamo KIT di post-it su misura, Made in Italy e di design italiano, insigniti del prestigioso premio europeo PGA Promotional Gift Award. \u2022 Concorso #Ossoduro \\\"Design di brand reminder da scrivania innovativi\\\" concepito per incoraggiare la creativit\u00e0 degli studenti di scuole secondarie di design e grafica. Annuale - Ed.7\u00b0 2024-2025. \u2022 Proramillenote \u00e8 produttore accreditato EUDAMED per la fornitura di DMClasse I \u2022 Proramillenote \u00e8 certificata FSC\u00ae Chain of custody.\",\"email\":\"customercare@proramillenote.it\",\"telephone\":\"+39 039616593\",\"legalName\":\"Proramillenote Srl\",\"foundingDate\":\"1972-01-01\",\"vatID\":\"10323920966\",\"taxID\":\"10323920966\",\"numberOfEmployees\":{\"@type\":\"QuantitativeValue\",\"minValue\":\"11\",\"maxValue\":\"50\"},\"publishingPrinciples\":\"https:\\\/\\\/proramillenote.it\\\/politica-su-etica\\\/\",\"ownershipFundingInfo\":\"https:\\\/\\\/proramillenote.it\\\/politica-su-etica\\\/\",\"actionableFeedbackPolicy\":\"https:\\\/\\\/proramillenote.it\\\/politica-su-etica\\\/\",\"correctionsPolicy\":\"https:\\\/\\\/proramillenote.it\\\/politica-su-etica\\\/\",\"ethicsPolicy\":\"https:\\\/\\\/proramillenote.it\\\/politica-su-etica\\\/\",\"diversityPolicy\":\"https:\\\/\\\/proramillenote.it\\\/politica-su-etica\\\/\",\"diversityStaffingReport\":\"https:\\\/\\\/proramillenote.it\\\/politica-su-etica\\\/\"}]}<\/script>\n<meta property=\"product:brand\" content=\"Fabricant Proramillenote\" \/>\n<meta property=\"og:availability\" content=\"instock\" \/>\n<meta property=\"product:availability\" content=\"instock\" \/>\n<meta property=\"product:retailer_item_id\" content=\"517\" \/>\n<meta property=\"product:condition\" content=\"new\" \/>\n<!-- \/ Yoast SEO Premium plugin. -->","yoast_head_json":{"title":"Ricettario 3 ante personalizzato con bandierine segnapagina in carta","description":"Ricettario 3 ante personalizzato con bandierine segnapagina in carta. Gadget aziendale","robots":{"index":"index","follow":"follow","max-snippet":"max-snippet:-1","max-image-preview":"max-image-preview:large","max-video-preview":"max-video-preview:-1"},"canonical":"https:\/\/proramillenote.it\/en\/personalized-3-fold-prescription-pad-with-paper-page-marker-flags-sku517\/","og_locale":"en_US","og_type":"article","og_title":"Ricettario 3 ante personalizzato con bandierine segnapagina in carta","og_description":"Ricettario 3 ante personalizzato con bandierine segnapagina in carta. Gadget aziendale","og_url":"https:\/\/proramillenote.it\/en\/personalized-3-fold-prescription-pad-with-paper-page-marker-flags-sku517\/","og_site_name":"Corporate gadgets and custom post-it notes","article_modified_time":"2024-07-15T09:55:53+00:00","og_image":[{"width":600,"height":600,"url":"https:\/\/proramillenote.it\/wp-content\/uploads\/BloccoGaviscon.webp","type":"image\/webp"}],"twitter_card":"summary_large_image","schema":{"@context":"https:\/\/schema.org","@graph":[{"@type":"WebPage","@id":"https:\/\/proramillenote.it\/en\/personalized-3-fold-prescription-pad-with-paper-page-marker-flags-sku517\/","url":"https:\/\/proramillenote.it\/en\/personalized-3-fold-prescription-pad-with-paper-page-marker-flags-sku517\/","name":"Ricettario 3 ante personalizzato con bandierine segnapagina in carta","isPartOf":{"@id":"https:\/\/proramillenote.it\/en\/#website"},"primaryImageOfPage":{"@id":"https:\/\/proramillenote.it\/en\/personalized-3-fold-prescription-pad-with-paper-page-marker-flags-sku517\/#primaryimage"},"image":{"@id":"https:\/\/proramillenote.it\/en\/personalized-3-fold-prescription-pad-with-paper-page-marker-flags-sku517\/#primaryimage"},"thumbnailUrl":"https:\/\/proramillenote.it\/wp-content\/uploads\/BloccoGaviscon.webp?wsr","datePublished":"2019-01-30T11:39:15+00:00","dateModified":"2024-07-15T09:55:53+00:00","description":"Ricettario 3 ante personalizzato con bandierine segnapagina in carta. Gadget aziendale","breadcrumb":{"@id":"https:\/\/proramillenote.it\/en\/personalized-3-fold-prescription-pad-with-paper-page-marker-flags-sku517\/#breadcrumb"},"inLanguage":"en-EN","potentialAction":[{"@type":"ReadAction","target":["https:\/\/proramillenote.it\/en\/personalized-3-fold-prescription-pad-with-paper-page-marker-flags-sku517\/"]}]},{"@type":"ImageObject","inLanguage":"en-EN","@id":"https:\/\/proramillenote.it\/en\/personalized-3-fold-prescription-pad-with-paper-page-marker-flags-sku517\/#primaryimage","url":"https:\/\/proramillenote.it\/wp-content\/uploads\/BloccoGaviscon.webp?wsr","contentUrl":"https:\/\/proramillenote.it\/wp-content\/uploads\/BloccoGaviscon.webp?wsr","width":600,"height":600,"caption":"Ricettario 3 ante con bandierine segnapagina in carta. Personalizzato con immagine aziendale"},{"@type":"BreadcrumbList","@id":"https:\/\/proramillenote.it\/en\/personalized-3-fold-prescription-pad-with-paper-page-marker-flags-sku517\/#breadcrumb","itemListElement":[{"@type":"ListItem","position":1,"name":"Proramillenote","item":"https:\/\/proramillenote.it\/en\/"},{"@type":"ListItem","position":2,"name":"Prescription pad 3-fold with paper page marker flags and post-it"}]},{"@type":"WebSite","@id":"https:\/\/proramillenote.it\/en\/#website","url":"https:\/\/proramillenote.it\/en\/","name":"Proramillenote gadget aziendali e post-it personalizzati","description":"","publisher":{"@id":"https:\/\/proramillenote.it\/en\/#organization"},"alternateName":"Proramillenote","potentialAction":[{"@type":"SearchAction","target":{"@type":"EntryPoint","urlTemplate":"https:\/\/proramillenote.it\/en\/?s={search_term_string}"},"query-input":{"@type":"PropertyValueSpecification","valueRequired":true,"valueName":"search_term_string"}}],"inLanguage":"en-EN"},{"@type":"Organization","@id":"https:\/\/proramillenote.it\/en\/#organization","name":"Proramillenote corporate gadgets and custom post-it notes","alternateName":"Proramillenote","url":"https:\/\/proramillenote.it\/en\/","logo":{"@type":"ImageObject","inLanguage":"en-EN","@id":"https:\/\/proramillenote.it\/en\/#\/schema\/logo\/image\/","url":"https:\/\/proramillenote.it\/wp-content\/uploads\/papercube800.png?wsr","contentUrl":"https:\/\/proramillenote.it\/wp-content\/uploads\/papercube800.png?wsr","width":800,"height":800,"caption":"Proramillenote corporate gadgets and custom post-it notes"},"image":{"@id":"https:\/\/proramillenote.it\/en\/#\/schema\/logo\/image\/"},"description":"\u2022 Specialista in produzione e commercio di gadget per medici e gadget per veterinari personalizzati. \u2022 Produzione di gadget aziendali per qualsiasi settore merceologico dal 1975. \u2022 Produttore di post-it personalizzati, post-it sagomati e cubi di carta personalizzati in stampa digitale oppure offset. Produttore di block-notes con logo. \u2022 Con cartotecnica creativa progettiamo KIT di post-it su misura, Made in Italy e di design italiano, insigniti del prestigioso premio europeo PGA Promotional Gift Award. \u2022 Concorso #Ossoduro \"Design di brand reminder da scrivania innovativi\" concepito per incoraggiare la creativit\u00e0 degli studenti di scuole secondarie di design e grafica. Annuale - Ed.7\u00b0 2024-2025. \u2022 Proramillenote \u00e8 produttore accreditato EUDAMED per la fornitura di DMClasse I \u2022 Proramillenote \u00e8 certificata FSC\u00ae Chain of custody.","email":"customercare@proramillenote.it","telephone":"+39 039616593","legalName":"Proramillenote Srl","foundingDate":"1972-01-01","vatID":"10323920966","taxID":"10323920966","numberOfEmployees":{"@type":"QuantitativeValue","minValue":"11","maxValue":"50"},"publishingPrinciples":"https:\/\/proramillenote.it\/politica-su-etica\/","ownershipFundingInfo":"https:\/\/proramillenote.it\/politica-su-etica\/","actionableFeedbackPolicy":"https:\/\/proramillenote.it\/politica-su-etica\/","correctionsPolicy":"https:\/\/proramillenote.it\/politica-su-etica\/","ethicsPolicy":"https:\/\/proramillenote.it\/politica-su-etica\/","diversityPolicy":"https:\/\/proramillenote.it\/politica-su-etica\/","diversityStaffingReport":"https:\/\/proramillenote.it\/politica-su-etica\/"}]},"product_brand":"Fabricant Proramillenote","og_availability":"instock","product_availability":"instock","product_retailer_item_id":"517","product_condition":"new"},"_links":{"self":[{"href":"https:\/\/proramillenote.it\/en\/wp-json\/wp\/v2\/product\/4336","targetHints":{"allow":["GET"]}}],"collection":[{"href":"https:\/\/proramillenote.it\/en\/wp-json\/wp\/v2\/product"}],"about":[{"href":"https:\/\/proramillenote.it\/en\/wp-json\/wp\/v2\/types\/product"}],"version-history":[{"count":0,"href":"https:\/\/proramillenote.it\/en\/wp-json\/wp\/v2\/product\/4336\/revisions"}],"wp:featuredmedia":[{"embeddable":true,"href":"https:\/\/proramillenote.it\/en\/wp-json\/wp\/v2\/media\/27701"}],"wp:attachment":[{"href":"https:\/\/proramillenote.it\/en\/wp-json\/wp\/v2\/media?parent=4336"}],"wp:term":[{"taxonomy":"product_brand","embeddable":true,"href":"https:\/\/proramillenote.it\/en\/wp-json\/wp\/v2\/product_brand?post=4336"},{"taxonomy":"product_cat","embeddable":true,"href":"https:\/\/proramillenote.it\/en\/wp-json\/wp\/v2\/product_cat?post=4336"},{"taxonomy":"product_tag","embeddable":true,"href":"https:\/\/proramillenote.it\/en\/wp-json\/wp\/v2\/product_tag?post=4336"}],"curies":[{"name":"wp","href":"https:\/\/api.w.org\/{rel}","templated":true}]}}