{"id":72365,"date":"2026-03-03T10:44:02","date_gmt":"2026-03-03T09:44:02","guid":{"rendered":"https:\/\/proramillenote.it\/?post_type=product&#038;p=72365"},"modified":"2025-06-09T14:45:19","modified_gmt":"2025-06-09T12:45:19","slug":"tailored-sticky-paper-cube-maxi-75x75x75mm-sku-262","status":"publish","type":"product","link":"https:\/\/proramillenote.it\/en\/tailored-sticky-paper-cube-maxi-75x75x75mm-sku-262\/","title":{"rendered":"Tailored sticky paper cube maxi 75\u00d775\u00d775mm"},"content":{"rendered":"<h2>Maxi post-it cube 75\u00d775\u00d775mm. Infinite visibility for your brand, with MOQ of 200 pcs<\/h2>\n<p>The <strong>tailored 7.5 cm post-it cube<\/strong> is the largest post-it cube in our collection. Moreover, the <strong>customized maxi post-it cube<\/strong>\u00a0has sticky notes measuring 75mm \u00d7 75mm, providing a highly usable surface for taking notes.<br \/>\nSince 1972, we at Proramillenote directly produce these specific <strong>large promotional cubes<\/strong>. Today, we offer them customized using new <strong>high-definition digital printing<\/strong> technology.<br \/>\nThis technology allows for reproducing high-quality colour images without needing setups. Consequently, it reduces minimum quantities and lowers overall supply costs.<\/p>\n<p><strong>A standard minimum supply includes:<\/strong><\/p>\n<ol>\n<li>Digital printing of 4 different colour images (one on each side of the cube),<\/li>\n<li>Offset printing on post-it notes with up to 4 colours.<\/li>\n<li>A minimum order of 200 cubes. If you require lower quantities, we offer the<br \/>\n<a href=\"https:\/\/proramillenote.it\/en\/customized-post-it-cube-69x69x69mm-sku-261\/\" target=\"_blank\" rel=\"noopener\">69mm \u00d7 69mm post-it cube<\/a> in an exceptional minimum order quantity of 40 pcs!<\/li>\n<\/ol>\n<h4><strong>Customize each cube with colourful and impactful graphics. Digital printing offers the opportunity to personalize the post-it cube with 4 images at the price of 1 image.<\/strong><\/h4>\n<p>For all these reasons, <strong>75 mm customized maxi post-it cubes<\/strong> serve as fruitful corporate gifts for multibrand advertising strategies and co-marketing. Present a customized maxi post-it cube; it is a gift always appreciated on the desk.<\/p>\n<p>When decorated with elegant graphics, it becomes an attractive element in any environment. Each customized note is helpful for marking notes and is removable, perfect as a bookmark for books and manuals. Ultimately, the personalized post-it cube is an eco-friendly corporate gadget, as it is made of paper and printed with water-based inks.<\/p>\n<p>If the corporate values you wish to promote lean towards eco-sustainable gadgets, you can choose <strong>post-it cubes made of recycled paper<\/strong> or <strong>post-it cubes made of FSC<sup>\u00ae<\/sup> paper<\/strong> with certified chain of custody. We will be happy if you make this choice; Proramillenote is FSC<sup>\u00ae<\/sup> certified!<\/p>\n<h3>Why select a large post-it cube as a corporate gadget?<\/h3>\n<p>Tailored maxi post-it cubes serve as useful gifts, and they are certainly not trivial. They are:<\/p>\n<ul>\n<li><strong><em>Original:<\/em><\/strong> when enriched with graphics designed by a communications professional that capture the public&#8217;s attention.<\/li>\n<li><strong><em>Eco-friendly and sustainable:<\/em><\/strong> they are a useful and socially responsible gift that clearly communicates your brand&#8217;s values.<\/li>\n<li><strong><em>Innovative multibrand and co-marketing gadgets:<\/em><\/strong> you can print the corporate logo on the notes and advertise 4 different products on the sides, in high definition, with impactful graphics.<\/li>\n<li><strong><em>Unique:<\/em><\/strong> they stand out very well and for a long time on the desk in any environment.<\/li>\n<li><strong><em>Creative:<\/em><\/strong> when enhanced by effective messages that stimulate interest and engagement.<\/li>\n<li><strong><em>Surprising:<\/em><\/strong> they generate a strong emotional impact! When they feature beautiful photographs, they can evoke emotions related to the moments captured in the shots. Also think to paper cubes as picture frames!<\/li>\n<li><strong>The tailored maxi post-it cube ensures infinite visibility for the brand:<\/strong> the customized maxi post-it cube consists of 750 post-it notes 75 mm \u00d7 75 mm. Using one post-it per day, the cube will last over 2 years. It ensures infinite visibility for your brand and optimizes the cost per contact.<\/li>\n<\/ul>\n<h3><strong>Technical<\/strong> features<strong> of the 7.5 cm adhesive paper cubes<\/strong><\/h3>\n<p><strong>Size:<\/strong> 75 mm \u00d7 75 mm \u00d7 75 mm<br \/>\n<strong>Post-it paper:<\/strong> 80 g\/m\u00b2 white colour<\/p>\n<h4>Paper options<\/h4>\n<ul>\n<li>80 g\/m\u00b2 post-it paper<\/li>\n<li>Recycled post-it paper<\/li>\n<li>FSC<sup>\u00ae<\/sup> post-it paper<\/li>\n<\/ul>\n<h4>Customization<\/h4>\n<ul>\n<li><strong>Sheet printing<\/strong>: offset printing up to 4 colours (Pantone colours or full-colour)<\/li>\n<li><strong>Side printing<\/strong>: digital printing up to <strong>4 different subjects<\/strong>, one for each side of the cube, edge-to-edge (without a white border) and <strong>without the need for setups<\/strong>!<\/li>\n<li><strong>Special formats upon request<\/strong><\/li>\n<\/ul>\n<h4>Packing<\/h4>\n<ul>\n<li>Each tailored maxi post-it cube is delivered in boxes<\/li>\n<li>Single packing in transparent heat-shrink film<\/li>\n<\/ul>\n<h6>MOQ: 200 cubes<\/h6>\n<blockquote class=\"bq\"><p><strong>Production by Proramillenote:<\/strong><br \/>\n<strong><a name=\"prod\"><\/a>The great advantage of buying from the manufacturer<\/strong><br \/>\nDesign, printing, and packing are fully completed in Italy by Proramillenote at its production site in Arcore (MB).<\/p>\n<ul>\n<li><strong>Economically advantageous:<\/strong> absence of commercial intermediaries.<\/li>\n<li><strong>Time advantageous:<\/strong> delivery in 3 weeks from approval of the proof. Each cube processing is different from the others!<\/li>\n<li><strong>Relationship advantageous:<\/strong> direct contact with back-office specialists for tailored requests.<\/li>\n<li><strong>Design advantageous:<\/strong> Proramillenote has an internal graphic office for developing custom drafts and finalizing print-ready files for your graphics.<\/li>\n<li><strong>Completely made in Italy<\/strong><\/li>\n<li><strong>FSC<sup>\u00ae<\/sup> certification C204005: if you are a company and do not want to interrupt the chain of custody, Proramillenote is your ideal partner.<\/strong><\/li>\n<\/ul>\n<\/blockquote>\n<p>Look at <a href=\"\/?product_tag=customized-paper-cubes\" target=\"_blank\" rel=\"noopener\">all the tailored paper cubes<\/a> post-it paper and mold-made paper.<\/p>\n","protected":false},"excerpt":{"rendered":"<p>Customized large post-it cube 7.5 cm: maxi post-it cube, up to 4 different images on the sides, high-definition color digital printing. Sheet printing from 1 up to 4 colours. Minimum order of 200 pieces. Suitable for multibrand campaigns and co-marketing.<\/p>\n","protected":false},"featured_media":71721,"template":"","meta":[],"product_brand":[5137],"product_cat":[3928,5228,3341,169],"product_tag":[1826,5519],"class_list":{"0":"post-72365","1":"product","2":"type-product","3":"status-publish","4":"has-post-thumbnail","6":"product_brand-proramillenote-manufacturer","7":"product_cat-customized-post-it-cubes-and-half-cubes","8":"product_cat-delivery-in-3-weeks","9":"product_cat-it-costs-between-1-and-2-euro","10":"product_cat-bespoke-sticky-notes-manufacturer","11":"product_tag-multibrand-gadget","12":"product_tag-paper-cubes","13":"pa_num-col-stampa-fogli-post-it-sheets-0-colours-printing-en","14":"pa_num-col-stampa-fogli-post-it-sheets-1-colour-printing-en","15":"pa_num-col-stampa-fogli-post-it-sheets-2-colours-printing-en","16":"pa_num-col-stampa-fogli-post-it-sheets-3-colours-printing-en-en","17":"pa_num-col-stampa-fogli-post-it-sheets-4-colours-printing-en","18":"pa_stampa-lati-numero-colori-digital-printing-on-the-sides","19":"pa_stampa-lati-numero-soggetti-print-sides-1-subject","20":"pa_stampa-lati-numero-soggetti-print-sides-2-subjects","21":"pa_stampa-lati-numero-soggetti-print-sides-3-subjects","22":"pa_stampa-lati-numero-soggetti-print-sides-4-subjects","23":"pa_tipo-di-carta-materiali-fsc-adhesive-paper","24":"pa_tipo-di-carta-materiali-recycled-post-it-paper","26":"first","27":"instock","28":"purchasable","29":"product-type-variable","30":"has-default-attributes"},"yoast_head":"<!-- This site is optimized with the Yoast SEO Premium plugin v27.3 (Yoast SEO v27.3) - https:\/\/yoast.com\/product\/yoast-seo-premium-wordpress\/ -->\n<title>Maxi adhesive paper cube 7.5 cm | 4 different images on the sides<\/title>\n<meta name=\"description\" content=\"Tailored maxi adhesive paper cube, 7.5 cm large post-it cube: 4 images on the sides, digital printing HD. Sheet offset printing 1-4 colors. MOQ 200 cubes.\" \/>\n<meta name=\"robots\" content=\"index, follow, max-snippet:-1, max-image-preview:large, max-video-preview:-1\" \/>\n<link rel=\"canonical\" href=\"https:\/\/proramillenote.it\/en\/tailored-sticky-paper-cube-maxi-75x75x75mm-sku-262\/\" \/>\n<meta property=\"og:locale\" content=\"en_US\" \/>\n<meta property=\"og:type\" content=\"article\" \/>\n<meta property=\"og:title\" content=\"Maxi adhesive paper cube 7.5 cm | 4 different images on the sides\" \/>\n<meta property=\"og:description\" content=\"Tailored maxi adhesive paper cube, 7.5 cm large post-it cube: 4 images on the sides, digital printing HD. Sheet offset printing 1-4 colors. MOQ 200 cubes.\" \/>\n<meta property=\"og:url\" content=\"https:\/\/proramillenote.it\/en\/tailored-sticky-paper-cube-maxi-75x75x75mm-sku-262\/\" \/>\n<meta property=\"og:site_name\" content=\"Corporate gadgets and custom post-it notes\" \/>\n<meta property=\"og:image\" content=\"https:\/\/proramillenote.it\/wp-content\/uploads\/Cubo_Amundi-post-it-personalizzato-proramillenote.webp?wsr\" \/>\n\t<meta property=\"og:image:width\" content=\"600\" \/>\n\t<meta property=\"og:image:height\" content=\"600\" \/>\n\t<meta property=\"og:image:type\" content=\"image\/webp\" \/>\n<meta name=\"twitter:card\" content=\"summary_large_image\" \/>\n<script type=\"application\/ld+json\" class=\"yoast-schema-graph\">{\"@context\":\"https:\\\/\\\/schema.org\",\"@graph\":[{\"@type\":\"WebPage\",\"@id\":\"https:\\\/\\\/proramillenote.it\\\/en\\\/tailored-sticky-paper-cube-maxi-75x75x75mm-sku-262\\\/\",\"url\":\"https:\\\/\\\/proramillenote.it\\\/en\\\/tailored-sticky-paper-cube-maxi-75x75x75mm-sku-262\\\/\",\"name\":\"Maxi adhesive paper cube 7.5 cm | 4 different images on the sides\",\"isPartOf\":{\"@id\":\"https:\\\/\\\/proramillenote.it\\\/en\\\/#website\"},\"primaryImageOfPage\":{\"@id\":\"https:\\\/\\\/proramillenote.it\\\/en\\\/tailored-sticky-paper-cube-maxi-75x75x75mm-sku-262\\\/#primaryimage\"},\"image\":{\"@id\":\"https:\\\/\\\/proramillenote.it\\\/en\\\/tailored-sticky-paper-cube-maxi-75x75x75mm-sku-262\\\/#primaryimage\"},\"thumbnailUrl\":\"https:\\\/\\\/proramillenote.it\\\/wp-content\\\/uploads\\\/Cubo_Amundi-post-it-personalizzato-proramillenote.webp?wsr\",\"datePublished\":\"2026-03-03T09:44:02+00:00\",\"description\":\"Tailored maxi adhesive paper cube, 7.5 cm large post-it cube: 4 images on the sides, digital printing HD. Sheet offset printing 1-4 colors. MOQ 200 cubes.\",\"breadcrumb\":{\"@id\":\"https:\\\/\\\/proramillenote.it\\\/en\\\/tailored-sticky-paper-cube-maxi-75x75x75mm-sku-262\\\/#breadcrumb\"},\"inLanguage\":\"en-EN\",\"potentialAction\":[{\"@type\":\"ReadAction\",\"target\":[\"https:\\\/\\\/proramillenote.it\\\/en\\\/tailored-sticky-paper-cube-maxi-75x75x75mm-sku-262\\\/\"]}]},{\"@type\":\"ImageObject\",\"inLanguage\":\"en-EN\",\"@id\":\"https:\\\/\\\/proramillenote.it\\\/en\\\/tailored-sticky-paper-cube-maxi-75x75x75mm-sku-262\\\/#primaryimage\",\"url\":\"https:\\\/\\\/proramillenote.it\\\/wp-content\\\/uploads\\\/Cubo_Amundi-post-it-personalizzato-proramillenote.webp?wsr\",\"contentUrl\":\"https:\\\/\\\/proramillenote.it\\\/wp-content\\\/uploads\\\/Cubo_Amundi-post-it-personalizzato-proramillenote.webp?wsr\",\"width\":600,\"height\":600,\"caption\":\"Custom cube sticky notes cube. Subject Amundi. By proramillenote\"},{\"@type\":\"BreadcrumbList\",\"@id\":\"https:\\\/\\\/proramillenote.it\\\/en\\\/tailored-sticky-paper-cube-maxi-75x75x75mm-sku-262\\\/#breadcrumb\",\"itemListElement\":[{\"@type\":\"ListItem\",\"position\":1,\"name\":\"Proramillenote\",\"item\":\"https:\\\/\\\/proramillenote.it\\\/en\\\/\"},{\"@type\":\"ListItem\",\"position\":2,\"name\":\"Tailored sticky paper cube maxi 75\u00d775\u00d775mm\"}]},{\"@type\":\"WebSite\",\"@id\":\"https:\\\/\\\/proramillenote.it\\\/en\\\/#website\",\"url\":\"https:\\\/\\\/proramillenote.it\\\/en\\\/\",\"name\":\"Proramillenote gadget aziendali e post-it personalizzati\",\"description\":\"\",\"publisher\":{\"@id\":\"https:\\\/\\\/proramillenote.it\\\/en\\\/#organization\"},\"alternateName\":\"Proramillenote\",\"potentialAction\":[{\"@type\":\"SearchAction\",\"target\":{\"@type\":\"EntryPoint\",\"urlTemplate\":\"https:\\\/\\\/proramillenote.it\\\/en\\\/?s={search_term_string}\"},\"query-input\":{\"@type\":\"PropertyValueSpecification\",\"valueRequired\":true,\"valueName\":\"search_term_string\"}}],\"inLanguage\":\"en-EN\"},{\"@type\":\"Organization\",\"@id\":\"https:\\\/\\\/proramillenote.it\\\/en\\\/#organization\",\"name\":\"Proramillenote corporate gadgets and custom post-it notes\",\"alternateName\":\"Proramillenote\",\"url\":\"https:\\\/\\\/proramillenote.it\\\/en\\\/\",\"logo\":{\"@type\":\"ImageObject\",\"inLanguage\":\"en-EN\",\"@id\":\"https:\\\/\\\/proramillenote.it\\\/en\\\/#\\\/schema\\\/logo\\\/image\\\/\",\"url\":\"https:\\\/\\\/proramillenote.it\\\/wp-content\\\/uploads\\\/papercube800.png?wsr\",\"contentUrl\":\"https:\\\/\\\/proramillenote.it\\\/wp-content\\\/uploads\\\/papercube800.png?wsr\",\"width\":800,\"height\":800,\"caption\":\"Proramillenote corporate gadgets and custom post-it notes\"},\"image\":{\"@id\":\"https:\\\/\\\/proramillenote.it\\\/en\\\/#\\\/schema\\\/logo\\\/image\\\/\"},\"description\":\"\u2022 Specialista in produzione e commercio di gadget per medici e gadget per veterinari personalizzati. \u2022 Produzione di gadget aziendali per qualsiasi settore merceologico dal 1975. \u2022 Produttore di post-it personalizzati, post-it sagomati e cubi di carta personalizzati in stampa digitale oppure offset. Produttore di block-notes con logo. \u2022 Con cartotecnica creativa progettiamo KIT di post-it su misura, Made in Italy e di design italiano, insigniti del prestigioso premio europeo PGA Promotional Gift Award. \u2022 Concorso #Ossoduro \\\"Design di brand reminder da scrivania innovativi\\\" concepito per incoraggiare la creativit\u00e0 degli studenti di scuole secondarie di design e grafica. Annuale - Ed.7\u00b0 2024-2025. \u2022 Proramillenote \u00e8 produttore accreditato EUDAMED per la fornitura di DMClasse I \u2022 Proramillenote \u00e8 certificata FSC\u00ae Chain of custody.\",\"email\":\"customercare@proramillenote.it\",\"telephone\":\"+39 039616593\",\"legalName\":\"Proramillenote Srl\",\"foundingDate\":\"1972-01-01\",\"vatID\":\"10323920966\",\"taxID\":\"10323920966\",\"numberOfEmployees\":{\"@type\":\"QuantitativeValue\",\"minValue\":\"11\",\"maxValue\":\"50\"},\"publishingPrinciples\":\"https:\\\/\\\/proramillenote.it\\\/politica-su-etica\\\/\",\"ownershipFundingInfo\":\"https:\\\/\\\/proramillenote.it\\\/politica-su-etica\\\/\",\"actionableFeedbackPolicy\":\"https:\\\/\\\/proramillenote.it\\\/politica-su-etica\\\/\",\"correctionsPolicy\":\"https:\\\/\\\/proramillenote.it\\\/politica-su-etica\\\/\",\"ethicsPolicy\":\"https:\\\/\\\/proramillenote.it\\\/politica-su-etica\\\/\",\"diversityPolicy\":\"https:\\\/\\\/proramillenote.it\\\/politica-su-etica\\\/\",\"diversityStaffingReport\":\"https:\\\/\\\/proramillenote.it\\\/politica-su-etica\\\/\"}]}<\/script>\n<meta property=\"product:brand\" content=\"Proramillenote manufacturer\" \/>\n<meta property=\"og:availability\" content=\"instock\" \/>\n<meta property=\"product:availability\" content=\"instock\" \/>\n<meta property=\"product:retailer_item_id\" content=\"262\" \/>\n<meta property=\"product:condition\" content=\"new\" \/>\n<!-- \/ Yoast SEO Premium plugin. -->","yoast_head_json":{"title":"Maxi adhesive paper cube 7.5 cm | 4 different images on the sides","description":"Tailored maxi adhesive paper cube, 7.5 cm large post-it cube: 4 images on the sides, digital printing HD. Sheet offset printing 1-4 colors. MOQ 200 cubes.","robots":{"index":"index","follow":"follow","max-snippet":"max-snippet:-1","max-image-preview":"max-image-preview:large","max-video-preview":"max-video-preview:-1"},"canonical":"https:\/\/proramillenote.it\/en\/tailored-sticky-paper-cube-maxi-75x75x75mm-sku-262\/","og_locale":"en_US","og_type":"article","og_title":"Maxi adhesive paper cube 7.5 cm | 4 different images on the sides","og_description":"Tailored maxi adhesive paper cube, 7.5 cm large post-it cube: 4 images on the sides, digital printing HD. Sheet offset printing 1-4 colors. MOQ 200 cubes.","og_url":"https:\/\/proramillenote.it\/en\/tailored-sticky-paper-cube-maxi-75x75x75mm-sku-262\/","og_site_name":"Corporate gadgets and custom post-it notes","og_image":[{"width":600,"height":600,"url":"https:\/\/proramillenote.it\/wp-content\/uploads\/Cubo_Amundi-post-it-personalizzato-proramillenote.webp?wsr","type":"image\/webp"}],"twitter_card":"summary_large_image","schema":{"@context":"https:\/\/schema.org","@graph":[{"@type":"WebPage","@id":"https:\/\/proramillenote.it\/en\/tailored-sticky-paper-cube-maxi-75x75x75mm-sku-262\/","url":"https:\/\/proramillenote.it\/en\/tailored-sticky-paper-cube-maxi-75x75x75mm-sku-262\/","name":"Maxi adhesive paper cube 7.5 cm | 4 different images on the sides","isPartOf":{"@id":"https:\/\/proramillenote.it\/en\/#website"},"primaryImageOfPage":{"@id":"https:\/\/proramillenote.it\/en\/tailored-sticky-paper-cube-maxi-75x75x75mm-sku-262\/#primaryimage"},"image":{"@id":"https:\/\/proramillenote.it\/en\/tailored-sticky-paper-cube-maxi-75x75x75mm-sku-262\/#primaryimage"},"thumbnailUrl":"https:\/\/proramillenote.it\/wp-content\/uploads\/Cubo_Amundi-post-it-personalizzato-proramillenote.webp?wsr","datePublished":"2026-03-03T09:44:02+00:00","description":"Tailored maxi adhesive paper cube, 7.5 cm large post-it cube: 4 images on the sides, digital printing HD. Sheet offset printing 1-4 colors. MOQ 200 cubes.","breadcrumb":{"@id":"https:\/\/proramillenote.it\/en\/tailored-sticky-paper-cube-maxi-75x75x75mm-sku-262\/#breadcrumb"},"inLanguage":"en-EN","potentialAction":[{"@type":"ReadAction","target":["https:\/\/proramillenote.it\/en\/tailored-sticky-paper-cube-maxi-75x75x75mm-sku-262\/"]}]},{"@type":"ImageObject","inLanguage":"en-EN","@id":"https:\/\/proramillenote.it\/en\/tailored-sticky-paper-cube-maxi-75x75x75mm-sku-262\/#primaryimage","url":"https:\/\/proramillenote.it\/wp-content\/uploads\/Cubo_Amundi-post-it-personalizzato-proramillenote.webp?wsr","contentUrl":"https:\/\/proramillenote.it\/wp-content\/uploads\/Cubo_Amundi-post-it-personalizzato-proramillenote.webp?wsr","width":600,"height":600,"caption":"Custom cube sticky notes cube. Subject Amundi. By proramillenote"},{"@type":"BreadcrumbList","@id":"https:\/\/proramillenote.it\/en\/tailored-sticky-paper-cube-maxi-75x75x75mm-sku-262\/#breadcrumb","itemListElement":[{"@type":"ListItem","position":1,"name":"Proramillenote","item":"https:\/\/proramillenote.it\/en\/"},{"@type":"ListItem","position":2,"name":"Tailored sticky paper cube maxi 75\u00d775\u00d775mm"}]},{"@type":"WebSite","@id":"https:\/\/proramillenote.it\/en\/#website","url":"https:\/\/proramillenote.it\/en\/","name":"Proramillenote gadget aziendali e post-it personalizzati","description":"","publisher":{"@id":"https:\/\/proramillenote.it\/en\/#organization"},"alternateName":"Proramillenote","potentialAction":[{"@type":"SearchAction","target":{"@type":"EntryPoint","urlTemplate":"https:\/\/proramillenote.it\/en\/?s={search_term_string}"},"query-input":{"@type":"PropertyValueSpecification","valueRequired":true,"valueName":"search_term_string"}}],"inLanguage":"en-EN"},{"@type":"Organization","@id":"https:\/\/proramillenote.it\/en\/#organization","name":"Proramillenote corporate gadgets and custom post-it notes","alternateName":"Proramillenote","url":"https:\/\/proramillenote.it\/en\/","logo":{"@type":"ImageObject","inLanguage":"en-EN","@id":"https:\/\/proramillenote.it\/en\/#\/schema\/logo\/image\/","url":"https:\/\/proramillenote.it\/wp-content\/uploads\/papercube800.png?wsr","contentUrl":"https:\/\/proramillenote.it\/wp-content\/uploads\/papercube800.png?wsr","width":800,"height":800,"caption":"Proramillenote corporate gadgets and custom post-it notes"},"image":{"@id":"https:\/\/proramillenote.it\/en\/#\/schema\/logo\/image\/"},"description":"\u2022 Specialista in produzione e commercio di gadget per medici e gadget per veterinari personalizzati. \u2022 Produzione di gadget aziendali per qualsiasi settore merceologico dal 1975. \u2022 Produttore di post-it personalizzati, post-it sagomati e cubi di carta personalizzati in stampa digitale oppure offset. Produttore di block-notes con logo. \u2022 Con cartotecnica creativa progettiamo KIT di post-it su misura, Made in Italy e di design italiano, insigniti del prestigioso premio europeo PGA Promotional Gift Award. \u2022 Concorso #Ossoduro \"Design di brand reminder da scrivania innovativi\" concepito per incoraggiare la creativit\u00e0 degli studenti di scuole secondarie di design e grafica. Annuale - Ed.7\u00b0 2024-2025. \u2022 Proramillenote \u00e8 produttore accreditato EUDAMED per la fornitura di DMClasse I \u2022 Proramillenote \u00e8 certificata FSC\u00ae Chain of custody.","email":"customercare@proramillenote.it","telephone":"+39 039616593","legalName":"Proramillenote Srl","foundingDate":"1972-01-01","vatID":"10323920966","taxID":"10323920966","numberOfEmployees":{"@type":"QuantitativeValue","minValue":"11","maxValue":"50"},"publishingPrinciples":"https:\/\/proramillenote.it\/politica-su-etica\/","ownershipFundingInfo":"https:\/\/proramillenote.it\/politica-su-etica\/","actionableFeedbackPolicy":"https:\/\/proramillenote.it\/politica-su-etica\/","correctionsPolicy":"https:\/\/proramillenote.it\/politica-su-etica\/","ethicsPolicy":"https:\/\/proramillenote.it\/politica-su-etica\/","diversityPolicy":"https:\/\/proramillenote.it\/politica-su-etica\/","diversityStaffingReport":"https:\/\/proramillenote.it\/politica-su-etica\/"}]},"product_brand":"Proramillenote manufacturer","og_availability":"instock","product_availability":"instock","product_retailer_item_id":"262","product_condition":"new"},"_links":{"self":[{"href":"https:\/\/proramillenote.it\/en\/wp-json\/wp\/v2\/product\/72365","targetHints":{"allow":["GET"]}}],"collection":[{"href":"https:\/\/proramillenote.it\/en\/wp-json\/wp\/v2\/product"}],"about":[{"href":"https:\/\/proramillenote.it\/en\/wp-json\/wp\/v2\/types\/product"}],"version-history":[{"count":0,"href":"https:\/\/proramillenote.it\/en\/wp-json\/wp\/v2\/product\/72365\/revisions"}],"wp:featuredmedia":[{"embeddable":true,"href":"https:\/\/proramillenote.it\/en\/wp-json\/wp\/v2\/media\/71721"}],"wp:attachment":[{"href":"https:\/\/proramillenote.it\/en\/wp-json\/wp\/v2\/media?parent=72365"}],"wp:term":[{"taxonomy":"product_brand","embeddable":true,"href":"https:\/\/proramillenote.it\/en\/wp-json\/wp\/v2\/product_brand?post=72365"},{"taxonomy":"product_cat","embeddable":true,"href":"https:\/\/proramillenote.it\/en\/wp-json\/wp\/v2\/product_cat?post=72365"},{"taxonomy":"product_tag","embeddable":true,"href":"https:\/\/proramillenote.it\/en\/wp-json\/wp\/v2\/product_tag?post=72365"}],"curies":[{"name":"wp","href":"https:\/\/api.w.org\/{rel}","templated":true}]}}