{"id":82989,"date":"2025-07-04T10:39:52","date_gmt":"2025-07-04T08:39:52","guid":{"rendered":"https:\/\/proramillenote.it\/?page_id=82989"},"modified":"2025-07-14T12:26:04","modified_gmt":"2025-07-14T10:26:04","slug":"declaration-daccessibilite","status":"publish","type":"page","link":"https:\/\/proramillenote.it\/fr\/declaration-daccessibilite\/","title":{"rendered":"D\u00e9claration d\u2019accessibilit\u00e9"},"content":{"rendered":"\t\t<div data-elementor-type=\"wp-page\" data-elementor-id=\"82989\" class=\"elementor elementor-82989 elementor-82969\" data-elementor-post-type=\"page\">\n\t\t\t\t<div class=\"elementor-element elementor-element-e03e971 e-con-full e-flex e-con e-parent\" data-id=\"e03e971\" data-element_type=\"container\" data-e-type=\"container\">\n\t\t\t\t<div class=\"elementor-element elementor-element-b278185 elementor-widget elementor-widget-heading\" data-id=\"b278185\" data-element_type=\"widget\" data-e-type=\"widget\" data-widget_type=\"heading.default\">\n\t\t\t\t<div class=\"elementor-widget-container\">\n\t\t\t\t\t<h2 class=\"elementor-heading-title elementor-size-default\">D\u00e9claration d\u2019accessibilit\u00e9 pour www.proramillenote.it<\/h2>\t\t\t\t<\/div>\n\t\t\t\t<\/div>\n\t\t\t\t<div class=\"elementor-element elementor-element-6ddb3c54 elementor-widget elementor-widget-text-editor\" data-id=\"6ddb3c54\" data-element_type=\"widget\" data-e-type=\"widget\" data-widget_type=\"text-editor.default\">\n\t\t\t\t<div class=\"elementor-widget-container\">\n\t\t\t\t\t\t\t\t\t<p><strong>Proramillenote SRL<\/strong> s\u2019engage \u00e0 assurer l\u2019accessibilit\u00e9 num\u00e9rique pour les personnes handicap\u00e9es. Nous continuons d\u2019am\u00e9liorer l\u2019exp\u00e9rience utilisateur pour tous et d\u2019appliquer les normes d\u2019accessibilit\u00e9 pertinentes.<\/p><h2><span style=\"color: #ff6600;\">\u00c9tat de conformit\u00e9<\/span><\/h2><p>Les R\u00e8gles pour l\u2019accessibilit\u00e9 des contenus Web (WCAG) d\u00e9finissent les exigences impos\u00e9es aux concepteurs et aux d\u00e9veloppeurs pour am\u00e9liorer l\u2019accessibilit\u00e9 pour les personnes handicap\u00e9es. Les lignes directrices pr\u00e9voient trois niveaux de conformit\u00e9 : le niveau A, le niveau AA et le niveau AAA.<\/p><p><span style=\"color: #ff6600;\"><strong>Proramillenote SRL<\/strong><\/span> s\u2019engage constamment \u00e0 am\u00e9liorer l\u2019accessibilit\u00e9 de son site web et de ses services, estimant qu\u2019il est de notre devoir moral collectif de permettre une utilisation sans entrave et accessible \u00e0 tous, y compris aux personnes handicap\u00e9es.<\/p><p>Notre objectif est de rendre toutes les pages et le contenu de <strong>www.proramillenote.it<\/strong> accessibles, m\u00eame si certains contenus ne r\u00e9pondent pas encore enti\u00e8rement aux normes d\u2019accessibilit\u00e9 les plus \u00e9lev\u00e9es. Cela peut \u00eatre d\u00fb \u00e0 des difficult\u00e9s \u00e0 trouver la solution technologique la plus appropri\u00e9e.<\/p><p>Nous pouvons mettre \u00e0 jour cette d\u00e9claration de temps \u00e0 autre pour refl\u00e9ter des am\u00e9liorations ou des changements dans nos pratiques d\u2019accessibilit\u00e9.<\/p><h2><span style=\"color: #ff6600;\">R\u00e9troaction<\/span><\/h2><p>Nous vous invitons \u00e0 nous faire part de vos points de vue sur l\u2019accessibilit\u00e9 du site web de <strong>Proramillenote SRL<\/strong>. Veuillez signaler tout obstacle \u00e0 l\u2019accessibilit\u00e9 que vous rencontrez sur notre site Web :<\/p><p><strong><span style=\"color: #ff6600;\">Courriel :<\/span> customercare@proramillenote.it<\/strong><\/p><p>Nous essaierons de r\u00e9pondre \u00e0 vos signalements dans un d\u00e9lai de 3 \u00e0 5 jours ouvrables.<\/p><p>Cette d\u00e9claration a \u00e9t\u00e9 cr\u00e9\u00e9e le 04\/07\/2025.<\/p>\t\t\t\t\t\t\t\t<\/div>\n\t\t\t\t<\/div>\n\t\t\t\t<\/div>\n\t\t\t\t<\/div>\n\t\t","protected":false},"excerpt":{"rendered":"<p>D\u00e9claration d\u2019accessibilit\u00e9 pour www.proramillenote.it Proramillenote SRL s\u2019engage \u00e0 assurer l\u2019accessibilit\u00e9 num\u00e9rique pour les personnes handicap\u00e9es. Nous continuons d\u2019am\u00e9liorer l\u2019exp\u00e9rience utilisateur pour tous et d\u2019appliquer les normes d\u2019accessibilit\u00e9 pertinentes. \u00c9tat de conformit\u00e9 Les R\u00e8gles pour l\u2019accessibilit\u00e9 des contenus Web (WCAG) d\u00e9finissent les exigences impos\u00e9es aux concepteurs et aux d\u00e9veloppeurs pour am\u00e9liorer l\u2019accessibilit\u00e9 pour les personnes handicap\u00e9es. [&hellip;]<\/p>\n","protected":false},"author":335,"featured_media":0,"parent":0,"menu_order":0,"comment_status":"closed","ping_status":"closed","template":"","meta":{"footnotes":""},"class_list":["post-82989","page","type-page","status-publish","hentry"],"yoast_head":"<!-- This site is optimized with the Yoast SEO Premium plugin v27.2 (Yoast SEO v27.2) - https:\/\/yoast.com\/product\/yoast-seo-premium-wordpress\/ -->\n<title>D\u00e9claration d\u2019accessibilit\u00e9 | Gadget aziendali e post-it personalizzati<\/title>\n<meta name=\"robots\" content=\"index, follow, max-snippet:-1, max-image-preview:large, max-video-preview:-1\" \/>\n<link rel=\"canonical\" href=\"https:\/\/proramillenote.it\/fr\/declaration-daccessibilite\/\" \/>\n<meta property=\"og:locale\" content=\"fr_FR\" \/>\n<meta property=\"og:type\" content=\"article\" \/>\n<meta property=\"og:title\" content=\"D\u00e9claration d\u2019accessibilit\u00e9 | Gadget aziendali e post-it personalizzati\" \/>\n<meta property=\"og:description\" content=\"D\u00e9claration d\u2019accessibilit\u00e9 pour www.proramillenote.it Proramillenote SRL s\u2019engage \u00e0 assurer l\u2019accessibilit\u00e9 num\u00e9rique pour les personnes handicap\u00e9es. Nous continuons d\u2019am\u00e9liorer l\u2019exp\u00e9rience utilisateur pour tous et d\u2019appliquer les normes d\u2019accessibilit\u00e9 pertinentes. \u00c9tat de conformit\u00e9 Les R\u00e8gles pour l\u2019accessibilit\u00e9 des contenus Web (WCAG) d\u00e9finissent les exigences impos\u00e9es aux concepteurs et aux d\u00e9veloppeurs pour am\u00e9liorer l\u2019accessibilit\u00e9 pour les personnes handicap\u00e9es. [&hellip;]\" \/>\n<meta property=\"og:url\" content=\"https:\/\/proramillenote.it\/fr\/declaration-daccessibilite\/\" \/>\n<meta property=\"og:site_name\" content=\"Gadget aziendali e post-it personalizzati\" \/>\n<meta property=\"article:modified_time\" content=\"2025-07-14T10:26:04+00:00\" \/>\n<meta property=\"og:image\" content=\"https:\/\/proramillenote.it\/wp-content\/uploads\/PRORALOGO-1200x675-yoast.webp?wsr\" \/>\n\t<meta property=\"og:image:width\" content=\"1200\" \/>\n\t<meta property=\"og:image:height\" content=\"675\" \/>\n\t<meta property=\"og:image:type\" content=\"image\/webp\" \/>\n<meta name=\"twitter:card\" content=\"summary_large_image\" \/>\n<script type=\"application\/ld+json\" class=\"yoast-schema-graph\">{\"@context\":\"https:\/\/schema.org\",\"@graph\":[{\"@type\":\"WebPage\",\"@id\":\"https:\/\/proramillenote.it\/fr\/declaration-daccessibilite\/\",\"url\":\"https:\/\/proramillenote.it\/fr\/declaration-daccessibilite\/\",\"name\":\"D\u00e9claration d\u2019accessibilit\u00e9 | Gadget aziendali e post-it personalizzati\",\"isPartOf\":{\"@id\":\"https:\/\/proramillenote.it\/fr\/#website\"},\"datePublished\":\"2025-07-04T08:39:52+00:00\",\"dateModified\":\"2025-07-14T10:26:04+00:00\",\"breadcrumb\":{\"@id\":\"https:\/\/proramillenote.it\/fr\/declaration-daccessibilite\/#breadcrumb\"},\"inLanguage\":\"fr-FR\",\"potentialAction\":[{\"@type\":\"ReadAction\",\"target\":[\"https:\/\/proramillenote.it\/fr\/declaration-daccessibilite\/\"]}]},{\"@type\":\"BreadcrumbList\",\"@id\":\"https:\/\/proramillenote.it\/fr\/declaration-daccessibilite\/#breadcrumb\",\"itemListElement\":[{\"@type\":\"ListItem\",\"position\":1,\"name\":\"Proramillenote\",\"item\":\"https:\/\/proramillenote.it\/fr\/\"},{\"@type\":\"ListItem\",\"position\":2,\"name\":\"D\u00e9claration d\u2019accessibilit\u00e9\"}]},{\"@type\":\"WebSite\",\"@id\":\"https:\/\/proramillenote.it\/fr\/#website\",\"url\":\"https:\/\/proramillenote.it\/fr\/\",\"name\":\"Proramillenote gadget aziendali e post-it personalizzati\",\"description\":\"Post-it personalizzati, block notes con logo e gadget aziendali per il marketing B2B. Specialisti in gadget promozionali per medici e aziende farmaceutiche.\",\"publisher\":{\"@id\":\"https:\/\/proramillenote.it\/fr\/#organization\"},\"alternateName\":\"Proramillenote\",\"potentialAction\":[{\"@type\":\"SearchAction\",\"target\":{\"@type\":\"EntryPoint\",\"urlTemplate\":\"https:\/\/proramillenote.it\/fr\/?s={search_term_string}\"},\"query-input\":{\"@type\":\"PropertyValueSpecification\",\"valueRequired\":true,\"valueName\":\"search_term_string\"}}],\"inLanguage\":\"fr-FR\"},{\"@type\":\"Organization\",\"@id\":\"https:\/\/proramillenote.it\/fr\/#organization\",\"name\":\"Proramillenote gadget aziendali e post-it personalizzati\",\"alternateName\":\"Proramillenote\",\"url\":\"https:\/\/proramillenote.it\/fr\/\",\"logo\":{\"@type\":\"ImageObject\",\"inLanguage\":\"fr-FR\",\"@id\":\"https:\/\/proramillenote.it\/fr\/#\/schema\/logo\/image\/\",\"url\":\"https:\/\/proramillenote.it\/wp-content\/uploads\/papercube800.png?wsr\",\"contentUrl\":\"https:\/\/proramillenote.it\/wp-content\/uploads\/papercube800.png?wsr\",\"width\":800,\"height\":800,\"caption\":\"Proramillenote gadget aziendali e post-it personalizzati\"},\"image\":{\"@id\":\"https:\/\/proramillenote.it\/fr\/#\/schema\/logo\/image\/\"},\"description\":\"\u2022 Specialista in produzione e commercio di gadget per medici e gadget per veterinari personalizzati. \u2022 Produzione di gadget aziendali per qualsiasi settore merceologico dal 1975. \u2022 Produttore di post-it personalizzati, post-it sagomati e cubi di carta personalizzati in stampa digitale oppure offset. Produttore di block-notes con logo. \u2022 Con cartotecnica creativa progettiamo KIT di post-it su misura, Made in Italy e di design italiano, insigniti del prestigioso premio europeo PGA Promotional Gift Award. \u2022 Concorso #Ossoduro \\\"Design di brand reminder da scrivania innovativi\\\" concepito per incoraggiare la creativit\u00e0 degli studenti di scuole secondarie di design e grafica. Annuale - Ed.7\u00b0 2024-2025. \u2022 Proramillenote \u00e8 produttore accreditato EUDAMED per la fornitura di DMClasse I \u2022 Proramillenote \u00e8 certificata FSC\u00ae Chain of custody.\",\"email\":\"customercare@proramillenote.it\",\"telephone\":\"+39 039616593\",\"legalName\":\"Proramillenote Srl\",\"foundingDate\":\"1972-01-01\",\"vatID\":\"10323920966\",\"taxID\":\"10323920966\",\"numberOfEmployees\":{\"@type\":\"QuantitativeValue\",\"minValue\":\"11\",\"maxValue\":\"50\"},\"publishingPrinciples\":\"https:\/\/proramillenote.it\/politica-su-etica\/\",\"ownershipFundingInfo\":\"https:\/\/proramillenote.it\/politica-su-etica\/\",\"actionableFeedbackPolicy\":\"https:\/\/proramillenote.it\/politica-su-etica\/\",\"correctionsPolicy\":\"https:\/\/proramillenote.it\/politica-su-etica\/\",\"ethicsPolicy\":\"https:\/\/proramillenote.it\/politica-su-etica\/\",\"diversityPolicy\":\"https:\/\/proramillenote.it\/politica-su-etica\/\",\"diversityStaffingReport\":\"https:\/\/proramillenote.it\/politica-su-etica\/\"}]}<\/script>\n<!-- \/ Yoast SEO Premium plugin. -->","yoast_head_json":{"title":"D\u00e9claration d\u2019accessibilit\u00e9 | Gadget aziendali e post-it personalizzati","robots":{"index":"index","follow":"follow","max-snippet":"max-snippet:-1","max-image-preview":"max-image-preview:large","max-video-preview":"max-video-preview:-1"},"canonical":"https:\/\/proramillenote.it\/fr\/declaration-daccessibilite\/","og_locale":"fr_FR","og_type":"article","og_title":"D\u00e9claration d\u2019accessibilit\u00e9 | Gadget aziendali e post-it personalizzati","og_description":"D\u00e9claration d\u2019accessibilit\u00e9 pour www.proramillenote.it Proramillenote SRL s\u2019engage \u00e0 assurer l\u2019accessibilit\u00e9 num\u00e9rique pour les personnes handicap\u00e9es. Nous continuons d\u2019am\u00e9liorer l\u2019exp\u00e9rience utilisateur pour tous et d\u2019appliquer les normes d\u2019accessibilit\u00e9 pertinentes. \u00c9tat de conformit\u00e9 Les R\u00e8gles pour l\u2019accessibilit\u00e9 des contenus Web (WCAG) d\u00e9finissent les exigences impos\u00e9es aux concepteurs et aux d\u00e9veloppeurs pour am\u00e9liorer l\u2019accessibilit\u00e9 pour les personnes handicap\u00e9es. [&hellip;]","og_url":"https:\/\/proramillenote.it\/fr\/declaration-daccessibilite\/","og_site_name":"Gadget aziendali e post-it personalizzati","article_modified_time":"2025-07-14T10:26:04+00:00","og_image":[{"width":1200,"height":675,"url":"https:\/\/proramillenote.it\/wp-content\/uploads\/PRORALOGO-1200x675-yoast.webp?wsr","type":"image\/webp"}],"twitter_card":"summary_large_image","schema":{"@context":"https:\/\/schema.org","@graph":[{"@type":"WebPage","@id":"https:\/\/proramillenote.it\/fr\/declaration-daccessibilite\/","url":"https:\/\/proramillenote.it\/fr\/declaration-daccessibilite\/","name":"D\u00e9claration d\u2019accessibilit\u00e9 | Gadget aziendali e post-it personalizzati","isPartOf":{"@id":"https:\/\/proramillenote.it\/fr\/#website"},"datePublished":"2025-07-04T08:39:52+00:00","dateModified":"2025-07-14T10:26:04+00:00","breadcrumb":{"@id":"https:\/\/proramillenote.it\/fr\/declaration-daccessibilite\/#breadcrumb"},"inLanguage":"fr-FR","potentialAction":[{"@type":"ReadAction","target":["https:\/\/proramillenote.it\/fr\/declaration-daccessibilite\/"]}]},{"@type":"BreadcrumbList","@id":"https:\/\/proramillenote.it\/fr\/declaration-daccessibilite\/#breadcrumb","itemListElement":[{"@type":"ListItem","position":1,"name":"Proramillenote","item":"https:\/\/proramillenote.it\/fr\/"},{"@type":"ListItem","position":2,"name":"D\u00e9claration d\u2019accessibilit\u00e9"}]},{"@type":"WebSite","@id":"https:\/\/proramillenote.it\/fr\/#website","url":"https:\/\/proramillenote.it\/fr\/","name":"Proramillenote gadget aziendali e post-it personalizzati","description":"Post-it personalizzati, block notes con logo e gadget aziendali per il marketing B2B. Specialisti in gadget promozionali per medici e aziende farmaceutiche.","publisher":{"@id":"https:\/\/proramillenote.it\/fr\/#organization"},"alternateName":"Proramillenote","potentialAction":[{"@type":"SearchAction","target":{"@type":"EntryPoint","urlTemplate":"https:\/\/proramillenote.it\/fr\/?s={search_term_string}"},"query-input":{"@type":"PropertyValueSpecification","valueRequired":true,"valueName":"search_term_string"}}],"inLanguage":"fr-FR"},{"@type":"Organization","@id":"https:\/\/proramillenote.it\/fr\/#organization","name":"Proramillenote gadget aziendali e post-it personalizzati","alternateName":"Proramillenote","url":"https:\/\/proramillenote.it\/fr\/","logo":{"@type":"ImageObject","inLanguage":"fr-FR","@id":"https:\/\/proramillenote.it\/fr\/#\/schema\/logo\/image\/","url":"https:\/\/proramillenote.it\/wp-content\/uploads\/papercube800.png?wsr","contentUrl":"https:\/\/proramillenote.it\/wp-content\/uploads\/papercube800.png?wsr","width":800,"height":800,"caption":"Proramillenote gadget aziendali e post-it personalizzati"},"image":{"@id":"https:\/\/proramillenote.it\/fr\/#\/schema\/logo\/image\/"},"description":"\u2022 Specialista in produzione e commercio di gadget per medici e gadget per veterinari personalizzati. \u2022 Produzione di gadget aziendali per qualsiasi settore merceologico dal 1975. \u2022 Produttore di post-it personalizzati, post-it sagomati e cubi di carta personalizzati in stampa digitale oppure offset. Produttore di block-notes con logo. \u2022 Con cartotecnica creativa progettiamo KIT di post-it su misura, Made in Italy e di design italiano, insigniti del prestigioso premio europeo PGA Promotional Gift Award. \u2022 Concorso #Ossoduro \"Design di brand reminder da scrivania innovativi\" concepito per incoraggiare la creativit\u00e0 degli studenti di scuole secondarie di design e grafica. Annuale - Ed.7\u00b0 2024-2025. \u2022 Proramillenote \u00e8 produttore accreditato EUDAMED per la fornitura di DMClasse I \u2022 Proramillenote \u00e8 certificata FSC\u00ae Chain of custody.","email":"customercare@proramillenote.it","telephone":"+39 039616593","legalName":"Proramillenote Srl","foundingDate":"1972-01-01","vatID":"10323920966","taxID":"10323920966","numberOfEmployees":{"@type":"QuantitativeValue","minValue":"11","maxValue":"50"},"publishingPrinciples":"https:\/\/proramillenote.it\/politica-su-etica\/","ownershipFundingInfo":"https:\/\/proramillenote.it\/politica-su-etica\/","actionableFeedbackPolicy":"https:\/\/proramillenote.it\/politica-su-etica\/","correctionsPolicy":"https:\/\/proramillenote.it\/politica-su-etica\/","ethicsPolicy":"https:\/\/proramillenote.it\/politica-su-etica\/","diversityPolicy":"https:\/\/proramillenote.it\/politica-su-etica\/","diversityStaffingReport":"https:\/\/proramillenote.it\/politica-su-etica\/"}]}},"_links":{"self":[{"href":"https:\/\/proramillenote.it\/fr\/wp-json\/wp\/v2\/pages\/82989","targetHints":{"allow":["GET"]}}],"collection":[{"href":"https:\/\/proramillenote.it\/fr\/wp-json\/wp\/v2\/pages"}],"about":[{"href":"https:\/\/proramillenote.it\/fr\/wp-json\/wp\/v2\/types\/page"}],"author":[{"embeddable":true,"href":"https:\/\/proramillenote.it\/fr\/wp-json\/wp\/v2\/users\/335"}],"replies":[{"embeddable":true,"href":"https:\/\/proramillenote.it\/fr\/wp-json\/wp\/v2\/comments?post=82989"}],"version-history":[{"count":0,"href":"https:\/\/proramillenote.it\/fr\/wp-json\/wp\/v2\/pages\/82989\/revisions"}],"wp:attachment":[{"href":"https:\/\/proramillenote.it\/fr\/wp-json\/wp\/v2\/media?parent=82989"}],"curies":[{"name":"wp","href":"https:\/\/api.w.org\/{rel}","templated":true}]}}