{"id":15692,"date":"2020-11-02T14:51:39","date_gmt":"2020-11-02T13:51:39","guid":{"rendered":"https:\/\/staging.proramillenote.it\/gadget\/point-portapenne-in-cartoncino\/"},"modified":"2025-11-20T14:22:21","modified_gmt":"2025-11-20T13:22:21","slug":"point-porte-stylo-carton-sku652","status":"publish","type":"product","link":"https:\/\/proramillenote.it\/fr\/point-porte-stylo-carton-sku652\/","title":{"rendered":"Point Porte-stylo en carton"},"content":{"rendered":"<p>X-LINES est un porte-stylo \u00e0<strong> 8 positions en carton plastifi\u00e9<\/strong>. Personnalisable en quatre couleurs, il offre une grande surface adapt\u00e9e \u00e0 la promotion de votre logo et de l&rsquo;image de votre campagne. Compact, stable sur le bureau et utile, ce pense-b\u00eate de marque pr\u00e9sente un design exclusif, moderne et attrayant. Chaque stylo est maintenu en place par deux trous, un \u00e0 la base et un au sommet, pour assurer la <strong>stabilit\u00e9<\/strong>.<\/p>\n<p><img decoding=\"async\" class=\"alignnone wp-image-9630\" src=\"https:\/\/proramillenote.it\/wp-content\/uploads\/logo-point.png\" alt=\"logo point in PPL\" width=\"251\" height=\"67\" \/><\/p>\n<p><strong><a title=\"Regardez la vid\u00e9o de Point en carton Youtube\" href=\"https:\/\/youtu.be\/8V4Smz8ifJw?si=azPosj3Pn8SMHYRF\" target=\"_blank\" rel=\"noopener\">Regardez la vid\u00e9o de Point en carton<\/a> <\/strong>(90 sec)<\/p>\n<p>Les deux onglets sup\u00e9rieurs peuvent \u00eatre fa\u00e7onn\u00e9s selon vos besoins, m\u00eame avec deux formes diff\u00e9rentes pour faire ressortir votre marque.<br \/>\nX-Lines est livr\u00e9 \u00e0 plat dans un petit sac et il suffit de l&rsquo;ouvrir pour commencer \u00e0 l&rsquo;utiliser avec un agr\u00e9able effet wow.<\/p>\n<blockquote><p><strong>PREMIER PRIX DU CONCOURS OSSODURO<\/strong><br \/>\nPoint a \u00e9t\u00e9 con\u00e7u par <strong>MARTINA MARINO<\/strong> et a remport\u00e9 la premi\u00e8re place au concours Ossoduro pour la conception de gadgets de bureau innovants, organis\u00e9 chaque ann\u00e9e scolaire par Proramillenote et destin\u00e9 aux \u00e9tudiants des cours sup\u00e9rieurs de graphisme publicitaire.<br \/>\n<strong>Proramillenote : cr\u00e9ativit\u00e9 italienne, production italienne, confiance dans les jeunes!<\/strong><br \/>\n<strong>Tous droits r\u00e9serv\u00e9s \u00e0 Proramillenote srl<\/strong><\/p><\/blockquote>\n<p><strong>Description<\/strong>:<br \/>\nDimensions: 12x6x9 cm<br \/>\nTrous de stylo: n. 8<\/p>\n<p><strong>Mat\u00e9riau<\/strong>:<br \/>\nCarton de 350 g\/m2<\/p>\n<p><strong>Finition:<\/strong><br \/>\nMod\u00e8le personnalisable<\/p>\n<p><strong>Personnalisation<\/strong><br \/>\n&#8211; 4+4 imprim\u00e9s num\u00e9riquement<br \/>\n&#8211; fa\u00e7onnage de la patte d&rsquo;oie<br \/>\n&#8211; d\u00e9pliant impression num\u00e9rique 4+4<\/p>\n<p><strong>Notice d&rsquo;utilisation \/ ou notice d&rsquo;information facultative<\/strong><br \/>\nD\u00e9pliant personnalis\u00e9 en impression num\u00e9rique 4+4<\/p>\n<p><strong>Emballage<\/strong><br \/>\nSimple dans un sac transparent<\/p>\n<h6>Quantit\u00e9 minimale: 250 pi\u00e8ces<\/h6>\n<p><iframe title=\"Pont carton YouTube video player\" src=\"https:\/\/www.youtube-nocookie.com\/embed\/8V4Smz8ifJw?rel=0\" width=\"560\" height=\"400\" modestbranding=1  frameborder=\"0\" allowfullscreen=\"allowfullscreen\"><\/iframe><\/p>\n","protected":false},"excerpt":{"rendered":"<p>Bespoke PPL pen holder with 7 holes, 1 USB memory hole and 1 highlighter hole.<\/p>\n","protected":false},"featured_media":15693,"template":"","meta":[],"product_brand":[],"product_cat":[639,2587,454],"product_tag":[5141],"class_list":{"0":"post-15692","1":"product","2":"type-product","3":"status-publish","4":"has-post-thumbnail","6":"product_cat-costa-tra-1-e-2-euro","7":"product_cat-consegna-2-settimane","8":"product_cat-portapenne-personalizzati-con-logo-aziendale","9":"product_tag-ossoduro-proramillenote-it","11":"first","12":"instock","13":"purchasable","14":"product-type-variable","15":"has-default-attributes"},"yoast_head":"<!-- This site is optimized with the Yoast SEO Premium plugin v27.3 (Yoast SEO v27.3) - https:\/\/yoast.com\/product\/yoast-seo-premium-wordpress\/ -->\n<title>Point cartoncino portapenne 8 fori personalizzato logo aziendale<\/title>\n<meta name=\"description\" content=\"Point cartoncino portapenne 8 fori personalizzato con immagine aziendale oppure logo. Gadget aziendale\" \/>\n<meta name=\"robots\" content=\"index, follow, max-snippet:-1, max-image-preview:large, max-video-preview:-1\" \/>\n<link rel=\"canonical\" href=\"https:\/\/proramillenote.it\/fr\/point-porte-stylo-carton-sku652\/\" \/>\n<meta property=\"og:locale\" content=\"fr_FR\" \/>\n<meta property=\"og:type\" content=\"article\" \/>\n<meta property=\"og:title\" content=\"Point cartoncino portapenne 8 fori personalizzato logo aziendale\" \/>\n<meta property=\"og:description\" content=\"Point cartoncino portapenne 8 fori personalizzato con immagine aziendale oppure logo. Gadget aziendale\" \/>\n<meta property=\"og:url\" content=\"https:\/\/proramillenote.it\/fr\/point-porte-stylo-carton-sku652\/\" \/>\n<meta property=\"og:site_name\" content=\"Gadgets d\u2019entreprise et post-it personnalis\u00e9s\" \/>\n<meta property=\"article:modified_time\" content=\"2025-11-20T13:22:21+00:00\" \/>\n<meta property=\"og:image\" content=\"https:\/\/proramillenote.it\/wp-content\/uploads\/2020\/11\/products-Point_portapenne_Azzurro_4.png\" \/>\n\t<meta property=\"og:image:width\" content=\"600\" \/>\n\t<meta property=\"og:image:height\" content=\"600\" \/>\n\t<meta property=\"og:image:type\" content=\"image\/jpeg\" \/>\n<meta name=\"twitter:card\" content=\"summary_large_image\" \/>\n<script type=\"application\/ld+json\" class=\"yoast-schema-graph\">{\"@context\":\"https:\\\/\\\/schema.org\",\"@graph\":[{\"@type\":\"WebPage\",\"@id\":\"https:\\\/\\\/proramillenote.it\\\/fr\\\/point-porte-stylo-carton-sku652\\\/\",\"url\":\"https:\\\/\\\/proramillenote.it\\\/fr\\\/point-porte-stylo-carton-sku652\\\/\",\"name\":\"Point cartoncino portapenne 8 fori personalizzato logo aziendale\",\"isPartOf\":{\"@id\":\"https:\\\/\\\/proramillenote.it\\\/fr\\\/#website\"},\"primaryImageOfPage\":{\"@id\":\"https:\\\/\\\/proramillenote.it\\\/fr\\\/point-porte-stylo-carton-sku652\\\/#primaryimage\"},\"image\":{\"@id\":\"https:\\\/\\\/proramillenote.it\\\/fr\\\/point-porte-stylo-carton-sku652\\\/#primaryimage\"},\"thumbnailUrl\":\"https:\\\/\\\/proramillenote.it\\\/wp-content\\\/uploads\\\/2020\\\/11\\\/products-Point_portapenne_Azzurro_4.png?wsr\",\"datePublished\":\"2020-11-02T13:51:39+00:00\",\"dateModified\":\"2025-11-20T13:22:21+00:00\",\"description\":\"Point cartoncino portapenne 8 fori personalizzato con immagine aziendale oppure logo. Gadget aziendale\",\"breadcrumb\":{\"@id\":\"https:\\\/\\\/proramillenote.it\\\/fr\\\/point-porte-stylo-carton-sku652\\\/#breadcrumb\"},\"inLanguage\":\"fr-FR\",\"potentialAction\":[{\"@type\":\"ReadAction\",\"target\":[\"https:\\\/\\\/proramillenote.it\\\/fr\\\/point-porte-stylo-carton-sku652\\\/\"]}]},{\"@type\":\"ImageObject\",\"inLanguage\":\"fr-FR\",\"@id\":\"https:\\\/\\\/proramillenote.it\\\/fr\\\/point-porte-stylo-carton-sku652\\\/#primaryimage\",\"url\":\"https:\\\/\\\/proramillenote.it\\\/wp-content\\\/uploads\\\/2020\\\/11\\\/products-Point_portapenne_Azzurro_4.png?wsr\",\"contentUrl\":\"https:\\\/\\\/proramillenote.it\\\/wp-content\\\/uploads\\\/2020\\\/11\\\/products-Point_portapenne_Azzurro_4.png?wsr\",\"width\":600,\"height\":600},{\"@type\":\"BreadcrumbList\",\"@id\":\"https:\\\/\\\/proramillenote.it\\\/fr\\\/point-porte-stylo-carton-sku652\\\/#breadcrumb\",\"itemListElement\":[{\"@type\":\"ListItem\",\"position\":1,\"name\":\"Proramillenote\",\"item\":\"https:\\\/\\\/proramillenote.it\\\/fr\\\/\"},{\"@type\":\"ListItem\",\"position\":2,\"name\":\"Point Porte-stylo en carton\"}]},{\"@type\":\"WebSite\",\"@id\":\"https:\\\/\\\/proramillenote.it\\\/fr\\\/#website\",\"url\":\"https:\\\/\\\/proramillenote.it\\\/fr\\\/\",\"name\":\"Proramillenote\",\"description\":\"Post-it personalizzati, block notes con logo e gadget aziendali per il marketing B2B. Specialisti in gadget promozionali per medici e aziende farmaceutiche.\",\"publisher\":{\"@id\":\"https:\\\/\\\/proramillenote.it\\\/fr\\\/#organization\"},\"alternateName\":\"Proramillenote\",\"potentialAction\":[{\"@type\":\"SearchAction\",\"target\":{\"@type\":\"EntryPoint\",\"urlTemplate\":\"https:\\\/\\\/proramillenote.it\\\/fr\\\/?s={search_term_string}\"},\"query-input\":{\"@type\":\"PropertyValueSpecification\",\"valueRequired\":true,\"valueName\":\"search_term_string\"}}],\"inLanguage\":\"fr-FR\"},{\"@type\":\"Organization\",\"@id\":\"https:\\\/\\\/proramillenote.it\\\/fr\\\/#organization\",\"name\":\"Proramillenote gadgets d\u2019entreprise et post-it personnalis\u00e9s\",\"alternateName\":\"Proramillenote\",\"url\":\"https:\\\/\\\/proramillenote.it\\\/fr\\\/\",\"logo\":{\"@type\":\"ImageObject\",\"inLanguage\":\"fr-FR\",\"@id\":\"https:\\\/\\\/proramillenote.it\\\/fr\\\/#\\\/schema\\\/logo\\\/image\\\/\",\"url\":\"https:\\\/\\\/proramillenote.it\\\/wp-content\\\/uploads\\\/papercube800.png?wsr\",\"contentUrl\":\"https:\\\/\\\/proramillenote.it\\\/wp-content\\\/uploads\\\/papercube800.png?wsr\",\"width\":800,\"height\":800,\"caption\":\"Proramillenote gadgets d\u2019entreprise et post-it personnalis\u00e9s\"},\"image\":{\"@id\":\"https:\\\/\\\/proramillenote.it\\\/fr\\\/#\\\/schema\\\/logo\\\/image\\\/\"},\"description\":\"\u2022 Specialista in produzione e commercio di gadget per medici e gadget per veterinari personalizzati. \u2022 Produzione di gadget aziendali per qualsiasi settore merceologico dal 1975. \u2022 Produttore di post-it personalizzati, post-it sagomati e cubi di carta personalizzati in stampa digitale oppure offset. Produttore di block-notes con logo. \u2022 Con cartotecnica creativa progettiamo KIT di post-it su misura, Made in Italy e di design italiano, insigniti del prestigioso premio europeo PGA Promotional Gift Award. \u2022 Concorso #Ossoduro \\\"Design di brand reminder da scrivania innovativi\\\" concepito per incoraggiare la creativit\u00e0 degli studenti di scuole secondarie di design e grafica. Annuale - Ed.7\u00b0 2024-2025. \u2022 Proramillenote \u00e8 produttore accreditato EUDAMED per la fornitura di DMClasse I \u2022 Proramillenote \u00e8 certificata FSC\u00ae Chain of custody.\",\"email\":\"customercare@proramillenote.it\",\"telephone\":\"+39 039616593\",\"legalName\":\"Proramillenote Srl\",\"foundingDate\":\"1972-01-01\",\"vatID\":\"10323920966\",\"taxID\":\"10323920966\",\"numberOfEmployees\":{\"@type\":\"QuantitativeValue\",\"minValue\":\"11\",\"maxValue\":\"50\"},\"publishingPrinciples\":\"https:\\\/\\\/proramillenote.it\\\/politica-su-etica\\\/\",\"ownershipFundingInfo\":\"https:\\\/\\\/proramillenote.it\\\/politica-su-etica\\\/\",\"actionableFeedbackPolicy\":\"https:\\\/\\\/proramillenote.it\\\/politica-su-etica\\\/\",\"correctionsPolicy\":\"https:\\\/\\\/proramillenote.it\\\/politica-su-etica\\\/\",\"ethicsPolicy\":\"https:\\\/\\\/proramillenote.it\\\/politica-su-etica\\\/\",\"diversityPolicy\":\"https:\\\/\\\/proramillenote.it\\\/politica-su-etica\\\/\",\"diversityStaffingReport\":\"https:\\\/\\\/proramillenote.it\\\/politica-su-etica\\\/\"}]}<\/script>\n<meta property=\"og:availability\" content=\"instock\" \/>\n<meta property=\"product:availability\" content=\"instock\" \/>\n<meta property=\"product:retailer_item_id\" content=\"652\" \/>\n<meta property=\"product:condition\" content=\"new\" \/>\n<!-- \/ Yoast SEO Premium plugin. -->","yoast_head_json":{"title":"Point cartoncino portapenne 8 fori personalizzato logo aziendale","description":"Point cartoncino portapenne 8 fori personalizzato con immagine aziendale oppure logo. Gadget aziendale","robots":{"index":"index","follow":"follow","max-snippet":"max-snippet:-1","max-image-preview":"max-image-preview:large","max-video-preview":"max-video-preview:-1"},"canonical":"https:\/\/proramillenote.it\/fr\/point-porte-stylo-carton-sku652\/","og_locale":"fr_FR","og_type":"article","og_title":"Point cartoncino portapenne 8 fori personalizzato logo aziendale","og_description":"Point cartoncino portapenne 8 fori personalizzato con immagine aziendale oppure logo. Gadget aziendale","og_url":"https:\/\/proramillenote.it\/fr\/point-porte-stylo-carton-sku652\/","og_site_name":"Gadgets d\u2019entreprise et post-it personnalis\u00e9s","article_modified_time":"2025-11-20T13:22:21+00:00","og_image":[{"width":600,"height":600,"url":"https:\/\/proramillenote.it\/wp-content\/uploads\/2020\/11\/products-Point_portapenne_Azzurro_4.png","type":"image\/jpeg"}],"twitter_card":"summary_large_image","schema":{"@context":"https:\/\/schema.org","@graph":[{"@type":"WebPage","@id":"https:\/\/proramillenote.it\/fr\/point-porte-stylo-carton-sku652\/","url":"https:\/\/proramillenote.it\/fr\/point-porte-stylo-carton-sku652\/","name":"Point cartoncino portapenne 8 fori personalizzato logo aziendale","isPartOf":{"@id":"https:\/\/proramillenote.it\/fr\/#website"},"primaryImageOfPage":{"@id":"https:\/\/proramillenote.it\/fr\/point-porte-stylo-carton-sku652\/#primaryimage"},"image":{"@id":"https:\/\/proramillenote.it\/fr\/point-porte-stylo-carton-sku652\/#primaryimage"},"thumbnailUrl":"https:\/\/proramillenote.it\/wp-content\/uploads\/2020\/11\/products-Point_portapenne_Azzurro_4.png?wsr","datePublished":"2020-11-02T13:51:39+00:00","dateModified":"2025-11-20T13:22:21+00:00","description":"Point cartoncino portapenne 8 fori personalizzato con immagine aziendale oppure logo. Gadget aziendale","breadcrumb":{"@id":"https:\/\/proramillenote.it\/fr\/point-porte-stylo-carton-sku652\/#breadcrumb"},"inLanguage":"fr-FR","potentialAction":[{"@type":"ReadAction","target":["https:\/\/proramillenote.it\/fr\/point-porte-stylo-carton-sku652\/"]}]},{"@type":"ImageObject","inLanguage":"fr-FR","@id":"https:\/\/proramillenote.it\/fr\/point-porte-stylo-carton-sku652\/#primaryimage","url":"https:\/\/proramillenote.it\/wp-content\/uploads\/2020\/11\/products-Point_portapenne_Azzurro_4.png?wsr","contentUrl":"https:\/\/proramillenote.it\/wp-content\/uploads\/2020\/11\/products-Point_portapenne_Azzurro_4.png?wsr","width":600,"height":600},{"@type":"BreadcrumbList","@id":"https:\/\/proramillenote.it\/fr\/point-porte-stylo-carton-sku652\/#breadcrumb","itemListElement":[{"@type":"ListItem","position":1,"name":"Proramillenote","item":"https:\/\/proramillenote.it\/fr\/"},{"@type":"ListItem","position":2,"name":"Point Porte-stylo en carton"}]},{"@type":"WebSite","@id":"https:\/\/proramillenote.it\/fr\/#website","url":"https:\/\/proramillenote.it\/fr\/","name":"Proramillenote","description":"Post-it personalizzati, block notes con logo e gadget aziendali per il marketing B2B. Specialisti in gadget promozionali per medici e aziende farmaceutiche.","publisher":{"@id":"https:\/\/proramillenote.it\/fr\/#organization"},"alternateName":"Proramillenote","potentialAction":[{"@type":"SearchAction","target":{"@type":"EntryPoint","urlTemplate":"https:\/\/proramillenote.it\/fr\/?s={search_term_string}"},"query-input":{"@type":"PropertyValueSpecification","valueRequired":true,"valueName":"search_term_string"}}],"inLanguage":"fr-FR"},{"@type":"Organization","@id":"https:\/\/proramillenote.it\/fr\/#organization","name":"Proramillenote gadgets d\u2019entreprise et post-it personnalis\u00e9s","alternateName":"Proramillenote","url":"https:\/\/proramillenote.it\/fr\/","logo":{"@type":"ImageObject","inLanguage":"fr-FR","@id":"https:\/\/proramillenote.it\/fr\/#\/schema\/logo\/image\/","url":"https:\/\/proramillenote.it\/wp-content\/uploads\/papercube800.png?wsr","contentUrl":"https:\/\/proramillenote.it\/wp-content\/uploads\/papercube800.png?wsr","width":800,"height":800,"caption":"Proramillenote gadgets d\u2019entreprise et post-it personnalis\u00e9s"},"image":{"@id":"https:\/\/proramillenote.it\/fr\/#\/schema\/logo\/image\/"},"description":"\u2022 Specialista in produzione e commercio di gadget per medici e gadget per veterinari personalizzati. \u2022 Produzione di gadget aziendali per qualsiasi settore merceologico dal 1975. \u2022 Produttore di post-it personalizzati, post-it sagomati e cubi di carta personalizzati in stampa digitale oppure offset. Produttore di block-notes con logo. \u2022 Con cartotecnica creativa progettiamo KIT di post-it su misura, Made in Italy e di design italiano, insigniti del prestigioso premio europeo PGA Promotional Gift Award. \u2022 Concorso #Ossoduro \"Design di brand reminder da scrivania innovativi\" concepito per incoraggiare la creativit\u00e0 degli studenti di scuole secondarie di design e grafica. Annuale - Ed.7\u00b0 2024-2025. \u2022 Proramillenote \u00e8 produttore accreditato EUDAMED per la fornitura di DMClasse I \u2022 Proramillenote \u00e8 certificata FSC\u00ae Chain of custody.","email":"customercare@proramillenote.it","telephone":"+39 039616593","legalName":"Proramillenote Srl","foundingDate":"1972-01-01","vatID":"10323920966","taxID":"10323920966","numberOfEmployees":{"@type":"QuantitativeValue","minValue":"11","maxValue":"50"},"publishingPrinciples":"https:\/\/proramillenote.it\/politica-su-etica\/","ownershipFundingInfo":"https:\/\/proramillenote.it\/politica-su-etica\/","actionableFeedbackPolicy":"https:\/\/proramillenote.it\/politica-su-etica\/","correctionsPolicy":"https:\/\/proramillenote.it\/politica-su-etica\/","ethicsPolicy":"https:\/\/proramillenote.it\/politica-su-etica\/","diversityPolicy":"https:\/\/proramillenote.it\/politica-su-etica\/","diversityStaffingReport":"https:\/\/proramillenote.it\/politica-su-etica\/"}]},"og_availability":"instock","product_availability":"instock","product_retailer_item_id":"652","product_condition":"new"},"_links":{"self":[{"href":"https:\/\/proramillenote.it\/fr\/wp-json\/wp\/v2\/product\/15692","targetHints":{"allow":["GET"]}}],"collection":[{"href":"https:\/\/proramillenote.it\/fr\/wp-json\/wp\/v2\/product"}],"about":[{"href":"https:\/\/proramillenote.it\/fr\/wp-json\/wp\/v2\/types\/product"}],"version-history":[{"count":0,"href":"https:\/\/proramillenote.it\/fr\/wp-json\/wp\/v2\/product\/15692\/revisions"}],"wp:featuredmedia":[{"embeddable":true,"href":"https:\/\/proramillenote.it\/fr\/wp-json\/wp\/v2\/media\/15693"}],"wp:attachment":[{"href":"https:\/\/proramillenote.it\/fr\/wp-json\/wp\/v2\/media?parent=15692"}],"wp:term":[{"taxonomy":"product_brand","embeddable":true,"href":"https:\/\/proramillenote.it\/fr\/wp-json\/wp\/v2\/product_brand?post=15692"},{"taxonomy":"product_cat","embeddable":true,"href":"https:\/\/proramillenote.it\/fr\/wp-json\/wp\/v2\/product_cat?post=15692"},{"taxonomy":"product_tag","embeddable":true,"href":"https:\/\/proramillenote.it\/fr\/wp-json\/wp\/v2\/product_tag?post=15692"}],"curies":[{"name":"wp","href":"https:\/\/api.w.org\/{rel}","templated":true}]}}