{"id":15699,"date":"2020-10-22T11:48:07","date_gmt":"2020-10-22T09:48:07","guid":{"rendered":"https:\/\/staging.proramillenote.it\/gadget\/x-lines-portapenne-ppl\/"},"modified":"2025-11-20T14:22:20","modified_gmt":"2025-11-20T13:22:20","slug":"x-lines-ppl-p-holder-sku649","status":"publish","type":"product","link":"https:\/\/proramillenote.it\/fr\/x-lines-ppl-p-holder-sku649\/","title":{"rendered":"X-lines PPL pen holder"},"content":{"rendered":"<p>X-LINES est un <strong>gadget porte-stylo \u00e0 8 emplacements<\/strong> en plastique<strong> polypropyl\u00e8ne PPL.<\/strong><\/p>\n<p><img decoding=\"async\" class=\"alignnone wp-image-9622\" src=\"https:\/\/proramillenote.it\/wp-content\/uploads\/LOGO-XLINES.png\" alt=\"LOGO-X-LINES\" width=\"252\" height=\"86\" \/><\/p>\n<p>Guarda il <a title=\"xlines video da ppl\" href=\"https:\/\/youtu.be\/whyxnR-u5uc\" target=\"_blank\" rel=\"next noopener\">video di X-lines in plastica PPL\u00a0 <\/a>(durata 1&prime;:20\u00a0\u00bb)<\/p>\n<p>Il peut \u00eatre personnalis\u00e9 par s\u00e9rigraphie jusqu&rsquo;\u00e0 4 couleurs et offre une grande surface adapt\u00e9e \u00e0 la promotion de votre logo et de l&rsquo;image de votre campagne. Compact, stable sur le bureau et utile, ce rappel de la marque pr\u00e9sente un design exclusif, moderne et attrayant. Chaque stylo est maintenu en place par deux trous, un \u00e0 la base et un au sommet, pour assurer la stabilit\u00e9.<br \/>\nLes deux onglets sup\u00e9rieurs peuvent \u00eatre fa\u00e7onn\u00e9s selon vos besoins, m\u00eame avec deux formes diff\u00e9rentes pour faire ressortir votre marque.<br \/>\nX-Lines se pr\u00e9sente \u00e0 plat dans un petit sac et il suffit de l&rsquo;ouvrir pour commencer \u00e0 l&rsquo;utiliser avec un agr\u00e9able effet wow.<\/p>\n<blockquote><p><strong>SECOND PRIX DU CONCOURS OSSODURO<\/strong><br \/>\n<strong>X-LINES<\/strong> a \u00e9t\u00e9 con\u00e7u par <strong>LORENZO AIELLO<\/strong> et a remport\u00e9 la deuxi\u00e8me place au concours d&rsquo;<a href=\"https:\/\/proramillenote.it\/fr\/concours-ossoduro\/\">Ossoduro<\/a> pour la conception de gadgets de bureau innovants, organis\u00e9 chaque ann\u00e9e scolaire par Proramillenote et destin\u00e9 aux \u00e9tudiants des cours sup\u00e9rieurs de graphisme publicitaire.<br \/>\n<strong>Proramillenote<\/strong>: cr\u00e9ativit\u00e9 italienne, production italienne, confiance dans les jeunes!<br \/>\nTous droits r\u00e9serv\u00e9s \u00e0 Proramillenote srl<\/p><\/blockquote>\n<p><strong>Description:<\/strong><br \/>\nDimensions sur le bureau : 12x6x9 cm<br \/>\nTrous de stylo: n. 8<\/p>\n<p><strong>Mat\u00e9riau:<\/strong><br \/>\nPlastique polypropyl\u00e8ne PPL 0,50 mm<\/p>\n<p><strong>Finition:<\/strong><br \/>\nFa\u00e7onnage personnalisable<\/p>\n<p>Notice d&rsquo;utilisation \/ ou notice d&rsquo;information facultative<br \/>\nD\u00e9pliant personnalis\u00e9 en impression num\u00e9rique 4+4<\/p>\n<p><strong>Personnalisations<\/strong><br \/>\n&#8211; S\u00e9rigraphie de 1 \u00e0 4 couleurs<br \/>\n&#8211; Profilage de la patte d&rsquo;oie<br \/>\n&#8211; D\u00e9pliant imprim\u00e9 num\u00e9riquement 4+4<\/p>\n<p><strong>Emballage<\/strong><br \/>\nIndividuel dans un sac transparent<\/p>\n<h6>Quantit\u00e9 minimale : 250 pi\u00e8ces<\/h6>\n<p>Le polypropyl\u00e8ne est un mat\u00e9riau respectueux de l&rsquo;environnement car il est recyclable \u00e0 100 % lorsqu&rsquo;il est correctement \u00e9limin\u00e9.<\/p>\n<p><strong>Fabriqu\u00e9 par Proramillenote<\/strong><br \/>\n<strong>Copyright Proramillenote<\/strong><\/p>\n<p><iframe title=\"X-lines PPL YouTube video player\" src=\"https:\/\/www.youtube-nocookie.com\/embed\/whyxnR-u5uc?rel=0\" width=\"560\" height=\"400\" frameborder=\"0\" allowfullscreen=\"allowfullscreen\"><\/iframe><\/p>\n","protected":false},"excerpt":{"rendered":"<p>Porte-stylo en forme de X \u00e0 8 poches. Polypropyl\u00e8ne avec s\u00e9rigraphie<\/p>\n","protected":false},"featured_media":15700,"template":"","meta":[],"product_brand":[],"product_cat":[1461],"product_tag":[3331,5142],"class_list":{"0":"post-15699","1":"product","2":"type-product","3":"status-publish","4":"has-post-thumbnail","6":"product_cat-archive-fr","7":"product_tag-cotes-en-forme","8":"product_tag-ossoduro-proramillenote-fr","10":"first","11":"instock","12":"purchasable","13":"product-type-variable","14":"has-default-attributes"},"yoast_head":"<!-- This site is optimized with the Yoast SEO Premium plugin v27.3 (Yoast SEO v27.3) - https:\/\/yoast.com\/product\/yoast-seo-premium-wordpress\/ -->\n<title>x-lines portapenne PPL personalizzato con immagine aziendale<\/title>\n<meta name=\"description\" content=\"x-lines portapenne PPL personalizzato con immagine aziendale. 6 fori, ampia superficie di personalizzazione\" \/>\n<meta name=\"robots\" content=\"index, follow, max-snippet:-1, max-image-preview:large, max-video-preview:-1\" \/>\n<link rel=\"canonical\" href=\"https:\/\/proramillenote.it\/fr\/x-lines-ppl-p-holder-sku649\/\" \/>\n<meta property=\"og:locale\" content=\"fr_FR\" \/>\n<meta property=\"og:type\" content=\"article\" \/>\n<meta property=\"og:title\" content=\"x-lines portapenne PPL personalizzato con immagine aziendale\" \/>\n<meta property=\"og:description\" content=\"x-lines portapenne PPL personalizzato con immagine aziendale. 6 fori, ampia superficie di personalizzazione\" \/>\n<meta property=\"og:url\" content=\"https:\/\/proramillenote.it\/fr\/x-lines-ppl-p-holder-sku649\/\" \/>\n<meta property=\"og:site_name\" content=\"Gadgets d\u2019entreprise et post-it personnalis\u00e9s\" \/>\n<meta property=\"article:modified_time\" content=\"2025-11-20T13:22:20+00:00\" \/>\n<meta property=\"og:image\" content=\"https:\/\/proramillenote.it\/wp-content\/uploads\/2020\/10\/products-X-lines_polipropilene_portapenne_8fori_L.jpg\" \/>\n\t<meta property=\"og:image:width\" content=\"600\" \/>\n\t<meta property=\"og:image:height\" content=\"600\" \/>\n\t<meta property=\"og:image:type\" content=\"image\/jpeg\" \/>\n<meta name=\"twitter:card\" content=\"summary_large_image\" \/>\n<script type=\"application\/ld+json\" class=\"yoast-schema-graph\">{\"@context\":\"https:\\\/\\\/schema.org\",\"@graph\":[{\"@type\":\"WebPage\",\"@id\":\"https:\\\/\\\/proramillenote.it\\\/fr\\\/x-lines-ppl-p-holder-sku649\\\/\",\"url\":\"https:\\\/\\\/proramillenote.it\\\/fr\\\/x-lines-ppl-p-holder-sku649\\\/\",\"name\":\"x-lines portapenne PPL personalizzato con immagine aziendale\",\"isPartOf\":{\"@id\":\"https:\\\/\\\/proramillenote.it\\\/fr\\\/#website\"},\"primaryImageOfPage\":{\"@id\":\"https:\\\/\\\/proramillenote.it\\\/fr\\\/x-lines-ppl-p-holder-sku649\\\/#primaryimage\"},\"image\":{\"@id\":\"https:\\\/\\\/proramillenote.it\\\/fr\\\/x-lines-ppl-p-holder-sku649\\\/#primaryimage\"},\"thumbnailUrl\":\"https:\\\/\\\/proramillenote.it\\\/wp-content\\\/uploads\\\/2020\\\/10\\\/products-X-lines_polipropilene_portapenne_8fori_L.jpg?wsr\",\"datePublished\":\"2020-10-22T09:48:07+00:00\",\"dateModified\":\"2025-11-20T13:22:20+00:00\",\"description\":\"x-lines portapenne PPL personalizzato con immagine aziendale. 6 fori, ampia superficie di personalizzazione\",\"breadcrumb\":{\"@id\":\"https:\\\/\\\/proramillenote.it\\\/fr\\\/x-lines-ppl-p-holder-sku649\\\/#breadcrumb\"},\"inLanguage\":\"fr-FR\",\"potentialAction\":[{\"@type\":\"ReadAction\",\"target\":[\"https:\\\/\\\/proramillenote.it\\\/fr\\\/x-lines-ppl-p-holder-sku649\\\/\"]}]},{\"@type\":\"ImageObject\",\"inLanguage\":\"fr-FR\",\"@id\":\"https:\\\/\\\/proramillenote.it\\\/fr\\\/x-lines-ppl-p-holder-sku649\\\/#primaryimage\",\"url\":\"https:\\\/\\\/proramillenote.it\\\/wp-content\\\/uploads\\\/2020\\\/10\\\/products-X-lines_polipropilene_portapenne_8fori_L.jpg?wsr\",\"contentUrl\":\"https:\\\/\\\/proramillenote.it\\\/wp-content\\\/uploads\\\/2020\\\/10\\\/products-X-lines_polipropilene_portapenne_8fori_L.jpg?wsr\",\"width\":600,\"height\":600,\"caption\":\"x-lines porte-stylo PPL 8 trous, avec crayon jumbo bicolore\"},{\"@type\":\"BreadcrumbList\",\"@id\":\"https:\\\/\\\/proramillenote.it\\\/fr\\\/x-lines-ppl-p-holder-sku649\\\/#breadcrumb\",\"itemListElement\":[{\"@type\":\"ListItem\",\"position\":1,\"name\":\"Proramillenote\",\"item\":\"https:\\\/\\\/proramillenote.it\\\/fr\\\/\"},{\"@type\":\"ListItem\",\"position\":2,\"name\":\"X-lines PPL pen holder\"}]},{\"@type\":\"WebSite\",\"@id\":\"https:\\\/\\\/proramillenote.it\\\/fr\\\/#website\",\"url\":\"https:\\\/\\\/proramillenote.it\\\/fr\\\/\",\"name\":\"Proramillenote gadget aziendali e post-it personalizzati\",\"description\":\"Post-it personalizzati, block notes con logo e gadget aziendali per il marketing B2B. Specialisti in gadget promozionali per medici e aziende farmaceutiche.\",\"publisher\":{\"@id\":\"https:\\\/\\\/proramillenote.it\\\/fr\\\/#organization\"},\"alternateName\":\"Proramillenote\",\"potentialAction\":[{\"@type\":\"SearchAction\",\"target\":{\"@type\":\"EntryPoint\",\"urlTemplate\":\"https:\\\/\\\/proramillenote.it\\\/fr\\\/?s={search_term_string}\"},\"query-input\":{\"@type\":\"PropertyValueSpecification\",\"valueRequired\":true,\"valueName\":\"search_term_string\"}}],\"inLanguage\":\"fr-FR\"},{\"@type\":\"Organization\",\"@id\":\"https:\\\/\\\/proramillenote.it\\\/fr\\\/#organization\",\"name\":\"Proramillenote gadgets d\u2019entreprise et post-it personnalis\u00e9s\",\"alternateName\":\"Proramillenote\",\"url\":\"https:\\\/\\\/proramillenote.it\\\/fr\\\/\",\"logo\":{\"@type\":\"ImageObject\",\"inLanguage\":\"fr-FR\",\"@id\":\"https:\\\/\\\/proramillenote.it\\\/fr\\\/#\\\/schema\\\/logo\\\/image\\\/\",\"url\":\"https:\\\/\\\/proramillenote.it\\\/wp-content\\\/uploads\\\/papercube800.png?wsr\",\"contentUrl\":\"https:\\\/\\\/proramillenote.it\\\/wp-content\\\/uploads\\\/papercube800.png?wsr\",\"width\":800,\"height\":800,\"caption\":\"Proramillenote gadgets d\u2019entreprise et post-it personnalis\u00e9s\"},\"image\":{\"@id\":\"https:\\\/\\\/proramillenote.it\\\/fr\\\/#\\\/schema\\\/logo\\\/image\\\/\"},\"description\":\"\u2022 Specialista in produzione e commercio di gadget per medici e gadget per veterinari personalizzati. \u2022 Produzione di gadget aziendali per qualsiasi settore merceologico dal 1975. \u2022 Produttore di post-it personalizzati, post-it sagomati e cubi di carta personalizzati in stampa digitale oppure offset. Produttore di block-notes con logo. \u2022 Con cartotecnica creativa progettiamo KIT di post-it su misura, Made in Italy e di design italiano, insigniti del prestigioso premio europeo PGA Promotional Gift Award. \u2022 Concorso #Ossoduro \\\"Design di brand reminder da scrivania innovativi\\\" concepito per incoraggiare la creativit\u00e0 degli studenti di scuole secondarie di design e grafica. Annuale - Ed.7\u00b0 2024-2025. \u2022 Proramillenote \u00e8 produttore accreditato EUDAMED per la fornitura di DMClasse I \u2022 Proramillenote \u00e8 certificata FSC\u00ae Chain of custody.\",\"email\":\"customercare@proramillenote.it\",\"telephone\":\"+39 039616593\",\"legalName\":\"Proramillenote Srl\",\"foundingDate\":\"1972-01-01\",\"vatID\":\"10323920966\",\"taxID\":\"10323920966\",\"numberOfEmployees\":{\"@type\":\"QuantitativeValue\",\"minValue\":\"11\",\"maxValue\":\"50\"},\"publishingPrinciples\":\"https:\\\/\\\/proramillenote.it\\\/politica-su-etica\\\/\",\"ownershipFundingInfo\":\"https:\\\/\\\/proramillenote.it\\\/politica-su-etica\\\/\",\"actionableFeedbackPolicy\":\"https:\\\/\\\/proramillenote.it\\\/politica-su-etica\\\/\",\"correctionsPolicy\":\"https:\\\/\\\/proramillenote.it\\\/politica-su-etica\\\/\",\"ethicsPolicy\":\"https:\\\/\\\/proramillenote.it\\\/politica-su-etica\\\/\",\"diversityPolicy\":\"https:\\\/\\\/proramillenote.it\\\/politica-su-etica\\\/\",\"diversityStaffingReport\":\"https:\\\/\\\/proramillenote.it\\\/politica-su-etica\\\/\"}]}<\/script>\n<meta property=\"og:availability\" content=\"instock\" \/>\n<meta property=\"product:availability\" content=\"instock\" \/>\n<meta property=\"product:retailer_item_id\" content=\"649\" \/>\n<meta property=\"product:condition\" content=\"new\" \/>\n<!-- \/ Yoast SEO Premium plugin. -->","yoast_head_json":{"title":"x-lines portapenne PPL personalizzato con immagine aziendale","description":"x-lines portapenne PPL personalizzato con immagine aziendale. 6 fori, ampia superficie di personalizzazione","robots":{"index":"index","follow":"follow","max-snippet":"max-snippet:-1","max-image-preview":"max-image-preview:large","max-video-preview":"max-video-preview:-1"},"canonical":"https:\/\/proramillenote.it\/fr\/x-lines-ppl-p-holder-sku649\/","og_locale":"fr_FR","og_type":"article","og_title":"x-lines portapenne PPL personalizzato con immagine aziendale","og_description":"x-lines portapenne PPL personalizzato con immagine aziendale. 6 fori, ampia superficie di personalizzazione","og_url":"https:\/\/proramillenote.it\/fr\/x-lines-ppl-p-holder-sku649\/","og_site_name":"Gadgets d\u2019entreprise et post-it personnalis\u00e9s","article_modified_time":"2025-11-20T13:22:20+00:00","og_image":[{"width":600,"height":600,"url":"https:\/\/proramillenote.it\/wp-content\/uploads\/2020\/10\/products-X-lines_polipropilene_portapenne_8fori_L.jpg","type":"image\/jpeg"}],"twitter_card":"summary_large_image","schema":{"@context":"https:\/\/schema.org","@graph":[{"@type":"WebPage","@id":"https:\/\/proramillenote.it\/fr\/x-lines-ppl-p-holder-sku649\/","url":"https:\/\/proramillenote.it\/fr\/x-lines-ppl-p-holder-sku649\/","name":"x-lines portapenne PPL personalizzato con immagine aziendale","isPartOf":{"@id":"https:\/\/proramillenote.it\/fr\/#website"},"primaryImageOfPage":{"@id":"https:\/\/proramillenote.it\/fr\/x-lines-ppl-p-holder-sku649\/#primaryimage"},"image":{"@id":"https:\/\/proramillenote.it\/fr\/x-lines-ppl-p-holder-sku649\/#primaryimage"},"thumbnailUrl":"https:\/\/proramillenote.it\/wp-content\/uploads\/2020\/10\/products-X-lines_polipropilene_portapenne_8fori_L.jpg?wsr","datePublished":"2020-10-22T09:48:07+00:00","dateModified":"2025-11-20T13:22:20+00:00","description":"x-lines portapenne PPL personalizzato con immagine aziendale. 6 fori, ampia superficie di personalizzazione","breadcrumb":{"@id":"https:\/\/proramillenote.it\/fr\/x-lines-ppl-p-holder-sku649\/#breadcrumb"},"inLanguage":"fr-FR","potentialAction":[{"@type":"ReadAction","target":["https:\/\/proramillenote.it\/fr\/x-lines-ppl-p-holder-sku649\/"]}]},{"@type":"ImageObject","inLanguage":"fr-FR","@id":"https:\/\/proramillenote.it\/fr\/x-lines-ppl-p-holder-sku649\/#primaryimage","url":"https:\/\/proramillenote.it\/wp-content\/uploads\/2020\/10\/products-X-lines_polipropilene_portapenne_8fori_L.jpg?wsr","contentUrl":"https:\/\/proramillenote.it\/wp-content\/uploads\/2020\/10\/products-X-lines_polipropilene_portapenne_8fori_L.jpg?wsr","width":600,"height":600,"caption":"x-lines porte-stylo PPL 8 trous, avec crayon jumbo bicolore"},{"@type":"BreadcrumbList","@id":"https:\/\/proramillenote.it\/fr\/x-lines-ppl-p-holder-sku649\/#breadcrumb","itemListElement":[{"@type":"ListItem","position":1,"name":"Proramillenote","item":"https:\/\/proramillenote.it\/fr\/"},{"@type":"ListItem","position":2,"name":"X-lines PPL pen holder"}]},{"@type":"WebSite","@id":"https:\/\/proramillenote.it\/fr\/#website","url":"https:\/\/proramillenote.it\/fr\/","name":"Proramillenote gadget aziendali e post-it personalizzati","description":"Post-it personalizzati, block notes con logo e gadget aziendali per il marketing B2B. Specialisti in gadget promozionali per medici e aziende farmaceutiche.","publisher":{"@id":"https:\/\/proramillenote.it\/fr\/#organization"},"alternateName":"Proramillenote","potentialAction":[{"@type":"SearchAction","target":{"@type":"EntryPoint","urlTemplate":"https:\/\/proramillenote.it\/fr\/?s={search_term_string}"},"query-input":{"@type":"PropertyValueSpecification","valueRequired":true,"valueName":"search_term_string"}}],"inLanguage":"fr-FR"},{"@type":"Organization","@id":"https:\/\/proramillenote.it\/fr\/#organization","name":"Proramillenote gadgets d\u2019entreprise et post-it personnalis\u00e9s","alternateName":"Proramillenote","url":"https:\/\/proramillenote.it\/fr\/","logo":{"@type":"ImageObject","inLanguage":"fr-FR","@id":"https:\/\/proramillenote.it\/fr\/#\/schema\/logo\/image\/","url":"https:\/\/proramillenote.it\/wp-content\/uploads\/papercube800.png?wsr","contentUrl":"https:\/\/proramillenote.it\/wp-content\/uploads\/papercube800.png?wsr","width":800,"height":800,"caption":"Proramillenote gadgets d\u2019entreprise et post-it personnalis\u00e9s"},"image":{"@id":"https:\/\/proramillenote.it\/fr\/#\/schema\/logo\/image\/"},"description":"\u2022 Specialista in produzione e commercio di gadget per medici e gadget per veterinari personalizzati. \u2022 Produzione di gadget aziendali per qualsiasi settore merceologico dal 1975. \u2022 Produttore di post-it personalizzati, post-it sagomati e cubi di carta personalizzati in stampa digitale oppure offset. Produttore di block-notes con logo. \u2022 Con cartotecnica creativa progettiamo KIT di post-it su misura, Made in Italy e di design italiano, insigniti del prestigioso premio europeo PGA Promotional Gift Award. \u2022 Concorso #Ossoduro \"Design di brand reminder da scrivania innovativi\" concepito per incoraggiare la creativit\u00e0 degli studenti di scuole secondarie di design e grafica. Annuale - Ed.7\u00b0 2024-2025. \u2022 Proramillenote \u00e8 produttore accreditato EUDAMED per la fornitura di DMClasse I \u2022 Proramillenote \u00e8 certificata FSC\u00ae Chain of custody.","email":"customercare@proramillenote.it","telephone":"+39 039616593","legalName":"Proramillenote Srl","foundingDate":"1972-01-01","vatID":"10323920966","taxID":"10323920966","numberOfEmployees":{"@type":"QuantitativeValue","minValue":"11","maxValue":"50"},"publishingPrinciples":"https:\/\/proramillenote.it\/politica-su-etica\/","ownershipFundingInfo":"https:\/\/proramillenote.it\/politica-su-etica\/","actionableFeedbackPolicy":"https:\/\/proramillenote.it\/politica-su-etica\/","correctionsPolicy":"https:\/\/proramillenote.it\/politica-su-etica\/","ethicsPolicy":"https:\/\/proramillenote.it\/politica-su-etica\/","diversityPolicy":"https:\/\/proramillenote.it\/politica-su-etica\/","diversityStaffingReport":"https:\/\/proramillenote.it\/politica-su-etica\/"}]},"og_availability":"instock","product_availability":"instock","product_retailer_item_id":"649","product_condition":"new"},"_links":{"self":[{"href":"https:\/\/proramillenote.it\/fr\/wp-json\/wp\/v2\/product\/15699","targetHints":{"allow":["GET"]}}],"collection":[{"href":"https:\/\/proramillenote.it\/fr\/wp-json\/wp\/v2\/product"}],"about":[{"href":"https:\/\/proramillenote.it\/fr\/wp-json\/wp\/v2\/types\/product"}],"version-history":[{"count":0,"href":"https:\/\/proramillenote.it\/fr\/wp-json\/wp\/v2\/product\/15699\/revisions"}],"wp:featuredmedia":[{"embeddable":true,"href":"https:\/\/proramillenote.it\/fr\/wp-json\/wp\/v2\/media\/15700"}],"wp:attachment":[{"href":"https:\/\/proramillenote.it\/fr\/wp-json\/wp\/v2\/media?parent=15699"}],"wp:term":[{"taxonomy":"product_brand","embeddable":true,"href":"https:\/\/proramillenote.it\/fr\/wp-json\/wp\/v2\/product_brand?post=15699"},{"taxonomy":"product_cat","embeddable":true,"href":"https:\/\/proramillenote.it\/fr\/wp-json\/wp\/v2\/product_cat?post=15699"},{"taxonomy":"product_tag","embeddable":true,"href":"https:\/\/proramillenote.it\/fr\/wp-json\/wp\/v2\/product_tag?post=15699"}],"curies":[{"name":"wp","href":"https:\/\/api.w.org\/{rel}","templated":true}]}}