{"id":15706,"date":"2020-10-13T09:48:43","date_gmt":"2020-10-13T07:48:43","guid":{"rendered":"https:\/\/staging.proramillenote.it\/gadget\/adesivi-promo\/"},"modified":"2024-07-15T11:42:36","modified_gmt":"2024-07-15T09:42:36","slug":"autocollants-promotionnels-sku648","status":"publish","type":"product","link":"https:\/\/proramillenote.it\/fr\/autocollants-promotionnels-sku648\/","title":{"rendered":"Autocollants promotionnels"},"content":{"rendered":"<p>Autocollants promotionnels, id\u00e9aux pour communiquer des r\u00e9ductions ou des offres sur le rayon ou le comptoir de la pharmacie, ou \u00e0 appliquer directement sur les bouteilles ou les caisses des produits propos\u00e9s, personnalisables en quatre couleurs, inscriptibles et amovibles. Les autocollants sont pr\u00e9sent\u00e9s dans une pochette en carton, qui est elle-m\u00eame personnalis\u00e9e pour transmettre votre message ou votre campagne publicitaire au pharmacien. Rappel de la marque utile et \u00e9conomique<\/p>\n<p><strong>Couverture<\/strong><br \/>\n&#8211; Couverture en carton bi-brillant, g 300 mm format 145 x 77 x 5 mm<br \/>\n&#8211; Personnalisation de la couverture avec impression num\u00e9rique\/offset 4+4 couleurs<br \/>\n&#8211; Finition: pelliculage blanc brillant<\/p>\n<p><strong>Autocollants<\/strong><br \/>\n&#8211; 2 paquets de 20 autocollants amovibles chacun<br \/>\n&#8211; Autocollants en forme de cercle de 65 mm de diam\u00e8tre<br \/>\n&#8211; Personnalisation en quadrichromie<\/p>\n<p><strong>Quantit\u00e9 minimale pour la mise en production<\/strong>: 1 000 kits.<\/p>\n","protected":false},"excerpt":{"rendered":"<p>Autocollants promotionnels ronds avec couverture. Enti\u00e8rement personnalisable, paquet de 40<\/p>\n","protected":false},"featured_media":15707,"template":"","meta":[],"product_brand":[],"product_cat":[639,118,202,168],"product_tag":[],"class_list":{"0":"post-15706","1":"product","2":"type-product","3":"status-publish","4":"has-post-thumbnail","6":"product_cat-costa-tra-1-e-2-euro","7":"product_cat-pharma-adv-gadget-medici-pharma-veterinaria","8":"product_cat-farmacia-adv-gadget-personalizzati-dottore-farmacista","9":"product_cat-post-it","10":"pa_stampa-adesivi-numero-colori-1-col-adesivi","11":"pa_stampa-adesivi-numero-colori-2-col-adesivi","12":"pa_stampa-adesivi-numero-colori-3-col-adesivi","13":"pa_stampa-adesivi-numero-colori-quadricromia-adesivi","14":"pa_stampa-copertina-numero-col-copertina-stampa-quadricromia","15":"pa_stampa-copertina-numero-col-copertina-stampa-1-colore","16":"pa_stampa-copertina-numero-col-copertina-stampa-2-colori","17":"pa_stampa-copertina-numero-col-copertina-stampa-3-colori","19":"first","20":"instock","21":"purchasable","22":"product-type-variable","23":"has-default-attributes"},"yoast_head":"<!-- This site is optimized with the Yoast SEO Premium plugin v27.2 (Yoast SEO v27.2) - https:\/\/yoast.com\/product\/yoast-seo-premium-wordpress\/ -->\n<title>Adesivi promozionali in astuccio standard da 40 adesivi. Personalizzati.<\/title>\n<meta name=\"description\" content=\"Adesivi promozionali in astuccio standard da 40 pezzi. Astuccio e adesivi personalizzati.\" \/>\n<meta name=\"robots\" content=\"index, follow, max-snippet:-1, max-image-preview:large, max-video-preview:-1\" \/>\n<link rel=\"canonical\" href=\"https:\/\/proramillenote.it\/fr\/autocollants-promotionnels-sku648\/\" \/>\n<meta property=\"og:locale\" content=\"fr_FR\" \/>\n<meta property=\"og:type\" content=\"article\" \/>\n<meta property=\"og:title\" content=\"Adesivi promozionali in astuccio standard da 40 adesivi. Personalizzati.\" \/>\n<meta property=\"og:description\" content=\"Adesivi promozionali in astuccio standard da 40 pezzi. Astuccio e adesivi personalizzati.\" \/>\n<meta property=\"og:url\" content=\"https:\/\/proramillenote.it\/fr\/autocollants-promotionnels-sku648\/\" \/>\n<meta property=\"og:site_name\" content=\"Gadget aziendali e post-it personalizzati\" \/>\n<meta property=\"article:modified_time\" content=\"2024-07-15T09:42:36+00:00\" \/>\n<meta property=\"og:image\" content=\"https:\/\/proramillenote.it\/wp-content\/uploads\/2020\/10\/products-Adesivi_sconto_prontex.jpg\" \/>\n\t<meta property=\"og:image:width\" content=\"600\" \/>\n\t<meta property=\"og:image:height\" content=\"600\" \/>\n\t<meta property=\"og:image:type\" content=\"image\/jpeg\" \/>\n<meta name=\"twitter:card\" content=\"summary_large_image\" \/>\n<script type=\"application\/ld+json\" class=\"yoast-schema-graph\">{\"@context\":\"https:\/\/schema.org\",\"@graph\":[{\"@type\":\"WebPage\",\"@id\":\"https:\/\/proramillenote.it\/fr\/autocollants-promotionnels-sku648\/\",\"url\":\"https:\/\/proramillenote.it\/fr\/autocollants-promotionnels-sku648\/\",\"name\":\"Adesivi promozionali in astuccio standard da 40 adesivi. Personalizzati.\",\"isPartOf\":{\"@id\":\"https:\/\/proramillenote.it\/fr\/#website\"},\"primaryImageOfPage\":{\"@id\":\"https:\/\/proramillenote.it\/fr\/autocollants-promotionnels-sku648\/#primaryimage\"},\"image\":{\"@id\":\"https:\/\/proramillenote.it\/fr\/autocollants-promotionnels-sku648\/#primaryimage\"},\"thumbnailUrl\":\"https:\/\/proramillenote.it\/wp-content\/uploads\/2020\/10\/products-Adesivi_sconto_prontex.jpg?wsr\",\"datePublished\":\"2020-10-13T07:48:43+00:00\",\"dateModified\":\"2024-07-15T09:42:36+00:00\",\"description\":\"Adesivi promozionali in astuccio standard da 40 pezzi. Astuccio e adesivi personalizzati.\",\"breadcrumb\":{\"@id\":\"https:\/\/proramillenote.it\/fr\/autocollants-promotionnels-sku648\/#breadcrumb\"},\"inLanguage\":\"fr-FR\",\"potentialAction\":[{\"@type\":\"ReadAction\",\"target\":[\"https:\/\/proramillenote.it\/fr\/autocollants-promotionnels-sku648\/\"]}]},{\"@type\":\"ImageObject\",\"inLanguage\":\"fr-FR\",\"@id\":\"https:\/\/proramillenote.it\/fr\/autocollants-promotionnels-sku648\/#primaryimage\",\"url\":\"https:\/\/proramillenote.it\/wp-content\/uploads\/2020\/10\/products-Adesivi_sconto_prontex.jpg?wsr\",\"contentUrl\":\"https:\/\/proramillenote.it\/wp-content\/uploads\/2020\/10\/products-Adesivi_sconto_prontex.jpg?wsr\",\"width\":600,\"height\":600,\"caption\":\"Label Pediatric Premium Permanent adhesive paper. Circle stickers\"},{\"@type\":\"BreadcrumbList\",\"@id\":\"https:\/\/proramillenote.it\/fr\/autocollants-promotionnels-sku648\/#breadcrumb\",\"itemListElement\":[{\"@type\":\"ListItem\",\"position\":1,\"name\":\"Proramillenote\",\"item\":\"https:\/\/proramillenote.it\/fr\/\"},{\"@type\":\"ListItem\",\"position\":2,\"name\":\"Autocollants promotionnels\"}]},{\"@type\":\"WebSite\",\"@id\":\"https:\/\/proramillenote.it\/fr\/#website\",\"url\":\"https:\/\/proramillenote.it\/fr\/\",\"name\":\"Proramillenote gadget aziendali e post-it personalizzati\",\"description\":\"Post-it personalizzati, block notes con logo e gadget aziendali per il marketing B2B. Specialisti in gadget promozionali per medici e aziende farmaceutiche.\",\"publisher\":{\"@id\":\"https:\/\/proramillenote.it\/fr\/#organization\"},\"alternateName\":\"Proramillenote\",\"potentialAction\":[{\"@type\":\"SearchAction\",\"target\":{\"@type\":\"EntryPoint\",\"urlTemplate\":\"https:\/\/proramillenote.it\/fr\/?s={search_term_string}\"},\"query-input\":{\"@type\":\"PropertyValueSpecification\",\"valueRequired\":true,\"valueName\":\"search_term_string\"}}],\"inLanguage\":\"fr-FR\"},{\"@type\":\"Organization\",\"@id\":\"https:\/\/proramillenote.it\/fr\/#organization\",\"name\":\"Proramillenote gadget aziendali e post-it personalizzati\",\"alternateName\":\"Proramillenote\",\"url\":\"https:\/\/proramillenote.it\/fr\/\",\"logo\":{\"@type\":\"ImageObject\",\"inLanguage\":\"fr-FR\",\"@id\":\"https:\/\/proramillenote.it\/fr\/#\/schema\/logo\/image\/\",\"url\":\"https:\/\/proramillenote.it\/wp-content\/uploads\/papercube800.png?wsr\",\"contentUrl\":\"https:\/\/proramillenote.it\/wp-content\/uploads\/papercube800.png?wsr\",\"width\":800,\"height\":800,\"caption\":\"Proramillenote gadget aziendali e post-it personalizzati\"},\"image\":{\"@id\":\"https:\/\/proramillenote.it\/fr\/#\/schema\/logo\/image\/\"},\"description\":\"\u2022 Specialista in produzione e commercio di gadget per medici e gadget per veterinari personalizzati. \u2022 Produzione di gadget aziendali per qualsiasi settore merceologico dal 1975. \u2022 Produttore di post-it personalizzati, post-it sagomati e cubi di carta personalizzati in stampa digitale oppure offset. Produttore di block-notes con logo. \u2022 Con cartotecnica creativa progettiamo KIT di post-it su misura, Made in Italy e di design italiano, insigniti del prestigioso premio europeo PGA Promotional Gift Award. \u2022 Concorso #Ossoduro \\\"Design di brand reminder da scrivania innovativi\\\" concepito per incoraggiare la creativit\u00e0 degli studenti di scuole secondarie di design e grafica. Annuale - Ed.7\u00b0 2024-2025. \u2022 Proramillenote \u00e8 produttore accreditato EUDAMED per la fornitura di DMClasse I \u2022 Proramillenote \u00e8 certificata FSC\u00ae Chain of custody.\",\"email\":\"customercare@proramillenote.it\",\"telephone\":\"+39 039616593\",\"legalName\":\"Proramillenote Srl\",\"foundingDate\":\"1972-01-01\",\"vatID\":\"10323920966\",\"taxID\":\"10323920966\",\"numberOfEmployees\":{\"@type\":\"QuantitativeValue\",\"minValue\":\"11\",\"maxValue\":\"50\"},\"publishingPrinciples\":\"https:\/\/proramillenote.it\/politica-su-etica\/\",\"ownershipFundingInfo\":\"https:\/\/proramillenote.it\/politica-su-etica\/\",\"actionableFeedbackPolicy\":\"https:\/\/proramillenote.it\/politica-su-etica\/\",\"correctionsPolicy\":\"https:\/\/proramillenote.it\/politica-su-etica\/\",\"ethicsPolicy\":\"https:\/\/proramillenote.it\/politica-su-etica\/\",\"diversityPolicy\":\"https:\/\/proramillenote.it\/politica-su-etica\/\",\"diversityStaffingReport\":\"https:\/\/proramillenote.it\/politica-su-etica\/\"}]}<\/script>\n<meta property=\"og:availability\" content=\"instock\" \/>\n<meta property=\"product:availability\" content=\"instock\" \/>\n<meta property=\"product:retailer_item_id\" content=\"648\" \/>\n<meta property=\"product:condition\" content=\"new\" \/>\n<!-- \/ Yoast SEO Premium plugin. -->","yoast_head_json":{"title":"Adesivi promozionali in astuccio standard da 40 adesivi. Personalizzati.","description":"Adesivi promozionali in astuccio standard da 40 pezzi. Astuccio e adesivi personalizzati.","robots":{"index":"index","follow":"follow","max-snippet":"max-snippet:-1","max-image-preview":"max-image-preview:large","max-video-preview":"max-video-preview:-1"},"canonical":"https:\/\/proramillenote.it\/fr\/autocollants-promotionnels-sku648\/","og_locale":"fr_FR","og_type":"article","og_title":"Adesivi promozionali in astuccio standard da 40 adesivi. Personalizzati.","og_description":"Adesivi promozionali in astuccio standard da 40 pezzi. Astuccio e adesivi personalizzati.","og_url":"https:\/\/proramillenote.it\/fr\/autocollants-promotionnels-sku648\/","og_site_name":"Gadget aziendali e post-it personalizzati","article_modified_time":"2024-07-15T09:42:36+00:00","og_image":[{"width":600,"height":600,"url":"https:\/\/proramillenote.it\/wp-content\/uploads\/2020\/10\/products-Adesivi_sconto_prontex.jpg","type":"image\/jpeg"}],"twitter_card":"summary_large_image","schema":{"@context":"https:\/\/schema.org","@graph":[{"@type":"WebPage","@id":"https:\/\/proramillenote.it\/fr\/autocollants-promotionnels-sku648\/","url":"https:\/\/proramillenote.it\/fr\/autocollants-promotionnels-sku648\/","name":"Adesivi promozionali in astuccio standard da 40 adesivi. Personalizzati.","isPartOf":{"@id":"https:\/\/proramillenote.it\/fr\/#website"},"primaryImageOfPage":{"@id":"https:\/\/proramillenote.it\/fr\/autocollants-promotionnels-sku648\/#primaryimage"},"image":{"@id":"https:\/\/proramillenote.it\/fr\/autocollants-promotionnels-sku648\/#primaryimage"},"thumbnailUrl":"https:\/\/proramillenote.it\/wp-content\/uploads\/2020\/10\/products-Adesivi_sconto_prontex.jpg?wsr","datePublished":"2020-10-13T07:48:43+00:00","dateModified":"2024-07-15T09:42:36+00:00","description":"Adesivi promozionali in astuccio standard da 40 pezzi. Astuccio e adesivi personalizzati.","breadcrumb":{"@id":"https:\/\/proramillenote.it\/fr\/autocollants-promotionnels-sku648\/#breadcrumb"},"inLanguage":"fr-FR","potentialAction":[{"@type":"ReadAction","target":["https:\/\/proramillenote.it\/fr\/autocollants-promotionnels-sku648\/"]}]},{"@type":"ImageObject","inLanguage":"fr-FR","@id":"https:\/\/proramillenote.it\/fr\/autocollants-promotionnels-sku648\/#primaryimage","url":"https:\/\/proramillenote.it\/wp-content\/uploads\/2020\/10\/products-Adesivi_sconto_prontex.jpg?wsr","contentUrl":"https:\/\/proramillenote.it\/wp-content\/uploads\/2020\/10\/products-Adesivi_sconto_prontex.jpg?wsr","width":600,"height":600,"caption":"Label Pediatric Premium Permanent adhesive paper. Circle stickers"},{"@type":"BreadcrumbList","@id":"https:\/\/proramillenote.it\/fr\/autocollants-promotionnels-sku648\/#breadcrumb","itemListElement":[{"@type":"ListItem","position":1,"name":"Proramillenote","item":"https:\/\/proramillenote.it\/fr\/"},{"@type":"ListItem","position":2,"name":"Autocollants promotionnels"}]},{"@type":"WebSite","@id":"https:\/\/proramillenote.it\/fr\/#website","url":"https:\/\/proramillenote.it\/fr\/","name":"Proramillenote gadget aziendali e post-it personalizzati","description":"Post-it personalizzati, block notes con logo e gadget aziendali per il marketing B2B. Specialisti in gadget promozionali per medici e aziende farmaceutiche.","publisher":{"@id":"https:\/\/proramillenote.it\/fr\/#organization"},"alternateName":"Proramillenote","potentialAction":[{"@type":"SearchAction","target":{"@type":"EntryPoint","urlTemplate":"https:\/\/proramillenote.it\/fr\/?s={search_term_string}"},"query-input":{"@type":"PropertyValueSpecification","valueRequired":true,"valueName":"search_term_string"}}],"inLanguage":"fr-FR"},{"@type":"Organization","@id":"https:\/\/proramillenote.it\/fr\/#organization","name":"Proramillenote gadget aziendali e post-it personalizzati","alternateName":"Proramillenote","url":"https:\/\/proramillenote.it\/fr\/","logo":{"@type":"ImageObject","inLanguage":"fr-FR","@id":"https:\/\/proramillenote.it\/fr\/#\/schema\/logo\/image\/","url":"https:\/\/proramillenote.it\/wp-content\/uploads\/papercube800.png?wsr","contentUrl":"https:\/\/proramillenote.it\/wp-content\/uploads\/papercube800.png?wsr","width":800,"height":800,"caption":"Proramillenote gadget aziendali e post-it personalizzati"},"image":{"@id":"https:\/\/proramillenote.it\/fr\/#\/schema\/logo\/image\/"},"description":"\u2022 Specialista in produzione e commercio di gadget per medici e gadget per veterinari personalizzati. \u2022 Produzione di gadget aziendali per qualsiasi settore merceologico dal 1975. \u2022 Produttore di post-it personalizzati, post-it sagomati e cubi di carta personalizzati in stampa digitale oppure offset. Produttore di block-notes con logo. \u2022 Con cartotecnica creativa progettiamo KIT di post-it su misura, Made in Italy e di design italiano, insigniti del prestigioso premio europeo PGA Promotional Gift Award. \u2022 Concorso #Ossoduro \"Design di brand reminder da scrivania innovativi\" concepito per incoraggiare la creativit\u00e0 degli studenti di scuole secondarie di design e grafica. Annuale - Ed.7\u00b0 2024-2025. \u2022 Proramillenote \u00e8 produttore accreditato EUDAMED per la fornitura di DMClasse I \u2022 Proramillenote \u00e8 certificata FSC\u00ae Chain of custody.","email":"customercare@proramillenote.it","telephone":"+39 039616593","legalName":"Proramillenote Srl","foundingDate":"1972-01-01","vatID":"10323920966","taxID":"10323920966","numberOfEmployees":{"@type":"QuantitativeValue","minValue":"11","maxValue":"50"},"publishingPrinciples":"https:\/\/proramillenote.it\/politica-su-etica\/","ownershipFundingInfo":"https:\/\/proramillenote.it\/politica-su-etica\/","actionableFeedbackPolicy":"https:\/\/proramillenote.it\/politica-su-etica\/","correctionsPolicy":"https:\/\/proramillenote.it\/politica-su-etica\/","ethicsPolicy":"https:\/\/proramillenote.it\/politica-su-etica\/","diversityPolicy":"https:\/\/proramillenote.it\/politica-su-etica\/","diversityStaffingReport":"https:\/\/proramillenote.it\/politica-su-etica\/"}]},"og_availability":"instock","product_availability":"instock","product_retailer_item_id":"648","product_condition":"new"},"_links":{"self":[{"href":"https:\/\/proramillenote.it\/fr\/wp-json\/wp\/v2\/product\/15706","targetHints":{"allow":["GET"]}}],"collection":[{"href":"https:\/\/proramillenote.it\/fr\/wp-json\/wp\/v2\/product"}],"about":[{"href":"https:\/\/proramillenote.it\/fr\/wp-json\/wp\/v2\/types\/product"}],"version-history":[{"count":0,"href":"https:\/\/proramillenote.it\/fr\/wp-json\/wp\/v2\/product\/15706\/revisions"}],"wp:featuredmedia":[{"embeddable":true,"href":"https:\/\/proramillenote.it\/fr\/wp-json\/wp\/v2\/media\/15707"}],"wp:attachment":[{"href":"https:\/\/proramillenote.it\/fr\/wp-json\/wp\/v2\/media?parent=15706"}],"wp:term":[{"taxonomy":"product_brand","embeddable":true,"href":"https:\/\/proramillenote.it\/fr\/wp-json\/wp\/v2\/product_brand?post=15706"},{"taxonomy":"product_cat","embeddable":true,"href":"https:\/\/proramillenote.it\/fr\/wp-json\/wp\/v2\/product_cat?post=15706"},{"taxonomy":"product_tag","embeddable":true,"href":"https:\/\/proramillenote.it\/fr\/wp-json\/wp\/v2\/product_tag?post=15706"}],"curies":[{"name":"wp","href":"https:\/\/api.w.org\/{rel}","templated":true}]}}