{"id":15734,"date":"2020-06-22T17:19:21","date_gmt":"2020-06-22T15:19:21","guid":{"rendered":"https:\/\/staging.proramillenote.it\/gadget\/copritavolo-veterinario-in-pvc-br-trasparente\/"},"modified":"2025-11-20T13:41:04","modified_gmt":"2025-11-20T12:41:04","slug":"housse-table-veterinaire-pvc-br-transpar-t","status":"publish","type":"product","link":"https:\/\/proramillenote.it\/fr\/housse-table-veterinaire-pvc-br-transpar-t\/","title":{"rendered":"Housse de table v\u00e9t\u00e9rinaire en PVC BR transparent"},"content":{"rendered":"<p>Housse de table v\u00e9t\u00e9rinaire, en PVC BR grav\u00e9, transparent, \u00e9paisseur 0,40 mm. Il sert \u00e0 prot\u00e9ger la table d&rsquo;examen v\u00e9t\u00e9rinaire et \u00e0 mettre votre logo en \u00e9vidence. La partie sup\u00e9rieure &#8211; la partie avec laquelle l&rsquo;animal entre en contact &#8211; est antid\u00e9rapante, tandis que la partie arri\u00e8re, en contact avec la table, est antid\u00e9rapante. Il convient \u00e9galement pour prot\u00e9ger les \u00e9cailles des animaux.<\/p>\n<p>Mat\u00e9riau: PVC BR grav\u00e9, transparent, \u00e9paisseur 0,40 mm<\/p>\n<p>Personnalisation:<br \/>\nC\u00f4t\u00e9 sup\u00e9rieur<br \/>\n&#8211; de 500 pi\u00e8ces (MOQ) \u00e0 1 000 pi\u00e8ces s\u00e9rigraphi\u00e9es en 1 ou plusieurs couleurs avec un fond blanc opaque s\u00e9rigraphi\u00e9<br \/>\n&#8211; \u00e0 partir de 1 000 pi\u00e8ces impression offset en quadri avec couverture sur fond blanc offset<\/p>\n<p>C\u00f4t\u00e9 arri\u00e8re<br \/>\n&#8211; s\u00e9rigraphie avec une encre antid\u00e9rapante standard<br \/>\n&#8211; s\u00e9rigraphie avec encre antid\u00e9rapante, sujet de votre choix<\/p>\n<p>Livraison<br \/>\nChaque housse de table est livr\u00e9e avec une feuille de protection au dos en Papier blanc artisanal, emball\u00e9e dans des bo\u00eetes en carton ou du papier colis. Pas d&#8217;emballage individuel.<\/p>\n<p>Quantit\u00e9 minimale pour entrer en production 500 pi\u00e8ces<\/p>\n","protected":false},"excerpt":{"rendered":"<p>Housse de table v\u00e9t\u00e9rinaire en PVC transparent, personnalis\u00e9e avec le logo de l&rsquo;entreprise<\/p>\n","protected":false},"featured_media":15735,"template":"","meta":[],"product_brand":[5138],"product_cat":[725,5270,5235],"product_tag":[5193],"class_list":{"0":"post-15734","1":"product","2":"type-product","3":"status-publish","4":"has-post-thumbnail","6":"product_brand-fabricant-proramillenote","7":"product_cat-veterinaire-adv-gadget-pharma-industrie","8":"product_cat-cela-coute-plus-de-2-euros","9":"product_cat-livraison-en-4-semaines","10":"product_tag-importation-2","11":"pa_num-colori-stampa-su-oggetto-gadget-impression-1-couleur","12":"pa_num-colori-stampa-su-oggetto-gadget-impression-2-couleurs","13":"pa_num-colori-stampa-su-oggetto-gadget-impression-3-couleurs","14":"pa_num-colori-stampa-su-oggetto-gadget-impression-4-couleurs","15":"pa_num-colori-stampa-su-oggetto-gadget-impression-en-quadri","17":"first","18":"instock","19":"purchasable","20":"product-type-variable","21":"has-default-attributes"},"yoast_head":"<!-- This site is optimized with the Yoast SEO Premium plugin v27.4 (Yoast SEO v27.4) - https:\/\/yoast.com\/product\/yoast-seo-premium-wordpress\/ -->\n<title>Bespoke PVC BR cover for veterinary examination table<\/title>\n<meta name=\"description\" content=\"Bespoke PVC BR mat for veterinary examination table. It protects veterinary grooming beds, examination tables, and animal weights scales.\" \/>\n<meta name=\"robots\" content=\"index, follow, max-snippet:-1, max-image-preview:large, max-video-preview:-1\" \/>\n<link rel=\"canonical\" href=\"https:\/\/proramillenote.it\/fr\/housse-table-veterinaire-pvc-br-transpar-t\/\" \/>\n<meta property=\"og:locale\" content=\"fr_FR\" \/>\n<meta property=\"og:type\" content=\"article\" \/>\n<meta property=\"og:title\" content=\"Bespoke PVC BR cover for veterinary examination table\" \/>\n<meta property=\"og:description\" content=\"Bespoke PVC BR mat for veterinary examination table. It protects veterinary grooming beds, examination tables, and animal weights scales.\" \/>\n<meta property=\"og:url\" content=\"https:\/\/proramillenote.it\/fr\/housse-table-veterinaire-pvc-br-transpar-t\/\" \/>\n<meta property=\"og:site_name\" content=\"Gadgets d\u2019entreprise et post-it personnalis\u00e9s\" \/>\n<meta property=\"article:modified_time\" content=\"2025-11-20T12:41:04+00:00\" \/>\n<meta property=\"og:image\" content=\"https:\/\/proramillenote.it\/wp-content\/uploads\/2020\/06\/products-copritavolo_visite_Credelio8.png\" \/>\n\t<meta property=\"og:image:width\" content=\"600\" \/>\n\t<meta property=\"og:image:height\" content=\"600\" \/>\n\t<meta property=\"og:image:type\" content=\"image\/jpeg\" \/>\n<meta name=\"twitter:card\" content=\"summary_large_image\" \/>\n<script type=\"application\/ld+json\" class=\"yoast-schema-graph\">{\"@context\":\"https:\\\/\\\/schema.org\",\"@graph\":[{\"@type\":\"WebPage\",\"@id\":\"https:\\\/\\\/proramillenote.it\\\/fr\\\/housse-table-veterinaire-pvc-br-transpar-t\\\/\",\"url\":\"https:\\\/\\\/proramillenote.it\\\/fr\\\/housse-table-veterinaire-pvc-br-transpar-t\\\/\",\"name\":\"Bespoke PVC BR cover for veterinary examination table\",\"isPartOf\":{\"@id\":\"https:\\\/\\\/proramillenote.it\\\/fr\\\/#website\"},\"primaryImageOfPage\":{\"@id\":\"https:\\\/\\\/proramillenote.it\\\/fr\\\/housse-table-veterinaire-pvc-br-transpar-t\\\/#primaryimage\"},\"image\":{\"@id\":\"https:\\\/\\\/proramillenote.it\\\/fr\\\/housse-table-veterinaire-pvc-br-transpar-t\\\/#primaryimage\"},\"thumbnailUrl\":\"https:\\\/\\\/proramillenote.it\\\/wp-content\\\/uploads\\\/2020\\\/06\\\/products-copritavolo_visite_Credelio8.png\",\"datePublished\":\"2020-06-22T15:19:21+00:00\",\"dateModified\":\"2025-11-20T12:41:04+00:00\",\"description\":\"Bespoke PVC BR mat for veterinary examination table. It protects veterinary grooming beds, examination tables, and animal weights scales.\",\"breadcrumb\":{\"@id\":\"https:\\\/\\\/proramillenote.it\\\/fr\\\/housse-table-veterinaire-pvc-br-transpar-t\\\/#breadcrumb\"},\"inLanguage\":\"fr-FR\",\"potentialAction\":[{\"@type\":\"ReadAction\",\"target\":[\"https:\\\/\\\/proramillenote.it\\\/fr\\\/housse-table-veterinaire-pvc-br-transpar-t\\\/\"]}]},{\"@type\":\"ImageObject\",\"inLanguage\":\"fr-FR\",\"@id\":\"https:\\\/\\\/proramillenote.it\\\/fr\\\/housse-table-veterinaire-pvc-br-transpar-t\\\/#primaryimage\",\"url\":\"https:\\\/\\\/proramillenote.it\\\/wp-content\\\/uploads\\\/2020\\\/06\\\/products-copritavolo_visite_Credelio8.png\",\"contentUrl\":\"https:\\\/\\\/proramillenote.it\\\/wp-content\\\/uploads\\\/2020\\\/06\\\/products-copritavolo_visite_Credelio8.png\",\"width\":600,\"height\":600,\"caption\":\"Copri tavolo per visite dal veterinario, antiscivolo, personalizzato con logo aziendale. Soggetto Credelio. Tappeto antiscivolo per animali steso sul tavolo\"},{\"@type\":\"BreadcrumbList\",\"@id\":\"https:\\\/\\\/proramillenote.it\\\/fr\\\/housse-table-veterinaire-pvc-br-transpar-t\\\/#breadcrumb\",\"itemListElement\":[{\"@type\":\"ListItem\",\"position\":1,\"name\":\"Proramillenote\",\"item\":\"https:\\\/\\\/proramillenote.it\\\/fr\\\/\"},{\"@type\":\"ListItem\",\"position\":2,\"name\":\"Housse de table v\u00e9t\u00e9rinaire en PVC BR transparent\"}]},{\"@type\":\"WebSite\",\"@id\":\"https:\\\/\\\/proramillenote.it\\\/fr\\\/#website\",\"url\":\"https:\\\/\\\/proramillenote.it\\\/fr\\\/\",\"name\":\"Proramillenote\",\"description\":\"Post-it personalizzati, block notes con logo e gadget aziendali per il marketing B2B. Specialisti in gadget promozionali per medici e aziende farmaceutiche.\",\"publisher\":{\"@id\":\"https:\\\/\\\/proramillenote.it\\\/fr\\\/#organization\"},\"alternateName\":\"Proramillenote\",\"potentialAction\":[{\"@type\":\"SearchAction\",\"target\":{\"@type\":\"EntryPoint\",\"urlTemplate\":\"https:\\\/\\\/proramillenote.it\\\/fr\\\/?s={search_term_string}\"},\"query-input\":{\"@type\":\"PropertyValueSpecification\",\"valueRequired\":true,\"valueName\":\"search_term_string\"}}],\"inLanguage\":\"fr-FR\"},{\"@type\":\"Organization\",\"@id\":\"https:\\\/\\\/proramillenote.it\\\/fr\\\/#organization\",\"name\":\"Proramillenote gadgets d\u2019entreprise et post-it personnalis\u00e9s\",\"alternateName\":\"Proramillenote\",\"url\":\"https:\\\/\\\/proramillenote.it\\\/fr\\\/\",\"logo\":{\"@type\":\"ImageObject\",\"inLanguage\":\"fr-FR\",\"@id\":\"https:\\\/\\\/proramillenote.it\\\/fr\\\/#\\\/schema\\\/logo\\\/image\\\/\",\"url\":\"https:\\\/\\\/proramillenote.it\\\/wp-content\\\/uploads\\\/papercube800.png?wsr\",\"contentUrl\":\"https:\\\/\\\/proramillenote.it\\\/wp-content\\\/uploads\\\/papercube800.png?wsr\",\"width\":800,\"height\":800,\"caption\":\"Proramillenote gadgets d\u2019entreprise et post-it personnalis\u00e9s\"},\"image\":{\"@id\":\"https:\\\/\\\/proramillenote.it\\\/fr\\\/#\\\/schema\\\/logo\\\/image\\\/\"},\"description\":\"\u2022 Specialista in produzione e commercio di gadget per medici e gadget per veterinari personalizzati. \u2022 Produzione di gadget aziendali per qualsiasi settore merceologico dal 1975. \u2022 Produttore di post-it personalizzati, post-it sagomati e cubi di carta personalizzati in stampa digitale oppure offset. Produttore di block-notes con logo. \u2022 Con cartotecnica creativa progettiamo KIT di post-it su misura, Made in Italy e di design italiano, insigniti del prestigioso premio europeo PGA Promotional Gift Award. \u2022 Concorso #Ossoduro \\\"Design di brand reminder da scrivania innovativi\\\" concepito per incoraggiare la creativit\u00e0 degli studenti di scuole secondarie di design e grafica. Annuale - Ed.7\u00b0 2024-2025. \u2022 Proramillenote \u00e8 produttore accreditato EUDAMED per la fornitura di DMClasse I \u2022 Proramillenote \u00e8 certificata FSC\u00ae Chain of custody.\",\"email\":\"customercare@proramillenote.it\",\"telephone\":\"+39 039616593\",\"legalName\":\"Proramillenote Srl\",\"foundingDate\":\"1972-01-01\",\"vatID\":\"10323920966\",\"taxID\":\"10323920966\",\"numberOfEmployees\":{\"@type\":\"QuantitativeValue\",\"minValue\":\"11\",\"maxValue\":\"50\"},\"publishingPrinciples\":\"https:\\\/\\\/proramillenote.it\\\/politica-su-etica\\\/\",\"ownershipFundingInfo\":\"https:\\\/\\\/proramillenote.it\\\/politica-su-etica\\\/\",\"actionableFeedbackPolicy\":\"https:\\\/\\\/proramillenote.it\\\/politica-su-etica\\\/\",\"correctionsPolicy\":\"https:\\\/\\\/proramillenote.it\\\/politica-su-etica\\\/\",\"ethicsPolicy\":\"https:\\\/\\\/proramillenote.it\\\/politica-su-etica\\\/\",\"diversityPolicy\":\"https:\\\/\\\/proramillenote.it\\\/politica-su-etica\\\/\",\"diversityStaffingReport\":\"https:\\\/\\\/proramillenote.it\\\/politica-su-etica\\\/\"}]}<\/script>\n<meta property=\"product:brand\" content=\"Fabricant Proramillenote\" \/>\n<meta property=\"og:availability\" content=\"instock\" \/>\n<meta property=\"product:availability\" content=\"instock\" \/>\n<meta property=\"product:retailer_item_id\" content=\"640\" \/>\n<meta property=\"product:condition\" content=\"new\" \/>\n<!-- \/ Yoast SEO Premium plugin. -->","yoast_head_json":{"title":"Bespoke PVC BR cover for veterinary examination table","description":"Bespoke PVC BR mat for veterinary examination table. It protects veterinary grooming beds, examination tables, and animal weights scales.","robots":{"index":"index","follow":"follow","max-snippet":"max-snippet:-1","max-image-preview":"max-image-preview:large","max-video-preview":"max-video-preview:-1"},"canonical":"https:\/\/proramillenote.it\/fr\/housse-table-veterinaire-pvc-br-transpar-t\/","og_locale":"fr_FR","og_type":"article","og_title":"Bespoke PVC BR cover for veterinary examination table","og_description":"Bespoke PVC BR mat for veterinary examination table. It protects veterinary grooming beds, examination tables, and animal weights scales.","og_url":"https:\/\/proramillenote.it\/fr\/housse-table-veterinaire-pvc-br-transpar-t\/","og_site_name":"Gadgets d\u2019entreprise et post-it personnalis\u00e9s","article_modified_time":"2025-11-20T12:41:04+00:00","og_image":[{"width":600,"height":600,"url":"https:\/\/proramillenote.it\/wp-content\/uploads\/2020\/06\/products-copritavolo_visite_Credelio8.png","type":"image\/jpeg"}],"twitter_card":"summary_large_image","schema":{"@context":"https:\/\/schema.org","@graph":[{"@type":"WebPage","@id":"https:\/\/proramillenote.it\/fr\/housse-table-veterinaire-pvc-br-transpar-t\/","url":"https:\/\/proramillenote.it\/fr\/housse-table-veterinaire-pvc-br-transpar-t\/","name":"Bespoke PVC BR cover for veterinary examination table","isPartOf":{"@id":"https:\/\/proramillenote.it\/fr\/#website"},"primaryImageOfPage":{"@id":"https:\/\/proramillenote.it\/fr\/housse-table-veterinaire-pvc-br-transpar-t\/#primaryimage"},"image":{"@id":"https:\/\/proramillenote.it\/fr\/housse-table-veterinaire-pvc-br-transpar-t\/#primaryimage"},"thumbnailUrl":"https:\/\/proramillenote.it\/wp-content\/uploads\/2020\/06\/products-copritavolo_visite_Credelio8.png","datePublished":"2020-06-22T15:19:21+00:00","dateModified":"2025-11-20T12:41:04+00:00","description":"Bespoke PVC BR mat for veterinary examination table. It protects veterinary grooming beds, examination tables, and animal weights scales.","breadcrumb":{"@id":"https:\/\/proramillenote.it\/fr\/housse-table-veterinaire-pvc-br-transpar-t\/#breadcrumb"},"inLanguage":"fr-FR","potentialAction":[{"@type":"ReadAction","target":["https:\/\/proramillenote.it\/fr\/housse-table-veterinaire-pvc-br-transpar-t\/"]}]},{"@type":"ImageObject","inLanguage":"fr-FR","@id":"https:\/\/proramillenote.it\/fr\/housse-table-veterinaire-pvc-br-transpar-t\/#primaryimage","url":"https:\/\/proramillenote.it\/wp-content\/uploads\/2020\/06\/products-copritavolo_visite_Credelio8.png","contentUrl":"https:\/\/proramillenote.it\/wp-content\/uploads\/2020\/06\/products-copritavolo_visite_Credelio8.png","width":600,"height":600,"caption":"Copri tavolo per visite dal veterinario, antiscivolo, personalizzato con logo aziendale. Soggetto Credelio. Tappeto antiscivolo per animali steso sul tavolo"},{"@type":"BreadcrumbList","@id":"https:\/\/proramillenote.it\/fr\/housse-table-veterinaire-pvc-br-transpar-t\/#breadcrumb","itemListElement":[{"@type":"ListItem","position":1,"name":"Proramillenote","item":"https:\/\/proramillenote.it\/fr\/"},{"@type":"ListItem","position":2,"name":"Housse de table v\u00e9t\u00e9rinaire en PVC BR transparent"}]},{"@type":"WebSite","@id":"https:\/\/proramillenote.it\/fr\/#website","url":"https:\/\/proramillenote.it\/fr\/","name":"Proramillenote","description":"Post-it personalizzati, block notes con logo e gadget aziendali per il marketing B2B. Specialisti in gadget promozionali per medici e aziende farmaceutiche.","publisher":{"@id":"https:\/\/proramillenote.it\/fr\/#organization"},"alternateName":"Proramillenote","potentialAction":[{"@type":"SearchAction","target":{"@type":"EntryPoint","urlTemplate":"https:\/\/proramillenote.it\/fr\/?s={search_term_string}"},"query-input":{"@type":"PropertyValueSpecification","valueRequired":true,"valueName":"search_term_string"}}],"inLanguage":"fr-FR"},{"@type":"Organization","@id":"https:\/\/proramillenote.it\/fr\/#organization","name":"Proramillenote gadgets d\u2019entreprise et post-it personnalis\u00e9s","alternateName":"Proramillenote","url":"https:\/\/proramillenote.it\/fr\/","logo":{"@type":"ImageObject","inLanguage":"fr-FR","@id":"https:\/\/proramillenote.it\/fr\/#\/schema\/logo\/image\/","url":"https:\/\/proramillenote.it\/wp-content\/uploads\/papercube800.png?wsr","contentUrl":"https:\/\/proramillenote.it\/wp-content\/uploads\/papercube800.png?wsr","width":800,"height":800,"caption":"Proramillenote gadgets d\u2019entreprise et post-it personnalis\u00e9s"},"image":{"@id":"https:\/\/proramillenote.it\/fr\/#\/schema\/logo\/image\/"},"description":"\u2022 Specialista in produzione e commercio di gadget per medici e gadget per veterinari personalizzati. \u2022 Produzione di gadget aziendali per qualsiasi settore merceologico dal 1975. \u2022 Produttore di post-it personalizzati, post-it sagomati e cubi di carta personalizzati in stampa digitale oppure offset. Produttore di block-notes con logo. \u2022 Con cartotecnica creativa progettiamo KIT di post-it su misura, Made in Italy e di design italiano, insigniti del prestigioso premio europeo PGA Promotional Gift Award. \u2022 Concorso #Ossoduro \"Design di brand reminder da scrivania innovativi\" concepito per incoraggiare la creativit\u00e0 degli studenti di scuole secondarie di design e grafica. Annuale - Ed.7\u00b0 2024-2025. \u2022 Proramillenote \u00e8 produttore accreditato EUDAMED per la fornitura di DMClasse I \u2022 Proramillenote \u00e8 certificata FSC\u00ae Chain of custody.","email":"customercare@proramillenote.it","telephone":"+39 039616593","legalName":"Proramillenote Srl","foundingDate":"1972-01-01","vatID":"10323920966","taxID":"10323920966","numberOfEmployees":{"@type":"QuantitativeValue","minValue":"11","maxValue":"50"},"publishingPrinciples":"https:\/\/proramillenote.it\/politica-su-etica\/","ownershipFundingInfo":"https:\/\/proramillenote.it\/politica-su-etica\/","actionableFeedbackPolicy":"https:\/\/proramillenote.it\/politica-su-etica\/","correctionsPolicy":"https:\/\/proramillenote.it\/politica-su-etica\/","ethicsPolicy":"https:\/\/proramillenote.it\/politica-su-etica\/","diversityPolicy":"https:\/\/proramillenote.it\/politica-su-etica\/","diversityStaffingReport":"https:\/\/proramillenote.it\/politica-su-etica\/"}]},"product_brand":"Fabricant Proramillenote","og_availability":"instock","product_availability":"instock","product_retailer_item_id":"640","product_condition":"new"},"_links":{"self":[{"href":"https:\/\/proramillenote.it\/fr\/wp-json\/wp\/v2\/product\/15734","targetHints":{"allow":["GET"]}}],"collection":[{"href":"https:\/\/proramillenote.it\/fr\/wp-json\/wp\/v2\/product"}],"about":[{"href":"https:\/\/proramillenote.it\/fr\/wp-json\/wp\/v2\/types\/product"}],"version-history":[{"count":0,"href":"https:\/\/proramillenote.it\/fr\/wp-json\/wp\/v2\/product\/15734\/revisions"}],"wp:featuredmedia":[{"embeddable":true,"href":"https:\/\/proramillenote.it\/fr\/wp-json\/wp\/v2\/media\/15735"}],"wp:attachment":[{"href":"https:\/\/proramillenote.it\/fr\/wp-json\/wp\/v2\/media?parent=15734"}],"wp:term":[{"taxonomy":"product_brand","embeddable":true,"href":"https:\/\/proramillenote.it\/fr\/wp-json\/wp\/v2\/product_brand?post=15734"},{"taxonomy":"product_cat","embeddable":true,"href":"https:\/\/proramillenote.it\/fr\/wp-json\/wp\/v2\/product_cat?post=15734"},{"taxonomy":"product_tag","embeddable":true,"href":"https:\/\/proramillenote.it\/fr\/wp-json\/wp\/v2\/product_tag?post=15734"}],"curies":[{"name":"wp","href":"https:\/\/api.w.org\/{rel}","templated":true}]}}