{"id":15841,"date":"2020-05-18T09:42:00","date_gmt":"2020-05-18T07:42:00","guid":{"rendered":"https:\/\/staging.proramillenote.it\/gadget\/portamascherina-personalizzato-in-cartoncino\/"},"modified":"2024-07-15T11:54:28","modified_gmt":"2024-07-15T09:54:28","slug":"portamascherina-personalizzato-cartoncino-sku634","status":"publish","type":"product","link":"https:\/\/proramillenote.it\/fr\/portamascherina-personalizzato-cartoncino-sku634\/","title":{"rendered":"Porte-masque en carton personnalis\u00e9"},"content":{"rendered":"<p>Conteneur de masque personnalis\u00e9. Fabriqu\u00e9 en carton.\u00a0 Prot\u00e9gez votre masque de remplacement dans un contenant de poche pratique et s\u00fbr. Plus besoin de toucher le masque avec les mains pour le retirer ! Convient pour le stockage et le transport des masques chirurgicaux.<\/p>\n<p><img decoding=\"async\" class=\"\" src=\"https:\/\/proramillenote.it\/wp-content\/uploads\/logoportamascherina.png\" alt=\"logo portamascherina\" width=\"251\" height=\"169\" \/><\/p>\n<p>Regardez le video de <a href=\"https:\/\/youtu.be\/oDZQCvdDcAY\">Porte-masque en carton personnalis\u00e9<\/a> (35 sec.)<a title=\"Portamascherina \" href=\"https:\/\/youtu.be\/oDZQCvdDcAY\" target=\"_blank\" rel=\"next noopener\"><br \/>\n<\/a><br \/>\n<strong>Format ferm\u00e9:<\/strong><br \/>\n&#8211; 93&#215;65 mm<br \/>\n&#8211; \u00c9paisseur 8 mm<\/p>\n<p><strong>Porte-masques en carton<\/strong><br \/>\n&#8211; Plastification: blanche et vo\u00fbt\u00e9e<br \/>\n&#8211; Mat\u00e9riau: carton<br \/>\n&#8211; Finition: coins arrondis<br \/>\n&#8211; Lavable: avec un d\u00e9tergent ordinaire \u00e0 base d&rsquo;alcool<br \/>\n&#8211; Masque chirurgical neutre en option (demander un devis)<\/p>\n<p>Personnalisation par impression num\u00e9rique (convient pour les graphiques complexes et photographiques)<br \/>\nMode d&#8217;emploi imprim\u00e9 sur la moiti\u00e9 int\u00e9rieure<\/p>\n<p><strong>Options de conditionnement<\/strong><br \/>\nEmballage standard: d\u00e9coup\u00e9, \u00e9tir\u00e9, pli\u00e9, en bo\u00eetes de 500 pi\u00e8ces.<br \/>\nEmballage facultatif<br \/>\na) D\u00e9coup\u00e9 \u00e0 l&#8217;emporte-pi\u00e8ce, tendu, pli\u00e9 en sacs de 50<br \/>\nb) D\u00e9coup\u00e9 \u00e0 l&#8217;emporte-pi\u00e8ce, pli\u00e9 en un seul sac (taille du sac 105&#215;75 mm)<br \/>\nc) D\u00e9coup\u00e9 \u00e0 l&#8217;emporte-pi\u00e8ce, pli\u00e9 en sachet individuel avec un encart personnalis\u00e9 en 4 + 4 couleurs (format de l&rsquo;encart 150&#215;120 mm).<\/p>\n<h6>Quantit\u00e9 minimale: 300 pi\u00e8ces<\/h6>\n<p>Fabriqu\u00e9 par Proramillenote.<\/p>\n<p><strong><br \/>\n<\/strong><a href=\"https:\/\/proramillenote.it\/wp-content\/uploads\/Istruzioni_portamascherina.png\">T\u00e9l\u00e9chargez le mode d&#8217;emploi<\/a><strong><br \/>\n<\/strong><\/p>\n<p><iframe title=\"Video Porte-masque en carton personnalis\u00e9\" src=\"https:\/\/www.youtube-nocookie.com\/embed\/Iyiq2HJ5lWo?rel=0\" width=\"560\" height=\"315\" frameborder=\"0\" allowfullscreen=\"allowfullscreen\"><\/iframe><\/p>\n","protected":false},"excerpt":{"rendered":"<p>Personnalis\u00e9 dans un carton lamin\u00e9. Porte-masque pour masque chirurgical.<\/p>\n","protected":false},"featured_media":15842,"template":"","meta":[],"product_brand":[],"product_cat":[5078,673,688],"product_tag":[],"class_list":{"0":"post-15841","1":"product","2":"type-product","3":"status-publish","4":"has-post-thumbnail","6":"product_cat-ca-coute-moins-d1-euro","7":"product_cat-gadget-publicitaire-personnalise-pharma-veterinaire-medecin-producteur-revendeur-subcat-fr","8":"product_cat-gadget-personnalise-pour-le-docteur-pharmacien","9":"pa_stampa-astuccio-col-ast-1c-fr-2","10":"pa_stampa-astuccio-col-ast-2c-fr-2","11":"pa_stampa-astuccio-col-ast-3c-fr-2","12":"pa_stampa-astuccio-col-ast-4c-fr-2","14":"first","15":"instock","16":"purchasable","17":"product-type-variable","18":"has-default-attributes"},"yoast_head":"<!-- This site is optimized with the Yoast SEO Premium plugin v27.2 (Yoast SEO v27.2) - https:\/\/yoast.com\/product\/yoast-seo-premium-wordpress\/ -->\n<title>Bespoke cardboard face mask holder with corporate image<\/title>\n<meta name=\"description\" content=\"Bespoke cardboard face mask holder with corporate logo min 300 px\" \/>\n<meta name=\"robots\" content=\"index, follow, max-snippet:-1, max-image-preview:large, max-video-preview:-1\" \/>\n<link rel=\"canonical\" href=\"https:\/\/proramillenote.it\/fr\/portamascherina-personalizzato-cartoncino-sku634\/\" \/>\n<meta property=\"og:locale\" content=\"fr_FR\" \/>\n<meta property=\"og:type\" content=\"article\" \/>\n<meta property=\"og:title\" content=\"Bespoke cardboard face mask holder with corporate image\" \/>\n<meta property=\"og:description\" content=\"Bespoke cardboard face mask holder with corporate logo min 300 px\" \/>\n<meta property=\"og:url\" content=\"https:\/\/proramillenote.it\/fr\/portamascherina-personalizzato-cartoncino-sku634\/\" \/>\n<meta property=\"og:site_name\" content=\"Gadget aziendali e post-it personalizzati\" \/>\n<meta property=\"article:modified_time\" content=\"2024-07-15T09:54:28+00:00\" \/>\n<meta property=\"og:image\" content=\"https:\/\/proramillenote.it\/wp-content\/uploads\/2020\/05\/products-Portamascherina_Cartoncino_Fiori_600.jpg\" \/>\n\t<meta property=\"og:image:width\" content=\"600\" \/>\n\t<meta property=\"og:image:height\" content=\"600\" \/>\n\t<meta property=\"og:image:type\" content=\"image\/jpeg\" \/>\n<meta name=\"twitter:card\" content=\"summary_large_image\" \/>\n<script type=\"application\/ld+json\" class=\"yoast-schema-graph\">{\"@context\":\"https:\/\/schema.org\",\"@graph\":[{\"@type\":\"WebPage\",\"@id\":\"https:\/\/proramillenote.it\/fr\/portamascherina-personalizzato-cartoncino-sku634\/\",\"url\":\"https:\/\/proramillenote.it\/fr\/portamascherina-personalizzato-cartoncino-sku634\/\",\"name\":\"Bespoke cardboard face mask holder with corporate image\",\"isPartOf\":{\"@id\":\"https:\/\/proramillenote.it\/fr\/#website\"},\"primaryImageOfPage\":{\"@id\":\"https:\/\/proramillenote.it\/fr\/portamascherina-personalizzato-cartoncino-sku634\/#primaryimage\"},\"image\":{\"@id\":\"https:\/\/proramillenote.it\/fr\/portamascherina-personalizzato-cartoncino-sku634\/#primaryimage\"},\"thumbnailUrl\":\"https:\/\/proramillenote.it\/wp-content\/uploads\/2020\/05\/products-Portamascherina_Cartoncino_Fiori_600.jpg?wsr\",\"datePublished\":\"2020-05-18T07:42:00+00:00\",\"dateModified\":\"2024-07-15T09:54:28+00:00\",\"description\":\"Bespoke cardboard face mask holder with corporate logo min 300 px\",\"breadcrumb\":{\"@id\":\"https:\/\/proramillenote.it\/fr\/portamascherina-personalizzato-cartoncino-sku634\/#breadcrumb\"},\"inLanguage\":\"fr-FR\",\"potentialAction\":[{\"@type\":\"ReadAction\",\"target\":[\"https:\/\/proramillenote.it\/fr\/portamascherina-personalizzato-cartoncino-sku634\/\"]}]},{\"@type\":\"ImageObject\",\"inLanguage\":\"fr-FR\",\"@id\":\"https:\/\/proramillenote.it\/fr\/portamascherina-personalizzato-cartoncino-sku634\/#primaryimage\",\"url\":\"https:\/\/proramillenote.it\/wp-content\/uploads\/2020\/05\/products-Portamascherina_Cartoncino_Fiori_600.jpg?wsr\",\"contentUrl\":\"https:\/\/proramillenote.it\/wp-content\/uploads\/2020\/05\/products-Portamascherina_Cartoncino_Fiori_600.jpg?wsr\",\"width\":600,\"height\":600},{\"@type\":\"BreadcrumbList\",\"@id\":\"https:\/\/proramillenote.it\/fr\/portamascherina-personalizzato-cartoncino-sku634\/#breadcrumb\",\"itemListElement\":[{\"@type\":\"ListItem\",\"position\":1,\"name\":\"Proramillenote\",\"item\":\"https:\/\/proramillenote.it\/fr\/\"},{\"@type\":\"ListItem\",\"position\":2,\"name\":\"Porte-masque en carton personnalis\u00e9\"}]},{\"@type\":\"WebSite\",\"@id\":\"https:\/\/proramillenote.it\/fr\/#website\",\"url\":\"https:\/\/proramillenote.it\/fr\/\",\"name\":\"Proramillenote gadget aziendali e post-it personalizzati\",\"description\":\"Post-it personalizzati, block notes con logo e gadget aziendali per il marketing B2B. Specialisti in gadget promozionali per medici e aziende farmaceutiche.\",\"publisher\":{\"@id\":\"https:\/\/proramillenote.it\/fr\/#organization\"},\"alternateName\":\"Proramillenote\",\"potentialAction\":[{\"@type\":\"SearchAction\",\"target\":{\"@type\":\"EntryPoint\",\"urlTemplate\":\"https:\/\/proramillenote.it\/fr\/?s={search_term_string}\"},\"query-input\":{\"@type\":\"PropertyValueSpecification\",\"valueRequired\":true,\"valueName\":\"search_term_string\"}}],\"inLanguage\":\"fr-FR\"},{\"@type\":\"Organization\",\"@id\":\"https:\/\/proramillenote.it\/fr\/#organization\",\"name\":\"Proramillenote gadget aziendali e post-it personalizzati\",\"alternateName\":\"Proramillenote\",\"url\":\"https:\/\/proramillenote.it\/fr\/\",\"logo\":{\"@type\":\"ImageObject\",\"inLanguage\":\"fr-FR\",\"@id\":\"https:\/\/proramillenote.it\/fr\/#\/schema\/logo\/image\/\",\"url\":\"https:\/\/proramillenote.it\/wp-content\/uploads\/papercube800.png?wsr\",\"contentUrl\":\"https:\/\/proramillenote.it\/wp-content\/uploads\/papercube800.png?wsr\",\"width\":800,\"height\":800,\"caption\":\"Proramillenote gadget aziendali e post-it personalizzati\"},\"image\":{\"@id\":\"https:\/\/proramillenote.it\/fr\/#\/schema\/logo\/image\/\"},\"description\":\"\u2022 Specialista in produzione e commercio di gadget per medici e gadget per veterinari personalizzati. \u2022 Produzione di gadget aziendali per qualsiasi settore merceologico dal 1975. \u2022 Produttore di post-it personalizzati, post-it sagomati e cubi di carta personalizzati in stampa digitale oppure offset. Produttore di block-notes con logo. \u2022 Con cartotecnica creativa progettiamo KIT di post-it su misura, Made in Italy e di design italiano, insigniti del prestigioso premio europeo PGA Promotional Gift Award. \u2022 Concorso #Ossoduro \\\"Design di brand reminder da scrivania innovativi\\\" concepito per incoraggiare la creativit\u00e0 degli studenti di scuole secondarie di design e grafica. Annuale - Ed.7\u00b0 2024-2025. \u2022 Proramillenote \u00e8 produttore accreditato EUDAMED per la fornitura di DMClasse I \u2022 Proramillenote \u00e8 certificata FSC\u00ae Chain of custody.\",\"email\":\"customercare@proramillenote.it\",\"telephone\":\"+39 039616593\",\"legalName\":\"Proramillenote Srl\",\"foundingDate\":\"1972-01-01\",\"vatID\":\"10323920966\",\"taxID\":\"10323920966\",\"numberOfEmployees\":{\"@type\":\"QuantitativeValue\",\"minValue\":\"11\",\"maxValue\":\"50\"},\"publishingPrinciples\":\"https:\/\/proramillenote.it\/politica-su-etica\/\",\"ownershipFundingInfo\":\"https:\/\/proramillenote.it\/politica-su-etica\/\",\"actionableFeedbackPolicy\":\"https:\/\/proramillenote.it\/politica-su-etica\/\",\"correctionsPolicy\":\"https:\/\/proramillenote.it\/politica-su-etica\/\",\"ethicsPolicy\":\"https:\/\/proramillenote.it\/politica-su-etica\/\",\"diversityPolicy\":\"https:\/\/proramillenote.it\/politica-su-etica\/\",\"diversityStaffingReport\":\"https:\/\/proramillenote.it\/politica-su-etica\/\"}]}<\/script>\n<meta property=\"og:availability\" content=\"instock\" \/>\n<meta property=\"product:availability\" content=\"instock\" \/>\n<meta property=\"product:retailer_item_id\" content=\"634\" \/>\n<meta property=\"product:condition\" content=\"new\" \/>\n<!-- \/ Yoast SEO Premium plugin. -->","yoast_head_json":{"title":"Bespoke cardboard face mask holder with corporate image","description":"Bespoke cardboard face mask holder with corporate logo min 300 px","robots":{"index":"index","follow":"follow","max-snippet":"max-snippet:-1","max-image-preview":"max-image-preview:large","max-video-preview":"max-video-preview:-1"},"canonical":"https:\/\/proramillenote.it\/fr\/portamascherina-personalizzato-cartoncino-sku634\/","og_locale":"fr_FR","og_type":"article","og_title":"Bespoke cardboard face mask holder with corporate image","og_description":"Bespoke cardboard face mask holder with corporate logo min 300 px","og_url":"https:\/\/proramillenote.it\/fr\/portamascherina-personalizzato-cartoncino-sku634\/","og_site_name":"Gadget aziendali e post-it personalizzati","article_modified_time":"2024-07-15T09:54:28+00:00","og_image":[{"width":600,"height":600,"url":"https:\/\/proramillenote.it\/wp-content\/uploads\/2020\/05\/products-Portamascherina_Cartoncino_Fiori_600.jpg","type":"image\/jpeg"}],"twitter_card":"summary_large_image","schema":{"@context":"https:\/\/schema.org","@graph":[{"@type":"WebPage","@id":"https:\/\/proramillenote.it\/fr\/portamascherina-personalizzato-cartoncino-sku634\/","url":"https:\/\/proramillenote.it\/fr\/portamascherina-personalizzato-cartoncino-sku634\/","name":"Bespoke cardboard face mask holder with corporate image","isPartOf":{"@id":"https:\/\/proramillenote.it\/fr\/#website"},"primaryImageOfPage":{"@id":"https:\/\/proramillenote.it\/fr\/portamascherina-personalizzato-cartoncino-sku634\/#primaryimage"},"image":{"@id":"https:\/\/proramillenote.it\/fr\/portamascherina-personalizzato-cartoncino-sku634\/#primaryimage"},"thumbnailUrl":"https:\/\/proramillenote.it\/wp-content\/uploads\/2020\/05\/products-Portamascherina_Cartoncino_Fiori_600.jpg?wsr","datePublished":"2020-05-18T07:42:00+00:00","dateModified":"2024-07-15T09:54:28+00:00","description":"Bespoke cardboard face mask holder with corporate logo min 300 px","breadcrumb":{"@id":"https:\/\/proramillenote.it\/fr\/portamascherina-personalizzato-cartoncino-sku634\/#breadcrumb"},"inLanguage":"fr-FR","potentialAction":[{"@type":"ReadAction","target":["https:\/\/proramillenote.it\/fr\/portamascherina-personalizzato-cartoncino-sku634\/"]}]},{"@type":"ImageObject","inLanguage":"fr-FR","@id":"https:\/\/proramillenote.it\/fr\/portamascherina-personalizzato-cartoncino-sku634\/#primaryimage","url":"https:\/\/proramillenote.it\/wp-content\/uploads\/2020\/05\/products-Portamascherina_Cartoncino_Fiori_600.jpg?wsr","contentUrl":"https:\/\/proramillenote.it\/wp-content\/uploads\/2020\/05\/products-Portamascherina_Cartoncino_Fiori_600.jpg?wsr","width":600,"height":600},{"@type":"BreadcrumbList","@id":"https:\/\/proramillenote.it\/fr\/portamascherina-personalizzato-cartoncino-sku634\/#breadcrumb","itemListElement":[{"@type":"ListItem","position":1,"name":"Proramillenote","item":"https:\/\/proramillenote.it\/fr\/"},{"@type":"ListItem","position":2,"name":"Porte-masque en carton personnalis\u00e9"}]},{"@type":"WebSite","@id":"https:\/\/proramillenote.it\/fr\/#website","url":"https:\/\/proramillenote.it\/fr\/","name":"Proramillenote gadget aziendali e post-it personalizzati","description":"Post-it personalizzati, block notes con logo e gadget aziendali per il marketing B2B. Specialisti in gadget promozionali per medici e aziende farmaceutiche.","publisher":{"@id":"https:\/\/proramillenote.it\/fr\/#organization"},"alternateName":"Proramillenote","potentialAction":[{"@type":"SearchAction","target":{"@type":"EntryPoint","urlTemplate":"https:\/\/proramillenote.it\/fr\/?s={search_term_string}"},"query-input":{"@type":"PropertyValueSpecification","valueRequired":true,"valueName":"search_term_string"}}],"inLanguage":"fr-FR"},{"@type":"Organization","@id":"https:\/\/proramillenote.it\/fr\/#organization","name":"Proramillenote gadget aziendali e post-it personalizzati","alternateName":"Proramillenote","url":"https:\/\/proramillenote.it\/fr\/","logo":{"@type":"ImageObject","inLanguage":"fr-FR","@id":"https:\/\/proramillenote.it\/fr\/#\/schema\/logo\/image\/","url":"https:\/\/proramillenote.it\/wp-content\/uploads\/papercube800.png?wsr","contentUrl":"https:\/\/proramillenote.it\/wp-content\/uploads\/papercube800.png?wsr","width":800,"height":800,"caption":"Proramillenote gadget aziendali e post-it personalizzati"},"image":{"@id":"https:\/\/proramillenote.it\/fr\/#\/schema\/logo\/image\/"},"description":"\u2022 Specialista in produzione e commercio di gadget per medici e gadget per veterinari personalizzati. \u2022 Produzione di gadget aziendali per qualsiasi settore merceologico dal 1975. \u2022 Produttore di post-it personalizzati, post-it sagomati e cubi di carta personalizzati in stampa digitale oppure offset. Produttore di block-notes con logo. \u2022 Con cartotecnica creativa progettiamo KIT di post-it su misura, Made in Italy e di design italiano, insigniti del prestigioso premio europeo PGA Promotional Gift Award. \u2022 Concorso #Ossoduro \"Design di brand reminder da scrivania innovativi\" concepito per incoraggiare la creativit\u00e0 degli studenti di scuole secondarie di design e grafica. Annuale - Ed.7\u00b0 2024-2025. \u2022 Proramillenote \u00e8 produttore accreditato EUDAMED per la fornitura di DMClasse I \u2022 Proramillenote \u00e8 certificata FSC\u00ae Chain of custody.","email":"customercare@proramillenote.it","telephone":"+39 039616593","legalName":"Proramillenote Srl","foundingDate":"1972-01-01","vatID":"10323920966","taxID":"10323920966","numberOfEmployees":{"@type":"QuantitativeValue","minValue":"11","maxValue":"50"},"publishingPrinciples":"https:\/\/proramillenote.it\/politica-su-etica\/","ownershipFundingInfo":"https:\/\/proramillenote.it\/politica-su-etica\/","actionableFeedbackPolicy":"https:\/\/proramillenote.it\/politica-su-etica\/","correctionsPolicy":"https:\/\/proramillenote.it\/politica-su-etica\/","ethicsPolicy":"https:\/\/proramillenote.it\/politica-su-etica\/","diversityPolicy":"https:\/\/proramillenote.it\/politica-su-etica\/","diversityStaffingReport":"https:\/\/proramillenote.it\/politica-su-etica\/"}]},"og_availability":"instock","product_availability":"instock","product_retailer_item_id":"634","product_condition":"new"},"_links":{"self":[{"href":"https:\/\/proramillenote.it\/fr\/wp-json\/wp\/v2\/product\/15841","targetHints":{"allow":["GET"]}}],"collection":[{"href":"https:\/\/proramillenote.it\/fr\/wp-json\/wp\/v2\/product"}],"about":[{"href":"https:\/\/proramillenote.it\/fr\/wp-json\/wp\/v2\/types\/product"}],"version-history":[{"count":0,"href":"https:\/\/proramillenote.it\/fr\/wp-json\/wp\/v2\/product\/15841\/revisions"}],"wp:featuredmedia":[{"embeddable":true,"href":"https:\/\/proramillenote.it\/fr\/wp-json\/wp\/v2\/media\/15842"}],"wp:attachment":[{"href":"https:\/\/proramillenote.it\/fr\/wp-json\/wp\/v2\/media?parent=15841"}],"wp:term":[{"taxonomy":"product_brand","embeddable":true,"href":"https:\/\/proramillenote.it\/fr\/wp-json\/wp\/v2\/product_brand?post=15841"},{"taxonomy":"product_cat","embeddable":true,"href":"https:\/\/proramillenote.it\/fr\/wp-json\/wp\/v2\/product_cat?post=15841"},{"taxonomy":"product_tag","embeddable":true,"href":"https:\/\/proramillenote.it\/fr\/wp-json\/wp\/v2\/product_tag?post=15841"}],"curies":[{"name":"wp","href":"https:\/\/api.w.org\/{rel}","templated":true}]}}