{"id":15879,"date":"2019-06-07T13:24:19","date_gmt":"2019-06-07T11:24:19","guid":{"rendered":"https:\/\/staging.proramillenote.it\/gadget\/memoplan-triplo-post-it-con-bandierine-di-carta\/"},"modified":"2024-07-15T11:42:10","modified_gmt":"2024-07-15T09:42:10","slug":"3-post-it-drapeaux-papier-sku542","status":"publish","type":"product","link":"https:\/\/proramillenote.it\/fr\/3-post-it-drapeaux-papier-sku542\/","title":{"rendered":"3 post-it avec drapeaux en papier"},"content":{"rendered":"<p><strong>Pochette de blocs-notes adh\u00e9sifs compos\u00e9e de:<\/strong><br \/>\n\u2022 couverture en carton, enti\u00e8rement personnalisables.<br \/>\n\u2022 1 jeu de drapeaux marqueurs en papier adh\u00e9sif<br \/>\n\u20223 blocs-notes post-it adh\u00e9sifs<\/p>\n<p><img decoding=\"async\" class=\"alignnone size-full wp-image-9355\" src=\"https:\/\/proramillenote.it\/wp-content\/uploads\/memotack-post-it-proramillenote.png\" alt=\"\" width=\"272\" height=\"50\" \/><\/p>\n<p><strong>Couverture<\/strong>:<br \/>\n&#8211; Mat\u00e9riau: carton couch\u00e9 brillant contrecoll\u00e9 en blanc et vo\u00fbt\u00e9<br \/>\n&#8211; Format ouvert: 326mm x 170 mm<br \/>\n&#8211; Format ferm\u00e9: ferm\u00e9 160&#215;170 mm, dos 6 mm<br \/>\n&#8211; Personnalisation de la couverture graphisme client personnalis\u00e9 en quadri sur la couverture avant et sur la couverture avant<\/p>\n<p><strong>3 blocs-notes<\/strong><br \/>\n&#8211; 3 blocs-notes adh\u00e9sifs avec 3 sujets diff\u00e9rents<br \/>\n&#8211; Format: 69&#215;75 mm<br \/>\n&#8211; \u00c9paisseur: 50 feuilles (5 mm)<br \/>\n&#8211; Personnalisation: graphisme client personnalis\u00e9 jusqu&rsquo;\u00e0 4 couleurs.<br \/>\n&#8211; Coll\u00e9 sur la couverture arri\u00e8re<\/p>\n<p><strong>1 Bloc-notes des drapeaux signets:<\/strong><br \/>\n&#8211; Mat\u00e9riau: drapeaux en papier inscriptible<br \/>\n&#8211; Format du drapeau: 23&#215;75 mm<br \/>\n&#8211; \u00c9paisseur du bloc de drapeaux: 50 feuilles (5 mm)<br \/>\n&#8211; Personnalisation: graphiques sp\u00e9cifiques au client jusqu&rsquo;\u00e0 4 couleurs.<\/p>\n<p><strong>Conditionnement<\/strong>: terminaison de poche individuelle<\/p>\n<p><strong>Livraison<\/strong>: en bo\u00eetes<\/p>\n<h6>Commande minimale: 500 pi\u00e8ces<\/h6>\n","protected":false},"excerpt":{"rendered":"<p>MEMOPLAN Bloc-notes triple post-it avec drapeaux signets en papier personnalis\u00e9s<\/p>\n","protected":false},"featured_media":15880,"template":"","meta":[],"product_brand":[5132],"product_cat":[639,418,432,400,258,168,414],"product_tag":[],"class_list":{"0":"post-15879","1":"product","2":"type-product","3":"status-publish","4":"has-post-thumbnail","6":"product_brand-produzione-proramillenote","7":"product_cat-costa-tra-1-e-2-euro","8":"product_cat-post-it-combinati-con-copertina-in-cartoncino-personalizzati","9":"product_cat-bandierine-segnapagina-in-carta-personalizzate","10":"product_cat-bandierine-segnapagina-personalizzate","11":"product_cat-block-notes-adesivi-post-it-con-copertina","12":"product_cat-post-it","13":"product_cat-block-notes-adesivi-post-it-con-copertina-in-cartoncino","14":"pa_num-col-stampa-fogli-post-it-fogli-stampa-2-colori","15":"pa_num-col-stampa-fogli-post-it-fogli-stampa-0-colore","16":"pa_num-col-stampa-fogli-post-it-fogli-stampa-1-colore","17":"pa_num-col-stampa-fogli-post-it-fogli-stampa-3-colori","18":"pa_num-col-stampa-fogli-post-it-fogli-stampa-4-colori","19":"pa_num-col-stampa-fogli-post-it-fogli-stampa-quadricromia","20":"pa_num-colori-stmp-bandierine-stp-bandierine-1c","21":"pa_num-colori-stmp-bandierine-stp-bandierine-2c","22":"pa_num-colori-stmp-bandierine-stp-bandierine-3c","23":"pa_num-colori-stmp-bandierine-stp-bandierine-4c","24":"pa_num-colori-stmp-bandierine-stp-bandierine-quadricromia","25":"pa_stampa-copertina-numero-col-copertina-stampa-quadricromia","26":"pa_stampa-copertina-numero-col-copertina-stampa-1-colore","27":"pa_stampa-copertina-numero-col-copertina-stampa-2-colori","28":"pa_stampa-copertina-numero-col-copertina-stampa-3-colori","30":"first","31":"instock","32":"purchasable","33":"product-type-variable","34":"has-default-attributes"},"yoast_head":"<!-- This site is optimized with the Yoast SEO Premium plugin v27.3 (Yoast SEO v27.3) - https:\/\/yoast.com\/product\/yoast-seo-premium-wordpress\/ -->\n<title>3 post-it avec drapeaux en papier<\/title>\n<meta name=\"description\" content=\"Memoplan triplo post-it con bandierine di carta personalizzate con logo aziendale\" \/>\n<meta name=\"robots\" content=\"index, follow, max-snippet:-1, max-image-preview:large, max-video-preview:-1\" \/>\n<link rel=\"canonical\" href=\"https:\/\/proramillenote.it\/fr\/3-post-it-drapeaux-papier-sku542\/\" \/>\n<meta property=\"og:locale\" content=\"fr_FR\" \/>\n<meta property=\"og:type\" content=\"article\" \/>\n<meta property=\"og:title\" content=\"3 post-it avec drapeaux en papier\" \/>\n<meta property=\"og:description\" content=\"Memoplan triplo post-it con bandierine di carta personalizzate con logo aziendale\" \/>\n<meta property=\"og:url\" content=\"https:\/\/proramillenote.it\/fr\/3-post-it-drapeaux-papier-sku542\/\" \/>\n<meta property=\"og:site_name\" content=\"Gadgets d\u2019entreprise et post-it personnalis\u00e9s\" \/>\n<meta property=\"article:modified_time\" content=\"2024-07-15T09:42:10+00:00\" \/>\n<meta property=\"og:image\" content=\"https:\/\/proramillenote.it\/wp-content\/uploads\/Memotack-Revinty-Menarini-Memoplan-1.webp\" \/>\n\t<meta property=\"og:image:width\" content=\"600\" \/>\n\t<meta property=\"og:image:height\" content=\"600\" \/>\n\t<meta property=\"og:image:type\" content=\"image\/webp\" \/>\n<meta name=\"twitter:card\" content=\"summary_large_image\" \/>\n<script type=\"application\/ld+json\" class=\"yoast-schema-graph\">{\"@context\":\"https:\\\/\\\/schema.org\",\"@graph\":[{\"@type\":\"WebPage\",\"@id\":\"https:\\\/\\\/proramillenote.it\\\/fr\\\/3-post-it-drapeaux-papier-sku542\\\/\",\"url\":\"https:\\\/\\\/proramillenote.it\\\/fr\\\/3-post-it-drapeaux-papier-sku542\\\/\",\"name\":\"3 post-it avec drapeaux en papier\",\"isPartOf\":{\"@id\":\"https:\\\/\\\/proramillenote.it\\\/fr\\\/#website\"},\"primaryImageOfPage\":{\"@id\":\"https:\\\/\\\/proramillenote.it\\\/fr\\\/3-post-it-drapeaux-papier-sku542\\\/#primaryimage\"},\"image\":{\"@id\":\"https:\\\/\\\/proramillenote.it\\\/fr\\\/3-post-it-drapeaux-papier-sku542\\\/#primaryimage\"},\"thumbnailUrl\":\"https:\\\/\\\/proramillenote.it\\\/wp-content\\\/uploads\\\/Memotack-Revinty-Menarini-Memoplan-1.webp?wsr\",\"datePublished\":\"2019-06-07T11:24:19+00:00\",\"dateModified\":\"2024-07-15T09:42:10+00:00\",\"description\":\"Memoplan triplo post-it con bandierine di carta personalizzate con logo aziendale\",\"breadcrumb\":{\"@id\":\"https:\\\/\\\/proramillenote.it\\\/fr\\\/3-post-it-drapeaux-papier-sku542\\\/#breadcrumb\"},\"inLanguage\":\"fr-FR\",\"potentialAction\":[{\"@type\":\"ReadAction\",\"target\":[\"https:\\\/\\\/proramillenote.it\\\/fr\\\/3-post-it-drapeaux-papier-sku542\\\/\"]}]},{\"@type\":\"ImageObject\",\"inLanguage\":\"fr-FR\",\"@id\":\"https:\\\/\\\/proramillenote.it\\\/fr\\\/3-post-it-drapeaux-papier-sku542\\\/#primaryimage\",\"url\":\"https:\\\/\\\/proramillenote.it\\\/wp-content\\\/uploads\\\/Memotack-Revinty-Menarini-Memoplan-1.webp?wsr\",\"contentUrl\":\"https:\\\/\\\/proramillenote.it\\\/wp-content\\\/uploads\\\/Memotack-Revinty-Menarini-Memoplan-1.webp?wsr\",\"width\":600,\"height\":600,\"caption\":\"3 Post-it avec couverture et drapeaux en papier\"},{\"@type\":\"BreadcrumbList\",\"@id\":\"https:\\\/\\\/proramillenote.it\\\/fr\\\/3-post-it-drapeaux-papier-sku542\\\/#breadcrumb\",\"itemListElement\":[{\"@type\":\"ListItem\",\"position\":1,\"name\":\"Proramillenote\",\"item\":\"https:\\\/\\\/proramillenote.it\\\/fr\\\/\"},{\"@type\":\"ListItem\",\"position\":2,\"name\":\"3 post-it avec drapeaux en papier\"}]},{\"@type\":\"WebSite\",\"@id\":\"https:\\\/\\\/proramillenote.it\\\/fr\\\/#website\",\"url\":\"https:\\\/\\\/proramillenote.it\\\/fr\\\/\",\"name\":\"Proramillenote gadget aziendali e post-it personalizzati\",\"description\":\"Post-it personalizzati, block notes con logo e gadget aziendali per il marketing B2B. Specialisti in gadget promozionali per medici e aziende farmaceutiche.\",\"publisher\":{\"@id\":\"https:\\\/\\\/proramillenote.it\\\/fr\\\/#organization\"},\"alternateName\":\"Proramillenote\",\"potentialAction\":[{\"@type\":\"SearchAction\",\"target\":{\"@type\":\"EntryPoint\",\"urlTemplate\":\"https:\\\/\\\/proramillenote.it\\\/fr\\\/?s={search_term_string}\"},\"query-input\":{\"@type\":\"PropertyValueSpecification\",\"valueRequired\":true,\"valueName\":\"search_term_string\"}}],\"inLanguage\":\"fr-FR\"},{\"@type\":\"Organization\",\"@id\":\"https:\\\/\\\/proramillenote.it\\\/fr\\\/#organization\",\"name\":\"Proramillenote gadgets d\u2019entreprise et post-it personnalis\u00e9s\",\"alternateName\":\"Proramillenote\",\"url\":\"https:\\\/\\\/proramillenote.it\\\/fr\\\/\",\"logo\":{\"@type\":\"ImageObject\",\"inLanguage\":\"fr-FR\",\"@id\":\"https:\\\/\\\/proramillenote.it\\\/fr\\\/#\\\/schema\\\/logo\\\/image\\\/\",\"url\":\"https:\\\/\\\/proramillenote.it\\\/wp-content\\\/uploads\\\/papercube800.png?wsr\",\"contentUrl\":\"https:\\\/\\\/proramillenote.it\\\/wp-content\\\/uploads\\\/papercube800.png?wsr\",\"width\":800,\"height\":800,\"caption\":\"Proramillenote gadgets d\u2019entreprise et post-it personnalis\u00e9s\"},\"image\":{\"@id\":\"https:\\\/\\\/proramillenote.it\\\/fr\\\/#\\\/schema\\\/logo\\\/image\\\/\"},\"description\":\"\u2022 Specialista in produzione e commercio di gadget per medici e gadget per veterinari personalizzati. \u2022 Produzione di gadget aziendali per qualsiasi settore merceologico dal 1975. \u2022 Produttore di post-it personalizzati, post-it sagomati e cubi di carta personalizzati in stampa digitale oppure offset. Produttore di block-notes con logo. \u2022 Con cartotecnica creativa progettiamo KIT di post-it su misura, Made in Italy e di design italiano, insigniti del prestigioso premio europeo PGA Promotional Gift Award. \u2022 Concorso #Ossoduro \\\"Design di brand reminder da scrivania innovativi\\\" concepito per incoraggiare la creativit\u00e0 degli studenti di scuole secondarie di design e grafica. Annuale - Ed.7\u00b0 2024-2025. \u2022 Proramillenote \u00e8 produttore accreditato EUDAMED per la fornitura di DMClasse I \u2022 Proramillenote \u00e8 certificata FSC\u00ae Chain of custody.\",\"email\":\"customercare@proramillenote.it\",\"telephone\":\"+39 039616593\",\"legalName\":\"Proramillenote Srl\",\"foundingDate\":\"1972-01-01\",\"vatID\":\"10323920966\",\"taxID\":\"10323920966\",\"numberOfEmployees\":{\"@type\":\"QuantitativeValue\",\"minValue\":\"11\",\"maxValue\":\"50\"},\"publishingPrinciples\":\"https:\\\/\\\/proramillenote.it\\\/politica-su-etica\\\/\",\"ownershipFundingInfo\":\"https:\\\/\\\/proramillenote.it\\\/politica-su-etica\\\/\",\"actionableFeedbackPolicy\":\"https:\\\/\\\/proramillenote.it\\\/politica-su-etica\\\/\",\"correctionsPolicy\":\"https:\\\/\\\/proramillenote.it\\\/politica-su-etica\\\/\",\"ethicsPolicy\":\"https:\\\/\\\/proramillenote.it\\\/politica-su-etica\\\/\",\"diversityPolicy\":\"https:\\\/\\\/proramillenote.it\\\/politica-su-etica\\\/\",\"diversityStaffingReport\":\"https:\\\/\\\/proramillenote.it\\\/politica-su-etica\\\/\"}]}<\/script>\n<meta property=\"product:brand\" content=\"Proramillenote\" \/>\n<meta property=\"og:availability\" content=\"instock\" \/>\n<meta property=\"product:availability\" content=\"instock\" \/>\n<meta property=\"product:retailer_item_id\" content=\"542\" \/>\n<meta property=\"product:condition\" content=\"new\" \/>\n<!-- \/ Yoast SEO Premium plugin. -->","yoast_head_json":{"title":"3 post-it avec drapeaux en papier","description":"Memoplan triplo post-it con bandierine di carta personalizzate con logo aziendale","robots":{"index":"index","follow":"follow","max-snippet":"max-snippet:-1","max-image-preview":"max-image-preview:large","max-video-preview":"max-video-preview:-1"},"canonical":"https:\/\/proramillenote.it\/fr\/3-post-it-drapeaux-papier-sku542\/","og_locale":"fr_FR","og_type":"article","og_title":"3 post-it avec drapeaux en papier","og_description":"Memoplan triplo post-it con bandierine di carta personalizzate con logo aziendale","og_url":"https:\/\/proramillenote.it\/fr\/3-post-it-drapeaux-papier-sku542\/","og_site_name":"Gadgets d\u2019entreprise et post-it personnalis\u00e9s","article_modified_time":"2024-07-15T09:42:10+00:00","og_image":[{"width":600,"height":600,"url":"https:\/\/proramillenote.it\/wp-content\/uploads\/Memotack-Revinty-Menarini-Memoplan-1.webp","type":"image\/webp"}],"twitter_card":"summary_large_image","schema":{"@context":"https:\/\/schema.org","@graph":[{"@type":"WebPage","@id":"https:\/\/proramillenote.it\/fr\/3-post-it-drapeaux-papier-sku542\/","url":"https:\/\/proramillenote.it\/fr\/3-post-it-drapeaux-papier-sku542\/","name":"3 post-it avec drapeaux en papier","isPartOf":{"@id":"https:\/\/proramillenote.it\/fr\/#website"},"primaryImageOfPage":{"@id":"https:\/\/proramillenote.it\/fr\/3-post-it-drapeaux-papier-sku542\/#primaryimage"},"image":{"@id":"https:\/\/proramillenote.it\/fr\/3-post-it-drapeaux-papier-sku542\/#primaryimage"},"thumbnailUrl":"https:\/\/proramillenote.it\/wp-content\/uploads\/Memotack-Revinty-Menarini-Memoplan-1.webp?wsr","datePublished":"2019-06-07T11:24:19+00:00","dateModified":"2024-07-15T09:42:10+00:00","description":"Memoplan triplo post-it con bandierine di carta personalizzate con logo aziendale","breadcrumb":{"@id":"https:\/\/proramillenote.it\/fr\/3-post-it-drapeaux-papier-sku542\/#breadcrumb"},"inLanguage":"fr-FR","potentialAction":[{"@type":"ReadAction","target":["https:\/\/proramillenote.it\/fr\/3-post-it-drapeaux-papier-sku542\/"]}]},{"@type":"ImageObject","inLanguage":"fr-FR","@id":"https:\/\/proramillenote.it\/fr\/3-post-it-drapeaux-papier-sku542\/#primaryimage","url":"https:\/\/proramillenote.it\/wp-content\/uploads\/Memotack-Revinty-Menarini-Memoplan-1.webp?wsr","contentUrl":"https:\/\/proramillenote.it\/wp-content\/uploads\/Memotack-Revinty-Menarini-Memoplan-1.webp?wsr","width":600,"height":600,"caption":"3 Post-it avec couverture et drapeaux en papier"},{"@type":"BreadcrumbList","@id":"https:\/\/proramillenote.it\/fr\/3-post-it-drapeaux-papier-sku542\/#breadcrumb","itemListElement":[{"@type":"ListItem","position":1,"name":"Proramillenote","item":"https:\/\/proramillenote.it\/fr\/"},{"@type":"ListItem","position":2,"name":"3 post-it avec drapeaux en papier"}]},{"@type":"WebSite","@id":"https:\/\/proramillenote.it\/fr\/#website","url":"https:\/\/proramillenote.it\/fr\/","name":"Proramillenote gadget aziendali e post-it personalizzati","description":"Post-it personalizzati, block notes con logo e gadget aziendali per il marketing B2B. Specialisti in gadget promozionali per medici e aziende farmaceutiche.","publisher":{"@id":"https:\/\/proramillenote.it\/fr\/#organization"},"alternateName":"Proramillenote","potentialAction":[{"@type":"SearchAction","target":{"@type":"EntryPoint","urlTemplate":"https:\/\/proramillenote.it\/fr\/?s={search_term_string}"},"query-input":{"@type":"PropertyValueSpecification","valueRequired":true,"valueName":"search_term_string"}}],"inLanguage":"fr-FR"},{"@type":"Organization","@id":"https:\/\/proramillenote.it\/fr\/#organization","name":"Proramillenote gadgets d\u2019entreprise et post-it personnalis\u00e9s","alternateName":"Proramillenote","url":"https:\/\/proramillenote.it\/fr\/","logo":{"@type":"ImageObject","inLanguage":"fr-FR","@id":"https:\/\/proramillenote.it\/fr\/#\/schema\/logo\/image\/","url":"https:\/\/proramillenote.it\/wp-content\/uploads\/papercube800.png?wsr","contentUrl":"https:\/\/proramillenote.it\/wp-content\/uploads\/papercube800.png?wsr","width":800,"height":800,"caption":"Proramillenote gadgets d\u2019entreprise et post-it personnalis\u00e9s"},"image":{"@id":"https:\/\/proramillenote.it\/fr\/#\/schema\/logo\/image\/"},"description":"\u2022 Specialista in produzione e commercio di gadget per medici e gadget per veterinari personalizzati. \u2022 Produzione di gadget aziendali per qualsiasi settore merceologico dal 1975. \u2022 Produttore di post-it personalizzati, post-it sagomati e cubi di carta personalizzati in stampa digitale oppure offset. Produttore di block-notes con logo. \u2022 Con cartotecnica creativa progettiamo KIT di post-it su misura, Made in Italy e di design italiano, insigniti del prestigioso premio europeo PGA Promotional Gift Award. \u2022 Concorso #Ossoduro \"Design di brand reminder da scrivania innovativi\" concepito per incoraggiare la creativit\u00e0 degli studenti di scuole secondarie di design e grafica. Annuale - Ed.7\u00b0 2024-2025. \u2022 Proramillenote \u00e8 produttore accreditato EUDAMED per la fornitura di DMClasse I \u2022 Proramillenote \u00e8 certificata FSC\u00ae Chain of custody.","email":"customercare@proramillenote.it","telephone":"+39 039616593","legalName":"Proramillenote Srl","foundingDate":"1972-01-01","vatID":"10323920966","taxID":"10323920966","numberOfEmployees":{"@type":"QuantitativeValue","minValue":"11","maxValue":"50"},"publishingPrinciples":"https:\/\/proramillenote.it\/politica-su-etica\/","ownershipFundingInfo":"https:\/\/proramillenote.it\/politica-su-etica\/","actionableFeedbackPolicy":"https:\/\/proramillenote.it\/politica-su-etica\/","correctionsPolicy":"https:\/\/proramillenote.it\/politica-su-etica\/","ethicsPolicy":"https:\/\/proramillenote.it\/politica-su-etica\/","diversityPolicy":"https:\/\/proramillenote.it\/politica-su-etica\/","diversityStaffingReport":"https:\/\/proramillenote.it\/politica-su-etica\/"}]},"product_brand":"Proramillenote","og_availability":"instock","product_availability":"instock","product_retailer_item_id":"542","product_condition":"new"},"_links":{"self":[{"href":"https:\/\/proramillenote.it\/fr\/wp-json\/wp\/v2\/product\/15879","targetHints":{"allow":["GET"]}}],"collection":[{"href":"https:\/\/proramillenote.it\/fr\/wp-json\/wp\/v2\/product"}],"about":[{"href":"https:\/\/proramillenote.it\/fr\/wp-json\/wp\/v2\/types\/product"}],"version-history":[{"count":0,"href":"https:\/\/proramillenote.it\/fr\/wp-json\/wp\/v2\/product\/15879\/revisions"}],"wp:featuredmedia":[{"embeddable":true,"href":"https:\/\/proramillenote.it\/fr\/wp-json\/wp\/v2\/media\/15880"}],"wp:attachment":[{"href":"https:\/\/proramillenote.it\/fr\/wp-json\/wp\/v2\/media?parent=15879"}],"wp:term":[{"taxonomy":"product_brand","embeddable":true,"href":"https:\/\/proramillenote.it\/fr\/wp-json\/wp\/v2\/product_brand?post=15879"},{"taxonomy":"product_cat","embeddable":true,"href":"https:\/\/proramillenote.it\/fr\/wp-json\/wp\/v2\/product_cat?post=15879"},{"taxonomy":"product_tag","embeddable":true,"href":"https:\/\/proramillenote.it\/fr\/wp-json\/wp\/v2\/product_tag?post=15879"}],"curies":[{"name":"wp","href":"https:\/\/api.w.org\/{rel}","templated":true}]}}