{"id":15899,"date":"2019-02-07T11:01:49","date_gmt":"2019-02-07T10:01:49","guid":{"rendered":"https:\/\/staging.proramillenote.it\/gadget\/taccuino-con-copertina-rigida-ed-elastico\/"},"modified":"2025-11-20T13:41:03","modified_gmt":"2025-11-20T12:41:03","slug":"carnet-couverture-rigide-ban-elastique-sku520","status":"publish","type":"product","link":"https:\/\/proramillenote.it\/fr\/carnet-couverture-rigide-ban-elastique-sku520\/","title":{"rendered":"Carnet avec couverture rigide et bande \u00e9lastique"},"content":{"rendered":"<p>Carnet enti\u00e8rement \u00e9cologique avec couverture personnalis\u00e9e \u00e0 l&rsquo;image de l&rsquo;entreprise.<\/p>\n<p>Format A5 (148&#215;210 mm)<br \/>\n<strong>Couverture<\/strong>: Hardcover<br \/>\n<strong>\u00c9paisseur du cahier<\/strong>: 100 feuilles<br \/>\n<strong>Papier<\/strong>: papier recycl\u00e9<br \/>\n<strong>Reliure<\/strong>: Livre de poche rogn\u00e9<\/p>\n<h6>Quantit\u00e9 minimale pour la production: 1 000 pi\u00e8ces<\/h6>\n<p><strong>Emballage<\/strong><br \/>\n&#8211; Prot\u00e9g\u00e9 par un emballage individuel en plastique transparent.<br \/>\n&#8211; Livr\u00e9 en cartons<br \/>\n<strong>Personnalisation<\/strong>: 1 \u00e0 4 couleurs sur la couverture<\/p>\n","protected":false},"excerpt":{"rendered":"<p>Carnet avec couverture rigide, coins arrondis et \u00e9lastique de type Moleskine. Personnalis\u00e9 avec le logo<\/p>\n","protected":false},"featured_media":15900,"template":"","meta":[],"product_brand":[5138],"product_cat":[671,668,5195,5235],"product_tag":[],"class_list":{"0":"post-15899","1":"product","2":"type-product","3":"status-publish","4":"has-post-thumbnail","6":"product_brand-fabricant-proramillenote","7":"product_cat-bloc-notes-personnalise-avec-spirale","8":"product_cat-blocs-notes-personnalises","9":"product_cat-cout-entre-1-et-2-euros","10":"product_cat-livraison-en-4-semaines","11":"pa_numero-fogli-100-fr","12":"pa_numero-fogli-50-fr","13":"pa_stampa-copertina-numero-col-couverture-impression-numerique-fr","14":"pa_stampa-copertina-numero-col-couverture-impression-1-couleur-fr","15":"pa_stampa-copertina-numero-col-couverture-impression-2-couleurs-fr","16":"pa_stampa-copertina-numero-col-couverture-impression-3-couleurs-fr","17":"pa_stampa-fogli-carta-usomano-impression-en-0-couleurs-sur-papier-moule","18":"pa_stampa-fogli-carta-usomano-impression-en-1-couleurs-sur-papier-moule","19":"pa_stampa-fogli-carta-usomano-impression-en-2-couleurs-sur-papier-moule","20":"pa_stampa-fogli-carta-usomano-impression-en-3-couleurs-sur-papier-moule","21":"pa_stampa-fogli-carta-usomano-4-col-carta-um-fr","22":"pa_stampa-fogli-carta-usomano-impression-en-quadri-sur-papier-moule","24":"first","25":"instock","26":"purchasable","27":"product-type-variable","28":"has-default-attributes"},"yoast_head":"<!-- This site is optimized with the Yoast SEO Premium plugin v27.3 (Yoast SEO v27.3) - https:\/\/yoast.com\/product\/yoast-seo-premium-wordpress\/ -->\n<title>Customized hard cover pocket-book, rounded corners and elastic closure band. Lined without page margins.<\/title>\n<meta name=\"description\" content=\"Customized hard cover pocket-book, rounded corners and elastic closure. Lined without page margins. Bespoke creations\" \/>\n<meta name=\"robots\" content=\"index, follow, max-snippet:-1, max-image-preview:large, max-video-preview:-1\" \/>\n<link rel=\"canonical\" href=\"https:\/\/proramillenote.it\/fr\/carnet-couverture-rigide-ban-elastique-sku520\/\" \/>\n<meta property=\"og:locale\" content=\"fr_FR\" \/>\n<meta property=\"og:type\" content=\"article\" \/>\n<meta property=\"og:title\" content=\"Customized hard cover pocket-book, rounded corners and elastic closure band. Lined without page margins.\" \/>\n<meta property=\"og:description\" content=\"Customized hard cover pocket-book, rounded corners and elastic closure. Lined without page margins. Bespoke creations\" \/>\n<meta property=\"og:url\" content=\"https:\/\/proramillenote.it\/fr\/carnet-couverture-rigide-ban-elastique-sku520\/\" \/>\n<meta property=\"og:site_name\" content=\"Gadgets d\u2019entreprise et post-it personnalis\u00e9s\" \/>\n<meta property=\"article:modified_time\" content=\"2025-11-20T12:41:03+00:00\" \/>\n<meta property=\"og:image\" content=\"https:\/\/proramillenote.it\/wp-content\/uploads\/2019\/02\/products-Moleskine-Taccuino-Angoli-Arrotondati-ElasticoA.png\" \/>\n\t<meta property=\"og:image:width\" content=\"600\" \/>\n\t<meta property=\"og:image:height\" content=\"600\" \/>\n\t<meta property=\"og:image:type\" content=\"image\/jpeg\" \/>\n<meta name=\"twitter:card\" content=\"summary_large_image\" \/>\n<script type=\"application\/ld+json\" class=\"yoast-schema-graph\">{\"@context\":\"https:\\\/\\\/schema.org\",\"@graph\":[{\"@type\":\"WebPage\",\"@id\":\"https:\\\/\\\/proramillenote.it\\\/fr\\\/carnet-couverture-rigide-ban-elastique-sku520\\\/\",\"url\":\"https:\\\/\\\/proramillenote.it\\\/fr\\\/carnet-couverture-rigide-ban-elastique-sku520\\\/\",\"name\":\"Customized hard cover pocket-book, rounded corners and elastic closure band. Lined without page margins.\",\"isPartOf\":{\"@id\":\"https:\\\/\\\/proramillenote.it\\\/fr\\\/#website\"},\"primaryImageOfPage\":{\"@id\":\"https:\\\/\\\/proramillenote.it\\\/fr\\\/carnet-couverture-rigide-ban-elastique-sku520\\\/#primaryimage\"},\"image\":{\"@id\":\"https:\\\/\\\/proramillenote.it\\\/fr\\\/carnet-couverture-rigide-ban-elastique-sku520\\\/#primaryimage\"},\"thumbnailUrl\":\"https:\\\/\\\/proramillenote.it\\\/wp-content\\\/uploads\\\/2019\\\/02\\\/products-Moleskine-Taccuino-Angoli-Arrotondati-ElasticoA.png?wsr\",\"datePublished\":\"2019-02-07T10:01:49+00:00\",\"dateModified\":\"2025-11-20T12:41:03+00:00\",\"description\":\"Customized hard cover pocket-book, rounded corners and elastic closure. Lined without page margins. Bespoke creations\",\"breadcrumb\":{\"@id\":\"https:\\\/\\\/proramillenote.it\\\/fr\\\/carnet-couverture-rigide-ban-elastique-sku520\\\/#breadcrumb\"},\"inLanguage\":\"fr-FR\",\"potentialAction\":[{\"@type\":\"ReadAction\",\"target\":[\"https:\\\/\\\/proramillenote.it\\\/fr\\\/carnet-couverture-rigide-ban-elastique-sku520\\\/\"]}]},{\"@type\":\"ImageObject\",\"inLanguage\":\"fr-FR\",\"@id\":\"https:\\\/\\\/proramillenote.it\\\/fr\\\/carnet-couverture-rigide-ban-elastique-sku520\\\/#primaryimage\",\"url\":\"https:\\\/\\\/proramillenote.it\\\/wp-content\\\/uploads\\\/2019\\\/02\\\/products-Moleskine-Taccuino-Angoli-Arrotondati-ElasticoA.png?wsr\",\"contentUrl\":\"https:\\\/\\\/proramillenote.it\\\/wp-content\\\/uploads\\\/2019\\\/02\\\/products-Moleskine-Taccuino-Angoli-Arrotondati-ElasticoA.png?wsr\",\"width\":600,\"height\":600},{\"@type\":\"BreadcrumbList\",\"@id\":\"https:\\\/\\\/proramillenote.it\\\/fr\\\/carnet-couverture-rigide-ban-elastique-sku520\\\/#breadcrumb\",\"itemListElement\":[{\"@type\":\"ListItem\",\"position\":1,\"name\":\"Proramillenote\",\"item\":\"https:\\\/\\\/proramillenote.it\\\/fr\\\/\"},{\"@type\":\"ListItem\",\"position\":2,\"name\":\"Carnet avec couverture rigide et bande \u00e9lastique\"}]},{\"@type\":\"WebSite\",\"@id\":\"https:\\\/\\\/proramillenote.it\\\/fr\\\/#website\",\"url\":\"https:\\\/\\\/proramillenote.it\\\/fr\\\/\",\"name\":\"Proramillenote gadget aziendali e post-it personalizzati\",\"description\":\"Post-it personalizzati, block notes con logo e gadget aziendali per il marketing B2B. Specialisti in gadget promozionali per medici e aziende farmaceutiche.\",\"publisher\":{\"@id\":\"https:\\\/\\\/proramillenote.it\\\/fr\\\/#organization\"},\"alternateName\":\"Proramillenote\",\"potentialAction\":[{\"@type\":\"SearchAction\",\"target\":{\"@type\":\"EntryPoint\",\"urlTemplate\":\"https:\\\/\\\/proramillenote.it\\\/fr\\\/?s={search_term_string}\"},\"query-input\":{\"@type\":\"PropertyValueSpecification\",\"valueRequired\":true,\"valueName\":\"search_term_string\"}}],\"inLanguage\":\"fr-FR\"},{\"@type\":\"Organization\",\"@id\":\"https:\\\/\\\/proramillenote.it\\\/fr\\\/#organization\",\"name\":\"Proramillenote gadgets d\u2019entreprise et post-it personnalis\u00e9s\",\"alternateName\":\"Proramillenote\",\"url\":\"https:\\\/\\\/proramillenote.it\\\/fr\\\/\",\"logo\":{\"@type\":\"ImageObject\",\"inLanguage\":\"fr-FR\",\"@id\":\"https:\\\/\\\/proramillenote.it\\\/fr\\\/#\\\/schema\\\/logo\\\/image\\\/\",\"url\":\"https:\\\/\\\/proramillenote.it\\\/wp-content\\\/uploads\\\/papercube800.png?wsr\",\"contentUrl\":\"https:\\\/\\\/proramillenote.it\\\/wp-content\\\/uploads\\\/papercube800.png?wsr\",\"width\":800,\"height\":800,\"caption\":\"Proramillenote gadgets d\u2019entreprise et post-it personnalis\u00e9s\"},\"image\":{\"@id\":\"https:\\\/\\\/proramillenote.it\\\/fr\\\/#\\\/schema\\\/logo\\\/image\\\/\"},\"description\":\"\u2022 Specialista in produzione e commercio di gadget per medici e gadget per veterinari personalizzati. \u2022 Produzione di gadget aziendali per qualsiasi settore merceologico dal 1975. \u2022 Produttore di post-it personalizzati, post-it sagomati e cubi di carta personalizzati in stampa digitale oppure offset. Produttore di block-notes con logo. \u2022 Con cartotecnica creativa progettiamo KIT di post-it su misura, Made in Italy e di design italiano, insigniti del prestigioso premio europeo PGA Promotional Gift Award. \u2022 Concorso #Ossoduro \\\"Design di brand reminder da scrivania innovativi\\\" concepito per incoraggiare la creativit\u00e0 degli studenti di scuole secondarie di design e grafica. Annuale - Ed.7\u00b0 2024-2025. \u2022 Proramillenote \u00e8 produttore accreditato EUDAMED per la fornitura di DMClasse I \u2022 Proramillenote \u00e8 certificata FSC\u00ae Chain of custody.\",\"email\":\"customercare@proramillenote.it\",\"telephone\":\"+39 039616593\",\"legalName\":\"Proramillenote Srl\",\"foundingDate\":\"1972-01-01\",\"vatID\":\"10323920966\",\"taxID\":\"10323920966\",\"numberOfEmployees\":{\"@type\":\"QuantitativeValue\",\"minValue\":\"11\",\"maxValue\":\"50\"},\"publishingPrinciples\":\"https:\\\/\\\/proramillenote.it\\\/politica-su-etica\\\/\",\"ownershipFundingInfo\":\"https:\\\/\\\/proramillenote.it\\\/politica-su-etica\\\/\",\"actionableFeedbackPolicy\":\"https:\\\/\\\/proramillenote.it\\\/politica-su-etica\\\/\",\"correctionsPolicy\":\"https:\\\/\\\/proramillenote.it\\\/politica-su-etica\\\/\",\"ethicsPolicy\":\"https:\\\/\\\/proramillenote.it\\\/politica-su-etica\\\/\",\"diversityPolicy\":\"https:\\\/\\\/proramillenote.it\\\/politica-su-etica\\\/\",\"diversityStaffingReport\":\"https:\\\/\\\/proramillenote.it\\\/politica-su-etica\\\/\"}]}<\/script>\n<meta property=\"product:brand\" content=\"Fabricant Proramillenote\" \/>\n<meta property=\"og:availability\" content=\"instock\" \/>\n<meta property=\"product:availability\" content=\"instock\" \/>\n<meta property=\"product:retailer_item_id\" content=\"520\" \/>\n<meta property=\"product:condition\" content=\"new\" \/>\n<!-- \/ Yoast SEO Premium plugin. -->","yoast_head_json":{"title":"Customized hard cover pocket-book, rounded corners and elastic closure band. Lined without page margins.","description":"Customized hard cover pocket-book, rounded corners and elastic closure. Lined without page margins. Bespoke creations","robots":{"index":"index","follow":"follow","max-snippet":"max-snippet:-1","max-image-preview":"max-image-preview:large","max-video-preview":"max-video-preview:-1"},"canonical":"https:\/\/proramillenote.it\/fr\/carnet-couverture-rigide-ban-elastique-sku520\/","og_locale":"fr_FR","og_type":"article","og_title":"Customized hard cover pocket-book, rounded corners and elastic closure band. Lined without page margins.","og_description":"Customized hard cover pocket-book, rounded corners and elastic closure. Lined without page margins. Bespoke creations","og_url":"https:\/\/proramillenote.it\/fr\/carnet-couverture-rigide-ban-elastique-sku520\/","og_site_name":"Gadgets d\u2019entreprise et post-it personnalis\u00e9s","article_modified_time":"2025-11-20T12:41:03+00:00","og_image":[{"width":600,"height":600,"url":"https:\/\/proramillenote.it\/wp-content\/uploads\/2019\/02\/products-Moleskine-Taccuino-Angoli-Arrotondati-ElasticoA.png","type":"image\/jpeg"}],"twitter_card":"summary_large_image","schema":{"@context":"https:\/\/schema.org","@graph":[{"@type":"WebPage","@id":"https:\/\/proramillenote.it\/fr\/carnet-couverture-rigide-ban-elastique-sku520\/","url":"https:\/\/proramillenote.it\/fr\/carnet-couverture-rigide-ban-elastique-sku520\/","name":"Customized hard cover pocket-book, rounded corners and elastic closure band. Lined without page margins.","isPartOf":{"@id":"https:\/\/proramillenote.it\/fr\/#website"},"primaryImageOfPage":{"@id":"https:\/\/proramillenote.it\/fr\/carnet-couverture-rigide-ban-elastique-sku520\/#primaryimage"},"image":{"@id":"https:\/\/proramillenote.it\/fr\/carnet-couverture-rigide-ban-elastique-sku520\/#primaryimage"},"thumbnailUrl":"https:\/\/proramillenote.it\/wp-content\/uploads\/2019\/02\/products-Moleskine-Taccuino-Angoli-Arrotondati-ElasticoA.png?wsr","datePublished":"2019-02-07T10:01:49+00:00","dateModified":"2025-11-20T12:41:03+00:00","description":"Customized hard cover pocket-book, rounded corners and elastic closure. Lined without page margins. Bespoke creations","breadcrumb":{"@id":"https:\/\/proramillenote.it\/fr\/carnet-couverture-rigide-ban-elastique-sku520\/#breadcrumb"},"inLanguage":"fr-FR","potentialAction":[{"@type":"ReadAction","target":["https:\/\/proramillenote.it\/fr\/carnet-couverture-rigide-ban-elastique-sku520\/"]}]},{"@type":"ImageObject","inLanguage":"fr-FR","@id":"https:\/\/proramillenote.it\/fr\/carnet-couverture-rigide-ban-elastique-sku520\/#primaryimage","url":"https:\/\/proramillenote.it\/wp-content\/uploads\/2019\/02\/products-Moleskine-Taccuino-Angoli-Arrotondati-ElasticoA.png?wsr","contentUrl":"https:\/\/proramillenote.it\/wp-content\/uploads\/2019\/02\/products-Moleskine-Taccuino-Angoli-Arrotondati-ElasticoA.png?wsr","width":600,"height":600},{"@type":"BreadcrumbList","@id":"https:\/\/proramillenote.it\/fr\/carnet-couverture-rigide-ban-elastique-sku520\/#breadcrumb","itemListElement":[{"@type":"ListItem","position":1,"name":"Proramillenote","item":"https:\/\/proramillenote.it\/fr\/"},{"@type":"ListItem","position":2,"name":"Carnet avec couverture rigide et bande \u00e9lastique"}]},{"@type":"WebSite","@id":"https:\/\/proramillenote.it\/fr\/#website","url":"https:\/\/proramillenote.it\/fr\/","name":"Proramillenote gadget aziendali e post-it personalizzati","description":"Post-it personalizzati, block notes con logo e gadget aziendali per il marketing B2B. Specialisti in gadget promozionali per medici e aziende farmaceutiche.","publisher":{"@id":"https:\/\/proramillenote.it\/fr\/#organization"},"alternateName":"Proramillenote","potentialAction":[{"@type":"SearchAction","target":{"@type":"EntryPoint","urlTemplate":"https:\/\/proramillenote.it\/fr\/?s={search_term_string}"},"query-input":{"@type":"PropertyValueSpecification","valueRequired":true,"valueName":"search_term_string"}}],"inLanguage":"fr-FR"},{"@type":"Organization","@id":"https:\/\/proramillenote.it\/fr\/#organization","name":"Proramillenote gadgets d\u2019entreprise et post-it personnalis\u00e9s","alternateName":"Proramillenote","url":"https:\/\/proramillenote.it\/fr\/","logo":{"@type":"ImageObject","inLanguage":"fr-FR","@id":"https:\/\/proramillenote.it\/fr\/#\/schema\/logo\/image\/","url":"https:\/\/proramillenote.it\/wp-content\/uploads\/papercube800.png?wsr","contentUrl":"https:\/\/proramillenote.it\/wp-content\/uploads\/papercube800.png?wsr","width":800,"height":800,"caption":"Proramillenote gadgets d\u2019entreprise et post-it personnalis\u00e9s"},"image":{"@id":"https:\/\/proramillenote.it\/fr\/#\/schema\/logo\/image\/"},"description":"\u2022 Specialista in produzione e commercio di gadget per medici e gadget per veterinari personalizzati. \u2022 Produzione di gadget aziendali per qualsiasi settore merceologico dal 1975. \u2022 Produttore di post-it personalizzati, post-it sagomati e cubi di carta personalizzati in stampa digitale oppure offset. Produttore di block-notes con logo. \u2022 Con cartotecnica creativa progettiamo KIT di post-it su misura, Made in Italy e di design italiano, insigniti del prestigioso premio europeo PGA Promotional Gift Award. \u2022 Concorso #Ossoduro \"Design di brand reminder da scrivania innovativi\" concepito per incoraggiare la creativit\u00e0 degli studenti di scuole secondarie di design e grafica. Annuale - Ed.7\u00b0 2024-2025. \u2022 Proramillenote \u00e8 produttore accreditato EUDAMED per la fornitura di DMClasse I \u2022 Proramillenote \u00e8 certificata FSC\u00ae Chain of custody.","email":"customercare@proramillenote.it","telephone":"+39 039616593","legalName":"Proramillenote Srl","foundingDate":"1972-01-01","vatID":"10323920966","taxID":"10323920966","numberOfEmployees":{"@type":"QuantitativeValue","minValue":"11","maxValue":"50"},"publishingPrinciples":"https:\/\/proramillenote.it\/politica-su-etica\/","ownershipFundingInfo":"https:\/\/proramillenote.it\/politica-su-etica\/","actionableFeedbackPolicy":"https:\/\/proramillenote.it\/politica-su-etica\/","correctionsPolicy":"https:\/\/proramillenote.it\/politica-su-etica\/","ethicsPolicy":"https:\/\/proramillenote.it\/politica-su-etica\/","diversityPolicy":"https:\/\/proramillenote.it\/politica-su-etica\/","diversityStaffingReport":"https:\/\/proramillenote.it\/politica-su-etica\/"}]},"product_brand":"Fabricant Proramillenote","og_availability":"instock","product_availability":"instock","product_retailer_item_id":"520","product_condition":"new"},"_links":{"self":[{"href":"https:\/\/proramillenote.it\/fr\/wp-json\/wp\/v2\/product\/15899","targetHints":{"allow":["GET"]}}],"collection":[{"href":"https:\/\/proramillenote.it\/fr\/wp-json\/wp\/v2\/product"}],"about":[{"href":"https:\/\/proramillenote.it\/fr\/wp-json\/wp\/v2\/types\/product"}],"version-history":[{"count":0,"href":"https:\/\/proramillenote.it\/fr\/wp-json\/wp\/v2\/product\/15899\/revisions"}],"wp:featuredmedia":[{"embeddable":true,"href":"https:\/\/proramillenote.it\/fr\/wp-json\/wp\/v2\/media\/15900"}],"wp:attachment":[{"href":"https:\/\/proramillenote.it\/fr\/wp-json\/wp\/v2\/media?parent=15899"}],"wp:term":[{"taxonomy":"product_brand","embeddable":true,"href":"https:\/\/proramillenote.it\/fr\/wp-json\/wp\/v2\/product_brand?post=15899"},{"taxonomy":"product_cat","embeddable":true,"href":"https:\/\/proramillenote.it\/fr\/wp-json\/wp\/v2\/product_cat?post=15899"},{"taxonomy":"product_tag","embeddable":true,"href":"https:\/\/proramillenote.it\/fr\/wp-json\/wp\/v2\/product_tag?post=15899"}],"curies":[{"name":"wp","href":"https:\/\/api.w.org\/{rel}","templated":true}]}}