{"id":15907,"date":"2019-01-30T09:10:59","date_gmt":"2019-01-30T08:10:59","guid":{"rendered":"https:\/\/staging.proramillenote.it\/gadget\/memotack-pop-up-con-segnapagina\/"},"modified":"2024-07-15T11:45:21","modified_gmt":"2024-07-15T09:45:21","slug":"post-it-pop-up-signette-sku516","status":"publish","type":"product","link":"https:\/\/proramillenote.it\/fr\/post-it-pop-up-signette-sku516\/","title":{"rendered":"MEMOTACK pop-up avec signets"},"content":{"rendered":"<p><img decoding=\"async\" src=\"https:\/\/proramillenote.it\/wp-content\/uploads\/memotack-post-it-proramillenote.png\" alt=\"MEMOTACK logo\" width=\"268\" height=\"50\" \/><\/p>\n<p><strong>Format ferm\u00e9:<\/strong><br \/>\n&#8211; 80&#215;140 mm<br \/>\n&#8211; \u00c9paisseur: 7 mm<br \/>\nPersonnalisation du bo\u00eetier: quadri (blanc et vo\u00fbte)<\/p>\n<p><span style=\"color: #ff6600;\"><strong>Pop Up<\/strong><\/span><br \/>\nJeu pop-up original obtenu par l&rsquo;application d&rsquo;un insert fa\u00e7onn\u00e9 sur mesure<\/p>\n<p><strong>Bloc-notes adh\u00e9sif MEMOTACK<\/strong><br \/>\n&#8211; Coll\u00e9 sur la deuxi\u00e8me couverture<br \/>\n&#8211; Format: 75&#215;50 mm<br \/>\n&#8211; \u00c9paisseur: 3 mm pour 25 feuilles<br \/>\nPersonnalisation du post-it: 1 \u00e0 4 couleurs<\/p>\n<p><strong>Drapeaux signets<\/strong><br \/>\n&#8211; Coll\u00e9 sur la couverture arri\u00e8re<br \/>\n&#8211; Dimensions globales: 75x50x3 mm<br \/>\nSection compos\u00e9e de:<br \/>\n&#8211; 4 blocs de signets imprim\u00e9s en diff\u00e9rentes couleurs<br \/>\n&#8211; 25 drapeaux par couleur<br \/>\n&#8211; Colle: sur le dessus<\/p>\n<p><strong>Drapeau unique<\/strong><br \/>\nDimensions: 19&#215;50 mm<\/p>\n<p><strong>Personnalisation des drapeaux:<\/strong> impression en quadri<\/p>\n<p><strong>Livraison<\/strong><br \/>\nEmballage plastique fini<br \/>\nCartons<\/p>\n<h6>MOQ: 1 000 pi\u00e8ces<\/h6>\n","protected":false},"excerpt":{"rendered":"<p>Le post-it pop-up adh\u00e9sif MEMOTACK avec des marqueurs en papier personnalis\u00e9s. Encart pop-up avec mod\u00e8le personnalis\u00e9.<\/p>\n","protected":false},"featured_media":27851,"template":"","meta":[],"product_brand":[5138],"product_cat":[5078,659,648,647,653,646,654],"product_tag":[],"class_list":{"0":"post-15907","1":"product","2":"type-product","3":"status-publish","4":"has-post-thumbnail","6":"product_brand-fabricant-proramillenote","7":"product_cat-ca-coute-moins-d1-euro","8":"product_cat-bloc-notes-combines-dans-un-etui-en-carton-sur-mesure","9":"product_cat-marqueurs-pages-en-papier-fait-sur-mesure","10":"product_cat-marque-pages-drapeaux-signets-personnalises","11":"product_cat-post-it-personnalisable-avec-couverture","12":"product_cat-post-it-personnalises","13":"product_cat-post-it-notes-avec-couverture-en-carton-personnalise","14":"pa_num-col-stampa-fogli-post-it-feuilles-impression-2-couleurs-fr","15":"pa_num-col-stampa-fogli-post-it-feuilles-impression-0-couleurs-fr","16":"pa_num-col-stampa-fogli-post-it-feuilles-impression-1-couleur-fr","17":"pa_num-col-stampa-fogli-post-it-feuilles-impression-3-couleurs-fr","18":"pa_num-col-stampa-fogli-post-it-feuilles-impression-4-couleurs-fr","19":"pa_num-col-stampa-fogli-post-it-feuilles-impression-en-quadri-fr","20":"pa_num-colori-stmp-bandierine-marque-page-signet-impression-1-couleur","21":"pa_num-colori-stmp-bandierine-marque-page-signet-impression-2-couleur","22":"pa_num-colori-stmp-bandierine-marque-page-signet-impression-3-couleur","23":"pa_num-colori-stmp-bandierine-marque-page-signet-impression-4-couleur","24":"pa_num-colori-stmp-bandierine-marque-page-signet-impression-quadri","25":"pa_stampa-copertina-numero-col-couverture-impression-numerique-fr","26":"pa_stampa-copertina-numero-col-couverture-impression-1-couleur-fr","27":"pa_stampa-copertina-numero-col-couverture-impression-2-couleurs-fr","28":"pa_stampa-copertina-numero-col-couverture-impression-3-couleurs-fr","30":"first","31":"instock","32":"purchasable","33":"product-type-variable","34":"has-default-attributes"},"yoast_head":"<!-- This site is optimized with the Yoast SEO Premium plugin v27.3 (Yoast SEO v27.3) - https:\/\/yoast.com\/product\/yoast-seo-premium-wordpress\/ -->\n<title>Memotack pop-up fully bespoke, with page-markers flags<\/title>\n<meta name=\"description\" content=\"Memotack pop-up fully bespoke, with page-markers flags. Tailor made corporate gadget\" \/>\n<meta name=\"robots\" content=\"index, follow, max-snippet:-1, max-image-preview:large, max-video-preview:-1\" \/>\n<link rel=\"canonical\" href=\"https:\/\/proramillenote.it\/fr\/post-it-pop-up-signette-sku516\/\" \/>\n<meta property=\"og:locale\" content=\"fr_FR\" \/>\n<meta property=\"og:type\" content=\"article\" \/>\n<meta property=\"og:title\" content=\"Memotack pop-up fully bespoke, with page-markers flags\" \/>\n<meta property=\"og:description\" content=\"Memotack pop-up fully bespoke, with page-markers flags. Tailor made corporate gadget\" \/>\n<meta property=\"og:url\" content=\"https:\/\/proramillenote.it\/fr\/post-it-pop-up-signette-sku516\/\" \/>\n<meta property=\"og:site_name\" content=\"Gadgets d\u2019entreprise et post-it personnalis\u00e9s\" \/>\n<meta property=\"article:modified_time\" content=\"2024-07-15T09:45:21+00:00\" \/>\n<meta property=\"og:image\" content=\"https:\/\/proramillenote.it\/wp-content\/uploads\/bandierine-segnapagina-carta-zecovir-guidotti.webp\" \/>\n\t<meta property=\"og:image:width\" content=\"600\" \/>\n\t<meta property=\"og:image:height\" content=\"600\" \/>\n\t<meta property=\"og:image:type\" content=\"image\/webp\" \/>\n<meta name=\"twitter:card\" content=\"summary_large_image\" \/>\n<script type=\"application\/ld+json\" class=\"yoast-schema-graph\">{\"@context\":\"https:\\\/\\\/schema.org\",\"@graph\":[{\"@type\":\"WebPage\",\"@id\":\"https:\\\/\\\/proramillenote.it\\\/fr\\\/post-it-pop-up-signette-sku516\\\/\",\"url\":\"https:\\\/\\\/proramillenote.it\\\/fr\\\/post-it-pop-up-signette-sku516\\\/\",\"name\":\"Memotack pop-up fully bespoke, with page-markers flags\",\"isPartOf\":{\"@id\":\"https:\\\/\\\/proramillenote.it\\\/fr\\\/#website\"},\"primaryImageOfPage\":{\"@id\":\"https:\\\/\\\/proramillenote.it\\\/fr\\\/post-it-pop-up-signette-sku516\\\/#primaryimage\"},\"image\":{\"@id\":\"https:\\\/\\\/proramillenote.it\\\/fr\\\/post-it-pop-up-signette-sku516\\\/#primaryimage\"},\"thumbnailUrl\":\"https:\\\/\\\/proramillenote.it\\\/wp-content\\\/uploads\\\/bandierine-segnapagina-carta-zecovir-guidotti.webp?wsr\",\"datePublished\":\"2019-01-30T08:10:59+00:00\",\"dateModified\":\"2024-07-15T09:45:21+00:00\",\"description\":\"Memotack pop-up fully bespoke, with page-markers flags. Tailor made corporate gadget\",\"breadcrumb\":{\"@id\":\"https:\\\/\\\/proramillenote.it\\\/fr\\\/post-it-pop-up-signette-sku516\\\/#breadcrumb\"},\"inLanguage\":\"fr-FR\",\"potentialAction\":[{\"@type\":\"ReadAction\",\"target\":[\"https:\\\/\\\/proramillenote.it\\\/fr\\\/post-it-pop-up-signette-sku516\\\/\"]}]},{\"@type\":\"ImageObject\",\"inLanguage\":\"fr-FR\",\"@id\":\"https:\\\/\\\/proramillenote.it\\\/fr\\\/post-it-pop-up-signette-sku516\\\/#primaryimage\",\"url\":\"https:\\\/\\\/proramillenote.it\\\/wp-content\\\/uploads\\\/bandierine-segnapagina-carta-zecovir-guidotti.webp?wsr\",\"contentUrl\":\"https:\\\/\\\/proramillenote.it\\\/wp-content\\\/uploads\\\/bandierine-segnapagina-carta-zecovir-guidotti.webp?wsr\",\"width\":600,\"height\":600},{\"@type\":\"BreadcrumbList\",\"@id\":\"https:\\\/\\\/proramillenote.it\\\/fr\\\/post-it-pop-up-signette-sku516\\\/#breadcrumb\",\"itemListElement\":[{\"@type\":\"ListItem\",\"position\":1,\"name\":\"Proramillenote\",\"item\":\"https:\\\/\\\/proramillenote.it\\\/fr\\\/\"},{\"@type\":\"ListItem\",\"position\":2,\"name\":\"MEMOTACK pop-up avec signets\"}]},{\"@type\":\"WebSite\",\"@id\":\"https:\\\/\\\/proramillenote.it\\\/fr\\\/#website\",\"url\":\"https:\\\/\\\/proramillenote.it\\\/fr\\\/\",\"name\":\"Proramillenote gadget aziendali e post-it personalizzati\",\"description\":\"Post-it personalizzati, block notes con logo e gadget aziendali per il marketing B2B. Specialisti in gadget promozionali per medici e aziende farmaceutiche.\",\"publisher\":{\"@id\":\"https:\\\/\\\/proramillenote.it\\\/fr\\\/#organization\"},\"alternateName\":\"Proramillenote\",\"potentialAction\":[{\"@type\":\"SearchAction\",\"target\":{\"@type\":\"EntryPoint\",\"urlTemplate\":\"https:\\\/\\\/proramillenote.it\\\/fr\\\/?s={search_term_string}\"},\"query-input\":{\"@type\":\"PropertyValueSpecification\",\"valueRequired\":true,\"valueName\":\"search_term_string\"}}],\"inLanguage\":\"fr-FR\"},{\"@type\":\"Organization\",\"@id\":\"https:\\\/\\\/proramillenote.it\\\/fr\\\/#organization\",\"name\":\"Proramillenote gadgets d\u2019entreprise et post-it personnalis\u00e9s\",\"alternateName\":\"Proramillenote\",\"url\":\"https:\\\/\\\/proramillenote.it\\\/fr\\\/\",\"logo\":{\"@type\":\"ImageObject\",\"inLanguage\":\"fr-FR\",\"@id\":\"https:\\\/\\\/proramillenote.it\\\/fr\\\/#\\\/schema\\\/logo\\\/image\\\/\",\"url\":\"https:\\\/\\\/proramillenote.it\\\/wp-content\\\/uploads\\\/papercube800.png?wsr\",\"contentUrl\":\"https:\\\/\\\/proramillenote.it\\\/wp-content\\\/uploads\\\/papercube800.png?wsr\",\"width\":800,\"height\":800,\"caption\":\"Proramillenote gadgets d\u2019entreprise et post-it personnalis\u00e9s\"},\"image\":{\"@id\":\"https:\\\/\\\/proramillenote.it\\\/fr\\\/#\\\/schema\\\/logo\\\/image\\\/\"},\"description\":\"\u2022 Specialista in produzione e commercio di gadget per medici e gadget per veterinari personalizzati. \u2022 Produzione di gadget aziendali per qualsiasi settore merceologico dal 1975. \u2022 Produttore di post-it personalizzati, post-it sagomati e cubi di carta personalizzati in stampa digitale oppure offset. Produttore di block-notes con logo. \u2022 Con cartotecnica creativa progettiamo KIT di post-it su misura, Made in Italy e di design italiano, insigniti del prestigioso premio europeo PGA Promotional Gift Award. \u2022 Concorso #Ossoduro \\\"Design di brand reminder da scrivania innovativi\\\" concepito per incoraggiare la creativit\u00e0 degli studenti di scuole secondarie di design e grafica. Annuale - Ed.7\u00b0 2024-2025. \u2022 Proramillenote \u00e8 produttore accreditato EUDAMED per la fornitura di DMClasse I \u2022 Proramillenote \u00e8 certificata FSC\u00ae Chain of custody.\",\"email\":\"customercare@proramillenote.it\",\"telephone\":\"+39 039616593\",\"legalName\":\"Proramillenote Srl\",\"foundingDate\":\"1972-01-01\",\"vatID\":\"10323920966\",\"taxID\":\"10323920966\",\"numberOfEmployees\":{\"@type\":\"QuantitativeValue\",\"minValue\":\"11\",\"maxValue\":\"50\"},\"publishingPrinciples\":\"https:\\\/\\\/proramillenote.it\\\/politica-su-etica\\\/\",\"ownershipFundingInfo\":\"https:\\\/\\\/proramillenote.it\\\/politica-su-etica\\\/\",\"actionableFeedbackPolicy\":\"https:\\\/\\\/proramillenote.it\\\/politica-su-etica\\\/\",\"correctionsPolicy\":\"https:\\\/\\\/proramillenote.it\\\/politica-su-etica\\\/\",\"ethicsPolicy\":\"https:\\\/\\\/proramillenote.it\\\/politica-su-etica\\\/\",\"diversityPolicy\":\"https:\\\/\\\/proramillenote.it\\\/politica-su-etica\\\/\",\"diversityStaffingReport\":\"https:\\\/\\\/proramillenote.it\\\/politica-su-etica\\\/\"}]}<\/script>\n<meta property=\"product:brand\" content=\"Fabricant Proramillenote\" \/>\n<meta property=\"og:availability\" content=\"instock\" \/>\n<meta property=\"product:availability\" content=\"instock\" \/>\n<meta property=\"product:retailer_item_id\" content=\"516\" \/>\n<meta property=\"product:condition\" content=\"new\" \/>\n<!-- \/ Yoast SEO Premium plugin. -->","yoast_head_json":{"title":"Memotack pop-up fully bespoke, with page-markers flags","description":"Memotack pop-up fully bespoke, with page-markers flags. Tailor made corporate gadget","robots":{"index":"index","follow":"follow","max-snippet":"max-snippet:-1","max-image-preview":"max-image-preview:large","max-video-preview":"max-video-preview:-1"},"canonical":"https:\/\/proramillenote.it\/fr\/post-it-pop-up-signette-sku516\/","og_locale":"fr_FR","og_type":"article","og_title":"Memotack pop-up fully bespoke, with page-markers flags","og_description":"Memotack pop-up fully bespoke, with page-markers flags. Tailor made corporate gadget","og_url":"https:\/\/proramillenote.it\/fr\/post-it-pop-up-signette-sku516\/","og_site_name":"Gadgets d\u2019entreprise et post-it personnalis\u00e9s","article_modified_time":"2024-07-15T09:45:21+00:00","og_image":[{"width":600,"height":600,"url":"https:\/\/proramillenote.it\/wp-content\/uploads\/bandierine-segnapagina-carta-zecovir-guidotti.webp","type":"image\/webp"}],"twitter_card":"summary_large_image","schema":{"@context":"https:\/\/schema.org","@graph":[{"@type":"WebPage","@id":"https:\/\/proramillenote.it\/fr\/post-it-pop-up-signette-sku516\/","url":"https:\/\/proramillenote.it\/fr\/post-it-pop-up-signette-sku516\/","name":"Memotack pop-up fully bespoke, with page-markers flags","isPartOf":{"@id":"https:\/\/proramillenote.it\/fr\/#website"},"primaryImageOfPage":{"@id":"https:\/\/proramillenote.it\/fr\/post-it-pop-up-signette-sku516\/#primaryimage"},"image":{"@id":"https:\/\/proramillenote.it\/fr\/post-it-pop-up-signette-sku516\/#primaryimage"},"thumbnailUrl":"https:\/\/proramillenote.it\/wp-content\/uploads\/bandierine-segnapagina-carta-zecovir-guidotti.webp?wsr","datePublished":"2019-01-30T08:10:59+00:00","dateModified":"2024-07-15T09:45:21+00:00","description":"Memotack pop-up fully bespoke, with page-markers flags. Tailor made corporate gadget","breadcrumb":{"@id":"https:\/\/proramillenote.it\/fr\/post-it-pop-up-signette-sku516\/#breadcrumb"},"inLanguage":"fr-FR","potentialAction":[{"@type":"ReadAction","target":["https:\/\/proramillenote.it\/fr\/post-it-pop-up-signette-sku516\/"]}]},{"@type":"ImageObject","inLanguage":"fr-FR","@id":"https:\/\/proramillenote.it\/fr\/post-it-pop-up-signette-sku516\/#primaryimage","url":"https:\/\/proramillenote.it\/wp-content\/uploads\/bandierine-segnapagina-carta-zecovir-guidotti.webp?wsr","contentUrl":"https:\/\/proramillenote.it\/wp-content\/uploads\/bandierine-segnapagina-carta-zecovir-guidotti.webp?wsr","width":600,"height":600},{"@type":"BreadcrumbList","@id":"https:\/\/proramillenote.it\/fr\/post-it-pop-up-signette-sku516\/#breadcrumb","itemListElement":[{"@type":"ListItem","position":1,"name":"Proramillenote","item":"https:\/\/proramillenote.it\/fr\/"},{"@type":"ListItem","position":2,"name":"MEMOTACK pop-up avec signets"}]},{"@type":"WebSite","@id":"https:\/\/proramillenote.it\/fr\/#website","url":"https:\/\/proramillenote.it\/fr\/","name":"Proramillenote gadget aziendali e post-it personalizzati","description":"Post-it personalizzati, block notes con logo e gadget aziendali per il marketing B2B. Specialisti in gadget promozionali per medici e aziende farmaceutiche.","publisher":{"@id":"https:\/\/proramillenote.it\/fr\/#organization"},"alternateName":"Proramillenote","potentialAction":[{"@type":"SearchAction","target":{"@type":"EntryPoint","urlTemplate":"https:\/\/proramillenote.it\/fr\/?s={search_term_string}"},"query-input":{"@type":"PropertyValueSpecification","valueRequired":true,"valueName":"search_term_string"}}],"inLanguage":"fr-FR"},{"@type":"Organization","@id":"https:\/\/proramillenote.it\/fr\/#organization","name":"Proramillenote gadgets d\u2019entreprise et post-it personnalis\u00e9s","alternateName":"Proramillenote","url":"https:\/\/proramillenote.it\/fr\/","logo":{"@type":"ImageObject","inLanguage":"fr-FR","@id":"https:\/\/proramillenote.it\/fr\/#\/schema\/logo\/image\/","url":"https:\/\/proramillenote.it\/wp-content\/uploads\/papercube800.png?wsr","contentUrl":"https:\/\/proramillenote.it\/wp-content\/uploads\/papercube800.png?wsr","width":800,"height":800,"caption":"Proramillenote gadgets d\u2019entreprise et post-it personnalis\u00e9s"},"image":{"@id":"https:\/\/proramillenote.it\/fr\/#\/schema\/logo\/image\/"},"description":"\u2022 Specialista in produzione e commercio di gadget per medici e gadget per veterinari personalizzati. \u2022 Produzione di gadget aziendali per qualsiasi settore merceologico dal 1975. \u2022 Produttore di post-it personalizzati, post-it sagomati e cubi di carta personalizzati in stampa digitale oppure offset. Produttore di block-notes con logo. \u2022 Con cartotecnica creativa progettiamo KIT di post-it su misura, Made in Italy e di design italiano, insigniti del prestigioso premio europeo PGA Promotional Gift Award. \u2022 Concorso #Ossoduro \"Design di brand reminder da scrivania innovativi\" concepito per incoraggiare la creativit\u00e0 degli studenti di scuole secondarie di design e grafica. Annuale - Ed.7\u00b0 2024-2025. \u2022 Proramillenote \u00e8 produttore accreditato EUDAMED per la fornitura di DMClasse I \u2022 Proramillenote \u00e8 certificata FSC\u00ae Chain of custody.","email":"customercare@proramillenote.it","telephone":"+39 039616593","legalName":"Proramillenote Srl","foundingDate":"1972-01-01","vatID":"10323920966","taxID":"10323920966","numberOfEmployees":{"@type":"QuantitativeValue","minValue":"11","maxValue":"50"},"publishingPrinciples":"https:\/\/proramillenote.it\/politica-su-etica\/","ownershipFundingInfo":"https:\/\/proramillenote.it\/politica-su-etica\/","actionableFeedbackPolicy":"https:\/\/proramillenote.it\/politica-su-etica\/","correctionsPolicy":"https:\/\/proramillenote.it\/politica-su-etica\/","ethicsPolicy":"https:\/\/proramillenote.it\/politica-su-etica\/","diversityPolicy":"https:\/\/proramillenote.it\/politica-su-etica\/","diversityStaffingReport":"https:\/\/proramillenote.it\/politica-su-etica\/"}]},"product_brand":"Fabricant Proramillenote","og_availability":"instock","product_availability":"instock","product_retailer_item_id":"516","product_condition":"new"},"_links":{"self":[{"href":"https:\/\/proramillenote.it\/fr\/wp-json\/wp\/v2\/product\/15907","targetHints":{"allow":["GET"]}}],"collection":[{"href":"https:\/\/proramillenote.it\/fr\/wp-json\/wp\/v2\/product"}],"about":[{"href":"https:\/\/proramillenote.it\/fr\/wp-json\/wp\/v2\/types\/product"}],"version-history":[{"count":0,"href":"https:\/\/proramillenote.it\/fr\/wp-json\/wp\/v2\/product\/15907\/revisions"}],"wp:featuredmedia":[{"embeddable":true,"href":"https:\/\/proramillenote.it\/fr\/wp-json\/wp\/v2\/media\/27851"}],"wp:attachment":[{"href":"https:\/\/proramillenote.it\/fr\/wp-json\/wp\/v2\/media?parent=15907"}],"wp:term":[{"taxonomy":"product_brand","embeddable":true,"href":"https:\/\/proramillenote.it\/fr\/wp-json\/wp\/v2\/product_brand?post=15907"},{"taxonomy":"product_cat","embeddable":true,"href":"https:\/\/proramillenote.it\/fr\/wp-json\/wp\/v2\/product_cat?post=15907"},{"taxonomy":"product_tag","embeddable":true,"href":"https:\/\/proramillenote.it\/fr\/wp-json\/wp\/v2\/product_tag?post=15907"}],"curies":[{"name":"wp","href":"https:\/\/api.w.org\/{rel}","templated":true}]}}