{"id":15917,"date":"2015-12-30T11:00:58","date_gmt":"2015-12-30T10:00:58","guid":{"rendered":"https:\/\/staging.proramillenote.it\/gadget\/memoplan-con-copertina-rigida-combinato-di-blocknotes-adesivi-sagomati-e-bandierine-segnapagina\/"},"modified":"2024-07-15T11:43:51","modified_gmt":"2024-07-15T09:43:51","slug":"combinee-couverture-rigide-notes-autocollantes-faconnees-et-index-onglets-drapeaux-signets-sku-461","status":"publish","type":"product","link":"https:\/\/proramillenote.it\/fr\/combinee-couverture-rigide-notes-autocollantes-faconnees-et-index-onglets-drapeaux-signets-sku-461\/","title":{"rendered":"Combin\u00e9e couverture rigide post-it fa\u00e7onn\u00e9es et marque-pages"},"content":{"rendered":"<p><img decoding=\"async\" class=\"alignnone size-full wp-image-9355\" src=\"https:\/\/proramillenote.it\/wp-content\/uploads\/memotack-post-it-proramillenote.png\" alt=\"\" width=\"272\" height=\"50\" \/><\/p>\n<p>Le MEMOPLAN avec couverture rigide, combin\u00e9 aux blocs de notes adh\u00e9sives MEMOTACK et aux drapeaux signets, enti\u00e8rement personnalisables.<\/p>\n<p><strong>Caract\u00e9ristiques<\/strong><br \/>\n&#8211; Couverture cartonn\u00e9e, tr\u00e8s rigide, avec une pr\u00e9cieuse finition protectrice brillante.<br \/>\n&#8211; Format ferm\u00e9 de la couverture: mm 76x75x14 environ.<br \/>\n&#8211; Un ou plusieurs blocs-notes en papier adh\u00e9sif fa\u00e7onn\u00e9<br \/>\n&#8211; \u00c9paisseur du bloc-notes 100 feuilles (environ 1 cm)<br \/>\n&#8211; Jeu de 5 drapeaux de page d&rsquo;index, couleurs fluorescentes standard<\/p>\n<p><strong>Personnalisation<\/strong><br \/>\n&#8211; Impression de 1 \u00e0 4 couleurs sur des feuilles<br \/>\n&#8211; Impression num\u00e9rique de 1 \u00e0 4 couleurs sur la couverture<\/p>\n<p><strong>Emballage<\/strong><br \/>\n&#8211; Prot\u00e9g\u00e9 individuellement par une pellicule r\u00e9tractable<br \/>\n&#8211; Emball\u00e9 dans des bo\u00eetes en carton<\/p>\n<p><strong>Sur mesure<\/strong><br \/>\nSur demande, nous pouvons produire des blocs-notes avec diff\u00e9rents formats, nombre de feuilles et couleurs de papier personnalis\u00e9es.<\/p>\n<h6>Quantit\u00e9 minimale pour la production 1.000 pi\u00e8ces<\/h6>\n","protected":false},"excerpt":{"rendered":"<p>MEMOPLAN avec couverture rigide, combinaison de post-it MEMOTACK et de drapeaux signets.<\/p>\n","protected":false},"featured_media":15918,"template":"","meta":[],"product_brand":[5137],"product_cat":[3341,421,662,259,169,441],"product_tag":[],"class_list":{"0":"post-15917","1":"product","2":"type-product","3":"status-publish","4":"has-post-thumbnail","6":"product_brand-proramillenote-manufacturer","7":"product_cat-it-costs-between-1-and-2-euro","8":"product_cat-combined-post-it-hard-cover","9":"product_cat-bespoke-combined-post-it-without-cover","10":"product_cat-bespoke-sticky-notes-with-cover-manufacturer-subcat-en","11":"product_cat-bespoke-sticky-notes-manufacturer","12":"product_cat-memotack-adehesive-notepad-post-it-with-hard-cover","13":"pa_num-col-stampa-fogli-post-it-sheets-2-colours-printing-en","14":"pa_num-col-stampa-fogli-post-it-sheets-0-colours-printing-en","15":"pa_num-col-stampa-fogli-post-it-sheets-1-colour-printing-en","16":"pa_num-col-stampa-fogli-post-it-sheets-3-colours-printing-en-en","17":"pa_num-col-stampa-fogli-post-it-sheets-4-colours-printing-en","18":"pa_num-col-stampa-fogli-post-it-sheets-full-process-printing-en","19":"pa_stampa-copertina-numero-col-cover-full-colours-digital-printing","20":"pa_stampa-copertina-numero-col-cover-1-colour-printing-en","21":"pa_stampa-copertina-numero-col-cover-2-colours-printing-en","22":"pa_stampa-copertina-numero-col-cover-3-colours-printing-en","24":"first","25":"instock","26":"purchasable","27":"product-type-variable","28":"has-default-attributes"},"yoast_head":"<!-- This site is optimized with the Yoast SEO Premium plugin v27.3 (Yoast SEO v27.3) - https:\/\/yoast.com\/product\/yoast-seo-premium-wordpress\/ -->\n<title>Mashed up Memotack shaped jotters with hard-cover and page marker index flag set<\/title>\n<meta name=\"description\" content=\"Bespoke, digitally printed hard cover note book, composed by several shaped sticky Memotack jotters mashed up with a page-marker index flag set. Manufacturer, bespoke creations with corporate logo\" \/>\n<meta name=\"robots\" content=\"index, follow, max-snippet:-1, max-image-preview:large, max-video-preview:-1\" \/>\n<link rel=\"canonical\" href=\"https:\/\/proramillenote.it\/fr\/combinee-couverture-rigide-notes-autocollantes-faconnees-et-index-onglets-drapeaux-signets-sku-461\/\" \/>\n<meta property=\"og:locale\" content=\"fr_FR\" \/>\n<meta property=\"og:type\" content=\"article\" \/>\n<meta property=\"og:title\" content=\"Mashed up Memotack shaped jotters with hard-cover and page marker index flag set\" \/>\n<meta property=\"og:description\" content=\"Bespoke, digitally printed hard cover note book, composed by several shaped sticky Memotack jotters mashed up with a page-marker index flag set. Manufacturer, bespoke creations with corporate logo\" \/>\n<meta property=\"og:url\" content=\"https:\/\/proramillenote.it\/fr\/combinee-couverture-rigide-notes-autocollantes-faconnees-et-index-onglets-drapeaux-signets-sku-461\/\" \/>\n<meta property=\"og:site_name\" content=\"Gadgets d\u2019entreprise et post-it personnalis\u00e9s\" \/>\n<meta property=\"article:modified_time\" content=\"2024-07-15T09:43:51+00:00\" \/>\n<meta property=\"og:image\" content=\"https:\/\/proramillenote.it\/wp-content\/uploads\/blocnotes-carta-adesiva-combinato-hard-cover-1.webp\" \/>\n\t<meta property=\"og:image:width\" content=\"600\" \/>\n\t<meta property=\"og:image:height\" content=\"600\" \/>\n\t<meta property=\"og:image:type\" content=\"image\/webp\" \/>\n<meta name=\"twitter:card\" content=\"summary_large_image\" \/>\n<script type=\"application\/ld+json\" class=\"yoast-schema-graph\">{\"@context\":\"https:\\\/\\\/schema.org\",\"@graph\":[{\"@type\":\"WebPage\",\"@id\":\"https:\\\/\\\/proramillenote.it\\\/fr\\\/combinee-couverture-rigide-notes-autocollantes-faconnees-et-index-onglets-drapeaux-signets-sku-461\\\/\",\"url\":\"https:\\\/\\\/proramillenote.it\\\/fr\\\/combinee-couverture-rigide-notes-autocollantes-faconnees-et-index-onglets-drapeaux-signets-sku-461\\\/\",\"name\":\"Mashed up Memotack shaped jotters with hard-cover and page marker index flag set\",\"isPartOf\":{\"@id\":\"https:\\\/\\\/proramillenote.it\\\/fr\\\/#website\"},\"primaryImageOfPage\":{\"@id\":\"https:\\\/\\\/proramillenote.it\\\/fr\\\/combinee-couverture-rigide-notes-autocollantes-faconnees-et-index-onglets-drapeaux-signets-sku-461\\\/#primaryimage\"},\"image\":{\"@id\":\"https:\\\/\\\/proramillenote.it\\\/fr\\\/combinee-couverture-rigide-notes-autocollantes-faconnees-et-index-onglets-drapeaux-signets-sku-461\\\/#primaryimage\"},\"thumbnailUrl\":\"https:\\\/\\\/proramillenote.it\\\/wp-content\\\/uploads\\\/blocnotes-carta-adesiva-combinato-hard-cover-1.webp?wsr\",\"datePublished\":\"2015-12-30T10:00:58+00:00\",\"dateModified\":\"2024-07-15T09:43:51+00:00\",\"description\":\"Bespoke, digitally printed hard cover note book, composed by several shaped sticky Memotack jotters mashed up with a page-marker index flag set. Manufacturer, bespoke creations with corporate logo\",\"breadcrumb\":{\"@id\":\"https:\\\/\\\/proramillenote.it\\\/fr\\\/combinee-couverture-rigide-notes-autocollantes-faconnees-et-index-onglets-drapeaux-signets-sku-461\\\/#breadcrumb\"},\"inLanguage\":\"fr-FR\",\"potentialAction\":[{\"@type\":\"ReadAction\",\"target\":[\"https:\\\/\\\/proramillenote.it\\\/fr\\\/combinee-couverture-rigide-notes-autocollantes-faconnees-et-index-onglets-drapeaux-signets-sku-461\\\/\"]}]},{\"@type\":\"ImageObject\",\"inLanguage\":\"fr-FR\",\"@id\":\"https:\\\/\\\/proramillenote.it\\\/fr\\\/combinee-couverture-rigide-notes-autocollantes-faconnees-et-index-onglets-drapeaux-signets-sku-461\\\/#primaryimage\",\"url\":\"https:\\\/\\\/proramillenote.it\\\/wp-content\\\/uploads\\\/blocnotes-carta-adesiva-combinato-hard-cover-1.webp?wsr\",\"contentUrl\":\"https:\\\/\\\/proramillenote.it\\\/wp-content\\\/uploads\\\/blocnotes-carta-adesiva-combinato-hard-cover-1.webp?wsr\",\"width\":600,\"height\":600,\"caption\":\"bloc-notes-papier-colle-combine-couverture-rigide\"},{\"@type\":\"BreadcrumbList\",\"@id\":\"https:\\\/\\\/proramillenote.it\\\/fr\\\/combinee-couverture-rigide-notes-autocollantes-faconnees-et-index-onglets-drapeaux-signets-sku-461\\\/#breadcrumb\",\"itemListElement\":[{\"@type\":\"ListItem\",\"position\":1,\"name\":\"Proramillenote\",\"item\":\"https:\\\/\\\/proramillenote.it\\\/fr\\\/\"},{\"@type\":\"ListItem\",\"position\":2,\"name\":\"Combin\u00e9e couverture rigide post-it fa\u00e7onn\u00e9es et marque-pages\"}]},{\"@type\":\"WebSite\",\"@id\":\"https:\\\/\\\/proramillenote.it\\\/fr\\\/#website\",\"url\":\"https:\\\/\\\/proramillenote.it\\\/fr\\\/\",\"name\":\"Proramillenote gadget aziendali e post-it personalizzati\",\"description\":\"Post-it personalizzati, block notes con logo e gadget aziendali per il marketing B2B. Specialisti in gadget promozionali per medici e aziende farmaceutiche.\",\"publisher\":{\"@id\":\"https:\\\/\\\/proramillenote.it\\\/fr\\\/#organization\"},\"alternateName\":\"Proramillenote\",\"potentialAction\":[{\"@type\":\"SearchAction\",\"target\":{\"@type\":\"EntryPoint\",\"urlTemplate\":\"https:\\\/\\\/proramillenote.it\\\/fr\\\/?s={search_term_string}\"},\"query-input\":{\"@type\":\"PropertyValueSpecification\",\"valueRequired\":true,\"valueName\":\"search_term_string\"}}],\"inLanguage\":\"fr-FR\"},{\"@type\":\"Organization\",\"@id\":\"https:\\\/\\\/proramillenote.it\\\/fr\\\/#organization\",\"name\":\"Proramillenote gadgets d\u2019entreprise et post-it personnalis\u00e9s\",\"alternateName\":\"Proramillenote\",\"url\":\"https:\\\/\\\/proramillenote.it\\\/fr\\\/\",\"logo\":{\"@type\":\"ImageObject\",\"inLanguage\":\"fr-FR\",\"@id\":\"https:\\\/\\\/proramillenote.it\\\/fr\\\/#\\\/schema\\\/logo\\\/image\\\/\",\"url\":\"https:\\\/\\\/proramillenote.it\\\/wp-content\\\/uploads\\\/papercube800.png?wsr\",\"contentUrl\":\"https:\\\/\\\/proramillenote.it\\\/wp-content\\\/uploads\\\/papercube800.png?wsr\",\"width\":800,\"height\":800,\"caption\":\"Proramillenote gadgets d\u2019entreprise et post-it personnalis\u00e9s\"},\"image\":{\"@id\":\"https:\\\/\\\/proramillenote.it\\\/fr\\\/#\\\/schema\\\/logo\\\/image\\\/\"},\"description\":\"\u2022 Specialista in produzione e commercio di gadget per medici e gadget per veterinari personalizzati. \u2022 Produzione di gadget aziendali per qualsiasi settore merceologico dal 1975. \u2022 Produttore di post-it personalizzati, post-it sagomati e cubi di carta personalizzati in stampa digitale oppure offset. Produttore di block-notes con logo. \u2022 Con cartotecnica creativa progettiamo KIT di post-it su misura, Made in Italy e di design italiano, insigniti del prestigioso premio europeo PGA Promotional Gift Award. \u2022 Concorso #Ossoduro \\\"Design di brand reminder da scrivania innovativi\\\" concepito per incoraggiare la creativit\u00e0 degli studenti di scuole secondarie di design e grafica. Annuale - Ed.7\u00b0 2024-2025. \u2022 Proramillenote \u00e8 produttore accreditato EUDAMED per la fornitura di DMClasse I \u2022 Proramillenote \u00e8 certificata FSC\u00ae Chain of custody.\",\"email\":\"customercare@proramillenote.it\",\"telephone\":\"+39 039616593\",\"legalName\":\"Proramillenote Srl\",\"foundingDate\":\"1972-01-01\",\"vatID\":\"10323920966\",\"taxID\":\"10323920966\",\"numberOfEmployees\":{\"@type\":\"QuantitativeValue\",\"minValue\":\"11\",\"maxValue\":\"50\"},\"publishingPrinciples\":\"https:\\\/\\\/proramillenote.it\\\/politica-su-etica\\\/\",\"ownershipFundingInfo\":\"https:\\\/\\\/proramillenote.it\\\/politica-su-etica\\\/\",\"actionableFeedbackPolicy\":\"https:\\\/\\\/proramillenote.it\\\/politica-su-etica\\\/\",\"correctionsPolicy\":\"https:\\\/\\\/proramillenote.it\\\/politica-su-etica\\\/\",\"ethicsPolicy\":\"https:\\\/\\\/proramillenote.it\\\/politica-su-etica\\\/\",\"diversityPolicy\":\"https:\\\/\\\/proramillenote.it\\\/politica-su-etica\\\/\",\"diversityStaffingReport\":\"https:\\\/\\\/proramillenote.it\\\/politica-su-etica\\\/\"}]}<\/script>\n<meta property=\"product:brand\" content=\"Proramillenote manufacturer\" \/>\n<meta property=\"og:availability\" content=\"instock\" \/>\n<meta property=\"product:availability\" content=\"instock\" \/>\n<meta property=\"product:retailer_item_id\" content=\"461\" \/>\n<meta property=\"product:condition\" content=\"new\" \/>\n<!-- \/ Yoast SEO Premium plugin. -->","yoast_head_json":{"title":"Mashed up Memotack shaped jotters with hard-cover and page marker index flag set","description":"Bespoke, digitally printed hard cover note book, composed by several shaped sticky Memotack jotters mashed up with a page-marker index flag set. Manufacturer, bespoke creations with corporate logo","robots":{"index":"index","follow":"follow","max-snippet":"max-snippet:-1","max-image-preview":"max-image-preview:large","max-video-preview":"max-video-preview:-1"},"canonical":"https:\/\/proramillenote.it\/fr\/combinee-couverture-rigide-notes-autocollantes-faconnees-et-index-onglets-drapeaux-signets-sku-461\/","og_locale":"fr_FR","og_type":"article","og_title":"Mashed up Memotack shaped jotters with hard-cover and page marker index flag set","og_description":"Bespoke, digitally printed hard cover note book, composed by several shaped sticky Memotack jotters mashed up with a page-marker index flag set. Manufacturer, bespoke creations with corporate logo","og_url":"https:\/\/proramillenote.it\/fr\/combinee-couverture-rigide-notes-autocollantes-faconnees-et-index-onglets-drapeaux-signets-sku-461\/","og_site_name":"Gadgets d\u2019entreprise et post-it personnalis\u00e9s","article_modified_time":"2024-07-15T09:43:51+00:00","og_image":[{"width":600,"height":600,"url":"https:\/\/proramillenote.it\/wp-content\/uploads\/blocnotes-carta-adesiva-combinato-hard-cover-1.webp","type":"image\/webp"}],"twitter_card":"summary_large_image","schema":{"@context":"https:\/\/schema.org","@graph":[{"@type":"WebPage","@id":"https:\/\/proramillenote.it\/fr\/combinee-couverture-rigide-notes-autocollantes-faconnees-et-index-onglets-drapeaux-signets-sku-461\/","url":"https:\/\/proramillenote.it\/fr\/combinee-couverture-rigide-notes-autocollantes-faconnees-et-index-onglets-drapeaux-signets-sku-461\/","name":"Mashed up Memotack shaped jotters with hard-cover and page marker index flag set","isPartOf":{"@id":"https:\/\/proramillenote.it\/fr\/#website"},"primaryImageOfPage":{"@id":"https:\/\/proramillenote.it\/fr\/combinee-couverture-rigide-notes-autocollantes-faconnees-et-index-onglets-drapeaux-signets-sku-461\/#primaryimage"},"image":{"@id":"https:\/\/proramillenote.it\/fr\/combinee-couverture-rigide-notes-autocollantes-faconnees-et-index-onglets-drapeaux-signets-sku-461\/#primaryimage"},"thumbnailUrl":"https:\/\/proramillenote.it\/wp-content\/uploads\/blocnotes-carta-adesiva-combinato-hard-cover-1.webp?wsr","datePublished":"2015-12-30T10:00:58+00:00","dateModified":"2024-07-15T09:43:51+00:00","description":"Bespoke, digitally printed hard cover note book, composed by several shaped sticky Memotack jotters mashed up with a page-marker index flag set. Manufacturer, bespoke creations with corporate logo","breadcrumb":{"@id":"https:\/\/proramillenote.it\/fr\/combinee-couverture-rigide-notes-autocollantes-faconnees-et-index-onglets-drapeaux-signets-sku-461\/#breadcrumb"},"inLanguage":"fr-FR","potentialAction":[{"@type":"ReadAction","target":["https:\/\/proramillenote.it\/fr\/combinee-couverture-rigide-notes-autocollantes-faconnees-et-index-onglets-drapeaux-signets-sku-461\/"]}]},{"@type":"ImageObject","inLanguage":"fr-FR","@id":"https:\/\/proramillenote.it\/fr\/combinee-couverture-rigide-notes-autocollantes-faconnees-et-index-onglets-drapeaux-signets-sku-461\/#primaryimage","url":"https:\/\/proramillenote.it\/wp-content\/uploads\/blocnotes-carta-adesiva-combinato-hard-cover-1.webp?wsr","contentUrl":"https:\/\/proramillenote.it\/wp-content\/uploads\/blocnotes-carta-adesiva-combinato-hard-cover-1.webp?wsr","width":600,"height":600,"caption":"bloc-notes-papier-colle-combine-couverture-rigide"},{"@type":"BreadcrumbList","@id":"https:\/\/proramillenote.it\/fr\/combinee-couverture-rigide-notes-autocollantes-faconnees-et-index-onglets-drapeaux-signets-sku-461\/#breadcrumb","itemListElement":[{"@type":"ListItem","position":1,"name":"Proramillenote","item":"https:\/\/proramillenote.it\/fr\/"},{"@type":"ListItem","position":2,"name":"Combin\u00e9e couverture rigide post-it fa\u00e7onn\u00e9es et marque-pages"}]},{"@type":"WebSite","@id":"https:\/\/proramillenote.it\/fr\/#website","url":"https:\/\/proramillenote.it\/fr\/","name":"Proramillenote gadget aziendali e post-it personalizzati","description":"Post-it personalizzati, block notes con logo e gadget aziendali per il marketing B2B. Specialisti in gadget promozionali per medici e aziende farmaceutiche.","publisher":{"@id":"https:\/\/proramillenote.it\/fr\/#organization"},"alternateName":"Proramillenote","potentialAction":[{"@type":"SearchAction","target":{"@type":"EntryPoint","urlTemplate":"https:\/\/proramillenote.it\/fr\/?s={search_term_string}"},"query-input":{"@type":"PropertyValueSpecification","valueRequired":true,"valueName":"search_term_string"}}],"inLanguage":"fr-FR"},{"@type":"Organization","@id":"https:\/\/proramillenote.it\/fr\/#organization","name":"Proramillenote gadgets d\u2019entreprise et post-it personnalis\u00e9s","alternateName":"Proramillenote","url":"https:\/\/proramillenote.it\/fr\/","logo":{"@type":"ImageObject","inLanguage":"fr-FR","@id":"https:\/\/proramillenote.it\/fr\/#\/schema\/logo\/image\/","url":"https:\/\/proramillenote.it\/wp-content\/uploads\/papercube800.png?wsr","contentUrl":"https:\/\/proramillenote.it\/wp-content\/uploads\/papercube800.png?wsr","width":800,"height":800,"caption":"Proramillenote gadgets d\u2019entreprise et post-it personnalis\u00e9s"},"image":{"@id":"https:\/\/proramillenote.it\/fr\/#\/schema\/logo\/image\/"},"description":"\u2022 Specialista in produzione e commercio di gadget per medici e gadget per veterinari personalizzati. \u2022 Produzione di gadget aziendali per qualsiasi settore merceologico dal 1975. \u2022 Produttore di post-it personalizzati, post-it sagomati e cubi di carta personalizzati in stampa digitale oppure offset. Produttore di block-notes con logo. \u2022 Con cartotecnica creativa progettiamo KIT di post-it su misura, Made in Italy e di design italiano, insigniti del prestigioso premio europeo PGA Promotional Gift Award. \u2022 Concorso #Ossoduro \"Design di brand reminder da scrivania innovativi\" concepito per incoraggiare la creativit\u00e0 degli studenti di scuole secondarie di design e grafica. Annuale - Ed.7\u00b0 2024-2025. \u2022 Proramillenote \u00e8 produttore accreditato EUDAMED per la fornitura di DMClasse I \u2022 Proramillenote \u00e8 certificata FSC\u00ae Chain of custody.","email":"customercare@proramillenote.it","telephone":"+39 039616593","legalName":"Proramillenote Srl","foundingDate":"1972-01-01","vatID":"10323920966","taxID":"10323920966","numberOfEmployees":{"@type":"QuantitativeValue","minValue":"11","maxValue":"50"},"publishingPrinciples":"https:\/\/proramillenote.it\/politica-su-etica\/","ownershipFundingInfo":"https:\/\/proramillenote.it\/politica-su-etica\/","actionableFeedbackPolicy":"https:\/\/proramillenote.it\/politica-su-etica\/","correctionsPolicy":"https:\/\/proramillenote.it\/politica-su-etica\/","ethicsPolicy":"https:\/\/proramillenote.it\/politica-su-etica\/","diversityPolicy":"https:\/\/proramillenote.it\/politica-su-etica\/","diversityStaffingReport":"https:\/\/proramillenote.it\/politica-su-etica\/"}]},"product_brand":"Proramillenote manufacturer","og_availability":"instock","product_availability":"instock","product_retailer_item_id":"461","product_condition":"new"},"_links":{"self":[{"href":"https:\/\/proramillenote.it\/fr\/wp-json\/wp\/v2\/product\/15917","targetHints":{"allow":["GET"]}}],"collection":[{"href":"https:\/\/proramillenote.it\/fr\/wp-json\/wp\/v2\/product"}],"about":[{"href":"https:\/\/proramillenote.it\/fr\/wp-json\/wp\/v2\/types\/product"}],"version-history":[{"count":0,"href":"https:\/\/proramillenote.it\/fr\/wp-json\/wp\/v2\/product\/15917\/revisions"}],"wp:featuredmedia":[{"embeddable":true,"href":"https:\/\/proramillenote.it\/fr\/wp-json\/wp\/v2\/media\/15918"}],"wp:attachment":[{"href":"https:\/\/proramillenote.it\/fr\/wp-json\/wp\/v2\/media?parent=15917"}],"wp:term":[{"taxonomy":"product_brand","embeddable":true,"href":"https:\/\/proramillenote.it\/fr\/wp-json\/wp\/v2\/product_brand?post=15917"},{"taxonomy":"product_cat","embeddable":true,"href":"https:\/\/proramillenote.it\/fr\/wp-json\/wp\/v2\/product_cat?post=15917"},{"taxonomy":"product_tag","embeddable":true,"href":"https:\/\/proramillenote.it\/fr\/wp-json\/wp\/v2\/product_tag?post=15917"}],"curies":[{"name":"wp","href":"https:\/\/api.w.org\/{rel}","templated":true}]}}