{"id":15919,"date":"2018-07-23T08:19:44","date_gmt":"2018-07-23T06:19:44","guid":{"rendered":"https:\/\/staging.proramillenote.it\/gadget\/post-it-zig-zag-tir-camion-doppio\/"},"modified":"2025-11-20T13:41:03","modified_gmt":"2025-11-20T12:41:03","slug":"distributeur-en-carton-pour-2-post-it-zig-zag-camion-forme-3d-double-sku460","status":"publish","type":"product","link":"https:\/\/proramillenote.it\/fr\/distributeur-en-carton-pour-2-post-it-zig-zag-camion-forme-3d-double-sku460\/","title":{"rendered":"Distributeur de 2 post-it zig-zag camion"},"content":{"rendered":"<h2>Distributeur de 2 post-it zig-zag camion<\/h2>\n<p>Il sert de double distributeur de feuilles adh\u00e9sives. Les feuilles sont rassembl\u00e9es dans 2 blocs de post-it zig-zag. Elles s&rsquo;extraient facilement par les fentes sp\u00e9cialement con\u00e7ues sur le toit du camion. Le distributeur utilise du carton et offre une personnalisation compl\u00e8te, tout comme l&rsquo;impression sur les post-it MEMOTACK zig-zag.<\/p>\n<p><strong>Distributeur :<\/strong><\/p>\n<ul>\n<li>Mat\u00e9riau : carton<\/li>\n<li>Dimensions : 180 mm \u00d7 60 mm \u00d7 55 mm<\/li>\n<li>Personnalisation : impression quadri, impression num\u00e9rique (tr\u00e8s grande surface de personnalisation)<\/li>\n<li>Finition : plastification brillante &#8211; optionnelle &#8211;<\/li>\n<\/ul>\n<p><strong>Feuilles :<\/strong><\/p>\n<ul>\n<li>Mat\u00e9riau : papier non couch\u00e9 post-it FSC<sup>\u00ae<\/sup> ou recycl\u00e9<\/li>\n<li>Format : deux post-it de 35 mm \u00d7 75 mm chacun<\/li>\n<li>Couleur du papier : feuilles jaunes, blanches ou imprim\u00e9es en Pantone<\/li>\n<li>Personnalisation par impression graphique de 1 \u00e0 4 couleurs<\/li>\n<\/ul>\n<p><strong>Services sp\u00e9ciaux :<\/strong><\/p>\n<ul>\n<li>Alternez les feuilles de papier adh\u00e9sif blanches et jaunes (impression sur feuilles jusqu&rsquo;\u00e0 2 couleurs)<\/li>\n<li>Demandez une impression sur des feuilles avec 2 sujets diff\u00e9rents (impression sur feuilles jusqu&rsquo;\u00e0 2 couleurs)<\/li>\n<li>Autres formats et traitements sp\u00e9ciaux disponibles sur demande<\/li>\n<\/ul>\n<h6><strong>MQO :<\/strong> 500 pz<\/h6>\n","protected":false},"excerpt":{"rendered":"<p>Distributeur en carton pour 2 post-it zig-zag 3D en forme de camion, truck. Gadget de bureau, gadget sp\u00e9cial de logistique avec image de l&rsquo;entreprise. Distributeur personnalis\u00e9 en impression num\u00e9rique, feuilles offset.<\/p>\n","protected":false},"featured_media":15920,"template":"","meta":[],"product_brand":[5132],"product_cat":[276],"product_tag":[],"class_list":{"0":"post-15919","1":"product","2":"type-product","3":"status-publish","4":"has-post-thumbnail","6":"product_brand-produzione-proramillenote","7":"product_cat-block-notes-adesivi-post-it-zig-zag-z-notes-personalizzati","8":"pa_formato-post-it-50-x-75","9":"pa_num-col-stampa-fogli-post-it-fogli-stampa-2-colori","10":"pa_num-col-stampa-fogli-post-it-fogli-stampa-0-colore","11":"pa_num-col-stampa-fogli-post-it-fogli-stampa-1-colore","12":"pa_numero-fogli-1582","13":"pa_numero-fogli-1583","14":"pa_numero-fogli-1584","15":"pa_numero-fogli-1581","16":"pa_stampa-astuccio-col-ast-1c","17":"pa_stampa-astuccio-col-ast-2c","18":"pa_stampa-astuccio-col-ast-3c","19":"pa_stampa-astuccio-col-ast-4c","20":"pa_stampa-astuccio-col-stmp-digitale-astuccio","21":"pa_tipo-di-carta-materiali-carta-adesiva-fsc","22":"pa_tipo-di-carta-materiali-carta-adesiva-riciclata","24":"first","25":"instock","26":"purchasable","27":"product-type-variable","28":"has-default-attributes"},"yoast_head":"<!-- This site is optimized with the Yoast SEO Premium plugin v27.3 (Yoast SEO v27.3) - https:\/\/yoast.com\/product\/yoast-seo-premium-wordpress\/ -->\n<title>Distributeur en carton pour 2 post-it zig-zag camion forme 3D<\/title>\n<meta name=\"description\" content=\"Distributeur en carton pour 2 post-it zig-zag camion forme 3D. Gadget de bureau, gadget sp\u00e9cial de logistique personnalis\u00e9 avec image de l&#039;entreprise\" \/>\n<meta name=\"robots\" content=\"index, follow, max-snippet:-1, max-image-preview:large, max-video-preview:-1\" \/>\n<link rel=\"canonical\" href=\"https:\/\/proramillenote.it\/fr\/distributeur-en-carton-pour-2-post-it-zig-zag-camion-forme-3d-double-sku460\/\" \/>\n<meta property=\"og:locale\" content=\"fr_FR\" \/>\n<meta property=\"og:type\" content=\"article\" \/>\n<meta property=\"og:title\" content=\"Distributeur en carton pour 2 post-it zig-zag camion forme 3D\" \/>\n<meta property=\"og:description\" content=\"Distributeur en carton pour 2 post-it zig-zag camion forme 3D. Gadget de bureau, gadget sp\u00e9cial de logistique personnalis\u00e9 avec image de l&#039;entreprise\" \/>\n<meta property=\"og:url\" content=\"https:\/\/proramillenote.it\/fr\/distributeur-en-carton-pour-2-post-it-zig-zag-camion-forme-3d-double-sku460\/\" \/>\n<meta property=\"og:site_name\" content=\"Gadgets d\u2019entreprise et post-it personnalis\u00e9s\" \/>\n<meta property=\"article:modified_time\" content=\"2025-11-20T12:41:03+00:00\" \/>\n<meta property=\"og:image\" content=\"https:\/\/proramillenote.it\/wp-content\/uploads\/2015\/06\/ZIG-ZAG-TIR-sitLogistica.webp\" \/>\n\t<meta property=\"og:image:width\" content=\"600\" \/>\n\t<meta property=\"og:image:height\" content=\"600\" \/>\n\t<meta property=\"og:image:type\" content=\"image\/jpeg\" \/>\n<meta name=\"twitter:card\" content=\"summary_large_image\" \/>\n<script type=\"application\/ld+json\" class=\"yoast-schema-graph\">{\"@context\":\"https:\\\/\\\/schema.org\",\"@graph\":[{\"@type\":\"WebPage\",\"@id\":\"https:\\\/\\\/proramillenote.it\\\/fr\\\/distributeur-en-carton-pour-2-post-it-zig-zag-camion-forme-3d-double-sku460\\\/\",\"url\":\"https:\\\/\\\/proramillenote.it\\\/fr\\\/distributeur-en-carton-pour-2-post-it-zig-zag-camion-forme-3d-double-sku460\\\/\",\"name\":\"Distributeur en carton pour 2 post-it zig-zag camion forme 3D\",\"isPartOf\":{\"@id\":\"https:\\\/\\\/proramillenote.it\\\/fr\\\/#website\"},\"primaryImageOfPage\":{\"@id\":\"https:\\\/\\\/proramillenote.it\\\/fr\\\/distributeur-en-carton-pour-2-post-it-zig-zag-camion-forme-3d-double-sku460\\\/#primaryimage\"},\"image\":{\"@id\":\"https:\\\/\\\/proramillenote.it\\\/fr\\\/distributeur-en-carton-pour-2-post-it-zig-zag-camion-forme-3d-double-sku460\\\/#primaryimage\"},\"thumbnailUrl\":\"https:\\\/\\\/proramillenote.it\\\/wp-content\\\/uploads\\\/2015\\\/06\\\/ZIG-ZAG-TIR-sitLogistica.webp?wsr\",\"datePublished\":\"2018-07-23T06:19:44+00:00\",\"dateModified\":\"2025-11-20T12:41:03+00:00\",\"description\":\"Distributeur en carton pour 2 post-it zig-zag camion forme 3D. Gadget de bureau, gadget sp\u00e9cial de logistique personnalis\u00e9 avec image de l'entreprise\",\"breadcrumb\":{\"@id\":\"https:\\\/\\\/proramillenote.it\\\/fr\\\/distributeur-en-carton-pour-2-post-it-zig-zag-camion-forme-3d-double-sku460\\\/#breadcrumb\"},\"inLanguage\":\"fr-FR\",\"potentialAction\":[{\"@type\":\"ReadAction\",\"target\":[\"https:\\\/\\\/proramillenote.it\\\/fr\\\/distributeur-en-carton-pour-2-post-it-zig-zag-camion-forme-3d-double-sku460\\\/\"]}]},{\"@type\":\"ImageObject\",\"inLanguage\":\"fr-FR\",\"@id\":\"https:\\\/\\\/proramillenote.it\\\/fr\\\/distributeur-en-carton-pour-2-post-it-zig-zag-camion-forme-3d-double-sku460\\\/#primaryimage\",\"url\":\"https:\\\/\\\/proramillenote.it\\\/wp-content\\\/uploads\\\/2015\\\/06\\\/ZIG-ZAG-TIR-sitLogistica.webp?wsr\",\"contentUrl\":\"https:\\\/\\\/proramillenote.it\\\/wp-content\\\/uploads\\\/2015\\\/06\\\/ZIG-ZAG-TIR-sitLogistica.webp?wsr\",\"width\":600,\"height\":600,\"caption\":\"Distributeur en carton pour 2 post-it zig-zag 3D en forme de camion, truck\"},{\"@type\":\"BreadcrumbList\",\"@id\":\"https:\\\/\\\/proramillenote.it\\\/fr\\\/distributeur-en-carton-pour-2-post-it-zig-zag-camion-forme-3d-double-sku460\\\/#breadcrumb\",\"itemListElement\":[{\"@type\":\"ListItem\",\"position\":1,\"name\":\"Proramillenote\",\"item\":\"https:\\\/\\\/proramillenote.it\\\/fr\\\/\"},{\"@type\":\"ListItem\",\"position\":2,\"name\":\"Distributeur de 2 post-it zig-zag camion\"}]},{\"@type\":\"WebSite\",\"@id\":\"https:\\\/\\\/proramillenote.it\\\/fr\\\/#website\",\"url\":\"https:\\\/\\\/proramillenote.it\\\/fr\\\/\",\"name\":\"Proramillenote gadget aziendali e post-it personalizzati\",\"description\":\"Post-it personalizzati, block notes con logo e gadget aziendali per il marketing B2B. Specialisti in gadget promozionali per medici e aziende farmaceutiche.\",\"publisher\":{\"@id\":\"https:\\\/\\\/proramillenote.it\\\/fr\\\/#organization\"},\"alternateName\":\"Proramillenote\",\"potentialAction\":[{\"@type\":\"SearchAction\",\"target\":{\"@type\":\"EntryPoint\",\"urlTemplate\":\"https:\\\/\\\/proramillenote.it\\\/fr\\\/?s={search_term_string}\"},\"query-input\":{\"@type\":\"PropertyValueSpecification\",\"valueRequired\":true,\"valueName\":\"search_term_string\"}}],\"inLanguage\":\"fr-FR\"},{\"@type\":\"Organization\",\"@id\":\"https:\\\/\\\/proramillenote.it\\\/fr\\\/#organization\",\"name\":\"Proramillenote gadgets d\u2019entreprise et post-it personnalis\u00e9s\",\"alternateName\":\"Proramillenote\",\"url\":\"https:\\\/\\\/proramillenote.it\\\/fr\\\/\",\"logo\":{\"@type\":\"ImageObject\",\"inLanguage\":\"fr-FR\",\"@id\":\"https:\\\/\\\/proramillenote.it\\\/fr\\\/#\\\/schema\\\/logo\\\/image\\\/\",\"url\":\"https:\\\/\\\/proramillenote.it\\\/wp-content\\\/uploads\\\/papercube800.png?wsr\",\"contentUrl\":\"https:\\\/\\\/proramillenote.it\\\/wp-content\\\/uploads\\\/papercube800.png?wsr\",\"width\":800,\"height\":800,\"caption\":\"Proramillenote gadgets d\u2019entreprise et post-it personnalis\u00e9s\"},\"image\":{\"@id\":\"https:\\\/\\\/proramillenote.it\\\/fr\\\/#\\\/schema\\\/logo\\\/image\\\/\"},\"description\":\"\u2022 Specialista in produzione e commercio di gadget per medici e gadget per veterinari personalizzati. \u2022 Produzione di gadget aziendali per qualsiasi settore merceologico dal 1975. \u2022 Produttore di post-it personalizzati, post-it sagomati e cubi di carta personalizzati in stampa digitale oppure offset. Produttore di block-notes con logo. \u2022 Con cartotecnica creativa progettiamo KIT di post-it su misura, Made in Italy e di design italiano, insigniti del prestigioso premio europeo PGA Promotional Gift Award. \u2022 Concorso #Ossoduro \\\"Design di brand reminder da scrivania innovativi\\\" concepito per incoraggiare la creativit\u00e0 degli studenti di scuole secondarie di design e grafica. Annuale - Ed.7\u00b0 2024-2025. \u2022 Proramillenote \u00e8 produttore accreditato EUDAMED per la fornitura di DMClasse I \u2022 Proramillenote \u00e8 certificata FSC\u00ae Chain of custody.\",\"email\":\"customercare@proramillenote.it\",\"telephone\":\"+39 039616593\",\"legalName\":\"Proramillenote Srl\",\"foundingDate\":\"1972-01-01\",\"vatID\":\"10323920966\",\"taxID\":\"10323920966\",\"numberOfEmployees\":{\"@type\":\"QuantitativeValue\",\"minValue\":\"11\",\"maxValue\":\"50\"},\"publishingPrinciples\":\"https:\\\/\\\/proramillenote.it\\\/politica-su-etica\\\/\",\"ownershipFundingInfo\":\"https:\\\/\\\/proramillenote.it\\\/politica-su-etica\\\/\",\"actionableFeedbackPolicy\":\"https:\\\/\\\/proramillenote.it\\\/politica-su-etica\\\/\",\"correctionsPolicy\":\"https:\\\/\\\/proramillenote.it\\\/politica-su-etica\\\/\",\"ethicsPolicy\":\"https:\\\/\\\/proramillenote.it\\\/politica-su-etica\\\/\",\"diversityPolicy\":\"https:\\\/\\\/proramillenote.it\\\/politica-su-etica\\\/\",\"diversityStaffingReport\":\"https:\\\/\\\/proramillenote.it\\\/politica-su-etica\\\/\"}]}<\/script>\n<meta property=\"product:brand\" content=\"Proramillenote\" \/>\n<meta property=\"og:availability\" content=\"instock\" \/>\n<meta property=\"product:availability\" content=\"instock\" \/>\n<meta property=\"product:retailer_item_id\" content=\"460\" \/>\n<meta property=\"product:condition\" content=\"new\" \/>\n<!-- \/ Yoast SEO Premium plugin. -->","yoast_head_json":{"title":"Distributeur en carton pour 2 post-it zig-zag camion forme 3D","description":"Distributeur en carton pour 2 post-it zig-zag camion forme 3D. Gadget de bureau, gadget sp\u00e9cial de logistique personnalis\u00e9 avec image de l'entreprise","robots":{"index":"index","follow":"follow","max-snippet":"max-snippet:-1","max-image-preview":"max-image-preview:large","max-video-preview":"max-video-preview:-1"},"canonical":"https:\/\/proramillenote.it\/fr\/distributeur-en-carton-pour-2-post-it-zig-zag-camion-forme-3d-double-sku460\/","og_locale":"fr_FR","og_type":"article","og_title":"Distributeur en carton pour 2 post-it zig-zag camion forme 3D","og_description":"Distributeur en carton pour 2 post-it zig-zag camion forme 3D. Gadget de bureau, gadget sp\u00e9cial de logistique personnalis\u00e9 avec image de l'entreprise","og_url":"https:\/\/proramillenote.it\/fr\/distributeur-en-carton-pour-2-post-it-zig-zag-camion-forme-3d-double-sku460\/","og_site_name":"Gadgets d\u2019entreprise et post-it personnalis\u00e9s","article_modified_time":"2025-11-20T12:41:03+00:00","og_image":[{"width":600,"height":600,"url":"https:\/\/proramillenote.it\/wp-content\/uploads\/2015\/06\/ZIG-ZAG-TIR-sitLogistica.webp","type":"image\/jpeg"}],"twitter_card":"summary_large_image","schema":{"@context":"https:\/\/schema.org","@graph":[{"@type":"WebPage","@id":"https:\/\/proramillenote.it\/fr\/distributeur-en-carton-pour-2-post-it-zig-zag-camion-forme-3d-double-sku460\/","url":"https:\/\/proramillenote.it\/fr\/distributeur-en-carton-pour-2-post-it-zig-zag-camion-forme-3d-double-sku460\/","name":"Distributeur en carton pour 2 post-it zig-zag camion forme 3D","isPartOf":{"@id":"https:\/\/proramillenote.it\/fr\/#website"},"primaryImageOfPage":{"@id":"https:\/\/proramillenote.it\/fr\/distributeur-en-carton-pour-2-post-it-zig-zag-camion-forme-3d-double-sku460\/#primaryimage"},"image":{"@id":"https:\/\/proramillenote.it\/fr\/distributeur-en-carton-pour-2-post-it-zig-zag-camion-forme-3d-double-sku460\/#primaryimage"},"thumbnailUrl":"https:\/\/proramillenote.it\/wp-content\/uploads\/2015\/06\/ZIG-ZAG-TIR-sitLogistica.webp?wsr","datePublished":"2018-07-23T06:19:44+00:00","dateModified":"2025-11-20T12:41:03+00:00","description":"Distributeur en carton pour 2 post-it zig-zag camion forme 3D. Gadget de bureau, gadget sp\u00e9cial de logistique personnalis\u00e9 avec image de l'entreprise","breadcrumb":{"@id":"https:\/\/proramillenote.it\/fr\/distributeur-en-carton-pour-2-post-it-zig-zag-camion-forme-3d-double-sku460\/#breadcrumb"},"inLanguage":"fr-FR","potentialAction":[{"@type":"ReadAction","target":["https:\/\/proramillenote.it\/fr\/distributeur-en-carton-pour-2-post-it-zig-zag-camion-forme-3d-double-sku460\/"]}]},{"@type":"ImageObject","inLanguage":"fr-FR","@id":"https:\/\/proramillenote.it\/fr\/distributeur-en-carton-pour-2-post-it-zig-zag-camion-forme-3d-double-sku460\/#primaryimage","url":"https:\/\/proramillenote.it\/wp-content\/uploads\/2015\/06\/ZIG-ZAG-TIR-sitLogistica.webp?wsr","contentUrl":"https:\/\/proramillenote.it\/wp-content\/uploads\/2015\/06\/ZIG-ZAG-TIR-sitLogistica.webp?wsr","width":600,"height":600,"caption":"Distributeur en carton pour 2 post-it zig-zag 3D en forme de camion, truck"},{"@type":"BreadcrumbList","@id":"https:\/\/proramillenote.it\/fr\/distributeur-en-carton-pour-2-post-it-zig-zag-camion-forme-3d-double-sku460\/#breadcrumb","itemListElement":[{"@type":"ListItem","position":1,"name":"Proramillenote","item":"https:\/\/proramillenote.it\/fr\/"},{"@type":"ListItem","position":2,"name":"Distributeur de 2 post-it zig-zag camion"}]},{"@type":"WebSite","@id":"https:\/\/proramillenote.it\/fr\/#website","url":"https:\/\/proramillenote.it\/fr\/","name":"Proramillenote gadget aziendali e post-it personalizzati","description":"Post-it personalizzati, block notes con logo e gadget aziendali per il marketing B2B. Specialisti in gadget promozionali per medici e aziende farmaceutiche.","publisher":{"@id":"https:\/\/proramillenote.it\/fr\/#organization"},"alternateName":"Proramillenote","potentialAction":[{"@type":"SearchAction","target":{"@type":"EntryPoint","urlTemplate":"https:\/\/proramillenote.it\/fr\/?s={search_term_string}"},"query-input":{"@type":"PropertyValueSpecification","valueRequired":true,"valueName":"search_term_string"}}],"inLanguage":"fr-FR"},{"@type":"Organization","@id":"https:\/\/proramillenote.it\/fr\/#organization","name":"Proramillenote gadgets d\u2019entreprise et post-it personnalis\u00e9s","alternateName":"Proramillenote","url":"https:\/\/proramillenote.it\/fr\/","logo":{"@type":"ImageObject","inLanguage":"fr-FR","@id":"https:\/\/proramillenote.it\/fr\/#\/schema\/logo\/image\/","url":"https:\/\/proramillenote.it\/wp-content\/uploads\/papercube800.png?wsr","contentUrl":"https:\/\/proramillenote.it\/wp-content\/uploads\/papercube800.png?wsr","width":800,"height":800,"caption":"Proramillenote gadgets d\u2019entreprise et post-it personnalis\u00e9s"},"image":{"@id":"https:\/\/proramillenote.it\/fr\/#\/schema\/logo\/image\/"},"description":"\u2022 Specialista in produzione e commercio di gadget per medici e gadget per veterinari personalizzati. \u2022 Produzione di gadget aziendali per qualsiasi settore merceologico dal 1975. \u2022 Produttore di post-it personalizzati, post-it sagomati e cubi di carta personalizzati in stampa digitale oppure offset. Produttore di block-notes con logo. \u2022 Con cartotecnica creativa progettiamo KIT di post-it su misura, Made in Italy e di design italiano, insigniti del prestigioso premio europeo PGA Promotional Gift Award. \u2022 Concorso #Ossoduro \"Design di brand reminder da scrivania innovativi\" concepito per incoraggiare la creativit\u00e0 degli studenti di scuole secondarie di design e grafica. Annuale - Ed.7\u00b0 2024-2025. \u2022 Proramillenote \u00e8 produttore accreditato EUDAMED per la fornitura di DMClasse I \u2022 Proramillenote \u00e8 certificata FSC\u00ae Chain of custody.","email":"customercare@proramillenote.it","telephone":"+39 039616593","legalName":"Proramillenote Srl","foundingDate":"1972-01-01","vatID":"10323920966","taxID":"10323920966","numberOfEmployees":{"@type":"QuantitativeValue","minValue":"11","maxValue":"50"},"publishingPrinciples":"https:\/\/proramillenote.it\/politica-su-etica\/","ownershipFundingInfo":"https:\/\/proramillenote.it\/politica-su-etica\/","actionableFeedbackPolicy":"https:\/\/proramillenote.it\/politica-su-etica\/","correctionsPolicy":"https:\/\/proramillenote.it\/politica-su-etica\/","ethicsPolicy":"https:\/\/proramillenote.it\/politica-su-etica\/","diversityPolicy":"https:\/\/proramillenote.it\/politica-su-etica\/","diversityStaffingReport":"https:\/\/proramillenote.it\/politica-su-etica\/"}]},"product_brand":"Proramillenote","og_availability":"instock","product_availability":"instock","product_retailer_item_id":"460","product_condition":"new"},"_links":{"self":[{"href":"https:\/\/proramillenote.it\/fr\/wp-json\/wp\/v2\/product\/15919","targetHints":{"allow":["GET"]}}],"collection":[{"href":"https:\/\/proramillenote.it\/fr\/wp-json\/wp\/v2\/product"}],"about":[{"href":"https:\/\/proramillenote.it\/fr\/wp-json\/wp\/v2\/types\/product"}],"version-history":[{"count":0,"href":"https:\/\/proramillenote.it\/fr\/wp-json\/wp\/v2\/product\/15919\/revisions"}],"wp:featuredmedia":[{"embeddable":true,"href":"https:\/\/proramillenote.it\/fr\/wp-json\/wp\/v2\/media\/15920"}],"wp:attachment":[{"href":"https:\/\/proramillenote.it\/fr\/wp-json\/wp\/v2\/media?parent=15919"}],"wp:term":[{"taxonomy":"product_brand","embeddable":true,"href":"https:\/\/proramillenote.it\/fr\/wp-json\/wp\/v2\/product_brand?post=15919"},{"taxonomy":"product_cat","embeddable":true,"href":"https:\/\/proramillenote.it\/fr\/wp-json\/wp\/v2\/product_cat?post=15919"},{"taxonomy":"product_tag","embeddable":true,"href":"https:\/\/proramillenote.it\/fr\/wp-json\/wp\/v2\/product_tag?post=15919"}],"curies":[{"name":"wp","href":"https:\/\/api.w.org\/{rel}","templated":true}]}}