{"id":15921,"date":"2018-05-23T13:20:11","date_gmt":"2018-05-23T11:20:11","guid":{"rendered":"https:\/\/staging.proramillenote.it\/gadget\/blocknotes-memostep\/"},"modified":"2024-07-15T11:43:01","modified_gmt":"2024-07-15T09:43:01","slug":"bloc-notes-memostep-sku458","status":"publish","type":"product","link":"https:\/\/proramillenote.it\/fr\/bloc-notes-memostep-sku458\/","title":{"rendered":"Block-notes Memostep"},"content":{"rendered":"<p>Le <strong>Block-notes Memo Step<\/strong> est bien plus qu&rsquo;un simple gadget de bureau ; c&rsquo;est un puissant <strong>block-notes multibrand<\/strong> qui attire l&rsquo;attention et promeut la marque de mani\u00e8re cr\u00e9ative, avec un effet visuel accrocheur qui renforce la m\u00e9morisation de la marque et am\u00e9liore l&rsquo;efficacit\u00e9 publicitaire.<\/p>\n<p><strong>Memo Step<\/strong> est compos\u00e9 de blocs de notes superpos\u00e9s sur plusieurs niveaux, cr\u00e9ant un effet de cascade, chaque niveau ayant une forme diff\u00e9rente, m\u00eame le contour de votre produit !<\/p>\n<h2>Block-notes personnalis\u00e9s Memo Step<\/h2>\n<p>Les images de campagne publicitaire sont imprim\u00e9es en couleur sur chaque niveau : la <strong>personnalisation quadrichrome d\u00e9cal\u00e9e<\/strong> <strong>sur les feuilles<\/strong> permet une reproduction fid\u00e8le des d\u00e9tails et des couleurs de la marque, m\u00eame lorsque l&rsquo;impression n\u00e9cessite une couleur Pantone sp\u00e9cifique.<br \/>\nAvec <strong>Block-notes Memo Step<\/strong>, votre message promotionnel est communiqu\u00e9 de mani\u00e8re claire et engageante, r\u00e9pondant aux exigences du livre de marque.<br \/>\nLe Memo Step a des dimensions compactes (100&#215;148 mm) et s&rsquo;adapte confortablement sur n&rsquo;importe quel bureau, ajoutant un outil utile avec une touche d&rsquo;excentricit\u00e9 mesur\u00e9e.<br \/>\nL&rsquo;effet visuel, coordonn\u00e9 avec les graphiques de la campagne publicitaire, est toujours agr\u00e9able sur le bureau.<\/p>\n<h2>Block-notes Memo Step en forme : formats standard<\/h2>\n<p>Vous pouvez choisir parmi diff\u00e9rents mod\u00e8les standard de Memostep, y compris des formes rectangulaires ou des options pr\u00e9form\u00e9es, avec 2, 3 ou 4 niveaux, coll\u00e9s avec de la \u00ab\u00a0colle en t\u00eate\u00a0\u00bb ou de la \u00ab\u00a0colle au pied\u00a0\u00bb.<br \/>\nVous pouvez \u00e9galement opter pour un mod\u00e8le avec des formes enti\u00e8rement personnalis\u00e9es pour r\u00e9pondre \u00e0 vos besoins sp\u00e9cifiques (\u00e0 partir de 3000 pi\u00e8ces).<\/p>\n<h2>Block-notes Memo Step en forme avec colle au pied d\u00e9tachable par le haut<\/h2>\n<p>La version pr\u00e9sent\u00e9e dans l&rsquo;image principale du produit est particuli\u00e8rement originale et offre <strong>un mod\u00e8le avec colle au pied et<\/strong> <strong>d\u00e9tachable par le haut<\/strong>.<br \/>\nDans ce mod\u00e8le, les formes des produits restent en haut, cr\u00e9ant un \u00ab\u00a0effet de nuage\u00a0\u00bb sur le bloc-notes une fois d\u00e9tach\u00e9 des block-notes.<\/p>\n<h2>Gadget d&rsquo;entreprise Made in Italy<\/h2>\n<p>La quantit\u00e9 minimale pour la production est de 1 000 pi\u00e8ces : le gadget personnalis\u00e9 Memo Step convient aux petites et grandes s\u00e9ries d&rsquo;impression, offrant flexibilit\u00e9 et polyvalence pour r\u00e9pondre \u00e0 vos besoins marketing.<\/p>\n<p>Produit directement par Proramillenote, avec fiert\u00e9 &lsquo;Made in Italy&rsquo;.<br \/>\n<img decoding=\"async\" class=\"alignnone wp-image-9737\" src=\"https:\/\/proramillenote.it\/wp-content\/uploads\/MemoStep.png\" alt=\"logo memostep\" width=\"266\" height=\"126\" srcset=\"https:\/\/proramillenote.it\/wp-content\/uploads\/MemoStep.png 600w, https:\/\/proramillenote.it\/wp-content\/uploads\/MemoStep-300x142.png 300w\" sizes=\"(max-width: 266px) 100vw, 266px\" \/><\/p>\n<p><a href=\"https:\/\/youtu.be\/D3HMAO0sSVY\">Video Memostep<\/a><\/p>\n<p><strong>Caract\u00e9ristiques:<\/strong><\/p>\n<ul>\n<li>Dimensions: 100 \u00d7 148 mm e 97x150mm<\/li>\n<li>Colle, formes vari\u00e9es en t\u00eate<\/li>\n<li>Pas d&#8217;emballage individuel<\/li>\n<\/ul>\n<p><strong>Formats standards:<\/strong><\/p>\n<ol>\n<li>2 niveaux, 2 sujets (6 mm d&rsquo;\u00e9paisseur, 60 feuilles, 30 feuilles par sujet)<\/li>\n<li>3 niveaux, 3 sujets (6 mm d&rsquo;\u00e9paisseur, 60 feuilles, 20 feuilles par sujet)<\/li>\n<li>4 niveaux, 4 sujets (10 mm d&rsquo;\u00e9paisseur, 100 feuilles, 25 feuilles par sujet)<\/li>\n<li>4 niveaux rectangulaires, 4 sujets (10 mm d&rsquo;\u00e9paisseur, 100 feuilles, 25 feuilles par sujet)<\/li>\n<li>Commandes sur mesure &#8211; minimum de 3 000 pi\u00e8ces &#8211; (nombre de niveaux et formes sur demande avec projet et \u00e9tude de faisabilit\u00e9)<\/li>\n<\/ol>\n<p><strong>Personnalisation:<br \/>\n<\/strong>Impression offset<\/p>\n<h6>Quantit\u00e9 minimale: 1 000 pi\u00e8ces<\/h6>\n<p>D\u00e9couvrez \u00e9galement l&rsquo;adh\u00e9sif Memostep, nomm\u00e9 <a href=\"https:\/\/proramillenote.it\/prodotto\/post-it-memotack-step-stampa-logo-sku457\/\">Memotack Step<\/a>.<\/p>\n<p><iframe title=\"memostep video\" src=\"https:\/\/www.youtube-nocookie.com\/embed\/D3HMAO0sSVY?rel=0\" width=\"560\" height=\"315\" frameborder=\"0\" allowfullscreen=\"allowfullscreen\"><\/iframe><\/p>\n","protected":false},"excerpt":{"rendered":"<p>Bloc-notes Memostep : un gadget de bureau personnalis\u00e9 multi-marques avec des blocs-notes superpos\u00e9s pour un effet de mise \u00e0 l&rsquo;\u00e9chelle unique. Chaque niveau est form\u00e9 de mani\u00e8re unique pour repr\u00e9senter votre produit, avec des impressions en quadrichromie. Choisissez des tailles standard ou une personnalisation compl\u00e8te. Fabriqu\u00e9 en Italie par Proramillenote.<\/p>\n","protected":false},"featured_media":15923,"template":"","meta":[],"product_brand":[5132],"product_cat":[114,94,639,637],"product_tag":[5327,5269,5456],"class_list":{"0":"post-15921","1":"product","2":"type-product","3":"status-publish","4":"has-post-thumbnail","6":"product_brand-produzione-proramillenote","7":"product_cat-block-notes-sagomati","8":"product_cat-block-notes-personalizzati","9":"product_cat-costa-tra-1-e-2-euro","10":"product_cat-consegna-4-settimane","11":"product_tag-block-notes-sagomati","12":"product_tag-gadget-multibrand","13":"product_tag-block-notes-post-it-step","14":"pa_sagome-step-step-a-2-livelli-sagoma-standard","15":"pa_sagome-step-step-a-3-livelli-sagomati-standard","16":"pa_sagome-step-step-su-misura","17":"pa_sagome-step-step-a-4-livelli-sagomati-standard","18":"pa_sagome-step-step-a-4-livelli-rettangolari-standard","19":"pa_stampa-fogli-carta-usomano-0-col-carta-um","20":"pa_stampa-fogli-carta-usomano-1-col-carta-um","21":"pa_stampa-fogli-carta-usomano-2-col-carta-um","22":"pa_stampa-fogli-carta-usomano-3-col-carta-um","23":"pa_stampa-fogli-carta-usomano-4-col-carta-um","24":"pa_stampa-fogli-carta-usomano-quadri-carta-um","26":"first","27":"instock","28":"purchasable","29":"product-type-variable","30":"has-default-attributes"},"yoast_head":"<!-- This site is optimized with the Yoast SEO Premium plugin v27.3 (Yoast SEO v27.3) - https:\/\/yoast.com\/product\/yoast-seo-premium-wordpress\/ -->\n<title>Bloc-notes Memostep avec 2\/3\/4 niveaux en forme<\/title>\n<meta name=\"description\" content=\"Memostep bloc-notes: gadget de bureau, multi-marques, avec des blocs-notes empil\u00e9s. Impression quadri. Standard ou enti\u00e8rement personnalis\u00e9.\" \/>\n<meta name=\"robots\" content=\"index, follow, max-snippet:-1, max-image-preview:large, max-video-preview:-1\" \/>\n<link rel=\"canonical\" href=\"https:\/\/proramillenote.it\/fr\/bloc-notes-memostep-sku458\/\" \/>\n<meta property=\"og:locale\" content=\"fr_FR\" \/>\n<meta property=\"og:type\" content=\"article\" \/>\n<meta property=\"og:title\" content=\"Bloc-notes Memostep avec 2\/3\/4 niveaux en forme\" \/>\n<meta property=\"og:description\" content=\"Memostep bloc-notes: gadget de bureau, multi-marques, avec des blocs-notes empil\u00e9s. Impression quadri. Standard ou enti\u00e8rement personnalis\u00e9.\" \/>\n<meta property=\"og:url\" content=\"https:\/\/proramillenote.it\/fr\/bloc-notes-memostep-sku458\/\" \/>\n<meta property=\"og:site_name\" content=\"Gadgets d\u2019entreprise et post-it personnalis\u00e9s\" \/>\n<meta property=\"article:modified_time\" content=\"2024-07-15T09:43:01+00:00\" \/>\n<meta property=\"og:image\" content=\"https:\/\/proramillenote.it\/wp-content\/uploads\/2019\/12\/products-Memostep_tack_finder_yesly.png?wsr\" \/>\n\t<meta property=\"og:image:width\" content=\"600\" \/>\n\t<meta property=\"og:image:height\" content=\"600\" \/>\n\t<meta property=\"og:image:type\" content=\"image\/jpeg\" \/>\n<meta name=\"twitter:card\" content=\"summary_large_image\" \/>\n<script type=\"application\/ld+json\" class=\"yoast-schema-graph\">{\"@context\":\"https:\\\/\\\/schema.org\",\"@graph\":[{\"@type\":\"WebPage\",\"@id\":\"https:\\\/\\\/proramillenote.it\\\/fr\\\/bloc-notes-memostep-sku458\\\/\",\"url\":\"https:\\\/\\\/proramillenote.it\\\/fr\\\/bloc-notes-memostep-sku458\\\/\",\"name\":\"Bloc-notes Memostep avec 2\\\/3\\\/4 niveaux en forme\",\"isPartOf\":{\"@id\":\"https:\\\/\\\/proramillenote.it\\\/fr\\\/#website\"},\"primaryImageOfPage\":{\"@id\":\"https:\\\/\\\/proramillenote.it\\\/fr\\\/bloc-notes-memostep-sku458\\\/#primaryimage\"},\"image\":{\"@id\":\"https:\\\/\\\/proramillenote.it\\\/fr\\\/bloc-notes-memostep-sku458\\\/#primaryimage\"},\"thumbnailUrl\":\"https:\\\/\\\/proramillenote.it\\\/wp-content\\\/uploads\\\/2019\\\/12\\\/products-Memostep_tack_finder_yesly.png?wsr\",\"datePublished\":\"2018-05-23T11:20:11+00:00\",\"dateModified\":\"2024-07-15T09:43:01+00:00\",\"description\":\"Memostep bloc-notes: gadget de bureau, multi-marques, avec des blocs-notes empil\u00e9s. Impression quadri. Standard ou enti\u00e8rement personnalis\u00e9.\",\"breadcrumb\":{\"@id\":\"https:\\\/\\\/proramillenote.it\\\/fr\\\/bloc-notes-memostep-sku458\\\/#breadcrumb\"},\"inLanguage\":\"fr-FR\",\"potentialAction\":[{\"@type\":\"ReadAction\",\"target\":[\"https:\\\/\\\/proramillenote.it\\\/fr\\\/bloc-notes-memostep-sku458\\\/\"]}]},{\"@type\":\"ImageObject\",\"inLanguage\":\"fr-FR\",\"@id\":\"https:\\\/\\\/proramillenote.it\\\/fr\\\/bloc-notes-memostep-sku458\\\/#primaryimage\",\"url\":\"https:\\\/\\\/proramillenote.it\\\/wp-content\\\/uploads\\\/2019\\\/12\\\/products-Memostep_tack_finder_yesly.png?wsr\",\"contentUrl\":\"https:\\\/\\\/proramillenote.it\\\/wp-content\\\/uploads\\\/2019\\\/12\\\/products-Memostep_tack_finder_yesly.png?wsr\",\"width\":600,\"height\":600,\"caption\":\"Block-notes Memostep \u00e8 un gadget personalizzato da scrivania findernet Yesly\"},{\"@type\":\"BreadcrumbList\",\"@id\":\"https:\\\/\\\/proramillenote.it\\\/fr\\\/bloc-notes-memostep-sku458\\\/#breadcrumb\",\"itemListElement\":[{\"@type\":\"ListItem\",\"position\":1,\"name\":\"Proramillenote\",\"item\":\"https:\\\/\\\/proramillenote.it\\\/fr\\\/\"},{\"@type\":\"ListItem\",\"position\":2,\"name\":\"Block-notes Memostep\"}]},{\"@type\":\"WebSite\",\"@id\":\"https:\\\/\\\/proramillenote.it\\\/fr\\\/#website\",\"url\":\"https:\\\/\\\/proramillenote.it\\\/fr\\\/\",\"name\":\"Proramillenote gadget aziendali e post-it personalizzati\",\"description\":\"Post-it personalizzati, block notes con logo e gadget aziendali per il marketing B2B. Specialisti in gadget promozionali per medici e aziende farmaceutiche.\",\"publisher\":{\"@id\":\"https:\\\/\\\/proramillenote.it\\\/fr\\\/#organization\"},\"alternateName\":\"Proramillenote\",\"potentialAction\":[{\"@type\":\"SearchAction\",\"target\":{\"@type\":\"EntryPoint\",\"urlTemplate\":\"https:\\\/\\\/proramillenote.it\\\/fr\\\/?s={search_term_string}\"},\"query-input\":{\"@type\":\"PropertyValueSpecification\",\"valueRequired\":true,\"valueName\":\"search_term_string\"}}],\"inLanguage\":\"fr-FR\"},{\"@type\":\"Organization\",\"@id\":\"https:\\\/\\\/proramillenote.it\\\/fr\\\/#organization\",\"name\":\"Proramillenote gadgets d\u2019entreprise et post-it personnalis\u00e9s\",\"alternateName\":\"Proramillenote\",\"url\":\"https:\\\/\\\/proramillenote.it\\\/fr\\\/\",\"logo\":{\"@type\":\"ImageObject\",\"inLanguage\":\"fr-FR\",\"@id\":\"https:\\\/\\\/proramillenote.it\\\/fr\\\/#\\\/schema\\\/logo\\\/image\\\/\",\"url\":\"https:\\\/\\\/proramillenote.it\\\/wp-content\\\/uploads\\\/papercube800.png?wsr\",\"contentUrl\":\"https:\\\/\\\/proramillenote.it\\\/wp-content\\\/uploads\\\/papercube800.png?wsr\",\"width\":800,\"height\":800,\"caption\":\"Proramillenote gadgets d\u2019entreprise et post-it personnalis\u00e9s\"},\"image\":{\"@id\":\"https:\\\/\\\/proramillenote.it\\\/fr\\\/#\\\/schema\\\/logo\\\/image\\\/\"},\"description\":\"\u2022 Specialista in produzione e commercio di gadget per medici e gadget per veterinari personalizzati. \u2022 Produzione di gadget aziendali per qualsiasi settore merceologico dal 1975. \u2022 Produttore di post-it personalizzati, post-it sagomati e cubi di carta personalizzati in stampa digitale oppure offset. Produttore di block-notes con logo. \u2022 Con cartotecnica creativa progettiamo KIT di post-it su misura, Made in Italy e di design italiano, insigniti del prestigioso premio europeo PGA Promotional Gift Award. \u2022 Concorso #Ossoduro \\\"Design di brand reminder da scrivania innovativi\\\" concepito per incoraggiare la creativit\u00e0 degli studenti di scuole secondarie di design e grafica. Annuale - Ed.7\u00b0 2024-2025. \u2022 Proramillenote \u00e8 produttore accreditato EUDAMED per la fornitura di DMClasse I \u2022 Proramillenote \u00e8 certificata FSC\u00ae Chain of custody.\",\"email\":\"customercare@proramillenote.it\",\"telephone\":\"+39 039616593\",\"legalName\":\"Proramillenote Srl\",\"foundingDate\":\"1972-01-01\",\"vatID\":\"10323920966\",\"taxID\":\"10323920966\",\"numberOfEmployees\":{\"@type\":\"QuantitativeValue\",\"minValue\":\"11\",\"maxValue\":\"50\"},\"publishingPrinciples\":\"https:\\\/\\\/proramillenote.it\\\/politica-su-etica\\\/\",\"ownershipFundingInfo\":\"https:\\\/\\\/proramillenote.it\\\/politica-su-etica\\\/\",\"actionableFeedbackPolicy\":\"https:\\\/\\\/proramillenote.it\\\/politica-su-etica\\\/\",\"correctionsPolicy\":\"https:\\\/\\\/proramillenote.it\\\/politica-su-etica\\\/\",\"ethicsPolicy\":\"https:\\\/\\\/proramillenote.it\\\/politica-su-etica\\\/\",\"diversityPolicy\":\"https:\\\/\\\/proramillenote.it\\\/politica-su-etica\\\/\",\"diversityStaffingReport\":\"https:\\\/\\\/proramillenote.it\\\/politica-su-etica\\\/\"}]}<\/script>\n<meta property=\"product:brand\" content=\"Proramillenote\" \/>\n<meta property=\"og:availability\" content=\"instock\" \/>\n<meta property=\"product:availability\" content=\"instock\" \/>\n<meta property=\"product:retailer_item_id\" content=\"458\" \/>\n<meta property=\"product:condition\" content=\"new\" \/>\n<!-- \/ Yoast SEO Premium plugin. -->","yoast_head_json":{"title":"Bloc-notes Memostep avec 2\/3\/4 niveaux en forme","description":"Memostep bloc-notes: gadget de bureau, multi-marques, avec des blocs-notes empil\u00e9s. Impression quadri. Standard ou enti\u00e8rement personnalis\u00e9.","robots":{"index":"index","follow":"follow","max-snippet":"max-snippet:-1","max-image-preview":"max-image-preview:large","max-video-preview":"max-video-preview:-1"},"canonical":"https:\/\/proramillenote.it\/fr\/bloc-notes-memostep-sku458\/","og_locale":"fr_FR","og_type":"article","og_title":"Bloc-notes Memostep avec 2\/3\/4 niveaux en forme","og_description":"Memostep bloc-notes: gadget de bureau, multi-marques, avec des blocs-notes empil\u00e9s. Impression quadri. Standard ou enti\u00e8rement personnalis\u00e9.","og_url":"https:\/\/proramillenote.it\/fr\/bloc-notes-memostep-sku458\/","og_site_name":"Gadgets d\u2019entreprise et post-it personnalis\u00e9s","article_modified_time":"2024-07-15T09:43:01+00:00","og_image":[{"width":600,"height":600,"url":"https:\/\/proramillenote.it\/wp-content\/uploads\/2019\/12\/products-Memostep_tack_finder_yesly.png?wsr","type":"image\/jpeg"}],"twitter_card":"summary_large_image","schema":{"@context":"https:\/\/schema.org","@graph":[{"@type":"WebPage","@id":"https:\/\/proramillenote.it\/fr\/bloc-notes-memostep-sku458\/","url":"https:\/\/proramillenote.it\/fr\/bloc-notes-memostep-sku458\/","name":"Bloc-notes Memostep avec 2\/3\/4 niveaux en forme","isPartOf":{"@id":"https:\/\/proramillenote.it\/fr\/#website"},"primaryImageOfPage":{"@id":"https:\/\/proramillenote.it\/fr\/bloc-notes-memostep-sku458\/#primaryimage"},"image":{"@id":"https:\/\/proramillenote.it\/fr\/bloc-notes-memostep-sku458\/#primaryimage"},"thumbnailUrl":"https:\/\/proramillenote.it\/wp-content\/uploads\/2019\/12\/products-Memostep_tack_finder_yesly.png?wsr","datePublished":"2018-05-23T11:20:11+00:00","dateModified":"2024-07-15T09:43:01+00:00","description":"Memostep bloc-notes: gadget de bureau, multi-marques, avec des blocs-notes empil\u00e9s. Impression quadri. Standard ou enti\u00e8rement personnalis\u00e9.","breadcrumb":{"@id":"https:\/\/proramillenote.it\/fr\/bloc-notes-memostep-sku458\/#breadcrumb"},"inLanguage":"fr-FR","potentialAction":[{"@type":"ReadAction","target":["https:\/\/proramillenote.it\/fr\/bloc-notes-memostep-sku458\/"]}]},{"@type":"ImageObject","inLanguage":"fr-FR","@id":"https:\/\/proramillenote.it\/fr\/bloc-notes-memostep-sku458\/#primaryimage","url":"https:\/\/proramillenote.it\/wp-content\/uploads\/2019\/12\/products-Memostep_tack_finder_yesly.png?wsr","contentUrl":"https:\/\/proramillenote.it\/wp-content\/uploads\/2019\/12\/products-Memostep_tack_finder_yesly.png?wsr","width":600,"height":600,"caption":"Block-notes Memostep \u00e8 un gadget personalizzato da scrivania findernet Yesly"},{"@type":"BreadcrumbList","@id":"https:\/\/proramillenote.it\/fr\/bloc-notes-memostep-sku458\/#breadcrumb","itemListElement":[{"@type":"ListItem","position":1,"name":"Proramillenote","item":"https:\/\/proramillenote.it\/fr\/"},{"@type":"ListItem","position":2,"name":"Block-notes Memostep"}]},{"@type":"WebSite","@id":"https:\/\/proramillenote.it\/fr\/#website","url":"https:\/\/proramillenote.it\/fr\/","name":"Proramillenote gadget aziendali e post-it personalizzati","description":"Post-it personalizzati, block notes con logo e gadget aziendali per il marketing B2B. Specialisti in gadget promozionali per medici e aziende farmaceutiche.","publisher":{"@id":"https:\/\/proramillenote.it\/fr\/#organization"},"alternateName":"Proramillenote","potentialAction":[{"@type":"SearchAction","target":{"@type":"EntryPoint","urlTemplate":"https:\/\/proramillenote.it\/fr\/?s={search_term_string}"},"query-input":{"@type":"PropertyValueSpecification","valueRequired":true,"valueName":"search_term_string"}}],"inLanguage":"fr-FR"},{"@type":"Organization","@id":"https:\/\/proramillenote.it\/fr\/#organization","name":"Proramillenote gadgets d\u2019entreprise et post-it personnalis\u00e9s","alternateName":"Proramillenote","url":"https:\/\/proramillenote.it\/fr\/","logo":{"@type":"ImageObject","inLanguage":"fr-FR","@id":"https:\/\/proramillenote.it\/fr\/#\/schema\/logo\/image\/","url":"https:\/\/proramillenote.it\/wp-content\/uploads\/papercube800.png?wsr","contentUrl":"https:\/\/proramillenote.it\/wp-content\/uploads\/papercube800.png?wsr","width":800,"height":800,"caption":"Proramillenote gadgets d\u2019entreprise et post-it personnalis\u00e9s"},"image":{"@id":"https:\/\/proramillenote.it\/fr\/#\/schema\/logo\/image\/"},"description":"\u2022 Specialista in produzione e commercio di gadget per medici e gadget per veterinari personalizzati. \u2022 Produzione di gadget aziendali per qualsiasi settore merceologico dal 1975. \u2022 Produttore di post-it personalizzati, post-it sagomati e cubi di carta personalizzati in stampa digitale oppure offset. Produttore di block-notes con logo. \u2022 Con cartotecnica creativa progettiamo KIT di post-it su misura, Made in Italy e di design italiano, insigniti del prestigioso premio europeo PGA Promotional Gift Award. \u2022 Concorso #Ossoduro \"Design di brand reminder da scrivania innovativi\" concepito per incoraggiare la creativit\u00e0 degli studenti di scuole secondarie di design e grafica. Annuale - Ed.7\u00b0 2024-2025. \u2022 Proramillenote \u00e8 produttore accreditato EUDAMED per la fornitura di DMClasse I \u2022 Proramillenote \u00e8 certificata FSC\u00ae Chain of custody.","email":"customercare@proramillenote.it","telephone":"+39 039616593","legalName":"Proramillenote Srl","foundingDate":"1972-01-01","vatID":"10323920966","taxID":"10323920966","numberOfEmployees":{"@type":"QuantitativeValue","minValue":"11","maxValue":"50"},"publishingPrinciples":"https:\/\/proramillenote.it\/politica-su-etica\/","ownershipFundingInfo":"https:\/\/proramillenote.it\/politica-su-etica\/","actionableFeedbackPolicy":"https:\/\/proramillenote.it\/politica-su-etica\/","correctionsPolicy":"https:\/\/proramillenote.it\/politica-su-etica\/","ethicsPolicy":"https:\/\/proramillenote.it\/politica-su-etica\/","diversityPolicy":"https:\/\/proramillenote.it\/politica-su-etica\/","diversityStaffingReport":"https:\/\/proramillenote.it\/politica-su-etica\/"}]},"product_brand":"Proramillenote","og_availability":"instock","product_availability":"instock","product_retailer_item_id":"458","product_condition":"new"},"_links":{"self":[{"href":"https:\/\/proramillenote.it\/fr\/wp-json\/wp\/v2\/product\/15921","targetHints":{"allow":["GET"]}}],"collection":[{"href":"https:\/\/proramillenote.it\/fr\/wp-json\/wp\/v2\/product"}],"about":[{"href":"https:\/\/proramillenote.it\/fr\/wp-json\/wp\/v2\/types\/product"}],"version-history":[{"count":0,"href":"https:\/\/proramillenote.it\/fr\/wp-json\/wp\/v2\/product\/15921\/revisions"}],"wp:featuredmedia":[{"embeddable":true,"href":"https:\/\/proramillenote.it\/fr\/wp-json\/wp\/v2\/media\/15923"}],"wp:attachment":[{"href":"https:\/\/proramillenote.it\/fr\/wp-json\/wp\/v2\/media?parent=15921"}],"wp:term":[{"taxonomy":"product_brand","embeddable":true,"href":"https:\/\/proramillenote.it\/fr\/wp-json\/wp\/v2\/product_brand?post=15921"},{"taxonomy":"product_cat","embeddable":true,"href":"https:\/\/proramillenote.it\/fr\/wp-json\/wp\/v2\/product_cat?post=15921"},{"taxonomy":"product_tag","embeddable":true,"href":"https:\/\/proramillenote.it\/fr\/wp-json\/wp\/v2\/product_tag?post=15921"}],"curies":[{"name":"wp","href":"https:\/\/api.w.org\/{rel}","templated":true}]}}