{"id":16261,"date":"2017-06-30T12:38:53","date_gmt":"2017-06-30T10:38:53","guid":{"rendered":"https:\/\/staging.proramillenote.it\/gadget\/post-it-zig-zag-replica-prodotti\/"},"modified":"2024-07-15T11:55:52","modified_gmt":"2024-07-15T09:55:52","slug":"post-it-zig-zag-replica-produits-sku397","status":"publish","type":"product","link":"https:\/\/proramillenote.it\/fr\/post-it-zig-zag-replica-produits-sku397\/","title":{"rendered":"Post-it Zig-Zag replica produits"},"content":{"rendered":"<p>Bloc-notes en papier adh\u00e9sif en forme de zigzag avec couverture imitant la bo\u00eete, r\u00e9plique parfaite de l&#8217;emballage du produit, excellent gadget de bureau.<\/p>\n<p><strong>BO\u00ceTE<\/strong><br \/>\nMat\u00e9riau: carton<br \/>\nPersonnalisation de l&rsquo;affaire<br \/>\n&#8211; Impression num\u00e9rique ou offset de 1 \u00e0 4 couleurs<br \/>\n&#8211; Des formats de dossiers adapt\u00e9s \u00e0 la taille de l&rsquo;accord\u00e9on de post-it<\/p>\n<p><strong>BLOCS-NOTES EN ZIGZAG<\/strong><br \/>\nFormat des notes autocollantes:<br \/>\nChoix entre les formats standard suivants<br \/>\n&#8211; 35&#215;75 mm<br \/>\n&#8211; 51&#215;75 mm<br \/>\n&#8211; 69&#215;75 mm<br \/>\n&#8211; 75&#215;75 mm<br \/>\n\u00c9paisseur du bloc-notes: 50 feuilles, 100 feuilles ou plus<br \/>\nMat\u00e9riau: papier adh\u00e9sif blanc, \u00e9galement avec des bandes altern\u00e9es blanc\/jaune.<\/p>\n<p><strong>BLOCS-NOTES EN DOUBLE ZIGZAG<\/strong><br \/>\nSelon la taille de la mallette, il est possible de combiner deux post-it zigzag, m\u00eame de tailles diff\u00e9rentes<\/p>\n<p>Personnalisation des feuilles:<br \/>\n&#8211; Couleur du papier: blanc, blanc\/jaune altern\u00e9<br \/>\n&#8211; Sujets d&rsquo;impression: max 2 sujets d&rsquo;impression altern\u00e9s A\/B A\/B<br \/>\n&#8211; Couleurs d&rsquo;impression: 2 couleurs maximum par sujet d&rsquo;impression<\/p>\n<p><strong>Commande minimale: 500 pi\u00e8ces<\/strong><\/p>\n","protected":false},"excerpt":{"rendered":"<p>Bloc-notes en papier adh\u00e9sif zig zag, MEMOTACK pour imiter l&rsquo;\u00e9tui ou la bo\u00eete du produit, personnalis\u00e9 avec le logo de l&rsquo;entreprise<\/p>\n","protected":false},"featured_media":16262,"template":"","meta":[],"product_brand":[5138],"product_cat":[5195,690,664],"product_tag":[],"class_list":{"0":"post-16261","1":"product","2":"type-product","3":"status-publish","4":"has-post-thumbnail","6":"product_brand-fabricant-proramillenote","7":"product_cat-cout-entre-1-et-2-euros","8":"product_cat-replique-de-emballage-du-medicament-cat-fr","9":"product_cat-post-it-zeta-note-personnalises","10":"pa_formato-post-it-35-x-75-fr-2","11":"pa_formato-post-it-50-x-75-fr-2","12":"pa_formato-post-it-69-x-75-fr","13":"pa_formato-post-it-70-x-75-fr-2","14":"pa_num-col-stampa-fogli-post-it-feuilles-impression-2-couleurs-fr","15":"pa_num-col-stampa-fogli-post-it-feuilles-impression-0-couleurs-fr","16":"pa_num-col-stampa-fogli-post-it-feuilles-impression-1-couleur-fr","17":"pa_numero-fogli-100-fr","18":"pa_numero-fogli-200-fr","19":"pa_numero-fogli-300-fr","20":"pa_numero-fogli-50-fr","21":"pa_stampa-astuccio-col-ast-1c-fr-2","22":"pa_stampa-astuccio-col-ast-2c-fr-2","23":"pa_stampa-astuccio-col-ast-3c-fr-2","24":"pa_stampa-astuccio-col-ast-4c-fr-2","26":"first","27":"instock","28":"purchasable","29":"product-type-variable","30":"has-default-attributes"},"yoast_head":"<!-- This site is optimized with the Yoast SEO Premium plugin v27.3 (Yoast SEO v27.3) - https:\/\/yoast.com\/product\/yoast-seo-premium-wordpress\/ -->\n<title>Zig Zag adhesive paper notepad, bespke product packaging replica<\/title>\n<meta name=\"description\" content=\"Zig Zag adhesive paper notepad, bespoke product packaging replica, bespoke creations with logo printing\" \/>\n<meta name=\"robots\" content=\"index, follow, max-snippet:-1, max-image-preview:large, max-video-preview:-1\" \/>\n<link rel=\"canonical\" href=\"https:\/\/proramillenote.it\/fr\/post-it-zig-zag-replica-produits-sku397\/\" \/>\n<meta property=\"og:locale\" content=\"fr_FR\" \/>\n<meta property=\"og:type\" content=\"article\" \/>\n<meta property=\"og:title\" content=\"Zig Zag adhesive paper notepad, bespke product packaging replica\" \/>\n<meta property=\"og:description\" content=\"Zig Zag adhesive paper notepad, bespoke product packaging replica, bespoke creations with logo printing\" \/>\n<meta property=\"og:url\" content=\"https:\/\/proramillenote.it\/fr\/post-it-zig-zag-replica-produits-sku397\/\" \/>\n<meta property=\"og:site_name\" content=\"Gadgets d\u2019entreprise et post-it personnalis\u00e9s\" \/>\n<meta property=\"article:modified_time\" content=\"2024-07-15T09:55:52+00:00\" \/>\n<meta property=\"og:image\" content=\"https:\/\/proramillenote.it\/wp-content\/uploads\/2016\/03\/products-Memotack,-block-notes-zig-zag06.jpg\" \/>\n\t<meta property=\"og:image:width\" content=\"600\" \/>\n\t<meta property=\"og:image:height\" content=\"600\" \/>\n\t<meta property=\"og:image:type\" content=\"image\/jpeg\" \/>\n<meta name=\"twitter:card\" content=\"summary_large_image\" \/>\n<script type=\"application\/ld+json\" class=\"yoast-schema-graph\">{\"@context\":\"https:\\\/\\\/schema.org\",\"@graph\":[{\"@type\":\"WebPage\",\"@id\":\"https:\\\/\\\/proramillenote.it\\\/fr\\\/post-it-zig-zag-replica-produits-sku397\\\/\",\"url\":\"https:\\\/\\\/proramillenote.it\\\/fr\\\/post-it-zig-zag-replica-produits-sku397\\\/\",\"name\":\"Zig Zag adhesive paper notepad, bespke product packaging replica\",\"isPartOf\":{\"@id\":\"https:\\\/\\\/proramillenote.it\\\/fr\\\/#website\"},\"primaryImageOfPage\":{\"@id\":\"https:\\\/\\\/proramillenote.it\\\/fr\\\/post-it-zig-zag-replica-produits-sku397\\\/#primaryimage\"},\"image\":{\"@id\":\"https:\\\/\\\/proramillenote.it\\\/fr\\\/post-it-zig-zag-replica-produits-sku397\\\/#primaryimage\"},\"thumbnailUrl\":\"https:\\\/\\\/proramillenote.it\\\/wp-content\\\/uploads\\\/2016\\\/03\\\/products-Memotack,-block-notes-zig-zag06.jpg?wsr\",\"datePublished\":\"2017-06-30T10:38:53+00:00\",\"dateModified\":\"2024-07-15T09:55:52+00:00\",\"description\":\"Zig Zag adhesive paper notepad, bespoke product packaging replica, bespoke creations with logo printing\",\"breadcrumb\":{\"@id\":\"https:\\\/\\\/proramillenote.it\\\/fr\\\/post-it-zig-zag-replica-produits-sku397\\\/#breadcrumb\"},\"inLanguage\":\"fr-FR\",\"potentialAction\":[{\"@type\":\"ReadAction\",\"target\":[\"https:\\\/\\\/proramillenote.it\\\/fr\\\/post-it-zig-zag-replica-produits-sku397\\\/\"]}]},{\"@type\":\"ImageObject\",\"inLanguage\":\"fr-FR\",\"@id\":\"https:\\\/\\\/proramillenote.it\\\/fr\\\/post-it-zig-zag-replica-produits-sku397\\\/#primaryimage\",\"url\":\"https:\\\/\\\/proramillenote.it\\\/wp-content\\\/uploads\\\/2016\\\/03\\\/products-Memotack,-block-notes-zig-zag06.jpg?wsr\",\"contentUrl\":\"https:\\\/\\\/proramillenote.it\\\/wp-content\\\/uploads\\\/2016\\\/03\\\/products-Memotack,-block-notes-zig-zag06.jpg?wsr\",\"width\":600,\"height\":600,\"caption\":\"Post-it Zig-Zag replica del farmaco\"},{\"@type\":\"BreadcrumbList\",\"@id\":\"https:\\\/\\\/proramillenote.it\\\/fr\\\/post-it-zig-zag-replica-produits-sku397\\\/#breadcrumb\",\"itemListElement\":[{\"@type\":\"ListItem\",\"position\":1,\"name\":\"Proramillenote\",\"item\":\"https:\\\/\\\/proramillenote.it\\\/fr\\\/\"},{\"@type\":\"ListItem\",\"position\":2,\"name\":\"Post-it Zig-Zag replica produits\"}]},{\"@type\":\"WebSite\",\"@id\":\"https:\\\/\\\/proramillenote.it\\\/fr\\\/#website\",\"url\":\"https:\\\/\\\/proramillenote.it\\\/fr\\\/\",\"name\":\"Proramillenote gadget aziendali e post-it personalizzati\",\"description\":\"Post-it personalizzati, block notes con logo e gadget aziendali per il marketing B2B. Specialisti in gadget promozionali per medici e aziende farmaceutiche.\",\"publisher\":{\"@id\":\"https:\\\/\\\/proramillenote.it\\\/fr\\\/#organization\"},\"alternateName\":\"Proramillenote\",\"potentialAction\":[{\"@type\":\"SearchAction\",\"target\":{\"@type\":\"EntryPoint\",\"urlTemplate\":\"https:\\\/\\\/proramillenote.it\\\/fr\\\/?s={search_term_string}\"},\"query-input\":{\"@type\":\"PropertyValueSpecification\",\"valueRequired\":true,\"valueName\":\"search_term_string\"}}],\"inLanguage\":\"fr-FR\"},{\"@type\":\"Organization\",\"@id\":\"https:\\\/\\\/proramillenote.it\\\/fr\\\/#organization\",\"name\":\"Proramillenote gadgets d\u2019entreprise et post-it personnalis\u00e9s\",\"alternateName\":\"Proramillenote\",\"url\":\"https:\\\/\\\/proramillenote.it\\\/fr\\\/\",\"logo\":{\"@type\":\"ImageObject\",\"inLanguage\":\"fr-FR\",\"@id\":\"https:\\\/\\\/proramillenote.it\\\/fr\\\/#\\\/schema\\\/logo\\\/image\\\/\",\"url\":\"https:\\\/\\\/proramillenote.it\\\/wp-content\\\/uploads\\\/papercube800.png?wsr\",\"contentUrl\":\"https:\\\/\\\/proramillenote.it\\\/wp-content\\\/uploads\\\/papercube800.png?wsr\",\"width\":800,\"height\":800,\"caption\":\"Proramillenote gadgets d\u2019entreprise et post-it personnalis\u00e9s\"},\"image\":{\"@id\":\"https:\\\/\\\/proramillenote.it\\\/fr\\\/#\\\/schema\\\/logo\\\/image\\\/\"},\"description\":\"\u2022 Specialista in produzione e commercio di gadget per medici e gadget per veterinari personalizzati. \u2022 Produzione di gadget aziendali per qualsiasi settore merceologico dal 1975. \u2022 Produttore di post-it personalizzati, post-it sagomati e cubi di carta personalizzati in stampa digitale oppure offset. Produttore di block-notes con logo. \u2022 Con cartotecnica creativa progettiamo KIT di post-it su misura, Made in Italy e di design italiano, insigniti del prestigioso premio europeo PGA Promotional Gift Award. \u2022 Concorso #Ossoduro \\\"Design di brand reminder da scrivania innovativi\\\" concepito per incoraggiare la creativit\u00e0 degli studenti di scuole secondarie di design e grafica. Annuale - Ed.7\u00b0 2024-2025. \u2022 Proramillenote \u00e8 produttore accreditato EUDAMED per la fornitura di DMClasse I \u2022 Proramillenote \u00e8 certificata FSC\u00ae Chain of custody.\",\"email\":\"customercare@proramillenote.it\",\"telephone\":\"+39 039616593\",\"legalName\":\"Proramillenote Srl\",\"foundingDate\":\"1972-01-01\",\"vatID\":\"10323920966\",\"taxID\":\"10323920966\",\"numberOfEmployees\":{\"@type\":\"QuantitativeValue\",\"minValue\":\"11\",\"maxValue\":\"50\"},\"publishingPrinciples\":\"https:\\\/\\\/proramillenote.it\\\/politica-su-etica\\\/\",\"ownershipFundingInfo\":\"https:\\\/\\\/proramillenote.it\\\/politica-su-etica\\\/\",\"actionableFeedbackPolicy\":\"https:\\\/\\\/proramillenote.it\\\/politica-su-etica\\\/\",\"correctionsPolicy\":\"https:\\\/\\\/proramillenote.it\\\/politica-su-etica\\\/\",\"ethicsPolicy\":\"https:\\\/\\\/proramillenote.it\\\/politica-su-etica\\\/\",\"diversityPolicy\":\"https:\\\/\\\/proramillenote.it\\\/politica-su-etica\\\/\",\"diversityStaffingReport\":\"https:\\\/\\\/proramillenote.it\\\/politica-su-etica\\\/\"}]}<\/script>\n<meta property=\"product:brand\" content=\"Fabricant Proramillenote\" \/>\n<meta property=\"og:availability\" content=\"instock\" \/>\n<meta property=\"product:availability\" content=\"instock\" \/>\n<meta property=\"product:retailer_item_id\" content=\"397\" \/>\n<meta property=\"product:condition\" content=\"new\" \/>\n<!-- \/ Yoast SEO Premium plugin. -->","yoast_head_json":{"title":"Zig Zag adhesive paper notepad, bespke product packaging replica","description":"Zig Zag adhesive paper notepad, bespoke product packaging replica, bespoke creations with logo printing","robots":{"index":"index","follow":"follow","max-snippet":"max-snippet:-1","max-image-preview":"max-image-preview:large","max-video-preview":"max-video-preview:-1"},"canonical":"https:\/\/proramillenote.it\/fr\/post-it-zig-zag-replica-produits-sku397\/","og_locale":"fr_FR","og_type":"article","og_title":"Zig Zag adhesive paper notepad, bespke product packaging replica","og_description":"Zig Zag adhesive paper notepad, bespoke product packaging replica, bespoke creations with logo printing","og_url":"https:\/\/proramillenote.it\/fr\/post-it-zig-zag-replica-produits-sku397\/","og_site_name":"Gadgets d\u2019entreprise et post-it personnalis\u00e9s","article_modified_time":"2024-07-15T09:55:52+00:00","og_image":[{"width":600,"height":600,"url":"https:\/\/proramillenote.it\/wp-content\/uploads\/2016\/03\/products-Memotack,-block-notes-zig-zag06.jpg","type":"image\/jpeg"}],"twitter_card":"summary_large_image","schema":{"@context":"https:\/\/schema.org","@graph":[{"@type":"WebPage","@id":"https:\/\/proramillenote.it\/fr\/post-it-zig-zag-replica-produits-sku397\/","url":"https:\/\/proramillenote.it\/fr\/post-it-zig-zag-replica-produits-sku397\/","name":"Zig Zag adhesive paper notepad, bespke product packaging replica","isPartOf":{"@id":"https:\/\/proramillenote.it\/fr\/#website"},"primaryImageOfPage":{"@id":"https:\/\/proramillenote.it\/fr\/post-it-zig-zag-replica-produits-sku397\/#primaryimage"},"image":{"@id":"https:\/\/proramillenote.it\/fr\/post-it-zig-zag-replica-produits-sku397\/#primaryimage"},"thumbnailUrl":"https:\/\/proramillenote.it\/wp-content\/uploads\/2016\/03\/products-Memotack,-block-notes-zig-zag06.jpg?wsr","datePublished":"2017-06-30T10:38:53+00:00","dateModified":"2024-07-15T09:55:52+00:00","description":"Zig Zag adhesive paper notepad, bespoke product packaging replica, bespoke creations with logo printing","breadcrumb":{"@id":"https:\/\/proramillenote.it\/fr\/post-it-zig-zag-replica-produits-sku397\/#breadcrumb"},"inLanguage":"fr-FR","potentialAction":[{"@type":"ReadAction","target":["https:\/\/proramillenote.it\/fr\/post-it-zig-zag-replica-produits-sku397\/"]}]},{"@type":"ImageObject","inLanguage":"fr-FR","@id":"https:\/\/proramillenote.it\/fr\/post-it-zig-zag-replica-produits-sku397\/#primaryimage","url":"https:\/\/proramillenote.it\/wp-content\/uploads\/2016\/03\/products-Memotack,-block-notes-zig-zag06.jpg?wsr","contentUrl":"https:\/\/proramillenote.it\/wp-content\/uploads\/2016\/03\/products-Memotack,-block-notes-zig-zag06.jpg?wsr","width":600,"height":600,"caption":"Post-it Zig-Zag replica del farmaco"},{"@type":"BreadcrumbList","@id":"https:\/\/proramillenote.it\/fr\/post-it-zig-zag-replica-produits-sku397\/#breadcrumb","itemListElement":[{"@type":"ListItem","position":1,"name":"Proramillenote","item":"https:\/\/proramillenote.it\/fr\/"},{"@type":"ListItem","position":2,"name":"Post-it Zig-Zag replica produits"}]},{"@type":"WebSite","@id":"https:\/\/proramillenote.it\/fr\/#website","url":"https:\/\/proramillenote.it\/fr\/","name":"Proramillenote gadget aziendali e post-it personalizzati","description":"Post-it personalizzati, block notes con logo e gadget aziendali per il marketing B2B. Specialisti in gadget promozionali per medici e aziende farmaceutiche.","publisher":{"@id":"https:\/\/proramillenote.it\/fr\/#organization"},"alternateName":"Proramillenote","potentialAction":[{"@type":"SearchAction","target":{"@type":"EntryPoint","urlTemplate":"https:\/\/proramillenote.it\/fr\/?s={search_term_string}"},"query-input":{"@type":"PropertyValueSpecification","valueRequired":true,"valueName":"search_term_string"}}],"inLanguage":"fr-FR"},{"@type":"Organization","@id":"https:\/\/proramillenote.it\/fr\/#organization","name":"Proramillenote gadgets d\u2019entreprise et post-it personnalis\u00e9s","alternateName":"Proramillenote","url":"https:\/\/proramillenote.it\/fr\/","logo":{"@type":"ImageObject","inLanguage":"fr-FR","@id":"https:\/\/proramillenote.it\/fr\/#\/schema\/logo\/image\/","url":"https:\/\/proramillenote.it\/wp-content\/uploads\/papercube800.png?wsr","contentUrl":"https:\/\/proramillenote.it\/wp-content\/uploads\/papercube800.png?wsr","width":800,"height":800,"caption":"Proramillenote gadgets d\u2019entreprise et post-it personnalis\u00e9s"},"image":{"@id":"https:\/\/proramillenote.it\/fr\/#\/schema\/logo\/image\/"},"description":"\u2022 Specialista in produzione e commercio di gadget per medici e gadget per veterinari personalizzati. \u2022 Produzione di gadget aziendali per qualsiasi settore merceologico dal 1975. \u2022 Produttore di post-it personalizzati, post-it sagomati e cubi di carta personalizzati in stampa digitale oppure offset. Produttore di block-notes con logo. \u2022 Con cartotecnica creativa progettiamo KIT di post-it su misura, Made in Italy e di design italiano, insigniti del prestigioso premio europeo PGA Promotional Gift Award. \u2022 Concorso #Ossoduro \"Design di brand reminder da scrivania innovativi\" concepito per incoraggiare la creativit\u00e0 degli studenti di scuole secondarie di design e grafica. Annuale - Ed.7\u00b0 2024-2025. \u2022 Proramillenote \u00e8 produttore accreditato EUDAMED per la fornitura di DMClasse I \u2022 Proramillenote \u00e8 certificata FSC\u00ae Chain of custody.","email":"customercare@proramillenote.it","telephone":"+39 039616593","legalName":"Proramillenote Srl","foundingDate":"1972-01-01","vatID":"10323920966","taxID":"10323920966","numberOfEmployees":{"@type":"QuantitativeValue","minValue":"11","maxValue":"50"},"publishingPrinciples":"https:\/\/proramillenote.it\/politica-su-etica\/","ownershipFundingInfo":"https:\/\/proramillenote.it\/politica-su-etica\/","actionableFeedbackPolicy":"https:\/\/proramillenote.it\/politica-su-etica\/","correctionsPolicy":"https:\/\/proramillenote.it\/politica-su-etica\/","ethicsPolicy":"https:\/\/proramillenote.it\/politica-su-etica\/","diversityPolicy":"https:\/\/proramillenote.it\/politica-su-etica\/","diversityStaffingReport":"https:\/\/proramillenote.it\/politica-su-etica\/"}]},"product_brand":"Fabricant Proramillenote","og_availability":"instock","product_availability":"instock","product_retailer_item_id":"397","product_condition":"new"},"_links":{"self":[{"href":"https:\/\/proramillenote.it\/fr\/wp-json\/wp\/v2\/product\/16261","targetHints":{"allow":["GET"]}}],"collection":[{"href":"https:\/\/proramillenote.it\/fr\/wp-json\/wp\/v2\/product"}],"about":[{"href":"https:\/\/proramillenote.it\/fr\/wp-json\/wp\/v2\/types\/product"}],"version-history":[{"count":0,"href":"https:\/\/proramillenote.it\/fr\/wp-json\/wp\/v2\/product\/16261\/revisions"}],"wp:featuredmedia":[{"embeddable":true,"href":"https:\/\/proramillenote.it\/fr\/wp-json\/wp\/v2\/media\/16262"}],"wp:attachment":[{"href":"https:\/\/proramillenote.it\/fr\/wp-json\/wp\/v2\/media?parent=16261"}],"wp:term":[{"taxonomy":"product_brand","embeddable":true,"href":"https:\/\/proramillenote.it\/fr\/wp-json\/wp\/v2\/product_brand?post=16261"},{"taxonomy":"product_cat","embeddable":true,"href":"https:\/\/proramillenote.it\/fr\/wp-json\/wp\/v2\/product_cat?post=16261"},{"taxonomy":"product_tag","embeddable":true,"href":"https:\/\/proramillenote.it\/fr\/wp-json\/wp\/v2\/product_tag?post=16261"}],"curies":[{"name":"wp","href":"https:\/\/api.w.org\/{rel}","templated":true}]}}