{"id":16263,"date":"2016-06-21T12:36:14","date_gmt":"2016-06-21T10:36:14","guid":{"rendered":"https:\/\/staging.proramillenote.it\/gadget\/pocket-combinato-doppio-con-copertina-sagomata\/"},"modified":"2024-07-15T11:53:49","modified_gmt":"2024-07-15T09:53:49","slug":"pochette-combinee-double-couvercle-faconne-sku395","status":"publish","type":"product","link":"https:\/\/proramillenote.it\/fr\/pochette-combinee-double-couvercle-faconne-sku395\/","title":{"rendered":"Pochette combin\u00e9e double avec couvercle fa\u00e7onn\u00e9"},"content":{"rendered":"<p>Combinaison de 2 blocs-notes en papier adh\u00e9sif enti\u00e8rement personnalis\u00e9s, avec couverture fa\u00e7onn\u00e9e, en format de poche, \u00e9galement utiles sur le bureau et adapt\u00e9s aux besoins multimarques.<\/p>\n<p><strong>Composition<\/strong><br \/>\nCouverture<br \/>\n&#8211; Couverture en carton<br \/>\n&#8211; Format ferm\u00e9 mm 75x155x4 mm<\/p>\n<p><strong>Bloc-notes<\/strong><br \/>\n&#8211; Blocs-notes n\u00b0 2 en papier adh\u00e9sif<br \/>\n&#8211; format mm 69&#215;75 avec 25 feuilles coll\u00e9es sur la troisi\u00e8me page de la couverture<\/p>\n<p><strong>Personnalisation<\/strong><br \/>\n&#8211; Impression offset de 1 \u00e0 4 couleurs sur feuilles<br \/>\n&#8211; Impression num\u00e9rique de 1 \u00e0 4 couleurs sur la couverture<\/p>\n<p><strong>Emballage<\/strong><br \/>\n&#8211; Prot\u00e9g\u00e9 par un emballage individuel en plastique transparent.<br \/>\n&#8211; Livr\u00e9 en cartons<\/p>\n<h6>Quantit\u00e9 minimale: 1 000 pi\u00e8ces<\/h6>\n","protected":false},"excerpt":{"rendered":"<p>Combinaison de 2 blocs-notes pour une utilisation dans la poche ou sur le bureau, enti\u00e8rement personnalisable et avec une couverture fa\u00e7onn\u00e9e.<\/p>\n","protected":false},"featured_media":16264,"template":"","meta":[],"product_brand":[5132],"product_cat":[414,418,168,258,342,637,641],"product_tag":[5269],"class_list":{"0":"post-16263","1":"product","2":"type-product","3":"status-publish","4":"has-post-thumbnail","6":"product_brand-produzione-proramillenote","7":"product_cat-block-notes-adesivi-post-it-con-copertina-in-cartoncino","8":"product_cat-post-it-combinati-con-copertina-in-cartoncino-personalizzati","9":"product_cat-post-it","10":"product_cat-block-notes-adesivi-post-it-con-copertina","11":"product_cat-block-notes-adesivi-combinati-personalizzati","12":"product_cat-consegna-4-settimane","13":"product_cat-costa-piu-di-2-euro","14":"product_tag-gadget-multibrand","15":"pa_num-col-stampa-fogli-post-it-fogli-stampa-2-colori","16":"pa_num-col-stampa-fogli-post-it-fogli-stampa-0-colore","17":"pa_num-col-stampa-fogli-post-it-fogli-stampa-1-colore","18":"pa_num-col-stampa-fogli-post-it-fogli-stampa-3-colori","19":"pa_num-col-stampa-fogli-post-it-fogli-stampa-4-colori","20":"pa_num-col-stampa-fogli-post-it-fogli-stampa-quadricromia","21":"pa_stampa-copertina-numero-col-copertina-stampa-quadricromia","22":"pa_stampa-copertina-numero-col-copertina-stampa-1-colore","23":"pa_stampa-copertina-numero-col-copertina-stampa-2-colori","24":"pa_stampa-copertina-numero-col-copertina-stampa-3-colori","26":"first","27":"instock","28":"purchasable","29":"product-type-variable","30":"has-default-attributes"},"yoast_head":"<!-- This site is optimized with the Yoast SEO Premium plugin v27.3 (Yoast SEO v27.3) - https:\/\/yoast.com\/product\/yoast-seo-premium-wordpress\/ -->\n<title>Double Memotack notepad with shaped cover<\/title>\n<meta name=\"description\" content=\"Double Memotack notepad with shaped cover. Bespoke creations with corporate logo\" \/>\n<meta name=\"robots\" content=\"index, follow, max-snippet:-1, max-image-preview:large, max-video-preview:-1\" \/>\n<link rel=\"canonical\" href=\"https:\/\/proramillenote.it\/fr\/pochette-combinee-double-couvercle-faconne-sku395\/\" \/>\n<meta property=\"og:locale\" content=\"fr_FR\" \/>\n<meta property=\"og:type\" content=\"article\" \/>\n<meta property=\"og:title\" content=\"Double Memotack notepad with shaped cover\" \/>\n<meta property=\"og:description\" content=\"Double Memotack notepad with shaped cover. Bespoke creations with corporate logo\" \/>\n<meta property=\"og:url\" content=\"https:\/\/proramillenote.it\/fr\/pochette-combinee-double-couvercle-faconne-sku395\/\" \/>\n<meta property=\"og:site_name\" content=\"Gadgets d\u2019entreprise et post-it personnalis\u00e9s\" \/>\n<meta property=\"article:modified_time\" content=\"2024-07-15T09:53:49+00:00\" \/>\n<meta property=\"og:image\" content=\"https:\/\/proramillenote.it\/wp-content\/uploads\/2017\/07\/products-Pocket-combinato-con-copertina--sagomata.jpg\" \/>\n\t<meta property=\"og:image:width\" content=\"600\" \/>\n\t<meta property=\"og:image:height\" content=\"600\" \/>\n\t<meta property=\"og:image:type\" content=\"image\/jpeg\" \/>\n<meta name=\"twitter:card\" content=\"summary_large_image\" \/>\n<script type=\"application\/ld+json\" class=\"yoast-schema-graph\">{\"@context\":\"https:\\\/\\\/schema.org\",\"@graph\":[{\"@type\":\"WebPage\",\"@id\":\"https:\\\/\\\/proramillenote.it\\\/fr\\\/pochette-combinee-double-couvercle-faconne-sku395\\\/\",\"url\":\"https:\\\/\\\/proramillenote.it\\\/fr\\\/pochette-combinee-double-couvercle-faconne-sku395\\\/\",\"name\":\"Double Memotack notepad with shaped cover\",\"isPartOf\":{\"@id\":\"https:\\\/\\\/proramillenote.it\\\/fr\\\/#website\"},\"primaryImageOfPage\":{\"@id\":\"https:\\\/\\\/proramillenote.it\\\/fr\\\/pochette-combinee-double-couvercle-faconne-sku395\\\/#primaryimage\"},\"image\":{\"@id\":\"https:\\\/\\\/proramillenote.it\\\/fr\\\/pochette-combinee-double-couvercle-faconne-sku395\\\/#primaryimage\"},\"thumbnailUrl\":\"https:\\\/\\\/proramillenote.it\\\/wp-content\\\/uploads\\\/2017\\\/07\\\/products-Pocket-combinato-con-copertina--sagomata.jpg?wsr\",\"datePublished\":\"2016-06-21T10:36:14+00:00\",\"dateModified\":\"2024-07-15T09:53:49+00:00\",\"description\":\"Double Memotack notepad with shaped cover. Bespoke creations with corporate logo\",\"breadcrumb\":{\"@id\":\"https:\\\/\\\/proramillenote.it\\\/fr\\\/pochette-combinee-double-couvercle-faconne-sku395\\\/#breadcrumb\"},\"inLanguage\":\"fr-FR\",\"potentialAction\":[{\"@type\":\"ReadAction\",\"target\":[\"https:\\\/\\\/proramillenote.it\\\/fr\\\/pochette-combinee-double-couvercle-faconne-sku395\\\/\"]}]},{\"@type\":\"ImageObject\",\"inLanguage\":\"fr-FR\",\"@id\":\"https:\\\/\\\/proramillenote.it\\\/fr\\\/pochette-combinee-double-couvercle-faconne-sku395\\\/#primaryimage\",\"url\":\"https:\\\/\\\/proramillenote.it\\\/wp-content\\\/uploads\\\/2017\\\/07\\\/products-Pocket-combinato-con-copertina--sagomata.jpg?wsr\",\"contentUrl\":\"https:\\\/\\\/proramillenote.it\\\/wp-content\\\/uploads\\\/2017\\\/07\\\/products-Pocket-combinato-con-copertina--sagomata.jpg?wsr\",\"width\":600,\"height\":600},{\"@type\":\"BreadcrumbList\",\"@id\":\"https:\\\/\\\/proramillenote.it\\\/fr\\\/pochette-combinee-double-couvercle-faconne-sku395\\\/#breadcrumb\",\"itemListElement\":[{\"@type\":\"ListItem\",\"position\":1,\"name\":\"Proramillenote\",\"item\":\"https:\\\/\\\/proramillenote.it\\\/fr\\\/\"},{\"@type\":\"ListItem\",\"position\":2,\"name\":\"Pochette combin\u00e9e double avec couvercle fa\u00e7onn\u00e9\"}]},{\"@type\":\"WebSite\",\"@id\":\"https:\\\/\\\/proramillenote.it\\\/fr\\\/#website\",\"url\":\"https:\\\/\\\/proramillenote.it\\\/fr\\\/\",\"name\":\"Proramillenote gadget aziendali e post-it personalizzati\",\"description\":\"Post-it personalizzati, block notes con logo e gadget aziendali per il marketing B2B. Specialisti in gadget promozionali per medici e aziende farmaceutiche.\",\"publisher\":{\"@id\":\"https:\\\/\\\/proramillenote.it\\\/fr\\\/#organization\"},\"alternateName\":\"Proramillenote\",\"potentialAction\":[{\"@type\":\"SearchAction\",\"target\":{\"@type\":\"EntryPoint\",\"urlTemplate\":\"https:\\\/\\\/proramillenote.it\\\/fr\\\/?s={search_term_string}\"},\"query-input\":{\"@type\":\"PropertyValueSpecification\",\"valueRequired\":true,\"valueName\":\"search_term_string\"}}],\"inLanguage\":\"fr-FR\"},{\"@type\":\"Organization\",\"@id\":\"https:\\\/\\\/proramillenote.it\\\/fr\\\/#organization\",\"name\":\"Proramillenote gadgets d\u2019entreprise et post-it personnalis\u00e9s\",\"alternateName\":\"Proramillenote\",\"url\":\"https:\\\/\\\/proramillenote.it\\\/fr\\\/\",\"logo\":{\"@type\":\"ImageObject\",\"inLanguage\":\"fr-FR\",\"@id\":\"https:\\\/\\\/proramillenote.it\\\/fr\\\/#\\\/schema\\\/logo\\\/image\\\/\",\"url\":\"https:\\\/\\\/proramillenote.it\\\/wp-content\\\/uploads\\\/papercube800.png?wsr\",\"contentUrl\":\"https:\\\/\\\/proramillenote.it\\\/wp-content\\\/uploads\\\/papercube800.png?wsr\",\"width\":800,\"height\":800,\"caption\":\"Proramillenote gadgets d\u2019entreprise et post-it personnalis\u00e9s\"},\"image\":{\"@id\":\"https:\\\/\\\/proramillenote.it\\\/fr\\\/#\\\/schema\\\/logo\\\/image\\\/\"},\"description\":\"\u2022 Specialista in produzione e commercio di gadget per medici e gadget per veterinari personalizzati. \u2022 Produzione di gadget aziendali per qualsiasi settore merceologico dal 1975. \u2022 Produttore di post-it personalizzati, post-it sagomati e cubi di carta personalizzati in stampa digitale oppure offset. Produttore di block-notes con logo. \u2022 Con cartotecnica creativa progettiamo KIT di post-it su misura, Made in Italy e di design italiano, insigniti del prestigioso premio europeo PGA Promotional Gift Award. \u2022 Concorso #Ossoduro \\\"Design di brand reminder da scrivania innovativi\\\" concepito per incoraggiare la creativit\u00e0 degli studenti di scuole secondarie di design e grafica. Annuale - Ed.7\u00b0 2024-2025. \u2022 Proramillenote \u00e8 produttore accreditato EUDAMED per la fornitura di DMClasse I \u2022 Proramillenote \u00e8 certificata FSC\u00ae Chain of custody.\",\"email\":\"customercare@proramillenote.it\",\"telephone\":\"+39 039616593\",\"legalName\":\"Proramillenote Srl\",\"foundingDate\":\"1972-01-01\",\"vatID\":\"10323920966\",\"taxID\":\"10323920966\",\"numberOfEmployees\":{\"@type\":\"QuantitativeValue\",\"minValue\":\"11\",\"maxValue\":\"50\"},\"publishingPrinciples\":\"https:\\\/\\\/proramillenote.it\\\/politica-su-etica\\\/\",\"ownershipFundingInfo\":\"https:\\\/\\\/proramillenote.it\\\/politica-su-etica\\\/\",\"actionableFeedbackPolicy\":\"https:\\\/\\\/proramillenote.it\\\/politica-su-etica\\\/\",\"correctionsPolicy\":\"https:\\\/\\\/proramillenote.it\\\/politica-su-etica\\\/\",\"ethicsPolicy\":\"https:\\\/\\\/proramillenote.it\\\/politica-su-etica\\\/\",\"diversityPolicy\":\"https:\\\/\\\/proramillenote.it\\\/politica-su-etica\\\/\",\"diversityStaffingReport\":\"https:\\\/\\\/proramillenote.it\\\/politica-su-etica\\\/\"}]}<\/script>\n<meta property=\"product:brand\" content=\"Proramillenote\" \/>\n<meta property=\"og:availability\" content=\"instock\" \/>\n<meta property=\"product:availability\" content=\"instock\" \/>\n<meta property=\"product:retailer_item_id\" content=\"395\" \/>\n<meta property=\"product:condition\" content=\"new\" \/>\n<!-- \/ Yoast SEO Premium plugin. -->","yoast_head_json":{"title":"Double Memotack notepad with shaped cover","description":"Double Memotack notepad with shaped cover. Bespoke creations with corporate logo","robots":{"index":"index","follow":"follow","max-snippet":"max-snippet:-1","max-image-preview":"max-image-preview:large","max-video-preview":"max-video-preview:-1"},"canonical":"https:\/\/proramillenote.it\/fr\/pochette-combinee-double-couvercle-faconne-sku395\/","og_locale":"fr_FR","og_type":"article","og_title":"Double Memotack notepad with shaped cover","og_description":"Double Memotack notepad with shaped cover. Bespoke creations with corporate logo","og_url":"https:\/\/proramillenote.it\/fr\/pochette-combinee-double-couvercle-faconne-sku395\/","og_site_name":"Gadgets d\u2019entreprise et post-it personnalis\u00e9s","article_modified_time":"2024-07-15T09:53:49+00:00","og_image":[{"width":600,"height":600,"url":"https:\/\/proramillenote.it\/wp-content\/uploads\/2017\/07\/products-Pocket-combinato-con-copertina--sagomata.jpg","type":"image\/jpeg"}],"twitter_card":"summary_large_image","schema":{"@context":"https:\/\/schema.org","@graph":[{"@type":"WebPage","@id":"https:\/\/proramillenote.it\/fr\/pochette-combinee-double-couvercle-faconne-sku395\/","url":"https:\/\/proramillenote.it\/fr\/pochette-combinee-double-couvercle-faconne-sku395\/","name":"Double Memotack notepad with shaped cover","isPartOf":{"@id":"https:\/\/proramillenote.it\/fr\/#website"},"primaryImageOfPage":{"@id":"https:\/\/proramillenote.it\/fr\/pochette-combinee-double-couvercle-faconne-sku395\/#primaryimage"},"image":{"@id":"https:\/\/proramillenote.it\/fr\/pochette-combinee-double-couvercle-faconne-sku395\/#primaryimage"},"thumbnailUrl":"https:\/\/proramillenote.it\/wp-content\/uploads\/2017\/07\/products-Pocket-combinato-con-copertina--sagomata.jpg?wsr","datePublished":"2016-06-21T10:36:14+00:00","dateModified":"2024-07-15T09:53:49+00:00","description":"Double Memotack notepad with shaped cover. Bespoke creations with corporate logo","breadcrumb":{"@id":"https:\/\/proramillenote.it\/fr\/pochette-combinee-double-couvercle-faconne-sku395\/#breadcrumb"},"inLanguage":"fr-FR","potentialAction":[{"@type":"ReadAction","target":["https:\/\/proramillenote.it\/fr\/pochette-combinee-double-couvercle-faconne-sku395\/"]}]},{"@type":"ImageObject","inLanguage":"fr-FR","@id":"https:\/\/proramillenote.it\/fr\/pochette-combinee-double-couvercle-faconne-sku395\/#primaryimage","url":"https:\/\/proramillenote.it\/wp-content\/uploads\/2017\/07\/products-Pocket-combinato-con-copertina--sagomata.jpg?wsr","contentUrl":"https:\/\/proramillenote.it\/wp-content\/uploads\/2017\/07\/products-Pocket-combinato-con-copertina--sagomata.jpg?wsr","width":600,"height":600},{"@type":"BreadcrumbList","@id":"https:\/\/proramillenote.it\/fr\/pochette-combinee-double-couvercle-faconne-sku395\/#breadcrumb","itemListElement":[{"@type":"ListItem","position":1,"name":"Proramillenote","item":"https:\/\/proramillenote.it\/fr\/"},{"@type":"ListItem","position":2,"name":"Pochette combin\u00e9e double avec couvercle fa\u00e7onn\u00e9"}]},{"@type":"WebSite","@id":"https:\/\/proramillenote.it\/fr\/#website","url":"https:\/\/proramillenote.it\/fr\/","name":"Proramillenote gadget aziendali e post-it personalizzati","description":"Post-it personalizzati, block notes con logo e gadget aziendali per il marketing B2B. Specialisti in gadget promozionali per medici e aziende farmaceutiche.","publisher":{"@id":"https:\/\/proramillenote.it\/fr\/#organization"},"alternateName":"Proramillenote","potentialAction":[{"@type":"SearchAction","target":{"@type":"EntryPoint","urlTemplate":"https:\/\/proramillenote.it\/fr\/?s={search_term_string}"},"query-input":{"@type":"PropertyValueSpecification","valueRequired":true,"valueName":"search_term_string"}}],"inLanguage":"fr-FR"},{"@type":"Organization","@id":"https:\/\/proramillenote.it\/fr\/#organization","name":"Proramillenote gadgets d\u2019entreprise et post-it personnalis\u00e9s","alternateName":"Proramillenote","url":"https:\/\/proramillenote.it\/fr\/","logo":{"@type":"ImageObject","inLanguage":"fr-FR","@id":"https:\/\/proramillenote.it\/fr\/#\/schema\/logo\/image\/","url":"https:\/\/proramillenote.it\/wp-content\/uploads\/papercube800.png?wsr","contentUrl":"https:\/\/proramillenote.it\/wp-content\/uploads\/papercube800.png?wsr","width":800,"height":800,"caption":"Proramillenote gadgets d\u2019entreprise et post-it personnalis\u00e9s"},"image":{"@id":"https:\/\/proramillenote.it\/fr\/#\/schema\/logo\/image\/"},"description":"\u2022 Specialista in produzione e commercio di gadget per medici e gadget per veterinari personalizzati. \u2022 Produzione di gadget aziendali per qualsiasi settore merceologico dal 1975. \u2022 Produttore di post-it personalizzati, post-it sagomati e cubi di carta personalizzati in stampa digitale oppure offset. Produttore di block-notes con logo. \u2022 Con cartotecnica creativa progettiamo KIT di post-it su misura, Made in Italy e di design italiano, insigniti del prestigioso premio europeo PGA Promotional Gift Award. \u2022 Concorso #Ossoduro \"Design di brand reminder da scrivania innovativi\" concepito per incoraggiare la creativit\u00e0 degli studenti di scuole secondarie di design e grafica. Annuale - Ed.7\u00b0 2024-2025. \u2022 Proramillenote \u00e8 produttore accreditato EUDAMED per la fornitura di DMClasse I \u2022 Proramillenote \u00e8 certificata FSC\u00ae Chain of custody.","email":"customercare@proramillenote.it","telephone":"+39 039616593","legalName":"Proramillenote Srl","foundingDate":"1972-01-01","vatID":"10323920966","taxID":"10323920966","numberOfEmployees":{"@type":"QuantitativeValue","minValue":"11","maxValue":"50"},"publishingPrinciples":"https:\/\/proramillenote.it\/politica-su-etica\/","ownershipFundingInfo":"https:\/\/proramillenote.it\/politica-su-etica\/","actionableFeedbackPolicy":"https:\/\/proramillenote.it\/politica-su-etica\/","correctionsPolicy":"https:\/\/proramillenote.it\/politica-su-etica\/","ethicsPolicy":"https:\/\/proramillenote.it\/politica-su-etica\/","diversityPolicy":"https:\/\/proramillenote.it\/politica-su-etica\/","diversityStaffingReport":"https:\/\/proramillenote.it\/politica-su-etica\/"}]},"product_brand":"Proramillenote","og_availability":"instock","product_availability":"instock","product_retailer_item_id":"395","product_condition":"new"},"_links":{"self":[{"href":"https:\/\/proramillenote.it\/fr\/wp-json\/wp\/v2\/product\/16263","targetHints":{"allow":["GET"]}}],"collection":[{"href":"https:\/\/proramillenote.it\/fr\/wp-json\/wp\/v2\/product"}],"about":[{"href":"https:\/\/proramillenote.it\/fr\/wp-json\/wp\/v2\/types\/product"}],"version-history":[{"count":0,"href":"https:\/\/proramillenote.it\/fr\/wp-json\/wp\/v2\/product\/16263\/revisions"}],"wp:featuredmedia":[{"embeddable":true,"href":"https:\/\/proramillenote.it\/fr\/wp-json\/wp\/v2\/media\/16264"}],"wp:attachment":[{"href":"https:\/\/proramillenote.it\/fr\/wp-json\/wp\/v2\/media?parent=16263"}],"wp:term":[{"taxonomy":"product_brand","embeddable":true,"href":"https:\/\/proramillenote.it\/fr\/wp-json\/wp\/v2\/product_brand?post=16263"},{"taxonomy":"product_cat","embeddable":true,"href":"https:\/\/proramillenote.it\/fr\/wp-json\/wp\/v2\/product_cat?post=16263"},{"taxonomy":"product_tag","embeddable":true,"href":"https:\/\/proramillenote.it\/fr\/wp-json\/wp\/v2\/product_tag?post=16263"}],"curies":[{"name":"wp","href":"https:\/\/api.w.org\/{rel}","templated":true}]}}