{"id":16304,"date":"2017-12-21T08:47:29","date_gmt":"2017-12-21T07:47:29","guid":{"rendered":"https:\/\/staging.proramillenote.it\/gadget\/mini-planning-con-basetta-in-cartoncino\/"},"modified":"2024-07-15T11:45:33","modified_gmt":"2024-07-15T09:45:33","slug":"mini-planning-basetta-cartoncino-stampa-logo-sku427","status":"publish","type":"product","link":"https:\/\/proramillenote.it\/fr\/mini-planning-basetta-cartoncino-stampa-logo-sku427\/","title":{"rendered":"Mini planning avec base en carton"},"content":{"rendered":"<p>Le mini-planning hebdomadaire avec plinthe pr\u00e9sente une grande surface publicitaire personnalisable, est pratique sur chaque bureau gr\u00e2ce \u00e0 sa petite taille et constitue un cadeau utile et toujours bienvenu.\u00a0Une ann\u00e9e enti\u00e8re de client avec votre logo !\u00a0Organisez votre calendrier personnalis\u00e9<\/p>\n<p><strong>Description<\/strong><br \/>\nMini-planning hebdomadaire<br \/>\n&#8211; en Papier artisanal<br \/>\n&#8211; avec base de pr\u00e9sentation en carton personnalisable<\/p>\n<p><strong>Format<\/strong><br \/>\n&#8211; dimensions g\u00e9n\u00e9rales mm 295&#215;155<br \/>\n&#8211; planning mm 295&#215;105<br \/>\n&#8211; base de pr\u00e9sentation en carton mm 295&#215;50<br \/>\n&#8211; \u00e9paisseur 50 ou 100 feuilles<\/p>\n<p><strong>Personnalisation par impression en quadri<\/strong><br \/>\n&#8211; sur les feuilles de l&rsquo;agenda<br \/>\n&#8211; sur la base d&rsquo;affichage<\/p>\n<p><strong>Emballage<\/strong><br \/>\n&#8211; Emballage r\u00e9tractable individuel sur demande<br \/>\n&#8211; Emballage dans des bo\u00eetes en carton<\/p>\n<h6>Quantit\u00e9 minimale\u00a0 500 pi\u00e8ces<\/h6>\n<p>Projets ad hoc.<\/p>\n","protected":false},"excerpt":{"rendered":"<p>Planning hebdomadaire de bureau, avec base<\/p>\n","protected":false},"featured_media":16305,"template":"","meta":[],"product_brand":[],"product_cat":[109,129,95,3341,3931],"product_tag":[],"class_list":{"0":"post-16304","1":"product","2":"type-product","3":"status-publish","4":"has-post-thumbnail","6":"product_cat-custom-notepads-with-cover","7":"product_cat-customized-gadget-fot-the-desk-of-the-doctor-pharma-advertising","8":"product_cat-bespoke-memo-pads-and-memo-book","9":"product_cat-it-costs-between-1-and-2-euro","10":"product_cat-paper-desk-planners-wall-calendars-customized-corporate-gadgets","11":"pa_stampa-copertina-numero-col-cover-full-colours-digital-printing","12":"pa_stampa-copertina-numero-col-cover-1-colour-printing-en","13":"pa_stampa-copertina-numero-col-cover-2-colours-printing-en","14":"pa_stampa-copertina-numero-col-cover-3-colours-printing-en","15":"pa_stampa-fogli-carta-usomano-mold-made-paper-printing-0-colours","16":"pa_stampa-fogli-carta-usomano-mold-made-paper-printing-1-colour","17":"pa_stampa-fogli-carta-usomano-mold-made-paper-printing-2-colours","18":"pa_stampa-fogli-carta-usomano-mold-made-paper-printing-3-colours-en","19":"pa_stampa-fogli-carta-usomano-mold-made-paper-printing-4-colours-en","20":"pa_stampa-fogli-carta-usomano-mold-made-paper-full-colours-printing","22":"first","23":"instock","24":"purchasable","25":"product-type-variable","26":"has-default-attributes"},"yoast_head":"<!-- This site is optimized with the Yoast SEO Premium plugin v27.2 (Yoast SEO v27.2) - https:\/\/yoast.com\/product\/yoast-seo-premium-wordpress\/ -->\n<title>Bespoke desktop planning with cardboard cover<\/title>\n<meta name=\"description\" content=\"Bespoke desktop planning with cardboard cover and advertising display area at the bottom\" \/>\n<meta name=\"robots\" content=\"index, follow, max-snippet:-1, max-image-preview:large, max-video-preview:-1\" \/>\n<link rel=\"canonical\" href=\"https:\/\/proramillenote.it\/fr\/mini-planning-basetta-cartoncino-stampa-logo-sku427\/\" \/>\n<meta property=\"og:locale\" content=\"fr_FR\" \/>\n<meta property=\"og:type\" content=\"article\" \/>\n<meta property=\"og:title\" content=\"Bespoke desktop planning with cardboard cover\" \/>\n<meta property=\"og:description\" content=\"Bespoke desktop planning with cardboard cover and advertising display area at the bottom\" \/>\n<meta property=\"og:url\" content=\"https:\/\/proramillenote.it\/fr\/mini-planning-basetta-cartoncino-stampa-logo-sku427\/\" \/>\n<meta property=\"og:site_name\" content=\"Gadget aziendali e post-it personalizzati\" \/>\n<meta property=\"article:modified_time\" content=\"2024-07-15T09:45:33+00:00\" \/>\n<meta property=\"og:image\" content=\"https:\/\/proramillenote.it\/wp-content\/uploads\/2017\/12\/products-cristal_farma_planning_scrivania_conBasetta_6004.jpg\" \/>\n\t<meta property=\"og:image:width\" content=\"600\" \/>\n\t<meta property=\"og:image:height\" content=\"600\" \/>\n\t<meta property=\"og:image:type\" content=\"image\/jpeg\" \/>\n<meta name=\"twitter:card\" content=\"summary_large_image\" \/>\n<script type=\"application\/ld+json\" class=\"yoast-schema-graph\">{\"@context\":\"https:\/\/schema.org\",\"@graph\":[{\"@type\":\"WebPage\",\"@id\":\"https:\/\/proramillenote.it\/fr\/mini-planning-basetta-cartoncino-stampa-logo-sku427\/\",\"url\":\"https:\/\/proramillenote.it\/fr\/mini-planning-basetta-cartoncino-stampa-logo-sku427\/\",\"name\":\"Bespoke desktop planning with cardboard cover\",\"isPartOf\":{\"@id\":\"https:\/\/proramillenote.it\/fr\/#website\"},\"primaryImageOfPage\":{\"@id\":\"https:\/\/proramillenote.it\/fr\/mini-planning-basetta-cartoncino-stampa-logo-sku427\/#primaryimage\"},\"image\":{\"@id\":\"https:\/\/proramillenote.it\/fr\/mini-planning-basetta-cartoncino-stampa-logo-sku427\/#primaryimage\"},\"thumbnailUrl\":\"https:\/\/proramillenote.it\/wp-content\/uploads\/2017\/12\/products-cristal_farma_planning_scrivania_conBasetta_6004.jpg?wsr\",\"datePublished\":\"2017-12-21T07:47:29+00:00\",\"dateModified\":\"2024-07-15T09:45:33+00:00\",\"description\":\"Bespoke desktop planning with cardboard cover and advertising display area at the bottom\",\"breadcrumb\":{\"@id\":\"https:\/\/proramillenote.it\/fr\/mini-planning-basetta-cartoncino-stampa-logo-sku427\/#breadcrumb\"},\"inLanguage\":\"fr-FR\",\"potentialAction\":[{\"@type\":\"ReadAction\",\"target\":[\"https:\/\/proramillenote.it\/fr\/mini-planning-basetta-cartoncino-stampa-logo-sku427\/\"]}]},{\"@type\":\"ImageObject\",\"inLanguage\":\"fr-FR\",\"@id\":\"https:\/\/proramillenote.it\/fr\/mini-planning-basetta-cartoncino-stampa-logo-sku427\/#primaryimage\",\"url\":\"https:\/\/proramillenote.it\/wp-content\/uploads\/2017\/12\/products-cristal_farma_planning_scrivania_conBasetta_6004.jpg?wsr\",\"contentUrl\":\"https:\/\/proramillenote.it\/wp-content\/uploads\/2017\/12\/products-cristal_farma_planning_scrivania_conBasetta_6004.jpg?wsr\",\"width\":600,\"height\":600},{\"@type\":\"BreadcrumbList\",\"@id\":\"https:\/\/proramillenote.it\/fr\/mini-planning-basetta-cartoncino-stampa-logo-sku427\/#breadcrumb\",\"itemListElement\":[{\"@type\":\"ListItem\",\"position\":1,\"name\":\"Proramillenote\",\"item\":\"https:\/\/proramillenote.it\/fr\/\"},{\"@type\":\"ListItem\",\"position\":2,\"name\":\"Mini planning avec base en carton\"}]},{\"@type\":\"WebSite\",\"@id\":\"https:\/\/proramillenote.it\/fr\/#website\",\"url\":\"https:\/\/proramillenote.it\/fr\/\",\"name\":\"Proramillenote gadget aziendali e post-it personalizzati\",\"description\":\"Post-it personalizzati, block notes con logo e gadget aziendali per il marketing B2B. Specialisti in gadget promozionali per medici e aziende farmaceutiche.\",\"publisher\":{\"@id\":\"https:\/\/proramillenote.it\/fr\/#organization\"},\"alternateName\":\"Proramillenote\",\"potentialAction\":[{\"@type\":\"SearchAction\",\"target\":{\"@type\":\"EntryPoint\",\"urlTemplate\":\"https:\/\/proramillenote.it\/fr\/?s={search_term_string}\"},\"query-input\":{\"@type\":\"PropertyValueSpecification\",\"valueRequired\":true,\"valueName\":\"search_term_string\"}}],\"inLanguage\":\"fr-FR\"},{\"@type\":\"Organization\",\"@id\":\"https:\/\/proramillenote.it\/fr\/#organization\",\"name\":\"Proramillenote gadget aziendali e post-it personalizzati\",\"alternateName\":\"Proramillenote\",\"url\":\"https:\/\/proramillenote.it\/fr\/\",\"logo\":{\"@type\":\"ImageObject\",\"inLanguage\":\"fr-FR\",\"@id\":\"https:\/\/proramillenote.it\/fr\/#\/schema\/logo\/image\/\",\"url\":\"https:\/\/proramillenote.it\/wp-content\/uploads\/papercube800.png?wsr\",\"contentUrl\":\"https:\/\/proramillenote.it\/wp-content\/uploads\/papercube800.png?wsr\",\"width\":800,\"height\":800,\"caption\":\"Proramillenote gadget aziendali e post-it personalizzati\"},\"image\":{\"@id\":\"https:\/\/proramillenote.it\/fr\/#\/schema\/logo\/image\/\"},\"description\":\"\u2022 Specialista in produzione e commercio di gadget per medici e gadget per veterinari personalizzati. \u2022 Produzione di gadget aziendali per qualsiasi settore merceologico dal 1975. \u2022 Produttore di post-it personalizzati, post-it sagomati e cubi di carta personalizzati in stampa digitale oppure offset. Produttore di block-notes con logo. \u2022 Con cartotecnica creativa progettiamo KIT di post-it su misura, Made in Italy e di design italiano, insigniti del prestigioso premio europeo PGA Promotional Gift Award. \u2022 Concorso #Ossoduro \\\"Design di brand reminder da scrivania innovativi\\\" concepito per incoraggiare la creativit\u00e0 degli studenti di scuole secondarie di design e grafica. Annuale - Ed.7\u00b0 2024-2025. \u2022 Proramillenote \u00e8 produttore accreditato EUDAMED per la fornitura di DMClasse I \u2022 Proramillenote \u00e8 certificata FSC\u00ae Chain of custody.\",\"email\":\"customercare@proramillenote.it\",\"telephone\":\"+39 039616593\",\"legalName\":\"Proramillenote Srl\",\"foundingDate\":\"1972-01-01\",\"vatID\":\"10323920966\",\"taxID\":\"10323920966\",\"numberOfEmployees\":{\"@type\":\"QuantitativeValue\",\"minValue\":\"11\",\"maxValue\":\"50\"},\"publishingPrinciples\":\"https:\/\/proramillenote.it\/politica-su-etica\/\",\"ownershipFundingInfo\":\"https:\/\/proramillenote.it\/politica-su-etica\/\",\"actionableFeedbackPolicy\":\"https:\/\/proramillenote.it\/politica-su-etica\/\",\"correctionsPolicy\":\"https:\/\/proramillenote.it\/politica-su-etica\/\",\"ethicsPolicy\":\"https:\/\/proramillenote.it\/politica-su-etica\/\",\"diversityPolicy\":\"https:\/\/proramillenote.it\/politica-su-etica\/\",\"diversityStaffingReport\":\"https:\/\/proramillenote.it\/politica-su-etica\/\"}]}<\/script>\n<meta property=\"og:availability\" content=\"instock\" \/>\n<meta property=\"product:availability\" content=\"instock\" \/>\n<meta property=\"product:retailer_item_id\" content=\"427\" \/>\n<meta property=\"product:condition\" content=\"new\" \/>\n<!-- \/ Yoast SEO Premium plugin. -->","yoast_head_json":{"title":"Bespoke desktop planning with cardboard cover","description":"Bespoke desktop planning with cardboard cover and advertising display area at the bottom","robots":{"index":"index","follow":"follow","max-snippet":"max-snippet:-1","max-image-preview":"max-image-preview:large","max-video-preview":"max-video-preview:-1"},"canonical":"https:\/\/proramillenote.it\/fr\/mini-planning-basetta-cartoncino-stampa-logo-sku427\/","og_locale":"fr_FR","og_type":"article","og_title":"Bespoke desktop planning with cardboard cover","og_description":"Bespoke desktop planning with cardboard cover and advertising display area at the bottom","og_url":"https:\/\/proramillenote.it\/fr\/mini-planning-basetta-cartoncino-stampa-logo-sku427\/","og_site_name":"Gadget aziendali e post-it personalizzati","article_modified_time":"2024-07-15T09:45:33+00:00","og_image":[{"width":600,"height":600,"url":"https:\/\/proramillenote.it\/wp-content\/uploads\/2017\/12\/products-cristal_farma_planning_scrivania_conBasetta_6004.jpg","type":"image\/jpeg"}],"twitter_card":"summary_large_image","schema":{"@context":"https:\/\/schema.org","@graph":[{"@type":"WebPage","@id":"https:\/\/proramillenote.it\/fr\/mini-planning-basetta-cartoncino-stampa-logo-sku427\/","url":"https:\/\/proramillenote.it\/fr\/mini-planning-basetta-cartoncino-stampa-logo-sku427\/","name":"Bespoke desktop planning with cardboard cover","isPartOf":{"@id":"https:\/\/proramillenote.it\/fr\/#website"},"primaryImageOfPage":{"@id":"https:\/\/proramillenote.it\/fr\/mini-planning-basetta-cartoncino-stampa-logo-sku427\/#primaryimage"},"image":{"@id":"https:\/\/proramillenote.it\/fr\/mini-planning-basetta-cartoncino-stampa-logo-sku427\/#primaryimage"},"thumbnailUrl":"https:\/\/proramillenote.it\/wp-content\/uploads\/2017\/12\/products-cristal_farma_planning_scrivania_conBasetta_6004.jpg?wsr","datePublished":"2017-12-21T07:47:29+00:00","dateModified":"2024-07-15T09:45:33+00:00","description":"Bespoke desktop planning with cardboard cover and advertising display area at the bottom","breadcrumb":{"@id":"https:\/\/proramillenote.it\/fr\/mini-planning-basetta-cartoncino-stampa-logo-sku427\/#breadcrumb"},"inLanguage":"fr-FR","potentialAction":[{"@type":"ReadAction","target":["https:\/\/proramillenote.it\/fr\/mini-planning-basetta-cartoncino-stampa-logo-sku427\/"]}]},{"@type":"ImageObject","inLanguage":"fr-FR","@id":"https:\/\/proramillenote.it\/fr\/mini-planning-basetta-cartoncino-stampa-logo-sku427\/#primaryimage","url":"https:\/\/proramillenote.it\/wp-content\/uploads\/2017\/12\/products-cristal_farma_planning_scrivania_conBasetta_6004.jpg?wsr","contentUrl":"https:\/\/proramillenote.it\/wp-content\/uploads\/2017\/12\/products-cristal_farma_planning_scrivania_conBasetta_6004.jpg?wsr","width":600,"height":600},{"@type":"BreadcrumbList","@id":"https:\/\/proramillenote.it\/fr\/mini-planning-basetta-cartoncino-stampa-logo-sku427\/#breadcrumb","itemListElement":[{"@type":"ListItem","position":1,"name":"Proramillenote","item":"https:\/\/proramillenote.it\/fr\/"},{"@type":"ListItem","position":2,"name":"Mini planning avec base en carton"}]},{"@type":"WebSite","@id":"https:\/\/proramillenote.it\/fr\/#website","url":"https:\/\/proramillenote.it\/fr\/","name":"Proramillenote gadget aziendali e post-it personalizzati","description":"Post-it personalizzati, block notes con logo e gadget aziendali per il marketing B2B. Specialisti in gadget promozionali per medici e aziende farmaceutiche.","publisher":{"@id":"https:\/\/proramillenote.it\/fr\/#organization"},"alternateName":"Proramillenote","potentialAction":[{"@type":"SearchAction","target":{"@type":"EntryPoint","urlTemplate":"https:\/\/proramillenote.it\/fr\/?s={search_term_string}"},"query-input":{"@type":"PropertyValueSpecification","valueRequired":true,"valueName":"search_term_string"}}],"inLanguage":"fr-FR"},{"@type":"Organization","@id":"https:\/\/proramillenote.it\/fr\/#organization","name":"Proramillenote gadget aziendali e post-it personalizzati","alternateName":"Proramillenote","url":"https:\/\/proramillenote.it\/fr\/","logo":{"@type":"ImageObject","inLanguage":"fr-FR","@id":"https:\/\/proramillenote.it\/fr\/#\/schema\/logo\/image\/","url":"https:\/\/proramillenote.it\/wp-content\/uploads\/papercube800.png?wsr","contentUrl":"https:\/\/proramillenote.it\/wp-content\/uploads\/papercube800.png?wsr","width":800,"height":800,"caption":"Proramillenote gadget aziendali e post-it personalizzati"},"image":{"@id":"https:\/\/proramillenote.it\/fr\/#\/schema\/logo\/image\/"},"description":"\u2022 Specialista in produzione e commercio di gadget per medici e gadget per veterinari personalizzati. \u2022 Produzione di gadget aziendali per qualsiasi settore merceologico dal 1975. \u2022 Produttore di post-it personalizzati, post-it sagomati e cubi di carta personalizzati in stampa digitale oppure offset. Produttore di block-notes con logo. \u2022 Con cartotecnica creativa progettiamo KIT di post-it su misura, Made in Italy e di design italiano, insigniti del prestigioso premio europeo PGA Promotional Gift Award. \u2022 Concorso #Ossoduro \"Design di brand reminder da scrivania innovativi\" concepito per incoraggiare la creativit\u00e0 degli studenti di scuole secondarie di design e grafica. Annuale - Ed.7\u00b0 2024-2025. \u2022 Proramillenote \u00e8 produttore accreditato EUDAMED per la fornitura di DMClasse I \u2022 Proramillenote \u00e8 certificata FSC\u00ae Chain of custody.","email":"customercare@proramillenote.it","telephone":"+39 039616593","legalName":"Proramillenote Srl","foundingDate":"1972-01-01","vatID":"10323920966","taxID":"10323920966","numberOfEmployees":{"@type":"QuantitativeValue","minValue":"11","maxValue":"50"},"publishingPrinciples":"https:\/\/proramillenote.it\/politica-su-etica\/","ownershipFundingInfo":"https:\/\/proramillenote.it\/politica-su-etica\/","actionableFeedbackPolicy":"https:\/\/proramillenote.it\/politica-su-etica\/","correctionsPolicy":"https:\/\/proramillenote.it\/politica-su-etica\/","ethicsPolicy":"https:\/\/proramillenote.it\/politica-su-etica\/","diversityPolicy":"https:\/\/proramillenote.it\/politica-su-etica\/","diversityStaffingReport":"https:\/\/proramillenote.it\/politica-su-etica\/"}]},"og_availability":"instock","product_availability":"instock","product_retailer_item_id":"427","product_condition":"new"},"_links":{"self":[{"href":"https:\/\/proramillenote.it\/fr\/wp-json\/wp\/v2\/product\/16304","targetHints":{"allow":["GET"]}}],"collection":[{"href":"https:\/\/proramillenote.it\/fr\/wp-json\/wp\/v2\/product"}],"about":[{"href":"https:\/\/proramillenote.it\/fr\/wp-json\/wp\/v2\/types\/product"}],"version-history":[{"count":0,"href":"https:\/\/proramillenote.it\/fr\/wp-json\/wp\/v2\/product\/16304\/revisions"}],"wp:featuredmedia":[{"embeddable":true,"href":"https:\/\/proramillenote.it\/fr\/wp-json\/wp\/v2\/media\/16305"}],"wp:attachment":[{"href":"https:\/\/proramillenote.it\/fr\/wp-json\/wp\/v2\/media?parent=16304"}],"wp:term":[{"taxonomy":"product_brand","embeddable":true,"href":"https:\/\/proramillenote.it\/fr\/wp-json\/wp\/v2\/product_brand?post=16304"},{"taxonomy":"product_cat","embeddable":true,"href":"https:\/\/proramillenote.it\/fr\/wp-json\/wp\/v2\/product_cat?post=16304"},{"taxonomy":"product_tag","embeddable":true,"href":"https:\/\/proramillenote.it\/fr\/wp-json\/wp\/v2\/product_tag?post=16304"}],"curies":[{"name":"wp","href":"https:\/\/api.w.org\/{rel}","templated":true}]}}