{"id":16350,"date":"2015-08-11T13:56:58","date_gmt":"2015-08-11T11:56:58","guid":{"rendered":"https:\/\/staging.proramillenote.it\/gadget\/portafoglietti-crowner-display-sagomato\/"},"modified":"2024-07-15T11:54:28","modified_gmt":"2024-07-15T09:54:28","slug":"portafoglietti-crowner-display-sagomato-stampa-logo-sku451","status":"publish","type":"product","link":"https:\/\/proramillenote.it\/fr\/portafoglietti-crowner-display-sagomato-stampa-logo-sku451\/","title":{"rendered":"Porte-feuillets crowner display fa\u00e7onn\u00e9"},"content":{"rendered":"<p><strong>Description<\/strong><br \/>\nEtui en carton avec couronne fa\u00e7onn\u00e9e. Personnalisez la t\u00eate d&rsquo;affichage en couleur avec une forme personnalis\u00e9e<br \/>\nRegarzez le video de <a title=\"Guarda il video di Portafoglietti crowner sagomato\" href=\"https:\/\/youtu.be\/m813Pf_Qnok\">Porte-feuillets crowner display fa\u00e7onn\u00e9<\/a><\/p>\n<p>Le portefeuille couronner est un gadget d&rsquo;entreprise personnalis\u00e9, classique et rigoureux, capable de valoriser la marque avec une publicit\u00e9 efficace et durable. Pratique sur le bureau, rechargeable, il est propos\u00e9 comme cadeau d&rsquo;entreprise utile pour tous les besoins.<\/p>\n<p><strong>Pour le secteur pharmaceutique, les d\u00e9pliants peuvent \u00eatre des rapports pr\u00e9-imprim\u00e9s, par exemple:<\/strong><br \/>\n\u2022 Posologie<br \/>\n\u2022 Comment utiliser<br \/>\n\u2022 Rappel du prochain rendez-vous<\/p>\n<p><strong>Bo\u00eete portefeuille<\/strong><br \/>\n\u2022 Papier carton<br \/>\n\u2022 Dimensions ferm\u00e9e: environ 100 x 100 x 30 mm<br \/>\n\u2022 Onglet de fermeture de la bo\u00eete lorsque la bo\u00eete est encore ferm\u00e9e<br \/>\n\u2022\u00a0Impression en quadrichromie sur la bo\u00eete<br \/>\n\u2022\u00a0Laminage brillant<br \/>\n\u2022 Rainage sur le couvercle de la bo\u00eete et d\u00e9coupe personnalis\u00e9e pour cr\u00e9er le pr\u00e9sentoir couronne (surface utile de pr\u00e9sentation 10&#215;10 cm)<\/p>\n<p><strong>Feuilles<\/strong><br \/>\nBloc portefeuille en papier non couch\u00e9 blanc<br \/>\nFormat feuille: 97&#215;97 mm<br \/>\n\u00c9paisseur du bloc: 300 feuilles<br \/>\nImpression sur feuilles de 1 \u00e0 4 couleurs<\/p>\n<p><strong>\u00bb\u00a0Personnalisation<\/strong><br \/>\nEnti\u00e8rement personnalisable\u00a0sur la bo\u00eete et sur les d\u00e9pliants<br \/>\nContactez le service client pour cr\u00e9er la forme personnalis\u00e9e de la t\u00eate d&rsquo;affichage<br \/>\n<strong><br \/>\nLivraison<\/strong><br \/>\nLivr\u00e9 ferm\u00e9<br \/>\nFilm r\u00e9tractable<br \/>\nlivraison en cartons<\/p>\n<p><strong>Autres caract\u00e9ristiques<\/strong><br \/>\n\u2022 Fabriqu\u00e9 en Italie, production directe Proramillenote<br \/>\n\u2022 Livraison rapide<br \/>\nInstructions pour le montage de l&rsquo;\u00e9cran<br \/>\nCr\u00e9ez le grand pr\u00e9sentoir de couronne personnalis\u00e9 avec un simple pli sur le pli du couvercle. Le logo de l&rsquo;entreprise sera toujours au-dessus.<\/p>\n<p><iframe title=\"YouTube video player\" src=\"https:\/\/www.youtube-nocookie.com\/embed\/m813Pf_Qnok?rel=0\" width=\"560\" height=\"315\" frameborder=\"0\" allowfullscreen=\"allowfullscreen\"><\/iframe><\/p>\n<h6><strong>Quantit\u00e9 <\/strong> 1000 pcs<\/h6>\n","protected":false},"excerpt":{"rendered":"<p>Porte-feuillets crowner display cartonn\u00e9 fa\u00e7onn\u00e9<\/p>\n","protected":false},"featured_media":16351,"template":"","meta":[],"product_brand":[5132],"product_cat":[94,641,637,334],"product_tag":[5185],"class_list":{"0":"post-16350","1":"product","2":"type-product","3":"status-publish","4":"has-post-thumbnail","6":"product_brand-produzione-proramillenote","7":"product_cat-block-notes-personalizzati","8":"product_cat-costa-piu-di-2-euro","9":"product_cat-consegna-4-settimane","10":"product_cat-porta-foglietti-personalizzati-cartoncino-plastica-legno","11":"product_tag-post-it-crowner","12":"pa_stampa-copertina-numero-col-copertina-stampa-quadricromia","13":"pa_stampa-copertina-numero-col-copertina-stampa-1-colore","14":"pa_stampa-copertina-numero-col-copertina-stampa-2-colori","15":"pa_stampa-copertina-numero-col-copertina-stampa-3-colori","16":"pa_stampa-fogli-carta-usomano-0-col-carta-um","17":"pa_stampa-fogli-carta-usomano-1-col-carta-um","18":"pa_stampa-fogli-carta-usomano-2-col-carta-um","19":"pa_stampa-fogli-carta-usomano-3-col-carta-um","20":"pa_stampa-fogli-carta-usomano-4-col-carta-um","21":"pa_stampa-fogli-carta-usomano-quadri-carta-um","23":"first","24":"instock","25":"purchasable","26":"product-type-variable","27":"has-default-attributes"},"yoast_head":"<!-- This site is optimized with the Yoast SEO Premium plugin v27.2 (Yoast SEO v27.2) - https:\/\/yoast.com\/product\/yoast-seo-premium-wordpress\/ -->\n<title>Shaped sheetholder cardboard box with customizable header<\/title>\n<meta name=\"description\" content=\"Shaped sheet-holder cardboard case with customizable header: direct production, tailor made\" \/>\n<meta name=\"robots\" content=\"index, follow, max-snippet:-1, max-image-preview:large, max-video-preview:-1\" \/>\n<link rel=\"canonical\" href=\"https:\/\/proramillenote.it\/fr\/portafoglietti-crowner-display-sagomato-stampa-logo-sku451\/\" \/>\n<meta property=\"og:locale\" content=\"fr_FR\" \/>\n<meta property=\"og:type\" content=\"article\" \/>\n<meta property=\"og:title\" content=\"Shaped sheetholder cardboard box with customizable header\" \/>\n<meta property=\"og:description\" content=\"Shaped sheet-holder cardboard case with customizable header: direct production, tailor made\" \/>\n<meta property=\"og:url\" content=\"https:\/\/proramillenote.it\/fr\/portafoglietti-crowner-display-sagomato-stampa-logo-sku451\/\" \/>\n<meta property=\"og:site_name\" content=\"Gadget aziendali e post-it personalizzati\" \/>\n<meta property=\"article:modified_time\" content=\"2024-07-15T09:54:28+00:00\" \/>\n<meta property=\"og:image\" content=\"https:\/\/proramillenote.it\/wp-content\/uploads\/2018\/06\/products-portafoglietti-in-cartoncino-sagomato-abriff.jpg\" \/>\n\t<meta property=\"og:image:width\" content=\"600\" \/>\n\t<meta property=\"og:image:height\" content=\"600\" \/>\n\t<meta property=\"og:image:type\" content=\"image\/jpeg\" \/>\n<meta name=\"twitter:card\" content=\"summary_large_image\" \/>\n<script type=\"application\/ld+json\" class=\"yoast-schema-graph\">{\"@context\":\"https:\/\/schema.org\",\"@graph\":[{\"@type\":\"WebPage\",\"@id\":\"https:\/\/proramillenote.it\/fr\/portafoglietti-crowner-display-sagomato-stampa-logo-sku451\/\",\"url\":\"https:\/\/proramillenote.it\/fr\/portafoglietti-crowner-display-sagomato-stampa-logo-sku451\/\",\"name\":\"Shaped sheetholder cardboard box with customizable header\",\"isPartOf\":{\"@id\":\"https:\/\/proramillenote.it\/fr\/#website\"},\"primaryImageOfPage\":{\"@id\":\"https:\/\/proramillenote.it\/fr\/portafoglietti-crowner-display-sagomato-stampa-logo-sku451\/#primaryimage\"},\"image\":{\"@id\":\"https:\/\/proramillenote.it\/fr\/portafoglietti-crowner-display-sagomato-stampa-logo-sku451\/#primaryimage\"},\"thumbnailUrl\":\"https:\/\/proramillenote.it\/wp-content\/uploads\/2018\/06\/products-portafoglietti-in-cartoncino-sagomato-abriff.jpg?wsr\",\"datePublished\":\"2015-08-11T11:56:58+00:00\",\"dateModified\":\"2024-07-15T09:54:28+00:00\",\"description\":\"Shaped sheet-holder cardboard case with customizable header: direct production, tailor made\",\"breadcrumb\":{\"@id\":\"https:\/\/proramillenote.it\/fr\/portafoglietti-crowner-display-sagomato-stampa-logo-sku451\/#breadcrumb\"},\"inLanguage\":\"fr-FR\",\"potentialAction\":[{\"@type\":\"ReadAction\",\"target\":[\"https:\/\/proramillenote.it\/fr\/portafoglietti-crowner-display-sagomato-stampa-logo-sku451\/\"]}]},{\"@type\":\"ImageObject\",\"inLanguage\":\"fr-FR\",\"@id\":\"https:\/\/proramillenote.it\/fr\/portafoglietti-crowner-display-sagomato-stampa-logo-sku451\/#primaryimage\",\"url\":\"https:\/\/proramillenote.it\/wp-content\/uploads\/2018\/06\/products-portafoglietti-in-cartoncino-sagomato-abriff.jpg?wsr\",\"contentUrl\":\"https:\/\/proramillenote.it\/wp-content\/uploads\/2018\/06\/products-portafoglietti-in-cartoncino-sagomato-abriff.jpg?wsr\",\"width\":600,\"height\":600},{\"@type\":\"BreadcrumbList\",\"@id\":\"https:\/\/proramillenote.it\/fr\/portafoglietti-crowner-display-sagomato-stampa-logo-sku451\/#breadcrumb\",\"itemListElement\":[{\"@type\":\"ListItem\",\"position\":1,\"name\":\"Proramillenote\",\"item\":\"https:\/\/proramillenote.it\/fr\/\"},{\"@type\":\"ListItem\",\"position\":2,\"name\":\"Porte-feuillets crowner display fa\u00e7onn\u00e9\"}]},{\"@type\":\"WebSite\",\"@id\":\"https:\/\/proramillenote.it\/fr\/#website\",\"url\":\"https:\/\/proramillenote.it\/fr\/\",\"name\":\"Proramillenote gadget aziendali e post-it personalizzati\",\"description\":\"Post-it personalizzati, block notes con logo e gadget aziendali per il marketing B2B. Specialisti in gadget promozionali per medici e aziende farmaceutiche.\",\"publisher\":{\"@id\":\"https:\/\/proramillenote.it\/fr\/#organization\"},\"alternateName\":\"Proramillenote\",\"potentialAction\":[{\"@type\":\"SearchAction\",\"target\":{\"@type\":\"EntryPoint\",\"urlTemplate\":\"https:\/\/proramillenote.it\/fr\/?s={search_term_string}\"},\"query-input\":{\"@type\":\"PropertyValueSpecification\",\"valueRequired\":true,\"valueName\":\"search_term_string\"}}],\"inLanguage\":\"fr-FR\"},{\"@type\":\"Organization\",\"@id\":\"https:\/\/proramillenote.it\/fr\/#organization\",\"name\":\"Proramillenote gadget aziendali e post-it personalizzati\",\"alternateName\":\"Proramillenote\",\"url\":\"https:\/\/proramillenote.it\/fr\/\",\"logo\":{\"@type\":\"ImageObject\",\"inLanguage\":\"fr-FR\",\"@id\":\"https:\/\/proramillenote.it\/fr\/#\/schema\/logo\/image\/\",\"url\":\"https:\/\/proramillenote.it\/wp-content\/uploads\/papercube800.png?wsr\",\"contentUrl\":\"https:\/\/proramillenote.it\/wp-content\/uploads\/papercube800.png?wsr\",\"width\":800,\"height\":800,\"caption\":\"Proramillenote gadget aziendali e post-it personalizzati\"},\"image\":{\"@id\":\"https:\/\/proramillenote.it\/fr\/#\/schema\/logo\/image\/\"},\"description\":\"\u2022 Specialista in produzione e commercio di gadget per medici e gadget per veterinari personalizzati. \u2022 Produzione di gadget aziendali per qualsiasi settore merceologico dal 1975. \u2022 Produttore di post-it personalizzati, post-it sagomati e cubi di carta personalizzati in stampa digitale oppure offset. Produttore di block-notes con logo. \u2022 Con cartotecnica creativa progettiamo KIT di post-it su misura, Made in Italy e di design italiano, insigniti del prestigioso premio europeo PGA Promotional Gift Award. \u2022 Concorso #Ossoduro \\\"Design di brand reminder da scrivania innovativi\\\" concepito per incoraggiare la creativit\u00e0 degli studenti di scuole secondarie di design e grafica. Annuale - Ed.7\u00b0 2024-2025. \u2022 Proramillenote \u00e8 produttore accreditato EUDAMED per la fornitura di DMClasse I \u2022 Proramillenote \u00e8 certificata FSC\u00ae Chain of custody.\",\"email\":\"customercare@proramillenote.it\",\"telephone\":\"+39 039616593\",\"legalName\":\"Proramillenote Srl\",\"foundingDate\":\"1972-01-01\",\"vatID\":\"10323920966\",\"taxID\":\"10323920966\",\"numberOfEmployees\":{\"@type\":\"QuantitativeValue\",\"minValue\":\"11\",\"maxValue\":\"50\"},\"publishingPrinciples\":\"https:\/\/proramillenote.it\/politica-su-etica\/\",\"ownershipFundingInfo\":\"https:\/\/proramillenote.it\/politica-su-etica\/\",\"actionableFeedbackPolicy\":\"https:\/\/proramillenote.it\/politica-su-etica\/\",\"correctionsPolicy\":\"https:\/\/proramillenote.it\/politica-su-etica\/\",\"ethicsPolicy\":\"https:\/\/proramillenote.it\/politica-su-etica\/\",\"diversityPolicy\":\"https:\/\/proramillenote.it\/politica-su-etica\/\",\"diversityStaffingReport\":\"https:\/\/proramillenote.it\/politica-su-etica\/\"}]}<\/script>\n<meta property=\"product:brand\" content=\"Proramillenote\" \/>\n<meta property=\"og:availability\" content=\"instock\" \/>\n<meta property=\"product:availability\" content=\"instock\" \/>\n<meta property=\"product:retailer_item_id\" content=\"451\" \/>\n<meta property=\"product:condition\" content=\"new\" \/>\n<!-- \/ Yoast SEO Premium plugin. -->","yoast_head_json":{"title":"Shaped sheetholder cardboard box with customizable header","description":"Shaped sheet-holder cardboard case with customizable header: direct production, tailor made","robots":{"index":"index","follow":"follow","max-snippet":"max-snippet:-1","max-image-preview":"max-image-preview:large","max-video-preview":"max-video-preview:-1"},"canonical":"https:\/\/proramillenote.it\/fr\/portafoglietti-crowner-display-sagomato-stampa-logo-sku451\/","og_locale":"fr_FR","og_type":"article","og_title":"Shaped sheetholder cardboard box with customizable header","og_description":"Shaped sheet-holder cardboard case with customizable header: direct production, tailor made","og_url":"https:\/\/proramillenote.it\/fr\/portafoglietti-crowner-display-sagomato-stampa-logo-sku451\/","og_site_name":"Gadget aziendali e post-it personalizzati","article_modified_time":"2024-07-15T09:54:28+00:00","og_image":[{"width":600,"height":600,"url":"https:\/\/proramillenote.it\/wp-content\/uploads\/2018\/06\/products-portafoglietti-in-cartoncino-sagomato-abriff.jpg","type":"image\/jpeg"}],"twitter_card":"summary_large_image","schema":{"@context":"https:\/\/schema.org","@graph":[{"@type":"WebPage","@id":"https:\/\/proramillenote.it\/fr\/portafoglietti-crowner-display-sagomato-stampa-logo-sku451\/","url":"https:\/\/proramillenote.it\/fr\/portafoglietti-crowner-display-sagomato-stampa-logo-sku451\/","name":"Shaped sheetholder cardboard box with customizable header","isPartOf":{"@id":"https:\/\/proramillenote.it\/fr\/#website"},"primaryImageOfPage":{"@id":"https:\/\/proramillenote.it\/fr\/portafoglietti-crowner-display-sagomato-stampa-logo-sku451\/#primaryimage"},"image":{"@id":"https:\/\/proramillenote.it\/fr\/portafoglietti-crowner-display-sagomato-stampa-logo-sku451\/#primaryimage"},"thumbnailUrl":"https:\/\/proramillenote.it\/wp-content\/uploads\/2018\/06\/products-portafoglietti-in-cartoncino-sagomato-abriff.jpg?wsr","datePublished":"2015-08-11T11:56:58+00:00","dateModified":"2024-07-15T09:54:28+00:00","description":"Shaped sheet-holder cardboard case with customizable header: direct production, tailor made","breadcrumb":{"@id":"https:\/\/proramillenote.it\/fr\/portafoglietti-crowner-display-sagomato-stampa-logo-sku451\/#breadcrumb"},"inLanguage":"fr-FR","potentialAction":[{"@type":"ReadAction","target":["https:\/\/proramillenote.it\/fr\/portafoglietti-crowner-display-sagomato-stampa-logo-sku451\/"]}]},{"@type":"ImageObject","inLanguage":"fr-FR","@id":"https:\/\/proramillenote.it\/fr\/portafoglietti-crowner-display-sagomato-stampa-logo-sku451\/#primaryimage","url":"https:\/\/proramillenote.it\/wp-content\/uploads\/2018\/06\/products-portafoglietti-in-cartoncino-sagomato-abriff.jpg?wsr","contentUrl":"https:\/\/proramillenote.it\/wp-content\/uploads\/2018\/06\/products-portafoglietti-in-cartoncino-sagomato-abriff.jpg?wsr","width":600,"height":600},{"@type":"BreadcrumbList","@id":"https:\/\/proramillenote.it\/fr\/portafoglietti-crowner-display-sagomato-stampa-logo-sku451\/#breadcrumb","itemListElement":[{"@type":"ListItem","position":1,"name":"Proramillenote","item":"https:\/\/proramillenote.it\/fr\/"},{"@type":"ListItem","position":2,"name":"Porte-feuillets crowner display fa\u00e7onn\u00e9"}]},{"@type":"WebSite","@id":"https:\/\/proramillenote.it\/fr\/#website","url":"https:\/\/proramillenote.it\/fr\/","name":"Proramillenote gadget aziendali e post-it personalizzati","description":"Post-it personalizzati, block notes con logo e gadget aziendali per il marketing B2B. Specialisti in gadget promozionali per medici e aziende farmaceutiche.","publisher":{"@id":"https:\/\/proramillenote.it\/fr\/#organization"},"alternateName":"Proramillenote","potentialAction":[{"@type":"SearchAction","target":{"@type":"EntryPoint","urlTemplate":"https:\/\/proramillenote.it\/fr\/?s={search_term_string}"},"query-input":{"@type":"PropertyValueSpecification","valueRequired":true,"valueName":"search_term_string"}}],"inLanguage":"fr-FR"},{"@type":"Organization","@id":"https:\/\/proramillenote.it\/fr\/#organization","name":"Proramillenote gadget aziendali e post-it personalizzati","alternateName":"Proramillenote","url":"https:\/\/proramillenote.it\/fr\/","logo":{"@type":"ImageObject","inLanguage":"fr-FR","@id":"https:\/\/proramillenote.it\/fr\/#\/schema\/logo\/image\/","url":"https:\/\/proramillenote.it\/wp-content\/uploads\/papercube800.png?wsr","contentUrl":"https:\/\/proramillenote.it\/wp-content\/uploads\/papercube800.png?wsr","width":800,"height":800,"caption":"Proramillenote gadget aziendali e post-it personalizzati"},"image":{"@id":"https:\/\/proramillenote.it\/fr\/#\/schema\/logo\/image\/"},"description":"\u2022 Specialista in produzione e commercio di gadget per medici e gadget per veterinari personalizzati. \u2022 Produzione di gadget aziendali per qualsiasi settore merceologico dal 1975. \u2022 Produttore di post-it personalizzati, post-it sagomati e cubi di carta personalizzati in stampa digitale oppure offset. Produttore di block-notes con logo. \u2022 Con cartotecnica creativa progettiamo KIT di post-it su misura, Made in Italy e di design italiano, insigniti del prestigioso premio europeo PGA Promotional Gift Award. \u2022 Concorso #Ossoduro \"Design di brand reminder da scrivania innovativi\" concepito per incoraggiare la creativit\u00e0 degli studenti di scuole secondarie di design e grafica. Annuale - Ed.7\u00b0 2024-2025. \u2022 Proramillenote \u00e8 produttore accreditato EUDAMED per la fornitura di DMClasse I \u2022 Proramillenote \u00e8 certificata FSC\u00ae Chain of custody.","email":"customercare@proramillenote.it","telephone":"+39 039616593","legalName":"Proramillenote Srl","foundingDate":"1972-01-01","vatID":"10323920966","taxID":"10323920966","numberOfEmployees":{"@type":"QuantitativeValue","minValue":"11","maxValue":"50"},"publishingPrinciples":"https:\/\/proramillenote.it\/politica-su-etica\/","ownershipFundingInfo":"https:\/\/proramillenote.it\/politica-su-etica\/","actionableFeedbackPolicy":"https:\/\/proramillenote.it\/politica-su-etica\/","correctionsPolicy":"https:\/\/proramillenote.it\/politica-su-etica\/","ethicsPolicy":"https:\/\/proramillenote.it\/politica-su-etica\/","diversityPolicy":"https:\/\/proramillenote.it\/politica-su-etica\/","diversityStaffingReport":"https:\/\/proramillenote.it\/politica-su-etica\/"}]},"product_brand":"Proramillenote","og_availability":"instock","product_availability":"instock","product_retailer_item_id":"451","product_condition":"new"},"_links":{"self":[{"href":"https:\/\/proramillenote.it\/fr\/wp-json\/wp\/v2\/product\/16350","targetHints":{"allow":["GET"]}}],"collection":[{"href":"https:\/\/proramillenote.it\/fr\/wp-json\/wp\/v2\/product"}],"about":[{"href":"https:\/\/proramillenote.it\/fr\/wp-json\/wp\/v2\/types\/product"}],"version-history":[{"count":0,"href":"https:\/\/proramillenote.it\/fr\/wp-json\/wp\/v2\/product\/16350\/revisions"}],"wp:featuredmedia":[{"embeddable":true,"href":"https:\/\/proramillenote.it\/fr\/wp-json\/wp\/v2\/media\/16351"}],"wp:attachment":[{"href":"https:\/\/proramillenote.it\/fr\/wp-json\/wp\/v2\/media?parent=16350"}],"wp:term":[{"taxonomy":"product_brand","embeddable":true,"href":"https:\/\/proramillenote.it\/fr\/wp-json\/wp\/v2\/product_brand?post=16350"},{"taxonomy":"product_cat","embeddable":true,"href":"https:\/\/proramillenote.it\/fr\/wp-json\/wp\/v2\/product_cat?post=16350"},{"taxonomy":"product_tag","embeddable":true,"href":"https:\/\/proramillenote.it\/fr\/wp-json\/wp\/v2\/product_tag?post=16350"}],"curies":[{"name":"wp","href":"https:\/\/api.w.org\/{rel}","templated":true}]}}