{"id":16352,"date":"2017-03-08T12:53:31","date_gmt":"2017-03-08T11:53:31","guid":{"rendered":"https:\/\/staging.proramillenote.it\/gadget\/mini-memotack-monitor-con-bandierine-segnapagina\/"},"modified":"2024-07-15T11:45:33","modified_gmt":"2024-07-15T09:45:33","slug":"mini-moniteur-memotack-avec-indicateurs-de-page-sku-329","status":"publish","type":"product","link":"https:\/\/proramillenote.it\/fr\/mini-moniteur-memotack-avec-indicateurs-de-page-sku-329\/","title":{"rendered":"Mini moniteur MEMOTACK avec indicateurs de page"},"content":{"rendered":"<p>Les blocs-notes et les drapeaux signets sont coll\u00e9s sur la base en carton rigide. Peut \u00eatre fix\u00e9 \u00e0 l&rsquo;aide d&rsquo;un ruban adh\u00e9sif double face sur un \u00e9cran de PC, un bureau ou des surfaces verticales lisses.<\/p>\n<p><img decoding=\"async\" src=\"https:\/\/proramillenote.it\/wp-content\/uploads\/memotack-post-it-proramillenote.png\" alt=\"MEMOTACK logo\" width=\"268\" height=\"50\" \/><\/p>\n<p><strong>Base<\/strong><br \/>\n&#8211; Carton rigide de 145&#215;55 mm<\/p>\n<p><strong>MEMOTACK:<br \/>\n<\/strong>&#8211; Taille: mm 50&#215;50<br \/>\n&#8211; \u00c9paisseur: 50 feuilles (environ 5 mm)<\/p>\n<p><strong>Signets<br \/>\n<\/strong>&#8211; 1 jeu de drapeaux signets<br \/>\n&#8211; Drapeaux PPL inscriptibles et repositionnables<br \/>\n&#8211; Couleurs fluorescentes standard<\/p>\n<p><strong>Personnalisation<br \/>\n<\/strong>Impression sur le support et les autocollants<\/p>\n<h6>Quantit\u00e9 minimale: 1 000 pi\u00e8ces<\/h6>\n","protected":false},"excerpt":{"rendered":"<p>Mini bloc-notes adh\u00e9sif (5&#215;5 cm) combin\u00e9 \u00e0 des drapeaux signets. Il se fixe aux surfaces verticales, au bureau et \u00e0 l&rsquo;\u00e9cran du PC<\/p>\n","protected":false},"featured_media":16353,"template":"","meta":[],"product_brand":[5138],"product_cat":[5195,659,647,650,646],"product_tag":[],"class_list":{"0":"post-16352","1":"product","2":"type-product","3":"status-publish","4":"has-post-thumbnail","6":"product_brand-fabricant-proramillenote","7":"product_cat-cout-entre-1-et-2-euros","8":"product_cat-bloc-notes-combines-dans-un-etui-en-carton-sur-mesure","9":"product_cat-marque-pages-drapeaux-signets-personnalises","10":"product_cat-marque-pages-fluo-plastique-standard","11":"product_cat-post-it-personnalises","12":"pa_num-col-stampa-fogli-post-it-feuilles-impression-2-couleurs-fr","13":"pa_num-col-stampa-fogli-post-it-feuilles-impression-0-couleurs-fr","14":"pa_num-col-stampa-fogli-post-it-feuilles-impression-1-couleur-fr","15":"pa_num-col-stampa-fogli-post-it-feuilles-impression-3-couleurs-fr","16":"pa_num-col-stampa-fogli-post-it-feuilles-impression-4-couleurs-fr","17":"pa_num-col-stampa-fogli-post-it-feuilles-impression-en-quadri-fr","19":"first","20":"instock","21":"purchasable","22":"product-type-variable","23":"has-default-attributes"},"yoast_head":"<!-- This site is optimized with the Yoast SEO Premium plugin v27.3 (Yoast SEO v27.3) - https:\/\/yoast.com\/product\/yoast-seo-premium-wordpress\/ -->\n<title>Promotional covered pocket memo pad with index<\/title>\n<meta name=\"description\" content=\"Promotional covered pocket memo pad cm 8x13 with index\" \/>\n<meta name=\"robots\" content=\"index, follow, max-snippet:-1, max-image-preview:large, max-video-preview:-1\" \/>\n<link rel=\"canonical\" href=\"https:\/\/proramillenote.it\/fr\/mini-moniteur-memotack-avec-indicateurs-de-page-sku-329\/\" \/>\n<meta property=\"og:locale\" content=\"fr_FR\" \/>\n<meta property=\"og:type\" content=\"article\" \/>\n<meta property=\"og:title\" content=\"Promotional covered pocket memo pad with index\" \/>\n<meta property=\"og:description\" content=\"Promotional covered pocket memo pad cm 8x13 with index\" \/>\n<meta property=\"og:url\" content=\"https:\/\/proramillenote.it\/fr\/mini-moniteur-memotack-avec-indicateurs-de-page-sku-329\/\" \/>\n<meta property=\"og:site_name\" content=\"Gadgets d\u2019entreprise et post-it personnalis\u00e9s\" \/>\n<meta property=\"article:modified_time\" content=\"2024-07-15T09:45:33+00:00\" \/>\n<meta property=\"og:image\" content=\"https:\/\/proramillenote.it\/wp-content\/uploads\/2018\/07\/products-MemotackMonitor.png\" \/>\n\t<meta property=\"og:image:width\" content=\"600\" \/>\n\t<meta property=\"og:image:height\" content=\"600\" \/>\n\t<meta property=\"og:image:type\" content=\"image\/jpeg\" \/>\n<meta name=\"twitter:card\" content=\"summary_large_image\" \/>\n<script type=\"application\/ld+json\" class=\"yoast-schema-graph\">{\"@context\":\"https:\\\/\\\/schema.org\",\"@graph\":[{\"@type\":\"WebPage\",\"@id\":\"https:\\\/\\\/proramillenote.it\\\/fr\\\/mini-moniteur-memotack-avec-indicateurs-de-page-sku-329\\\/\",\"url\":\"https:\\\/\\\/proramillenote.it\\\/fr\\\/mini-moniteur-memotack-avec-indicateurs-de-page-sku-329\\\/\",\"name\":\"Promotional covered pocket memo pad with index\",\"isPartOf\":{\"@id\":\"https:\\\/\\\/proramillenote.it\\\/fr\\\/#website\"},\"primaryImageOfPage\":{\"@id\":\"https:\\\/\\\/proramillenote.it\\\/fr\\\/mini-moniteur-memotack-avec-indicateurs-de-page-sku-329\\\/#primaryimage\"},\"image\":{\"@id\":\"https:\\\/\\\/proramillenote.it\\\/fr\\\/mini-moniteur-memotack-avec-indicateurs-de-page-sku-329\\\/#primaryimage\"},\"thumbnailUrl\":\"https:\\\/\\\/proramillenote.it\\\/wp-content\\\/uploads\\\/2018\\\/07\\\/products-MemotackMonitor.png?wsr\",\"datePublished\":\"2017-03-08T11:53:31+00:00\",\"dateModified\":\"2024-07-15T09:45:33+00:00\",\"description\":\"Promotional covered pocket memo pad cm 8x13 with index\",\"breadcrumb\":{\"@id\":\"https:\\\/\\\/proramillenote.it\\\/fr\\\/mini-moniteur-memotack-avec-indicateurs-de-page-sku-329\\\/#breadcrumb\"},\"inLanguage\":\"fr-FR\",\"potentialAction\":[{\"@type\":\"ReadAction\",\"target\":[\"https:\\\/\\\/proramillenote.it\\\/fr\\\/mini-moniteur-memotack-avec-indicateurs-de-page-sku-329\\\/\"]}]},{\"@type\":\"ImageObject\",\"inLanguage\":\"fr-FR\",\"@id\":\"https:\\\/\\\/proramillenote.it\\\/fr\\\/mini-moniteur-memotack-avec-indicateurs-de-page-sku-329\\\/#primaryimage\",\"url\":\"https:\\\/\\\/proramillenote.it\\\/wp-content\\\/uploads\\\/2018\\\/07\\\/products-MemotackMonitor.png?wsr\",\"contentUrl\":\"https:\\\/\\\/proramillenote.it\\\/wp-content\\\/uploads\\\/2018\\\/07\\\/products-MemotackMonitor.png?wsr\",\"width\":600,\"height\":600},{\"@type\":\"BreadcrumbList\",\"@id\":\"https:\\\/\\\/proramillenote.it\\\/fr\\\/mini-moniteur-memotack-avec-indicateurs-de-page-sku-329\\\/#breadcrumb\",\"itemListElement\":[{\"@type\":\"ListItem\",\"position\":1,\"name\":\"Proramillenote\",\"item\":\"https:\\\/\\\/proramillenote.it\\\/fr\\\/\"},{\"@type\":\"ListItem\",\"position\":2,\"name\":\"Mini moniteur MEMOTACK avec indicateurs de page\"}]},{\"@type\":\"WebSite\",\"@id\":\"https:\\\/\\\/proramillenote.it\\\/fr\\\/#website\",\"url\":\"https:\\\/\\\/proramillenote.it\\\/fr\\\/\",\"name\":\"Proramillenote gadget aziendali e post-it personalizzati\",\"description\":\"Post-it personalizzati, block notes con logo e gadget aziendali per il marketing B2B. Specialisti in gadget promozionali per medici e aziende farmaceutiche.\",\"publisher\":{\"@id\":\"https:\\\/\\\/proramillenote.it\\\/fr\\\/#organization\"},\"alternateName\":\"Proramillenote\",\"potentialAction\":[{\"@type\":\"SearchAction\",\"target\":{\"@type\":\"EntryPoint\",\"urlTemplate\":\"https:\\\/\\\/proramillenote.it\\\/fr\\\/?s={search_term_string}\"},\"query-input\":{\"@type\":\"PropertyValueSpecification\",\"valueRequired\":true,\"valueName\":\"search_term_string\"}}],\"inLanguage\":\"fr-FR\"},{\"@type\":\"Organization\",\"@id\":\"https:\\\/\\\/proramillenote.it\\\/fr\\\/#organization\",\"name\":\"Proramillenote gadgets d\u2019entreprise et post-it personnalis\u00e9s\",\"alternateName\":\"Proramillenote\",\"url\":\"https:\\\/\\\/proramillenote.it\\\/fr\\\/\",\"logo\":{\"@type\":\"ImageObject\",\"inLanguage\":\"fr-FR\",\"@id\":\"https:\\\/\\\/proramillenote.it\\\/fr\\\/#\\\/schema\\\/logo\\\/image\\\/\",\"url\":\"https:\\\/\\\/proramillenote.it\\\/wp-content\\\/uploads\\\/papercube800.png?wsr\",\"contentUrl\":\"https:\\\/\\\/proramillenote.it\\\/wp-content\\\/uploads\\\/papercube800.png?wsr\",\"width\":800,\"height\":800,\"caption\":\"Proramillenote gadgets d\u2019entreprise et post-it personnalis\u00e9s\"},\"image\":{\"@id\":\"https:\\\/\\\/proramillenote.it\\\/fr\\\/#\\\/schema\\\/logo\\\/image\\\/\"},\"description\":\"\u2022 Specialista in produzione e commercio di gadget per medici e gadget per veterinari personalizzati. \u2022 Produzione di gadget aziendali per qualsiasi settore merceologico dal 1975. \u2022 Produttore di post-it personalizzati, post-it sagomati e cubi di carta personalizzati in stampa digitale oppure offset. Produttore di block-notes con logo. \u2022 Con cartotecnica creativa progettiamo KIT di post-it su misura, Made in Italy e di design italiano, insigniti del prestigioso premio europeo PGA Promotional Gift Award. \u2022 Concorso #Ossoduro \\\"Design di brand reminder da scrivania innovativi\\\" concepito per incoraggiare la creativit\u00e0 degli studenti di scuole secondarie di design e grafica. Annuale - Ed.7\u00b0 2024-2025. \u2022 Proramillenote \u00e8 produttore accreditato EUDAMED per la fornitura di DMClasse I \u2022 Proramillenote \u00e8 certificata FSC\u00ae Chain of custody.\",\"email\":\"customercare@proramillenote.it\",\"telephone\":\"+39 039616593\",\"legalName\":\"Proramillenote Srl\",\"foundingDate\":\"1972-01-01\",\"vatID\":\"10323920966\",\"taxID\":\"10323920966\",\"numberOfEmployees\":{\"@type\":\"QuantitativeValue\",\"minValue\":\"11\",\"maxValue\":\"50\"},\"publishingPrinciples\":\"https:\\\/\\\/proramillenote.it\\\/politica-su-etica\\\/\",\"ownershipFundingInfo\":\"https:\\\/\\\/proramillenote.it\\\/politica-su-etica\\\/\",\"actionableFeedbackPolicy\":\"https:\\\/\\\/proramillenote.it\\\/politica-su-etica\\\/\",\"correctionsPolicy\":\"https:\\\/\\\/proramillenote.it\\\/politica-su-etica\\\/\",\"ethicsPolicy\":\"https:\\\/\\\/proramillenote.it\\\/politica-su-etica\\\/\",\"diversityPolicy\":\"https:\\\/\\\/proramillenote.it\\\/politica-su-etica\\\/\",\"diversityStaffingReport\":\"https:\\\/\\\/proramillenote.it\\\/politica-su-etica\\\/\"}]}<\/script>\n<meta property=\"product:brand\" content=\"Fabricant Proramillenote\" \/>\n<meta property=\"og:availability\" content=\"instock\" \/>\n<meta property=\"product:availability\" content=\"instock\" \/>\n<meta property=\"product:retailer_item_id\" content=\"329\" \/>\n<meta property=\"product:condition\" content=\"new\" \/>\n<!-- \/ Yoast SEO Premium plugin. -->","yoast_head_json":{"title":"Promotional covered pocket memo pad with index","description":"Promotional covered pocket memo pad cm 8x13 with index","robots":{"index":"index","follow":"follow","max-snippet":"max-snippet:-1","max-image-preview":"max-image-preview:large","max-video-preview":"max-video-preview:-1"},"canonical":"https:\/\/proramillenote.it\/fr\/mini-moniteur-memotack-avec-indicateurs-de-page-sku-329\/","og_locale":"fr_FR","og_type":"article","og_title":"Promotional covered pocket memo pad with index","og_description":"Promotional covered pocket memo pad cm 8x13 with index","og_url":"https:\/\/proramillenote.it\/fr\/mini-moniteur-memotack-avec-indicateurs-de-page-sku-329\/","og_site_name":"Gadgets d\u2019entreprise et post-it personnalis\u00e9s","article_modified_time":"2024-07-15T09:45:33+00:00","og_image":[{"width":600,"height":600,"url":"https:\/\/proramillenote.it\/wp-content\/uploads\/2018\/07\/products-MemotackMonitor.png","type":"image\/jpeg"}],"twitter_card":"summary_large_image","schema":{"@context":"https:\/\/schema.org","@graph":[{"@type":"WebPage","@id":"https:\/\/proramillenote.it\/fr\/mini-moniteur-memotack-avec-indicateurs-de-page-sku-329\/","url":"https:\/\/proramillenote.it\/fr\/mini-moniteur-memotack-avec-indicateurs-de-page-sku-329\/","name":"Promotional covered pocket memo pad with index","isPartOf":{"@id":"https:\/\/proramillenote.it\/fr\/#website"},"primaryImageOfPage":{"@id":"https:\/\/proramillenote.it\/fr\/mini-moniteur-memotack-avec-indicateurs-de-page-sku-329\/#primaryimage"},"image":{"@id":"https:\/\/proramillenote.it\/fr\/mini-moniteur-memotack-avec-indicateurs-de-page-sku-329\/#primaryimage"},"thumbnailUrl":"https:\/\/proramillenote.it\/wp-content\/uploads\/2018\/07\/products-MemotackMonitor.png?wsr","datePublished":"2017-03-08T11:53:31+00:00","dateModified":"2024-07-15T09:45:33+00:00","description":"Promotional covered pocket memo pad cm 8x13 with index","breadcrumb":{"@id":"https:\/\/proramillenote.it\/fr\/mini-moniteur-memotack-avec-indicateurs-de-page-sku-329\/#breadcrumb"},"inLanguage":"fr-FR","potentialAction":[{"@type":"ReadAction","target":["https:\/\/proramillenote.it\/fr\/mini-moniteur-memotack-avec-indicateurs-de-page-sku-329\/"]}]},{"@type":"ImageObject","inLanguage":"fr-FR","@id":"https:\/\/proramillenote.it\/fr\/mini-moniteur-memotack-avec-indicateurs-de-page-sku-329\/#primaryimage","url":"https:\/\/proramillenote.it\/wp-content\/uploads\/2018\/07\/products-MemotackMonitor.png?wsr","contentUrl":"https:\/\/proramillenote.it\/wp-content\/uploads\/2018\/07\/products-MemotackMonitor.png?wsr","width":600,"height":600},{"@type":"BreadcrumbList","@id":"https:\/\/proramillenote.it\/fr\/mini-moniteur-memotack-avec-indicateurs-de-page-sku-329\/#breadcrumb","itemListElement":[{"@type":"ListItem","position":1,"name":"Proramillenote","item":"https:\/\/proramillenote.it\/fr\/"},{"@type":"ListItem","position":2,"name":"Mini moniteur MEMOTACK avec indicateurs de page"}]},{"@type":"WebSite","@id":"https:\/\/proramillenote.it\/fr\/#website","url":"https:\/\/proramillenote.it\/fr\/","name":"Proramillenote gadget aziendali e post-it personalizzati","description":"Post-it personalizzati, block notes con logo e gadget aziendali per il marketing B2B. Specialisti in gadget promozionali per medici e aziende farmaceutiche.","publisher":{"@id":"https:\/\/proramillenote.it\/fr\/#organization"},"alternateName":"Proramillenote","potentialAction":[{"@type":"SearchAction","target":{"@type":"EntryPoint","urlTemplate":"https:\/\/proramillenote.it\/fr\/?s={search_term_string}"},"query-input":{"@type":"PropertyValueSpecification","valueRequired":true,"valueName":"search_term_string"}}],"inLanguage":"fr-FR"},{"@type":"Organization","@id":"https:\/\/proramillenote.it\/fr\/#organization","name":"Proramillenote gadgets d\u2019entreprise et post-it personnalis\u00e9s","alternateName":"Proramillenote","url":"https:\/\/proramillenote.it\/fr\/","logo":{"@type":"ImageObject","inLanguage":"fr-FR","@id":"https:\/\/proramillenote.it\/fr\/#\/schema\/logo\/image\/","url":"https:\/\/proramillenote.it\/wp-content\/uploads\/papercube800.png?wsr","contentUrl":"https:\/\/proramillenote.it\/wp-content\/uploads\/papercube800.png?wsr","width":800,"height":800,"caption":"Proramillenote gadgets d\u2019entreprise et post-it personnalis\u00e9s"},"image":{"@id":"https:\/\/proramillenote.it\/fr\/#\/schema\/logo\/image\/"},"description":"\u2022 Specialista in produzione e commercio di gadget per medici e gadget per veterinari personalizzati. \u2022 Produzione di gadget aziendali per qualsiasi settore merceologico dal 1975. \u2022 Produttore di post-it personalizzati, post-it sagomati e cubi di carta personalizzati in stampa digitale oppure offset. Produttore di block-notes con logo. \u2022 Con cartotecnica creativa progettiamo KIT di post-it su misura, Made in Italy e di design italiano, insigniti del prestigioso premio europeo PGA Promotional Gift Award. \u2022 Concorso #Ossoduro \"Design di brand reminder da scrivania innovativi\" concepito per incoraggiare la creativit\u00e0 degli studenti di scuole secondarie di design e grafica. Annuale - Ed.7\u00b0 2024-2025. \u2022 Proramillenote \u00e8 produttore accreditato EUDAMED per la fornitura di DMClasse I \u2022 Proramillenote \u00e8 certificata FSC\u00ae Chain of custody.","email":"customercare@proramillenote.it","telephone":"+39 039616593","legalName":"Proramillenote Srl","foundingDate":"1972-01-01","vatID":"10323920966","taxID":"10323920966","numberOfEmployees":{"@type":"QuantitativeValue","minValue":"11","maxValue":"50"},"publishingPrinciples":"https:\/\/proramillenote.it\/politica-su-etica\/","ownershipFundingInfo":"https:\/\/proramillenote.it\/politica-su-etica\/","actionableFeedbackPolicy":"https:\/\/proramillenote.it\/politica-su-etica\/","correctionsPolicy":"https:\/\/proramillenote.it\/politica-su-etica\/","ethicsPolicy":"https:\/\/proramillenote.it\/politica-su-etica\/","diversityPolicy":"https:\/\/proramillenote.it\/politica-su-etica\/","diversityStaffingReport":"https:\/\/proramillenote.it\/politica-su-etica\/"}]},"product_brand":"Fabricant Proramillenote","og_availability":"instock","product_availability":"instock","product_retailer_item_id":"329","product_condition":"new"},"_links":{"self":[{"href":"https:\/\/proramillenote.it\/fr\/wp-json\/wp\/v2\/product\/16352","targetHints":{"allow":["GET"]}}],"collection":[{"href":"https:\/\/proramillenote.it\/fr\/wp-json\/wp\/v2\/product"}],"about":[{"href":"https:\/\/proramillenote.it\/fr\/wp-json\/wp\/v2\/types\/product"}],"version-history":[{"count":0,"href":"https:\/\/proramillenote.it\/fr\/wp-json\/wp\/v2\/product\/16352\/revisions"}],"wp:featuredmedia":[{"embeddable":true,"href":"https:\/\/proramillenote.it\/fr\/wp-json\/wp\/v2\/media\/16353"}],"wp:attachment":[{"href":"https:\/\/proramillenote.it\/fr\/wp-json\/wp\/v2\/media?parent=16352"}],"wp:term":[{"taxonomy":"product_brand","embeddable":true,"href":"https:\/\/proramillenote.it\/fr\/wp-json\/wp\/v2\/product_brand?post=16352"},{"taxonomy":"product_cat","embeddable":true,"href":"https:\/\/proramillenote.it\/fr\/wp-json\/wp\/v2\/product_cat?post=16352"},{"taxonomy":"product_tag","embeddable":true,"href":"https:\/\/proramillenote.it\/fr\/wp-json\/wp\/v2\/product_tag?post=16352"}],"curies":[{"name":"wp","href":"https:\/\/api.w.org\/{rel}","templated":true}]}}