{"id":16355,"date":"2017-03-14T13:50:37","date_gmt":"2017-03-14T12:50:37","guid":{"rendered":"https:\/\/staging.proramillenote.it\/gadget\/sottomano-elettrosaldato-con-tasca\/"},"modified":"2024-07-15T11:56:46","modified_gmt":"2024-07-15T09:56:46","slug":"sottomano-elettrosaldato-tasca-stampa-logo-sku338","status":"publish","type":"product","link":"https:\/\/proramillenote.it\/fr\/sottomano-elettrosaldato-tasca-stampa-logo-sku338\/","title":{"rendered":"Sous-main \u00e9lectrosoud\u00e9 avec poche"},"content":{"rendered":"<p>Sous-main, prot\u00e8ge-bureau personnalis\u00e9, tiroir de aisse grand format ou tapis de souris g\u00e9ant. Gr\u00e2ce \u00e0 sa taille g\u00e9n\u00e9reuse, il convient \u00e0 l&rsquo;impression du calendrier annuel (voir galerie de photos).<\/p>\n<p><strong>Mat\u00e9riau de surface:<\/strong> PVC transparent gaufr\u00e9<br \/>\n<strong>Mat\u00e9riau du support:<\/strong> base en mousse gris clair mm 2<br \/>\n<strong>Graphique:<\/strong> insert en papier imprim\u00e9 ou impression directe sur PVC<br \/>\n<strong>Format:<\/strong> cm 33&#215;44<\/p>\n<p><strong>Personnalisation:<\/strong><br \/>\n&#8211; impression en quadri des graphiques (insert papier)<br \/>\n&#8211; pochette arri\u00e8re (facultative) dans Kristal pour ins\u00e9rer la fiche technique,<br \/>\n&#8211; avec un rabat en PVC gaufr\u00e9 de 0,30 mm qui peut \u00eatre soulev\u00e9 pour ins\u00e9rer des m\u00e9mos, des photos, des notes.<\/p>\n<p><strong>Emballage<\/strong><br \/>\nPas d&#8217;emballage individuel<br \/>\nEmballage dans des bo\u00eetes en carton<\/p>\n<h6>Quantit\u00e9 minimale pour la production<br \/>\n&#8211; 500 pi\u00e8ces avec insert papier personnalis\u00e9<br \/>\n&#8211; 1 000 pi\u00e8ces avec impression offset directe sur PVC.<\/h6>\n","protected":false},"excerpt":{"rendered":"<p>Sous-main en PVC \u00e9lectrosoud\u00e9 avec couverture de poche transparente et personnalis\u00e9e. Poche optionnelle dans le dos.<\/p>\n","protected":false},"featured_media":16356,"template":"","meta":[],"product_brand":[5132],"product_cat":[128,202,298],"product_tag":[],"class_list":{"0":"post-16355","1":"product","2":"type-product","3":"status-publish","4":"has-post-thumbnail","6":"product_brand-produzione-proramillenote","7":"product_cat-scrivania-del-medico-gadget-medici-pharma","8":"product_cat-farmacia-adv-gadget-personalizzati-dottore-farmacista","9":"product_cat-mousepad-giganti-sottomano-da-tavolo-personalizzati-con-logo-aziendale","10":"pa_stampa-fogli-carta-usomano-1-col-carta-um","11":"pa_stampa-fogli-carta-usomano-2-col-carta-um","12":"pa_stampa-fogli-carta-usomano-3-col-carta-um","13":"pa_stampa-fogli-carta-usomano-4-col-carta-um","14":"pa_stampa-fogli-carta-usomano-quadri-carta-um","15":"pa_stampa-su-pvc-1-colore-su-pvc","16":"pa_stampa-su-pvc-2-colori-su-pvc","17":"pa_stampa-su-pvc-3-colori-su-pvc","18":"pa_stampa-su-pvc-4-colori-su-pvc","19":"pa_stampa-su-pvc-nessuna-stampa-su-pvc","21":"first","22":"instock","23":"purchasable","24":"product-type-variable","25":"has-default-attributes"},"yoast_head":"<!-- This site is optimized with the Yoast SEO Premium plugin v27.3 (Yoast SEO v27.3) - https:\/\/yoast.com\/product\/yoast-seo-premium-wordpress\/ -->\n<title>Customised desk pad, bespoke desk-protect or giant mouse pad<\/title>\n<meta name=\"description\" content=\"Customised desk pad, bespoke desk-protect or giant mouse pad. Taylor made. Direct production. Bespoke creations on request\" \/>\n<meta name=\"robots\" content=\"index, follow, max-snippet:-1, max-image-preview:large, max-video-preview:-1\" \/>\n<link rel=\"canonical\" href=\"https:\/\/proramillenote.it\/fr\/sottomano-elettrosaldato-tasca-stampa-logo-sku338\/\" \/>\n<meta property=\"og:locale\" content=\"fr_FR\" \/>\n<meta property=\"og:type\" content=\"article\" \/>\n<meta property=\"og:title\" content=\"Customised desk pad, bespoke desk-protect or giant mouse pad\" \/>\n<meta property=\"og:description\" content=\"Customised desk pad, bespoke desk-protect or giant mouse pad. Taylor made. Direct production. Bespoke creations on request\" \/>\n<meta property=\"og:url\" content=\"https:\/\/proramillenote.it\/fr\/sottomano-elettrosaldato-tasca-stampa-logo-sku338\/\" \/>\n<meta property=\"og:site_name\" content=\"Gadgets d\u2019entreprise et post-it personnalis\u00e9s\" \/>\n<meta property=\"article:modified_time\" content=\"2024-07-15T09:56:46+00:00\" \/>\n<meta property=\"og:image\" content=\"https:\/\/proramillenote.it\/wp-content\/uploads\/2018\/09\/products-SottomanoFluspiralOpenjpg7.jpg\" \/>\n\t<meta property=\"og:image:width\" content=\"600\" \/>\n\t<meta property=\"og:image:height\" content=\"600\" \/>\n\t<meta property=\"og:image:type\" content=\"image\/jpeg\" \/>\n<meta name=\"twitter:card\" content=\"summary_large_image\" \/>\n<script type=\"application\/ld+json\" class=\"yoast-schema-graph\">{\"@context\":\"https:\\\/\\\/schema.org\",\"@graph\":[{\"@type\":\"WebPage\",\"@id\":\"https:\\\/\\\/proramillenote.it\\\/fr\\\/sottomano-elettrosaldato-tasca-stampa-logo-sku338\\\/\",\"url\":\"https:\\\/\\\/proramillenote.it\\\/fr\\\/sottomano-elettrosaldato-tasca-stampa-logo-sku338\\\/\",\"name\":\"Customised desk pad, bespoke desk-protect or giant mouse pad\",\"isPartOf\":{\"@id\":\"https:\\\/\\\/proramillenote.it\\\/fr\\\/#website\"},\"primaryImageOfPage\":{\"@id\":\"https:\\\/\\\/proramillenote.it\\\/fr\\\/sottomano-elettrosaldato-tasca-stampa-logo-sku338\\\/#primaryimage\"},\"image\":{\"@id\":\"https:\\\/\\\/proramillenote.it\\\/fr\\\/sottomano-elettrosaldato-tasca-stampa-logo-sku338\\\/#primaryimage\"},\"thumbnailUrl\":\"https:\\\/\\\/proramillenote.it\\\/wp-content\\\/uploads\\\/2018\\\/09\\\/products-SottomanoFluspiralOpenjpg7.jpg?wsr\",\"datePublished\":\"2017-03-14T12:50:37+00:00\",\"dateModified\":\"2024-07-15T09:56:46+00:00\",\"description\":\"Customised desk pad, bespoke desk-protect or giant mouse pad. Taylor made. Direct production. Bespoke creations on request\",\"breadcrumb\":{\"@id\":\"https:\\\/\\\/proramillenote.it\\\/fr\\\/sottomano-elettrosaldato-tasca-stampa-logo-sku338\\\/#breadcrumb\"},\"inLanguage\":\"fr-FR\",\"potentialAction\":[{\"@type\":\"ReadAction\",\"target\":[\"https:\\\/\\\/proramillenote.it\\\/fr\\\/sottomano-elettrosaldato-tasca-stampa-logo-sku338\\\/\"]}]},{\"@type\":\"ImageObject\",\"inLanguage\":\"fr-FR\",\"@id\":\"https:\\\/\\\/proramillenote.it\\\/fr\\\/sottomano-elettrosaldato-tasca-stampa-logo-sku338\\\/#primaryimage\",\"url\":\"https:\\\/\\\/proramillenote.it\\\/wp-content\\\/uploads\\\/2018\\\/09\\\/products-SottomanoFluspiralOpenjpg7.jpg?wsr\",\"contentUrl\":\"https:\\\/\\\/proramillenote.it\\\/wp-content\\\/uploads\\\/2018\\\/09\\\/products-SottomanoFluspiralOpenjpg7.jpg?wsr\",\"width\":600,\"height\":600,\"caption\":\"Note Magn\u00e9tique Fluspiral Serenel\"},{\"@type\":\"BreadcrumbList\",\"@id\":\"https:\\\/\\\/proramillenote.it\\\/fr\\\/sottomano-elettrosaldato-tasca-stampa-logo-sku338\\\/#breadcrumb\",\"itemListElement\":[{\"@type\":\"ListItem\",\"position\":1,\"name\":\"Proramillenote\",\"item\":\"https:\\\/\\\/proramillenote.it\\\/fr\\\/\"},{\"@type\":\"ListItem\",\"position\":2,\"name\":\"Sous-main \u00e9lectrosoud\u00e9 avec poche\"}]},{\"@type\":\"WebSite\",\"@id\":\"https:\\\/\\\/proramillenote.it\\\/fr\\\/#website\",\"url\":\"https:\\\/\\\/proramillenote.it\\\/fr\\\/\",\"name\":\"Proramillenote gadget aziendali e post-it personalizzati\",\"description\":\"Post-it personalizzati, block notes con logo e gadget aziendali per il marketing B2B. Specialisti in gadget promozionali per medici e aziende farmaceutiche.\",\"publisher\":{\"@id\":\"https:\\\/\\\/proramillenote.it\\\/fr\\\/#organization\"},\"alternateName\":\"Proramillenote\",\"potentialAction\":[{\"@type\":\"SearchAction\",\"target\":{\"@type\":\"EntryPoint\",\"urlTemplate\":\"https:\\\/\\\/proramillenote.it\\\/fr\\\/?s={search_term_string}\"},\"query-input\":{\"@type\":\"PropertyValueSpecification\",\"valueRequired\":true,\"valueName\":\"search_term_string\"}}],\"inLanguage\":\"fr-FR\"},{\"@type\":\"Organization\",\"@id\":\"https:\\\/\\\/proramillenote.it\\\/fr\\\/#organization\",\"name\":\"Proramillenote gadgets d\u2019entreprise et post-it personnalis\u00e9s\",\"alternateName\":\"Proramillenote\",\"url\":\"https:\\\/\\\/proramillenote.it\\\/fr\\\/\",\"logo\":{\"@type\":\"ImageObject\",\"inLanguage\":\"fr-FR\",\"@id\":\"https:\\\/\\\/proramillenote.it\\\/fr\\\/#\\\/schema\\\/logo\\\/image\\\/\",\"url\":\"https:\\\/\\\/proramillenote.it\\\/wp-content\\\/uploads\\\/papercube800.png?wsr\",\"contentUrl\":\"https:\\\/\\\/proramillenote.it\\\/wp-content\\\/uploads\\\/papercube800.png?wsr\",\"width\":800,\"height\":800,\"caption\":\"Proramillenote gadgets d\u2019entreprise et post-it personnalis\u00e9s\"},\"image\":{\"@id\":\"https:\\\/\\\/proramillenote.it\\\/fr\\\/#\\\/schema\\\/logo\\\/image\\\/\"},\"description\":\"\u2022 Specialista in produzione e commercio di gadget per medici e gadget per veterinari personalizzati. \u2022 Produzione di gadget aziendali per qualsiasi settore merceologico dal 1975. \u2022 Produttore di post-it personalizzati, post-it sagomati e cubi di carta personalizzati in stampa digitale oppure offset. Produttore di block-notes con logo. \u2022 Con cartotecnica creativa progettiamo KIT di post-it su misura, Made in Italy e di design italiano, insigniti del prestigioso premio europeo PGA Promotional Gift Award. \u2022 Concorso #Ossoduro \\\"Design di brand reminder da scrivania innovativi\\\" concepito per incoraggiare la creativit\u00e0 degli studenti di scuole secondarie di design e grafica. Annuale - Ed.7\u00b0 2024-2025. \u2022 Proramillenote \u00e8 produttore accreditato EUDAMED per la fornitura di DMClasse I \u2022 Proramillenote \u00e8 certificata FSC\u00ae Chain of custody.\",\"email\":\"customercare@proramillenote.it\",\"telephone\":\"+39 039616593\",\"legalName\":\"Proramillenote Srl\",\"foundingDate\":\"1972-01-01\",\"vatID\":\"10323920966\",\"taxID\":\"10323920966\",\"numberOfEmployees\":{\"@type\":\"QuantitativeValue\",\"minValue\":\"11\",\"maxValue\":\"50\"},\"publishingPrinciples\":\"https:\\\/\\\/proramillenote.it\\\/politica-su-etica\\\/\",\"ownershipFundingInfo\":\"https:\\\/\\\/proramillenote.it\\\/politica-su-etica\\\/\",\"actionableFeedbackPolicy\":\"https:\\\/\\\/proramillenote.it\\\/politica-su-etica\\\/\",\"correctionsPolicy\":\"https:\\\/\\\/proramillenote.it\\\/politica-su-etica\\\/\",\"ethicsPolicy\":\"https:\\\/\\\/proramillenote.it\\\/politica-su-etica\\\/\",\"diversityPolicy\":\"https:\\\/\\\/proramillenote.it\\\/politica-su-etica\\\/\",\"diversityStaffingReport\":\"https:\\\/\\\/proramillenote.it\\\/politica-su-etica\\\/\"}]}<\/script>\n<meta property=\"product:brand\" content=\"Proramillenote\" \/>\n<meta property=\"og:availability\" content=\"instock\" \/>\n<meta property=\"product:availability\" content=\"instock\" \/>\n<meta property=\"product:retailer_item_id\" content=\"338\" \/>\n<meta property=\"product:condition\" content=\"new\" \/>\n<!-- \/ Yoast SEO Premium plugin. -->","yoast_head_json":{"title":"Customised desk pad, bespoke desk-protect or giant mouse pad","description":"Customised desk pad, bespoke desk-protect or giant mouse pad. Taylor made. Direct production. Bespoke creations on request","robots":{"index":"index","follow":"follow","max-snippet":"max-snippet:-1","max-image-preview":"max-image-preview:large","max-video-preview":"max-video-preview:-1"},"canonical":"https:\/\/proramillenote.it\/fr\/sottomano-elettrosaldato-tasca-stampa-logo-sku338\/","og_locale":"fr_FR","og_type":"article","og_title":"Customised desk pad, bespoke desk-protect or giant mouse pad","og_description":"Customised desk pad, bespoke desk-protect or giant mouse pad. Taylor made. Direct production. Bespoke creations on request","og_url":"https:\/\/proramillenote.it\/fr\/sottomano-elettrosaldato-tasca-stampa-logo-sku338\/","og_site_name":"Gadgets d\u2019entreprise et post-it personnalis\u00e9s","article_modified_time":"2024-07-15T09:56:46+00:00","og_image":[{"width":600,"height":600,"url":"https:\/\/proramillenote.it\/wp-content\/uploads\/2018\/09\/products-SottomanoFluspiralOpenjpg7.jpg","type":"image\/jpeg"}],"twitter_card":"summary_large_image","schema":{"@context":"https:\/\/schema.org","@graph":[{"@type":"WebPage","@id":"https:\/\/proramillenote.it\/fr\/sottomano-elettrosaldato-tasca-stampa-logo-sku338\/","url":"https:\/\/proramillenote.it\/fr\/sottomano-elettrosaldato-tasca-stampa-logo-sku338\/","name":"Customised desk pad, bespoke desk-protect or giant mouse pad","isPartOf":{"@id":"https:\/\/proramillenote.it\/fr\/#website"},"primaryImageOfPage":{"@id":"https:\/\/proramillenote.it\/fr\/sottomano-elettrosaldato-tasca-stampa-logo-sku338\/#primaryimage"},"image":{"@id":"https:\/\/proramillenote.it\/fr\/sottomano-elettrosaldato-tasca-stampa-logo-sku338\/#primaryimage"},"thumbnailUrl":"https:\/\/proramillenote.it\/wp-content\/uploads\/2018\/09\/products-SottomanoFluspiralOpenjpg7.jpg?wsr","datePublished":"2017-03-14T12:50:37+00:00","dateModified":"2024-07-15T09:56:46+00:00","description":"Customised desk pad, bespoke desk-protect or giant mouse pad. Taylor made. Direct production. Bespoke creations on request","breadcrumb":{"@id":"https:\/\/proramillenote.it\/fr\/sottomano-elettrosaldato-tasca-stampa-logo-sku338\/#breadcrumb"},"inLanguage":"fr-FR","potentialAction":[{"@type":"ReadAction","target":["https:\/\/proramillenote.it\/fr\/sottomano-elettrosaldato-tasca-stampa-logo-sku338\/"]}]},{"@type":"ImageObject","inLanguage":"fr-FR","@id":"https:\/\/proramillenote.it\/fr\/sottomano-elettrosaldato-tasca-stampa-logo-sku338\/#primaryimage","url":"https:\/\/proramillenote.it\/wp-content\/uploads\/2018\/09\/products-SottomanoFluspiralOpenjpg7.jpg?wsr","contentUrl":"https:\/\/proramillenote.it\/wp-content\/uploads\/2018\/09\/products-SottomanoFluspiralOpenjpg7.jpg?wsr","width":600,"height":600,"caption":"Note Magn\u00e9tique Fluspiral Serenel"},{"@type":"BreadcrumbList","@id":"https:\/\/proramillenote.it\/fr\/sottomano-elettrosaldato-tasca-stampa-logo-sku338\/#breadcrumb","itemListElement":[{"@type":"ListItem","position":1,"name":"Proramillenote","item":"https:\/\/proramillenote.it\/fr\/"},{"@type":"ListItem","position":2,"name":"Sous-main \u00e9lectrosoud\u00e9 avec poche"}]},{"@type":"WebSite","@id":"https:\/\/proramillenote.it\/fr\/#website","url":"https:\/\/proramillenote.it\/fr\/","name":"Proramillenote gadget aziendali e post-it personalizzati","description":"Post-it personalizzati, block notes con logo e gadget aziendali per il marketing B2B. Specialisti in gadget promozionali per medici e aziende farmaceutiche.","publisher":{"@id":"https:\/\/proramillenote.it\/fr\/#organization"},"alternateName":"Proramillenote","potentialAction":[{"@type":"SearchAction","target":{"@type":"EntryPoint","urlTemplate":"https:\/\/proramillenote.it\/fr\/?s={search_term_string}"},"query-input":{"@type":"PropertyValueSpecification","valueRequired":true,"valueName":"search_term_string"}}],"inLanguage":"fr-FR"},{"@type":"Organization","@id":"https:\/\/proramillenote.it\/fr\/#organization","name":"Proramillenote gadgets d\u2019entreprise et post-it personnalis\u00e9s","alternateName":"Proramillenote","url":"https:\/\/proramillenote.it\/fr\/","logo":{"@type":"ImageObject","inLanguage":"fr-FR","@id":"https:\/\/proramillenote.it\/fr\/#\/schema\/logo\/image\/","url":"https:\/\/proramillenote.it\/wp-content\/uploads\/papercube800.png?wsr","contentUrl":"https:\/\/proramillenote.it\/wp-content\/uploads\/papercube800.png?wsr","width":800,"height":800,"caption":"Proramillenote gadgets d\u2019entreprise et post-it personnalis\u00e9s"},"image":{"@id":"https:\/\/proramillenote.it\/fr\/#\/schema\/logo\/image\/"},"description":"\u2022 Specialista in produzione e commercio di gadget per medici e gadget per veterinari personalizzati. \u2022 Produzione di gadget aziendali per qualsiasi settore merceologico dal 1975. \u2022 Produttore di post-it personalizzati, post-it sagomati e cubi di carta personalizzati in stampa digitale oppure offset. Produttore di block-notes con logo. \u2022 Con cartotecnica creativa progettiamo KIT di post-it su misura, Made in Italy e di design italiano, insigniti del prestigioso premio europeo PGA Promotional Gift Award. \u2022 Concorso #Ossoduro \"Design di brand reminder da scrivania innovativi\" concepito per incoraggiare la creativit\u00e0 degli studenti di scuole secondarie di design e grafica. Annuale - Ed.7\u00b0 2024-2025. \u2022 Proramillenote \u00e8 produttore accreditato EUDAMED per la fornitura di DMClasse I \u2022 Proramillenote \u00e8 certificata FSC\u00ae Chain of custody.","email":"customercare@proramillenote.it","telephone":"+39 039616593","legalName":"Proramillenote Srl","foundingDate":"1972-01-01","vatID":"10323920966","taxID":"10323920966","numberOfEmployees":{"@type":"QuantitativeValue","minValue":"11","maxValue":"50"},"publishingPrinciples":"https:\/\/proramillenote.it\/politica-su-etica\/","ownershipFundingInfo":"https:\/\/proramillenote.it\/politica-su-etica\/","actionableFeedbackPolicy":"https:\/\/proramillenote.it\/politica-su-etica\/","correctionsPolicy":"https:\/\/proramillenote.it\/politica-su-etica\/","ethicsPolicy":"https:\/\/proramillenote.it\/politica-su-etica\/","diversityPolicy":"https:\/\/proramillenote.it\/politica-su-etica\/","diversityStaffingReport":"https:\/\/proramillenote.it\/politica-su-etica\/"}]},"product_brand":"Proramillenote","og_availability":"instock","product_availability":"instock","product_retailer_item_id":"338","product_condition":"new"},"_links":{"self":[{"href":"https:\/\/proramillenote.it\/fr\/wp-json\/wp\/v2\/product\/16355","targetHints":{"allow":["GET"]}}],"collection":[{"href":"https:\/\/proramillenote.it\/fr\/wp-json\/wp\/v2\/product"}],"about":[{"href":"https:\/\/proramillenote.it\/fr\/wp-json\/wp\/v2\/types\/product"}],"version-history":[{"count":0,"href":"https:\/\/proramillenote.it\/fr\/wp-json\/wp\/v2\/product\/16355\/revisions"}],"wp:featuredmedia":[{"embeddable":true,"href":"https:\/\/proramillenote.it\/fr\/wp-json\/wp\/v2\/media\/16356"}],"wp:attachment":[{"href":"https:\/\/proramillenote.it\/fr\/wp-json\/wp\/v2\/media?parent=16355"}],"wp:term":[{"taxonomy":"product_brand","embeddable":true,"href":"https:\/\/proramillenote.it\/fr\/wp-json\/wp\/v2\/product_brand?post=16355"},{"taxonomy":"product_cat","embeddable":true,"href":"https:\/\/proramillenote.it\/fr\/wp-json\/wp\/v2\/product_cat?post=16355"},{"taxonomy":"product_tag","embeddable":true,"href":"https:\/\/proramillenote.it\/fr\/wp-json\/wp\/v2\/product_tag?post=16355"}],"curies":[{"name":"wp","href":"https:\/\/api.w.org\/{rel}","templated":true}]}}