{"id":16410,"date":"2017-07-04T14:15:51","date_gmt":"2017-07-04T12:15:51","guid":{"rendered":"https:\/\/staging.proramillenote.it\/gadget\/segnapagina-di-carta-personalizzati-con-copertina\/"},"modified":"2024-07-15T11:44:53","modified_gmt":"2024-07-15T09:44:53","slug":"segnapagina-carta-personalizzati-copertina-stampa-logo-sku391","status":"publish","type":"product","link":"https:\/\/proramillenote.it\/fr\/segnapagina-carta-personalizzati-copertina-stampa-logo-sku391\/","title":{"rendered":"Marque-page en papier avec couverture &#8211;"},"content":{"rendered":"<p>Le kit de marqueurs de page en papier adh\u00e9sif Post-it propose 8 paquets de 20 marqueurs de page chacun qui peuvent \u00eatre \u00e9crits et repositionn\u00e9s.<br \/>\nGadget id\u00e9al pour les besoins publicitaires multimarques.<\/p>\n<p><img decoding=\"async\" class=\"alignnone size-full wp-image-9353\" src=\"https:\/\/proramillenote.it\/wp-content\/uploads\/memotack-post-it-proramillenote.png\" alt=\"\" width=\"272\" height=\"50\" \/><\/p>\n<p>Chaque paquet de feuilles peut avoir une couleur Pantone diff\u00e9rente de votre choix pour mieux identifier votre gamme de produits.<\/p>\n<p>Les marque-pages en papier adh\u00e9sif sont coll\u00e9s sur une couverture enti\u00e8rement personnalisable.<br \/>\n<strong><br \/>\nDescription<\/strong><br \/>\n<b>Couverture<\/b> : carton blanc 305 gm\u00b2. personnalisable avec des graphiques jusqu&rsquo;\u00e0 4 couleurs<br \/>\n<strong>Indicateurs d&rsquo;index\u00a0:\u00a0<\/strong>sur papier inscriptible<\/p>\n<p><strong>Mat\u00e9riaux\u00a0:<\/strong><br \/>\nPapier Post-it &#8211; \u00e9galement disponible recycl\u00e9 &#8211; Encres \u00e0 base d&rsquo;eau &#8211; Colle et colle \u00e0 base d&rsquo;eau &#8211; Papier cartonn\u00e9 \u00e9galement disponible recycl\u00e9<br \/>\nFilm r\u00e9tractable possible avec \u00e9tiquetage environnemental<\/p>\n<h6><strong>Commande <\/strong>: 500 pi\u00e8ces<\/h6>\n","protected":false},"excerpt":{"rendered":"<p>Couverture cartonn\u00e9e (format ferm\u00e9 13&#215;8 cm) contenant un marque-page papier, enti\u00e8rement personnalis\u00e9<\/p>\n","protected":false},"featured_media":16411,"template":"","meta":[],"product_brand":[5138],"product_cat":[5195,648,647,653,646,654],"product_tag":[],"class_list":{"0":"post-16410","1":"product","2":"type-product","3":"status-publish","4":"has-post-thumbnail","6":"product_brand-fabricant-proramillenote","7":"product_cat-cout-entre-1-et-2-euros","8":"product_cat-marqueurs-pages-en-papier-fait-sur-mesure","9":"product_cat-marque-pages-drapeaux-signets-personnalises","10":"product_cat-post-it-personnalisable-avec-couverture","11":"product_cat-post-it-personnalises","12":"product_cat-post-it-notes-avec-couverture-en-carton-personnalise","13":"pa_num-colori-stmp-bandierine-marque-page-signet-impression-1-couleur","14":"pa_num-colori-stmp-bandierine-marque-page-signet-impression-2-couleur","15":"pa_num-colori-stmp-bandierine-marque-page-signet-impression-3-couleur","16":"pa_num-colori-stmp-bandierine-marque-page-signet-impression-4-couleur","17":"pa_num-colori-stmp-bandierine-marque-page-signet-impression-quadri","18":"pa_stampa-copertina-numero-col-couverture-impression-numerique-fr","19":"pa_stampa-copertina-numero-col-couverture-impression-1-couleur-fr","20":"pa_stampa-copertina-numero-col-couverture-impression-2-couleurs-fr","21":"pa_stampa-copertina-numero-col-couverture-impression-3-couleurs-fr","23":"first","24":"instock","25":"purchasable","26":"product-type-variable","27":"has-default-attributes"},"yoast_head":"<!-- This site is optimized with the Yoast SEO Premium plugin v27.3 (Yoast SEO v27.3) - https:\/\/yoast.com\/product\/yoast-seo-premium-wordpress\/ -->\n<title>Cardboard cover 180x130 mm with paper index Memotack<\/title>\n<meta name=\"description\" content=\"Completely bespoke cardboard cover with paper index Memotack, direct production. Bespoke creation with corporate logo\" \/>\n<meta name=\"robots\" content=\"index, follow, max-snippet:-1, max-image-preview:large, max-video-preview:-1\" \/>\n<link rel=\"canonical\" href=\"https:\/\/proramillenote.it\/fr\/segnapagina-carta-personalizzati-copertina-stampa-logo-sku391\/\" \/>\n<meta property=\"og:locale\" content=\"fr_FR\" \/>\n<meta property=\"og:type\" content=\"article\" \/>\n<meta property=\"og:title\" content=\"Cardboard cover 180x130 mm with paper index Memotack\" \/>\n<meta property=\"og:description\" content=\"Completely bespoke cardboard cover with paper index Memotack, direct production. Bespoke creation with corporate logo\" \/>\n<meta property=\"og:url\" content=\"https:\/\/proramillenote.it\/fr\/segnapagina-carta-personalizzati-copertina-stampa-logo-sku391\/\" \/>\n<meta property=\"og:site_name\" content=\"Gadgets d\u2019entreprise et post-it personnalis\u00e9s\" \/>\n<meta property=\"article:modified_time\" content=\"2024-07-15T09:44:53+00:00\" \/>\n<meta property=\"og:image\" content=\"https:\/\/proramillenote.it\/wp-content\/uploads\/2019\/08\/products-Memotack_Bandierine_carta_multicolor_ferrin1.png\" \/>\n\t<meta property=\"og:image:width\" content=\"600\" \/>\n\t<meta property=\"og:image:height\" content=\"600\" \/>\n\t<meta property=\"og:image:type\" content=\"image\/jpeg\" \/>\n<meta name=\"twitter:card\" content=\"summary_large_image\" \/>\n<script type=\"application\/ld+json\" class=\"yoast-schema-graph\">{\"@context\":\"https:\\\/\\\/schema.org\",\"@graph\":[{\"@type\":\"WebPage\",\"@id\":\"https:\\\/\\\/proramillenote.it\\\/fr\\\/segnapagina-carta-personalizzati-copertina-stampa-logo-sku391\\\/\",\"url\":\"https:\\\/\\\/proramillenote.it\\\/fr\\\/segnapagina-carta-personalizzati-copertina-stampa-logo-sku391\\\/\",\"name\":\"Cardboard cover 180x130 mm with paper index Memotack\",\"isPartOf\":{\"@id\":\"https:\\\/\\\/proramillenote.it\\\/fr\\\/#website\"},\"primaryImageOfPage\":{\"@id\":\"https:\\\/\\\/proramillenote.it\\\/fr\\\/segnapagina-carta-personalizzati-copertina-stampa-logo-sku391\\\/#primaryimage\"},\"image\":{\"@id\":\"https:\\\/\\\/proramillenote.it\\\/fr\\\/segnapagina-carta-personalizzati-copertina-stampa-logo-sku391\\\/#primaryimage\"},\"thumbnailUrl\":\"https:\\\/\\\/proramillenote.it\\\/wp-content\\\/uploads\\\/2019\\\/08\\\/products-Memotack_Bandierine_carta_multicolor_ferrin1.png?wsr\",\"datePublished\":\"2017-07-04T12:15:51+00:00\",\"dateModified\":\"2024-07-15T09:44:53+00:00\",\"description\":\"Completely bespoke cardboard cover with paper index Memotack, direct production. Bespoke creation with corporate logo\",\"breadcrumb\":{\"@id\":\"https:\\\/\\\/proramillenote.it\\\/fr\\\/segnapagina-carta-personalizzati-copertina-stampa-logo-sku391\\\/#breadcrumb\"},\"inLanguage\":\"fr-FR\",\"potentialAction\":[{\"@type\":\"ReadAction\",\"target\":[\"https:\\\/\\\/proramillenote.it\\\/fr\\\/segnapagina-carta-personalizzati-copertina-stampa-logo-sku391\\\/\"]}]},{\"@type\":\"ImageObject\",\"inLanguage\":\"fr-FR\",\"@id\":\"https:\\\/\\\/proramillenote.it\\\/fr\\\/segnapagina-carta-personalizzati-copertina-stampa-logo-sku391\\\/#primaryimage\",\"url\":\"https:\\\/\\\/proramillenote.it\\\/wp-content\\\/uploads\\\/2019\\\/08\\\/products-Memotack_Bandierine_carta_multicolor_ferrin1.png?wsr\",\"contentUrl\":\"https:\\\/\\\/proramillenote.it\\\/wp-content\\\/uploads\\\/2019\\\/08\\\/products-Memotack_Bandierine_carta_multicolor_ferrin1.png?wsr\",\"width\":600,\"height\":600},{\"@type\":\"BreadcrumbList\",\"@id\":\"https:\\\/\\\/proramillenote.it\\\/fr\\\/segnapagina-carta-personalizzati-copertina-stampa-logo-sku391\\\/#breadcrumb\",\"itemListElement\":[{\"@type\":\"ListItem\",\"position\":1,\"name\":\"Proramillenote\",\"item\":\"https:\\\/\\\/proramillenote.it\\\/fr\\\/\"},{\"@type\":\"ListItem\",\"position\":2,\"name\":\"Marque-page en papier avec couverture &#8211;\"}]},{\"@type\":\"WebSite\",\"@id\":\"https:\\\/\\\/proramillenote.it\\\/fr\\\/#website\",\"url\":\"https:\\\/\\\/proramillenote.it\\\/fr\\\/\",\"name\":\"Proramillenote\",\"description\":\"Post-it personalizzati, block notes con logo e gadget aziendali per il marketing B2B. Specialisti in gadget promozionali per medici e aziende farmaceutiche.\",\"publisher\":{\"@id\":\"https:\\\/\\\/proramillenote.it\\\/fr\\\/#organization\"},\"alternateName\":\"Proramillenote\",\"potentialAction\":[{\"@type\":\"SearchAction\",\"target\":{\"@type\":\"EntryPoint\",\"urlTemplate\":\"https:\\\/\\\/proramillenote.it\\\/fr\\\/?s={search_term_string}\"},\"query-input\":{\"@type\":\"PropertyValueSpecification\",\"valueRequired\":true,\"valueName\":\"search_term_string\"}}],\"inLanguage\":\"fr-FR\"},{\"@type\":\"Organization\",\"@id\":\"https:\\\/\\\/proramillenote.it\\\/fr\\\/#organization\",\"name\":\"Proramillenote gadgets d\u2019entreprise et post-it personnalis\u00e9s\",\"alternateName\":\"Proramillenote\",\"url\":\"https:\\\/\\\/proramillenote.it\\\/fr\\\/\",\"logo\":{\"@type\":\"ImageObject\",\"inLanguage\":\"fr-FR\",\"@id\":\"https:\\\/\\\/proramillenote.it\\\/fr\\\/#\\\/schema\\\/logo\\\/image\\\/\",\"url\":\"https:\\\/\\\/proramillenote.it\\\/wp-content\\\/uploads\\\/papercube800.png?wsr\",\"contentUrl\":\"https:\\\/\\\/proramillenote.it\\\/wp-content\\\/uploads\\\/papercube800.png?wsr\",\"width\":800,\"height\":800,\"caption\":\"Proramillenote gadgets d\u2019entreprise et post-it personnalis\u00e9s\"},\"image\":{\"@id\":\"https:\\\/\\\/proramillenote.it\\\/fr\\\/#\\\/schema\\\/logo\\\/image\\\/\"},\"description\":\"\u2022 Specialista in produzione e commercio di gadget per medici e gadget per veterinari personalizzati. \u2022 Produzione di gadget aziendali per qualsiasi settore merceologico dal 1975. \u2022 Produttore di post-it personalizzati, post-it sagomati e cubi di carta personalizzati in stampa digitale oppure offset. Produttore di block-notes con logo. \u2022 Con cartotecnica creativa progettiamo KIT di post-it su misura, Made in Italy e di design italiano, insigniti del prestigioso premio europeo PGA Promotional Gift Award. \u2022 Concorso #Ossoduro \\\"Design di brand reminder da scrivania innovativi\\\" concepito per incoraggiare la creativit\u00e0 degli studenti di scuole secondarie di design e grafica. Annuale - Ed.7\u00b0 2024-2025. \u2022 Proramillenote \u00e8 produttore accreditato EUDAMED per la fornitura di DMClasse I \u2022 Proramillenote \u00e8 certificata FSC\u00ae Chain of custody.\",\"email\":\"customercare@proramillenote.it\",\"telephone\":\"+39 039616593\",\"legalName\":\"Proramillenote Srl\",\"foundingDate\":\"1972-01-01\",\"vatID\":\"10323920966\",\"taxID\":\"10323920966\",\"numberOfEmployees\":{\"@type\":\"QuantitativeValue\",\"minValue\":\"11\",\"maxValue\":\"50\"},\"publishingPrinciples\":\"https:\\\/\\\/proramillenote.it\\\/politica-su-etica\\\/\",\"ownershipFundingInfo\":\"https:\\\/\\\/proramillenote.it\\\/politica-su-etica\\\/\",\"actionableFeedbackPolicy\":\"https:\\\/\\\/proramillenote.it\\\/politica-su-etica\\\/\",\"correctionsPolicy\":\"https:\\\/\\\/proramillenote.it\\\/politica-su-etica\\\/\",\"ethicsPolicy\":\"https:\\\/\\\/proramillenote.it\\\/politica-su-etica\\\/\",\"diversityPolicy\":\"https:\\\/\\\/proramillenote.it\\\/politica-su-etica\\\/\",\"diversityStaffingReport\":\"https:\\\/\\\/proramillenote.it\\\/politica-su-etica\\\/\"}]}<\/script>\n<meta property=\"product:brand\" content=\"Fabricant Proramillenote\" \/>\n<meta property=\"og:availability\" content=\"instock\" \/>\n<meta property=\"product:availability\" content=\"instock\" \/>\n<meta property=\"product:retailer_item_id\" content=\"391\" \/>\n<meta property=\"product:condition\" content=\"new\" \/>\n<!-- \/ Yoast SEO Premium plugin. -->","yoast_head_json":{"title":"Cardboard cover 180x130 mm with paper index Memotack","description":"Completely bespoke cardboard cover with paper index Memotack, direct production. Bespoke creation with corporate logo","robots":{"index":"index","follow":"follow","max-snippet":"max-snippet:-1","max-image-preview":"max-image-preview:large","max-video-preview":"max-video-preview:-1"},"canonical":"https:\/\/proramillenote.it\/fr\/segnapagina-carta-personalizzati-copertina-stampa-logo-sku391\/","og_locale":"fr_FR","og_type":"article","og_title":"Cardboard cover 180x130 mm with paper index Memotack","og_description":"Completely bespoke cardboard cover with paper index Memotack, direct production. Bespoke creation with corporate logo","og_url":"https:\/\/proramillenote.it\/fr\/segnapagina-carta-personalizzati-copertina-stampa-logo-sku391\/","og_site_name":"Gadgets d\u2019entreprise et post-it personnalis\u00e9s","article_modified_time":"2024-07-15T09:44:53+00:00","og_image":[{"width":600,"height":600,"url":"https:\/\/proramillenote.it\/wp-content\/uploads\/2019\/08\/products-Memotack_Bandierine_carta_multicolor_ferrin1.png","type":"image\/jpeg"}],"twitter_card":"summary_large_image","schema":{"@context":"https:\/\/schema.org","@graph":[{"@type":"WebPage","@id":"https:\/\/proramillenote.it\/fr\/segnapagina-carta-personalizzati-copertina-stampa-logo-sku391\/","url":"https:\/\/proramillenote.it\/fr\/segnapagina-carta-personalizzati-copertina-stampa-logo-sku391\/","name":"Cardboard cover 180x130 mm with paper index Memotack","isPartOf":{"@id":"https:\/\/proramillenote.it\/fr\/#website"},"primaryImageOfPage":{"@id":"https:\/\/proramillenote.it\/fr\/segnapagina-carta-personalizzati-copertina-stampa-logo-sku391\/#primaryimage"},"image":{"@id":"https:\/\/proramillenote.it\/fr\/segnapagina-carta-personalizzati-copertina-stampa-logo-sku391\/#primaryimage"},"thumbnailUrl":"https:\/\/proramillenote.it\/wp-content\/uploads\/2019\/08\/products-Memotack_Bandierine_carta_multicolor_ferrin1.png?wsr","datePublished":"2017-07-04T12:15:51+00:00","dateModified":"2024-07-15T09:44:53+00:00","description":"Completely bespoke cardboard cover with paper index Memotack, direct production. Bespoke creation with corporate logo","breadcrumb":{"@id":"https:\/\/proramillenote.it\/fr\/segnapagina-carta-personalizzati-copertina-stampa-logo-sku391\/#breadcrumb"},"inLanguage":"fr-FR","potentialAction":[{"@type":"ReadAction","target":["https:\/\/proramillenote.it\/fr\/segnapagina-carta-personalizzati-copertina-stampa-logo-sku391\/"]}]},{"@type":"ImageObject","inLanguage":"fr-FR","@id":"https:\/\/proramillenote.it\/fr\/segnapagina-carta-personalizzati-copertina-stampa-logo-sku391\/#primaryimage","url":"https:\/\/proramillenote.it\/wp-content\/uploads\/2019\/08\/products-Memotack_Bandierine_carta_multicolor_ferrin1.png?wsr","contentUrl":"https:\/\/proramillenote.it\/wp-content\/uploads\/2019\/08\/products-Memotack_Bandierine_carta_multicolor_ferrin1.png?wsr","width":600,"height":600},{"@type":"BreadcrumbList","@id":"https:\/\/proramillenote.it\/fr\/segnapagina-carta-personalizzati-copertina-stampa-logo-sku391\/#breadcrumb","itemListElement":[{"@type":"ListItem","position":1,"name":"Proramillenote","item":"https:\/\/proramillenote.it\/fr\/"},{"@type":"ListItem","position":2,"name":"Marque-page en papier avec couverture &#8211;"}]},{"@type":"WebSite","@id":"https:\/\/proramillenote.it\/fr\/#website","url":"https:\/\/proramillenote.it\/fr\/","name":"Proramillenote","description":"Post-it personalizzati, block notes con logo e gadget aziendali per il marketing B2B. Specialisti in gadget promozionali per medici e aziende farmaceutiche.","publisher":{"@id":"https:\/\/proramillenote.it\/fr\/#organization"},"alternateName":"Proramillenote","potentialAction":[{"@type":"SearchAction","target":{"@type":"EntryPoint","urlTemplate":"https:\/\/proramillenote.it\/fr\/?s={search_term_string}"},"query-input":{"@type":"PropertyValueSpecification","valueRequired":true,"valueName":"search_term_string"}}],"inLanguage":"fr-FR"},{"@type":"Organization","@id":"https:\/\/proramillenote.it\/fr\/#organization","name":"Proramillenote gadgets d\u2019entreprise et post-it personnalis\u00e9s","alternateName":"Proramillenote","url":"https:\/\/proramillenote.it\/fr\/","logo":{"@type":"ImageObject","inLanguage":"fr-FR","@id":"https:\/\/proramillenote.it\/fr\/#\/schema\/logo\/image\/","url":"https:\/\/proramillenote.it\/wp-content\/uploads\/papercube800.png?wsr","contentUrl":"https:\/\/proramillenote.it\/wp-content\/uploads\/papercube800.png?wsr","width":800,"height":800,"caption":"Proramillenote gadgets d\u2019entreprise et post-it personnalis\u00e9s"},"image":{"@id":"https:\/\/proramillenote.it\/fr\/#\/schema\/logo\/image\/"},"description":"\u2022 Specialista in produzione e commercio di gadget per medici e gadget per veterinari personalizzati. \u2022 Produzione di gadget aziendali per qualsiasi settore merceologico dal 1975. \u2022 Produttore di post-it personalizzati, post-it sagomati e cubi di carta personalizzati in stampa digitale oppure offset. Produttore di block-notes con logo. \u2022 Con cartotecnica creativa progettiamo KIT di post-it su misura, Made in Italy e di design italiano, insigniti del prestigioso premio europeo PGA Promotional Gift Award. \u2022 Concorso #Ossoduro \"Design di brand reminder da scrivania innovativi\" concepito per incoraggiare la creativit\u00e0 degli studenti di scuole secondarie di design e grafica. Annuale - Ed.7\u00b0 2024-2025. \u2022 Proramillenote \u00e8 produttore accreditato EUDAMED per la fornitura di DMClasse I \u2022 Proramillenote \u00e8 certificata FSC\u00ae Chain of custody.","email":"customercare@proramillenote.it","telephone":"+39 039616593","legalName":"Proramillenote Srl","foundingDate":"1972-01-01","vatID":"10323920966","taxID":"10323920966","numberOfEmployees":{"@type":"QuantitativeValue","minValue":"11","maxValue":"50"},"publishingPrinciples":"https:\/\/proramillenote.it\/politica-su-etica\/","ownershipFundingInfo":"https:\/\/proramillenote.it\/politica-su-etica\/","actionableFeedbackPolicy":"https:\/\/proramillenote.it\/politica-su-etica\/","correctionsPolicy":"https:\/\/proramillenote.it\/politica-su-etica\/","ethicsPolicy":"https:\/\/proramillenote.it\/politica-su-etica\/","diversityPolicy":"https:\/\/proramillenote.it\/politica-su-etica\/","diversityStaffingReport":"https:\/\/proramillenote.it\/politica-su-etica\/"}]},"product_brand":"Fabricant Proramillenote","og_availability":"instock","product_availability":"instock","product_retailer_item_id":"391","product_condition":"new"},"_links":{"self":[{"href":"https:\/\/proramillenote.it\/fr\/wp-json\/wp\/v2\/product\/16410","targetHints":{"allow":["GET"]}}],"collection":[{"href":"https:\/\/proramillenote.it\/fr\/wp-json\/wp\/v2\/product"}],"about":[{"href":"https:\/\/proramillenote.it\/fr\/wp-json\/wp\/v2\/types\/product"}],"version-history":[{"count":0,"href":"https:\/\/proramillenote.it\/fr\/wp-json\/wp\/v2\/product\/16410\/revisions"}],"wp:featuredmedia":[{"embeddable":true,"href":"https:\/\/proramillenote.it\/fr\/wp-json\/wp\/v2\/media\/16411"}],"wp:attachment":[{"href":"https:\/\/proramillenote.it\/fr\/wp-json\/wp\/v2\/media?parent=16410"}],"wp:term":[{"taxonomy":"product_brand","embeddable":true,"href":"https:\/\/proramillenote.it\/fr\/wp-json\/wp\/v2\/product_brand?post=16410"},{"taxonomy":"product_cat","embeddable":true,"href":"https:\/\/proramillenote.it\/fr\/wp-json\/wp\/v2\/product_cat?post=16410"},{"taxonomy":"product_tag","embeddable":true,"href":"https:\/\/proramillenote.it\/fr\/wp-json\/wp\/v2\/product_tag?post=16410"}],"curies":[{"name":"wp","href":"https:\/\/api.w.org\/{rel}","templated":true}]}}