{"id":16419,"date":"2016-07-20T08:05:23","date_gmt":"2016-07-20T06:05:23","guid":{"rendered":"https:\/\/staging.proramillenote.it\/gadget\/scatole-in-ppl\/"},"modified":"2024-07-15T10:14:36","modified_gmt":"2024-07-15T08:14:36","slug":"boites-en-plastique-sur-mesure-en-ppl-avec-impression-de-logo-sku-235","status":"publish","type":"product","link":"https:\/\/proramillenote.it\/fr\/boites-en-plastique-sur-mesure-en-ppl-avec-impression-de-logo-sku-235\/","title":{"rendered":"Bo\u00eetes en plastique sur mesure en PPL avec impression de logo"},"content":{"rendered":"<h2>Bo\u00eetes en plastique sur mesure<\/h2>\n<p>Fabriqu\u00e9es en polypropyl\u00e8ne durable et r\u00e9sistant (PPL), ces bo\u00eetes <strong>sur mesure<\/strong> en <strong>PPL<\/strong> sont efficaces en tant que <strong>emballages en PPL<\/strong>, et peuvent \u00eatre personnalis\u00e9es avec le logo ou l&rsquo;image de votre entreprise.<br \/>\nDisponibles en diff\u00e9rentes tailles et formats, elles s&rsquo;adaptent parfaitement aux besoins sp\u00e9cifiques tels que les dossiers pour l&rsquo;archivage, les bo\u00eetes d&#8217;emballages ou les contenants promotionnels.<\/p>\n<h3>Utilisations professionnelles:<\/h3>\n<ul>\n<li>Cr\u00e9er des <strong>dossiers de documents personnalis\u00e9s<\/strong> pour les bureaux<\/li>\n<li>Concevoir des <strong>emballages sur mesure<\/strong> pour les produits ou \u00e9chantillons<\/li>\n<li>Distribuer des <strong>cadeaux promotionnels<\/strong> pour des occasions sp\u00e9ciales<\/li>\n<\/ul>\n<h3>Avantages pour les entreprises:<\/h3>\n<ul>\n<li>Promouvoir efficacement la marque<\/li>\n<li>Fournir des solutions de stockage pratiques<\/li>\n<li>Offrir des cadeaux d&rsquo;entreprise de valeur<\/li>\n<\/ul>\n<h3>Bo\u00eetes <strong>sur mesure<\/strong> en <strong>PPL<\/strong><\/h3>\n<h3>Mat\u00e9riau:<\/h3>\n<ul>\n<li>Fait de polypropyl\u00e8ne transparent<\/li>\n<li>Choisissez parmi diff\u00e9rentes tailles<\/li>\n<li>L&rsquo;\u00e9paisseur varie de 0,5 \u00e0 1 mm<\/li>\n<\/ul>\n<h3>Personnalisation:<\/h3>\n<ul>\n<li>Tailles sur mesure<\/li>\n<li>Options d&rsquo;impression: impression \u00e9cran, offset, ou couleurs quadri num\u00e9riques<\/li>\n<\/ul>\n<p>Cr\u00e9ez vos <strong>bo\u00eetes sur mesure<\/strong> en <strong>PPL<\/strong> personnalis\u00e9es selon vos besoins.<\/p>\n<p><strong>Quantit\u00e9 minimum:<\/strong> 300 pi\u00e8ces<\/p>\n","protected":false},"excerpt":{"rendered":"<p>Bo\u00eetes en plastique personnalis\u00e9es sur mesure en PPL, id\u00e9ales pour l&rsquo;archivage, l&#8217;emballage et le transport de documents. Packaging personnalis\u00e9. Quantit\u00e9 minimale : 300 pi\u00e8ces<\/p>\n","protected":false},"featured_media":65163,"template":"","meta":[],"product_brand":[5132],"product_cat":[382,639,366,386,637,162,364],"product_tag":[],"class_list":{"0":"post-16419","1":"product","2":"type-product","3":"status-publish","4":"has-post-thumbnail","6":"product_brand-produzione-proramillenote","7":"product_cat-accessori-personalizzati","8":"product_cat-costa-tra-1-e-2-euro","9":"product_cat-cartellette-di-plastica-personalizzate-ppl-pvc-porte-documents-dossiers-personnalises","10":"product_cat-packaging-su-misura-in-ppl-produzione-proramillenote","11":"product_cat-consegna-4-settimane","12":"product_cat-porta-documenti-archiviazione","13":"product_cat-valigette-e-shopper-personalizzate-con-logo-aziendale","14":"pa_num-colori-stampa-su-oggetto-1-colore","15":"pa_num-colori-stampa-su-oggetto-2-colori","16":"pa_num-colori-stampa-su-oggetto-3-colori","17":"pa_num-colori-stampa-su-oggetto-quadricromia","19":"first","20":"instock","21":"purchasable","22":"product-type-variable","23":"has-default-attributes"},"yoast_head":"<!-- This site is optimized with the Yoast SEO Premium plugin v27.3 (Yoast SEO v27.3) - https:\/\/yoast.com\/product\/yoast-seo-premium-wordpress\/ -->\n<title>Bo\u00eetes en plastique sur mesure, packaging en PPL, fabricant<\/title>\n<meta name=\"description\" content=\"Bo\u00eetes en plastique sur mesure avec impression pour stockage et emballage. D\u00e9coupes existantes ou demandez un nouveau design. Gadget sur mesure, fabricant.\" \/>\n<meta name=\"robots\" content=\"index, follow, max-snippet:-1, max-image-preview:large, max-video-preview:-1\" \/>\n<link rel=\"canonical\" href=\"https:\/\/proramillenote.it\/fr\/boites-en-plastique-sur-mesure-en-ppl-avec-impression-de-logo-sku-235\/\" \/>\n<meta property=\"og:locale\" content=\"fr_FR\" \/>\n<meta property=\"og:type\" content=\"article\" \/>\n<meta property=\"og:title\" content=\"Bo\u00eetes en plastique sur mesure, packaging en PPL, fabricant\" \/>\n<meta property=\"og:description\" content=\"Bo\u00eetes en plastique sur mesure avec impression pour stockage et emballage. D\u00e9coupes existantes ou demandez un nouveau design. Gadget sur mesure, fabricant.\" \/>\n<meta property=\"og:url\" content=\"https:\/\/proramillenote.it\/fr\/boites-en-plastique-sur-mesure-en-ppl-avec-impression-de-logo-sku-235\/\" \/>\n<meta property=\"og:site_name\" content=\"Gadgets d\u2019entreprise et post-it personnalis\u00e9s\" \/>\n<meta property=\"article:modified_time\" content=\"2024-07-15T08:14:36+00:00\" \/>\n<meta property=\"og:image\" content=\"https:\/\/proramillenote.it\/wp-content\/uploads\/scatola-ppl-su-misura-personalizzata-sogg-linea-ar-2.webp\" \/>\n\t<meta property=\"og:image:width\" content=\"600\" \/>\n\t<meta property=\"og:image:height\" content=\"600\" \/>\n\t<meta property=\"og:image:type\" content=\"image\/jpeg\" \/>\n<meta name=\"twitter:card\" content=\"summary_large_image\" \/>\n<script type=\"application\/ld+json\" class=\"yoast-schema-graph\">{\"@context\":\"https:\\\/\\\/schema.org\",\"@graph\":[{\"@type\":\"WebPage\",\"@id\":\"https:\\\/\\\/proramillenote.it\\\/fr\\\/boites-en-plastique-sur-mesure-en-ppl-avec-impression-de-logo-sku-235\\\/\",\"url\":\"https:\\\/\\\/proramillenote.it\\\/fr\\\/boites-en-plastique-sur-mesure-en-ppl-avec-impression-de-logo-sku-235\\\/\",\"name\":\"Bo\u00eetes en plastique sur mesure, packaging en PPL, fabricant\",\"isPartOf\":{\"@id\":\"https:\\\/\\\/proramillenote.it\\\/fr\\\/#website\"},\"primaryImageOfPage\":{\"@id\":\"https:\\\/\\\/proramillenote.it\\\/fr\\\/boites-en-plastique-sur-mesure-en-ppl-avec-impression-de-logo-sku-235\\\/#primaryimage\"},\"image\":{\"@id\":\"https:\\\/\\\/proramillenote.it\\\/fr\\\/boites-en-plastique-sur-mesure-en-ppl-avec-impression-de-logo-sku-235\\\/#primaryimage\"},\"thumbnailUrl\":\"https:\\\/\\\/proramillenote.it\\\/wp-content\\\/uploads\\\/scatola-ppl-su-misura-personalizzata-sogg-linea-ar-2.webp?wsr\",\"datePublished\":\"2016-07-20T06:05:23+00:00\",\"dateModified\":\"2024-07-15T08:14:36+00:00\",\"description\":\"Bo\u00eetes en plastique sur mesure avec impression pour stockage et emballage. D\u00e9coupes existantes ou demandez un nouveau design. Gadget sur mesure, fabricant.\",\"breadcrumb\":{\"@id\":\"https:\\\/\\\/proramillenote.it\\\/fr\\\/boites-en-plastique-sur-mesure-en-ppl-avec-impression-de-logo-sku-235\\\/#breadcrumb\"},\"inLanguage\":\"fr-FR\",\"potentialAction\":[{\"@type\":\"ReadAction\",\"target\":[\"https:\\\/\\\/proramillenote.it\\\/fr\\\/boites-en-plastique-sur-mesure-en-ppl-avec-impression-de-logo-sku-235\\\/\"]}]},{\"@type\":\"ImageObject\",\"inLanguage\":\"fr-FR\",\"@id\":\"https:\\\/\\\/proramillenote.it\\\/fr\\\/boites-en-plastique-sur-mesure-en-ppl-avec-impression-de-logo-sku-235\\\/#primaryimage\",\"url\":\"https:\\\/\\\/proramillenote.it\\\/wp-content\\\/uploads\\\/scatola-ppl-su-misura-personalizzata-sogg-linea-ar-2.webp?wsr\",\"contentUrl\":\"https:\\\/\\\/proramillenote.it\\\/wp-content\\\/uploads\\\/scatola-ppl-su-misura-personalizzata-sogg-linea-ar-2.webp?wsr\",\"width\":600,\"height\":600,\"caption\":\"Scatole di plastica personalizzate\"},{\"@type\":\"BreadcrumbList\",\"@id\":\"https:\\\/\\\/proramillenote.it\\\/fr\\\/boites-en-plastique-sur-mesure-en-ppl-avec-impression-de-logo-sku-235\\\/#breadcrumb\",\"itemListElement\":[{\"@type\":\"ListItem\",\"position\":1,\"name\":\"Proramillenote\",\"item\":\"https:\\\/\\\/proramillenote.it\\\/fr\\\/\"},{\"@type\":\"ListItem\",\"position\":2,\"name\":\"Bo\u00eetes en plastique sur mesure en PPL avec impression de logo\"}]},{\"@type\":\"WebSite\",\"@id\":\"https:\\\/\\\/proramillenote.it\\\/fr\\\/#website\",\"url\":\"https:\\\/\\\/proramillenote.it\\\/fr\\\/\",\"name\":\"Proramillenote gadget aziendali e post-it personalizzati\",\"description\":\"Post-it personalizzati, block notes con logo e gadget aziendali per il marketing B2B. Specialisti in gadget promozionali per medici e aziende farmaceutiche.\",\"publisher\":{\"@id\":\"https:\\\/\\\/proramillenote.it\\\/fr\\\/#organization\"},\"alternateName\":\"Proramillenote\",\"potentialAction\":[{\"@type\":\"SearchAction\",\"target\":{\"@type\":\"EntryPoint\",\"urlTemplate\":\"https:\\\/\\\/proramillenote.it\\\/fr\\\/?s={search_term_string}\"},\"query-input\":{\"@type\":\"PropertyValueSpecification\",\"valueRequired\":true,\"valueName\":\"search_term_string\"}}],\"inLanguage\":\"fr-FR\"},{\"@type\":\"Organization\",\"@id\":\"https:\\\/\\\/proramillenote.it\\\/fr\\\/#organization\",\"name\":\"Proramillenote gadgets d\u2019entreprise et post-it personnalis\u00e9s\",\"alternateName\":\"Proramillenote\",\"url\":\"https:\\\/\\\/proramillenote.it\\\/fr\\\/\",\"logo\":{\"@type\":\"ImageObject\",\"inLanguage\":\"fr-FR\",\"@id\":\"https:\\\/\\\/proramillenote.it\\\/fr\\\/#\\\/schema\\\/logo\\\/image\\\/\",\"url\":\"https:\\\/\\\/proramillenote.it\\\/wp-content\\\/uploads\\\/papercube800.png?wsr\",\"contentUrl\":\"https:\\\/\\\/proramillenote.it\\\/wp-content\\\/uploads\\\/papercube800.png?wsr\",\"width\":800,\"height\":800,\"caption\":\"Proramillenote gadgets d\u2019entreprise et post-it personnalis\u00e9s\"},\"image\":{\"@id\":\"https:\\\/\\\/proramillenote.it\\\/fr\\\/#\\\/schema\\\/logo\\\/image\\\/\"},\"description\":\"\u2022 Specialista in produzione e commercio di gadget per medici e gadget per veterinari personalizzati. \u2022 Produzione di gadget aziendali per qualsiasi settore merceologico dal 1975. \u2022 Produttore di post-it personalizzati, post-it sagomati e cubi di carta personalizzati in stampa digitale oppure offset. Produttore di block-notes con logo. \u2022 Con cartotecnica creativa progettiamo KIT di post-it su misura, Made in Italy e di design italiano, insigniti del prestigioso premio europeo PGA Promotional Gift Award. \u2022 Concorso #Ossoduro \\\"Design di brand reminder da scrivania innovativi\\\" concepito per incoraggiare la creativit\u00e0 degli studenti di scuole secondarie di design e grafica. Annuale - Ed.7\u00b0 2024-2025. \u2022 Proramillenote \u00e8 produttore accreditato EUDAMED per la fornitura di DMClasse I \u2022 Proramillenote \u00e8 certificata FSC\u00ae Chain of custody.\",\"email\":\"customercare@proramillenote.it\",\"telephone\":\"+39 039616593\",\"legalName\":\"Proramillenote Srl\",\"foundingDate\":\"1972-01-01\",\"vatID\":\"10323920966\",\"taxID\":\"10323920966\",\"numberOfEmployees\":{\"@type\":\"QuantitativeValue\",\"minValue\":\"11\",\"maxValue\":\"50\"},\"publishingPrinciples\":\"https:\\\/\\\/proramillenote.it\\\/politica-su-etica\\\/\",\"ownershipFundingInfo\":\"https:\\\/\\\/proramillenote.it\\\/politica-su-etica\\\/\",\"actionableFeedbackPolicy\":\"https:\\\/\\\/proramillenote.it\\\/politica-su-etica\\\/\",\"correctionsPolicy\":\"https:\\\/\\\/proramillenote.it\\\/politica-su-etica\\\/\",\"ethicsPolicy\":\"https:\\\/\\\/proramillenote.it\\\/politica-su-etica\\\/\",\"diversityPolicy\":\"https:\\\/\\\/proramillenote.it\\\/politica-su-etica\\\/\",\"diversityStaffingReport\":\"https:\\\/\\\/proramillenote.it\\\/politica-su-etica\\\/\"}]}<\/script>\n<meta property=\"product:brand\" content=\"Proramillenote\" \/>\n<meta property=\"og:availability\" content=\"instock\" \/>\n<meta property=\"product:availability\" content=\"instock\" \/>\n<meta property=\"product:retailer_item_id\" content=\"235\" \/>\n<meta property=\"product:condition\" content=\"new\" \/>\n<!-- \/ Yoast SEO Premium plugin. -->","yoast_head_json":{"title":"Bo\u00eetes en plastique sur mesure, packaging en PPL, fabricant","description":"Bo\u00eetes en plastique sur mesure avec impression pour stockage et emballage. D\u00e9coupes existantes ou demandez un nouveau design. Gadget sur mesure, fabricant.","robots":{"index":"index","follow":"follow","max-snippet":"max-snippet:-1","max-image-preview":"max-image-preview:large","max-video-preview":"max-video-preview:-1"},"canonical":"https:\/\/proramillenote.it\/fr\/boites-en-plastique-sur-mesure-en-ppl-avec-impression-de-logo-sku-235\/","og_locale":"fr_FR","og_type":"article","og_title":"Bo\u00eetes en plastique sur mesure, packaging en PPL, fabricant","og_description":"Bo\u00eetes en plastique sur mesure avec impression pour stockage et emballage. D\u00e9coupes existantes ou demandez un nouveau design. Gadget sur mesure, fabricant.","og_url":"https:\/\/proramillenote.it\/fr\/boites-en-plastique-sur-mesure-en-ppl-avec-impression-de-logo-sku-235\/","og_site_name":"Gadgets d\u2019entreprise et post-it personnalis\u00e9s","article_modified_time":"2024-07-15T08:14:36+00:00","og_image":[{"width":600,"height":600,"url":"https:\/\/proramillenote.it\/wp-content\/uploads\/scatola-ppl-su-misura-personalizzata-sogg-linea-ar-2.webp","type":"image\/jpeg"}],"twitter_card":"summary_large_image","schema":{"@context":"https:\/\/schema.org","@graph":[{"@type":"WebPage","@id":"https:\/\/proramillenote.it\/fr\/boites-en-plastique-sur-mesure-en-ppl-avec-impression-de-logo-sku-235\/","url":"https:\/\/proramillenote.it\/fr\/boites-en-plastique-sur-mesure-en-ppl-avec-impression-de-logo-sku-235\/","name":"Bo\u00eetes en plastique sur mesure, packaging en PPL, fabricant","isPartOf":{"@id":"https:\/\/proramillenote.it\/fr\/#website"},"primaryImageOfPage":{"@id":"https:\/\/proramillenote.it\/fr\/boites-en-plastique-sur-mesure-en-ppl-avec-impression-de-logo-sku-235\/#primaryimage"},"image":{"@id":"https:\/\/proramillenote.it\/fr\/boites-en-plastique-sur-mesure-en-ppl-avec-impression-de-logo-sku-235\/#primaryimage"},"thumbnailUrl":"https:\/\/proramillenote.it\/wp-content\/uploads\/scatola-ppl-su-misura-personalizzata-sogg-linea-ar-2.webp?wsr","datePublished":"2016-07-20T06:05:23+00:00","dateModified":"2024-07-15T08:14:36+00:00","description":"Bo\u00eetes en plastique sur mesure avec impression pour stockage et emballage. D\u00e9coupes existantes ou demandez un nouveau design. Gadget sur mesure, fabricant.","breadcrumb":{"@id":"https:\/\/proramillenote.it\/fr\/boites-en-plastique-sur-mesure-en-ppl-avec-impression-de-logo-sku-235\/#breadcrumb"},"inLanguage":"fr-FR","potentialAction":[{"@type":"ReadAction","target":["https:\/\/proramillenote.it\/fr\/boites-en-plastique-sur-mesure-en-ppl-avec-impression-de-logo-sku-235\/"]}]},{"@type":"ImageObject","inLanguage":"fr-FR","@id":"https:\/\/proramillenote.it\/fr\/boites-en-plastique-sur-mesure-en-ppl-avec-impression-de-logo-sku-235\/#primaryimage","url":"https:\/\/proramillenote.it\/wp-content\/uploads\/scatola-ppl-su-misura-personalizzata-sogg-linea-ar-2.webp?wsr","contentUrl":"https:\/\/proramillenote.it\/wp-content\/uploads\/scatola-ppl-su-misura-personalizzata-sogg-linea-ar-2.webp?wsr","width":600,"height":600,"caption":"Scatole di plastica personalizzate"},{"@type":"BreadcrumbList","@id":"https:\/\/proramillenote.it\/fr\/boites-en-plastique-sur-mesure-en-ppl-avec-impression-de-logo-sku-235\/#breadcrumb","itemListElement":[{"@type":"ListItem","position":1,"name":"Proramillenote","item":"https:\/\/proramillenote.it\/fr\/"},{"@type":"ListItem","position":2,"name":"Bo\u00eetes en plastique sur mesure en PPL avec impression de logo"}]},{"@type":"WebSite","@id":"https:\/\/proramillenote.it\/fr\/#website","url":"https:\/\/proramillenote.it\/fr\/","name":"Proramillenote gadget aziendali e post-it personalizzati","description":"Post-it personalizzati, block notes con logo e gadget aziendali per il marketing B2B. Specialisti in gadget promozionali per medici e aziende farmaceutiche.","publisher":{"@id":"https:\/\/proramillenote.it\/fr\/#organization"},"alternateName":"Proramillenote","potentialAction":[{"@type":"SearchAction","target":{"@type":"EntryPoint","urlTemplate":"https:\/\/proramillenote.it\/fr\/?s={search_term_string}"},"query-input":{"@type":"PropertyValueSpecification","valueRequired":true,"valueName":"search_term_string"}}],"inLanguage":"fr-FR"},{"@type":"Organization","@id":"https:\/\/proramillenote.it\/fr\/#organization","name":"Proramillenote gadgets d\u2019entreprise et post-it personnalis\u00e9s","alternateName":"Proramillenote","url":"https:\/\/proramillenote.it\/fr\/","logo":{"@type":"ImageObject","inLanguage":"fr-FR","@id":"https:\/\/proramillenote.it\/fr\/#\/schema\/logo\/image\/","url":"https:\/\/proramillenote.it\/wp-content\/uploads\/papercube800.png?wsr","contentUrl":"https:\/\/proramillenote.it\/wp-content\/uploads\/papercube800.png?wsr","width":800,"height":800,"caption":"Proramillenote gadgets d\u2019entreprise et post-it personnalis\u00e9s"},"image":{"@id":"https:\/\/proramillenote.it\/fr\/#\/schema\/logo\/image\/"},"description":"\u2022 Specialista in produzione e commercio di gadget per medici e gadget per veterinari personalizzati. \u2022 Produzione di gadget aziendali per qualsiasi settore merceologico dal 1975. \u2022 Produttore di post-it personalizzati, post-it sagomati e cubi di carta personalizzati in stampa digitale oppure offset. Produttore di block-notes con logo. \u2022 Con cartotecnica creativa progettiamo KIT di post-it su misura, Made in Italy e di design italiano, insigniti del prestigioso premio europeo PGA Promotional Gift Award. \u2022 Concorso #Ossoduro \"Design di brand reminder da scrivania innovativi\" concepito per incoraggiare la creativit\u00e0 degli studenti di scuole secondarie di design e grafica. Annuale - Ed.7\u00b0 2024-2025. \u2022 Proramillenote \u00e8 produttore accreditato EUDAMED per la fornitura di DMClasse I \u2022 Proramillenote \u00e8 certificata FSC\u00ae Chain of custody.","email":"customercare@proramillenote.it","telephone":"+39 039616593","legalName":"Proramillenote Srl","foundingDate":"1972-01-01","vatID":"10323920966","taxID":"10323920966","numberOfEmployees":{"@type":"QuantitativeValue","minValue":"11","maxValue":"50"},"publishingPrinciples":"https:\/\/proramillenote.it\/politica-su-etica\/","ownershipFundingInfo":"https:\/\/proramillenote.it\/politica-su-etica\/","actionableFeedbackPolicy":"https:\/\/proramillenote.it\/politica-su-etica\/","correctionsPolicy":"https:\/\/proramillenote.it\/politica-su-etica\/","ethicsPolicy":"https:\/\/proramillenote.it\/politica-su-etica\/","diversityPolicy":"https:\/\/proramillenote.it\/politica-su-etica\/","diversityStaffingReport":"https:\/\/proramillenote.it\/politica-su-etica\/"}]},"product_brand":"Proramillenote","og_availability":"instock","product_availability":"instock","product_retailer_item_id":"235","product_condition":"new"},"_links":{"self":[{"href":"https:\/\/proramillenote.it\/fr\/wp-json\/wp\/v2\/product\/16419","targetHints":{"allow":["GET"]}}],"collection":[{"href":"https:\/\/proramillenote.it\/fr\/wp-json\/wp\/v2\/product"}],"about":[{"href":"https:\/\/proramillenote.it\/fr\/wp-json\/wp\/v2\/types\/product"}],"version-history":[{"count":0,"href":"https:\/\/proramillenote.it\/fr\/wp-json\/wp\/v2\/product\/16419\/revisions"}],"wp:featuredmedia":[{"embeddable":true,"href":"https:\/\/proramillenote.it\/fr\/wp-json\/wp\/v2\/media\/65163"}],"wp:attachment":[{"href":"https:\/\/proramillenote.it\/fr\/wp-json\/wp\/v2\/media?parent=16419"}],"wp:term":[{"taxonomy":"product_brand","embeddable":true,"href":"https:\/\/proramillenote.it\/fr\/wp-json\/wp\/v2\/product_brand?post=16419"},{"taxonomy":"product_cat","embeddable":true,"href":"https:\/\/proramillenote.it\/fr\/wp-json\/wp\/v2\/product_cat?post=16419"},{"taxonomy":"product_tag","embeddable":true,"href":"https:\/\/proramillenote.it\/fr\/wp-json\/wp\/v2\/product_tag?post=16419"}],"curies":[{"name":"wp","href":"https:\/\/api.w.org\/{rel}","templated":true}]}}