{"id":16425,"date":"2016-07-13T13:28:44","date_gmt":"2016-07-13T11:28:44","guid":{"rendered":"https:\/\/staging.proramillenote.it\/gadget\/porta-libretto-veterinario\/"},"modified":"2024-07-15T11:54:28","modified_gmt":"2024-07-15T09:54:28","slug":"porte-livre-veterinaire-sku-234","status":"publish","type":"product","link":"https:\/\/proramillenote.it\/fr\/porte-livre-veterinaire-sku-234\/","title":{"rendered":"Porte-carnet v\u00e9t\u00e9rinaire en PVC"},"content":{"rendered":"<p>En bref, le porte-carnet v\u00e9t\u00e9rinaire en PVC offre une solution pratique pour garder les documents de vos animaux organis\u00e9s et s\u00e9curis\u00e9s.<br \/>\nParfait pour tout propri\u00e9taire d&rsquo;animal.<br \/>\nEn PVC robuste, il est dot\u00e9 de deux poches internes pour une organisation optimale.<br \/>\nC&rsquo;est un accessoire personnalis\u00e9 et durable, fabriqu\u00e9 en Italie.<br \/>\nL&rsquo;offre d&rsquo;un gadget avec le logo pharmaceutique pr\u00e9sente de nombreux avantages pour les entreprises.<br \/>\nCela favorise la marque, fid\u00e9lise les v\u00e9t\u00e9rinaires et assure une visibilit\u00e9 chez les professionnels et les clients.<br \/>\nDe plus, le porte-carnet facilite l&rsquo;acc\u00e8s aux informations cruciales sur la sant\u00e9 des animaux.<br \/>\nGlobalement, l&rsquo;utilisation de ce gadget pharmaceutique est b\u00e9n\u00e9fique pour tous les acteurs impliqu\u00e9s : l&rsquo;entreprise, le v\u00e9t\u00e9rinaire et les clients.<br \/>\nEn r\u00e9sum\u00e9, ce porte-document v\u00e9t\u00e9rinaire en PVC est un choix pratique, durable et personnalisable, adapt\u00e9 aux besoins de chacun.<\/p>\n<p><strong>Description<\/strong><\/p>\n<ul>\n<li>Fabriqu\u00e9 en PVC blanc ou transparent<\/li>\n<li>2 poches internes porte-documents<\/li>\n<\/ul>\n<p><strong>Format<\/strong><\/p>\n<ul>\n<li>Disponible dans diverses tailles<\/li>\n<\/ul>\n<p><strong>Personnalisation<\/strong><\/p>\n<ul>\n<li>Impression num\u00e9rique quadrichromie<\/li>\n<\/ul>\n<h6>Quantit\u00e9 minimum : 300 pi\u00e8ces<\/h6>\n","protected":false},"excerpt":{"rendered":"<p>Le porte-carnet v\u00e9t\u00e9rinaire en PVC avec 2 poches pratiques dans lesquelles ins\u00e9rer le livret, les recettes, les dosages et les rappels pour g\u00e9rer la sant\u00e9 de l&rsquo;animal.<\/p>\n","protected":false},"featured_media":16426,"template":"","meta":[],"product_brand":[5138],"product_cat":[725,5078,5195,1282,673,1281],"product_tag":[],"class_list":{"0":"post-16425","1":"product","2":"type-product","3":"status-publish","4":"has-post-thumbnail","6":"product_brand-fabricant-proramillenote","7":"product_cat-veterinaire-adv-gadget-pharma-industrie","8":"product_cat-ca-coute-moins-d1-euro","9":"product_cat-cout-entre-1-et-2-euros","10":"product_cat-dossiers-en-plastique-personnalises-ppl-pvc","11":"product_cat-gadget-publicitaire-personnalise-pharma-veterinaire-medecin-producteur-revendeur-subcat-fr","12":"product_cat-porte-documents-dossiers-personnalises","13":"pa_stampa-su-pvc-impression-pvc-1-couleur","14":"pa_stampa-su-pvc-impression-pvc-2-couleurs","15":"pa_stampa-su-pvc-impression-pvc-3-couleurs","16":"pa_stampa-su-pvc-impression-pvc-4-couleurs","18":"first","19":"instock","20":"purchasable","21":"product-type-variable","22":"has-default-attributes"},"yoast_head":"<!-- This site is optimized with the Yoast SEO Premium plugin v27.3 (Yoast SEO v27.3) - https:\/\/yoast.com\/product\/yoast-seo-premium-wordpress\/ -->\n<title>PVC Porte-carnet v\u00e9t\u00e9rinaire en PVC<\/title>\n<meta name=\"description\" content=\"Porte-carnet v\u00e9t\u00e9rinaire en PVC pour chiens et chats, avec 2 poches internes. Gadget sur mesure pour le v\u00e9t\u00e9rinaire. Id\u00e9al pour les documents de l&#039;animal.\" \/>\n<meta name=\"robots\" content=\"index, follow, max-snippet:-1, max-image-preview:large, max-video-preview:-1\" \/>\n<link rel=\"canonical\" href=\"https:\/\/proramillenote.it\/fr\/porte-livre-veterinaire-sku-234\/\" \/>\n<meta property=\"og:locale\" content=\"fr_FR\" \/>\n<meta property=\"og:type\" content=\"article\" \/>\n<meta property=\"og:title\" content=\"PVC Porte-carnet v\u00e9t\u00e9rinaire en PVC\" \/>\n<meta property=\"og:description\" content=\"Porte-carnet v\u00e9t\u00e9rinaire en PVC pour chiens et chats, avec 2 poches internes. Gadget sur mesure pour le v\u00e9t\u00e9rinaire. Id\u00e9al pour les documents de l&#039;animal.\" \/>\n<meta property=\"og:url\" content=\"https:\/\/proramillenote.it\/fr\/porte-livre-veterinaire-sku-234\/\" \/>\n<meta property=\"og:site_name\" content=\"Gadgets d\u2019entreprise et post-it personnalis\u00e9s\" \/>\n<meta property=\"article:modified_time\" content=\"2024-07-15T09:54:28+00:00\" \/>\n<meta property=\"og:image\" content=\"https:\/\/proramillenote.it\/wp-content\/uploads\/products-PortalibrettoVeterinario-copia.webp\" \/>\n\t<meta property=\"og:image:width\" content=\"600\" \/>\n\t<meta property=\"og:image:height\" content=\"600\" \/>\n\t<meta property=\"og:image:type\" content=\"image\/webp\" \/>\n<meta name=\"twitter:card\" content=\"summary_large_image\" \/>\n<script type=\"application\/ld+json\" class=\"yoast-schema-graph\">{\"@context\":\"https:\\\/\\\/schema.org\",\"@graph\":[{\"@type\":\"WebPage\",\"@id\":\"https:\\\/\\\/proramillenote.it\\\/fr\\\/porte-livre-veterinaire-sku-234\\\/\",\"url\":\"https:\\\/\\\/proramillenote.it\\\/fr\\\/porte-livre-veterinaire-sku-234\\\/\",\"name\":\"PVC Porte-carnet v\u00e9t\u00e9rinaire en PVC\",\"isPartOf\":{\"@id\":\"https:\\\/\\\/proramillenote.it\\\/fr\\\/#website\"},\"primaryImageOfPage\":{\"@id\":\"https:\\\/\\\/proramillenote.it\\\/fr\\\/porte-livre-veterinaire-sku-234\\\/#primaryimage\"},\"image\":{\"@id\":\"https:\\\/\\\/proramillenote.it\\\/fr\\\/porte-livre-veterinaire-sku-234\\\/#primaryimage\"},\"thumbnailUrl\":\"https:\\\/\\\/proramillenote.it\\\/wp-content\\\/uploads\\\/products-PortalibrettoVeterinario-copia.webp?wsr\",\"datePublished\":\"2016-07-13T11:28:44+00:00\",\"dateModified\":\"2024-07-15T09:54:28+00:00\",\"description\":\"Porte-carnet v\u00e9t\u00e9rinaire en PVC pour chiens et chats, avec 2 poches internes. Gadget sur mesure pour le v\u00e9t\u00e9rinaire. Id\u00e9al pour les documents de l'animal.\",\"breadcrumb\":{\"@id\":\"https:\\\/\\\/proramillenote.it\\\/fr\\\/porte-livre-veterinaire-sku-234\\\/#breadcrumb\"},\"inLanguage\":\"fr-FR\",\"potentialAction\":[{\"@type\":\"ReadAction\",\"target\":[\"https:\\\/\\\/proramillenote.it\\\/fr\\\/porte-livre-veterinaire-sku-234\\\/\"]}]},{\"@type\":\"ImageObject\",\"inLanguage\":\"fr-FR\",\"@id\":\"https:\\\/\\\/proramillenote.it\\\/fr\\\/porte-livre-veterinaire-sku-234\\\/#primaryimage\",\"url\":\"https:\\\/\\\/proramillenote.it\\\/wp-content\\\/uploads\\\/products-PortalibrettoVeterinario-copia.webp?wsr\",\"contentUrl\":\"https:\\\/\\\/proramillenote.it\\\/wp-content\\\/uploads\\\/products-PortalibrettoVeterinario-copia.webp?wsr\",\"width\":600,\"height\":600,\"caption\":\"Porte-document v\u00e9t\u00e9rinaire\"},{\"@type\":\"BreadcrumbList\",\"@id\":\"https:\\\/\\\/proramillenote.it\\\/fr\\\/porte-livre-veterinaire-sku-234\\\/#breadcrumb\",\"itemListElement\":[{\"@type\":\"ListItem\",\"position\":1,\"name\":\"Proramillenote\",\"item\":\"https:\\\/\\\/proramillenote.it\\\/fr\\\/\"},{\"@type\":\"ListItem\",\"position\":2,\"name\":\"Porte-carnet v\u00e9t\u00e9rinaire en PVC\"}]},{\"@type\":\"WebSite\",\"@id\":\"https:\\\/\\\/proramillenote.it\\\/fr\\\/#website\",\"url\":\"https:\\\/\\\/proramillenote.it\\\/fr\\\/\",\"name\":\"Proramillenote gadget aziendali e post-it personalizzati\",\"description\":\"Post-it personalizzati, block notes con logo e gadget aziendali per il marketing B2B. Specialisti in gadget promozionali per medici e aziende farmaceutiche.\",\"publisher\":{\"@id\":\"https:\\\/\\\/proramillenote.it\\\/fr\\\/#organization\"},\"alternateName\":\"Proramillenote\",\"potentialAction\":[{\"@type\":\"SearchAction\",\"target\":{\"@type\":\"EntryPoint\",\"urlTemplate\":\"https:\\\/\\\/proramillenote.it\\\/fr\\\/?s={search_term_string}\"},\"query-input\":{\"@type\":\"PropertyValueSpecification\",\"valueRequired\":true,\"valueName\":\"search_term_string\"}}],\"inLanguage\":\"fr-FR\"},{\"@type\":\"Organization\",\"@id\":\"https:\\\/\\\/proramillenote.it\\\/fr\\\/#organization\",\"name\":\"Proramillenote gadgets d\u2019entreprise et post-it personnalis\u00e9s\",\"alternateName\":\"Proramillenote\",\"url\":\"https:\\\/\\\/proramillenote.it\\\/fr\\\/\",\"logo\":{\"@type\":\"ImageObject\",\"inLanguage\":\"fr-FR\",\"@id\":\"https:\\\/\\\/proramillenote.it\\\/fr\\\/#\\\/schema\\\/logo\\\/image\\\/\",\"url\":\"https:\\\/\\\/proramillenote.it\\\/wp-content\\\/uploads\\\/papercube800.png?wsr\",\"contentUrl\":\"https:\\\/\\\/proramillenote.it\\\/wp-content\\\/uploads\\\/papercube800.png?wsr\",\"width\":800,\"height\":800,\"caption\":\"Proramillenote gadgets d\u2019entreprise et post-it personnalis\u00e9s\"},\"image\":{\"@id\":\"https:\\\/\\\/proramillenote.it\\\/fr\\\/#\\\/schema\\\/logo\\\/image\\\/\"},\"description\":\"\u2022 Specialista in produzione e commercio di gadget per medici e gadget per veterinari personalizzati. \u2022 Produzione di gadget aziendali per qualsiasi settore merceologico dal 1975. \u2022 Produttore di post-it personalizzati, post-it sagomati e cubi di carta personalizzati in stampa digitale oppure offset. Produttore di block-notes con logo. \u2022 Con cartotecnica creativa progettiamo KIT di post-it su misura, Made in Italy e di design italiano, insigniti del prestigioso premio europeo PGA Promotional Gift Award. \u2022 Concorso #Ossoduro \\\"Design di brand reminder da scrivania innovativi\\\" concepito per incoraggiare la creativit\u00e0 degli studenti di scuole secondarie di design e grafica. Annuale - Ed.7\u00b0 2024-2025. \u2022 Proramillenote \u00e8 produttore accreditato EUDAMED per la fornitura di DMClasse I \u2022 Proramillenote \u00e8 certificata FSC\u00ae Chain of custody.\",\"email\":\"customercare@proramillenote.it\",\"telephone\":\"+39 039616593\",\"legalName\":\"Proramillenote Srl\",\"foundingDate\":\"1972-01-01\",\"vatID\":\"10323920966\",\"taxID\":\"10323920966\",\"numberOfEmployees\":{\"@type\":\"QuantitativeValue\",\"minValue\":\"11\",\"maxValue\":\"50\"},\"publishingPrinciples\":\"https:\\\/\\\/proramillenote.it\\\/politica-su-etica\\\/\",\"ownershipFundingInfo\":\"https:\\\/\\\/proramillenote.it\\\/politica-su-etica\\\/\",\"actionableFeedbackPolicy\":\"https:\\\/\\\/proramillenote.it\\\/politica-su-etica\\\/\",\"correctionsPolicy\":\"https:\\\/\\\/proramillenote.it\\\/politica-su-etica\\\/\",\"ethicsPolicy\":\"https:\\\/\\\/proramillenote.it\\\/politica-su-etica\\\/\",\"diversityPolicy\":\"https:\\\/\\\/proramillenote.it\\\/politica-su-etica\\\/\",\"diversityStaffingReport\":\"https:\\\/\\\/proramillenote.it\\\/politica-su-etica\\\/\"}]}<\/script>\n<meta property=\"product:brand\" content=\"Fabricant Proramillenote\" \/>\n<meta property=\"og:availability\" content=\"instock\" \/>\n<meta property=\"product:availability\" content=\"instock\" \/>\n<meta property=\"product:retailer_item_id\" content=\"234\" \/>\n<meta property=\"product:condition\" content=\"new\" \/>\n<!-- \/ Yoast SEO Premium plugin. -->","yoast_head_json":{"title":"PVC Porte-carnet v\u00e9t\u00e9rinaire en PVC","description":"Porte-carnet v\u00e9t\u00e9rinaire en PVC pour chiens et chats, avec 2 poches internes. Gadget sur mesure pour le v\u00e9t\u00e9rinaire. Id\u00e9al pour les documents de l'animal.","robots":{"index":"index","follow":"follow","max-snippet":"max-snippet:-1","max-image-preview":"max-image-preview:large","max-video-preview":"max-video-preview:-1"},"canonical":"https:\/\/proramillenote.it\/fr\/porte-livre-veterinaire-sku-234\/","og_locale":"fr_FR","og_type":"article","og_title":"PVC Porte-carnet v\u00e9t\u00e9rinaire en PVC","og_description":"Porte-carnet v\u00e9t\u00e9rinaire en PVC pour chiens et chats, avec 2 poches internes. Gadget sur mesure pour le v\u00e9t\u00e9rinaire. Id\u00e9al pour les documents de l'animal.","og_url":"https:\/\/proramillenote.it\/fr\/porte-livre-veterinaire-sku-234\/","og_site_name":"Gadgets d\u2019entreprise et post-it personnalis\u00e9s","article_modified_time":"2024-07-15T09:54:28+00:00","og_image":[{"width":600,"height":600,"url":"https:\/\/proramillenote.it\/wp-content\/uploads\/products-PortalibrettoVeterinario-copia.webp","type":"image\/webp"}],"twitter_card":"summary_large_image","schema":{"@context":"https:\/\/schema.org","@graph":[{"@type":"WebPage","@id":"https:\/\/proramillenote.it\/fr\/porte-livre-veterinaire-sku-234\/","url":"https:\/\/proramillenote.it\/fr\/porte-livre-veterinaire-sku-234\/","name":"PVC Porte-carnet v\u00e9t\u00e9rinaire en PVC","isPartOf":{"@id":"https:\/\/proramillenote.it\/fr\/#website"},"primaryImageOfPage":{"@id":"https:\/\/proramillenote.it\/fr\/porte-livre-veterinaire-sku-234\/#primaryimage"},"image":{"@id":"https:\/\/proramillenote.it\/fr\/porte-livre-veterinaire-sku-234\/#primaryimage"},"thumbnailUrl":"https:\/\/proramillenote.it\/wp-content\/uploads\/products-PortalibrettoVeterinario-copia.webp?wsr","datePublished":"2016-07-13T11:28:44+00:00","dateModified":"2024-07-15T09:54:28+00:00","description":"Porte-carnet v\u00e9t\u00e9rinaire en PVC pour chiens et chats, avec 2 poches internes. Gadget sur mesure pour le v\u00e9t\u00e9rinaire. Id\u00e9al pour les documents de l'animal.","breadcrumb":{"@id":"https:\/\/proramillenote.it\/fr\/porte-livre-veterinaire-sku-234\/#breadcrumb"},"inLanguage":"fr-FR","potentialAction":[{"@type":"ReadAction","target":["https:\/\/proramillenote.it\/fr\/porte-livre-veterinaire-sku-234\/"]}]},{"@type":"ImageObject","inLanguage":"fr-FR","@id":"https:\/\/proramillenote.it\/fr\/porte-livre-veterinaire-sku-234\/#primaryimage","url":"https:\/\/proramillenote.it\/wp-content\/uploads\/products-PortalibrettoVeterinario-copia.webp?wsr","contentUrl":"https:\/\/proramillenote.it\/wp-content\/uploads\/products-PortalibrettoVeterinario-copia.webp?wsr","width":600,"height":600,"caption":"Porte-document v\u00e9t\u00e9rinaire"},{"@type":"BreadcrumbList","@id":"https:\/\/proramillenote.it\/fr\/porte-livre-veterinaire-sku-234\/#breadcrumb","itemListElement":[{"@type":"ListItem","position":1,"name":"Proramillenote","item":"https:\/\/proramillenote.it\/fr\/"},{"@type":"ListItem","position":2,"name":"Porte-carnet v\u00e9t\u00e9rinaire en PVC"}]},{"@type":"WebSite","@id":"https:\/\/proramillenote.it\/fr\/#website","url":"https:\/\/proramillenote.it\/fr\/","name":"Proramillenote gadget aziendali e post-it personalizzati","description":"Post-it personalizzati, block notes con logo e gadget aziendali per il marketing B2B. Specialisti in gadget promozionali per medici e aziende farmaceutiche.","publisher":{"@id":"https:\/\/proramillenote.it\/fr\/#organization"},"alternateName":"Proramillenote","potentialAction":[{"@type":"SearchAction","target":{"@type":"EntryPoint","urlTemplate":"https:\/\/proramillenote.it\/fr\/?s={search_term_string}"},"query-input":{"@type":"PropertyValueSpecification","valueRequired":true,"valueName":"search_term_string"}}],"inLanguage":"fr-FR"},{"@type":"Organization","@id":"https:\/\/proramillenote.it\/fr\/#organization","name":"Proramillenote gadgets d\u2019entreprise et post-it personnalis\u00e9s","alternateName":"Proramillenote","url":"https:\/\/proramillenote.it\/fr\/","logo":{"@type":"ImageObject","inLanguage":"fr-FR","@id":"https:\/\/proramillenote.it\/fr\/#\/schema\/logo\/image\/","url":"https:\/\/proramillenote.it\/wp-content\/uploads\/papercube800.png?wsr","contentUrl":"https:\/\/proramillenote.it\/wp-content\/uploads\/papercube800.png?wsr","width":800,"height":800,"caption":"Proramillenote gadgets d\u2019entreprise et post-it personnalis\u00e9s"},"image":{"@id":"https:\/\/proramillenote.it\/fr\/#\/schema\/logo\/image\/"},"description":"\u2022 Specialista in produzione e commercio di gadget per medici e gadget per veterinari personalizzati. \u2022 Produzione di gadget aziendali per qualsiasi settore merceologico dal 1975. \u2022 Produttore di post-it personalizzati, post-it sagomati e cubi di carta personalizzati in stampa digitale oppure offset. Produttore di block-notes con logo. \u2022 Con cartotecnica creativa progettiamo KIT di post-it su misura, Made in Italy e di design italiano, insigniti del prestigioso premio europeo PGA Promotional Gift Award. \u2022 Concorso #Ossoduro \"Design di brand reminder da scrivania innovativi\" concepito per incoraggiare la creativit\u00e0 degli studenti di scuole secondarie di design e grafica. Annuale - Ed.7\u00b0 2024-2025. \u2022 Proramillenote \u00e8 produttore accreditato EUDAMED per la fornitura di DMClasse I \u2022 Proramillenote \u00e8 certificata FSC\u00ae Chain of custody.","email":"customercare@proramillenote.it","telephone":"+39 039616593","legalName":"Proramillenote Srl","foundingDate":"1972-01-01","vatID":"10323920966","taxID":"10323920966","numberOfEmployees":{"@type":"QuantitativeValue","minValue":"11","maxValue":"50"},"publishingPrinciples":"https:\/\/proramillenote.it\/politica-su-etica\/","ownershipFundingInfo":"https:\/\/proramillenote.it\/politica-su-etica\/","actionableFeedbackPolicy":"https:\/\/proramillenote.it\/politica-su-etica\/","correctionsPolicy":"https:\/\/proramillenote.it\/politica-su-etica\/","ethicsPolicy":"https:\/\/proramillenote.it\/politica-su-etica\/","diversityPolicy":"https:\/\/proramillenote.it\/politica-su-etica\/","diversityStaffingReport":"https:\/\/proramillenote.it\/politica-su-etica\/"}]},"product_brand":"Fabricant Proramillenote","og_availability":"instock","product_availability":"instock","product_retailer_item_id":"234","product_condition":"new"},"_links":{"self":[{"href":"https:\/\/proramillenote.it\/fr\/wp-json\/wp\/v2\/product\/16425","targetHints":{"allow":["GET"]}}],"collection":[{"href":"https:\/\/proramillenote.it\/fr\/wp-json\/wp\/v2\/product"}],"about":[{"href":"https:\/\/proramillenote.it\/fr\/wp-json\/wp\/v2\/types\/product"}],"version-history":[{"count":0,"href":"https:\/\/proramillenote.it\/fr\/wp-json\/wp\/v2\/product\/16425\/revisions"}],"wp:featuredmedia":[{"embeddable":true,"href":"https:\/\/proramillenote.it\/fr\/wp-json\/wp\/v2\/media\/16426"}],"wp:attachment":[{"href":"https:\/\/proramillenote.it\/fr\/wp-json\/wp\/v2\/media?parent=16425"}],"wp:term":[{"taxonomy":"product_brand","embeddable":true,"href":"https:\/\/proramillenote.it\/fr\/wp-json\/wp\/v2\/product_brand?post=16425"},{"taxonomy":"product_cat","embeddable":true,"href":"https:\/\/proramillenote.it\/fr\/wp-json\/wp\/v2\/product_cat?post=16425"},{"taxonomy":"product_tag","embeddable":true,"href":"https:\/\/proramillenote.it\/fr\/wp-json\/wp\/v2\/product_tag?post=16425"}],"curies":[{"name":"wp","href":"https:\/\/api.w.org\/{rel}","templated":true}]}}