{"id":16461,"date":"2017-02-12T11:31:36","date_gmt":"2017-02-12T10:31:36","guid":{"rendered":"https:\/\/staging.proramillenote.it\/gadget\/portablocco-a4-con-molla-e-copertina-in-pvc-con-portapenne\/"},"modified":"2024-07-15T11:54:27","modified_gmt":"2024-07-15T09:54:27","slug":"porte-bloc-notes-a4-avec-ressort-et-couverture-en-pvc-avec-porte-stylo-sku-311","status":"publish","type":"product","link":"https:\/\/proramillenote.it\/fr\/porte-bloc-notes-a4-avec-ressort-et-couverture-en-pvc-avec-porte-stylo-sku-311\/","title":{"rendered":"Porte bloc-notes A4 en PVC avec pince"},"content":{"rendered":"<p>Le <strong>Porte bloc-notes A4 en PVC avec pince<\/strong> se compose d&rsquo;un porte-bloc au format A4 (bloc non inclus) avec une pince m\u00e9tallique pour une fixation s\u00fbre du bloc-notes. Il est fabriqu\u00e9 en carton rigide recouvert d&rsquo;un PVC expans\u00e9 \u00e9l\u00e9gant et protecteur de type TAM. La finition satin\u00e9e rend la chemise douce et agr\u00e9able au toucher. L&rsquo;int\u00e9rieur du porte-bloc est quant \u00e0 lui rev\u00eatu d&rsquo;un PVC de type Devon.<\/p>\n<p>Cet accessoire personnalis\u00e9 est pratique et r\u00e9sistant, offrant \u00e0 l&rsquo;utilisateur du bloc-notes un support rigide et imperm\u00e9able facile \u00e0 nettoyer. La chemise porte-bloc au format A4 est l&rsquo;outil de travail id\u00e9al pour les techniciens de chantier, les installateurs, les \u00e9lectriciens et toute personne prenant des notes debout.<\/p>\n<p>\u00c0 l&rsquo;arri\u00e8re, une poche pratique pour les documents et deux poches en PVC transparent de type Seta sont fix\u00e9es, id\u00e9ales pour ins\u00e9rer des cartes de visite ou de petites notes. Le support de stylo central est un \u00e9l\u00e9ment essentiel qui compl\u00e8te cet ensemble de bureau polyvalent pour le chantier. La pince m\u00e9tallique est \u00e9galement \u00e9quip\u00e9e d&rsquo;un crochet pour suspendre la chemise.<\/p>\n<p><strong>Caract\u00e9ristiques:<\/strong><\/p>\n<ul>\n<li>Couleurs standard PVC TAM et Devon: noir, bleu fonc\u00e9 et rouge<\/li>\n<li>Format ferm\u00e9: 23 x 32 cm, dos: 10 mm<\/li>\n<\/ul>\n<p><strong>Personnalisation:<\/strong><\/p>\n<ul>\n<li>Impression s\u00e9rigraphique en un ou plusieurs traits de couleur<\/li>\n<li>Impression num\u00e9rique<\/li>\n<\/ul>\n<p><strong>Accessoires, non inclus et \u00e0 demander s\u00e9par\u00e9ment:<\/strong><\/p>\n<ul>\n<li>Bloc-notes<\/li>\n<li>Stylo<\/li>\n<li>Cartes de visite<\/li>\n<\/ul>\n<h6>Quantit\u00e9 minimale de 100 pi\u00e8ces<\/h6>\n","protected":false},"excerpt":{"rendered":"<p>Porte bloc-notes A4 avec ressort, avec couverture en PVC et porte-stylo personnalis\u00e9<\/p>\n","protected":false},"featured_media":52678,"template":"","meta":[],"product_brand":[5132],"product_cat":[366,372,162,454],"product_tag":[],"class_list":{"0":"post-16461","1":"product","2":"type-product","3":"status-publish","4":"has-post-thumbnail","6":"product_brand-produzione-proramillenote","7":"product_cat-cartellette-di-plastica-personalizzate-ppl-pvc-porte-documents-dossiers-personnalises","8":"product_cat-porta-blocchi-e-porta-ricettari-per-medici","9":"product_cat-porta-documenti-archiviazione","10":"product_cat-portapenne-personalizzati-con-logo-aziendale","11":"pa_stampa-su-pvc-1-colore-su-pvc","12":"pa_stampa-su-pvc-2-colori-su-pvc","13":"pa_stampa-su-pvc-3-colori-su-pvc","14":"pa_stampa-su-pvc-stampa-digitale-su-pvc","16":"first","17":"instock","18":"purchasable","19":"product-type-variable","20":"has-default-attributes"},"yoast_head":"<!-- This site is optimized with the Yoast SEO Premium plugin v27.3 (Yoast SEO v27.3) - https:\/\/yoast.com\/product\/yoast-seo-premium-wordpress\/ -->\n<title>Covered PVC clipboard A4, A5 with penholder<\/title>\n<meta name=\"description\" content=\"Taylor made Covered PVC clipboard A4, A5 with penholder. Direct production\" \/>\n<meta name=\"robots\" content=\"index, follow, max-snippet:-1, max-image-preview:large, max-video-preview:-1\" \/>\n<link rel=\"canonical\" href=\"https:\/\/proramillenote.it\/fr\/porte-bloc-notes-a4-avec-ressort-et-couverture-en-pvc-avec-porte-stylo-sku-311\/\" \/>\n<meta property=\"og:locale\" content=\"fr_FR\" \/>\n<meta property=\"og:type\" content=\"article\" \/>\n<meta property=\"og:title\" content=\"Covered PVC clipboard A4, A5 with penholder\" \/>\n<meta property=\"og:description\" content=\"Taylor made Covered PVC clipboard A4, A5 with penholder. Direct production\" \/>\n<meta property=\"og:url\" content=\"https:\/\/proramillenote.it\/fr\/porte-bloc-notes-a4-avec-ressort-et-couverture-en-pvc-avec-porte-stylo-sku-311\/\" \/>\n<meta property=\"og:site_name\" content=\"Gadgets d\u2019entreprise et post-it personnalis\u00e9s\" \/>\n<meta property=\"article:modified_time\" content=\"2024-07-15T09:54:27+00:00\" \/>\n<meta property=\"og:image\" content=\"https:\/\/proramillenote.it\/wp-content\/uploads\/Portablocco_con_molla_Iperceramica_chiuso.webp\" \/>\n\t<meta property=\"og:image:width\" content=\"600\" \/>\n\t<meta property=\"og:image:height\" content=\"600\" \/>\n\t<meta property=\"og:image:type\" content=\"image\/webp\" \/>\n<meta name=\"twitter:card\" content=\"summary_large_image\" \/>\n<script type=\"application\/ld+json\" class=\"yoast-schema-graph\">{\"@context\":\"https:\\\/\\\/schema.org\",\"@graph\":[{\"@type\":\"WebPage\",\"@id\":\"https:\\\/\\\/proramillenote.it\\\/fr\\\/porte-bloc-notes-a4-avec-ressort-et-couverture-en-pvc-avec-porte-stylo-sku-311\\\/\",\"url\":\"https:\\\/\\\/proramillenote.it\\\/fr\\\/porte-bloc-notes-a4-avec-ressort-et-couverture-en-pvc-avec-porte-stylo-sku-311\\\/\",\"name\":\"Covered PVC clipboard A4, A5 with penholder\",\"isPartOf\":{\"@id\":\"https:\\\/\\\/proramillenote.it\\\/fr\\\/#website\"},\"primaryImageOfPage\":{\"@id\":\"https:\\\/\\\/proramillenote.it\\\/fr\\\/porte-bloc-notes-a4-avec-ressort-et-couverture-en-pvc-avec-porte-stylo-sku-311\\\/#primaryimage\"},\"image\":{\"@id\":\"https:\\\/\\\/proramillenote.it\\\/fr\\\/porte-bloc-notes-a4-avec-ressort-et-couverture-en-pvc-avec-porte-stylo-sku-311\\\/#primaryimage\"},\"thumbnailUrl\":\"https:\\\/\\\/proramillenote.it\\\/wp-content\\\/uploads\\\/Portablocco_con_molla_Iperceramica_chiuso.webp?wsr\",\"datePublished\":\"2017-02-12T10:31:36+00:00\",\"dateModified\":\"2024-07-15T09:54:27+00:00\",\"description\":\"Taylor made Covered PVC clipboard A4, A5 with penholder. Direct production\",\"breadcrumb\":{\"@id\":\"https:\\\/\\\/proramillenote.it\\\/fr\\\/porte-bloc-notes-a4-avec-ressort-et-couverture-en-pvc-avec-porte-stylo-sku-311\\\/#breadcrumb\"},\"inLanguage\":\"fr-FR\",\"potentialAction\":[{\"@type\":\"ReadAction\",\"target\":[\"https:\\\/\\\/proramillenote.it\\\/fr\\\/porte-bloc-notes-a4-avec-ressort-et-couverture-en-pvc-avec-porte-stylo-sku-311\\\/\"]}]},{\"@type\":\"ImageObject\",\"inLanguage\":\"fr-FR\",\"@id\":\"https:\\\/\\\/proramillenote.it\\\/fr\\\/porte-bloc-notes-a4-avec-ressort-et-couverture-en-pvc-avec-porte-stylo-sku-311\\\/#primaryimage\",\"url\":\"https:\\\/\\\/proramillenote.it\\\/wp-content\\\/uploads\\\/Portablocco_con_molla_Iperceramica_chiuso.webp?wsr\",\"contentUrl\":\"https:\\\/\\\/proramillenote.it\\\/wp-content\\\/uploads\\\/Portablocco_con_molla_Iperceramica_chiuso.webp?wsr\",\"width\":600,\"height\":600,\"caption\":\"Porte bloc-notes A4 en PVC - pince. Sujet ferm\u00e9, Iperceramica.\"},{\"@type\":\"BreadcrumbList\",\"@id\":\"https:\\\/\\\/proramillenote.it\\\/fr\\\/porte-bloc-notes-a4-avec-ressort-et-couverture-en-pvc-avec-porte-stylo-sku-311\\\/#breadcrumb\",\"itemListElement\":[{\"@type\":\"ListItem\",\"position\":1,\"name\":\"Proramillenote\",\"item\":\"https:\\\/\\\/proramillenote.it\\\/fr\\\/\"},{\"@type\":\"ListItem\",\"position\":2,\"name\":\"Porte bloc-notes A4 en PVC avec pince\"}]},{\"@type\":\"WebSite\",\"@id\":\"https:\\\/\\\/proramillenote.it\\\/fr\\\/#website\",\"url\":\"https:\\\/\\\/proramillenote.it\\\/fr\\\/\",\"name\":\"Proramillenote gadget aziendali e post-it personalizzati\",\"description\":\"Post-it personalizzati, block notes con logo e gadget aziendali per il marketing B2B. Specialisti in gadget promozionali per medici e aziende farmaceutiche.\",\"publisher\":{\"@id\":\"https:\\\/\\\/proramillenote.it\\\/fr\\\/#organization\"},\"alternateName\":\"Proramillenote\",\"potentialAction\":[{\"@type\":\"SearchAction\",\"target\":{\"@type\":\"EntryPoint\",\"urlTemplate\":\"https:\\\/\\\/proramillenote.it\\\/fr\\\/?s={search_term_string}\"},\"query-input\":{\"@type\":\"PropertyValueSpecification\",\"valueRequired\":true,\"valueName\":\"search_term_string\"}}],\"inLanguage\":\"fr-FR\"},{\"@type\":\"Organization\",\"@id\":\"https:\\\/\\\/proramillenote.it\\\/fr\\\/#organization\",\"name\":\"Proramillenote gadgets d\u2019entreprise et post-it personnalis\u00e9s\",\"alternateName\":\"Proramillenote\",\"url\":\"https:\\\/\\\/proramillenote.it\\\/fr\\\/\",\"logo\":{\"@type\":\"ImageObject\",\"inLanguage\":\"fr-FR\",\"@id\":\"https:\\\/\\\/proramillenote.it\\\/fr\\\/#\\\/schema\\\/logo\\\/image\\\/\",\"url\":\"https:\\\/\\\/proramillenote.it\\\/wp-content\\\/uploads\\\/papercube800.png?wsr\",\"contentUrl\":\"https:\\\/\\\/proramillenote.it\\\/wp-content\\\/uploads\\\/papercube800.png?wsr\",\"width\":800,\"height\":800,\"caption\":\"Proramillenote gadgets d\u2019entreprise et post-it personnalis\u00e9s\"},\"image\":{\"@id\":\"https:\\\/\\\/proramillenote.it\\\/fr\\\/#\\\/schema\\\/logo\\\/image\\\/\"},\"description\":\"\u2022 Specialista in produzione e commercio di gadget per medici e gadget per veterinari personalizzati. \u2022 Produzione di gadget aziendali per qualsiasi settore merceologico dal 1975. \u2022 Produttore di post-it personalizzati, post-it sagomati e cubi di carta personalizzati in stampa digitale oppure offset. Produttore di block-notes con logo. \u2022 Con cartotecnica creativa progettiamo KIT di post-it su misura, Made in Italy e di design italiano, insigniti del prestigioso premio europeo PGA Promotional Gift Award. \u2022 Concorso #Ossoduro \\\"Design di brand reminder da scrivania innovativi\\\" concepito per incoraggiare la creativit\u00e0 degli studenti di scuole secondarie di design e grafica. Annuale - Ed.7\u00b0 2024-2025. \u2022 Proramillenote \u00e8 produttore accreditato EUDAMED per la fornitura di DMClasse I \u2022 Proramillenote \u00e8 certificata FSC\u00ae Chain of custody.\",\"email\":\"customercare@proramillenote.it\",\"telephone\":\"+39 039616593\",\"legalName\":\"Proramillenote Srl\",\"foundingDate\":\"1972-01-01\",\"vatID\":\"10323920966\",\"taxID\":\"10323920966\",\"numberOfEmployees\":{\"@type\":\"QuantitativeValue\",\"minValue\":\"11\",\"maxValue\":\"50\"},\"publishingPrinciples\":\"https:\\\/\\\/proramillenote.it\\\/politica-su-etica\\\/\",\"ownershipFundingInfo\":\"https:\\\/\\\/proramillenote.it\\\/politica-su-etica\\\/\",\"actionableFeedbackPolicy\":\"https:\\\/\\\/proramillenote.it\\\/politica-su-etica\\\/\",\"correctionsPolicy\":\"https:\\\/\\\/proramillenote.it\\\/politica-su-etica\\\/\",\"ethicsPolicy\":\"https:\\\/\\\/proramillenote.it\\\/politica-su-etica\\\/\",\"diversityPolicy\":\"https:\\\/\\\/proramillenote.it\\\/politica-su-etica\\\/\",\"diversityStaffingReport\":\"https:\\\/\\\/proramillenote.it\\\/politica-su-etica\\\/\"}]}<\/script>\n<meta property=\"product:brand\" content=\"Proramillenote\" \/>\n<meta property=\"og:availability\" content=\"instock\" \/>\n<meta property=\"product:availability\" content=\"instock\" \/>\n<meta property=\"product:retailer_item_id\" content=\"311\" \/>\n<meta property=\"product:condition\" content=\"new\" \/>\n<!-- \/ Yoast SEO Premium plugin. -->","yoast_head_json":{"title":"Covered PVC clipboard A4, A5 with penholder","description":"Taylor made Covered PVC clipboard A4, A5 with penholder. Direct production","robots":{"index":"index","follow":"follow","max-snippet":"max-snippet:-1","max-image-preview":"max-image-preview:large","max-video-preview":"max-video-preview:-1"},"canonical":"https:\/\/proramillenote.it\/fr\/porte-bloc-notes-a4-avec-ressort-et-couverture-en-pvc-avec-porte-stylo-sku-311\/","og_locale":"fr_FR","og_type":"article","og_title":"Covered PVC clipboard A4, A5 with penholder","og_description":"Taylor made Covered PVC clipboard A4, A5 with penholder. Direct production","og_url":"https:\/\/proramillenote.it\/fr\/porte-bloc-notes-a4-avec-ressort-et-couverture-en-pvc-avec-porte-stylo-sku-311\/","og_site_name":"Gadgets d\u2019entreprise et post-it personnalis\u00e9s","article_modified_time":"2024-07-15T09:54:27+00:00","og_image":[{"width":600,"height":600,"url":"https:\/\/proramillenote.it\/wp-content\/uploads\/Portablocco_con_molla_Iperceramica_chiuso.webp","type":"image\/webp"}],"twitter_card":"summary_large_image","schema":{"@context":"https:\/\/schema.org","@graph":[{"@type":"WebPage","@id":"https:\/\/proramillenote.it\/fr\/porte-bloc-notes-a4-avec-ressort-et-couverture-en-pvc-avec-porte-stylo-sku-311\/","url":"https:\/\/proramillenote.it\/fr\/porte-bloc-notes-a4-avec-ressort-et-couverture-en-pvc-avec-porte-stylo-sku-311\/","name":"Covered PVC clipboard A4, A5 with penholder","isPartOf":{"@id":"https:\/\/proramillenote.it\/fr\/#website"},"primaryImageOfPage":{"@id":"https:\/\/proramillenote.it\/fr\/porte-bloc-notes-a4-avec-ressort-et-couverture-en-pvc-avec-porte-stylo-sku-311\/#primaryimage"},"image":{"@id":"https:\/\/proramillenote.it\/fr\/porte-bloc-notes-a4-avec-ressort-et-couverture-en-pvc-avec-porte-stylo-sku-311\/#primaryimage"},"thumbnailUrl":"https:\/\/proramillenote.it\/wp-content\/uploads\/Portablocco_con_molla_Iperceramica_chiuso.webp?wsr","datePublished":"2017-02-12T10:31:36+00:00","dateModified":"2024-07-15T09:54:27+00:00","description":"Taylor made Covered PVC clipboard A4, A5 with penholder. Direct production","breadcrumb":{"@id":"https:\/\/proramillenote.it\/fr\/porte-bloc-notes-a4-avec-ressort-et-couverture-en-pvc-avec-porte-stylo-sku-311\/#breadcrumb"},"inLanguage":"fr-FR","potentialAction":[{"@type":"ReadAction","target":["https:\/\/proramillenote.it\/fr\/porte-bloc-notes-a4-avec-ressort-et-couverture-en-pvc-avec-porte-stylo-sku-311\/"]}]},{"@type":"ImageObject","inLanguage":"fr-FR","@id":"https:\/\/proramillenote.it\/fr\/porte-bloc-notes-a4-avec-ressort-et-couverture-en-pvc-avec-porte-stylo-sku-311\/#primaryimage","url":"https:\/\/proramillenote.it\/wp-content\/uploads\/Portablocco_con_molla_Iperceramica_chiuso.webp?wsr","contentUrl":"https:\/\/proramillenote.it\/wp-content\/uploads\/Portablocco_con_molla_Iperceramica_chiuso.webp?wsr","width":600,"height":600,"caption":"Porte bloc-notes A4 en PVC - pince. Sujet ferm\u00e9, Iperceramica."},{"@type":"BreadcrumbList","@id":"https:\/\/proramillenote.it\/fr\/porte-bloc-notes-a4-avec-ressort-et-couverture-en-pvc-avec-porte-stylo-sku-311\/#breadcrumb","itemListElement":[{"@type":"ListItem","position":1,"name":"Proramillenote","item":"https:\/\/proramillenote.it\/fr\/"},{"@type":"ListItem","position":2,"name":"Porte bloc-notes A4 en PVC avec pince"}]},{"@type":"WebSite","@id":"https:\/\/proramillenote.it\/fr\/#website","url":"https:\/\/proramillenote.it\/fr\/","name":"Proramillenote gadget aziendali e post-it personalizzati","description":"Post-it personalizzati, block notes con logo e gadget aziendali per il marketing B2B. Specialisti in gadget promozionali per medici e aziende farmaceutiche.","publisher":{"@id":"https:\/\/proramillenote.it\/fr\/#organization"},"alternateName":"Proramillenote","potentialAction":[{"@type":"SearchAction","target":{"@type":"EntryPoint","urlTemplate":"https:\/\/proramillenote.it\/fr\/?s={search_term_string}"},"query-input":{"@type":"PropertyValueSpecification","valueRequired":true,"valueName":"search_term_string"}}],"inLanguage":"fr-FR"},{"@type":"Organization","@id":"https:\/\/proramillenote.it\/fr\/#organization","name":"Proramillenote gadgets d\u2019entreprise et post-it personnalis\u00e9s","alternateName":"Proramillenote","url":"https:\/\/proramillenote.it\/fr\/","logo":{"@type":"ImageObject","inLanguage":"fr-FR","@id":"https:\/\/proramillenote.it\/fr\/#\/schema\/logo\/image\/","url":"https:\/\/proramillenote.it\/wp-content\/uploads\/papercube800.png?wsr","contentUrl":"https:\/\/proramillenote.it\/wp-content\/uploads\/papercube800.png?wsr","width":800,"height":800,"caption":"Proramillenote gadgets d\u2019entreprise et post-it personnalis\u00e9s"},"image":{"@id":"https:\/\/proramillenote.it\/fr\/#\/schema\/logo\/image\/"},"description":"\u2022 Specialista in produzione e commercio di gadget per medici e gadget per veterinari personalizzati. \u2022 Produzione di gadget aziendali per qualsiasi settore merceologico dal 1975. \u2022 Produttore di post-it personalizzati, post-it sagomati e cubi di carta personalizzati in stampa digitale oppure offset. Produttore di block-notes con logo. \u2022 Con cartotecnica creativa progettiamo KIT di post-it su misura, Made in Italy e di design italiano, insigniti del prestigioso premio europeo PGA Promotional Gift Award. \u2022 Concorso #Ossoduro \"Design di brand reminder da scrivania innovativi\" concepito per incoraggiare la creativit\u00e0 degli studenti di scuole secondarie di design e grafica. Annuale - Ed.7\u00b0 2024-2025. \u2022 Proramillenote \u00e8 produttore accreditato EUDAMED per la fornitura di DMClasse I \u2022 Proramillenote \u00e8 certificata FSC\u00ae Chain of custody.","email":"customercare@proramillenote.it","telephone":"+39 039616593","legalName":"Proramillenote Srl","foundingDate":"1972-01-01","vatID":"10323920966","taxID":"10323920966","numberOfEmployees":{"@type":"QuantitativeValue","minValue":"11","maxValue":"50"},"publishingPrinciples":"https:\/\/proramillenote.it\/politica-su-etica\/","ownershipFundingInfo":"https:\/\/proramillenote.it\/politica-su-etica\/","actionableFeedbackPolicy":"https:\/\/proramillenote.it\/politica-su-etica\/","correctionsPolicy":"https:\/\/proramillenote.it\/politica-su-etica\/","ethicsPolicy":"https:\/\/proramillenote.it\/politica-su-etica\/","diversityPolicy":"https:\/\/proramillenote.it\/politica-su-etica\/","diversityStaffingReport":"https:\/\/proramillenote.it\/politica-su-etica\/"}]},"product_brand":"Proramillenote","og_availability":"instock","product_availability":"instock","product_retailer_item_id":"311","product_condition":"new"},"_links":{"self":[{"href":"https:\/\/proramillenote.it\/fr\/wp-json\/wp\/v2\/product\/16461","targetHints":{"allow":["GET"]}}],"collection":[{"href":"https:\/\/proramillenote.it\/fr\/wp-json\/wp\/v2\/product"}],"about":[{"href":"https:\/\/proramillenote.it\/fr\/wp-json\/wp\/v2\/types\/product"}],"version-history":[{"count":0,"href":"https:\/\/proramillenote.it\/fr\/wp-json\/wp\/v2\/product\/16461\/revisions"}],"wp:featuredmedia":[{"embeddable":true,"href":"https:\/\/proramillenote.it\/fr\/wp-json\/wp\/v2\/media\/52678"}],"wp:attachment":[{"href":"https:\/\/proramillenote.it\/fr\/wp-json\/wp\/v2\/media?parent=16461"}],"wp:term":[{"taxonomy":"product_brand","embeddable":true,"href":"https:\/\/proramillenote.it\/fr\/wp-json\/wp\/v2\/product_brand?post=16461"},{"taxonomy":"product_cat","embeddable":true,"href":"https:\/\/proramillenote.it\/fr\/wp-json\/wp\/v2\/product_cat?post=16461"},{"taxonomy":"product_tag","embeddable":true,"href":"https:\/\/proramillenote.it\/fr\/wp-json\/wp\/v2\/product_tag?post=16461"}],"curies":[{"name":"wp","href":"https:\/\/api.w.org\/{rel}","templated":true}]}}