{"id":16468,"date":"2017-02-12T11:31:36","date_gmt":"2017-02-12T10:31:36","guid":{"rendered":"https:\/\/staging.proramillenote.it\/gadget\/portablocco-in-ppl-a4-a5-con-portapenne\/"},"modified":"2024-07-15T11:55:53","modified_gmt":"2024-07-15T09:55:53","slug":"ppl-porte-bloc-notes-a4-a5-avec-porte-stylo-sku-316","status":"publish","type":"product","link":"https:\/\/proramillenote.it\/fr\/ppl-porte-bloc-notes-a4-a5-avec-porte-stylo-sku-316\/","title":{"rendered":"PPL Porte bloc-notes A4\/A5 avec porte-stylo"},"content":{"rendered":"<p>Porte bloc-notes ou porte carnet d&rsquo;ordonnances en polypropyl\u00e8ne avec fermeture et porte-stylo.<br \/>\nFormat<br \/>\n&#8211; A4<br \/>\n&#8211; A5<br \/>\n\u00c9paisseur du PPL<br \/>\n&#8211; 0,5 mm<br \/>\nChoix de la fermeture<br \/>\n&#8211; Languette d&#8217;embo\u00eetement<br \/>\n&#8211; \u00e9lastique<br \/>\nPersonnalisation<br \/>\n&#8211; Impression du logo sur la couverture avant (1 \u00e0 4 couleurs)<br \/>\n&#8211; S\u00e9rigraphie d&rsquo;images coordonn\u00e9es sur 4 pages (de 1 \u00e0 4 couleurs)<\/p>\n<h6>Commande minimale: 300 pi\u00e8ces<\/h6>\n<p>Accessoires<br \/>\nLes accessoires ne sont pas inclus dans le co\u00fbt<br \/>\nVeuillez demander au service client\u00e8le un devis sp\u00e9cifique pour les accessoires personnalis\u00e9s.<br \/>\n&#8211; Bloc-notes A5<br \/>\n&#8211; Bloc-notes A4<br \/>\n&#8211; Stylo<\/p>\n","protected":false},"excerpt":{"rendered":"<p>Porte bloc-notes PPL personnalis\u00e9 \u00e0 l&rsquo;image de l&rsquo;entreprise, avec porte-stylo<\/p>\n","protected":false},"featured_media":16469,"template":"","meta":[],"product_brand":[5138],"product_cat":[5195,1282,1286,1281,1293],"product_tag":[],"class_list":{"0":"post-16468","1":"product","2":"type-product","3":"status-publish","4":"has-post-thumbnail","6":"product_brand-fabricant-proramillenote","7":"product_cat-cout-entre-1-et-2-euros","8":"product_cat-dossiers-en-plastique-personnalises-ppl-pvc","9":"product_cat-porte-bloc-notes-et-carnets-dordonnances-pour-les-medecins","10":"product_cat-porte-documents-dossiers-personnalises","11":"product_cat-porte-stylos-personnalise-avec-le-logo-de-l-entreprise","12":"pa_stampa-ppl-numero-colori-4-couleurs-impression-sur-ppl","14":"first","15":"instock","16":"purchasable","17":"product-type-variable","18":"has-default-attributes"},"yoast_head":"<!-- This site is optimized with the Yoast SEO Premium plugin v27.3 (Yoast SEO v27.3) - https:\/\/yoast.com\/product\/yoast-seo-premium-wordpress\/ -->\n<title>Plastic memopad holder customized with logo<\/title>\n<meta name=\"description\" content=\"Taylor made plastic memopad holder customized with logo. Direct production\" \/>\n<meta name=\"robots\" content=\"index, follow, max-snippet:-1, max-image-preview:large, max-video-preview:-1\" \/>\n<link rel=\"canonical\" href=\"https:\/\/proramillenote.it\/fr\/ppl-porte-bloc-notes-a4-a5-avec-porte-stylo-sku-316\/\" \/>\n<meta property=\"og:locale\" content=\"fr_FR\" \/>\n<meta property=\"og:type\" content=\"article\" \/>\n<meta property=\"og:title\" content=\"Plastic memopad holder customized with logo\" \/>\n<meta property=\"og:description\" content=\"Taylor made plastic memopad holder customized with logo. Direct production\" \/>\n<meta property=\"og:url\" content=\"https:\/\/proramillenote.it\/fr\/ppl-porte-bloc-notes-a4-a5-avec-porte-stylo-sku-316\/\" \/>\n<meta property=\"og:site_name\" content=\"Gadgets d\u2019entreprise et post-it personnalis\u00e9s\" \/>\n<meta property=\"article:modified_time\" content=\"2024-07-15T09:55:53+00:00\" \/>\n<meta property=\"og:image\" content=\"https:\/\/proramillenote.it\/wp-content\/uploads\/2017\/02\/portablocco-blu-ppl-cariplo-2.webp\" \/>\n\t<meta property=\"og:image:width\" content=\"600\" \/>\n\t<meta property=\"og:image:height\" content=\"600\" \/>\n\t<meta property=\"og:image:type\" content=\"image\/webp\" \/>\n<meta name=\"twitter:card\" content=\"summary_large_image\" \/>\n<script type=\"application\/ld+json\" class=\"yoast-schema-graph\">{\"@context\":\"https:\\\/\\\/schema.org\",\"@graph\":[{\"@type\":\"WebPage\",\"@id\":\"https:\\\/\\\/proramillenote.it\\\/fr\\\/ppl-porte-bloc-notes-a4-a5-avec-porte-stylo-sku-316\\\/\",\"url\":\"https:\\\/\\\/proramillenote.it\\\/fr\\\/ppl-porte-bloc-notes-a4-a5-avec-porte-stylo-sku-316\\\/\",\"name\":\"Plastic memopad holder customized with logo\",\"isPartOf\":{\"@id\":\"https:\\\/\\\/proramillenote.it\\\/fr\\\/#website\"},\"primaryImageOfPage\":{\"@id\":\"https:\\\/\\\/proramillenote.it\\\/fr\\\/ppl-porte-bloc-notes-a4-a5-avec-porte-stylo-sku-316\\\/#primaryimage\"},\"image\":{\"@id\":\"https:\\\/\\\/proramillenote.it\\\/fr\\\/ppl-porte-bloc-notes-a4-a5-avec-porte-stylo-sku-316\\\/#primaryimage\"},\"thumbnailUrl\":\"https:\\\/\\\/proramillenote.it\\\/wp-content\\\/uploads\\\/2017\\\/02\\\/portablocco-blu-ppl-cariplo-2.webp?wsr\",\"datePublished\":\"2017-02-12T10:31:36+00:00\",\"dateModified\":\"2024-07-15T09:55:53+00:00\",\"description\":\"Taylor made plastic memopad holder customized with logo. Direct production\",\"breadcrumb\":{\"@id\":\"https:\\\/\\\/proramillenote.it\\\/fr\\\/ppl-porte-bloc-notes-a4-a5-avec-porte-stylo-sku-316\\\/#breadcrumb\"},\"inLanguage\":\"fr-FR\",\"potentialAction\":[{\"@type\":\"ReadAction\",\"target\":[\"https:\\\/\\\/proramillenote.it\\\/fr\\\/ppl-porte-bloc-notes-a4-a5-avec-porte-stylo-sku-316\\\/\"]}]},{\"@type\":\"ImageObject\",\"inLanguage\":\"fr-FR\",\"@id\":\"https:\\\/\\\/proramillenote.it\\\/fr\\\/ppl-porte-bloc-notes-a4-a5-avec-porte-stylo-sku-316\\\/#primaryimage\",\"url\":\"https:\\\/\\\/proramillenote.it\\\/wp-content\\\/uploads\\\/2017\\\/02\\\/portablocco-blu-ppl-cariplo-2.webp?wsr\",\"contentUrl\":\"https:\\\/\\\/proramillenote.it\\\/wp-content\\\/uploads\\\/2017\\\/02\\\/portablocco-blu-ppl-cariplo-2.webp?wsr\",\"width\":600,\"height\":600,\"caption\":\"Porte bloc-notes PPL personnalis\u00e9 \u00e0 l'image de l'entreprise, avec porte-stylo\"},{\"@type\":\"BreadcrumbList\",\"@id\":\"https:\\\/\\\/proramillenote.it\\\/fr\\\/ppl-porte-bloc-notes-a4-a5-avec-porte-stylo-sku-316\\\/#breadcrumb\",\"itemListElement\":[{\"@type\":\"ListItem\",\"position\":1,\"name\":\"Proramillenote\",\"item\":\"https:\\\/\\\/proramillenote.it\\\/fr\\\/\"},{\"@type\":\"ListItem\",\"position\":2,\"name\":\"PPL Porte bloc-notes A4\\\/A5 avec porte-stylo\"}]},{\"@type\":\"WebSite\",\"@id\":\"https:\\\/\\\/proramillenote.it\\\/fr\\\/#website\",\"url\":\"https:\\\/\\\/proramillenote.it\\\/fr\\\/\",\"name\":\"Proramillenote gadget aziendali e post-it personalizzati\",\"description\":\"Post-it personalizzati, block notes con logo e gadget aziendali per il marketing B2B. Specialisti in gadget promozionali per medici e aziende farmaceutiche.\",\"publisher\":{\"@id\":\"https:\\\/\\\/proramillenote.it\\\/fr\\\/#organization\"},\"alternateName\":\"Proramillenote\",\"potentialAction\":[{\"@type\":\"SearchAction\",\"target\":{\"@type\":\"EntryPoint\",\"urlTemplate\":\"https:\\\/\\\/proramillenote.it\\\/fr\\\/?s={search_term_string}\"},\"query-input\":{\"@type\":\"PropertyValueSpecification\",\"valueRequired\":true,\"valueName\":\"search_term_string\"}}],\"inLanguage\":\"fr-FR\"},{\"@type\":\"Organization\",\"@id\":\"https:\\\/\\\/proramillenote.it\\\/fr\\\/#organization\",\"name\":\"Proramillenote gadgets d\u2019entreprise et post-it personnalis\u00e9s\",\"alternateName\":\"Proramillenote\",\"url\":\"https:\\\/\\\/proramillenote.it\\\/fr\\\/\",\"logo\":{\"@type\":\"ImageObject\",\"inLanguage\":\"fr-FR\",\"@id\":\"https:\\\/\\\/proramillenote.it\\\/fr\\\/#\\\/schema\\\/logo\\\/image\\\/\",\"url\":\"https:\\\/\\\/proramillenote.it\\\/wp-content\\\/uploads\\\/papercube800.png?wsr\",\"contentUrl\":\"https:\\\/\\\/proramillenote.it\\\/wp-content\\\/uploads\\\/papercube800.png?wsr\",\"width\":800,\"height\":800,\"caption\":\"Proramillenote gadgets d\u2019entreprise et post-it personnalis\u00e9s\"},\"image\":{\"@id\":\"https:\\\/\\\/proramillenote.it\\\/fr\\\/#\\\/schema\\\/logo\\\/image\\\/\"},\"description\":\"\u2022 Specialista in produzione e commercio di gadget per medici e gadget per veterinari personalizzati. \u2022 Produzione di gadget aziendali per qualsiasi settore merceologico dal 1975. \u2022 Produttore di post-it personalizzati, post-it sagomati e cubi di carta personalizzati in stampa digitale oppure offset. Produttore di block-notes con logo. \u2022 Con cartotecnica creativa progettiamo KIT di post-it su misura, Made in Italy e di design italiano, insigniti del prestigioso premio europeo PGA Promotional Gift Award. \u2022 Concorso #Ossoduro \\\"Design di brand reminder da scrivania innovativi\\\" concepito per incoraggiare la creativit\u00e0 degli studenti di scuole secondarie di design e grafica. Annuale - Ed.7\u00b0 2024-2025. \u2022 Proramillenote \u00e8 produttore accreditato EUDAMED per la fornitura di DMClasse I \u2022 Proramillenote \u00e8 certificata FSC\u00ae Chain of custody.\",\"email\":\"customercare@proramillenote.it\",\"telephone\":\"+39 039616593\",\"legalName\":\"Proramillenote Srl\",\"foundingDate\":\"1972-01-01\",\"vatID\":\"10323920966\",\"taxID\":\"10323920966\",\"numberOfEmployees\":{\"@type\":\"QuantitativeValue\",\"minValue\":\"11\",\"maxValue\":\"50\"},\"publishingPrinciples\":\"https:\\\/\\\/proramillenote.it\\\/politica-su-etica\\\/\",\"ownershipFundingInfo\":\"https:\\\/\\\/proramillenote.it\\\/politica-su-etica\\\/\",\"actionableFeedbackPolicy\":\"https:\\\/\\\/proramillenote.it\\\/politica-su-etica\\\/\",\"correctionsPolicy\":\"https:\\\/\\\/proramillenote.it\\\/politica-su-etica\\\/\",\"ethicsPolicy\":\"https:\\\/\\\/proramillenote.it\\\/politica-su-etica\\\/\",\"diversityPolicy\":\"https:\\\/\\\/proramillenote.it\\\/politica-su-etica\\\/\",\"diversityStaffingReport\":\"https:\\\/\\\/proramillenote.it\\\/politica-su-etica\\\/\"}]}<\/script>\n<meta property=\"product:brand\" content=\"Fabricant Proramillenote\" \/>\n<meta property=\"og:availability\" content=\"instock\" \/>\n<meta property=\"product:availability\" content=\"instock\" \/>\n<meta property=\"product:retailer_item_id\" content=\"316\" \/>\n<meta property=\"product:condition\" content=\"new\" \/>\n<!-- \/ Yoast SEO Premium plugin. -->","yoast_head_json":{"title":"Plastic memopad holder customized with logo","description":"Taylor made plastic memopad holder customized with logo. Direct production","robots":{"index":"index","follow":"follow","max-snippet":"max-snippet:-1","max-image-preview":"max-image-preview:large","max-video-preview":"max-video-preview:-1"},"canonical":"https:\/\/proramillenote.it\/fr\/ppl-porte-bloc-notes-a4-a5-avec-porte-stylo-sku-316\/","og_locale":"fr_FR","og_type":"article","og_title":"Plastic memopad holder customized with logo","og_description":"Taylor made plastic memopad holder customized with logo. Direct production","og_url":"https:\/\/proramillenote.it\/fr\/ppl-porte-bloc-notes-a4-a5-avec-porte-stylo-sku-316\/","og_site_name":"Gadgets d\u2019entreprise et post-it personnalis\u00e9s","article_modified_time":"2024-07-15T09:55:53+00:00","og_image":[{"width":600,"height":600,"url":"https:\/\/proramillenote.it\/wp-content\/uploads\/2017\/02\/portablocco-blu-ppl-cariplo-2.webp","type":"image\/webp"}],"twitter_card":"summary_large_image","schema":{"@context":"https:\/\/schema.org","@graph":[{"@type":"WebPage","@id":"https:\/\/proramillenote.it\/fr\/ppl-porte-bloc-notes-a4-a5-avec-porte-stylo-sku-316\/","url":"https:\/\/proramillenote.it\/fr\/ppl-porte-bloc-notes-a4-a5-avec-porte-stylo-sku-316\/","name":"Plastic memopad holder customized with logo","isPartOf":{"@id":"https:\/\/proramillenote.it\/fr\/#website"},"primaryImageOfPage":{"@id":"https:\/\/proramillenote.it\/fr\/ppl-porte-bloc-notes-a4-a5-avec-porte-stylo-sku-316\/#primaryimage"},"image":{"@id":"https:\/\/proramillenote.it\/fr\/ppl-porte-bloc-notes-a4-a5-avec-porte-stylo-sku-316\/#primaryimage"},"thumbnailUrl":"https:\/\/proramillenote.it\/wp-content\/uploads\/2017\/02\/portablocco-blu-ppl-cariplo-2.webp?wsr","datePublished":"2017-02-12T10:31:36+00:00","dateModified":"2024-07-15T09:55:53+00:00","description":"Taylor made plastic memopad holder customized with logo. Direct production","breadcrumb":{"@id":"https:\/\/proramillenote.it\/fr\/ppl-porte-bloc-notes-a4-a5-avec-porte-stylo-sku-316\/#breadcrumb"},"inLanguage":"fr-FR","potentialAction":[{"@type":"ReadAction","target":["https:\/\/proramillenote.it\/fr\/ppl-porte-bloc-notes-a4-a5-avec-porte-stylo-sku-316\/"]}]},{"@type":"ImageObject","inLanguage":"fr-FR","@id":"https:\/\/proramillenote.it\/fr\/ppl-porte-bloc-notes-a4-a5-avec-porte-stylo-sku-316\/#primaryimage","url":"https:\/\/proramillenote.it\/wp-content\/uploads\/2017\/02\/portablocco-blu-ppl-cariplo-2.webp?wsr","contentUrl":"https:\/\/proramillenote.it\/wp-content\/uploads\/2017\/02\/portablocco-blu-ppl-cariplo-2.webp?wsr","width":600,"height":600,"caption":"Porte bloc-notes PPL personnalis\u00e9 \u00e0 l'image de l'entreprise, avec porte-stylo"},{"@type":"BreadcrumbList","@id":"https:\/\/proramillenote.it\/fr\/ppl-porte-bloc-notes-a4-a5-avec-porte-stylo-sku-316\/#breadcrumb","itemListElement":[{"@type":"ListItem","position":1,"name":"Proramillenote","item":"https:\/\/proramillenote.it\/fr\/"},{"@type":"ListItem","position":2,"name":"PPL Porte bloc-notes A4\/A5 avec porte-stylo"}]},{"@type":"WebSite","@id":"https:\/\/proramillenote.it\/fr\/#website","url":"https:\/\/proramillenote.it\/fr\/","name":"Proramillenote gadget aziendali e post-it personalizzati","description":"Post-it personalizzati, block notes con logo e gadget aziendali per il marketing B2B. Specialisti in gadget promozionali per medici e aziende farmaceutiche.","publisher":{"@id":"https:\/\/proramillenote.it\/fr\/#organization"},"alternateName":"Proramillenote","potentialAction":[{"@type":"SearchAction","target":{"@type":"EntryPoint","urlTemplate":"https:\/\/proramillenote.it\/fr\/?s={search_term_string}"},"query-input":{"@type":"PropertyValueSpecification","valueRequired":true,"valueName":"search_term_string"}}],"inLanguage":"fr-FR"},{"@type":"Organization","@id":"https:\/\/proramillenote.it\/fr\/#organization","name":"Proramillenote gadgets d\u2019entreprise et post-it personnalis\u00e9s","alternateName":"Proramillenote","url":"https:\/\/proramillenote.it\/fr\/","logo":{"@type":"ImageObject","inLanguage":"fr-FR","@id":"https:\/\/proramillenote.it\/fr\/#\/schema\/logo\/image\/","url":"https:\/\/proramillenote.it\/wp-content\/uploads\/papercube800.png?wsr","contentUrl":"https:\/\/proramillenote.it\/wp-content\/uploads\/papercube800.png?wsr","width":800,"height":800,"caption":"Proramillenote gadgets d\u2019entreprise et post-it personnalis\u00e9s"},"image":{"@id":"https:\/\/proramillenote.it\/fr\/#\/schema\/logo\/image\/"},"description":"\u2022 Specialista in produzione e commercio di gadget per medici e gadget per veterinari personalizzati. \u2022 Produzione di gadget aziendali per qualsiasi settore merceologico dal 1975. \u2022 Produttore di post-it personalizzati, post-it sagomati e cubi di carta personalizzati in stampa digitale oppure offset. Produttore di block-notes con logo. \u2022 Con cartotecnica creativa progettiamo KIT di post-it su misura, Made in Italy e di design italiano, insigniti del prestigioso premio europeo PGA Promotional Gift Award. \u2022 Concorso #Ossoduro \"Design di brand reminder da scrivania innovativi\" concepito per incoraggiare la creativit\u00e0 degli studenti di scuole secondarie di design e grafica. Annuale - Ed.7\u00b0 2024-2025. \u2022 Proramillenote \u00e8 produttore accreditato EUDAMED per la fornitura di DMClasse I \u2022 Proramillenote \u00e8 certificata FSC\u00ae Chain of custody.","email":"customercare@proramillenote.it","telephone":"+39 039616593","legalName":"Proramillenote Srl","foundingDate":"1972-01-01","vatID":"10323920966","taxID":"10323920966","numberOfEmployees":{"@type":"QuantitativeValue","minValue":"11","maxValue":"50"},"publishingPrinciples":"https:\/\/proramillenote.it\/politica-su-etica\/","ownershipFundingInfo":"https:\/\/proramillenote.it\/politica-su-etica\/","actionableFeedbackPolicy":"https:\/\/proramillenote.it\/politica-su-etica\/","correctionsPolicy":"https:\/\/proramillenote.it\/politica-su-etica\/","ethicsPolicy":"https:\/\/proramillenote.it\/politica-su-etica\/","diversityPolicy":"https:\/\/proramillenote.it\/politica-su-etica\/","diversityStaffingReport":"https:\/\/proramillenote.it\/politica-su-etica\/"}]},"product_brand":"Fabricant Proramillenote","og_availability":"instock","product_availability":"instock","product_retailer_item_id":"316","product_condition":"new"},"_links":{"self":[{"href":"https:\/\/proramillenote.it\/fr\/wp-json\/wp\/v2\/product\/16468","targetHints":{"allow":["GET"]}}],"collection":[{"href":"https:\/\/proramillenote.it\/fr\/wp-json\/wp\/v2\/product"}],"about":[{"href":"https:\/\/proramillenote.it\/fr\/wp-json\/wp\/v2\/types\/product"}],"version-history":[{"count":0,"href":"https:\/\/proramillenote.it\/fr\/wp-json\/wp\/v2\/product\/16468\/revisions"}],"wp:featuredmedia":[{"embeddable":true,"href":"https:\/\/proramillenote.it\/fr\/wp-json\/wp\/v2\/media\/16469"}],"wp:attachment":[{"href":"https:\/\/proramillenote.it\/fr\/wp-json\/wp\/v2\/media?parent=16468"}],"wp:term":[{"taxonomy":"product_brand","embeddable":true,"href":"https:\/\/proramillenote.it\/fr\/wp-json\/wp\/v2\/product_brand?post=16468"},{"taxonomy":"product_cat","embeddable":true,"href":"https:\/\/proramillenote.it\/fr\/wp-json\/wp\/v2\/product_cat?post=16468"},{"taxonomy":"product_tag","embeddable":true,"href":"https:\/\/proramillenote.it\/fr\/wp-json\/wp\/v2\/product_tag?post=16468"}],"curies":[{"name":"wp","href":"https:\/\/api.w.org\/{rel}","templated":true}]}}