{"id":16477,"date":"2017-03-06T14:40:48","date_gmt":"2017-03-06T13:40:48","guid":{"rendered":"https:\/\/staging.proramillenote.it\/gadget\/ventaglio\/"},"modified":"2026-03-11T13:24:22","modified_gmt":"2026-03-11T12:24:22","slug":"ventaglio-stampa-logo-sku323","status":"publish","type":"product","link":"https:\/\/proramillenote.it\/fr\/ventaglio-stampa-logo-sku323\/","title":{"rendered":"\u00c9ventail personnalis\u00e9 en plastique blanc PPL"},"content":{"rendered":"<h3>\u00c9ventail personnalis\u00e9 en plastique blanc PPL<\/h3>\n<p>Un \u00e9ventail publicitaire \u00e0 fermeture par embo\u00eetement, votre image toujours au premier plan.<br \/>\nUn gadget publicitaire pratique, \u00e9conomique et visuellement percutant, parfait pour diffuser votre marque avec style et fonctionnalit\u00e9.<\/p>\n<h3>Infos techniques<\/h3>\n<ul>\n<li>Mati\u00e8res : Polypropyl\u00e8ne (PPL) blanc, r\u00e9sistant et l\u00e9ger.<\/li>\n<li>\u00c9paisseur : 0,5 mm, il garantit la rigidit\u00e9 et la flexibilit\u00e9 n\u00e9cessaires.<\/li>\n<li>M\u00e9canisme : Fermeture par embo\u00eetement int\u00e9gr\u00e9e dans le manche, il maintient l&rsquo;\u00e9ventail compact et bien pli\u00e9 lorsqu&rsquo;il n&rsquo;est pas utilis\u00e9.<\/li>\n<li>Format : Fourni \u00e0 plat, id\u00e9al pour les associations \u00e9ditoriales et les encarts promotionnels.<\/li>\n<\/ul>\n<h3>Pourquoi le choisir<\/h3>\n<p>Sa forme plate et son co\u00fbt extr\u00eamement comp\u00e9titif en font le support id\u00e9al \u00e0 joindre \u00e0 des magazines, \u00e0 ins\u00e9rer dans des mailings promotionnels ou \u00e0 distribuer en gros volumes lors d&rsquo;\u00e9v\u00e9nements et de salons. L\u00e9ger et pratique, il sera un compagnon fid\u00e8le lors des journ\u00e9es chaudes, garantissant une visibilit\u00e9 prolong\u00e9e \u00e0 la marque.<\/p>\n<h3>Personnalisation (sur fond blanc)<\/h3>\n<p>Donnez vie \u00e0 votre cr\u00e9ativit\u00e9 avec diff\u00e9rentes options d&rsquo;impression :<\/p>\n<ul>\n<li>S\u00e9rigraphie : de 1 \u00e0 4 couleurs, pour des logos et des graphiques aux couleurs plates et vibrantes.<\/li>\n<li>Num\u00e9rique : impression quadri, id\u00e9ale pour reproduire des images, des d\u00e9grad\u00e9s et des dessins complexes en haute qualit\u00e9.<\/li>\n<\/ul>\n<h6><strong>MQO :<\/strong> 500 pcs<\/h6>\n","protected":false},"excerpt":{"rendered":"<p>Ventaglio promozionale<\/p>\n","protected":false},"featured_media":16478,"template":"","meta":[],"product_brand":[5132],"product_cat":[382,640,637],"product_tag":[],"class_list":{"0":"post-16477","1":"product","2":"type-product","3":"status-publish","4":"has-post-thumbnail","6":"product_brand-produzione-proramillenote","7":"product_cat-accessori-personalizzati","8":"product_cat-meno-di-1-euro","9":"product_cat-consegna-4-settimane","11":"first","12":"instock","13":"purchasable","14":"product-type-variable","15":"has-default-attributes"},"yoast_head":"<!-- This site is optimized with the Yoast SEO Premium plugin v27.3 (Yoast SEO v27.3) - https:\/\/yoast.com\/product\/yoast-seo-premium-wordpress\/ -->\n<title>Tailor made promotional fan<\/title>\n<meta name=\"description\" content=\"Promotional fan with interlocked closure on the handle\" \/>\n<meta name=\"robots\" content=\"index, follow, max-snippet:-1, max-image-preview:large, max-video-preview:-1\" \/>\n<link rel=\"canonical\" href=\"https:\/\/proramillenote.it\/fr\/ventaglio-stampa-logo-sku323\/\" \/>\n<meta property=\"og:locale\" content=\"fr_FR\" \/>\n<meta property=\"og:type\" content=\"article\" \/>\n<meta property=\"og:title\" content=\"Tailor made promotional fan\" \/>\n<meta property=\"og:description\" content=\"Promotional fan with interlocked closure on the handle\" \/>\n<meta property=\"og:url\" content=\"https:\/\/proramillenote.it\/fr\/ventaglio-stampa-logo-sku323\/\" \/>\n<meta property=\"og:site_name\" content=\"Gadgets d\u2019entreprise et post-it personnalis\u00e9s\" \/>\n<meta property=\"article:modified_time\" content=\"2026-03-11T12:24:22+00:00\" \/>\n<meta property=\"og:image\" content=\"https:\/\/proramillenote.it\/wp-content\/uploads\/2017\/03\/Ventaglio-di-plastica-bianca-personalizzato-sku-323.jpg?wsr\" \/>\n\t<meta property=\"og:image:width\" content=\"600\" \/>\n\t<meta property=\"og:image:height\" content=\"600\" \/>\n\t<meta property=\"og:image:type\" content=\"image\/jpeg\" \/>\n<meta name=\"twitter:card\" content=\"summary_large_image\" \/>\n<script type=\"application\/ld+json\" class=\"yoast-schema-graph\">{\"@context\":\"https:\\\/\\\/schema.org\",\"@graph\":[{\"@type\":\"WebPage\",\"@id\":\"https:\\\/\\\/proramillenote.it\\\/fr\\\/ventaglio-stampa-logo-sku323\\\/\",\"url\":\"https:\\\/\\\/proramillenote.it\\\/fr\\\/ventaglio-stampa-logo-sku323\\\/\",\"name\":\"Tailor made promotional fan\",\"isPartOf\":{\"@id\":\"https:\\\/\\\/proramillenote.it\\\/fr\\\/#website\"},\"primaryImageOfPage\":{\"@id\":\"https:\\\/\\\/proramillenote.it\\\/fr\\\/ventaglio-stampa-logo-sku323\\\/#primaryimage\"},\"image\":{\"@id\":\"https:\\\/\\\/proramillenote.it\\\/fr\\\/ventaglio-stampa-logo-sku323\\\/#primaryimage\"},\"thumbnailUrl\":\"https:\\\/\\\/proramillenote.it\\\/wp-content\\\/uploads\\\/2017\\\/03\\\/Ventaglio-di-plastica-bianca-personalizzato-sku-323.jpg?wsr\",\"datePublished\":\"2017-03-06T13:40:48+00:00\",\"dateModified\":\"2026-03-11T12:24:22+00:00\",\"description\":\"Promotional fan with interlocked closure on the handle\",\"breadcrumb\":{\"@id\":\"https:\\\/\\\/proramillenote.it\\\/fr\\\/ventaglio-stampa-logo-sku323\\\/#breadcrumb\"},\"inLanguage\":\"fr-FR\",\"potentialAction\":[{\"@type\":\"ReadAction\",\"target\":[\"https:\\\/\\\/proramillenote.it\\\/fr\\\/ventaglio-stampa-logo-sku323\\\/\"]}]},{\"@type\":\"ImageObject\",\"inLanguage\":\"fr-FR\",\"@id\":\"https:\\\/\\\/proramillenote.it\\\/fr\\\/ventaglio-stampa-logo-sku323\\\/#primaryimage\",\"url\":\"https:\\\/\\\/proramillenote.it\\\/wp-content\\\/uploads\\\/2017\\\/03\\\/Ventaglio-di-plastica-bianca-personalizzato-sku-323.jpg?wsr\",\"contentUrl\":\"https:\\\/\\\/proramillenote.it\\\/wp-content\\\/uploads\\\/2017\\\/03\\\/Ventaglio-di-plastica-bianca-personalizzato-sku-323.jpg?wsr\",\"width\":600,\"height\":600,\"caption\":\"\u00c9ventail personnalis\u00e9 en plastique blanc - sku-323\"},{\"@type\":\"BreadcrumbList\",\"@id\":\"https:\\\/\\\/proramillenote.it\\\/fr\\\/ventaglio-stampa-logo-sku323\\\/#breadcrumb\",\"itemListElement\":[{\"@type\":\"ListItem\",\"position\":1,\"name\":\"Proramillenote\",\"item\":\"https:\\\/\\\/proramillenote.it\\\/fr\\\/\"},{\"@type\":\"ListItem\",\"position\":2,\"name\":\"\u00c9ventail personnalis\u00e9 en plastique blanc PPL\"}]},{\"@type\":\"WebSite\",\"@id\":\"https:\\\/\\\/proramillenote.it\\\/fr\\\/#website\",\"url\":\"https:\\\/\\\/proramillenote.it\\\/fr\\\/\",\"name\":\"Proramillenote gadget aziendali e post-it personalizzati\",\"description\":\"Post-it personalizzati, block notes con logo e gadget aziendali per il marketing B2B. Specialisti in gadget promozionali per medici e aziende farmaceutiche.\",\"publisher\":{\"@id\":\"https:\\\/\\\/proramillenote.it\\\/fr\\\/#organization\"},\"alternateName\":\"Proramillenote\",\"potentialAction\":[{\"@type\":\"SearchAction\",\"target\":{\"@type\":\"EntryPoint\",\"urlTemplate\":\"https:\\\/\\\/proramillenote.it\\\/fr\\\/?s={search_term_string}\"},\"query-input\":{\"@type\":\"PropertyValueSpecification\",\"valueRequired\":true,\"valueName\":\"search_term_string\"}}],\"inLanguage\":\"fr-FR\"},{\"@type\":\"Organization\",\"@id\":\"https:\\\/\\\/proramillenote.it\\\/fr\\\/#organization\",\"name\":\"Proramillenote gadgets d\u2019entreprise et post-it personnalis\u00e9s\",\"alternateName\":\"Proramillenote\",\"url\":\"https:\\\/\\\/proramillenote.it\\\/fr\\\/\",\"logo\":{\"@type\":\"ImageObject\",\"inLanguage\":\"fr-FR\",\"@id\":\"https:\\\/\\\/proramillenote.it\\\/fr\\\/#\\\/schema\\\/logo\\\/image\\\/\",\"url\":\"https:\\\/\\\/proramillenote.it\\\/wp-content\\\/uploads\\\/papercube800.png?wsr\",\"contentUrl\":\"https:\\\/\\\/proramillenote.it\\\/wp-content\\\/uploads\\\/papercube800.png?wsr\",\"width\":800,\"height\":800,\"caption\":\"Proramillenote gadgets d\u2019entreprise et post-it personnalis\u00e9s\"},\"image\":{\"@id\":\"https:\\\/\\\/proramillenote.it\\\/fr\\\/#\\\/schema\\\/logo\\\/image\\\/\"},\"description\":\"\u2022 Specialista in produzione e commercio di gadget per medici e gadget per veterinari personalizzati. \u2022 Produzione di gadget aziendali per qualsiasi settore merceologico dal 1975. \u2022 Produttore di post-it personalizzati, post-it sagomati e cubi di carta personalizzati in stampa digitale oppure offset. Produttore di block-notes con logo. \u2022 Con cartotecnica creativa progettiamo KIT di post-it su misura, Made in Italy e di design italiano, insigniti del prestigioso premio europeo PGA Promotional Gift Award. \u2022 Concorso #Ossoduro \\\"Design di brand reminder da scrivania innovativi\\\" concepito per incoraggiare la creativit\u00e0 degli studenti di scuole secondarie di design e grafica. Annuale - Ed.7\u00b0 2024-2025. \u2022 Proramillenote \u00e8 produttore accreditato EUDAMED per la fornitura di DMClasse I \u2022 Proramillenote \u00e8 certificata FSC\u00ae Chain of custody.\",\"email\":\"customercare@proramillenote.it\",\"telephone\":\"+39 039616593\",\"legalName\":\"Proramillenote Srl\",\"foundingDate\":\"1972-01-01\",\"vatID\":\"10323920966\",\"taxID\":\"10323920966\",\"numberOfEmployees\":{\"@type\":\"QuantitativeValue\",\"minValue\":\"11\",\"maxValue\":\"50\"},\"publishingPrinciples\":\"https:\\\/\\\/proramillenote.it\\\/politica-su-etica\\\/\",\"ownershipFundingInfo\":\"https:\\\/\\\/proramillenote.it\\\/politica-su-etica\\\/\",\"actionableFeedbackPolicy\":\"https:\\\/\\\/proramillenote.it\\\/politica-su-etica\\\/\",\"correctionsPolicy\":\"https:\\\/\\\/proramillenote.it\\\/politica-su-etica\\\/\",\"ethicsPolicy\":\"https:\\\/\\\/proramillenote.it\\\/politica-su-etica\\\/\",\"diversityPolicy\":\"https:\\\/\\\/proramillenote.it\\\/politica-su-etica\\\/\",\"diversityStaffingReport\":\"https:\\\/\\\/proramillenote.it\\\/politica-su-etica\\\/\"}]}<\/script>\n<meta property=\"product:brand\" content=\"Proramillenote\" \/>\n<meta property=\"og:availability\" content=\"instock\" \/>\n<meta property=\"product:availability\" content=\"instock\" \/>\n<meta property=\"product:retailer_item_id\" content=\"323\" \/>\n<meta property=\"product:condition\" content=\"new\" \/>\n<!-- \/ Yoast SEO Premium plugin. -->","yoast_head_json":{"title":"Tailor made promotional fan","description":"Promotional fan with interlocked closure on the handle","robots":{"index":"index","follow":"follow","max-snippet":"max-snippet:-1","max-image-preview":"max-image-preview:large","max-video-preview":"max-video-preview:-1"},"canonical":"https:\/\/proramillenote.it\/fr\/ventaglio-stampa-logo-sku323\/","og_locale":"fr_FR","og_type":"article","og_title":"Tailor made promotional fan","og_description":"Promotional fan with interlocked closure on the handle","og_url":"https:\/\/proramillenote.it\/fr\/ventaglio-stampa-logo-sku323\/","og_site_name":"Gadgets d\u2019entreprise et post-it personnalis\u00e9s","article_modified_time":"2026-03-11T12:24:22+00:00","og_image":[{"width":600,"height":600,"url":"https:\/\/proramillenote.it\/wp-content\/uploads\/2017\/03\/Ventaglio-di-plastica-bianca-personalizzato-sku-323.jpg?wsr","type":"image\/jpeg"}],"twitter_card":"summary_large_image","schema":{"@context":"https:\/\/schema.org","@graph":[{"@type":"WebPage","@id":"https:\/\/proramillenote.it\/fr\/ventaglio-stampa-logo-sku323\/","url":"https:\/\/proramillenote.it\/fr\/ventaglio-stampa-logo-sku323\/","name":"Tailor made promotional fan","isPartOf":{"@id":"https:\/\/proramillenote.it\/fr\/#website"},"primaryImageOfPage":{"@id":"https:\/\/proramillenote.it\/fr\/ventaglio-stampa-logo-sku323\/#primaryimage"},"image":{"@id":"https:\/\/proramillenote.it\/fr\/ventaglio-stampa-logo-sku323\/#primaryimage"},"thumbnailUrl":"https:\/\/proramillenote.it\/wp-content\/uploads\/2017\/03\/Ventaglio-di-plastica-bianca-personalizzato-sku-323.jpg?wsr","datePublished":"2017-03-06T13:40:48+00:00","dateModified":"2026-03-11T12:24:22+00:00","description":"Promotional fan with interlocked closure on the handle","breadcrumb":{"@id":"https:\/\/proramillenote.it\/fr\/ventaglio-stampa-logo-sku323\/#breadcrumb"},"inLanguage":"fr-FR","potentialAction":[{"@type":"ReadAction","target":["https:\/\/proramillenote.it\/fr\/ventaglio-stampa-logo-sku323\/"]}]},{"@type":"ImageObject","inLanguage":"fr-FR","@id":"https:\/\/proramillenote.it\/fr\/ventaglio-stampa-logo-sku323\/#primaryimage","url":"https:\/\/proramillenote.it\/wp-content\/uploads\/2017\/03\/Ventaglio-di-plastica-bianca-personalizzato-sku-323.jpg?wsr","contentUrl":"https:\/\/proramillenote.it\/wp-content\/uploads\/2017\/03\/Ventaglio-di-plastica-bianca-personalizzato-sku-323.jpg?wsr","width":600,"height":600,"caption":"\u00c9ventail personnalis\u00e9 en plastique blanc - sku-323"},{"@type":"BreadcrumbList","@id":"https:\/\/proramillenote.it\/fr\/ventaglio-stampa-logo-sku323\/#breadcrumb","itemListElement":[{"@type":"ListItem","position":1,"name":"Proramillenote","item":"https:\/\/proramillenote.it\/fr\/"},{"@type":"ListItem","position":2,"name":"\u00c9ventail personnalis\u00e9 en plastique blanc PPL"}]},{"@type":"WebSite","@id":"https:\/\/proramillenote.it\/fr\/#website","url":"https:\/\/proramillenote.it\/fr\/","name":"Proramillenote gadget aziendali e post-it personalizzati","description":"Post-it personalizzati, block notes con logo e gadget aziendali per il marketing B2B. Specialisti in gadget promozionali per medici e aziende farmaceutiche.","publisher":{"@id":"https:\/\/proramillenote.it\/fr\/#organization"},"alternateName":"Proramillenote","potentialAction":[{"@type":"SearchAction","target":{"@type":"EntryPoint","urlTemplate":"https:\/\/proramillenote.it\/fr\/?s={search_term_string}"},"query-input":{"@type":"PropertyValueSpecification","valueRequired":true,"valueName":"search_term_string"}}],"inLanguage":"fr-FR"},{"@type":"Organization","@id":"https:\/\/proramillenote.it\/fr\/#organization","name":"Proramillenote gadgets d\u2019entreprise et post-it personnalis\u00e9s","alternateName":"Proramillenote","url":"https:\/\/proramillenote.it\/fr\/","logo":{"@type":"ImageObject","inLanguage":"fr-FR","@id":"https:\/\/proramillenote.it\/fr\/#\/schema\/logo\/image\/","url":"https:\/\/proramillenote.it\/wp-content\/uploads\/papercube800.png?wsr","contentUrl":"https:\/\/proramillenote.it\/wp-content\/uploads\/papercube800.png?wsr","width":800,"height":800,"caption":"Proramillenote gadgets d\u2019entreprise et post-it personnalis\u00e9s"},"image":{"@id":"https:\/\/proramillenote.it\/fr\/#\/schema\/logo\/image\/"},"description":"\u2022 Specialista in produzione e commercio di gadget per medici e gadget per veterinari personalizzati. \u2022 Produzione di gadget aziendali per qualsiasi settore merceologico dal 1975. \u2022 Produttore di post-it personalizzati, post-it sagomati e cubi di carta personalizzati in stampa digitale oppure offset. Produttore di block-notes con logo. \u2022 Con cartotecnica creativa progettiamo KIT di post-it su misura, Made in Italy e di design italiano, insigniti del prestigioso premio europeo PGA Promotional Gift Award. \u2022 Concorso #Ossoduro \"Design di brand reminder da scrivania innovativi\" concepito per incoraggiare la creativit\u00e0 degli studenti di scuole secondarie di design e grafica. Annuale - Ed.7\u00b0 2024-2025. \u2022 Proramillenote \u00e8 produttore accreditato EUDAMED per la fornitura di DMClasse I \u2022 Proramillenote \u00e8 certificata FSC\u00ae Chain of custody.","email":"customercare@proramillenote.it","telephone":"+39 039616593","legalName":"Proramillenote Srl","foundingDate":"1972-01-01","vatID":"10323920966","taxID":"10323920966","numberOfEmployees":{"@type":"QuantitativeValue","minValue":"11","maxValue":"50"},"publishingPrinciples":"https:\/\/proramillenote.it\/politica-su-etica\/","ownershipFundingInfo":"https:\/\/proramillenote.it\/politica-su-etica\/","actionableFeedbackPolicy":"https:\/\/proramillenote.it\/politica-su-etica\/","correctionsPolicy":"https:\/\/proramillenote.it\/politica-su-etica\/","ethicsPolicy":"https:\/\/proramillenote.it\/politica-su-etica\/","diversityPolicy":"https:\/\/proramillenote.it\/politica-su-etica\/","diversityStaffingReport":"https:\/\/proramillenote.it\/politica-su-etica\/"}]},"product_brand":"Proramillenote","og_availability":"instock","product_availability":"instock","product_retailer_item_id":"323","product_condition":"new"},"_links":{"self":[{"href":"https:\/\/proramillenote.it\/fr\/wp-json\/wp\/v2\/product\/16477","targetHints":{"allow":["GET"]}}],"collection":[{"href":"https:\/\/proramillenote.it\/fr\/wp-json\/wp\/v2\/product"}],"about":[{"href":"https:\/\/proramillenote.it\/fr\/wp-json\/wp\/v2\/types\/product"}],"version-history":[{"count":4,"href":"https:\/\/proramillenote.it\/fr\/wp-json\/wp\/v2\/product\/16477\/revisions"}],"predecessor-version":[{"id":90269,"href":"https:\/\/proramillenote.it\/fr\/wp-json\/wp\/v2\/product\/16477\/revisions\/90269"}],"wp:featuredmedia":[{"embeddable":true,"href":"https:\/\/proramillenote.it\/fr\/wp-json\/wp\/v2\/media\/16478"}],"wp:attachment":[{"href":"https:\/\/proramillenote.it\/fr\/wp-json\/wp\/v2\/media?parent=16477"}],"wp:term":[{"taxonomy":"product_brand","embeddable":true,"href":"https:\/\/proramillenote.it\/fr\/wp-json\/wp\/v2\/product_brand?post=16477"},{"taxonomy":"product_cat","embeddable":true,"href":"https:\/\/proramillenote.it\/fr\/wp-json\/wp\/v2\/product_cat?post=16477"},{"taxonomy":"product_tag","embeddable":true,"href":"https:\/\/proramillenote.it\/fr\/wp-json\/wp\/v2\/product_tag?post=16477"}],"curies":[{"name":"wp","href":"https:\/\/api.w.org\/{rel}","templated":true}]}}