{"id":16481,"date":"2017-02-14T13:19:25","date_gmt":"2017-02-14T12:19:25","guid":{"rendered":"https:\/\/staging.proramillenote.it\/gadget\/espositore-da-banco\/"},"modified":"2025-11-20T13:41:03","modified_gmt":"2025-11-20T12:41:03","slug":"presentoir-de-comptoir-en-plastique-ppl-sku-320","status":"publish","type":"product","link":"https:\/\/proramillenote.it\/fr\/presentoir-de-comptoir-en-plastique-ppl-sku-320\/","title":{"rendered":"Pr\u00e9sentoir de comptoir en plastique PPL"},"content":{"rendered":"<h2>Pr\u00e9sentoir de comptoir en plastique PPL avec impression du logo<\/h2>\n<p data-start=\"0\" data-end=\"307\">Le pr\u00e9sentoir de comptoir en plastique PPL avec impression du logo ou de l\u2019image de la campagne publicitaire est une solution polyvalente et fonctionnelle pour pr\u00e9senter des flyers, cartes postales ou petits supports promotionnels. R\u00e9alis\u00e9 en polypropyl\u00e8ne blanc ou semi-transparent avec effet givr\u00e9, il poss\u00e8de une \u00e9paisseur de 0,8 mm et se monte facilement gr\u00e2ce \u00e0 un syst\u00e8me d\u2019embo\u00eetement pratique.<\/p>\n<h3 data-start=\"309\" data-end=\"645\">9 formats de pr\u00e9sentoir, y compris des mod\u00e8les en forme de petit chien !<\/h3>\n<p data-start=\"309\" data-end=\"645\">Disponible en 9 formats diff\u00e9rents, ce pr\u00e9sentoir s\u2019adapte parfaitement \u00e0 tous les besoins d\u2019espace et de communication. Parmi les principales variantes figurent les mod\u00e8les : NW100289 (108\u00d7140\u00d730 mm), MF310 (261\u00d7152\u00d730 mm), NW100309 (200\u00d7205\u00d780 mm), NW100315 (195\u00d7205\u00d780 mm), MF295 (150\u00d7110\u00d770 mm), NW295 (145\u00d786\u00d735 mm) et NW327 (63\u00d735\u00d7150 mm).<\/p>\n<p data-start=\"647\" data-end=\"958\">Il est \u00e9galement possible de choisir le mod\u00e8le vertical avec porte-flyers, visible dans la photogalerie avec le sujet Cristal, pr\u00e9sentant un encombrement maximal de 150\u00d7100\u00d7250 mm et une zone porte-flyers de 150\u00d7205\u00d730 mm, ou la version en forme de chien avec porte-flyers, visible avec le sujet Advantix, mesurant 170\u00d7280\u00d795 mm avec une zone utile de 105\u00d775\u00d730 mm.<\/p>\n<p data-start=\"960\" data-end=\"1192\" data-is-last-node=\"\" data-is-only-node=\"\">Le logo ou le visuel graphique peut \u00eatre imprim\u00e9 en num\u00e9rique ou en s\u00e9rigraphie, de une \u00e0 quatre couleurs, avec la possibilit\u00e9 de cr\u00e9er des formats sp\u00e9ciaux et des formes personnalis\u00e9es sur demande. La quantit\u00e9 minimale de production est de 300 pcs.<\/p>\n<p>Les pr\u00e9sentoirs de comptoir sont parfaits comme porte-flyers ou porte-cartes postales.<\/p>\n<h3>Composition<\/h3>\n<ul>\n<li>R\u00e9alis\u00e9s en polypropyl\u00e8ne semi-transparent givr\u00e9 ou blanc<\/li>\n<li>\u00c9paisseur 0,8 mm<\/li>\n<li>Montage par embo\u00eetement<\/li>\n<\/ul>\n<h4>Personnalisation<\/h4>\n<ul>\n<li>Impression num\u00e9rique sur toute la surface<\/li>\n<li>Impression du logo en s\u00e9rigraphie jusqu\u2019\u00e0 4 couleurs<\/li>\n<\/ul>\n<h4>Formats disponibles<\/h4>\n<ul>\n<li>NW100289 : 108\u00d7140\u00d730 mm (en photogalerie sujet orange ou Tecumseh)<\/li>\n<li>MF310 : 261\u00d7152\u00d730 mm<\/li>\n<li>NW100309 : 200\u00d7205\u00d780 mm (en photogalerie sujet Sangiorgio gris)<\/li>\n<li>NW100315 : 195\u00d7205\u00d780 mm (en photogalerie sujet Sardategole vert)<\/li>\n<li>MF295 : 150\u00d7110\u00d770 mm<\/li>\n<li>NW295 : 145\u00d786\u00d735 mm<\/li>\n<li>NW327 : 63\u00d735\u00d7150 mm<\/li>\n<\/ul>\n<h4>Mod\u00e8le vertical<\/h4>\n<ul>\n<li>Encombrement maximal sur le bureau : 150\u00d7100\u00d7250 mm<\/li>\n<li>Zone porte-flyers : 150\u00d7205\u00d730 mm<\/li>\n<\/ul>\n<h4>Pr\u00e9sentoir de comptoir publicitaire v\u00e9t\u00e9rinaire en forme de chien<\/h4>\n<ul>\n<li>Encombrement maximal sur le bureau : 170\u00d7280\u00d795 mm<\/li>\n<li>Zone porte-flyers : 105\u00d775\u00d730 mm<\/li>\n<\/ul>\n<p>Formats sp\u00e9ciaux et formes personnalis\u00e9es sur demande.<\/p>\n<h6>MQO : 300 pcs<\/h6>\n","protected":false},"excerpt":{"rendered":"<p>Pr\u00e9sentoir de comptoir en plastique PPL personnalis\u00e9 avec logo, support givr\u00e9 semi-transparent ou blanc, diff\u00e9rentes tailles, impression num\u00e9rique ou s\u00e9rigraphie, MQO 300 pi\u00e8ces.<\/p>\n","protected":false},"featured_media":85358,"template":"","meta":[],"product_brand":[5138],"product_cat":[5078,1281,1287],"product_tag":[],"class_list":{"0":"post-16481","1":"product","2":"type-product","3":"status-publish","4":"has-post-thumbnail","6":"product_brand-fabricant-proramillenote","7":"product_cat-ca-coute-moins-d1-euro","8":"product_cat-porte-documents-dossiers-personnalises","9":"product_cat-presentoirs-de-comptoir-en-plastique","10":"pa_colore-supporto-plastica-plastique-blanc","11":"pa_colore-supporto-plastica-plastique-transparent-givre","12":"pa_formato-espositore-ppl-espositore-ppl-mf295-150x110x70-mm-fr","13":"pa_formato-espositore-ppl-espositore-ppl-mf310-261x152x30-mm-fr","14":"pa_formato-espositore-ppl-espositore-ppl-nw100289-108x140x30-mm-fr","15":"pa_formato-espositore-ppl-espositore-ppl-nw100309-200x205x80-mm-fr","16":"pa_formato-espositore-ppl-espositore-ppl-nw295-145x86x35-mm-fr","17":"pa_formato-espositore-ppl-espositore-ppl-nw327-63x35x150-mm-fr","18":"pa_formato-espositore-ppl-espositore-ppl-sagoma-cane-170x280x95-mm-con-portafoglietti-105x75x30-mm-fr","19":"pa_formato-espositore-ppl-espositore-ppl-verticale-150x100x250-mm-con-portafoglietti-150x205x30-mm-fr","20":"pa_stampa-ppl-numero-colori-1-couleur-impression-sur-ppl","21":"pa_stampa-ppl-numero-colori-2-couleurs-impression-sur-ppl","22":"pa_stampa-ppl-numero-colori-3-couleurs-impression-sur-ppl","23":"pa_stampa-ppl-numero-colori-impression-numerique-sur-ppl","24":"pa_stampa-ppl-numero-colori-ppl-sans-impression","26":"first","27":"instock","28":"purchasable","29":"product-type-variable","30":"has-default-attributes"},"yoast_head":"<!-- This site is optimized with the Yoast SEO Premium plugin v27.3 (Yoast SEO v27.3) - https:\/\/yoast.com\/product\/yoast-seo-premium-wordpress\/ -->\n<title>Polypropylene customized counter display<\/title>\n<meta name=\"description\" content=\"Polypropylene branded counter display. Direct production\" \/>\n<meta name=\"robots\" content=\"index, follow, max-snippet:-1, max-image-preview:large, max-video-preview:-1\" \/>\n<link rel=\"canonical\" href=\"https:\/\/proramillenote.it\/fr\/presentoir-de-comptoir-en-plastique-ppl-sku-320\/\" \/>\n<meta property=\"og:locale\" content=\"fr_FR\" \/>\n<meta property=\"og:type\" content=\"article\" \/>\n<meta property=\"og:title\" content=\"Polypropylene customized counter display\" \/>\n<meta property=\"og:description\" content=\"Polypropylene branded counter display. Direct production\" \/>\n<meta property=\"og:url\" content=\"https:\/\/proramillenote.it\/fr\/presentoir-de-comptoir-en-plastique-ppl-sku-320\/\" \/>\n<meta property=\"og:site_name\" content=\"Gadgets d\u2019entreprise et post-it personnalis\u00e9s\" \/>\n<meta property=\"article:modified_time\" content=\"2025-11-20T12:41:03+00:00\" \/>\n<meta property=\"og:image\" content=\"https:\/\/proramillenote.it\/wp-content\/uploads\/Espositore-da-banco-PPL-personalizzato-demo-tecumseh-gadget-aziendale.jpg\" \/>\n\t<meta property=\"og:image:width\" content=\"600\" \/>\n\t<meta property=\"og:image:height\" content=\"600\" \/>\n\t<meta property=\"og:image:type\" content=\"image\/jpeg\" \/>\n<meta name=\"twitter:card\" content=\"summary_large_image\" \/>\n<script type=\"application\/ld+json\" class=\"yoast-schema-graph\">{\"@context\":\"https:\\\/\\\/schema.org\",\"@graph\":[{\"@type\":\"WebPage\",\"@id\":\"https:\\\/\\\/proramillenote.it\\\/fr\\\/presentoir-de-comptoir-en-plastique-ppl-sku-320\\\/\",\"url\":\"https:\\\/\\\/proramillenote.it\\\/fr\\\/presentoir-de-comptoir-en-plastique-ppl-sku-320\\\/\",\"name\":\"Polypropylene customized counter display\",\"isPartOf\":{\"@id\":\"https:\\\/\\\/proramillenote.it\\\/fr\\\/#website\"},\"primaryImageOfPage\":{\"@id\":\"https:\\\/\\\/proramillenote.it\\\/fr\\\/presentoir-de-comptoir-en-plastique-ppl-sku-320\\\/#primaryimage\"},\"image\":{\"@id\":\"https:\\\/\\\/proramillenote.it\\\/fr\\\/presentoir-de-comptoir-en-plastique-ppl-sku-320\\\/#primaryimage\"},\"thumbnailUrl\":\"https:\\\/\\\/proramillenote.it\\\/wp-content\\\/uploads\\\/Espositore-da-banco-PPL-personalizzato-demo-tecumseh-gadget-aziendale.jpg?wsr\",\"datePublished\":\"2017-02-14T12:19:25+00:00\",\"dateModified\":\"2025-11-20T12:41:03+00:00\",\"description\":\"Polypropylene branded counter display. Direct production\",\"breadcrumb\":{\"@id\":\"https:\\\/\\\/proramillenote.it\\\/fr\\\/presentoir-de-comptoir-en-plastique-ppl-sku-320\\\/#breadcrumb\"},\"inLanguage\":\"fr-FR\",\"potentialAction\":[{\"@type\":\"ReadAction\",\"target\":[\"https:\\\/\\\/proramillenote.it\\\/fr\\\/presentoir-de-comptoir-en-plastique-ppl-sku-320\\\/\"]}]},{\"@type\":\"ImageObject\",\"inLanguage\":\"fr-FR\",\"@id\":\"https:\\\/\\\/proramillenote.it\\\/fr\\\/presentoir-de-comptoir-en-plastique-ppl-sku-320\\\/#primaryimage\",\"url\":\"https:\\\/\\\/proramillenote.it\\\/wp-content\\\/uploads\\\/Espositore-da-banco-PPL-personalizzato-demo-tecumseh-gadget-aziendale.jpg?wsr\",\"contentUrl\":\"https:\\\/\\\/proramillenote.it\\\/wp-content\\\/uploads\\\/Espositore-da-banco-PPL-personalizzato-demo-tecumseh-gadget-aziendale.jpg?wsr\",\"width\":600,\"height\":600,\"caption\":\"Post-it Easy d\u00e9coup\u00e9 en forme de c\u0153ur, imitant une bo\u00eete de m\u00e9dicament, en formes de c\u0153ur et de prostate, gadget personnalis\u00e9 IDI Farma\"},{\"@type\":\"BreadcrumbList\",\"@id\":\"https:\\\/\\\/proramillenote.it\\\/fr\\\/presentoir-de-comptoir-en-plastique-ppl-sku-320\\\/#breadcrumb\",\"itemListElement\":[{\"@type\":\"ListItem\",\"position\":1,\"name\":\"Proramillenote\",\"item\":\"https:\\\/\\\/proramillenote.it\\\/fr\\\/\"},{\"@type\":\"ListItem\",\"position\":2,\"name\":\"Pr\u00e9sentoir de comptoir en plastique PPL\"}]},{\"@type\":\"WebSite\",\"@id\":\"https:\\\/\\\/proramillenote.it\\\/fr\\\/#website\",\"url\":\"https:\\\/\\\/proramillenote.it\\\/fr\\\/\",\"name\":\"Proramillenote gadget aziendali e post-it personalizzati\",\"description\":\"Post-it personalizzati, block notes con logo e gadget aziendali per il marketing B2B. Specialisti in gadget promozionali per medici e aziende farmaceutiche.\",\"publisher\":{\"@id\":\"https:\\\/\\\/proramillenote.it\\\/fr\\\/#organization\"},\"alternateName\":\"Proramillenote\",\"potentialAction\":[{\"@type\":\"SearchAction\",\"target\":{\"@type\":\"EntryPoint\",\"urlTemplate\":\"https:\\\/\\\/proramillenote.it\\\/fr\\\/?s={search_term_string}\"},\"query-input\":{\"@type\":\"PropertyValueSpecification\",\"valueRequired\":true,\"valueName\":\"search_term_string\"}}],\"inLanguage\":\"fr-FR\"},{\"@type\":\"Organization\",\"@id\":\"https:\\\/\\\/proramillenote.it\\\/fr\\\/#organization\",\"name\":\"Proramillenote gadgets d\u2019entreprise et post-it personnalis\u00e9s\",\"alternateName\":\"Proramillenote\",\"url\":\"https:\\\/\\\/proramillenote.it\\\/fr\\\/\",\"logo\":{\"@type\":\"ImageObject\",\"inLanguage\":\"fr-FR\",\"@id\":\"https:\\\/\\\/proramillenote.it\\\/fr\\\/#\\\/schema\\\/logo\\\/image\\\/\",\"url\":\"https:\\\/\\\/proramillenote.it\\\/wp-content\\\/uploads\\\/papercube800.png?wsr\",\"contentUrl\":\"https:\\\/\\\/proramillenote.it\\\/wp-content\\\/uploads\\\/papercube800.png?wsr\",\"width\":800,\"height\":800,\"caption\":\"Proramillenote gadgets d\u2019entreprise et post-it personnalis\u00e9s\"},\"image\":{\"@id\":\"https:\\\/\\\/proramillenote.it\\\/fr\\\/#\\\/schema\\\/logo\\\/image\\\/\"},\"description\":\"\u2022 Specialista in produzione e commercio di gadget per medici e gadget per veterinari personalizzati. \u2022 Produzione di gadget aziendali per qualsiasi settore merceologico dal 1975. \u2022 Produttore di post-it personalizzati, post-it sagomati e cubi di carta personalizzati in stampa digitale oppure offset. Produttore di block-notes con logo. \u2022 Con cartotecnica creativa progettiamo KIT di post-it su misura, Made in Italy e di design italiano, insigniti del prestigioso premio europeo PGA Promotional Gift Award. \u2022 Concorso #Ossoduro \\\"Design di brand reminder da scrivania innovativi\\\" concepito per incoraggiare la creativit\u00e0 degli studenti di scuole secondarie di design e grafica. Annuale - Ed.7\u00b0 2024-2025. \u2022 Proramillenote \u00e8 produttore accreditato EUDAMED per la fornitura di DMClasse I \u2022 Proramillenote \u00e8 certificata FSC\u00ae Chain of custody.\",\"email\":\"customercare@proramillenote.it\",\"telephone\":\"+39 039616593\",\"legalName\":\"Proramillenote Srl\",\"foundingDate\":\"1972-01-01\",\"vatID\":\"10323920966\",\"taxID\":\"10323920966\",\"numberOfEmployees\":{\"@type\":\"QuantitativeValue\",\"minValue\":\"11\",\"maxValue\":\"50\"},\"publishingPrinciples\":\"https:\\\/\\\/proramillenote.it\\\/politica-su-etica\\\/\",\"ownershipFundingInfo\":\"https:\\\/\\\/proramillenote.it\\\/politica-su-etica\\\/\",\"actionableFeedbackPolicy\":\"https:\\\/\\\/proramillenote.it\\\/politica-su-etica\\\/\",\"correctionsPolicy\":\"https:\\\/\\\/proramillenote.it\\\/politica-su-etica\\\/\",\"ethicsPolicy\":\"https:\\\/\\\/proramillenote.it\\\/politica-su-etica\\\/\",\"diversityPolicy\":\"https:\\\/\\\/proramillenote.it\\\/politica-su-etica\\\/\",\"diversityStaffingReport\":\"https:\\\/\\\/proramillenote.it\\\/politica-su-etica\\\/\"}]}<\/script>\n<meta property=\"product:brand\" content=\"Fabricant Proramillenote\" \/>\n<meta property=\"og:availability\" content=\"instock\" \/>\n<meta property=\"product:availability\" content=\"instock\" \/>\n<meta property=\"product:retailer_item_id\" content=\"320\" \/>\n<meta property=\"product:condition\" content=\"new\" \/>\n<!-- \/ Yoast SEO Premium plugin. -->","yoast_head_json":{"title":"Polypropylene customized counter display","description":"Polypropylene branded counter display. Direct production","robots":{"index":"index","follow":"follow","max-snippet":"max-snippet:-1","max-image-preview":"max-image-preview:large","max-video-preview":"max-video-preview:-1"},"canonical":"https:\/\/proramillenote.it\/fr\/presentoir-de-comptoir-en-plastique-ppl-sku-320\/","og_locale":"fr_FR","og_type":"article","og_title":"Polypropylene customized counter display","og_description":"Polypropylene branded counter display. Direct production","og_url":"https:\/\/proramillenote.it\/fr\/presentoir-de-comptoir-en-plastique-ppl-sku-320\/","og_site_name":"Gadgets d\u2019entreprise et post-it personnalis\u00e9s","article_modified_time":"2025-11-20T12:41:03+00:00","og_image":[{"width":600,"height":600,"url":"https:\/\/proramillenote.it\/wp-content\/uploads\/Espositore-da-banco-PPL-personalizzato-demo-tecumseh-gadget-aziendale.jpg","type":"image\/jpeg"}],"twitter_card":"summary_large_image","schema":{"@context":"https:\/\/schema.org","@graph":[{"@type":"WebPage","@id":"https:\/\/proramillenote.it\/fr\/presentoir-de-comptoir-en-plastique-ppl-sku-320\/","url":"https:\/\/proramillenote.it\/fr\/presentoir-de-comptoir-en-plastique-ppl-sku-320\/","name":"Polypropylene customized counter display","isPartOf":{"@id":"https:\/\/proramillenote.it\/fr\/#website"},"primaryImageOfPage":{"@id":"https:\/\/proramillenote.it\/fr\/presentoir-de-comptoir-en-plastique-ppl-sku-320\/#primaryimage"},"image":{"@id":"https:\/\/proramillenote.it\/fr\/presentoir-de-comptoir-en-plastique-ppl-sku-320\/#primaryimage"},"thumbnailUrl":"https:\/\/proramillenote.it\/wp-content\/uploads\/Espositore-da-banco-PPL-personalizzato-demo-tecumseh-gadget-aziendale.jpg?wsr","datePublished":"2017-02-14T12:19:25+00:00","dateModified":"2025-11-20T12:41:03+00:00","description":"Polypropylene branded counter display. Direct production","breadcrumb":{"@id":"https:\/\/proramillenote.it\/fr\/presentoir-de-comptoir-en-plastique-ppl-sku-320\/#breadcrumb"},"inLanguage":"fr-FR","potentialAction":[{"@type":"ReadAction","target":["https:\/\/proramillenote.it\/fr\/presentoir-de-comptoir-en-plastique-ppl-sku-320\/"]}]},{"@type":"ImageObject","inLanguage":"fr-FR","@id":"https:\/\/proramillenote.it\/fr\/presentoir-de-comptoir-en-plastique-ppl-sku-320\/#primaryimage","url":"https:\/\/proramillenote.it\/wp-content\/uploads\/Espositore-da-banco-PPL-personalizzato-demo-tecumseh-gadget-aziendale.jpg?wsr","contentUrl":"https:\/\/proramillenote.it\/wp-content\/uploads\/Espositore-da-banco-PPL-personalizzato-demo-tecumseh-gadget-aziendale.jpg?wsr","width":600,"height":600,"caption":"Post-it Easy d\u00e9coup\u00e9 en forme de c\u0153ur, imitant une bo\u00eete de m\u00e9dicament, en formes de c\u0153ur et de prostate, gadget personnalis\u00e9 IDI Farma"},{"@type":"BreadcrumbList","@id":"https:\/\/proramillenote.it\/fr\/presentoir-de-comptoir-en-plastique-ppl-sku-320\/#breadcrumb","itemListElement":[{"@type":"ListItem","position":1,"name":"Proramillenote","item":"https:\/\/proramillenote.it\/fr\/"},{"@type":"ListItem","position":2,"name":"Pr\u00e9sentoir de comptoir en plastique PPL"}]},{"@type":"WebSite","@id":"https:\/\/proramillenote.it\/fr\/#website","url":"https:\/\/proramillenote.it\/fr\/","name":"Proramillenote gadget aziendali e post-it personalizzati","description":"Post-it personalizzati, block notes con logo e gadget aziendali per il marketing B2B. Specialisti in gadget promozionali per medici e aziende farmaceutiche.","publisher":{"@id":"https:\/\/proramillenote.it\/fr\/#organization"},"alternateName":"Proramillenote","potentialAction":[{"@type":"SearchAction","target":{"@type":"EntryPoint","urlTemplate":"https:\/\/proramillenote.it\/fr\/?s={search_term_string}"},"query-input":{"@type":"PropertyValueSpecification","valueRequired":true,"valueName":"search_term_string"}}],"inLanguage":"fr-FR"},{"@type":"Organization","@id":"https:\/\/proramillenote.it\/fr\/#organization","name":"Proramillenote gadgets d\u2019entreprise et post-it personnalis\u00e9s","alternateName":"Proramillenote","url":"https:\/\/proramillenote.it\/fr\/","logo":{"@type":"ImageObject","inLanguage":"fr-FR","@id":"https:\/\/proramillenote.it\/fr\/#\/schema\/logo\/image\/","url":"https:\/\/proramillenote.it\/wp-content\/uploads\/papercube800.png?wsr","contentUrl":"https:\/\/proramillenote.it\/wp-content\/uploads\/papercube800.png?wsr","width":800,"height":800,"caption":"Proramillenote gadgets d\u2019entreprise et post-it personnalis\u00e9s"},"image":{"@id":"https:\/\/proramillenote.it\/fr\/#\/schema\/logo\/image\/"},"description":"\u2022 Specialista in produzione e commercio di gadget per medici e gadget per veterinari personalizzati. \u2022 Produzione di gadget aziendali per qualsiasi settore merceologico dal 1975. \u2022 Produttore di post-it personalizzati, post-it sagomati e cubi di carta personalizzati in stampa digitale oppure offset. Produttore di block-notes con logo. \u2022 Con cartotecnica creativa progettiamo KIT di post-it su misura, Made in Italy e di design italiano, insigniti del prestigioso premio europeo PGA Promotional Gift Award. \u2022 Concorso #Ossoduro \"Design di brand reminder da scrivania innovativi\" concepito per incoraggiare la creativit\u00e0 degli studenti di scuole secondarie di design e grafica. Annuale - Ed.7\u00b0 2024-2025. \u2022 Proramillenote \u00e8 produttore accreditato EUDAMED per la fornitura di DMClasse I \u2022 Proramillenote \u00e8 certificata FSC\u00ae Chain of custody.","email":"customercare@proramillenote.it","telephone":"+39 039616593","legalName":"Proramillenote Srl","foundingDate":"1972-01-01","vatID":"10323920966","taxID":"10323920966","numberOfEmployees":{"@type":"QuantitativeValue","minValue":"11","maxValue":"50"},"publishingPrinciples":"https:\/\/proramillenote.it\/politica-su-etica\/","ownershipFundingInfo":"https:\/\/proramillenote.it\/politica-su-etica\/","actionableFeedbackPolicy":"https:\/\/proramillenote.it\/politica-su-etica\/","correctionsPolicy":"https:\/\/proramillenote.it\/politica-su-etica\/","ethicsPolicy":"https:\/\/proramillenote.it\/politica-su-etica\/","diversityPolicy":"https:\/\/proramillenote.it\/politica-su-etica\/","diversityStaffingReport":"https:\/\/proramillenote.it\/politica-su-etica\/"}]},"product_brand":"Fabricant Proramillenote","og_availability":"instock","product_availability":"instock","product_retailer_item_id":"320","product_condition":"new"},"_links":{"self":[{"href":"https:\/\/proramillenote.it\/fr\/wp-json\/wp\/v2\/product\/16481","targetHints":{"allow":["GET"]}}],"collection":[{"href":"https:\/\/proramillenote.it\/fr\/wp-json\/wp\/v2\/product"}],"about":[{"href":"https:\/\/proramillenote.it\/fr\/wp-json\/wp\/v2\/types\/product"}],"version-history":[{"count":0,"href":"https:\/\/proramillenote.it\/fr\/wp-json\/wp\/v2\/product\/16481\/revisions"}],"wp:featuredmedia":[{"embeddable":true,"href":"https:\/\/proramillenote.it\/fr\/wp-json\/wp\/v2\/media\/85358"}],"wp:attachment":[{"href":"https:\/\/proramillenote.it\/fr\/wp-json\/wp\/v2\/media?parent=16481"}],"wp:term":[{"taxonomy":"product_brand","embeddable":true,"href":"https:\/\/proramillenote.it\/fr\/wp-json\/wp\/v2\/product_brand?post=16481"},{"taxonomy":"product_cat","embeddable":true,"href":"https:\/\/proramillenote.it\/fr\/wp-json\/wp\/v2\/product_cat?post=16481"},{"taxonomy":"product_tag","embeddable":true,"href":"https:\/\/proramillenote.it\/fr\/wp-json\/wp\/v2\/product_tag?post=16481"}],"curies":[{"name":"wp","href":"https:\/\/api.w.org\/{rel}","templated":true}]}}