{"id":16483,"date":"2016-07-27T12:32:15","date_gmt":"2016-07-27T10:32:15","guid":{"rendered":"https:\/\/staging.proramillenote.it\/gadget\/porta-biglietti-da-visita-in-ppl\/"},"modified":"2026-03-17T10:28:28","modified_gmt":"2026-03-17T09:28:28","slug":"porta-biglietti-visita-ppl-stampa-logo-sku326","status":"publish","type":"product","link":"https:\/\/proramillenote.it\/fr\/porta-biglietti-visita-ppl-stampa-logo-sku326\/","title":{"rendered":"Porta biglietti da visita in PPL"},"content":{"rendered":"<p><strong>Rinnova il tuo piano promozionale con porta biglietti da Visita PPL (Polipropilene): Durevolezza e Personalizzazione<\/strong><\/p>\n<p>I nostri portabiglietti in polipropilene (PPL) sono una funzionale opportunit\u00e0 pubblicitaria, durevole e personalizzata in quadricromia.<br \/>\nCon uno spessore di 0,8 mm e dimensioni di 95x62x10 mm, questi porta bigliettini\u00a0 da visita in PPL sono disponibili su supporto traslucido oppure in varie tonalit\u00e0 colorate.<br \/>\nLe varianti cromatiche possono essere ottenute tramite l&rsquo;impiego di PPL colorato o attraverso la stampa in quadricromia digitale sulla superficie del portabiglietti, consentendo di includere il logo o l&rsquo;immagine della campagna pubblicitaria desiderata.<\/p>\n<p>La robustezza del polipropilene garantisce la protezione dei tuoi biglietti da piegature e danni, mantenendo un aspetto impeccabile in ogni situazione.<\/p>\n<p>Offriamo opzioni di stampa su misura da 1 a 4 colori, sfruttando tecniche di serigrafia, litografia oppure stampa digitale, secondo le quantit\u00e0 richieste, per creare contenitori porta-biglietti unici e indimenticabili.<\/p>\n<p>Possiamo realizzare formati speciali su richiesta, adattando i portabiglietti alle esigenze pi\u00f9 specifiche.<\/p>\n<p>Fidati della qualit\u00e0 e della versatilit\u00e0 dei nostri portabiglietti in PPL per lasciare un&rsquo;impressione professionale e duratura in ogni occasione di marketing e comunicazione.<\/p>\n<p><strong>Porta biglietti da visita in PPL<\/strong><\/p>\n<ul>\n<li>realizzato in polipropilene<\/li>\n<li>spessore mm 0,8<\/li>\n<li>formato mm 95x62x10<\/li>\n<li>trasparente o colorato<\/li>\n<\/ul>\n<p><strong>Personalizzazione<\/strong><\/p>\n<ul>\n<li>Stampa da 1 a 4 colori in serigrafia o litografia<\/li>\n<li>Realizzabili su misura<\/li>\n<\/ul>\n<p><strong>Formati speciali su richiesta<\/strong><\/p>\n<h6><strong>Quantit\u00e0 minima:<\/strong> 300 pz <strong><br \/>\n<\/strong><\/h6>\n","protected":false},"excerpt":{"rendered":"<p>Porta biglietti da visita in PPL, scatola porta bigliettini in polipropilene personalizzata con immagine aziendale. Gadget personalizzato, ricaricabile, di lunga durata. Spessore 0,8mm, 95x62x10mm, traslucidi o colorati. Stampiamo da 1 a 4 colori con serigrafia, litografia o digitale. Formati su richiesta. Quantit\u00e0 minima: 300pz.<\/p>\n","protected":false},"featured_media":9279,"template":"","meta":[],"product_brand":[5132],"product_cat":[641,637,370],"product_tag":[],"class_list":{"0":"post-16483","1":"product","2":"type-product","3":"status-publish","4":"has-post-thumbnail","6":"product_brand-produzione-proramillenote","7":"product_cat-costa-piu-di-2-euro","8":"product_cat-consegna-4-settimane","9":"product_cat-porta-biglietti-da-visita-plastica-personalizzato-con-logo-aziendale","10":"pa_stampa-ppl-numero-colori-1-colore-stampa-su-ppl","11":"pa_stampa-ppl-numero-colori-2-colori-stampa-su-ppl","12":"pa_stampa-ppl-numero-colori-3-colori-stampa-su-ppl","13":"pa_stampa-ppl-numero-colori-4-colori-stampa-su-ppl","14":"pa_stampa-ppl-numero-colori-nessuna-stampa-su-ppl","16":"first","17":"instock","18":"purchasable","19":"product-type-variable"},"yoast_head":"<!-- This site is optimized with the Yoast SEO Premium plugin v27.3 (Yoast SEO v27.3) - https:\/\/yoast.com\/product\/yoast-seo-premium-wordpress\/ -->\n<title>Polypropylene Business Card Holder, customized<\/title>\n<meta name=\"description\" content=\"Branded Polypropylene Business Card Holder\" \/>\n<meta name=\"robots\" content=\"index, follow, max-snippet:-1, max-image-preview:large, max-video-preview:-1\" \/>\n<link rel=\"canonical\" href=\"https:\/\/proramillenote.it\/fr\/porta-biglietti-visita-ppl-stampa-logo-sku326\/\" \/>\n<meta property=\"og:locale\" content=\"fr_FR\" \/>\n<meta property=\"og:type\" content=\"article\" \/>\n<meta property=\"og:title\" content=\"Polypropylene Business Card Holder, customized\" \/>\n<meta property=\"og:description\" content=\"Branded Polypropylene Business Card Holder\" \/>\n<meta property=\"og:url\" content=\"https:\/\/proramillenote.it\/fr\/porta-biglietti-visita-ppl-stampa-logo-sku326\/\" \/>\n<meta property=\"og:site_name\" content=\"Gadgets d\u2019entreprise et post-it personnalis\u00e9s\" \/>\n<meta property=\"article:modified_time\" content=\"2026-03-17T09:28:28+00:00\" \/>\n<meta property=\"og:image\" content=\"https:\/\/proramillenote.it\/wp-content\/uploads\/2016\/07\/products-porta-biglietti-da-visita.jpg?wsr\" \/>\n\t<meta property=\"og:image:width\" content=\"600\" \/>\n\t<meta property=\"og:image:height\" content=\"600\" \/>\n\t<meta property=\"og:image:type\" content=\"image\/jpeg\" \/>\n<meta name=\"twitter:card\" content=\"summary_large_image\" \/>\n<script type=\"application\/ld+json\" class=\"yoast-schema-graph\">{\"@context\":\"https:\\\/\\\/schema.org\",\"@graph\":[{\"@type\":\"WebPage\",\"@id\":\"https:\\\/\\\/proramillenote.it\\\/fr\\\/porta-biglietti-visita-ppl-stampa-logo-sku326\\\/\",\"url\":\"https:\\\/\\\/proramillenote.it\\\/fr\\\/porta-biglietti-visita-ppl-stampa-logo-sku326\\\/\",\"name\":\"Polypropylene Business Card Holder, customized\",\"isPartOf\":{\"@id\":\"https:\\\/\\\/proramillenote.it\\\/fr\\\/#website\"},\"primaryImageOfPage\":{\"@id\":\"https:\\\/\\\/proramillenote.it\\\/fr\\\/porta-biglietti-visita-ppl-stampa-logo-sku326\\\/#primaryimage\"},\"image\":{\"@id\":\"https:\\\/\\\/proramillenote.it\\\/fr\\\/porta-biglietti-visita-ppl-stampa-logo-sku326\\\/#primaryimage\"},\"thumbnailUrl\":\"https:\\\/\\\/proramillenote.it\\\/wp-content\\\/uploads\\\/Porta-biglietti-da-visita-in-plastica.png?wsr\",\"datePublished\":\"2016-07-27T10:32:15+00:00\",\"dateModified\":\"2026-03-17T09:28:28+00:00\",\"description\":\"Branded Polypropylene Business Card Holder\",\"breadcrumb\":{\"@id\":\"https:\\\/\\\/proramillenote.it\\\/fr\\\/porta-biglietti-visita-ppl-stampa-logo-sku326\\\/#breadcrumb\"},\"inLanguage\":\"fr-FR\",\"potentialAction\":[{\"@type\":\"ReadAction\",\"target\":[\"https:\\\/\\\/proramillenote.it\\\/fr\\\/porta-biglietti-visita-ppl-stampa-logo-sku326\\\/\"]}]},{\"@type\":\"ImageObject\",\"inLanguage\":\"fr-FR\",\"@id\":\"https:\\\/\\\/proramillenote.it\\\/fr\\\/porta-biglietti-visita-ppl-stampa-logo-sku326\\\/#primaryimage\",\"url\":\"https:\\\/\\\/proramillenote.it\\\/wp-content\\\/uploads\\\/Porta-biglietti-da-visita-in-plastica.png?wsr\",\"contentUrl\":\"https:\\\/\\\/proramillenote.it\\\/wp-content\\\/uploads\\\/Porta-biglietti-da-visita-in-plastica.png?wsr\",\"width\":600,\"height\":600,\"caption\":\"Porte-cartes de visite en plastique SKU 326, cadeau d'entreprise personnalis\u00e9 pour publicit\u00e9 et marketing B2B Porte-cartes de visite en plastique SKU 326 personnalis\u00e9 avec logo d\u2019entreprise\"},{\"@type\":\"BreadcrumbList\",\"@id\":\"https:\\\/\\\/proramillenote.it\\\/fr\\\/porta-biglietti-visita-ppl-stampa-logo-sku326\\\/#breadcrumb\",\"itemListElement\":[{\"@type\":\"ListItem\",\"position\":1,\"name\":\"Proramillenote\",\"item\":\"https:\\\/\\\/proramillenote.it\\\/fr\\\/\"},{\"@type\":\"ListItem\",\"position\":2,\"name\":\"Porta biglietti da visita in PPL\"}]},{\"@type\":\"WebSite\",\"@id\":\"https:\\\/\\\/proramillenote.it\\\/fr\\\/#website\",\"url\":\"https:\\\/\\\/proramillenote.it\\\/fr\\\/\",\"name\":\"Proramillenote gadget aziendali e post-it personalizzati\",\"description\":\"Post-it personalizzati, block notes con logo e gadget aziendali per il marketing B2B. Specialisti in gadget promozionali per medici e aziende farmaceutiche.\",\"publisher\":{\"@id\":\"https:\\\/\\\/proramillenote.it\\\/fr\\\/#organization\"},\"alternateName\":\"Proramillenote\",\"potentialAction\":[{\"@type\":\"SearchAction\",\"target\":{\"@type\":\"EntryPoint\",\"urlTemplate\":\"https:\\\/\\\/proramillenote.it\\\/fr\\\/?s={search_term_string}\"},\"query-input\":{\"@type\":\"PropertyValueSpecification\",\"valueRequired\":true,\"valueName\":\"search_term_string\"}}],\"inLanguage\":\"fr-FR\"},{\"@type\":\"Organization\",\"@id\":\"https:\\\/\\\/proramillenote.it\\\/fr\\\/#organization\",\"name\":\"Proramillenote gadgets d\u2019entreprise et post-it personnalis\u00e9s\",\"alternateName\":\"Proramillenote\",\"url\":\"https:\\\/\\\/proramillenote.it\\\/fr\\\/\",\"logo\":{\"@type\":\"ImageObject\",\"inLanguage\":\"fr-FR\",\"@id\":\"https:\\\/\\\/proramillenote.it\\\/fr\\\/#\\\/schema\\\/logo\\\/image\\\/\",\"url\":\"https:\\\/\\\/proramillenote.it\\\/wp-content\\\/uploads\\\/papercube800.png?wsr\",\"contentUrl\":\"https:\\\/\\\/proramillenote.it\\\/wp-content\\\/uploads\\\/papercube800.png?wsr\",\"width\":800,\"height\":800,\"caption\":\"Proramillenote gadgets d\u2019entreprise et post-it personnalis\u00e9s\"},\"image\":{\"@id\":\"https:\\\/\\\/proramillenote.it\\\/fr\\\/#\\\/schema\\\/logo\\\/image\\\/\"},\"description\":\"\u2022 Specialista in produzione e commercio di gadget per medici e gadget per veterinari personalizzati. \u2022 Produzione di gadget aziendali per qualsiasi settore merceologico dal 1975. \u2022 Produttore di post-it personalizzati, post-it sagomati e cubi di carta personalizzati in stampa digitale oppure offset. Produttore di block-notes con logo. \u2022 Con cartotecnica creativa progettiamo KIT di post-it su misura, Made in Italy e di design italiano, insigniti del prestigioso premio europeo PGA Promotional Gift Award. \u2022 Concorso #Ossoduro \\\"Design di brand reminder da scrivania innovativi\\\" concepito per incoraggiare la creativit\u00e0 degli studenti di scuole secondarie di design e grafica. Annuale - Ed.7\u00b0 2024-2025. \u2022 Proramillenote \u00e8 produttore accreditato EUDAMED per la fornitura di DMClasse I \u2022 Proramillenote \u00e8 certificata FSC\u00ae Chain of custody.\",\"email\":\"customercare@proramillenote.it\",\"telephone\":\"+39 039616593\",\"legalName\":\"Proramillenote Srl\",\"foundingDate\":\"1972-01-01\",\"vatID\":\"10323920966\",\"taxID\":\"10323920966\",\"numberOfEmployees\":{\"@type\":\"QuantitativeValue\",\"minValue\":\"11\",\"maxValue\":\"50\"},\"publishingPrinciples\":\"https:\\\/\\\/proramillenote.it\\\/politica-su-etica\\\/\",\"ownershipFundingInfo\":\"https:\\\/\\\/proramillenote.it\\\/politica-su-etica\\\/\",\"actionableFeedbackPolicy\":\"https:\\\/\\\/proramillenote.it\\\/politica-su-etica\\\/\",\"correctionsPolicy\":\"https:\\\/\\\/proramillenote.it\\\/politica-su-etica\\\/\",\"ethicsPolicy\":\"https:\\\/\\\/proramillenote.it\\\/politica-su-etica\\\/\",\"diversityPolicy\":\"https:\\\/\\\/proramillenote.it\\\/politica-su-etica\\\/\",\"diversityStaffingReport\":\"https:\\\/\\\/proramillenote.it\\\/politica-su-etica\\\/\"}]}<\/script>\n<meta property=\"product:brand\" content=\"Proramillenote\" \/>\n<meta property=\"og:availability\" content=\"instock\" \/>\n<meta property=\"product:availability\" content=\"instock\" \/>\n<meta property=\"product:retailer_item_id\" content=\"326\" \/>\n<meta property=\"product:condition\" content=\"new\" \/>\n<!-- \/ Yoast SEO Premium plugin. -->","yoast_head_json":{"title":"Polypropylene Business Card Holder, customized","description":"Branded Polypropylene Business Card Holder","robots":{"index":"index","follow":"follow","max-snippet":"max-snippet:-1","max-image-preview":"max-image-preview:large","max-video-preview":"max-video-preview:-1"},"canonical":"https:\/\/proramillenote.it\/fr\/porta-biglietti-visita-ppl-stampa-logo-sku326\/","og_locale":"fr_FR","og_type":"article","og_title":"Polypropylene Business Card Holder, customized","og_description":"Branded Polypropylene Business Card Holder","og_url":"https:\/\/proramillenote.it\/fr\/porta-biglietti-visita-ppl-stampa-logo-sku326\/","og_site_name":"Gadgets d\u2019entreprise et post-it personnalis\u00e9s","article_modified_time":"2026-03-17T09:28:28+00:00","og_image":[{"width":600,"height":600,"url":"https:\/\/proramillenote.it\/wp-content\/uploads\/2016\/07\/products-porta-biglietti-da-visita.jpg?wsr","type":"image\/jpeg"}],"twitter_card":"summary_large_image","schema":{"@context":"https:\/\/schema.org","@graph":[{"@type":"WebPage","@id":"https:\/\/proramillenote.it\/fr\/porta-biglietti-visita-ppl-stampa-logo-sku326\/","url":"https:\/\/proramillenote.it\/fr\/porta-biglietti-visita-ppl-stampa-logo-sku326\/","name":"Polypropylene Business Card Holder, customized","isPartOf":{"@id":"https:\/\/proramillenote.it\/fr\/#website"},"primaryImageOfPage":{"@id":"https:\/\/proramillenote.it\/fr\/porta-biglietti-visita-ppl-stampa-logo-sku326\/#primaryimage"},"image":{"@id":"https:\/\/proramillenote.it\/fr\/porta-biglietti-visita-ppl-stampa-logo-sku326\/#primaryimage"},"thumbnailUrl":"https:\/\/proramillenote.it\/wp-content\/uploads\/Porta-biglietti-da-visita-in-plastica.png?wsr","datePublished":"2016-07-27T10:32:15+00:00","dateModified":"2026-03-17T09:28:28+00:00","description":"Branded Polypropylene Business Card Holder","breadcrumb":{"@id":"https:\/\/proramillenote.it\/fr\/porta-biglietti-visita-ppl-stampa-logo-sku326\/#breadcrumb"},"inLanguage":"fr-FR","potentialAction":[{"@type":"ReadAction","target":["https:\/\/proramillenote.it\/fr\/porta-biglietti-visita-ppl-stampa-logo-sku326\/"]}]},{"@type":"ImageObject","inLanguage":"fr-FR","@id":"https:\/\/proramillenote.it\/fr\/porta-biglietti-visita-ppl-stampa-logo-sku326\/#primaryimage","url":"https:\/\/proramillenote.it\/wp-content\/uploads\/Porta-biglietti-da-visita-in-plastica.png?wsr","contentUrl":"https:\/\/proramillenote.it\/wp-content\/uploads\/Porta-biglietti-da-visita-in-plastica.png?wsr","width":600,"height":600,"caption":"Porte-cartes de visite en plastique SKU 326, cadeau d'entreprise personnalis\u00e9 pour publicit\u00e9 et marketing B2B Porte-cartes de visite en plastique SKU 326 personnalis\u00e9 avec logo d\u2019entreprise"},{"@type":"BreadcrumbList","@id":"https:\/\/proramillenote.it\/fr\/porta-biglietti-visita-ppl-stampa-logo-sku326\/#breadcrumb","itemListElement":[{"@type":"ListItem","position":1,"name":"Proramillenote","item":"https:\/\/proramillenote.it\/fr\/"},{"@type":"ListItem","position":2,"name":"Porta biglietti da visita in PPL"}]},{"@type":"WebSite","@id":"https:\/\/proramillenote.it\/fr\/#website","url":"https:\/\/proramillenote.it\/fr\/","name":"Proramillenote gadget aziendali e post-it personalizzati","description":"Post-it personalizzati, block notes con logo e gadget aziendali per il marketing B2B. Specialisti in gadget promozionali per medici e aziende farmaceutiche.","publisher":{"@id":"https:\/\/proramillenote.it\/fr\/#organization"},"alternateName":"Proramillenote","potentialAction":[{"@type":"SearchAction","target":{"@type":"EntryPoint","urlTemplate":"https:\/\/proramillenote.it\/fr\/?s={search_term_string}"},"query-input":{"@type":"PropertyValueSpecification","valueRequired":true,"valueName":"search_term_string"}}],"inLanguage":"fr-FR"},{"@type":"Organization","@id":"https:\/\/proramillenote.it\/fr\/#organization","name":"Proramillenote gadgets d\u2019entreprise et post-it personnalis\u00e9s","alternateName":"Proramillenote","url":"https:\/\/proramillenote.it\/fr\/","logo":{"@type":"ImageObject","inLanguage":"fr-FR","@id":"https:\/\/proramillenote.it\/fr\/#\/schema\/logo\/image\/","url":"https:\/\/proramillenote.it\/wp-content\/uploads\/papercube800.png?wsr","contentUrl":"https:\/\/proramillenote.it\/wp-content\/uploads\/papercube800.png?wsr","width":800,"height":800,"caption":"Proramillenote gadgets d\u2019entreprise et post-it personnalis\u00e9s"},"image":{"@id":"https:\/\/proramillenote.it\/fr\/#\/schema\/logo\/image\/"},"description":"\u2022 Specialista in produzione e commercio di gadget per medici e gadget per veterinari personalizzati. \u2022 Produzione di gadget aziendali per qualsiasi settore merceologico dal 1975. \u2022 Produttore di post-it personalizzati, post-it sagomati e cubi di carta personalizzati in stampa digitale oppure offset. Produttore di block-notes con logo. \u2022 Con cartotecnica creativa progettiamo KIT di post-it su misura, Made in Italy e di design italiano, insigniti del prestigioso premio europeo PGA Promotional Gift Award. \u2022 Concorso #Ossoduro \"Design di brand reminder da scrivania innovativi\" concepito per incoraggiare la creativit\u00e0 degli studenti di scuole secondarie di design e grafica. Annuale - Ed.7\u00b0 2024-2025. \u2022 Proramillenote \u00e8 produttore accreditato EUDAMED per la fornitura di DMClasse I \u2022 Proramillenote \u00e8 certificata FSC\u00ae Chain of custody.","email":"customercare@proramillenote.it","telephone":"+39 039616593","legalName":"Proramillenote Srl","foundingDate":"1972-01-01","vatID":"10323920966","taxID":"10323920966","numberOfEmployees":{"@type":"QuantitativeValue","minValue":"11","maxValue":"50"},"publishingPrinciples":"https:\/\/proramillenote.it\/politica-su-etica\/","ownershipFundingInfo":"https:\/\/proramillenote.it\/politica-su-etica\/","actionableFeedbackPolicy":"https:\/\/proramillenote.it\/politica-su-etica\/","correctionsPolicy":"https:\/\/proramillenote.it\/politica-su-etica\/","ethicsPolicy":"https:\/\/proramillenote.it\/politica-su-etica\/","diversityPolicy":"https:\/\/proramillenote.it\/politica-su-etica\/","diversityStaffingReport":"https:\/\/proramillenote.it\/politica-su-etica\/"}]},"product_brand":"Proramillenote","og_availability":"instock","product_availability":"instock","product_retailer_item_id":"326","product_condition":"new"},"_links":{"self":[{"href":"https:\/\/proramillenote.it\/fr\/wp-json\/wp\/v2\/product\/16483","targetHints":{"allow":["GET"]}}],"collection":[{"href":"https:\/\/proramillenote.it\/fr\/wp-json\/wp\/v2\/product"}],"about":[{"href":"https:\/\/proramillenote.it\/fr\/wp-json\/wp\/v2\/types\/product"}],"version-history":[{"count":1,"href":"https:\/\/proramillenote.it\/fr\/wp-json\/wp\/v2\/product\/16483\/revisions"}],"predecessor-version":[{"id":90333,"href":"https:\/\/proramillenote.it\/fr\/wp-json\/wp\/v2\/product\/16483\/revisions\/90333"}],"wp:featuredmedia":[{"embeddable":true,"href":"https:\/\/proramillenote.it\/fr\/wp-json\/wp\/v2\/media\/9279"}],"wp:attachment":[{"href":"https:\/\/proramillenote.it\/fr\/wp-json\/wp\/v2\/media?parent=16483"}],"wp:term":[{"taxonomy":"product_brand","embeddable":true,"href":"https:\/\/proramillenote.it\/fr\/wp-json\/wp\/v2\/product_brand?post=16483"},{"taxonomy":"product_cat","embeddable":true,"href":"https:\/\/proramillenote.it\/fr\/wp-json\/wp\/v2\/product_cat?post=16483"},{"taxonomy":"product_tag","embeddable":true,"href":"https:\/\/proramillenote.it\/fr\/wp-json\/wp\/v2\/product_tag?post=16483"}],"curies":[{"name":"wp","href":"https:\/\/api.w.org\/{rel}","templated":true}]}}