{"id":16487,"date":"2016-03-17T12:29:04","date_gmt":"2016-03-17T11:29:04","guid":{"rendered":"https:\/\/staging.proramillenote.it\/gadget\/post-it-zig-zag-camioncino-grande\/"},"modified":"2024-07-15T11:55:41","modified_gmt":"2024-07-15T09:55:41","slug":"post-it-zig-zag-camioncino-grande-stampa-logo-sku185","status":"publish","type":"product","link":"https:\/\/proramillenote.it\/fr\/post-it-zig-zag-camioncino-grande-stampa-logo-sku185\/","title":{"rendered":"Post-it Zig-Zag grand camion"},"content":{"rendered":"<p><img decoding=\"async\" src=\"https:\/\/proramillenote.it\/wp-content\/uploads\/memotack-post-it-proramillenote.png\" alt=\"MEMOTACK logo\" width=\"268\" height=\"50\" \/><\/p>\n<p>Le bloc-notes en papier adh\u00e9sif en zigzag est pr\u00e9sent\u00e9 dans un distributeur en forme de petite camionette.<br \/>\nFabriqu\u00e9 en carton, enti\u00e8rement personnalisable.<\/p>\n<p><strong>Distributeur<\/strong>: petite camionette en carton, mm 150 x 65 x 78 personnalisable avec des graphiques jusqu&rsquo;\u00e0 4 couleurs.<br \/>\nFeuilles: feuilles adh\u00e9sives jaunes ou blanches, format 70 x 75 mm, personnalisables avec une impression de 1 \u00e0 4 couleurs.<br \/>\n\u00c9paisseur du bloc: 25, 50 ou 100 feuilles en papier blanc ou jaune<\/p>\n<p><strong>Processus sp\u00e9ciaux<\/strong><br \/>\nAlternez les feuilles de papier adh\u00e9sif blanc et jaune.<br \/>\nAvec ce proc\u00e9d\u00e9, vous pouvez imprimer sur les feuilles jusqu&rsquo;\u00e0 2 couleurs.<br \/>\nDemande d&rsquo;impression sur des feuilles avec 2 sujets diff\u00e9rents<br \/>\nAvec ce proc\u00e9d\u00e9, vous pouvez faire imprimer les feuilles en 2 couleurs maximum.<br \/>\nAutres formats et mod\u00e8les sp\u00e9ciaux sur demande<\/p>\n<h6>Commande minimale: 1000 pi\u00e8ces<\/h6>\n","protected":false},"excerpt":{"rendered":"<p>Bloc-notes en forme de grand camion, personnalisable avec une impression jusqu&rsquo;\u00e0 4 couleurs.<\/p>\n","protected":false},"featured_media":16488,"template":"","meta":[],"product_brand":[5132],"product_cat":[276],"product_tag":[],"class_list":{"0":"post-16487","1":"product","2":"type-product","3":"status-publish","4":"has-post-thumbnail","6":"product_brand-produzione-proramillenote","7":"product_cat-block-notes-adesivi-post-it-zig-zag-z-notes-personalizzati","8":"pa_formato-post-it-70-x-75","9":"pa_num-col-stampa-fogli-post-it-fogli-stampa-2-colori","10":"pa_num-col-stampa-fogli-post-it-fogli-stampa-0-colore","11":"pa_num-col-stampa-fogli-post-it-fogli-stampa-1-colore","12":"pa_numero-fogli-1582","13":"pa_numero-fogli-1583","14":"pa_numero-fogli-1584","15":"pa_numero-fogli-1581","16":"pa_stampa-astuccio-col-ast-1c","17":"pa_stampa-astuccio-col-ast-2c","18":"pa_stampa-astuccio-col-ast-3c","19":"pa_stampa-astuccio-col-ast-4c","21":"first","22":"instock","23":"purchasable","24":"product-type-variable","25":"has-default-attributes"},"yoast_head":"<!-- This site is optimized with the Yoast SEO Premium plugin v27.3 (Yoast SEO v27.3) - https:\/\/yoast.com\/product\/yoast-seo-premium-wordpress\/ -->\n<title>truck shaped sticky notepad<\/title>\n<meta name=\"description\" content=\"Truck shaped sticky notepad. Accordion notepad. Bespoke creations with corporate image, direct production\" \/>\n<meta name=\"robots\" content=\"index, follow, max-snippet:-1, max-image-preview:large, max-video-preview:-1\" \/>\n<link rel=\"canonical\" href=\"https:\/\/proramillenote.it\/fr\/post-it-zig-zag-camioncino-grande-stampa-logo-sku185\/\" \/>\n<meta property=\"og:locale\" content=\"fr_FR\" \/>\n<meta property=\"og:type\" content=\"article\" \/>\n<meta property=\"og:title\" content=\"truck shaped sticky notepad\" \/>\n<meta property=\"og:description\" content=\"Truck shaped sticky notepad. Accordion notepad. Bespoke creations with corporate image, direct production\" \/>\n<meta property=\"og:url\" content=\"https:\/\/proramillenote.it\/fr\/post-it-zig-zag-camioncino-grande-stampa-logo-sku185\/\" \/>\n<meta property=\"og:site_name\" content=\"Gadgets d\u2019entreprise et post-it personnalis\u00e9s\" \/>\n<meta property=\"article:modified_time\" content=\"2024-07-15T09:55:41+00:00\" \/>\n<meta property=\"og:image\" content=\"https:\/\/proramillenote.it\/wp-content\/uploads\/2016\/03\/products-87_ZIG-ZAG-CAMIONCINO-XEROX-PROVA-RID.jpg\" \/>\n\t<meta property=\"og:image:width\" content=\"800\" \/>\n\t<meta property=\"og:image:height\" content=\"800\" \/>\n\t<meta property=\"og:image:type\" content=\"image\/jpeg\" \/>\n<meta name=\"twitter:card\" content=\"summary_large_image\" \/>\n<script type=\"application\/ld+json\" class=\"yoast-schema-graph\">{\"@context\":\"https:\\\/\\\/schema.org\",\"@graph\":[{\"@type\":\"WebPage\",\"@id\":\"https:\\\/\\\/proramillenote.it\\\/fr\\\/post-it-zig-zag-camioncino-grande-stampa-logo-sku185\\\/\",\"url\":\"https:\\\/\\\/proramillenote.it\\\/fr\\\/post-it-zig-zag-camioncino-grande-stampa-logo-sku185\\\/\",\"name\":\"truck shaped sticky notepad\",\"isPartOf\":{\"@id\":\"https:\\\/\\\/proramillenote.it\\\/fr\\\/#website\"},\"primaryImageOfPage\":{\"@id\":\"https:\\\/\\\/proramillenote.it\\\/fr\\\/post-it-zig-zag-camioncino-grande-stampa-logo-sku185\\\/#primaryimage\"},\"image\":{\"@id\":\"https:\\\/\\\/proramillenote.it\\\/fr\\\/post-it-zig-zag-camioncino-grande-stampa-logo-sku185\\\/#primaryimage\"},\"thumbnailUrl\":\"https:\\\/\\\/proramillenote.it\\\/wp-content\\\/uploads\\\/2016\\\/03\\\/products-87_ZIG-ZAG-CAMIONCINO-XEROX-PROVA-RID.jpg?wsr\",\"datePublished\":\"2016-03-17T11:29:04+00:00\",\"dateModified\":\"2024-07-15T09:55:41+00:00\",\"description\":\"Truck shaped sticky notepad. Accordion notepad. Bespoke creations with corporate image, direct production\",\"breadcrumb\":{\"@id\":\"https:\\\/\\\/proramillenote.it\\\/fr\\\/post-it-zig-zag-camioncino-grande-stampa-logo-sku185\\\/#breadcrumb\"},\"inLanguage\":\"fr-FR\",\"potentialAction\":[{\"@type\":\"ReadAction\",\"target\":[\"https:\\\/\\\/proramillenote.it\\\/fr\\\/post-it-zig-zag-camioncino-grande-stampa-logo-sku185\\\/\"]}]},{\"@type\":\"ImageObject\",\"inLanguage\":\"fr-FR\",\"@id\":\"https:\\\/\\\/proramillenote.it\\\/fr\\\/post-it-zig-zag-camioncino-grande-stampa-logo-sku185\\\/#primaryimage\",\"url\":\"https:\\\/\\\/proramillenote.it\\\/wp-content\\\/uploads\\\/2016\\\/03\\\/products-87_ZIG-ZAG-CAMIONCINO-XEROX-PROVA-RID.jpg?wsr\",\"contentUrl\":\"https:\\\/\\\/proramillenote.it\\\/wp-content\\\/uploads\\\/2016\\\/03\\\/products-87_ZIG-ZAG-CAMIONCINO-XEROX-PROVA-RID.jpg?wsr\",\"width\":800,\"height\":800},{\"@type\":\"BreadcrumbList\",\"@id\":\"https:\\\/\\\/proramillenote.it\\\/fr\\\/post-it-zig-zag-camioncino-grande-stampa-logo-sku185\\\/#breadcrumb\",\"itemListElement\":[{\"@type\":\"ListItem\",\"position\":1,\"name\":\"Proramillenote\",\"item\":\"https:\\\/\\\/proramillenote.it\\\/fr\\\/\"},{\"@type\":\"ListItem\",\"position\":2,\"name\":\"Post-it Zig-Zag grand camion\"}]},{\"@type\":\"WebSite\",\"@id\":\"https:\\\/\\\/proramillenote.it\\\/fr\\\/#website\",\"url\":\"https:\\\/\\\/proramillenote.it\\\/fr\\\/\",\"name\":\"Proramillenote gadget aziendali e post-it personalizzati\",\"description\":\"Post-it personalizzati, block notes con logo e gadget aziendali per il marketing B2B. Specialisti in gadget promozionali per medici e aziende farmaceutiche.\",\"publisher\":{\"@id\":\"https:\\\/\\\/proramillenote.it\\\/fr\\\/#organization\"},\"alternateName\":\"Proramillenote\",\"potentialAction\":[{\"@type\":\"SearchAction\",\"target\":{\"@type\":\"EntryPoint\",\"urlTemplate\":\"https:\\\/\\\/proramillenote.it\\\/fr\\\/?s={search_term_string}\"},\"query-input\":{\"@type\":\"PropertyValueSpecification\",\"valueRequired\":true,\"valueName\":\"search_term_string\"}}],\"inLanguage\":\"fr-FR\"},{\"@type\":\"Organization\",\"@id\":\"https:\\\/\\\/proramillenote.it\\\/fr\\\/#organization\",\"name\":\"Proramillenote gadgets d\u2019entreprise et post-it personnalis\u00e9s\",\"alternateName\":\"Proramillenote\",\"url\":\"https:\\\/\\\/proramillenote.it\\\/fr\\\/\",\"logo\":{\"@type\":\"ImageObject\",\"inLanguage\":\"fr-FR\",\"@id\":\"https:\\\/\\\/proramillenote.it\\\/fr\\\/#\\\/schema\\\/logo\\\/image\\\/\",\"url\":\"https:\\\/\\\/proramillenote.it\\\/wp-content\\\/uploads\\\/papercube800.png?wsr\",\"contentUrl\":\"https:\\\/\\\/proramillenote.it\\\/wp-content\\\/uploads\\\/papercube800.png?wsr\",\"width\":800,\"height\":800,\"caption\":\"Proramillenote gadgets d\u2019entreprise et post-it personnalis\u00e9s\"},\"image\":{\"@id\":\"https:\\\/\\\/proramillenote.it\\\/fr\\\/#\\\/schema\\\/logo\\\/image\\\/\"},\"description\":\"\u2022 Specialista in produzione e commercio di gadget per medici e gadget per veterinari personalizzati. \u2022 Produzione di gadget aziendali per qualsiasi settore merceologico dal 1975. \u2022 Produttore di post-it personalizzati, post-it sagomati e cubi di carta personalizzati in stampa digitale oppure offset. Produttore di block-notes con logo. \u2022 Con cartotecnica creativa progettiamo KIT di post-it su misura, Made in Italy e di design italiano, insigniti del prestigioso premio europeo PGA Promotional Gift Award. \u2022 Concorso #Ossoduro \\\"Design di brand reminder da scrivania innovativi\\\" concepito per incoraggiare la creativit\u00e0 degli studenti di scuole secondarie di design e grafica. Annuale - Ed.7\u00b0 2024-2025. \u2022 Proramillenote \u00e8 produttore accreditato EUDAMED per la fornitura di DMClasse I \u2022 Proramillenote \u00e8 certificata FSC\u00ae Chain of custody.\",\"email\":\"customercare@proramillenote.it\",\"telephone\":\"+39 039616593\",\"legalName\":\"Proramillenote Srl\",\"foundingDate\":\"1972-01-01\",\"vatID\":\"10323920966\",\"taxID\":\"10323920966\",\"numberOfEmployees\":{\"@type\":\"QuantitativeValue\",\"minValue\":\"11\",\"maxValue\":\"50\"},\"publishingPrinciples\":\"https:\\\/\\\/proramillenote.it\\\/politica-su-etica\\\/\",\"ownershipFundingInfo\":\"https:\\\/\\\/proramillenote.it\\\/politica-su-etica\\\/\",\"actionableFeedbackPolicy\":\"https:\\\/\\\/proramillenote.it\\\/politica-su-etica\\\/\",\"correctionsPolicy\":\"https:\\\/\\\/proramillenote.it\\\/politica-su-etica\\\/\",\"ethicsPolicy\":\"https:\\\/\\\/proramillenote.it\\\/politica-su-etica\\\/\",\"diversityPolicy\":\"https:\\\/\\\/proramillenote.it\\\/politica-su-etica\\\/\",\"diversityStaffingReport\":\"https:\\\/\\\/proramillenote.it\\\/politica-su-etica\\\/\"}]}<\/script>\n<meta property=\"product:brand\" content=\"Proramillenote\" \/>\n<meta property=\"og:availability\" content=\"instock\" \/>\n<meta property=\"product:availability\" content=\"instock\" \/>\n<meta property=\"product:retailer_item_id\" content=\"SKU 185\" \/>\n<meta property=\"product:condition\" content=\"new\" \/>\n<!-- \/ Yoast SEO Premium plugin. -->","yoast_head_json":{"title":"truck shaped sticky notepad","description":"Truck shaped sticky notepad. Accordion notepad. Bespoke creations with corporate image, direct production","robots":{"index":"index","follow":"follow","max-snippet":"max-snippet:-1","max-image-preview":"max-image-preview:large","max-video-preview":"max-video-preview:-1"},"canonical":"https:\/\/proramillenote.it\/fr\/post-it-zig-zag-camioncino-grande-stampa-logo-sku185\/","og_locale":"fr_FR","og_type":"article","og_title":"truck shaped sticky notepad","og_description":"Truck shaped sticky notepad. Accordion notepad. Bespoke creations with corporate image, direct production","og_url":"https:\/\/proramillenote.it\/fr\/post-it-zig-zag-camioncino-grande-stampa-logo-sku185\/","og_site_name":"Gadgets d\u2019entreprise et post-it personnalis\u00e9s","article_modified_time":"2024-07-15T09:55:41+00:00","og_image":[{"width":800,"height":800,"url":"https:\/\/proramillenote.it\/wp-content\/uploads\/2016\/03\/products-87_ZIG-ZAG-CAMIONCINO-XEROX-PROVA-RID.jpg","type":"image\/jpeg"}],"twitter_card":"summary_large_image","schema":{"@context":"https:\/\/schema.org","@graph":[{"@type":"WebPage","@id":"https:\/\/proramillenote.it\/fr\/post-it-zig-zag-camioncino-grande-stampa-logo-sku185\/","url":"https:\/\/proramillenote.it\/fr\/post-it-zig-zag-camioncino-grande-stampa-logo-sku185\/","name":"truck shaped sticky notepad","isPartOf":{"@id":"https:\/\/proramillenote.it\/fr\/#website"},"primaryImageOfPage":{"@id":"https:\/\/proramillenote.it\/fr\/post-it-zig-zag-camioncino-grande-stampa-logo-sku185\/#primaryimage"},"image":{"@id":"https:\/\/proramillenote.it\/fr\/post-it-zig-zag-camioncino-grande-stampa-logo-sku185\/#primaryimage"},"thumbnailUrl":"https:\/\/proramillenote.it\/wp-content\/uploads\/2016\/03\/products-87_ZIG-ZAG-CAMIONCINO-XEROX-PROVA-RID.jpg?wsr","datePublished":"2016-03-17T11:29:04+00:00","dateModified":"2024-07-15T09:55:41+00:00","description":"Truck shaped sticky notepad. Accordion notepad. Bespoke creations with corporate image, direct production","breadcrumb":{"@id":"https:\/\/proramillenote.it\/fr\/post-it-zig-zag-camioncino-grande-stampa-logo-sku185\/#breadcrumb"},"inLanguage":"fr-FR","potentialAction":[{"@type":"ReadAction","target":["https:\/\/proramillenote.it\/fr\/post-it-zig-zag-camioncino-grande-stampa-logo-sku185\/"]}]},{"@type":"ImageObject","inLanguage":"fr-FR","@id":"https:\/\/proramillenote.it\/fr\/post-it-zig-zag-camioncino-grande-stampa-logo-sku185\/#primaryimage","url":"https:\/\/proramillenote.it\/wp-content\/uploads\/2016\/03\/products-87_ZIG-ZAG-CAMIONCINO-XEROX-PROVA-RID.jpg?wsr","contentUrl":"https:\/\/proramillenote.it\/wp-content\/uploads\/2016\/03\/products-87_ZIG-ZAG-CAMIONCINO-XEROX-PROVA-RID.jpg?wsr","width":800,"height":800},{"@type":"BreadcrumbList","@id":"https:\/\/proramillenote.it\/fr\/post-it-zig-zag-camioncino-grande-stampa-logo-sku185\/#breadcrumb","itemListElement":[{"@type":"ListItem","position":1,"name":"Proramillenote","item":"https:\/\/proramillenote.it\/fr\/"},{"@type":"ListItem","position":2,"name":"Post-it Zig-Zag grand camion"}]},{"@type":"WebSite","@id":"https:\/\/proramillenote.it\/fr\/#website","url":"https:\/\/proramillenote.it\/fr\/","name":"Proramillenote gadget aziendali e post-it personalizzati","description":"Post-it personalizzati, block notes con logo e gadget aziendali per il marketing B2B. Specialisti in gadget promozionali per medici e aziende farmaceutiche.","publisher":{"@id":"https:\/\/proramillenote.it\/fr\/#organization"},"alternateName":"Proramillenote","potentialAction":[{"@type":"SearchAction","target":{"@type":"EntryPoint","urlTemplate":"https:\/\/proramillenote.it\/fr\/?s={search_term_string}"},"query-input":{"@type":"PropertyValueSpecification","valueRequired":true,"valueName":"search_term_string"}}],"inLanguage":"fr-FR"},{"@type":"Organization","@id":"https:\/\/proramillenote.it\/fr\/#organization","name":"Proramillenote gadgets d\u2019entreprise et post-it personnalis\u00e9s","alternateName":"Proramillenote","url":"https:\/\/proramillenote.it\/fr\/","logo":{"@type":"ImageObject","inLanguage":"fr-FR","@id":"https:\/\/proramillenote.it\/fr\/#\/schema\/logo\/image\/","url":"https:\/\/proramillenote.it\/wp-content\/uploads\/papercube800.png?wsr","contentUrl":"https:\/\/proramillenote.it\/wp-content\/uploads\/papercube800.png?wsr","width":800,"height":800,"caption":"Proramillenote gadgets d\u2019entreprise et post-it personnalis\u00e9s"},"image":{"@id":"https:\/\/proramillenote.it\/fr\/#\/schema\/logo\/image\/"},"description":"\u2022 Specialista in produzione e commercio di gadget per medici e gadget per veterinari personalizzati. \u2022 Produzione di gadget aziendali per qualsiasi settore merceologico dal 1975. \u2022 Produttore di post-it personalizzati, post-it sagomati e cubi di carta personalizzati in stampa digitale oppure offset. Produttore di block-notes con logo. \u2022 Con cartotecnica creativa progettiamo KIT di post-it su misura, Made in Italy e di design italiano, insigniti del prestigioso premio europeo PGA Promotional Gift Award. \u2022 Concorso #Ossoduro \"Design di brand reminder da scrivania innovativi\" concepito per incoraggiare la creativit\u00e0 degli studenti di scuole secondarie di design e grafica. Annuale - Ed.7\u00b0 2024-2025. \u2022 Proramillenote \u00e8 produttore accreditato EUDAMED per la fornitura di DMClasse I \u2022 Proramillenote \u00e8 certificata FSC\u00ae Chain of custody.","email":"customercare@proramillenote.it","telephone":"+39 039616593","legalName":"Proramillenote Srl","foundingDate":"1972-01-01","vatID":"10323920966","taxID":"10323920966","numberOfEmployees":{"@type":"QuantitativeValue","minValue":"11","maxValue":"50"},"publishingPrinciples":"https:\/\/proramillenote.it\/politica-su-etica\/","ownershipFundingInfo":"https:\/\/proramillenote.it\/politica-su-etica\/","actionableFeedbackPolicy":"https:\/\/proramillenote.it\/politica-su-etica\/","correctionsPolicy":"https:\/\/proramillenote.it\/politica-su-etica\/","ethicsPolicy":"https:\/\/proramillenote.it\/politica-su-etica\/","diversityPolicy":"https:\/\/proramillenote.it\/politica-su-etica\/","diversityStaffingReport":"https:\/\/proramillenote.it\/politica-su-etica\/"}]},"product_brand":"Proramillenote","og_availability":"instock","product_availability":"instock","product_retailer_item_id":"SKU 185","product_condition":"new"},"_links":{"self":[{"href":"https:\/\/proramillenote.it\/fr\/wp-json\/wp\/v2\/product\/16487","targetHints":{"allow":["GET"]}}],"collection":[{"href":"https:\/\/proramillenote.it\/fr\/wp-json\/wp\/v2\/product"}],"about":[{"href":"https:\/\/proramillenote.it\/fr\/wp-json\/wp\/v2\/types\/product"}],"version-history":[{"count":0,"href":"https:\/\/proramillenote.it\/fr\/wp-json\/wp\/v2\/product\/16487\/revisions"}],"wp:featuredmedia":[{"embeddable":true,"href":"https:\/\/proramillenote.it\/fr\/wp-json\/wp\/v2\/media\/16488"}],"wp:attachment":[{"href":"https:\/\/proramillenote.it\/fr\/wp-json\/wp\/v2\/media?parent=16487"}],"wp:term":[{"taxonomy":"product_brand","embeddable":true,"href":"https:\/\/proramillenote.it\/fr\/wp-json\/wp\/v2\/product_brand?post=16487"},{"taxonomy":"product_cat","embeddable":true,"href":"https:\/\/proramillenote.it\/fr\/wp-json\/wp\/v2\/product_cat?post=16487"},{"taxonomy":"product_tag","embeddable":true,"href":"https:\/\/proramillenote.it\/fr\/wp-json\/wp\/v2\/product_tag?post=16487"}],"curies":[{"name":"wp","href":"https:\/\/api.w.org\/{rel}","templated":true}]}}