{"id":16501,"date":"2016-05-27T14:45:24","date_gmt":"2016-05-27T12:45:24","guid":{"rendered":"https:\/\/staging.proramillenote.it\/gadget\/blocco-diagonal-con-copertina\/"},"modified":"2025-11-20T12:56:27","modified_gmt":"2025-11-20T11:56:27","slug":"blocknotes-diagonal-copertina-personalizzata-sku203","status":"publish","type":"product","link":"https:\/\/proramillenote.it\/fr\/blocknotes-diagonal-copertina-personalizzata-sku203\/","title":{"rendered":"Block notes Diagonal 3D avec couverture"},"content":{"rendered":"<p>La personnalisation au ni\u00e8me degr\u00e9! Ce nouveau rappel de marque est coll\u00e9 sur une couverture d\u00e9pliante qui cr\u00e9e un support publicitaire permanent, le carnet en papier blanc non couch\u00e9 imprim\u00e9 en quadrichromie et avec une coupe recto en diagonale est tour \u00e0 tour fa\u00e7onn\u00e9 en forme de trousse \u00e0 pharmacie ou en forme de vous pr\u00e9f\u00e9r\u00e9. Notre bureau graphique est disponible pour des simulations 3D, contactez-nous!<\/p>\n","protected":false},"excerpt":{"rendered":"<p>Bloc-notes diagonal avec couverture. 98 x 135 mm, 200 feuilles. Consulter toutes les d\u00e9coup\u00e9es standard<\/p>\n","protected":false},"featured_media":27513,"template":"","meta":[],"product_brand":[5138],"product_cat":[703,690,673],"product_tag":[],"class_list":{"0":"post-16501","1":"product","2":"type-product","3":"status-publish","4":"has-post-thumbnail","6":"product_brand-fabricant-proramillenote","7":"product_cat-blocs-notes-diagonaux-personnalises","8":"product_cat-replique-de-emballage-du-medicament-cat-fr","9":"product_cat-gadget-publicitaire-personnalise-pharma-veterinaire-medecin-producteur-revendeur-subcat-fr","10":"pa_formato-diagonal-120x170-mm-diagonal-fr","11":"pa_formato-diagonal-145x125-mm-fr","12":"pa_formato-diagonal-98x100-mm-diagonal-fr","13":"pa_formato-diagonal-98x135-mm-diagonal-fr","14":"pa_numero-fogli-150-fr-2","15":"pa_numero-fogli-200-fr","16":"pa_stampa-copertina-numero-col-couverture-impression-numerique-fr","17":"pa_stampa-copertina-numero-col-couverture-impression-1-couleur-fr","18":"pa_stampa-copertina-numero-col-couverture-impression-2-couleurs-fr","19":"pa_stampa-copertina-numero-col-couverture-impression-3-couleurs-fr","20":"pa_stampa-fogli-carta-usomano-impression-en-0-couleurs-sur-papier-moule","21":"pa_stampa-fogli-carta-usomano-impression-en-1-couleurs-sur-papier-moule","22":"pa_stampa-fogli-carta-usomano-impression-en-2-couleurs-sur-papier-moule","23":"pa_stampa-fogli-carta-usomano-impression-en-3-couleurs-sur-papier-moule","24":"pa_stampa-fogli-carta-usomano-4-col-carta-um-fr","25":"pa_stampa-fogli-carta-usomano-impression-en-quadri-sur-papier-moule","27":"first","28":"instock","29":"purchasable","30":"product-type-variable","31":"has-default-attributes"},"yoast_head":"<!-- This site is optimized with the Yoast SEO Premium plugin v27.3 (Yoast SEO v27.3) - https:\/\/yoast.com\/product\/yoast-seo-premium-wordpress\/ -->\n<title>Diagonal cutted memopad<\/title>\n<meta name=\"description\" content=\"Branded Memopad Diagonal Cut\" \/>\n<meta name=\"robots\" content=\"index, follow, max-snippet:-1, max-image-preview:large, max-video-preview:-1\" \/>\n<link rel=\"canonical\" href=\"https:\/\/proramillenote.it\/fr\/blocknotes-diagonal-copertina-personalizzata-sku203\/\" \/>\n<meta property=\"og:locale\" content=\"fr_FR\" \/>\n<meta property=\"og:type\" content=\"article\" \/>\n<meta property=\"og:title\" content=\"Diagonal cutted memopad\" \/>\n<meta property=\"og:description\" content=\"Branded Memopad Diagonal Cut\" \/>\n<meta property=\"og:url\" content=\"https:\/\/proramillenote.it\/fr\/blocknotes-diagonal-copertina-personalizzata-sku203\/\" \/>\n<meta property=\"og:site_name\" content=\"Gadgets d\u2019entreprise et post-it personnalis\u00e9s\" \/>\n<meta property=\"article:modified_time\" content=\"2025-11-20T11:56:27+00:00\" \/>\n<meta property=\"og:image\" content=\"https:\/\/proramillenote.it\/wp-content\/uploads\/block-notes-diagonal-personalizzato-stilnox-rid.webp\" \/>\n\t<meta property=\"og:image:width\" content=\"600\" \/>\n\t<meta property=\"og:image:height\" content=\"600\" \/>\n\t<meta property=\"og:image:type\" content=\"image\/webp\" \/>\n<meta name=\"twitter:card\" content=\"summary_large_image\" \/>\n<script type=\"application\/ld+json\" class=\"yoast-schema-graph\">{\"@context\":\"https:\\\/\\\/schema.org\",\"@graph\":[{\"@type\":\"WebPage\",\"@id\":\"https:\\\/\\\/proramillenote.it\\\/fr\\\/blocknotes-diagonal-copertina-personalizzata-sku203\\\/\",\"url\":\"https:\\\/\\\/proramillenote.it\\\/fr\\\/blocknotes-diagonal-copertina-personalizzata-sku203\\\/\",\"name\":\"Diagonal cutted memopad\",\"isPartOf\":{\"@id\":\"https:\\\/\\\/proramillenote.it\\\/fr\\\/#website\"},\"primaryImageOfPage\":{\"@id\":\"https:\\\/\\\/proramillenote.it\\\/fr\\\/blocknotes-diagonal-copertina-personalizzata-sku203\\\/#primaryimage\"},\"image\":{\"@id\":\"https:\\\/\\\/proramillenote.it\\\/fr\\\/blocknotes-diagonal-copertina-personalizzata-sku203\\\/#primaryimage\"},\"thumbnailUrl\":\"https:\\\/\\\/proramillenote.it\\\/wp-content\\\/uploads\\\/block-notes-diagonal-personalizzato-stilnox-rid.webp?wsr\",\"datePublished\":\"2016-05-27T12:45:24+00:00\",\"dateModified\":\"2025-11-20T11:56:27+00:00\",\"description\":\"Branded Memopad Diagonal Cut\",\"breadcrumb\":{\"@id\":\"https:\\\/\\\/proramillenote.it\\\/fr\\\/blocknotes-diagonal-copertina-personalizzata-sku203\\\/#breadcrumb\"},\"inLanguage\":\"fr-FR\",\"potentialAction\":[{\"@type\":\"ReadAction\",\"target\":[\"https:\\\/\\\/proramillenote.it\\\/fr\\\/blocknotes-diagonal-copertina-personalizzata-sku203\\\/\"]}]},{\"@type\":\"ImageObject\",\"inLanguage\":\"fr-FR\",\"@id\":\"https:\\\/\\\/proramillenote.it\\\/fr\\\/blocknotes-diagonal-copertina-personalizzata-sku203\\\/#primaryimage\",\"url\":\"https:\\\/\\\/proramillenote.it\\\/wp-content\\\/uploads\\\/block-notes-diagonal-personalizzato-stilnox-rid.webp?wsr\",\"contentUrl\":\"https:\\\/\\\/proramillenote.it\\\/wp-content\\\/uploads\\\/block-notes-diagonal-personalizzato-stilnox-rid.webp?wsr\",\"width\":600,\"height\":600},{\"@type\":\"BreadcrumbList\",\"@id\":\"https:\\\/\\\/proramillenote.it\\\/fr\\\/blocknotes-diagonal-copertina-personalizzata-sku203\\\/#breadcrumb\",\"itemListElement\":[{\"@type\":\"ListItem\",\"position\":1,\"name\":\"Proramillenote\",\"item\":\"https:\\\/\\\/proramillenote.it\\\/fr\\\/\"},{\"@type\":\"ListItem\",\"position\":2,\"name\":\"Block notes Diagonal 3D avec couverture\"}]},{\"@type\":\"WebSite\",\"@id\":\"https:\\\/\\\/proramillenote.it\\\/fr\\\/#website\",\"url\":\"https:\\\/\\\/proramillenote.it\\\/fr\\\/\",\"name\":\"Proramillenote gadget aziendali e post-it personalizzati\",\"description\":\"Post-it personalizzati, block notes con logo e gadget aziendali per il marketing B2B. Specialisti in gadget promozionali per medici e aziende farmaceutiche.\",\"publisher\":{\"@id\":\"https:\\\/\\\/proramillenote.it\\\/fr\\\/#organization\"},\"alternateName\":\"Proramillenote\",\"potentialAction\":[{\"@type\":\"SearchAction\",\"target\":{\"@type\":\"EntryPoint\",\"urlTemplate\":\"https:\\\/\\\/proramillenote.it\\\/fr\\\/?s={search_term_string}\"},\"query-input\":{\"@type\":\"PropertyValueSpecification\",\"valueRequired\":true,\"valueName\":\"search_term_string\"}}],\"inLanguage\":\"fr-FR\"},{\"@type\":\"Organization\",\"@id\":\"https:\\\/\\\/proramillenote.it\\\/fr\\\/#organization\",\"name\":\"Proramillenote gadgets d\u2019entreprise et post-it personnalis\u00e9s\",\"alternateName\":\"Proramillenote\",\"url\":\"https:\\\/\\\/proramillenote.it\\\/fr\\\/\",\"logo\":{\"@type\":\"ImageObject\",\"inLanguage\":\"fr-FR\",\"@id\":\"https:\\\/\\\/proramillenote.it\\\/fr\\\/#\\\/schema\\\/logo\\\/image\\\/\",\"url\":\"https:\\\/\\\/proramillenote.it\\\/wp-content\\\/uploads\\\/papercube800.png?wsr\",\"contentUrl\":\"https:\\\/\\\/proramillenote.it\\\/wp-content\\\/uploads\\\/papercube800.png?wsr\",\"width\":800,\"height\":800,\"caption\":\"Proramillenote gadgets d\u2019entreprise et post-it personnalis\u00e9s\"},\"image\":{\"@id\":\"https:\\\/\\\/proramillenote.it\\\/fr\\\/#\\\/schema\\\/logo\\\/image\\\/\"},\"description\":\"\u2022 Specialista in produzione e commercio di gadget per medici e gadget per veterinari personalizzati. \u2022 Produzione di gadget aziendali per qualsiasi settore merceologico dal 1975. \u2022 Produttore di post-it personalizzati, post-it sagomati e cubi di carta personalizzati in stampa digitale oppure offset. Produttore di block-notes con logo. \u2022 Con cartotecnica creativa progettiamo KIT di post-it su misura, Made in Italy e di design italiano, insigniti del prestigioso premio europeo PGA Promotional Gift Award. \u2022 Concorso #Ossoduro \\\"Design di brand reminder da scrivania innovativi\\\" concepito per incoraggiare la creativit\u00e0 degli studenti di scuole secondarie di design e grafica. Annuale - Ed.7\u00b0 2024-2025. \u2022 Proramillenote \u00e8 produttore accreditato EUDAMED per la fornitura di DMClasse I \u2022 Proramillenote \u00e8 certificata FSC\u00ae Chain of custody.\",\"email\":\"customercare@proramillenote.it\",\"telephone\":\"+39 039616593\",\"legalName\":\"Proramillenote Srl\",\"foundingDate\":\"1972-01-01\",\"vatID\":\"10323920966\",\"taxID\":\"10323920966\",\"numberOfEmployees\":{\"@type\":\"QuantitativeValue\",\"minValue\":\"11\",\"maxValue\":\"50\"},\"publishingPrinciples\":\"https:\\\/\\\/proramillenote.it\\\/politica-su-etica\\\/\",\"ownershipFundingInfo\":\"https:\\\/\\\/proramillenote.it\\\/politica-su-etica\\\/\",\"actionableFeedbackPolicy\":\"https:\\\/\\\/proramillenote.it\\\/politica-su-etica\\\/\",\"correctionsPolicy\":\"https:\\\/\\\/proramillenote.it\\\/politica-su-etica\\\/\",\"ethicsPolicy\":\"https:\\\/\\\/proramillenote.it\\\/politica-su-etica\\\/\",\"diversityPolicy\":\"https:\\\/\\\/proramillenote.it\\\/politica-su-etica\\\/\",\"diversityStaffingReport\":\"https:\\\/\\\/proramillenote.it\\\/politica-su-etica\\\/\"}]}<\/script>\n<meta property=\"product:brand\" content=\"Fabricant Proramillenote\" \/>\n<meta property=\"og:availability\" content=\"instock\" \/>\n<meta property=\"product:availability\" content=\"instock\" \/>\n<meta property=\"product:retailer_item_id\" content=\"203\" \/>\n<meta property=\"product:condition\" content=\"new\" \/>\n<!-- \/ Yoast SEO Premium plugin. -->","yoast_head_json":{"title":"Diagonal cutted memopad","description":"Branded Memopad Diagonal Cut","robots":{"index":"index","follow":"follow","max-snippet":"max-snippet:-1","max-image-preview":"max-image-preview:large","max-video-preview":"max-video-preview:-1"},"canonical":"https:\/\/proramillenote.it\/fr\/blocknotes-diagonal-copertina-personalizzata-sku203\/","og_locale":"fr_FR","og_type":"article","og_title":"Diagonal cutted memopad","og_description":"Branded Memopad Diagonal Cut","og_url":"https:\/\/proramillenote.it\/fr\/blocknotes-diagonal-copertina-personalizzata-sku203\/","og_site_name":"Gadgets d\u2019entreprise et post-it personnalis\u00e9s","article_modified_time":"2025-11-20T11:56:27+00:00","og_image":[{"width":600,"height":600,"url":"https:\/\/proramillenote.it\/wp-content\/uploads\/block-notes-diagonal-personalizzato-stilnox-rid.webp","type":"image\/webp"}],"twitter_card":"summary_large_image","schema":{"@context":"https:\/\/schema.org","@graph":[{"@type":"WebPage","@id":"https:\/\/proramillenote.it\/fr\/blocknotes-diagonal-copertina-personalizzata-sku203\/","url":"https:\/\/proramillenote.it\/fr\/blocknotes-diagonal-copertina-personalizzata-sku203\/","name":"Diagonal cutted memopad","isPartOf":{"@id":"https:\/\/proramillenote.it\/fr\/#website"},"primaryImageOfPage":{"@id":"https:\/\/proramillenote.it\/fr\/blocknotes-diagonal-copertina-personalizzata-sku203\/#primaryimage"},"image":{"@id":"https:\/\/proramillenote.it\/fr\/blocknotes-diagonal-copertina-personalizzata-sku203\/#primaryimage"},"thumbnailUrl":"https:\/\/proramillenote.it\/wp-content\/uploads\/block-notes-diagonal-personalizzato-stilnox-rid.webp?wsr","datePublished":"2016-05-27T12:45:24+00:00","dateModified":"2025-11-20T11:56:27+00:00","description":"Branded Memopad Diagonal Cut","breadcrumb":{"@id":"https:\/\/proramillenote.it\/fr\/blocknotes-diagonal-copertina-personalizzata-sku203\/#breadcrumb"},"inLanguage":"fr-FR","potentialAction":[{"@type":"ReadAction","target":["https:\/\/proramillenote.it\/fr\/blocknotes-diagonal-copertina-personalizzata-sku203\/"]}]},{"@type":"ImageObject","inLanguage":"fr-FR","@id":"https:\/\/proramillenote.it\/fr\/blocknotes-diagonal-copertina-personalizzata-sku203\/#primaryimage","url":"https:\/\/proramillenote.it\/wp-content\/uploads\/block-notes-diagonal-personalizzato-stilnox-rid.webp?wsr","contentUrl":"https:\/\/proramillenote.it\/wp-content\/uploads\/block-notes-diagonal-personalizzato-stilnox-rid.webp?wsr","width":600,"height":600},{"@type":"BreadcrumbList","@id":"https:\/\/proramillenote.it\/fr\/blocknotes-diagonal-copertina-personalizzata-sku203\/#breadcrumb","itemListElement":[{"@type":"ListItem","position":1,"name":"Proramillenote","item":"https:\/\/proramillenote.it\/fr\/"},{"@type":"ListItem","position":2,"name":"Block notes Diagonal 3D avec couverture"}]},{"@type":"WebSite","@id":"https:\/\/proramillenote.it\/fr\/#website","url":"https:\/\/proramillenote.it\/fr\/","name":"Proramillenote gadget aziendali e post-it personalizzati","description":"Post-it personalizzati, block notes con logo e gadget aziendali per il marketing B2B. Specialisti in gadget promozionali per medici e aziende farmaceutiche.","publisher":{"@id":"https:\/\/proramillenote.it\/fr\/#organization"},"alternateName":"Proramillenote","potentialAction":[{"@type":"SearchAction","target":{"@type":"EntryPoint","urlTemplate":"https:\/\/proramillenote.it\/fr\/?s={search_term_string}"},"query-input":{"@type":"PropertyValueSpecification","valueRequired":true,"valueName":"search_term_string"}}],"inLanguage":"fr-FR"},{"@type":"Organization","@id":"https:\/\/proramillenote.it\/fr\/#organization","name":"Proramillenote gadgets d\u2019entreprise et post-it personnalis\u00e9s","alternateName":"Proramillenote","url":"https:\/\/proramillenote.it\/fr\/","logo":{"@type":"ImageObject","inLanguage":"fr-FR","@id":"https:\/\/proramillenote.it\/fr\/#\/schema\/logo\/image\/","url":"https:\/\/proramillenote.it\/wp-content\/uploads\/papercube800.png?wsr","contentUrl":"https:\/\/proramillenote.it\/wp-content\/uploads\/papercube800.png?wsr","width":800,"height":800,"caption":"Proramillenote gadgets d\u2019entreprise et post-it personnalis\u00e9s"},"image":{"@id":"https:\/\/proramillenote.it\/fr\/#\/schema\/logo\/image\/"},"description":"\u2022 Specialista in produzione e commercio di gadget per medici e gadget per veterinari personalizzati. \u2022 Produzione di gadget aziendali per qualsiasi settore merceologico dal 1975. \u2022 Produttore di post-it personalizzati, post-it sagomati e cubi di carta personalizzati in stampa digitale oppure offset. Produttore di block-notes con logo. \u2022 Con cartotecnica creativa progettiamo KIT di post-it su misura, Made in Italy e di design italiano, insigniti del prestigioso premio europeo PGA Promotional Gift Award. \u2022 Concorso #Ossoduro \"Design di brand reminder da scrivania innovativi\" concepito per incoraggiare la creativit\u00e0 degli studenti di scuole secondarie di design e grafica. Annuale - Ed.7\u00b0 2024-2025. \u2022 Proramillenote \u00e8 produttore accreditato EUDAMED per la fornitura di DMClasse I \u2022 Proramillenote \u00e8 certificata FSC\u00ae Chain of custody.","email":"customercare@proramillenote.it","telephone":"+39 039616593","legalName":"Proramillenote Srl","foundingDate":"1972-01-01","vatID":"10323920966","taxID":"10323920966","numberOfEmployees":{"@type":"QuantitativeValue","minValue":"11","maxValue":"50"},"publishingPrinciples":"https:\/\/proramillenote.it\/politica-su-etica\/","ownershipFundingInfo":"https:\/\/proramillenote.it\/politica-su-etica\/","actionableFeedbackPolicy":"https:\/\/proramillenote.it\/politica-su-etica\/","correctionsPolicy":"https:\/\/proramillenote.it\/politica-su-etica\/","ethicsPolicy":"https:\/\/proramillenote.it\/politica-su-etica\/","diversityPolicy":"https:\/\/proramillenote.it\/politica-su-etica\/","diversityStaffingReport":"https:\/\/proramillenote.it\/politica-su-etica\/"}]},"product_brand":"Fabricant Proramillenote","og_availability":"instock","product_availability":"instock","product_retailer_item_id":"203","product_condition":"new"},"_links":{"self":[{"href":"https:\/\/proramillenote.it\/fr\/wp-json\/wp\/v2\/product\/16501","targetHints":{"allow":["GET"]}}],"collection":[{"href":"https:\/\/proramillenote.it\/fr\/wp-json\/wp\/v2\/product"}],"about":[{"href":"https:\/\/proramillenote.it\/fr\/wp-json\/wp\/v2\/types\/product"}],"version-history":[{"count":0,"href":"https:\/\/proramillenote.it\/fr\/wp-json\/wp\/v2\/product\/16501\/revisions"}],"wp:featuredmedia":[{"embeddable":true,"href":"https:\/\/proramillenote.it\/fr\/wp-json\/wp\/v2\/media\/27513"}],"wp:attachment":[{"href":"https:\/\/proramillenote.it\/fr\/wp-json\/wp\/v2\/media?parent=16501"}],"wp:term":[{"taxonomy":"product_brand","embeddable":true,"href":"https:\/\/proramillenote.it\/fr\/wp-json\/wp\/v2\/product_brand?post=16501"},{"taxonomy":"product_cat","embeddable":true,"href":"https:\/\/proramillenote.it\/fr\/wp-json\/wp\/v2\/product_cat?post=16501"},{"taxonomy":"product_tag","embeddable":true,"href":"https:\/\/proramillenote.it\/fr\/wp-json\/wp\/v2\/product_tag?post=16501"}],"curies":[{"name":"wp","href":"https:\/\/api.w.org\/{rel}","templated":true}]}}