{"id":16522,"date":"2016-06-01T10:10:44","date_gmt":"2016-06-01T08:10:44","guid":{"rendered":"https:\/\/staging.proramillenote.it\/gadget\/covernotes-memotack-demi\/"},"modified":"2024-07-15T11:54:58","modified_gmt":"2024-07-15T09:54:58","slug":"2-post-it-copertina-portapenne-medio-stampa-logo-sku211","status":"publish","type":"product","link":"https:\/\/proramillenote.it\/fr\/2-post-it-copertina-portapenne-medio-stampa-logo-sku211\/","title":{"rendered":"Post-it Covernotes Dem\u00ec"},"content":{"rendered":"<p><img decoding=\"async\" src=\"https:\/\/proramillenote.it\/wp-content\/uploads\/memotack-post-it-proramillenote.png\" alt=\"MEMOTACK logo\" width=\"268\" height=\"50\" \/><\/p>\n<p><strong>Composition des Covernotes<\/strong><br \/>\n&#8211; 1 Bloc-notes en papier recycl\u00e9 avec autocollant format 69 x 75 mm, \u00e9paisseur 150 feuilles recommand\u00e9es<br \/>\n&#8211; 1 Bloc-notes en papier artisanal recycl\u00e9 format 110 x 75 mm, \u00e9paisseur 150 feuilles recommand\u00e9e<br \/>\n&#8211; Couverture en carton recycl\u00e9 g 350 m\u00b2.<\/p>\n<p><strong>Personnalisation de la couverture<\/strong><br \/>\n&#8211; Impression en 1 couleur sur la couverture qui se plie pour former une base publicitaire et un porte-stylo.<br \/>\n&#8211; Impression en 1 couleur sur 3 c\u00f4t\u00e9s<\/p>\n<p><strong>Personnalisation des blocs<\/strong><br \/>\nImpression sur des feuilles<\/p>\n<p><strong>Emballage et conditionnement<\/strong><br \/>\n&#8211; Emballage individuel sous film r\u00e9tractable<br \/>\n&#8211; Emballage dans des bo\u00eetes en carton<\/p>\n<h6>Quantit\u00e9 minimale \u00e0 mettre en production 500 pi\u00e8ces<\/h6>\n","protected":false},"excerpt":{"rendered":"<p>MEMOTACK DEMI Covernotes avec 2 blocs-notes et porte-stylo<\/p>\n","protected":false},"featured_media":16523,"template":"","meta":[],"product_brand":[5138],"product_cat":[654,646,653,5195],"product_tag":[],"class_list":{"0":"post-16522","1":"product","2":"type-product","3":"status-publish","4":"has-post-thumbnail","6":"product_brand-fabricant-proramillenote","7":"product_cat-post-it-notes-avec-couverture-en-carton-personnalise","8":"product_cat-post-it-personnalises","9":"product_cat-post-it-personnalisable-avec-couverture","10":"product_cat-cout-entre-1-et-2-euros","11":"pa_num-col-stampa-fogli-post-it-feuilles-impression-0-couleurs-fr","12":"pa_num-col-stampa-fogli-post-it-feuilles-impression-4-couleurs-fr","13":"pa_num-col-stampa-fogli-post-it-feuilles-impression-en-quadri-fr","14":"pa_num-col-stampa-fogli-post-it-feuilles-impression-3-couleurs-fr","15":"pa_num-col-stampa-fogli-post-it-feuilles-impression-2-couleurs-fr","16":"pa_num-col-stampa-fogli-post-it-feuilles-impression-1-couleur-fr","17":"pa_stampa-copertina-numero-col-couverture-impression-2-couleurs-fr","18":"pa_stampa-copertina-numero-col-couverture-impression-3-couleurs-fr","19":"pa_stampa-copertina-numero-col-couverture-impression-numerique-fr","20":"pa_stampa-copertina-numero-col-couverture-impression-1-couleur-fr","21":"pa_stampa-fogli-carta-usomano-impression-en-0-couleurs-sur-papier-moule","22":"pa_stampa-fogli-carta-usomano-impression-en-1-couleurs-sur-papier-moule","23":"pa_stampa-fogli-carta-usomano-impression-en-2-couleurs-sur-papier-moule","24":"pa_stampa-fogli-carta-usomano-impression-en-3-couleurs-sur-papier-moule","25":"pa_stampa-fogli-carta-usomano-4-col-carta-um-fr","26":"pa_stampa-fogli-carta-usomano-impression-en-quadri-sur-papier-moule","27":"pa_stampa-lati-numero-colori-impression-1-couleur-sur-les-cotes","28":"pa_stampa-lati-numero-colori-impression-2-couleurs-sur-les-cotes","29":"pa_stampa-lati-numero-soggetti-impression-cotes-2-sujets","30":"pa_stampa-lati-numero-soggetti-impression-cotes-3-sujets","32":"first","33":"instock","34":"purchasable","35":"product-type-variable","36":"has-default-attributes"},"yoast_head":"<!-- This site is optimized with the Yoast SEO Premium plugin v27.3 (Yoast SEO v27.3) - https:\/\/yoast.com\/product\/yoast-seo-premium-wordpress\/ -->\n<title>Covernotes Memotack &quot;DEMI&quot; with 2 memopads and a pen holder<\/title>\n<meta name=\"description\" content=\"Covernotes Memotack &#038;#38;#34;DEMI&#038;#38;#34; with 2 memopads and a pen holder. bespoke creations\" \/>\n<meta name=\"robots\" content=\"index, follow, max-snippet:-1, max-image-preview:large, max-video-preview:-1\" \/>\n<link rel=\"canonical\" href=\"https:\/\/proramillenote.it\/fr\/2-post-it-copertina-portapenne-medio-stampa-logo-sku211\/\" \/>\n<meta property=\"og:locale\" content=\"fr_FR\" \/>\n<meta property=\"og:type\" content=\"article\" \/>\n<meta property=\"og:title\" content=\"Covernotes Memotack &quot;DEMI&quot; with 2 memopads and a pen holder\" \/>\n<meta property=\"og:description\" content=\"Covernotes Memotack &#038;#38;#34;DEMI&#038;#38;#34; with 2 memopads and a pen holder. bespoke creations\" \/>\n<meta property=\"og:url\" content=\"https:\/\/proramillenote.it\/fr\/2-post-it-copertina-portapenne-medio-stampa-logo-sku211\/\" \/>\n<meta property=\"og:site_name\" content=\"Gadgets d\u2019entreprise et post-it personnalis\u00e9s\" \/>\n<meta property=\"article:modified_time\" content=\"2024-07-15T09:54:58+00:00\" \/>\n<meta property=\"og:image\" content=\"https:\/\/proramillenote.it\/wp-content\/uploads\/2016\/06\/covernotes-combinato-doppio-plutivit-copia.webp\" \/>\n\t<meta property=\"og:image:width\" content=\"600\" \/>\n\t<meta property=\"og:image:height\" content=\"600\" \/>\n\t<meta property=\"og:image:type\" content=\"image\/jpeg\" \/>\n<meta name=\"twitter:card\" content=\"summary_large_image\" \/>\n<script type=\"application\/ld+json\" class=\"yoast-schema-graph\">{\"@context\":\"https:\\\/\\\/schema.org\",\"@graph\":[{\"@type\":\"WebPage\",\"@id\":\"https:\\\/\\\/proramillenote.it\\\/fr\\\/2-post-it-copertina-portapenne-medio-stampa-logo-sku211\\\/\",\"url\":\"https:\\\/\\\/proramillenote.it\\\/fr\\\/2-post-it-copertina-portapenne-medio-stampa-logo-sku211\\\/\",\"name\":\"Covernotes Memotack \\\"DEMI\\\" with 2 memopads and a pen holder\",\"isPartOf\":{\"@id\":\"https:\\\/\\\/proramillenote.it\\\/fr\\\/#website\"},\"primaryImageOfPage\":{\"@id\":\"https:\\\/\\\/proramillenote.it\\\/fr\\\/2-post-it-copertina-portapenne-medio-stampa-logo-sku211\\\/#primaryimage\"},\"image\":{\"@id\":\"https:\\\/\\\/proramillenote.it\\\/fr\\\/2-post-it-copertina-portapenne-medio-stampa-logo-sku211\\\/#primaryimage\"},\"thumbnailUrl\":\"https:\\\/\\\/proramillenote.it\\\/wp-content\\\/uploads\\\/2016\\\/06\\\/covernotes-combinato-doppio-plutivit-copia.webp?wsr\",\"datePublished\":\"2016-06-01T08:10:44+00:00\",\"dateModified\":\"2024-07-15T09:54:58+00:00\",\"description\":\"Covernotes Memotack &#38;#38;#34;DEMI&#38;#38;#34; with 2 memopads and a pen holder. bespoke creations\",\"breadcrumb\":{\"@id\":\"https:\\\/\\\/proramillenote.it\\\/fr\\\/2-post-it-copertina-portapenne-medio-stampa-logo-sku211\\\/#breadcrumb\"},\"inLanguage\":\"fr-FR\",\"potentialAction\":[{\"@type\":\"ReadAction\",\"target\":[\"https:\\\/\\\/proramillenote.it\\\/fr\\\/2-post-it-copertina-portapenne-medio-stampa-logo-sku211\\\/\"]}]},{\"@type\":\"ImageObject\",\"inLanguage\":\"fr-FR\",\"@id\":\"https:\\\/\\\/proramillenote.it\\\/fr\\\/2-post-it-copertina-portapenne-medio-stampa-logo-sku211\\\/#primaryimage\",\"url\":\"https:\\\/\\\/proramillenote.it\\\/wp-content\\\/uploads\\\/2016\\\/06\\\/covernotes-combinato-doppio-plutivit-copia.webp?wsr\",\"contentUrl\":\"https:\\\/\\\/proramillenote.it\\\/wp-content\\\/uploads\\\/2016\\\/06\\\/covernotes-combinato-doppio-plutivit-copia.webp?wsr\",\"width\":600,\"height\":600,\"caption\":\"Covernotes avec trou porte-stylo \u2013 bloc-notes personnalis\u00e9 avec couverture d\u00e9mo BCC\"},{\"@type\":\"BreadcrumbList\",\"@id\":\"https:\\\/\\\/proramillenote.it\\\/fr\\\/2-post-it-copertina-portapenne-medio-stampa-logo-sku211\\\/#breadcrumb\",\"itemListElement\":[{\"@type\":\"ListItem\",\"position\":1,\"name\":\"Proramillenote\",\"item\":\"https:\\\/\\\/proramillenote.it\\\/fr\\\/\"},{\"@type\":\"ListItem\",\"position\":2,\"name\":\"Post-it Covernotes Dem\u00ec\"}]},{\"@type\":\"WebSite\",\"@id\":\"https:\\\/\\\/proramillenote.it\\\/fr\\\/#website\",\"url\":\"https:\\\/\\\/proramillenote.it\\\/fr\\\/\",\"name\":\"Proramillenote gadget aziendali e post-it personalizzati\",\"description\":\"Post-it personalizzati, block notes con logo e gadget aziendali per il marketing B2B. Specialisti in gadget promozionali per medici e aziende farmaceutiche.\",\"publisher\":{\"@id\":\"https:\\\/\\\/proramillenote.it\\\/fr\\\/#organization\"},\"alternateName\":\"Proramillenote\",\"potentialAction\":[{\"@type\":\"SearchAction\",\"target\":{\"@type\":\"EntryPoint\",\"urlTemplate\":\"https:\\\/\\\/proramillenote.it\\\/fr\\\/?s={search_term_string}\"},\"query-input\":{\"@type\":\"PropertyValueSpecification\",\"valueRequired\":true,\"valueName\":\"search_term_string\"}}],\"inLanguage\":\"fr-FR\"},{\"@type\":\"Organization\",\"@id\":\"https:\\\/\\\/proramillenote.it\\\/fr\\\/#organization\",\"name\":\"Proramillenote gadgets d\u2019entreprise et post-it personnalis\u00e9s\",\"alternateName\":\"Proramillenote\",\"url\":\"https:\\\/\\\/proramillenote.it\\\/fr\\\/\",\"logo\":{\"@type\":\"ImageObject\",\"inLanguage\":\"fr-FR\",\"@id\":\"https:\\\/\\\/proramillenote.it\\\/fr\\\/#\\\/schema\\\/logo\\\/image\\\/\",\"url\":\"https:\\\/\\\/proramillenote.it\\\/wp-content\\\/uploads\\\/papercube800.png?wsr\",\"contentUrl\":\"https:\\\/\\\/proramillenote.it\\\/wp-content\\\/uploads\\\/papercube800.png?wsr\",\"width\":800,\"height\":800,\"caption\":\"Proramillenote gadgets d\u2019entreprise et post-it personnalis\u00e9s\"},\"image\":{\"@id\":\"https:\\\/\\\/proramillenote.it\\\/fr\\\/#\\\/schema\\\/logo\\\/image\\\/\"},\"description\":\"\u2022 Specialista in produzione e commercio di gadget per medici e gadget per veterinari personalizzati. \u2022 Produzione di gadget aziendali per qualsiasi settore merceologico dal 1975. \u2022 Produttore di post-it personalizzati, post-it sagomati e cubi di carta personalizzati in stampa digitale oppure offset. Produttore di block-notes con logo. \u2022 Con cartotecnica creativa progettiamo KIT di post-it su misura, Made in Italy e di design italiano, insigniti del prestigioso premio europeo PGA Promotional Gift Award. \u2022 Concorso #Ossoduro \\\"Design di brand reminder da scrivania innovativi\\\" concepito per incoraggiare la creativit\u00e0 degli studenti di scuole secondarie di design e grafica. Annuale - Ed.7\u00b0 2024-2025. \u2022 Proramillenote \u00e8 produttore accreditato EUDAMED per la fornitura di DMClasse I \u2022 Proramillenote \u00e8 certificata FSC\u00ae Chain of custody.\",\"email\":\"customercare@proramillenote.it\",\"telephone\":\"+39 039616593\",\"legalName\":\"Proramillenote Srl\",\"foundingDate\":\"1972-01-01\",\"vatID\":\"10323920966\",\"taxID\":\"10323920966\",\"numberOfEmployees\":{\"@type\":\"QuantitativeValue\",\"minValue\":\"11\",\"maxValue\":\"50\"},\"publishingPrinciples\":\"https:\\\/\\\/proramillenote.it\\\/politica-su-etica\\\/\",\"ownershipFundingInfo\":\"https:\\\/\\\/proramillenote.it\\\/politica-su-etica\\\/\",\"actionableFeedbackPolicy\":\"https:\\\/\\\/proramillenote.it\\\/politica-su-etica\\\/\",\"correctionsPolicy\":\"https:\\\/\\\/proramillenote.it\\\/politica-su-etica\\\/\",\"ethicsPolicy\":\"https:\\\/\\\/proramillenote.it\\\/politica-su-etica\\\/\",\"diversityPolicy\":\"https:\\\/\\\/proramillenote.it\\\/politica-su-etica\\\/\",\"diversityStaffingReport\":\"https:\\\/\\\/proramillenote.it\\\/politica-su-etica\\\/\"}]}<\/script>\n<meta property=\"product:brand\" content=\"Fabricant Proramillenote\" \/>\n<meta property=\"og:availability\" content=\"instock\" \/>\n<meta property=\"product:availability\" content=\"instock\" \/>\n<meta property=\"product:retailer_item_id\" content=\"211\" \/>\n<meta property=\"product:condition\" content=\"new\" \/>\n<!-- \/ Yoast SEO Premium plugin. -->","yoast_head_json":{"title":"Covernotes Memotack \"DEMI\" with 2 memopads and a pen holder","description":"Covernotes Memotack &#38;#38;#34;DEMI&#38;#38;#34; with 2 memopads and a pen holder. bespoke creations","robots":{"index":"index","follow":"follow","max-snippet":"max-snippet:-1","max-image-preview":"max-image-preview:large","max-video-preview":"max-video-preview:-1"},"canonical":"https:\/\/proramillenote.it\/fr\/2-post-it-copertina-portapenne-medio-stampa-logo-sku211\/","og_locale":"fr_FR","og_type":"article","og_title":"Covernotes Memotack \"DEMI\" with 2 memopads and a pen holder","og_description":"Covernotes Memotack &#38;#38;#34;DEMI&#38;#38;#34; with 2 memopads and a pen holder. bespoke creations","og_url":"https:\/\/proramillenote.it\/fr\/2-post-it-copertina-portapenne-medio-stampa-logo-sku211\/","og_site_name":"Gadgets d\u2019entreprise et post-it personnalis\u00e9s","article_modified_time":"2024-07-15T09:54:58+00:00","og_image":[{"width":600,"height":600,"url":"https:\/\/proramillenote.it\/wp-content\/uploads\/2016\/06\/covernotes-combinato-doppio-plutivit-copia.webp","type":"image\/jpeg"}],"twitter_card":"summary_large_image","schema":{"@context":"https:\/\/schema.org","@graph":[{"@type":"WebPage","@id":"https:\/\/proramillenote.it\/fr\/2-post-it-copertina-portapenne-medio-stampa-logo-sku211\/","url":"https:\/\/proramillenote.it\/fr\/2-post-it-copertina-portapenne-medio-stampa-logo-sku211\/","name":"Covernotes Memotack \"DEMI\" with 2 memopads and a pen holder","isPartOf":{"@id":"https:\/\/proramillenote.it\/fr\/#website"},"primaryImageOfPage":{"@id":"https:\/\/proramillenote.it\/fr\/2-post-it-copertina-portapenne-medio-stampa-logo-sku211\/#primaryimage"},"image":{"@id":"https:\/\/proramillenote.it\/fr\/2-post-it-copertina-portapenne-medio-stampa-logo-sku211\/#primaryimage"},"thumbnailUrl":"https:\/\/proramillenote.it\/wp-content\/uploads\/2016\/06\/covernotes-combinato-doppio-plutivit-copia.webp?wsr","datePublished":"2016-06-01T08:10:44+00:00","dateModified":"2024-07-15T09:54:58+00:00","description":"Covernotes Memotack &#38;#38;#34;DEMI&#38;#38;#34; with 2 memopads and a pen holder. bespoke creations","breadcrumb":{"@id":"https:\/\/proramillenote.it\/fr\/2-post-it-copertina-portapenne-medio-stampa-logo-sku211\/#breadcrumb"},"inLanguage":"fr-FR","potentialAction":[{"@type":"ReadAction","target":["https:\/\/proramillenote.it\/fr\/2-post-it-copertina-portapenne-medio-stampa-logo-sku211\/"]}]},{"@type":"ImageObject","inLanguage":"fr-FR","@id":"https:\/\/proramillenote.it\/fr\/2-post-it-copertina-portapenne-medio-stampa-logo-sku211\/#primaryimage","url":"https:\/\/proramillenote.it\/wp-content\/uploads\/2016\/06\/covernotes-combinato-doppio-plutivit-copia.webp?wsr","contentUrl":"https:\/\/proramillenote.it\/wp-content\/uploads\/2016\/06\/covernotes-combinato-doppio-plutivit-copia.webp?wsr","width":600,"height":600,"caption":"Covernotes avec trou porte-stylo \u2013 bloc-notes personnalis\u00e9 avec couverture d\u00e9mo BCC"},{"@type":"BreadcrumbList","@id":"https:\/\/proramillenote.it\/fr\/2-post-it-copertina-portapenne-medio-stampa-logo-sku211\/#breadcrumb","itemListElement":[{"@type":"ListItem","position":1,"name":"Proramillenote","item":"https:\/\/proramillenote.it\/fr\/"},{"@type":"ListItem","position":2,"name":"Post-it Covernotes Dem\u00ec"}]},{"@type":"WebSite","@id":"https:\/\/proramillenote.it\/fr\/#website","url":"https:\/\/proramillenote.it\/fr\/","name":"Proramillenote gadget aziendali e post-it personalizzati","description":"Post-it personalizzati, block notes con logo e gadget aziendali per il marketing B2B. Specialisti in gadget promozionali per medici e aziende farmaceutiche.","publisher":{"@id":"https:\/\/proramillenote.it\/fr\/#organization"},"alternateName":"Proramillenote","potentialAction":[{"@type":"SearchAction","target":{"@type":"EntryPoint","urlTemplate":"https:\/\/proramillenote.it\/fr\/?s={search_term_string}"},"query-input":{"@type":"PropertyValueSpecification","valueRequired":true,"valueName":"search_term_string"}}],"inLanguage":"fr-FR"},{"@type":"Organization","@id":"https:\/\/proramillenote.it\/fr\/#organization","name":"Proramillenote gadgets d\u2019entreprise et post-it personnalis\u00e9s","alternateName":"Proramillenote","url":"https:\/\/proramillenote.it\/fr\/","logo":{"@type":"ImageObject","inLanguage":"fr-FR","@id":"https:\/\/proramillenote.it\/fr\/#\/schema\/logo\/image\/","url":"https:\/\/proramillenote.it\/wp-content\/uploads\/papercube800.png?wsr","contentUrl":"https:\/\/proramillenote.it\/wp-content\/uploads\/papercube800.png?wsr","width":800,"height":800,"caption":"Proramillenote gadgets d\u2019entreprise et post-it personnalis\u00e9s"},"image":{"@id":"https:\/\/proramillenote.it\/fr\/#\/schema\/logo\/image\/"},"description":"\u2022 Specialista in produzione e commercio di gadget per medici e gadget per veterinari personalizzati. \u2022 Produzione di gadget aziendali per qualsiasi settore merceologico dal 1975. \u2022 Produttore di post-it personalizzati, post-it sagomati e cubi di carta personalizzati in stampa digitale oppure offset. Produttore di block-notes con logo. \u2022 Con cartotecnica creativa progettiamo KIT di post-it su misura, Made in Italy e di design italiano, insigniti del prestigioso premio europeo PGA Promotional Gift Award. \u2022 Concorso #Ossoduro \"Design di brand reminder da scrivania innovativi\" concepito per incoraggiare la creativit\u00e0 degli studenti di scuole secondarie di design e grafica. Annuale - Ed.7\u00b0 2024-2025. \u2022 Proramillenote \u00e8 produttore accreditato EUDAMED per la fornitura di DMClasse I \u2022 Proramillenote \u00e8 certificata FSC\u00ae Chain of custody.","email":"customercare@proramillenote.it","telephone":"+39 039616593","legalName":"Proramillenote Srl","foundingDate":"1972-01-01","vatID":"10323920966","taxID":"10323920966","numberOfEmployees":{"@type":"QuantitativeValue","minValue":"11","maxValue":"50"},"publishingPrinciples":"https:\/\/proramillenote.it\/politica-su-etica\/","ownershipFundingInfo":"https:\/\/proramillenote.it\/politica-su-etica\/","actionableFeedbackPolicy":"https:\/\/proramillenote.it\/politica-su-etica\/","correctionsPolicy":"https:\/\/proramillenote.it\/politica-su-etica\/","ethicsPolicy":"https:\/\/proramillenote.it\/politica-su-etica\/","diversityPolicy":"https:\/\/proramillenote.it\/politica-su-etica\/","diversityStaffingReport":"https:\/\/proramillenote.it\/politica-su-etica\/"}]},"product_brand":"Fabricant Proramillenote","og_availability":"instock","product_availability":"instock","product_retailer_item_id":"211","product_condition":"new"},"_links":{"self":[{"href":"https:\/\/proramillenote.it\/fr\/wp-json\/wp\/v2\/product\/16522","targetHints":{"allow":["GET"]}}],"collection":[{"href":"https:\/\/proramillenote.it\/fr\/wp-json\/wp\/v2\/product"}],"about":[{"href":"https:\/\/proramillenote.it\/fr\/wp-json\/wp\/v2\/types\/product"}],"version-history":[{"count":0,"href":"https:\/\/proramillenote.it\/fr\/wp-json\/wp\/v2\/product\/16522\/revisions"}],"wp:featuredmedia":[{"embeddable":true,"href":"https:\/\/proramillenote.it\/fr\/wp-json\/wp\/v2\/media\/16523"}],"wp:attachment":[{"href":"https:\/\/proramillenote.it\/fr\/wp-json\/wp\/v2\/media?parent=16522"}],"wp:term":[{"taxonomy":"product_brand","embeddable":true,"href":"https:\/\/proramillenote.it\/fr\/wp-json\/wp\/v2\/product_brand?post=16522"},{"taxonomy":"product_cat","embeddable":true,"href":"https:\/\/proramillenote.it\/fr\/wp-json\/wp\/v2\/product_cat?post=16522"},{"taxonomy":"product_tag","embeddable":true,"href":"https:\/\/proramillenote.it\/fr\/wp-json\/wp\/v2\/product_tag?post=16522"}],"curies":[{"name":"wp","href":"https:\/\/api.w.org\/{rel}","templated":true}]}}