{"id":16524,"date":"2016-06-01T09:00:49","date_gmt":"2016-06-01T07:00:49","guid":{"rendered":"https:\/\/staging.proramillenote.it\/gadget\/carta-che-cresce\/"},"modified":"2025-11-20T12:56:26","modified_gmt":"2025-11-20T11:56:26","slug":"papier-qui-grandit-sku-210","status":"publish","type":"product","link":"https:\/\/proramillenote.it\/fr\/papier-qui-grandit-sku-210\/","title":{"rendered":"Papier qui grandit"},"content":{"rendered":"<p><img decoding=\"async\" src=\"https:\/\/proramillenote.it\/wp-content\/uploads\/memotack-post-it-proramillenote.png\" alt=\"MEMOTACK logo\" width=\"268\" height=\"50\" \/><\/p>\n<p>\u00ab\u00a0Papier qui grandit\u00a0\u00bb est un bloc-notes sp\u00e9cial avec des notes adh\u00e9sives et une couverture; il peut \u00eatre enti\u00e8rement personnalis\u00e9 avec votre logo et l&rsquo;image de votre entreprise. La couverture du cette Memotack Papier de culture contient un insert, aux formes standard, fabriqu\u00e9 en \u00ab\u00a0Papier de culture\u00a0\u00bb, qui est \u00e9cologique et biod\u00e9gradable. Une fois enterr\u00e9 et arros\u00e9, l&rsquo;insert \u00ab\u00a0papier graine\u00a0\u00bb fera pousser des fleurs sauvages color\u00e9es et assorties, comme une surprise.<\/p>\n<p>Video<a href=\"http:\/\/papier \u00e0 graines\"><strong> Papier \u00e0 graines<\/strong><\/a><\/p>\n<p><strong>Description du bloc-notes adh\u00e9sif<\/strong><br \/>\n&#8211; Bloc-notes Memotack avec feuilles de papier adh\u00e9sif, \u00e9galement recycl\u00e9<br \/>\n&#8211; Format standard 76&#215;75 mm<br \/>\n&#8211; \u00c9paisseur de bloc sugg\u00e9r\u00e9e : 50 feuilles<\/p>\n<p><strong>Personnalisation des feuilles<\/strong><br \/>\n&#8211; Avec le logo du client<br \/>\n&#8211; Impression de 1 \u00e0 4 couleurs<br \/>\n&#8211; Choix du papier : ordinaire ou recycl\u00e9<\/p>\n<p><strong>Personnalisation de la couverture<\/strong><br \/>\n&#8211; Couverture en carton (\u00e9galement recycl\u00e9) compl\u00e8te avec une pochette sp\u00e9ciale<br \/>\n&#8211; quadrichromie personnalis\u00e9e avec le sujet du client ou con\u00e7ue ad hoc par notre studio graphique interne.<br \/>\n&#8211; Pochette de couverture : carton fa\u00e7onn\u00e9 aux formes standard, impr\u00e9gn\u00e9 de graines florales \u00e0 enterrer et \u00e0 faire germer.<\/p>\n<p><strong>Personnalisation de l&rsquo;encart dans le \u00ab\u00a0papier \u00e0 graines\u00a0\u00bb.<\/strong><br \/>\n&#8211; Formes standard<br \/>\n&#8211; Gamme de couleurs standard<\/p>\n<h6><strong>NOTE<\/strong><br \/>\n&#8211; Quantit\u00e9 minimale \u00e0 mettre en production 1 000 pi\u00e8ces<\/h6>\n<p>&#8211; Choix de mod\u00e8les et de combinaisons de couleurs : pour des quantit\u00e9s minimales et une livraison rapide, veuillez v\u00e9rifier la disponibilit\u00e9 des stocks.<br \/>\nPourquoi proposer le \u00ab\u00a0Papier qui grandit Memotack\u00a0\u00bb ?<br \/>\n&#8211; Le papier \u00e0 semences est fabriqu\u00e9 \u00e0 partir de papier recycl\u00e9 et color\u00e9 avec des encres \u00e0 base de soja.<br \/>\n&#8211; Lorsque vous utilisez le \u00ab\u00a0Papier qui grandit Memotack\u00a0\u00bb, vous faites une bonne action pour la plan\u00e8te!<br \/>\n&#8211; Il s&rsquo;agit d&rsquo;un gadget s\u00fbr, \u00e9cologique, facile \u00e0 utiliser et amusant pour tous ceux, enfants et adultes, qui aiment les fleurs et la verdure.<br \/>\n&#8211; Le \u00ab\u00a0Papier qui grandit Memotack\u00a0\u00bb parle de la durabilit\u00e9 de votre produit de mani\u00e8re pratique.<\/p>\n<p>\u00ab\u00a0Le Papier qui grandit Memotack\u00a0\u00bb est efficace pour v\u00e9hiculer les valeurs de votre entreprise:<br \/>\n&#8211; Soutien<br \/>\n&#8211; Croissance<br \/>\n&#8211; Soins<br \/>\n&#8211; Maturation<br \/>\n&#8211; D\u00e9veloppement<br \/>\n&#8211; Durabilit\u00e9<br \/>\n&#8211; L&rsquo;avenir<\/p>\n<p>\u00ab\u00a0Memotack carta che cresce\u00a0\u00bb \u00e8 uno speciale block notes con foglietti adesivi e copertina; pu\u00f2 essere completamente personalizzato con il tuo logo e l&rsquo;immagine aziendale. La copertina in <strong>cartoncino<\/strong> di Memotack \u00ab\u00a0Carta che cresce\u00a0\u00bb contiene un inserto, sagomato in forme standard, realizzato in \u00ab\u00a0<strong>Carta seme<\/strong>\u00ab\u00a0, <strong>ecologica<\/strong> e <strong>biodegradabile<\/strong>. Una volta sotterrato ed innaffiato, l&rsquo;inserto in \u00ab\u00a0Carta seme\u00a0\u00bb far\u00e0 <strong>germinare <\/strong>colorati <strong>fiori<\/strong> selvatici assortiti a sorpresa.<\/p>\n<p><strong><br \/>\nNOTA BENE:<br \/>\n<\/strong>\u2022 <strong>Quantit\u00e0 minima per entrare in produzione<\/strong> 1.000 pezzi<br \/>\n\u2022 <strong>Scelta di abbinamento sagoma e colore:<\/strong> per quantitativi minimi e <span style=\"font-size: 1em;\">consegna rapida \u00e8 necessario verificare<\/span> disponibilit\u00e0 magazzino presso <a title=\"Servizio clienti\" href=\"https:\/\/www.proramillenote.it\/info\/contatti-menu\/chiedi-informazioni-menu-info.html\" rel=\"alternate\">servizio clienti<\/a><\/p>\n<p><img decoding=\"async\" style=\"font-size: 1em;\" src=\"https:\/\/www.proramillenote.it\/images\/Carta_seme\/BlogColorsRed.jpg\" alt=\"Colori standard\" width=\"60\" height=\"59\" \/> <a title=\"Forme Standard per carta seme\" href=\"https:\/\/www.proramillenote.it\/info\/curiosita-blog\/curiosita-menu-blu-ita-blog\/materiali-blog-ita\/item\/3-carta-seme.html#StandardShapes\" target=\"_blank\" rel=\"next noopener\"> <img decoding=\"async\" style=\"font-size: 1em;\" src=\"https:\/\/www.proramillenote.it\/images\/Carta_seme\/BlogShapesYel.jpg\" alt=\"Forme standard\" width=\"60\" height=\"59\" \/><\/a><\/p>\n<p class=\"blog\"><img loading=\"lazy\" decoding=\"async\" src=\"https:\/\/www.proramillenote.it\/images\/stories\/icone\/MemotackIcona30.jpg\" alt=\"MemotackIcona\" width=\"30\" height=\"30\" \/> <span style=\"color: #ff6600;\"> <strong>Perch\u00e8 proporre \u00ab\u00a0Memotack carta che cresce\u00a0\u00bb?<\/strong><\/span><\/p>\n<p>\u2022 \u00ab\u00a0Carta seme\u00a0\u00bb \u00e8 <strong>prodotta con carta riciclata<\/strong> e <strong>colorata con inchiostri a base di soia<\/strong><br \/>\n\u2022 Quando usi \u00ab\u00a0Memotack carta che cresce\u00a0\u00bb fai una buona azione per il Pianeta!<br \/>\n\u2022 E&rsquo; un gadget <strong>sicuro, ecologico, facile da usare e divertente per tutti, grandi e bambini <\/strong>amanti dei fiori e del verde<br \/>\n\u2022 \u00ab\u00a0Memotack carta che cresce\u00a0\u00bb racconta in modo pratico la <strong>sostenibilit\u00e0<\/strong> del tuo prodotto.<\/p>\n<p><strong>\u00ab\u00a0Memotack carta che cresce\u00a0\u00bb \u00e8 efficace per trasmettere i tuoi valori aziendali:<\/strong><br \/>\n\u2022 Assistenza<br \/>\n\u2022 Crescita<br \/>\n\u2022 Cura<br \/>\n\u2022 Maturazione<br \/>\n\u2022 Sviluppo<br \/>\n\u2022 Sostenibilit\u00e0<br \/>\n\u2022 Futuro<\/p>\n<p><strong>Per approfondire:<br \/>\n<\/strong><a title=\"\u00bb Che cosa \u00e8 \" href=\"https:\/\/www.proramillenote.it\/info\/curiosita-blog\/curiosita-menu-blu-ita-blog\/materiali-blog-ita\/item\/3-carta-seme.html#SeedPaperWhatIsIt\" target=\"_blank\" rel=\"next noopener\">\u00bb Che cosa \u00e8 \u00ab\u00a0Carta seme\u00a0\u00bb?<br \/>\n<\/a><a href=\"https:\/\/www.proramillenote.it\/info\/curiosita-blog\/curiosita-menu-blu-ita-blog\/materiali-blog-ita\/item\/3-carta-seme.html#StandardColors\" rel=\"alternate\">\u00bb Colorazioni standard<\/a><br \/>\n<a title=\"\u00bb Sagome standard\" href=\"https:\/\/www.proramillenote.it\/info\/curiosita-blog\/curiosita-menu-blu-ita-blog\/materiali-blog-ita\/item\/3-carta-seme.html#StandardShapes\" target=\"_blank\" rel=\"next noopener\">\u00bb Sagome standard<\/a><a href=\"https:\/\/www.proramillenote.it\/index.php?option=com_content&amp;view=article&amp;id=59&amp;catid=27&amp;Itemid=1158#StandardShapes\" target=\"_blank\" rel=\"alternate noopener\"><br \/>\n<\/a><a title=\"\u00bb Perch\u00e8 usare \" href=\"https:\/\/www.proramillenote.it\/info\/curiosita-blog\/curiosita-menu-blu-ita-blog\/materiali-blog-ita\/item\/3-carta-seme.html#WhyShallYouUsePaperThatGrows\" target=\"_blank\" rel=\"next noopener\">\u00bb Perch\u00e8 usare \u00ab\u00a0Carta seme\u00a0\u00bb?<\/a><\/p>\n<p><iframe title=\"YouTube video player\" src=\"https:\/\/www.youtube-nocookie.com\/embed\/hNpa39tVrRY?rel=0\" width=\"560\" height=\"315\" frameborder=\"0\" allowfullscreen=\"allowfullscreen\"><\/iframe><\/p>\n","protected":false},"excerpt":{"rendered":"<p>Papier qui grandit, bloc-notes adh\u00e9sif en papier grain\u00e9<\/p>\n","protected":false},"featured_media":16525,"template":"","meta":[],"product_brand":[5138],"product_cat":[729,5195,1480,5234,653,646,654,728],"product_tag":[],"class_list":{"0":"post-16524","1":"product","2":"type-product","3":"status-publish","4":"has-post-thumbnail","6":"product_brand-fabricant-proramillenote","7":"product_cat-blocs-notes-ecologiques-ethiques-blocs-notes-personnalises","8":"product_cat-cout-entre-1-et-2-euros","9":"product_cat-gadgets-ecologiques-ethiques-personnalise-fr","10":"product_cat-livraison-en-3-semaines","11":"product_cat-post-it-personnalisable-avec-couverture","12":"product_cat-post-it-personnalises","13":"product_cat-post-it-notes-avec-couverture-en-carton-personnalise","14":"product_cat-post-it-notes-ecologiques-stickers","15":"pa_formato-post-it-100x100-fr","16":"pa_formato-post-it-75x75-fr","17":"pa_num-col-stampa-fogli-post-it-feuilles-impression-2-couleurs-fr","18":"pa_num-col-stampa-fogli-post-it-feuilles-impression-0-couleurs-fr","19":"pa_num-col-stampa-fogli-post-it-feuilles-impression-1-couleur-fr","20":"pa_num-col-stampa-fogli-post-it-feuilles-impression-3-couleurs-fr","21":"pa_num-col-stampa-fogli-post-it-feuilles-impression-4-couleurs-fr","22":"pa_num-col-stampa-fogli-post-it-feuilles-impression-en-quadri-fr","23":"pa_numero-fogli-50-fr","24":"pa_stampa-copertina-numero-col-couverture-impression-numerique-fr","25":"pa_stampa-copertina-numero-col-couverture-impression-1-couleur-fr","26":"pa_stampa-copertina-numero-col-couverture-impression-2-couleurs-fr","27":"pa_stampa-copertina-numero-col-couverture-impression-3-couleurs-fr","29":"first","30":"instock","31":"purchasable","32":"product-type-variable","33":"has-default-attributes"},"yoast_head":"<!-- This site is optimized with the Yoast SEO Premium plugin v27.3 (Yoast SEO v27.3) - https:\/\/yoast.com\/product\/yoast-seo-premium-wordpress\/ -->\n<title>Eco-plantable paper<\/title>\n<meta name=\"description\" content=\"Eco-plantable paper\" \/>\n<meta name=\"robots\" content=\"index, follow, max-snippet:-1, max-image-preview:large, max-video-preview:-1\" \/>\n<link rel=\"canonical\" href=\"https:\/\/proramillenote.it\/fr\/papier-qui-grandit-sku-210\/\" \/>\n<meta property=\"og:locale\" content=\"fr_FR\" \/>\n<meta property=\"og:type\" content=\"article\" \/>\n<meta property=\"og:title\" content=\"Eco-plantable paper\" \/>\n<meta property=\"og:description\" content=\"Eco-plantable paper\" \/>\n<meta property=\"og:url\" content=\"https:\/\/proramillenote.it\/fr\/papier-qui-grandit-sku-210\/\" \/>\n<meta property=\"og:site_name\" content=\"Gadgets d\u2019entreprise et post-it personnalis\u00e9s\" \/>\n<meta property=\"article:modified_time\" content=\"2025-11-20T11:56:26+00:00\" \/>\n<meta property=\"og:image\" content=\"https:\/\/proramillenote.it\/wp-content\/uploads\/2016\/12\/Poket-post-it-personalizzato-Carta-Che-Cresce-Italfarmaco.webp\" \/>\n\t<meta property=\"og:image:width\" content=\"600\" \/>\n\t<meta property=\"og:image:height\" content=\"600\" \/>\n\t<meta property=\"og:image:type\" content=\"image\/webp\" \/>\n<meta name=\"twitter:card\" content=\"summary_large_image\" \/>\n<script type=\"application\/ld+json\" class=\"yoast-schema-graph\">{\"@context\":\"https:\\\/\\\/schema.org\",\"@graph\":[{\"@type\":\"WebPage\",\"@id\":\"https:\\\/\\\/proramillenote.it\\\/fr\\\/papier-qui-grandit-sku-210\\\/\",\"url\":\"https:\\\/\\\/proramillenote.it\\\/fr\\\/papier-qui-grandit-sku-210\\\/\",\"name\":\"Eco-plantable paper\",\"isPartOf\":{\"@id\":\"https:\\\/\\\/proramillenote.it\\\/fr\\\/#website\"},\"primaryImageOfPage\":{\"@id\":\"https:\\\/\\\/proramillenote.it\\\/fr\\\/papier-qui-grandit-sku-210\\\/#primaryimage\"},\"image\":{\"@id\":\"https:\\\/\\\/proramillenote.it\\\/fr\\\/papier-qui-grandit-sku-210\\\/#primaryimage\"},\"thumbnailUrl\":\"https:\\\/\\\/proramillenote.it\\\/wp-content\\\/uploads\\\/2016\\\/12\\\/Poket-post-it-personalizzato-Carta-Che-Cresce-Italfarmaco.webp?wsr\",\"datePublished\":\"2016-06-01T07:00:49+00:00\",\"dateModified\":\"2025-11-20T11:56:26+00:00\",\"description\":\"Eco-plantable paper\",\"breadcrumb\":{\"@id\":\"https:\\\/\\\/proramillenote.it\\\/fr\\\/papier-qui-grandit-sku-210\\\/#breadcrumb\"},\"inLanguage\":\"fr-FR\",\"potentialAction\":[{\"@type\":\"ReadAction\",\"target\":[\"https:\\\/\\\/proramillenote.it\\\/fr\\\/papier-qui-grandit-sku-210\\\/\"]}]},{\"@type\":\"ImageObject\",\"inLanguage\":\"fr-FR\",\"@id\":\"https:\\\/\\\/proramillenote.it\\\/fr\\\/papier-qui-grandit-sku-210\\\/#primaryimage\",\"url\":\"https:\\\/\\\/proramillenote.it\\\/wp-content\\\/uploads\\\/2016\\\/12\\\/Poket-post-it-personalizzato-Carta-Che-Cresce-Italfarmaco.webp?wsr\",\"contentUrl\":\"https:\\\/\\\/proramillenote.it\\\/wp-content\\\/uploads\\\/2016\\\/12\\\/Poket-post-it-personalizzato-Carta-Che-Cresce-Italfarmaco.webp?wsr\",\"width\":600,\"height\":600,\"caption\":\"Bloc-notes carte de semence avec Flavia logo\"},{\"@type\":\"BreadcrumbList\",\"@id\":\"https:\\\/\\\/proramillenote.it\\\/fr\\\/papier-qui-grandit-sku-210\\\/#breadcrumb\",\"itemListElement\":[{\"@type\":\"ListItem\",\"position\":1,\"name\":\"Proramillenote\",\"item\":\"https:\\\/\\\/proramillenote.it\\\/fr\\\/\"},{\"@type\":\"ListItem\",\"position\":2,\"name\":\"Papier qui grandit\"}]},{\"@type\":\"WebSite\",\"@id\":\"https:\\\/\\\/proramillenote.it\\\/fr\\\/#website\",\"url\":\"https:\\\/\\\/proramillenote.it\\\/fr\\\/\",\"name\":\"Proramillenote gadget aziendali e post-it personalizzati\",\"description\":\"Post-it personalizzati, block notes con logo e gadget aziendali per il marketing B2B. Specialisti in gadget promozionali per medici e aziende farmaceutiche.\",\"publisher\":{\"@id\":\"https:\\\/\\\/proramillenote.it\\\/fr\\\/#organization\"},\"alternateName\":\"Proramillenote\",\"potentialAction\":[{\"@type\":\"SearchAction\",\"target\":{\"@type\":\"EntryPoint\",\"urlTemplate\":\"https:\\\/\\\/proramillenote.it\\\/fr\\\/?s={search_term_string}\"},\"query-input\":{\"@type\":\"PropertyValueSpecification\",\"valueRequired\":true,\"valueName\":\"search_term_string\"}}],\"inLanguage\":\"fr-FR\"},{\"@type\":\"Organization\",\"@id\":\"https:\\\/\\\/proramillenote.it\\\/fr\\\/#organization\",\"name\":\"Proramillenote gadgets d\u2019entreprise et post-it personnalis\u00e9s\",\"alternateName\":\"Proramillenote\",\"url\":\"https:\\\/\\\/proramillenote.it\\\/fr\\\/\",\"logo\":{\"@type\":\"ImageObject\",\"inLanguage\":\"fr-FR\",\"@id\":\"https:\\\/\\\/proramillenote.it\\\/fr\\\/#\\\/schema\\\/logo\\\/image\\\/\",\"url\":\"https:\\\/\\\/proramillenote.it\\\/wp-content\\\/uploads\\\/papercube800.png?wsr\",\"contentUrl\":\"https:\\\/\\\/proramillenote.it\\\/wp-content\\\/uploads\\\/papercube800.png?wsr\",\"width\":800,\"height\":800,\"caption\":\"Proramillenote gadgets d\u2019entreprise et post-it personnalis\u00e9s\"},\"image\":{\"@id\":\"https:\\\/\\\/proramillenote.it\\\/fr\\\/#\\\/schema\\\/logo\\\/image\\\/\"},\"description\":\"\u2022 Specialista in produzione e commercio di gadget per medici e gadget per veterinari personalizzati. \u2022 Produzione di gadget aziendali per qualsiasi settore merceologico dal 1975. \u2022 Produttore di post-it personalizzati, post-it sagomati e cubi di carta personalizzati in stampa digitale oppure offset. Produttore di block-notes con logo. \u2022 Con cartotecnica creativa progettiamo KIT di post-it su misura, Made in Italy e di design italiano, insigniti del prestigioso premio europeo PGA Promotional Gift Award. \u2022 Concorso #Ossoduro \\\"Design di brand reminder da scrivania innovativi\\\" concepito per incoraggiare la creativit\u00e0 degli studenti di scuole secondarie di design e grafica. Annuale - Ed.7\u00b0 2024-2025. \u2022 Proramillenote \u00e8 produttore accreditato EUDAMED per la fornitura di DMClasse I \u2022 Proramillenote \u00e8 certificata FSC\u00ae Chain of custody.\",\"email\":\"customercare@proramillenote.it\",\"telephone\":\"+39 039616593\",\"legalName\":\"Proramillenote Srl\",\"foundingDate\":\"1972-01-01\",\"vatID\":\"10323920966\",\"taxID\":\"10323920966\",\"numberOfEmployees\":{\"@type\":\"QuantitativeValue\",\"minValue\":\"11\",\"maxValue\":\"50\"},\"publishingPrinciples\":\"https:\\\/\\\/proramillenote.it\\\/politica-su-etica\\\/\",\"ownershipFundingInfo\":\"https:\\\/\\\/proramillenote.it\\\/politica-su-etica\\\/\",\"actionableFeedbackPolicy\":\"https:\\\/\\\/proramillenote.it\\\/politica-su-etica\\\/\",\"correctionsPolicy\":\"https:\\\/\\\/proramillenote.it\\\/politica-su-etica\\\/\",\"ethicsPolicy\":\"https:\\\/\\\/proramillenote.it\\\/politica-su-etica\\\/\",\"diversityPolicy\":\"https:\\\/\\\/proramillenote.it\\\/politica-su-etica\\\/\",\"diversityStaffingReport\":\"https:\\\/\\\/proramillenote.it\\\/politica-su-etica\\\/\"}]}<\/script>\n<meta property=\"product:brand\" content=\"Fabricant Proramillenote\" \/>\n<meta property=\"og:availability\" content=\"instock\" \/>\n<meta property=\"product:availability\" content=\"instock\" \/>\n<meta property=\"product:retailer_item_id\" content=\"210\" \/>\n<meta property=\"product:condition\" content=\"new\" \/>\n<!-- \/ Yoast SEO Premium plugin. -->","yoast_head_json":{"title":"Eco-plantable paper","description":"Eco-plantable paper","robots":{"index":"index","follow":"follow","max-snippet":"max-snippet:-1","max-image-preview":"max-image-preview:large","max-video-preview":"max-video-preview:-1"},"canonical":"https:\/\/proramillenote.it\/fr\/papier-qui-grandit-sku-210\/","og_locale":"fr_FR","og_type":"article","og_title":"Eco-plantable paper","og_description":"Eco-plantable paper","og_url":"https:\/\/proramillenote.it\/fr\/papier-qui-grandit-sku-210\/","og_site_name":"Gadgets d\u2019entreprise et post-it personnalis\u00e9s","article_modified_time":"2025-11-20T11:56:26+00:00","og_image":[{"width":600,"height":600,"url":"https:\/\/proramillenote.it\/wp-content\/uploads\/2016\/12\/Poket-post-it-personalizzato-Carta-Che-Cresce-Italfarmaco.webp","type":"image\/webp"}],"twitter_card":"summary_large_image","schema":{"@context":"https:\/\/schema.org","@graph":[{"@type":"WebPage","@id":"https:\/\/proramillenote.it\/fr\/papier-qui-grandit-sku-210\/","url":"https:\/\/proramillenote.it\/fr\/papier-qui-grandit-sku-210\/","name":"Eco-plantable paper","isPartOf":{"@id":"https:\/\/proramillenote.it\/fr\/#website"},"primaryImageOfPage":{"@id":"https:\/\/proramillenote.it\/fr\/papier-qui-grandit-sku-210\/#primaryimage"},"image":{"@id":"https:\/\/proramillenote.it\/fr\/papier-qui-grandit-sku-210\/#primaryimage"},"thumbnailUrl":"https:\/\/proramillenote.it\/wp-content\/uploads\/2016\/12\/Poket-post-it-personalizzato-Carta-Che-Cresce-Italfarmaco.webp?wsr","datePublished":"2016-06-01T07:00:49+00:00","dateModified":"2025-11-20T11:56:26+00:00","description":"Eco-plantable paper","breadcrumb":{"@id":"https:\/\/proramillenote.it\/fr\/papier-qui-grandit-sku-210\/#breadcrumb"},"inLanguage":"fr-FR","potentialAction":[{"@type":"ReadAction","target":["https:\/\/proramillenote.it\/fr\/papier-qui-grandit-sku-210\/"]}]},{"@type":"ImageObject","inLanguage":"fr-FR","@id":"https:\/\/proramillenote.it\/fr\/papier-qui-grandit-sku-210\/#primaryimage","url":"https:\/\/proramillenote.it\/wp-content\/uploads\/2016\/12\/Poket-post-it-personalizzato-Carta-Che-Cresce-Italfarmaco.webp?wsr","contentUrl":"https:\/\/proramillenote.it\/wp-content\/uploads\/2016\/12\/Poket-post-it-personalizzato-Carta-Che-Cresce-Italfarmaco.webp?wsr","width":600,"height":600,"caption":"Bloc-notes carte de semence avec Flavia logo"},{"@type":"BreadcrumbList","@id":"https:\/\/proramillenote.it\/fr\/papier-qui-grandit-sku-210\/#breadcrumb","itemListElement":[{"@type":"ListItem","position":1,"name":"Proramillenote","item":"https:\/\/proramillenote.it\/fr\/"},{"@type":"ListItem","position":2,"name":"Papier qui grandit"}]},{"@type":"WebSite","@id":"https:\/\/proramillenote.it\/fr\/#website","url":"https:\/\/proramillenote.it\/fr\/","name":"Proramillenote gadget aziendali e post-it personalizzati","description":"Post-it personalizzati, block notes con logo e gadget aziendali per il marketing B2B. Specialisti in gadget promozionali per medici e aziende farmaceutiche.","publisher":{"@id":"https:\/\/proramillenote.it\/fr\/#organization"},"alternateName":"Proramillenote","potentialAction":[{"@type":"SearchAction","target":{"@type":"EntryPoint","urlTemplate":"https:\/\/proramillenote.it\/fr\/?s={search_term_string}"},"query-input":{"@type":"PropertyValueSpecification","valueRequired":true,"valueName":"search_term_string"}}],"inLanguage":"fr-FR"},{"@type":"Organization","@id":"https:\/\/proramillenote.it\/fr\/#organization","name":"Proramillenote gadgets d\u2019entreprise et post-it personnalis\u00e9s","alternateName":"Proramillenote","url":"https:\/\/proramillenote.it\/fr\/","logo":{"@type":"ImageObject","inLanguage":"fr-FR","@id":"https:\/\/proramillenote.it\/fr\/#\/schema\/logo\/image\/","url":"https:\/\/proramillenote.it\/wp-content\/uploads\/papercube800.png?wsr","contentUrl":"https:\/\/proramillenote.it\/wp-content\/uploads\/papercube800.png?wsr","width":800,"height":800,"caption":"Proramillenote gadgets d\u2019entreprise et post-it personnalis\u00e9s"},"image":{"@id":"https:\/\/proramillenote.it\/fr\/#\/schema\/logo\/image\/"},"description":"\u2022 Specialista in produzione e commercio di gadget per medici e gadget per veterinari personalizzati. \u2022 Produzione di gadget aziendali per qualsiasi settore merceologico dal 1975. \u2022 Produttore di post-it personalizzati, post-it sagomati e cubi di carta personalizzati in stampa digitale oppure offset. Produttore di block-notes con logo. \u2022 Con cartotecnica creativa progettiamo KIT di post-it su misura, Made in Italy e di design italiano, insigniti del prestigioso premio europeo PGA Promotional Gift Award. \u2022 Concorso #Ossoduro \"Design di brand reminder da scrivania innovativi\" concepito per incoraggiare la creativit\u00e0 degli studenti di scuole secondarie di design e grafica. Annuale - Ed.7\u00b0 2024-2025. \u2022 Proramillenote \u00e8 produttore accreditato EUDAMED per la fornitura di DMClasse I \u2022 Proramillenote \u00e8 certificata FSC\u00ae Chain of custody.","email":"customercare@proramillenote.it","telephone":"+39 039616593","legalName":"Proramillenote Srl","foundingDate":"1972-01-01","vatID":"10323920966","taxID":"10323920966","numberOfEmployees":{"@type":"QuantitativeValue","minValue":"11","maxValue":"50"},"publishingPrinciples":"https:\/\/proramillenote.it\/politica-su-etica\/","ownershipFundingInfo":"https:\/\/proramillenote.it\/politica-su-etica\/","actionableFeedbackPolicy":"https:\/\/proramillenote.it\/politica-su-etica\/","correctionsPolicy":"https:\/\/proramillenote.it\/politica-su-etica\/","ethicsPolicy":"https:\/\/proramillenote.it\/politica-su-etica\/","diversityPolicy":"https:\/\/proramillenote.it\/politica-su-etica\/","diversityStaffingReport":"https:\/\/proramillenote.it\/politica-su-etica\/"}]},"product_brand":"Fabricant Proramillenote","og_availability":"instock","product_availability":"instock","product_retailer_item_id":"210","product_condition":"new"},"_links":{"self":[{"href":"https:\/\/proramillenote.it\/fr\/wp-json\/wp\/v2\/product\/16524","targetHints":{"allow":["GET"]}}],"collection":[{"href":"https:\/\/proramillenote.it\/fr\/wp-json\/wp\/v2\/product"}],"about":[{"href":"https:\/\/proramillenote.it\/fr\/wp-json\/wp\/v2\/types\/product"}],"version-history":[{"count":0,"href":"https:\/\/proramillenote.it\/fr\/wp-json\/wp\/v2\/product\/16524\/revisions"}],"wp:featuredmedia":[{"embeddable":true,"href":"https:\/\/proramillenote.it\/fr\/wp-json\/wp\/v2\/media\/16525"}],"wp:attachment":[{"href":"https:\/\/proramillenote.it\/fr\/wp-json\/wp\/v2\/media?parent=16524"}],"wp:term":[{"taxonomy":"product_brand","embeddable":true,"href":"https:\/\/proramillenote.it\/fr\/wp-json\/wp\/v2\/product_brand?post=16524"},{"taxonomy":"product_cat","embeddable":true,"href":"https:\/\/proramillenote.it\/fr\/wp-json\/wp\/v2\/product_cat?post=16524"},{"taxonomy":"product_tag","embeddable":true,"href":"https:\/\/proramillenote.it\/fr\/wp-json\/wp\/v2\/product_tag?post=16524"}],"curies":[{"name":"wp","href":"https:\/\/api.w.org\/{rel}","templated":true}]}}