{"id":16603,"date":"2016-01-26T21:41:15","date_gmt":"2016-01-26T20:41:15","guid":{"rendered":"https:\/\/staging.proramillenote.it\/gadget\/mouse-pad-termosaldato\/"},"modified":"2025-12-02T09:58:52","modified_gmt":"2025-12-02T08:58:52","slug":"mouse-pad-termosaldato-stampa-logo-sku146","status":"publish","type":"product","link":"https:\/\/proramillenote.it\/fr\/mouse-pad-termosaldato-stampa-logo-sku146\/","title":{"rendered":"Tapis de souris thermosoud\u00e9"},"content":{"rendered":"<h2>Tapis de souris termosoud\u00e9 personnalis\u00e9 avec impression en couleurs<\/h2>\n<p data-start=\"1893\" data-end=\"2637\">Le <strong>tapis de souris thermosoud\u00e9<\/strong>, personnalis\u00e9 avec l\u2019image de votre entreprise, est disponible en trois formats standard : <strong>rectangle<\/strong> (220\u00d7180 mm), <strong>cercle<\/strong> (diam\u00e8tre 200 mm) et <strong>carr\u00e9<\/strong> (200\u00d7200 mm). La personnalisation peut se faire par impression sur un <strong>insert en papier<\/strong> ou <strong>directement sur PVC<\/strong> (recto-verso). Dans les deux cas, l\u2019<strong>image est prot\u00e9g\u00e9e par la surface en PVC gaufr\u00e9<\/strong> et peut \u00eatre <strong>nettoy\u00e9e<\/strong> <strong>avec un chiffon<\/strong> humide.<br data-start=\"2312\" data-end=\"2315\" \/>L\u2019impression en quadrichromie valorise cet objet, le rendant id\u00e9al pour pr\u00e9senter les visuels de campagnes publicitaires.<br data-start=\"2436\" data-end=\"2439\" \/>Le tapis de souris est compos\u00e9 d\u2019une base en PVC expans\u00e9 gris clair de 1,2 mm et d\u2019une surface en PVC gaufr\u00e9 de 0,30 mm soud\u00e9e \u00e0 haute fr\u00e9quence.<br data-start=\"2584\" data-end=\"2587\" \/>La quantit\u00e9 minimale de commande est de 300 pcs.<\/p>\n<p data-start=\"2639\" data-end=\"2815\">Choisissez le tapis de souris thermosoud\u00e9 comme gadget d\u2019entreprise et associez l\u2019image de votre marque \u00e0 une exp\u00e9rience d\u2019utilisation confortable et distinctive sur le bureau.<\/p>\n<h3><strong>Tapis de souris termosoud\u00e9 en format standard<\/strong><\/h3>\n<h4><strong>Caract\u00e9ristiques<\/strong><\/h4>\n<ul>\n<li>Base en PVC expans\u00e9 gris clair 1,2 mm<\/li>\n<li>Personnalisation via impression directe ou insert papier<\/li>\n<\/ul>\n<h4><strong>Formats disponibles<\/strong><\/h4>\n<ol type=\"a\">\n<li><strong>Rectangle<\/strong> : 220\u00d7180 mm<\/li>\n<li><strong>Cercle<\/strong> : diam\u00e8tre 200 mm<\/li>\n<li><strong>Carr\u00e9<\/strong> : 200\u00d7200 mm<\/li>\n<\/ol>\n<h4><strong>Options de personnalisation<\/strong><\/h4>\n<ol type=\"a\">\n<li><strong>Impression directe sur la surface<\/strong> en PVC emboss\u00e9 de 0,30 mm, soud\u00e9e \u00e0 haute fr\u00e9quence jusqu\u2019au bord.<\/li>\n<li><strong>Impression sur insert papier<\/strong> de 1 \u00e0 4 couleurs, prot\u00e9g\u00e9e par PVC emboss\u00e9, soud\u00e9e avec insert plac\u00e9 \u00e0 environ 3 mm de la soudure.<\/li>\n<\/ol>\n<h6>MQO : 300 pcs<\/h6>\n","protected":false},"excerpt":{"rendered":"<p>Tapis de souris termosoud\u00e9 personnalis\u00e9 avec impression en couleurs directe sur PVC ou via impression sur insert papier prot\u00e9g\u00e9 par PVC emboss\u00e9. Formats disponibles : rectangle, cercle et carr\u00e9. Base en PVC expans\u00e9 gris clair 1,2 mm et surface en PVC emboss\u00e9 0,30 mm, soud\u00e9e \u00e0 haute fr\u00e9quence.<\/p>\n","protected":false},"featured_media":28674,"template":"","meta":[],"product_brand":[5136],"product_cat":[5078,734,738,5235],"product_tag":[],"class_list":{"0":"post-16603","1":"product","2":"type-product","3":"status-publish","4":"has-post-thumbnail","6":"product_brand-producteur-europeen","7":"product_cat-ca-coute-moins-d1-euro","8":"product_cat-tapis-de-souris-personnalise-fr","9":"product_cat-tapis-de-souris-traditionnel","10":"product_cat-livraison-en-4-semaines","11":"pa_mouse-pad-formato-tapis-de-souris-rectangulaire-220x180mm","12":"pa_mouse-pad-formato-tapis-de-souris-200x200mm-rond","13":"pa_mouse-pad-formato-tapis-de-souris-carre-200x200mm","15":"first","16":"instock","17":"purchasable","18":"product-type-variable","19":"has-default-attributes"},"yoast_head":"<!-- This site is optimized with the Yoast SEO Premium plugin v27.3 (Yoast SEO v27.3) - https:\/\/yoast.com\/product\/yoast-seo-premium-wordpress\/ -->\n<title>Thermowelded customized mouse pad<\/title>\n<meta name=\"description\" content=\"Thermowelded customized mouse pad. Direct production\" \/>\n<meta name=\"robots\" content=\"index, follow, max-snippet:-1, max-image-preview:large, max-video-preview:-1\" \/>\n<link rel=\"canonical\" href=\"https:\/\/proramillenote.it\/fr\/mouse-pad-termosaldato-stampa-logo-sku146\/\" \/>\n<meta property=\"og:locale\" content=\"fr_FR\" \/>\n<meta property=\"og:type\" content=\"article\" \/>\n<meta property=\"og:title\" content=\"Thermowelded customized mouse pad\" \/>\n<meta property=\"og:description\" content=\"Thermowelded customized mouse pad. Direct production\" \/>\n<meta property=\"og:url\" content=\"https:\/\/proramillenote.it\/fr\/mouse-pad-termosaldato-stampa-logo-sku146\/\" \/>\n<meta property=\"og:site_name\" content=\"Gadgets d\u2019entreprise et post-it personnalis\u00e9s\" \/>\n<meta property=\"article:modified_time\" content=\"2025-12-02T08:58:52+00:00\" \/>\n<meta property=\"og:image\" content=\"https:\/\/proramillenote.it\/wp-content\/uploads\/MousePad-termosaldato-Bandiere.webp\" \/>\n\t<meta property=\"og:image:width\" content=\"600\" \/>\n\t<meta property=\"og:image:height\" content=\"600\" \/>\n\t<meta property=\"og:image:type\" content=\"image\/webp\" \/>\n<meta name=\"twitter:card\" content=\"summary_large_image\" \/>\n<script type=\"application\/ld+json\" class=\"yoast-schema-graph\">{\"@context\":\"https:\\\/\\\/schema.org\",\"@graph\":[{\"@type\":\"WebPage\",\"@id\":\"https:\\\/\\\/proramillenote.it\\\/fr\\\/mouse-pad-termosaldato-stampa-logo-sku146\\\/\",\"url\":\"https:\\\/\\\/proramillenote.it\\\/fr\\\/mouse-pad-termosaldato-stampa-logo-sku146\\\/\",\"name\":\"Thermowelded customized mouse pad\",\"isPartOf\":{\"@id\":\"https:\\\/\\\/proramillenote.it\\\/fr\\\/#website\"},\"primaryImageOfPage\":{\"@id\":\"https:\\\/\\\/proramillenote.it\\\/fr\\\/mouse-pad-termosaldato-stampa-logo-sku146\\\/#primaryimage\"},\"image\":{\"@id\":\"https:\\\/\\\/proramillenote.it\\\/fr\\\/mouse-pad-termosaldato-stampa-logo-sku146\\\/#primaryimage\"},\"thumbnailUrl\":\"https:\\\/\\\/proramillenote.it\\\/wp-content\\\/uploads\\\/MousePad-termosaldato-Bandiere.webp?wsr\",\"datePublished\":\"2016-01-26T20:41:15+00:00\",\"dateModified\":\"2025-12-02T08:58:52+00:00\",\"description\":\"Thermowelded customized mouse pad. Direct production\",\"breadcrumb\":{\"@id\":\"https:\\\/\\\/proramillenote.it\\\/fr\\\/mouse-pad-termosaldato-stampa-logo-sku146\\\/#breadcrumb\"},\"inLanguage\":\"fr-FR\",\"potentialAction\":[{\"@type\":\"ReadAction\",\"target\":[\"https:\\\/\\\/proramillenote.it\\\/fr\\\/mouse-pad-termosaldato-stampa-logo-sku146\\\/\"]}]},{\"@type\":\"ImageObject\",\"inLanguage\":\"fr-FR\",\"@id\":\"https:\\\/\\\/proramillenote.it\\\/fr\\\/mouse-pad-termosaldato-stampa-logo-sku146\\\/#primaryimage\",\"url\":\"https:\\\/\\\/proramillenote.it\\\/wp-content\\\/uploads\\\/MousePad-termosaldato-Bandiere.webp?wsr\",\"contentUrl\":\"https:\\\/\\\/proramillenote.it\\\/wp-content\\\/uploads\\\/MousePad-termosaldato-Bandiere.webp?wsr\",\"width\":600,\"height\":600,\"caption\":\"Tapis de souris termosoud\u00e9 avec impression en couleurs sur PVC. Formats disponibles : rectangle, cercle et carr\u00e9. Base en PVC expans\u00e9 gris clair\"},{\"@type\":\"BreadcrumbList\",\"@id\":\"https:\\\/\\\/proramillenote.it\\\/fr\\\/mouse-pad-termosaldato-stampa-logo-sku146\\\/#breadcrumb\",\"itemListElement\":[{\"@type\":\"ListItem\",\"position\":1,\"name\":\"Proramillenote\",\"item\":\"https:\\\/\\\/proramillenote.it\\\/fr\\\/\"},{\"@type\":\"ListItem\",\"position\":2,\"name\":\"Tapis de souris thermosoud\u00e9\"}]},{\"@type\":\"WebSite\",\"@id\":\"https:\\\/\\\/proramillenote.it\\\/fr\\\/#website\",\"url\":\"https:\\\/\\\/proramillenote.it\\\/fr\\\/\",\"name\":\"Proramillenote gadget aziendali e post-it personalizzati\",\"description\":\"Post-it personalizzati, block notes con logo e gadget aziendali per il marketing B2B. Specialisti in gadget promozionali per medici e aziende farmaceutiche.\",\"publisher\":{\"@id\":\"https:\\\/\\\/proramillenote.it\\\/fr\\\/#organization\"},\"alternateName\":\"Proramillenote\",\"potentialAction\":[{\"@type\":\"SearchAction\",\"target\":{\"@type\":\"EntryPoint\",\"urlTemplate\":\"https:\\\/\\\/proramillenote.it\\\/fr\\\/?s={search_term_string}\"},\"query-input\":{\"@type\":\"PropertyValueSpecification\",\"valueRequired\":true,\"valueName\":\"search_term_string\"}}],\"inLanguage\":\"fr-FR\"},{\"@type\":\"Organization\",\"@id\":\"https:\\\/\\\/proramillenote.it\\\/fr\\\/#organization\",\"name\":\"Proramillenote gadgets d\u2019entreprise et post-it personnalis\u00e9s\",\"alternateName\":\"Proramillenote\",\"url\":\"https:\\\/\\\/proramillenote.it\\\/fr\\\/\",\"logo\":{\"@type\":\"ImageObject\",\"inLanguage\":\"fr-FR\",\"@id\":\"https:\\\/\\\/proramillenote.it\\\/fr\\\/#\\\/schema\\\/logo\\\/image\\\/\",\"url\":\"https:\\\/\\\/proramillenote.it\\\/wp-content\\\/uploads\\\/papercube800.png?wsr\",\"contentUrl\":\"https:\\\/\\\/proramillenote.it\\\/wp-content\\\/uploads\\\/papercube800.png?wsr\",\"width\":800,\"height\":800,\"caption\":\"Proramillenote gadgets d\u2019entreprise et post-it personnalis\u00e9s\"},\"image\":{\"@id\":\"https:\\\/\\\/proramillenote.it\\\/fr\\\/#\\\/schema\\\/logo\\\/image\\\/\"},\"description\":\"\u2022 Specialista in produzione e commercio di gadget per medici e gadget per veterinari personalizzati. \u2022 Produzione di gadget aziendali per qualsiasi settore merceologico dal 1975. \u2022 Produttore di post-it personalizzati, post-it sagomati e cubi di carta personalizzati in stampa digitale oppure offset. Produttore di block-notes con logo. \u2022 Con cartotecnica creativa progettiamo KIT di post-it su misura, Made in Italy e di design italiano, insigniti del prestigioso premio europeo PGA Promotional Gift Award. \u2022 Concorso #Ossoduro \\\"Design di brand reminder da scrivania innovativi\\\" concepito per incoraggiare la creativit\u00e0 degli studenti di scuole secondarie di design e grafica. Annuale - Ed.7\u00b0 2024-2025. \u2022 Proramillenote \u00e8 produttore accreditato EUDAMED per la fornitura di DMClasse I \u2022 Proramillenote \u00e8 certificata FSC\u00ae Chain of custody.\",\"email\":\"customercare@proramillenote.it\",\"telephone\":\"+39 039616593\",\"legalName\":\"Proramillenote Srl\",\"foundingDate\":\"1972-01-01\",\"vatID\":\"10323920966\",\"taxID\":\"10323920966\",\"numberOfEmployees\":{\"@type\":\"QuantitativeValue\",\"minValue\":\"11\",\"maxValue\":\"50\"},\"publishingPrinciples\":\"https:\\\/\\\/proramillenote.it\\\/politica-su-etica\\\/\",\"ownershipFundingInfo\":\"https:\\\/\\\/proramillenote.it\\\/politica-su-etica\\\/\",\"actionableFeedbackPolicy\":\"https:\\\/\\\/proramillenote.it\\\/politica-su-etica\\\/\",\"correctionsPolicy\":\"https:\\\/\\\/proramillenote.it\\\/politica-su-etica\\\/\",\"ethicsPolicy\":\"https:\\\/\\\/proramillenote.it\\\/politica-su-etica\\\/\",\"diversityPolicy\":\"https:\\\/\\\/proramillenote.it\\\/politica-su-etica\\\/\",\"diversityStaffingReport\":\"https:\\\/\\\/proramillenote.it\\\/politica-su-etica\\\/\"}]}<\/script>\n<meta property=\"product:brand\" content=\"Producteur europ\u00e9en\" \/>\n<meta property=\"og:availability\" content=\"instock\" \/>\n<meta property=\"product:availability\" content=\"instock\" \/>\n<meta property=\"product:retailer_item_id\" content=\"146\" \/>\n<meta property=\"product:condition\" content=\"new\" \/>\n<!-- \/ Yoast SEO Premium plugin. -->","yoast_head_json":{"title":"Thermowelded customized mouse pad","description":"Thermowelded customized mouse pad. Direct production","robots":{"index":"index","follow":"follow","max-snippet":"max-snippet:-1","max-image-preview":"max-image-preview:large","max-video-preview":"max-video-preview:-1"},"canonical":"https:\/\/proramillenote.it\/fr\/mouse-pad-termosaldato-stampa-logo-sku146\/","og_locale":"fr_FR","og_type":"article","og_title":"Thermowelded customized mouse pad","og_description":"Thermowelded customized mouse pad. Direct production","og_url":"https:\/\/proramillenote.it\/fr\/mouse-pad-termosaldato-stampa-logo-sku146\/","og_site_name":"Gadgets d\u2019entreprise et post-it personnalis\u00e9s","article_modified_time":"2025-12-02T08:58:52+00:00","og_image":[{"width":600,"height":600,"url":"https:\/\/proramillenote.it\/wp-content\/uploads\/MousePad-termosaldato-Bandiere.webp","type":"image\/webp"}],"twitter_card":"summary_large_image","schema":{"@context":"https:\/\/schema.org","@graph":[{"@type":"WebPage","@id":"https:\/\/proramillenote.it\/fr\/mouse-pad-termosaldato-stampa-logo-sku146\/","url":"https:\/\/proramillenote.it\/fr\/mouse-pad-termosaldato-stampa-logo-sku146\/","name":"Thermowelded customized mouse pad","isPartOf":{"@id":"https:\/\/proramillenote.it\/fr\/#website"},"primaryImageOfPage":{"@id":"https:\/\/proramillenote.it\/fr\/mouse-pad-termosaldato-stampa-logo-sku146\/#primaryimage"},"image":{"@id":"https:\/\/proramillenote.it\/fr\/mouse-pad-termosaldato-stampa-logo-sku146\/#primaryimage"},"thumbnailUrl":"https:\/\/proramillenote.it\/wp-content\/uploads\/MousePad-termosaldato-Bandiere.webp?wsr","datePublished":"2016-01-26T20:41:15+00:00","dateModified":"2025-12-02T08:58:52+00:00","description":"Thermowelded customized mouse pad. Direct production","breadcrumb":{"@id":"https:\/\/proramillenote.it\/fr\/mouse-pad-termosaldato-stampa-logo-sku146\/#breadcrumb"},"inLanguage":"fr-FR","potentialAction":[{"@type":"ReadAction","target":["https:\/\/proramillenote.it\/fr\/mouse-pad-termosaldato-stampa-logo-sku146\/"]}]},{"@type":"ImageObject","inLanguage":"fr-FR","@id":"https:\/\/proramillenote.it\/fr\/mouse-pad-termosaldato-stampa-logo-sku146\/#primaryimage","url":"https:\/\/proramillenote.it\/wp-content\/uploads\/MousePad-termosaldato-Bandiere.webp?wsr","contentUrl":"https:\/\/proramillenote.it\/wp-content\/uploads\/MousePad-termosaldato-Bandiere.webp?wsr","width":600,"height":600,"caption":"Tapis de souris termosoud\u00e9 avec impression en couleurs sur PVC. Formats disponibles : rectangle, cercle et carr\u00e9. Base en PVC expans\u00e9 gris clair"},{"@type":"BreadcrumbList","@id":"https:\/\/proramillenote.it\/fr\/mouse-pad-termosaldato-stampa-logo-sku146\/#breadcrumb","itemListElement":[{"@type":"ListItem","position":1,"name":"Proramillenote","item":"https:\/\/proramillenote.it\/fr\/"},{"@type":"ListItem","position":2,"name":"Tapis de souris thermosoud\u00e9"}]},{"@type":"WebSite","@id":"https:\/\/proramillenote.it\/fr\/#website","url":"https:\/\/proramillenote.it\/fr\/","name":"Proramillenote gadget aziendali e post-it personalizzati","description":"Post-it personalizzati, block notes con logo e gadget aziendali per il marketing B2B. Specialisti in gadget promozionali per medici e aziende farmaceutiche.","publisher":{"@id":"https:\/\/proramillenote.it\/fr\/#organization"},"alternateName":"Proramillenote","potentialAction":[{"@type":"SearchAction","target":{"@type":"EntryPoint","urlTemplate":"https:\/\/proramillenote.it\/fr\/?s={search_term_string}"},"query-input":{"@type":"PropertyValueSpecification","valueRequired":true,"valueName":"search_term_string"}}],"inLanguage":"fr-FR"},{"@type":"Organization","@id":"https:\/\/proramillenote.it\/fr\/#organization","name":"Proramillenote gadgets d\u2019entreprise et post-it personnalis\u00e9s","alternateName":"Proramillenote","url":"https:\/\/proramillenote.it\/fr\/","logo":{"@type":"ImageObject","inLanguage":"fr-FR","@id":"https:\/\/proramillenote.it\/fr\/#\/schema\/logo\/image\/","url":"https:\/\/proramillenote.it\/wp-content\/uploads\/papercube800.png?wsr","contentUrl":"https:\/\/proramillenote.it\/wp-content\/uploads\/papercube800.png?wsr","width":800,"height":800,"caption":"Proramillenote gadgets d\u2019entreprise et post-it personnalis\u00e9s"},"image":{"@id":"https:\/\/proramillenote.it\/fr\/#\/schema\/logo\/image\/"},"description":"\u2022 Specialista in produzione e commercio di gadget per medici e gadget per veterinari personalizzati. \u2022 Produzione di gadget aziendali per qualsiasi settore merceologico dal 1975. \u2022 Produttore di post-it personalizzati, post-it sagomati e cubi di carta personalizzati in stampa digitale oppure offset. Produttore di block-notes con logo. \u2022 Con cartotecnica creativa progettiamo KIT di post-it su misura, Made in Italy e di design italiano, insigniti del prestigioso premio europeo PGA Promotional Gift Award. \u2022 Concorso #Ossoduro \"Design di brand reminder da scrivania innovativi\" concepito per incoraggiare la creativit\u00e0 degli studenti di scuole secondarie di design e grafica. Annuale - Ed.7\u00b0 2024-2025. \u2022 Proramillenote \u00e8 produttore accreditato EUDAMED per la fornitura di DMClasse I \u2022 Proramillenote \u00e8 certificata FSC\u00ae Chain of custody.","email":"customercare@proramillenote.it","telephone":"+39 039616593","legalName":"Proramillenote Srl","foundingDate":"1972-01-01","vatID":"10323920966","taxID":"10323920966","numberOfEmployees":{"@type":"QuantitativeValue","minValue":"11","maxValue":"50"},"publishingPrinciples":"https:\/\/proramillenote.it\/politica-su-etica\/","ownershipFundingInfo":"https:\/\/proramillenote.it\/politica-su-etica\/","actionableFeedbackPolicy":"https:\/\/proramillenote.it\/politica-su-etica\/","correctionsPolicy":"https:\/\/proramillenote.it\/politica-su-etica\/","ethicsPolicy":"https:\/\/proramillenote.it\/politica-su-etica\/","diversityPolicy":"https:\/\/proramillenote.it\/politica-su-etica\/","diversityStaffingReport":"https:\/\/proramillenote.it\/politica-su-etica\/"}]},"product_brand":"Producteur europ\u00e9en","og_availability":"instock","product_availability":"instock","product_retailer_item_id":"146","product_condition":"new"},"_links":{"self":[{"href":"https:\/\/proramillenote.it\/fr\/wp-json\/wp\/v2\/product\/16603","targetHints":{"allow":["GET"]}}],"collection":[{"href":"https:\/\/proramillenote.it\/fr\/wp-json\/wp\/v2\/product"}],"about":[{"href":"https:\/\/proramillenote.it\/fr\/wp-json\/wp\/v2\/types\/product"}],"version-history":[{"count":5,"href":"https:\/\/proramillenote.it\/fr\/wp-json\/wp\/v2\/product\/16603\/revisions"}],"predecessor-version":[{"id":86922,"href":"https:\/\/proramillenote.it\/fr\/wp-json\/wp\/v2\/product\/16603\/revisions\/86922"}],"wp:featuredmedia":[{"embeddable":true,"href":"https:\/\/proramillenote.it\/fr\/wp-json\/wp\/v2\/media\/28674"}],"wp:attachment":[{"href":"https:\/\/proramillenote.it\/fr\/wp-json\/wp\/v2\/media?parent=16603"}],"wp:term":[{"taxonomy":"product_brand","embeddable":true,"href":"https:\/\/proramillenote.it\/fr\/wp-json\/wp\/v2\/product_brand?post=16603"},{"taxonomy":"product_cat","embeddable":true,"href":"https:\/\/proramillenote.it\/fr\/wp-json\/wp\/v2\/product_cat?post=16603"},{"taxonomy":"product_tag","embeddable":true,"href":"https:\/\/proramillenote.it\/fr\/wp-json\/wp\/v2\/product_tag?post=16603"}],"curies":[{"name":"wp","href":"https:\/\/api.w.org\/{rel}","templated":true}]}}