{"id":16635,"date":"2016-03-15T15:14:39","date_gmt":"2016-03-15T14:14:39","guid":{"rendered":"https:\/\/staging.proramillenote.it\/gadget\/memotack-zig-zag-cubo\/"},"modified":"2024-07-15T11:55:40","modified_gmt":"2024-07-15T09:55:40","slug":"memotack-zig-zag-cubo-stampa-logo-sku179","status":"publish","type":"product","link":"https:\/\/proramillenote.it\/fr\/memotack-zig-zag-cubo-stampa-logo-sku179\/","title":{"rendered":"Post-it zig-zag cube"},"content":{"rendered":"<p><img decoding=\"async\" src=\"https:\/\/proramillenote.it\/wp-content\/uploads\/memotack-post-it-proramillenote.png\" alt=\"MEMOTACK logo\" width=\"268\" height=\"50\" \/><\/p>\n<p>Le bloc-notes en papier adh\u00e9sif en zigzag est pr\u00e9sent\u00e9 dans une bo\u00eete en carton en forme de cube de 80 mm.<br \/>\nLa bo\u00eete peut reproduire des graphiques d&#8217;emballage enti\u00e8rement personnalisables.<\/p>\n<p><strong>Bo\u00eete<\/strong><br \/>\n&#8211; Mat\u00e9riau: carton<br \/>\n&#8211; Forme: cube de 80 mm de c\u00f4t\u00e9<br \/>\n&#8211; Personnalisation du bo\u00eetier: graphisme jusqu&rsquo;\u00e0 4 couleurs.<\/p>\n<p><strong>Bloc-notes en zig-zag<\/strong><br \/>\n&#8211; Feuilles: 75&#215;75 mm<br \/>\n&#8211; Epaisseurs: 50 feuilles, 100 feuilles ou plus<br \/>\n&#8211; Mat\u00e9riau: papier adh\u00e9sif blanc, \u00e9galement en alternance blanc\/jaune<\/p>\n<p><strong>Personnalisation:<\/strong><br \/>\n&#8211; Couleur du papier: blanc, altern\u00e9 blanc\/jaune<br \/>\n&#8211; Sujets d&rsquo;impression: max. 2 sujets d&rsquo;impression altern\u00e9s A\/B A\/B<br \/>\n&#8211; Couleurs d&rsquo;impression: 2 couleurs maximum pour chaque sujet d&rsquo;impression.<\/p>\n<p><strong>Formats sp\u00e9ciaux: sur demande<\/strong><\/p>\n<h6>Commande minimale: 500 pi\u00e8ces<\/h6>\n","protected":false},"excerpt":{"rendered":"<p>Bloc-notes adh\u00e9sif post-it avec notes autocollantes en accord\u00e9on. Bo\u00eete cubique en carton personnalisable.<\/p>\n","protected":false},"featured_media":16636,"template":"","meta":[],"product_brand":[5132],"product_cat":[639,276],"product_tag":[],"class_list":{"0":"post-16635","1":"product","2":"type-product","3":"status-publish","4":"has-post-thumbnail","6":"product_brand-produzione-proramillenote","7":"product_cat-costa-tra-1-e-2-euro","8":"product_cat-block-notes-adesivi-post-it-zig-zag-z-notes-personalizzati","9":"pa_formato-post-it-70-x-75","10":"pa_num-col-stampa-fogli-post-it-fogli-stampa-2-colori","11":"pa_num-col-stampa-fogli-post-it-fogli-stampa-0-colore","12":"pa_num-col-stampa-fogli-post-it-fogli-stampa-1-colore","13":"pa_numero-fogli-1582","14":"pa_numero-fogli-1583","15":"pa_numero-fogli-1584","16":"pa_numero-fogli-1581","17":"pa_stampa-astuccio-col-ast-1c","18":"pa_stampa-astuccio-col-ast-2c","19":"pa_stampa-astuccio-col-ast-3c","20":"pa_stampa-astuccio-col-ast-4c","22":"first","23":"instock","24":"purchasable","25":"product-type-variable","26":"has-default-attributes"},"yoast_head":"<!-- This site is optimized with the Yoast SEO Premium plugin v27.3 (Yoast SEO v27.3) - https:\/\/yoast.com\/product\/yoast-seo-premium-wordpress\/ -->\n<title>block-notes adesivo zig zag con scatola cubo personalizzabile<\/title>\n<meta name=\"description\" content=\"block-notes adesivo zig zag con scatola cubo personalizzabile\" \/>\n<meta name=\"robots\" content=\"index, follow, max-snippet:-1, max-image-preview:large, max-video-preview:-1\" \/>\n<link rel=\"canonical\" href=\"https:\/\/proramillenote.it\/fr\/memotack-zig-zag-cubo-stampa-logo-sku179\/\" \/>\n<meta property=\"og:locale\" content=\"fr_FR\" \/>\n<meta property=\"og:type\" content=\"article\" \/>\n<meta property=\"og:title\" content=\"block-notes adesivo zig zag con scatola cubo personalizzabile\" \/>\n<meta property=\"og:description\" content=\"block-notes adesivo zig zag con scatola cubo personalizzabile\" \/>\n<meta property=\"og:url\" content=\"https:\/\/proramillenote.it\/fr\/memotack-zig-zag-cubo-stampa-logo-sku179\/\" \/>\n<meta property=\"og:site_name\" content=\"Gadgets d\u2019entreprise et post-it personnalis\u00e9s\" \/>\n<meta property=\"article:modified_time\" content=\"2024-07-15T09:55:40+00:00\" \/>\n<meta property=\"og:image\" content=\"https:\/\/proramillenote.it\/wp-content\/uploads\/2019\/07\/products-Zetanotes_Cubo_fujitsu.png\" \/>\n\t<meta property=\"og:image:width\" content=\"600\" \/>\n\t<meta property=\"og:image:height\" content=\"600\" \/>\n\t<meta property=\"og:image:type\" content=\"image\/jpeg\" \/>\n<meta name=\"twitter:card\" content=\"summary_large_image\" \/>\n<script type=\"application\/ld+json\" class=\"yoast-schema-graph\">{\"@context\":\"https:\\\/\\\/schema.org\",\"@graph\":[{\"@type\":\"WebPage\",\"@id\":\"https:\\\/\\\/proramillenote.it\\\/fr\\\/memotack-zig-zag-cubo-stampa-logo-sku179\\\/\",\"url\":\"https:\\\/\\\/proramillenote.it\\\/fr\\\/memotack-zig-zag-cubo-stampa-logo-sku179\\\/\",\"name\":\"block-notes adesivo zig zag con scatola cubo personalizzabile\",\"isPartOf\":{\"@id\":\"https:\\\/\\\/proramillenote.it\\\/fr\\\/#website\"},\"primaryImageOfPage\":{\"@id\":\"https:\\\/\\\/proramillenote.it\\\/fr\\\/memotack-zig-zag-cubo-stampa-logo-sku179\\\/#primaryimage\"},\"image\":{\"@id\":\"https:\\\/\\\/proramillenote.it\\\/fr\\\/memotack-zig-zag-cubo-stampa-logo-sku179\\\/#primaryimage\"},\"thumbnailUrl\":\"https:\\\/\\\/proramillenote.it\\\/wp-content\\\/uploads\\\/2019\\\/07\\\/products-Zetanotes_Cubo_fujitsu.png?wsr\",\"datePublished\":\"2016-03-15T14:14:39+00:00\",\"dateModified\":\"2024-07-15T09:55:40+00:00\",\"description\":\"block-notes adesivo zig zag con scatola cubo personalizzabile\",\"breadcrumb\":{\"@id\":\"https:\\\/\\\/proramillenote.it\\\/fr\\\/memotack-zig-zag-cubo-stampa-logo-sku179\\\/#breadcrumb\"},\"inLanguage\":\"fr-FR\",\"potentialAction\":[{\"@type\":\"ReadAction\",\"target\":[\"https:\\\/\\\/proramillenote.it\\\/fr\\\/memotack-zig-zag-cubo-stampa-logo-sku179\\\/\"]}]},{\"@type\":\"ImageObject\",\"inLanguage\":\"fr-FR\",\"@id\":\"https:\\\/\\\/proramillenote.it\\\/fr\\\/memotack-zig-zag-cubo-stampa-logo-sku179\\\/#primaryimage\",\"url\":\"https:\\\/\\\/proramillenote.it\\\/wp-content\\\/uploads\\\/2019\\\/07\\\/products-Zetanotes_Cubo_fujitsu.png?wsr\",\"contentUrl\":\"https:\\\/\\\/proramillenote.it\\\/wp-content\\\/uploads\\\/2019\\\/07\\\/products-Zetanotes_Cubo_fujitsu.png?wsr\",\"width\":600,\"height\":600,\"caption\":\"Post-it zetanote, zig-zag con astuccio personalizzato\"},{\"@type\":\"BreadcrumbList\",\"@id\":\"https:\\\/\\\/proramillenote.it\\\/fr\\\/memotack-zig-zag-cubo-stampa-logo-sku179\\\/#breadcrumb\",\"itemListElement\":[{\"@type\":\"ListItem\",\"position\":1,\"name\":\"Proramillenote\",\"item\":\"https:\\\/\\\/proramillenote.it\\\/fr\\\/\"},{\"@type\":\"ListItem\",\"position\":2,\"name\":\"Post-it zig-zag cube\"}]},{\"@type\":\"WebSite\",\"@id\":\"https:\\\/\\\/proramillenote.it\\\/fr\\\/#website\",\"url\":\"https:\\\/\\\/proramillenote.it\\\/fr\\\/\",\"name\":\"Proramillenote gadget aziendali e post-it personalizzati\",\"description\":\"Post-it personalizzati, block notes con logo e gadget aziendali per il marketing B2B. Specialisti in gadget promozionali per medici e aziende farmaceutiche.\",\"publisher\":{\"@id\":\"https:\\\/\\\/proramillenote.it\\\/fr\\\/#organization\"},\"alternateName\":\"Proramillenote\",\"potentialAction\":[{\"@type\":\"SearchAction\",\"target\":{\"@type\":\"EntryPoint\",\"urlTemplate\":\"https:\\\/\\\/proramillenote.it\\\/fr\\\/?s={search_term_string}\"},\"query-input\":{\"@type\":\"PropertyValueSpecification\",\"valueRequired\":true,\"valueName\":\"search_term_string\"}}],\"inLanguage\":\"fr-FR\"},{\"@type\":\"Organization\",\"@id\":\"https:\\\/\\\/proramillenote.it\\\/fr\\\/#organization\",\"name\":\"Proramillenote gadgets d\u2019entreprise et post-it personnalis\u00e9s\",\"alternateName\":\"Proramillenote\",\"url\":\"https:\\\/\\\/proramillenote.it\\\/fr\\\/\",\"logo\":{\"@type\":\"ImageObject\",\"inLanguage\":\"fr-FR\",\"@id\":\"https:\\\/\\\/proramillenote.it\\\/fr\\\/#\\\/schema\\\/logo\\\/image\\\/\",\"url\":\"https:\\\/\\\/proramillenote.it\\\/wp-content\\\/uploads\\\/papercube800.png?wsr\",\"contentUrl\":\"https:\\\/\\\/proramillenote.it\\\/wp-content\\\/uploads\\\/papercube800.png?wsr\",\"width\":800,\"height\":800,\"caption\":\"Proramillenote gadgets d\u2019entreprise et post-it personnalis\u00e9s\"},\"image\":{\"@id\":\"https:\\\/\\\/proramillenote.it\\\/fr\\\/#\\\/schema\\\/logo\\\/image\\\/\"},\"description\":\"\u2022 Specialista in produzione e commercio di gadget per medici e gadget per veterinari personalizzati. \u2022 Produzione di gadget aziendali per qualsiasi settore merceologico dal 1975. \u2022 Produttore di post-it personalizzati, post-it sagomati e cubi di carta personalizzati in stampa digitale oppure offset. Produttore di block-notes con logo. \u2022 Con cartotecnica creativa progettiamo KIT di post-it su misura, Made in Italy e di design italiano, insigniti del prestigioso premio europeo PGA Promotional Gift Award. \u2022 Concorso #Ossoduro \\\"Design di brand reminder da scrivania innovativi\\\" concepito per incoraggiare la creativit\u00e0 degli studenti di scuole secondarie di design e grafica. Annuale - Ed.7\u00b0 2024-2025. \u2022 Proramillenote \u00e8 produttore accreditato EUDAMED per la fornitura di DMClasse I \u2022 Proramillenote \u00e8 certificata FSC\u00ae Chain of custody.\",\"email\":\"customercare@proramillenote.it\",\"telephone\":\"+39 039616593\",\"legalName\":\"Proramillenote Srl\",\"foundingDate\":\"1972-01-01\",\"vatID\":\"10323920966\",\"taxID\":\"10323920966\",\"numberOfEmployees\":{\"@type\":\"QuantitativeValue\",\"minValue\":\"11\",\"maxValue\":\"50\"},\"publishingPrinciples\":\"https:\\\/\\\/proramillenote.it\\\/politica-su-etica\\\/\",\"ownershipFundingInfo\":\"https:\\\/\\\/proramillenote.it\\\/politica-su-etica\\\/\",\"actionableFeedbackPolicy\":\"https:\\\/\\\/proramillenote.it\\\/politica-su-etica\\\/\",\"correctionsPolicy\":\"https:\\\/\\\/proramillenote.it\\\/politica-su-etica\\\/\",\"ethicsPolicy\":\"https:\\\/\\\/proramillenote.it\\\/politica-su-etica\\\/\",\"diversityPolicy\":\"https:\\\/\\\/proramillenote.it\\\/politica-su-etica\\\/\",\"diversityStaffingReport\":\"https:\\\/\\\/proramillenote.it\\\/politica-su-etica\\\/\"}]}<\/script>\n<meta property=\"product:brand\" content=\"Proramillenote\" \/>\n<meta property=\"og:availability\" content=\"instock\" \/>\n<meta property=\"product:availability\" content=\"instock\" \/>\n<meta property=\"product:retailer_item_id\" content=\"SKU 179\" \/>\n<meta property=\"product:condition\" content=\"new\" \/>\n<!-- \/ Yoast SEO Premium plugin. -->","yoast_head_json":{"title":"block-notes adesivo zig zag con scatola cubo personalizzabile","description":"block-notes adesivo zig zag con scatola cubo personalizzabile","robots":{"index":"index","follow":"follow","max-snippet":"max-snippet:-1","max-image-preview":"max-image-preview:large","max-video-preview":"max-video-preview:-1"},"canonical":"https:\/\/proramillenote.it\/fr\/memotack-zig-zag-cubo-stampa-logo-sku179\/","og_locale":"fr_FR","og_type":"article","og_title":"block-notes adesivo zig zag con scatola cubo personalizzabile","og_description":"block-notes adesivo zig zag con scatola cubo personalizzabile","og_url":"https:\/\/proramillenote.it\/fr\/memotack-zig-zag-cubo-stampa-logo-sku179\/","og_site_name":"Gadgets d\u2019entreprise et post-it personnalis\u00e9s","article_modified_time":"2024-07-15T09:55:40+00:00","og_image":[{"width":600,"height":600,"url":"https:\/\/proramillenote.it\/wp-content\/uploads\/2019\/07\/products-Zetanotes_Cubo_fujitsu.png","type":"image\/jpeg"}],"twitter_card":"summary_large_image","schema":{"@context":"https:\/\/schema.org","@graph":[{"@type":"WebPage","@id":"https:\/\/proramillenote.it\/fr\/memotack-zig-zag-cubo-stampa-logo-sku179\/","url":"https:\/\/proramillenote.it\/fr\/memotack-zig-zag-cubo-stampa-logo-sku179\/","name":"block-notes adesivo zig zag con scatola cubo personalizzabile","isPartOf":{"@id":"https:\/\/proramillenote.it\/fr\/#website"},"primaryImageOfPage":{"@id":"https:\/\/proramillenote.it\/fr\/memotack-zig-zag-cubo-stampa-logo-sku179\/#primaryimage"},"image":{"@id":"https:\/\/proramillenote.it\/fr\/memotack-zig-zag-cubo-stampa-logo-sku179\/#primaryimage"},"thumbnailUrl":"https:\/\/proramillenote.it\/wp-content\/uploads\/2019\/07\/products-Zetanotes_Cubo_fujitsu.png?wsr","datePublished":"2016-03-15T14:14:39+00:00","dateModified":"2024-07-15T09:55:40+00:00","description":"block-notes adesivo zig zag con scatola cubo personalizzabile","breadcrumb":{"@id":"https:\/\/proramillenote.it\/fr\/memotack-zig-zag-cubo-stampa-logo-sku179\/#breadcrumb"},"inLanguage":"fr-FR","potentialAction":[{"@type":"ReadAction","target":["https:\/\/proramillenote.it\/fr\/memotack-zig-zag-cubo-stampa-logo-sku179\/"]}]},{"@type":"ImageObject","inLanguage":"fr-FR","@id":"https:\/\/proramillenote.it\/fr\/memotack-zig-zag-cubo-stampa-logo-sku179\/#primaryimage","url":"https:\/\/proramillenote.it\/wp-content\/uploads\/2019\/07\/products-Zetanotes_Cubo_fujitsu.png?wsr","contentUrl":"https:\/\/proramillenote.it\/wp-content\/uploads\/2019\/07\/products-Zetanotes_Cubo_fujitsu.png?wsr","width":600,"height":600,"caption":"Post-it zetanote, zig-zag con astuccio personalizzato"},{"@type":"BreadcrumbList","@id":"https:\/\/proramillenote.it\/fr\/memotack-zig-zag-cubo-stampa-logo-sku179\/#breadcrumb","itemListElement":[{"@type":"ListItem","position":1,"name":"Proramillenote","item":"https:\/\/proramillenote.it\/fr\/"},{"@type":"ListItem","position":2,"name":"Post-it zig-zag cube"}]},{"@type":"WebSite","@id":"https:\/\/proramillenote.it\/fr\/#website","url":"https:\/\/proramillenote.it\/fr\/","name":"Proramillenote gadget aziendali e post-it personalizzati","description":"Post-it personalizzati, block notes con logo e gadget aziendali per il marketing B2B. Specialisti in gadget promozionali per medici e aziende farmaceutiche.","publisher":{"@id":"https:\/\/proramillenote.it\/fr\/#organization"},"alternateName":"Proramillenote","potentialAction":[{"@type":"SearchAction","target":{"@type":"EntryPoint","urlTemplate":"https:\/\/proramillenote.it\/fr\/?s={search_term_string}"},"query-input":{"@type":"PropertyValueSpecification","valueRequired":true,"valueName":"search_term_string"}}],"inLanguage":"fr-FR"},{"@type":"Organization","@id":"https:\/\/proramillenote.it\/fr\/#organization","name":"Proramillenote gadgets d\u2019entreprise et post-it personnalis\u00e9s","alternateName":"Proramillenote","url":"https:\/\/proramillenote.it\/fr\/","logo":{"@type":"ImageObject","inLanguage":"fr-FR","@id":"https:\/\/proramillenote.it\/fr\/#\/schema\/logo\/image\/","url":"https:\/\/proramillenote.it\/wp-content\/uploads\/papercube800.png?wsr","contentUrl":"https:\/\/proramillenote.it\/wp-content\/uploads\/papercube800.png?wsr","width":800,"height":800,"caption":"Proramillenote gadgets d\u2019entreprise et post-it personnalis\u00e9s"},"image":{"@id":"https:\/\/proramillenote.it\/fr\/#\/schema\/logo\/image\/"},"description":"\u2022 Specialista in produzione e commercio di gadget per medici e gadget per veterinari personalizzati. \u2022 Produzione di gadget aziendali per qualsiasi settore merceologico dal 1975. \u2022 Produttore di post-it personalizzati, post-it sagomati e cubi di carta personalizzati in stampa digitale oppure offset. Produttore di block-notes con logo. \u2022 Con cartotecnica creativa progettiamo KIT di post-it su misura, Made in Italy e di design italiano, insigniti del prestigioso premio europeo PGA Promotional Gift Award. \u2022 Concorso #Ossoduro \"Design di brand reminder da scrivania innovativi\" concepito per incoraggiare la creativit\u00e0 degli studenti di scuole secondarie di design e grafica. Annuale - Ed.7\u00b0 2024-2025. \u2022 Proramillenote \u00e8 produttore accreditato EUDAMED per la fornitura di DMClasse I \u2022 Proramillenote \u00e8 certificata FSC\u00ae Chain of custody.","email":"customercare@proramillenote.it","telephone":"+39 039616593","legalName":"Proramillenote Srl","foundingDate":"1972-01-01","vatID":"10323920966","taxID":"10323920966","numberOfEmployees":{"@type":"QuantitativeValue","minValue":"11","maxValue":"50"},"publishingPrinciples":"https:\/\/proramillenote.it\/politica-su-etica\/","ownershipFundingInfo":"https:\/\/proramillenote.it\/politica-su-etica\/","actionableFeedbackPolicy":"https:\/\/proramillenote.it\/politica-su-etica\/","correctionsPolicy":"https:\/\/proramillenote.it\/politica-su-etica\/","ethicsPolicy":"https:\/\/proramillenote.it\/politica-su-etica\/","diversityPolicy":"https:\/\/proramillenote.it\/politica-su-etica\/","diversityStaffingReport":"https:\/\/proramillenote.it\/politica-su-etica\/"}]},"product_brand":"Proramillenote","og_availability":"instock","product_availability":"instock","product_retailer_item_id":"SKU 179","product_condition":"new"},"_links":{"self":[{"href":"https:\/\/proramillenote.it\/fr\/wp-json\/wp\/v2\/product\/16635","targetHints":{"allow":["GET"]}}],"collection":[{"href":"https:\/\/proramillenote.it\/fr\/wp-json\/wp\/v2\/product"}],"about":[{"href":"https:\/\/proramillenote.it\/fr\/wp-json\/wp\/v2\/types\/product"}],"version-history":[{"count":0,"href":"https:\/\/proramillenote.it\/fr\/wp-json\/wp\/v2\/product\/16635\/revisions"}],"wp:featuredmedia":[{"embeddable":true,"href":"https:\/\/proramillenote.it\/fr\/wp-json\/wp\/v2\/media\/16636"}],"wp:attachment":[{"href":"https:\/\/proramillenote.it\/fr\/wp-json\/wp\/v2\/media?parent=16635"}],"wp:term":[{"taxonomy":"product_brand","embeddable":true,"href":"https:\/\/proramillenote.it\/fr\/wp-json\/wp\/v2\/product_brand?post=16635"},{"taxonomy":"product_cat","embeddable":true,"href":"https:\/\/proramillenote.it\/fr\/wp-json\/wp\/v2\/product_cat?post=16635"},{"taxonomy":"product_tag","embeddable":true,"href":"https:\/\/proramillenote.it\/fr\/wp-json\/wp\/v2\/product_tag?post=16635"}],"curies":[{"name":"wp","href":"https:\/\/api.w.org\/{rel}","templated":true}]}}