{"id":16746,"date":"2015-08-09T19:17:24","date_gmt":"2015-08-09T17:17:24","guid":{"rendered":"https:\/\/staging.proramillenote.it\/gadget\/quaderno-con-spirale-a4-serie-lusso\/"},"modified":"2025-11-20T12:56:24","modified_gmt":"2025-11-20T11:56:24","slug":"quaderno-spirale-a4-serie-lusso-stampa-logo-sku032","status":"publish","type":"product","link":"https:\/\/proramillenote.it\/fr\/quaderno-spirale-a4-serie-lusso-stampa-logo-sku032\/","title":{"rendered":"Carnet spirales A4 s\u00e9rie luxe"},"content":{"rendered":"<p>\u2022 <strong>Format\u00a0:<\/strong> A4 210\u00a0x\u00a0297\u00a0mm<br \/>\n\u2022 <strong>Papier bloc standard<\/strong>\u00a0: non couch\u00e9 80\u00a0g<br \/>\n\u2022 <strong>\u00c9paisseur standard du bloc<\/strong>\u00a0: 150\u00a0feuilles (15\u00a0mm)<br \/>\n\u2022 <strong>Spirale\u00a0:<\/strong> en m\u00e9tal surdimensionn\u00e9<br \/>\n\u2022 <strong>Couverture rigide<br \/>\n<\/strong> couverture et bloc en carton gris recouvert de papier plastifi\u00e9<\/p>\n<p><strong>Personnalisation<\/strong><br \/>\n\u2022 Impression de 1 \u00e0 4 couleurs sur les feuilles et sur la couverture<\/p>\n<p><span style=\"color: #ff6600;\"><strong>Finitions de couverture en option:<\/strong><\/span><br \/>\n\u2022\u00a0<strong>Lamination\u00a0:<\/strong> lamination brillante ou mate<br \/>\n\u2022 <strong>Gaufrage\u00a0:<\/strong> brillant ou mat ton sur ton<strong>, effet 3d<br \/>\n<\/strong>\u2022 <strong>Vernis UV sous r\u00e9serve\u00a0:<\/strong><br \/>\ncombine avec \u00e9l\u00e9gance des parties \u00e0 effet brillant et des parties \u00e0 effet mat<\/p>\n<p><span style=\"color: #ff6600;\"><strong>Caract\u00e9ristiques optionnelles des feuilles de papier:<\/strong><\/span><br \/>\n<strong>\u00bb \u00c9paisseur de bloc personnalis\u00e9e<br \/>\n<\/strong>\u00a0\u00a0 \u2022\u00a0Nombre de feuilles<strong><br \/>\n<\/strong>\u00a0\u00a0 \u2022\u00a0Taille de la spirale<br \/>\n<strong>\u00bb Forage<br \/>\n<\/strong>\u00a0\u00a0 \u2022\u00a0Micro-perforation pour un d\u00e9chirement pr\u00e9cis des feuilles<br \/>\n\u2022 Poin\u00e7onnage du bloc de lime \u00e0 anneaux<br \/>\n<strong>\u00bb\u00a0Types de papier<\/strong><br \/>\n\u2022 Papier recycl\u00e9<br \/>\n\u2022 Papier color\u00e9<br \/>\n\u2022 Papier multicolore<br \/>\n<strong>\u00bb Effet organisateur<\/strong><br \/>\nPapier blanc avec impression multicolore pour effet de classement ou d&rsquo;organisateur<br \/>\n<strong>\u00bb Publicit\u00e9 sp\u00e9ciale<br \/>\n<\/strong>\u00a0\u00a0 un ou plusieurs encarts publicitaires personnalis\u00e9s en quadrichromie<\/p>\n<p><strong>Emballage\u00a0:<\/strong><br \/>\n\u2022 Dans des cartons<br \/>\n\u2022 Facultatif\u00a0: bande de papier de fermeture<br \/>\n\u2022 Facultatif\u00a0: emball\u00e9 individuellement dans un sac de protection en plastique transparent envelopp\u00e9 thermiquement<\/p>\n<h6><strong>Quantit\u00e9 minimale<\/strong> 500 pi\u00e8ces<\/h6>\n","protected":false},"excerpt":{"rendered":"<p>Carnet A4 spirales, finition de haute qualit\u00e9<\/p>\n","protected":false},"featured_media":16747,"template":"","meta":[],"product_brand":[5138],"product_cat":[671,668,5270,5235],"product_tag":[],"class_list":{"0":"post-16746","1":"product","2":"type-product","3":"status-publish","4":"has-post-thumbnail","6":"product_brand-fabricant-proramillenote","7":"product_cat-bloc-notes-personnalise-avec-spirale","8":"product_cat-blocs-notes-personnalises","9":"product_cat-cela-coute-plus-de-2-euros","10":"product_cat-livraison-en-4-semaines","11":"pa_colore-spirale-couleur-spirale-blanc","12":"pa_colore-spirale-couleur-spirale-nickel","13":"pa_colore-spirale-couleur-spirale-noire","14":"pa_colore-spirale-couleur-spirale-rouge","15":"pa_numero-fogli-100-fr","16":"pa_numero-fogli-150-fr-2","17":"pa_numero-fogli-200-fr","18":"pa_numero-fogli-50-fr","19":"pa_stampa-copertina-numero-col-couverture-impression-numerique-fr","20":"pa_stampa-copertina-numero-col-couverture-impression-1-couleur-fr","21":"pa_stampa-copertina-numero-col-couverture-impression-2-couleurs-fr","22":"pa_stampa-copertina-numero-col-couverture-impression-3-couleurs-fr","23":"pa_stampa-fogli-carta-usomano-impression-en-0-couleurs-sur-papier-moule","24":"pa_stampa-fogli-carta-usomano-impression-en-1-couleurs-sur-papier-moule","25":"pa_stampa-fogli-carta-usomano-impression-en-2-couleurs-sur-papier-moule","26":"pa_stampa-fogli-carta-usomano-impression-en-3-couleurs-sur-papier-moule","27":"pa_stampa-fogli-carta-usomano-4-col-carta-um-fr","28":"pa_stampa-fogli-carta-usomano-impression-en-quadri-sur-papier-moule","30":"first","31":"instock","32":"purchasable","33":"product-type-variable","34":"has-default-attributes"},"yoast_head":"<!-- This site is optimized with the Yoast SEO Premium plugin v27.3 (Yoast SEO v27.3) - https:\/\/yoast.com\/product\/yoast-seo-premium-wordpress\/ -->\n<title>Bespoke A4 Luxury Wire-O Notebook High quality finishing<\/title>\n<meta name=\"description\" content=\"Luxury Wire-O Notebook. Tailor made, High quality detail. bespoke with corporate logo\" \/>\n<meta name=\"robots\" content=\"index, follow, max-snippet:-1, max-image-preview:large, max-video-preview:-1\" \/>\n<link rel=\"canonical\" href=\"https:\/\/proramillenote.it\/fr\/quaderno-spirale-a4-serie-lusso-stampa-logo-sku032\/\" \/>\n<meta property=\"og:locale\" content=\"fr_FR\" \/>\n<meta property=\"og:type\" content=\"article\" \/>\n<meta property=\"og:title\" content=\"Bespoke A4 Luxury Wire-O Notebook High quality finishing\" \/>\n<meta property=\"og:description\" content=\"Luxury Wire-O Notebook. Tailor made, High quality detail. bespoke with corporate logo\" \/>\n<meta property=\"og:url\" content=\"https:\/\/proramillenote.it\/fr\/quaderno-spirale-a4-serie-lusso-stampa-logo-sku032\/\" \/>\n<meta property=\"og:site_name\" content=\"Gadgets d\u2019entreprise et post-it personnalis\u00e9s\" \/>\n<meta property=\"article:modified_time\" content=\"2025-11-20T11:56:24+00:00\" \/>\n<meta property=\"og:image\" content=\"https:\/\/proramillenote.it\/wp-content\/uploads\/2015\/08\/products-QuadernoConSpiraleSovrapposti.jpg\" \/>\n\t<meta property=\"og:image:width\" content=\"600\" \/>\n\t<meta property=\"og:image:height\" content=\"600\" \/>\n\t<meta property=\"og:image:type\" content=\"image\/jpeg\" \/>\n<meta name=\"twitter:card\" content=\"summary_large_image\" \/>\n<script type=\"application\/ld+json\" class=\"yoast-schema-graph\">{\"@context\":\"https:\\\/\\\/schema.org\",\"@graph\":[{\"@type\":\"WebPage\",\"@id\":\"https:\\\/\\\/proramillenote.it\\\/fr\\\/quaderno-spirale-a4-serie-lusso-stampa-logo-sku032\\\/\",\"url\":\"https:\\\/\\\/proramillenote.it\\\/fr\\\/quaderno-spirale-a4-serie-lusso-stampa-logo-sku032\\\/\",\"name\":\"Bespoke A4 Luxury Wire-O Notebook High quality finishing\",\"isPartOf\":{\"@id\":\"https:\\\/\\\/proramillenote.it\\\/fr\\\/#website\"},\"primaryImageOfPage\":{\"@id\":\"https:\\\/\\\/proramillenote.it\\\/fr\\\/quaderno-spirale-a4-serie-lusso-stampa-logo-sku032\\\/#primaryimage\"},\"image\":{\"@id\":\"https:\\\/\\\/proramillenote.it\\\/fr\\\/quaderno-spirale-a4-serie-lusso-stampa-logo-sku032\\\/#primaryimage\"},\"thumbnailUrl\":\"https:\\\/\\\/proramillenote.it\\\/wp-content\\\/uploads\\\/2015\\\/08\\\/products-QuadernoConSpiraleSovrapposti.jpg?wsr\",\"datePublished\":\"2015-08-09T17:17:24+00:00\",\"dateModified\":\"2025-11-20T11:56:24+00:00\",\"description\":\"Luxury Wire-O Notebook. Tailor made, High quality detail. bespoke with corporate logo\",\"breadcrumb\":{\"@id\":\"https:\\\/\\\/proramillenote.it\\\/fr\\\/quaderno-spirale-a4-serie-lusso-stampa-logo-sku032\\\/#breadcrumb\"},\"inLanguage\":\"fr-FR\",\"potentialAction\":[{\"@type\":\"ReadAction\",\"target\":[\"https:\\\/\\\/proramillenote.it\\\/fr\\\/quaderno-spirale-a4-serie-lusso-stampa-logo-sku032\\\/\"]}]},{\"@type\":\"ImageObject\",\"inLanguage\":\"fr-FR\",\"@id\":\"https:\\\/\\\/proramillenote.it\\\/fr\\\/quaderno-spirale-a4-serie-lusso-stampa-logo-sku032\\\/#primaryimage\",\"url\":\"https:\\\/\\\/proramillenote.it\\\/wp-content\\\/uploads\\\/2015\\\/08\\\/products-QuadernoConSpiraleSovrapposti.jpg?wsr\",\"contentUrl\":\"https:\\\/\\\/proramillenote.it\\\/wp-content\\\/uploads\\\/2015\\\/08\\\/products-QuadernoConSpiraleSovrapposti.jpg?wsr\",\"width\":600,\"height\":600},{\"@type\":\"BreadcrumbList\",\"@id\":\"https:\\\/\\\/proramillenote.it\\\/fr\\\/quaderno-spirale-a4-serie-lusso-stampa-logo-sku032\\\/#breadcrumb\",\"itemListElement\":[{\"@type\":\"ListItem\",\"position\":1,\"name\":\"Proramillenote\",\"item\":\"https:\\\/\\\/proramillenote.it\\\/fr\\\/\"},{\"@type\":\"ListItem\",\"position\":2,\"name\":\"Carnet spirales A4 s\u00e9rie luxe\"}]},{\"@type\":\"WebSite\",\"@id\":\"https:\\\/\\\/proramillenote.it\\\/fr\\\/#website\",\"url\":\"https:\\\/\\\/proramillenote.it\\\/fr\\\/\",\"name\":\"Proramillenote gadget aziendali e post-it personalizzati\",\"description\":\"Post-it personalizzati, block notes con logo e gadget aziendali per il marketing B2B. Specialisti in gadget promozionali per medici e aziende farmaceutiche.\",\"publisher\":{\"@id\":\"https:\\\/\\\/proramillenote.it\\\/fr\\\/#organization\"},\"alternateName\":\"Proramillenote\",\"potentialAction\":[{\"@type\":\"SearchAction\",\"target\":{\"@type\":\"EntryPoint\",\"urlTemplate\":\"https:\\\/\\\/proramillenote.it\\\/fr\\\/?s={search_term_string}\"},\"query-input\":{\"@type\":\"PropertyValueSpecification\",\"valueRequired\":true,\"valueName\":\"search_term_string\"}}],\"inLanguage\":\"fr-FR\"},{\"@type\":\"Organization\",\"@id\":\"https:\\\/\\\/proramillenote.it\\\/fr\\\/#organization\",\"name\":\"Proramillenote gadgets d\u2019entreprise et post-it personnalis\u00e9s\",\"alternateName\":\"Proramillenote\",\"url\":\"https:\\\/\\\/proramillenote.it\\\/fr\\\/\",\"logo\":{\"@type\":\"ImageObject\",\"inLanguage\":\"fr-FR\",\"@id\":\"https:\\\/\\\/proramillenote.it\\\/fr\\\/#\\\/schema\\\/logo\\\/image\\\/\",\"url\":\"https:\\\/\\\/proramillenote.it\\\/wp-content\\\/uploads\\\/papercube800.png?wsr\",\"contentUrl\":\"https:\\\/\\\/proramillenote.it\\\/wp-content\\\/uploads\\\/papercube800.png?wsr\",\"width\":800,\"height\":800,\"caption\":\"Proramillenote gadgets d\u2019entreprise et post-it personnalis\u00e9s\"},\"image\":{\"@id\":\"https:\\\/\\\/proramillenote.it\\\/fr\\\/#\\\/schema\\\/logo\\\/image\\\/\"},\"description\":\"\u2022 Specialista in produzione e commercio di gadget per medici e gadget per veterinari personalizzati. \u2022 Produzione di gadget aziendali per qualsiasi settore merceologico dal 1975. \u2022 Produttore di post-it personalizzati, post-it sagomati e cubi di carta personalizzati in stampa digitale oppure offset. Produttore di block-notes con logo. \u2022 Con cartotecnica creativa progettiamo KIT di post-it su misura, Made in Italy e di design italiano, insigniti del prestigioso premio europeo PGA Promotional Gift Award. \u2022 Concorso #Ossoduro \\\"Design di brand reminder da scrivania innovativi\\\" concepito per incoraggiare la creativit\u00e0 degli studenti di scuole secondarie di design e grafica. Annuale - Ed.7\u00b0 2024-2025. \u2022 Proramillenote \u00e8 produttore accreditato EUDAMED per la fornitura di DMClasse I \u2022 Proramillenote \u00e8 certificata FSC\u00ae Chain of custody.\",\"email\":\"customercare@proramillenote.it\",\"telephone\":\"+39 039616593\",\"legalName\":\"Proramillenote Srl\",\"foundingDate\":\"1972-01-01\",\"vatID\":\"10323920966\",\"taxID\":\"10323920966\",\"numberOfEmployees\":{\"@type\":\"QuantitativeValue\",\"minValue\":\"11\",\"maxValue\":\"50\"},\"publishingPrinciples\":\"https:\\\/\\\/proramillenote.it\\\/politica-su-etica\\\/\",\"ownershipFundingInfo\":\"https:\\\/\\\/proramillenote.it\\\/politica-su-etica\\\/\",\"actionableFeedbackPolicy\":\"https:\\\/\\\/proramillenote.it\\\/politica-su-etica\\\/\",\"correctionsPolicy\":\"https:\\\/\\\/proramillenote.it\\\/politica-su-etica\\\/\",\"ethicsPolicy\":\"https:\\\/\\\/proramillenote.it\\\/politica-su-etica\\\/\",\"diversityPolicy\":\"https:\\\/\\\/proramillenote.it\\\/politica-su-etica\\\/\",\"diversityStaffingReport\":\"https:\\\/\\\/proramillenote.it\\\/politica-su-etica\\\/\"}]}<\/script>\n<meta property=\"product:brand\" content=\"Fabricant Proramillenote\" \/>\n<meta property=\"og:availability\" content=\"instock\" \/>\n<meta property=\"product:availability\" content=\"instock\" \/>\n<meta property=\"product:retailer_item_id\" content=\"032\" \/>\n<meta property=\"product:condition\" content=\"new\" \/>\n<!-- \/ Yoast SEO Premium plugin. -->","yoast_head_json":{"title":"Bespoke A4 Luxury Wire-O Notebook High quality finishing","description":"Luxury Wire-O Notebook. Tailor made, High quality detail. bespoke with corporate logo","robots":{"index":"index","follow":"follow","max-snippet":"max-snippet:-1","max-image-preview":"max-image-preview:large","max-video-preview":"max-video-preview:-1"},"canonical":"https:\/\/proramillenote.it\/fr\/quaderno-spirale-a4-serie-lusso-stampa-logo-sku032\/","og_locale":"fr_FR","og_type":"article","og_title":"Bespoke A4 Luxury Wire-O Notebook High quality finishing","og_description":"Luxury Wire-O Notebook. Tailor made, High quality detail. bespoke with corporate logo","og_url":"https:\/\/proramillenote.it\/fr\/quaderno-spirale-a4-serie-lusso-stampa-logo-sku032\/","og_site_name":"Gadgets d\u2019entreprise et post-it personnalis\u00e9s","article_modified_time":"2025-11-20T11:56:24+00:00","og_image":[{"width":600,"height":600,"url":"https:\/\/proramillenote.it\/wp-content\/uploads\/2015\/08\/products-QuadernoConSpiraleSovrapposti.jpg","type":"image\/jpeg"}],"twitter_card":"summary_large_image","schema":{"@context":"https:\/\/schema.org","@graph":[{"@type":"WebPage","@id":"https:\/\/proramillenote.it\/fr\/quaderno-spirale-a4-serie-lusso-stampa-logo-sku032\/","url":"https:\/\/proramillenote.it\/fr\/quaderno-spirale-a4-serie-lusso-stampa-logo-sku032\/","name":"Bespoke A4 Luxury Wire-O Notebook High quality finishing","isPartOf":{"@id":"https:\/\/proramillenote.it\/fr\/#website"},"primaryImageOfPage":{"@id":"https:\/\/proramillenote.it\/fr\/quaderno-spirale-a4-serie-lusso-stampa-logo-sku032\/#primaryimage"},"image":{"@id":"https:\/\/proramillenote.it\/fr\/quaderno-spirale-a4-serie-lusso-stampa-logo-sku032\/#primaryimage"},"thumbnailUrl":"https:\/\/proramillenote.it\/wp-content\/uploads\/2015\/08\/products-QuadernoConSpiraleSovrapposti.jpg?wsr","datePublished":"2015-08-09T17:17:24+00:00","dateModified":"2025-11-20T11:56:24+00:00","description":"Luxury Wire-O Notebook. Tailor made, High quality detail. bespoke with corporate logo","breadcrumb":{"@id":"https:\/\/proramillenote.it\/fr\/quaderno-spirale-a4-serie-lusso-stampa-logo-sku032\/#breadcrumb"},"inLanguage":"fr-FR","potentialAction":[{"@type":"ReadAction","target":["https:\/\/proramillenote.it\/fr\/quaderno-spirale-a4-serie-lusso-stampa-logo-sku032\/"]}]},{"@type":"ImageObject","inLanguage":"fr-FR","@id":"https:\/\/proramillenote.it\/fr\/quaderno-spirale-a4-serie-lusso-stampa-logo-sku032\/#primaryimage","url":"https:\/\/proramillenote.it\/wp-content\/uploads\/2015\/08\/products-QuadernoConSpiraleSovrapposti.jpg?wsr","contentUrl":"https:\/\/proramillenote.it\/wp-content\/uploads\/2015\/08\/products-QuadernoConSpiraleSovrapposti.jpg?wsr","width":600,"height":600},{"@type":"BreadcrumbList","@id":"https:\/\/proramillenote.it\/fr\/quaderno-spirale-a4-serie-lusso-stampa-logo-sku032\/#breadcrumb","itemListElement":[{"@type":"ListItem","position":1,"name":"Proramillenote","item":"https:\/\/proramillenote.it\/fr\/"},{"@type":"ListItem","position":2,"name":"Carnet spirales A4 s\u00e9rie luxe"}]},{"@type":"WebSite","@id":"https:\/\/proramillenote.it\/fr\/#website","url":"https:\/\/proramillenote.it\/fr\/","name":"Proramillenote gadget aziendali e post-it personalizzati","description":"Post-it personalizzati, block notes con logo e gadget aziendali per il marketing B2B. Specialisti in gadget promozionali per medici e aziende farmaceutiche.","publisher":{"@id":"https:\/\/proramillenote.it\/fr\/#organization"},"alternateName":"Proramillenote","potentialAction":[{"@type":"SearchAction","target":{"@type":"EntryPoint","urlTemplate":"https:\/\/proramillenote.it\/fr\/?s={search_term_string}"},"query-input":{"@type":"PropertyValueSpecification","valueRequired":true,"valueName":"search_term_string"}}],"inLanguage":"fr-FR"},{"@type":"Organization","@id":"https:\/\/proramillenote.it\/fr\/#organization","name":"Proramillenote gadgets d\u2019entreprise et post-it personnalis\u00e9s","alternateName":"Proramillenote","url":"https:\/\/proramillenote.it\/fr\/","logo":{"@type":"ImageObject","inLanguage":"fr-FR","@id":"https:\/\/proramillenote.it\/fr\/#\/schema\/logo\/image\/","url":"https:\/\/proramillenote.it\/wp-content\/uploads\/papercube800.png?wsr","contentUrl":"https:\/\/proramillenote.it\/wp-content\/uploads\/papercube800.png?wsr","width":800,"height":800,"caption":"Proramillenote gadgets d\u2019entreprise et post-it personnalis\u00e9s"},"image":{"@id":"https:\/\/proramillenote.it\/fr\/#\/schema\/logo\/image\/"},"description":"\u2022 Specialista in produzione e commercio di gadget per medici e gadget per veterinari personalizzati. \u2022 Produzione di gadget aziendali per qualsiasi settore merceologico dal 1975. \u2022 Produttore di post-it personalizzati, post-it sagomati e cubi di carta personalizzati in stampa digitale oppure offset. Produttore di block-notes con logo. \u2022 Con cartotecnica creativa progettiamo KIT di post-it su misura, Made in Italy e di design italiano, insigniti del prestigioso premio europeo PGA Promotional Gift Award. \u2022 Concorso #Ossoduro \"Design di brand reminder da scrivania innovativi\" concepito per incoraggiare la creativit\u00e0 degli studenti di scuole secondarie di design e grafica. Annuale - Ed.7\u00b0 2024-2025. \u2022 Proramillenote \u00e8 produttore accreditato EUDAMED per la fornitura di DMClasse I \u2022 Proramillenote \u00e8 certificata FSC\u00ae Chain of custody.","email":"customercare@proramillenote.it","telephone":"+39 039616593","legalName":"Proramillenote Srl","foundingDate":"1972-01-01","vatID":"10323920966","taxID":"10323920966","numberOfEmployees":{"@type":"QuantitativeValue","minValue":"11","maxValue":"50"},"publishingPrinciples":"https:\/\/proramillenote.it\/politica-su-etica\/","ownershipFundingInfo":"https:\/\/proramillenote.it\/politica-su-etica\/","actionableFeedbackPolicy":"https:\/\/proramillenote.it\/politica-su-etica\/","correctionsPolicy":"https:\/\/proramillenote.it\/politica-su-etica\/","ethicsPolicy":"https:\/\/proramillenote.it\/politica-su-etica\/","diversityPolicy":"https:\/\/proramillenote.it\/politica-su-etica\/","diversityStaffingReport":"https:\/\/proramillenote.it\/politica-su-etica\/"}]},"product_brand":"Fabricant Proramillenote","og_availability":"instock","product_availability":"instock","product_retailer_item_id":"032","product_condition":"new"},"_links":{"self":[{"href":"https:\/\/proramillenote.it\/fr\/wp-json\/wp\/v2\/product\/16746","targetHints":{"allow":["GET"]}}],"collection":[{"href":"https:\/\/proramillenote.it\/fr\/wp-json\/wp\/v2\/product"}],"about":[{"href":"https:\/\/proramillenote.it\/fr\/wp-json\/wp\/v2\/types\/product"}],"version-history":[{"count":0,"href":"https:\/\/proramillenote.it\/fr\/wp-json\/wp\/v2\/product\/16746\/revisions"}],"wp:featuredmedia":[{"embeddable":true,"href":"https:\/\/proramillenote.it\/fr\/wp-json\/wp\/v2\/media\/16747"}],"wp:attachment":[{"href":"https:\/\/proramillenote.it\/fr\/wp-json\/wp\/v2\/media?parent=16746"}],"wp:term":[{"taxonomy":"product_brand","embeddable":true,"href":"https:\/\/proramillenote.it\/fr\/wp-json\/wp\/v2\/product_brand?post=16746"},{"taxonomy":"product_cat","embeddable":true,"href":"https:\/\/proramillenote.it\/fr\/wp-json\/wp\/v2\/product_cat?post=16746"},{"taxonomy":"product_tag","embeddable":true,"href":"https:\/\/proramillenote.it\/fr\/wp-json\/wp\/v2\/product_tag?post=16746"}],"curies":[{"name":"wp","href":"https:\/\/api.w.org\/{rel}","templated":true}]}}