{"id":17530,"date":"2015-12-04T09:37:35","date_gmt":"2015-12-04T08:37:35","guid":{"rendered":"https:\/\/staging.proramillenote.it\/gadget\/memotack-grande-formato-sku087\/"},"modified":"2025-11-20T12:56:22","modified_gmt":"2025-11-20T11:56:22","slug":"post-it-grand-format-maxi-sku-087","status":"publish","type":"product","link":"https:\/\/proramillenote.it\/fr\/post-it-grand-format-maxi-sku-087\/","title":{"rendered":"Post-it grand format MAXI"},"content":{"rendered":"<h2>Post-it grand format avec impression d&rsquo;image d&rsquo;entreprise<\/h2>\n<p>Avez-vous besoin de plus d&rsquo;espace pour votre logo ou message? Ne vous inqui\u00e9tez pas, nous produisons aussi des post-it extra! Ces grands post-it transmettent des messages plus complexes comme posologies, instructions d&rsquo;utilisation, manuels d&rsquo;utilisateur et mini catalogues. Sur les post-it maxi, il y a de l&rsquo;espace pour tout!<\/p>\n<h3><strong>Format standard pour post-it maxi:<\/strong><\/h3>\n<ul>\n<li>125 mm (c\u00f4t\u00e9 colle) \u00d7 100 feuilles<\/li>\n<li>150 mm (c\u00f4t\u00e9 colle) \u00d7 100 feuilles<\/li>\n<li>105 mm (c\u00f4t\u00e9 colle) \u00d7 150 feuilles<\/li>\n<li>206 mm (c\u00f4t\u00e9 colle) \u00d7 150 feuilles<\/li>\n<\/ul>\n<h3><strong>Personnalisation:<\/strong><\/h3>\n<ul>\n<li>Impression offset sur chaque feuille de 1 \u00e0 4 couleurs, possibilit\u00e9 d&rsquo;imprim\u00e9 sur le dos du bloc<\/li>\n<li>Optionnel: emballage individuel en film r\u00e9tractable<\/li>\n<\/ul>\n<h3><strong>Mat\u00e9riaux:<\/strong><\/h3>\n<ul>\n<li>Post-it &#8211; demandez le papier recycl\u00e9 ou FSC<sup>\u00ae<\/sup><\/li>\n<li>Encres \u00e0 base d&rsquo;eau<\/li>\n<li>Colle repositionnable \u00e0 base d&rsquo;eau<\/li>\n<li>Option de film r\u00e9tractable avec \u00e9tiquetage \u00e9cologique<\/li>\n<\/ul>\n<h6><strong>MOQ:<\/strong> 1000 pi\u00e8ces de 100 feuilles chacune.<\/h6>\n","protected":false},"excerpt":{"rendered":"<p>Post-it adh\u00e9sif grand format personnalis\u00e9 en quadri. Format standard : 125 mm \u00d7 100 mm, 150 mm \u00d7 100 mm, 105 mm \u00d7 150 mm, 206 mm \u00d7 150 mm. Format sur mesure disponibles sur demande. \u00c9galement disponible en papier recycl\u00e9 et FSC<sup>\u00ae<\/sup>.<\/p>\n","protected":false},"featured_media":17528,"template":"","meta":[],"product_brand":[5132],"product_cat":[639,168,322],"product_tag":[],"class_list":{"0":"post-17530","1":"product","2":"type-product","3":"status-publish","4":"has-post-thumbnail","6":"product_brand-produzione-proramillenote","7":"product_cat-costa-tra-1-e-2-euro","8":"product_cat-post-it","9":"product_cat-block-notes-adesivi-post-it-standard","10":"pa_formato-post-it-105-x-149","11":"pa_formato-post-it-125-x-100","12":"pa_formato-post-it-150-x-100","13":"pa_formato-post-it-206-x-150","14":"pa_num-col-stampa-fogli-post-it-fogli-stampa-2-colori","15":"pa_num-col-stampa-fogli-post-it-fogli-stampa-1-colore","16":"pa_num-col-stampa-fogli-post-it-fogli-stampa-3-colori","17":"pa_num-col-stampa-fogli-post-it-fogli-stampa-4-colori","18":"pa_num-col-stampa-fogli-post-it-fogli-stampa-quadricromia","19":"pa_numero-fogli-1582","20":"pa_numero-fogli-1583","21":"pa_numero-fogli-1581","22":"pa_tipo-di-carta-materiali-carta-adesiva-fsc","23":"pa_tipo-di-carta-materiali-carta-adesiva-riciclata","25":"first","26":"instock","27":"purchasable","28":"product-type-variable","29":"has-default-attributes"},"yoast_head":"<!-- This site is optimized with the Yoast SEO Premium plugin v27.3 (Yoast SEO v27.3) - https:\/\/yoast.com\/product\/yoast-seo-premium-wordpress\/ -->\n<title>Post-it grand format maxi avec impression d&#039;image d&#039;entreprise.<\/title>\n<meta name=\"description\" content=\"Post-it grand format maxi avec impression d&#039;image d&#039;entreprise en quadri. Gadget personnalis\u00e9, c&#039;est un gadget pour m\u00e9decins parfait pour chaque secteur.\" \/>\n<meta name=\"robots\" content=\"index, follow, max-snippet:-1, max-image-preview:large, max-video-preview:-1\" \/>\n<link rel=\"canonical\" href=\"https:\/\/proramillenote.it\/fr\/post-it-grand-format-maxi-sku-087\/\" \/>\n<meta property=\"og:locale\" content=\"fr_FR\" \/>\n<meta property=\"og:type\" content=\"article\" \/>\n<meta property=\"og:title\" content=\"Post-it grand format maxi avec impression d&#039;image d&#039;entreprise.\" \/>\n<meta property=\"og:description\" content=\"Post-it grand format maxi avec impression d&#039;image d&#039;entreprise en quadri. Gadget personnalis\u00e9, c&#039;est un gadget pour m\u00e9decins parfait pour chaque secteur.\" \/>\n<meta property=\"og:url\" content=\"https:\/\/proramillenote.it\/fr\/post-it-grand-format-maxi-sku-087\/\" \/>\n<meta property=\"og:site_name\" content=\"Gadgets d\u2019entreprise et post-it personnalis\u00e9s\" \/>\n<meta property=\"article:modified_time\" content=\"2025-11-20T11:56:22+00:00\" \/>\n<meta property=\"og:image\" content=\"https:\/\/proramillenote.it\/wp-content\/uploads\/2015\/12\/Memotack_adesivo_grande_formato_emirates-2.webp\" \/>\n\t<meta property=\"og:image:width\" content=\"600\" \/>\n\t<meta property=\"og:image:height\" content=\"600\" \/>\n\t<meta property=\"og:image:type\" content=\"image\/webp\" \/>\n<meta name=\"twitter:card\" content=\"summary_large_image\" \/>\n<script type=\"application\/ld+json\" class=\"yoast-schema-graph\">{\"@context\":\"https:\\\/\\\/schema.org\",\"@graph\":[{\"@type\":\"WebPage\",\"@id\":\"https:\\\/\\\/proramillenote.it\\\/fr\\\/post-it-grand-format-maxi-sku-087\\\/\",\"url\":\"https:\\\/\\\/proramillenote.it\\\/fr\\\/post-it-grand-format-maxi-sku-087\\\/\",\"name\":\"Post-it grand format maxi avec impression d'image d'entreprise.\",\"isPartOf\":{\"@id\":\"https:\\\/\\\/proramillenote.it\\\/fr\\\/#website\"},\"primaryImageOfPage\":{\"@id\":\"https:\\\/\\\/proramillenote.it\\\/fr\\\/post-it-grand-format-maxi-sku-087\\\/#primaryimage\"},\"image\":{\"@id\":\"https:\\\/\\\/proramillenote.it\\\/fr\\\/post-it-grand-format-maxi-sku-087\\\/#primaryimage\"},\"thumbnailUrl\":\"https:\\\/\\\/proramillenote.it\\\/wp-content\\\/uploads\\\/2015\\\/12\\\/Memotack_adesivo_grande_formato_emirates-2.webp?wsr\",\"datePublished\":\"2015-12-04T08:37:35+00:00\",\"dateModified\":\"2025-11-20T11:56:22+00:00\",\"description\":\"Post-it grand format maxi avec impression d'image d'entreprise en quadri. Gadget personnalis\u00e9, c'est un gadget pour m\u00e9decins parfait pour chaque secteur.\",\"breadcrumb\":{\"@id\":\"https:\\\/\\\/proramillenote.it\\\/fr\\\/post-it-grand-format-maxi-sku-087\\\/#breadcrumb\"},\"inLanguage\":\"fr-FR\",\"potentialAction\":[{\"@type\":\"ReadAction\",\"target\":[\"https:\\\/\\\/proramillenote.it\\\/fr\\\/post-it-grand-format-maxi-sku-087\\\/\"]}]},{\"@type\":\"ImageObject\",\"inLanguage\":\"fr-FR\",\"@id\":\"https:\\\/\\\/proramillenote.it\\\/fr\\\/post-it-grand-format-maxi-sku-087\\\/#primaryimage\",\"url\":\"https:\\\/\\\/proramillenote.it\\\/wp-content\\\/uploads\\\/2015\\\/12\\\/Memotack_adesivo_grande_formato_emirates-2.webp?wsr\",\"contentUrl\":\"https:\\\/\\\/proramillenote.it\\\/wp-content\\\/uploads\\\/2015\\\/12\\\/Memotack_adesivo_grande_formato_emirates-2.webp?wsr\",\"width\":600,\"height\":600,\"caption\":\"Blocs-notes adh\u00e9sives grand format subj Emirates\"},{\"@type\":\"BreadcrumbList\",\"@id\":\"https:\\\/\\\/proramillenote.it\\\/fr\\\/post-it-grand-format-maxi-sku-087\\\/#breadcrumb\",\"itemListElement\":[{\"@type\":\"ListItem\",\"position\":1,\"name\":\"Proramillenote\",\"item\":\"https:\\\/\\\/proramillenote.it\\\/fr\\\/\"},{\"@type\":\"ListItem\",\"position\":2,\"name\":\"Post-it grand format MAXI\"}]},{\"@type\":\"WebSite\",\"@id\":\"https:\\\/\\\/proramillenote.it\\\/fr\\\/#website\",\"url\":\"https:\\\/\\\/proramillenote.it\\\/fr\\\/\",\"name\":\"Proramillenote gadget aziendali e post-it personalizzati\",\"description\":\"Post-it personalizzati, block notes con logo e gadget aziendali per il marketing B2B. Specialisti in gadget promozionali per medici e aziende farmaceutiche.\",\"publisher\":{\"@id\":\"https:\\\/\\\/proramillenote.it\\\/fr\\\/#organization\"},\"alternateName\":\"Proramillenote\",\"potentialAction\":[{\"@type\":\"SearchAction\",\"target\":{\"@type\":\"EntryPoint\",\"urlTemplate\":\"https:\\\/\\\/proramillenote.it\\\/fr\\\/?s={search_term_string}\"},\"query-input\":{\"@type\":\"PropertyValueSpecification\",\"valueRequired\":true,\"valueName\":\"search_term_string\"}}],\"inLanguage\":\"fr-FR\"},{\"@type\":\"Organization\",\"@id\":\"https:\\\/\\\/proramillenote.it\\\/fr\\\/#organization\",\"name\":\"Proramillenote gadgets d\u2019entreprise et post-it personnalis\u00e9s\",\"alternateName\":\"Proramillenote\",\"url\":\"https:\\\/\\\/proramillenote.it\\\/fr\\\/\",\"logo\":{\"@type\":\"ImageObject\",\"inLanguage\":\"fr-FR\",\"@id\":\"https:\\\/\\\/proramillenote.it\\\/fr\\\/#\\\/schema\\\/logo\\\/image\\\/\",\"url\":\"https:\\\/\\\/proramillenote.it\\\/wp-content\\\/uploads\\\/papercube800.png?wsr\",\"contentUrl\":\"https:\\\/\\\/proramillenote.it\\\/wp-content\\\/uploads\\\/papercube800.png?wsr\",\"width\":800,\"height\":800,\"caption\":\"Proramillenote gadgets d\u2019entreprise et post-it personnalis\u00e9s\"},\"image\":{\"@id\":\"https:\\\/\\\/proramillenote.it\\\/fr\\\/#\\\/schema\\\/logo\\\/image\\\/\"},\"description\":\"\u2022 Specialista in produzione e commercio di gadget per medici e gadget per veterinari personalizzati. \u2022 Produzione di gadget aziendali per qualsiasi settore merceologico dal 1975. \u2022 Produttore di post-it personalizzati, post-it sagomati e cubi di carta personalizzati in stampa digitale oppure offset. Produttore di block-notes con logo. \u2022 Con cartotecnica creativa progettiamo KIT di post-it su misura, Made in Italy e di design italiano, insigniti del prestigioso premio europeo PGA Promotional Gift Award. \u2022 Concorso #Ossoduro \\\"Design di brand reminder da scrivania innovativi\\\" concepito per incoraggiare la creativit\u00e0 degli studenti di scuole secondarie di design e grafica. Annuale - Ed.7\u00b0 2024-2025. \u2022 Proramillenote \u00e8 produttore accreditato EUDAMED per la fornitura di DMClasse I \u2022 Proramillenote \u00e8 certificata FSC\u00ae Chain of custody.\",\"email\":\"customercare@proramillenote.it\",\"telephone\":\"+39 039616593\",\"legalName\":\"Proramillenote Srl\",\"foundingDate\":\"1972-01-01\",\"vatID\":\"10323920966\",\"taxID\":\"10323920966\",\"numberOfEmployees\":{\"@type\":\"QuantitativeValue\",\"minValue\":\"11\",\"maxValue\":\"50\"},\"publishingPrinciples\":\"https:\\\/\\\/proramillenote.it\\\/politica-su-etica\\\/\",\"ownershipFundingInfo\":\"https:\\\/\\\/proramillenote.it\\\/politica-su-etica\\\/\",\"actionableFeedbackPolicy\":\"https:\\\/\\\/proramillenote.it\\\/politica-su-etica\\\/\",\"correctionsPolicy\":\"https:\\\/\\\/proramillenote.it\\\/politica-su-etica\\\/\",\"ethicsPolicy\":\"https:\\\/\\\/proramillenote.it\\\/politica-su-etica\\\/\",\"diversityPolicy\":\"https:\\\/\\\/proramillenote.it\\\/politica-su-etica\\\/\",\"diversityStaffingReport\":\"https:\\\/\\\/proramillenote.it\\\/politica-su-etica\\\/\"}]}<\/script>\n<meta property=\"product:brand\" content=\"Proramillenote\" \/>\n<meta property=\"og:availability\" content=\"instock\" \/>\n<meta property=\"product:availability\" content=\"instock\" \/>\n<meta property=\"product:retailer_item_id\" content=\"087\" \/>\n<meta property=\"product:condition\" content=\"new\" \/>\n<!-- \/ Yoast SEO Premium plugin. -->","yoast_head_json":{"title":"Post-it grand format maxi avec impression d'image d'entreprise.","description":"Post-it grand format maxi avec impression d'image d'entreprise en quadri. Gadget personnalis\u00e9, c'est un gadget pour m\u00e9decins parfait pour chaque secteur.","robots":{"index":"index","follow":"follow","max-snippet":"max-snippet:-1","max-image-preview":"max-image-preview:large","max-video-preview":"max-video-preview:-1"},"canonical":"https:\/\/proramillenote.it\/fr\/post-it-grand-format-maxi-sku-087\/","og_locale":"fr_FR","og_type":"article","og_title":"Post-it grand format maxi avec impression d'image d'entreprise.","og_description":"Post-it grand format maxi avec impression d'image d'entreprise en quadri. Gadget personnalis\u00e9, c'est un gadget pour m\u00e9decins parfait pour chaque secteur.","og_url":"https:\/\/proramillenote.it\/fr\/post-it-grand-format-maxi-sku-087\/","og_site_name":"Gadgets d\u2019entreprise et post-it personnalis\u00e9s","article_modified_time":"2025-11-20T11:56:22+00:00","og_image":[{"width":600,"height":600,"url":"https:\/\/proramillenote.it\/wp-content\/uploads\/2015\/12\/Memotack_adesivo_grande_formato_emirates-2.webp","type":"image\/webp"}],"twitter_card":"summary_large_image","schema":{"@context":"https:\/\/schema.org","@graph":[{"@type":"WebPage","@id":"https:\/\/proramillenote.it\/fr\/post-it-grand-format-maxi-sku-087\/","url":"https:\/\/proramillenote.it\/fr\/post-it-grand-format-maxi-sku-087\/","name":"Post-it grand format maxi avec impression d'image d'entreprise.","isPartOf":{"@id":"https:\/\/proramillenote.it\/fr\/#website"},"primaryImageOfPage":{"@id":"https:\/\/proramillenote.it\/fr\/post-it-grand-format-maxi-sku-087\/#primaryimage"},"image":{"@id":"https:\/\/proramillenote.it\/fr\/post-it-grand-format-maxi-sku-087\/#primaryimage"},"thumbnailUrl":"https:\/\/proramillenote.it\/wp-content\/uploads\/2015\/12\/Memotack_adesivo_grande_formato_emirates-2.webp?wsr","datePublished":"2015-12-04T08:37:35+00:00","dateModified":"2025-11-20T11:56:22+00:00","description":"Post-it grand format maxi avec impression d'image d'entreprise en quadri. Gadget personnalis\u00e9, c'est un gadget pour m\u00e9decins parfait pour chaque secteur.","breadcrumb":{"@id":"https:\/\/proramillenote.it\/fr\/post-it-grand-format-maxi-sku-087\/#breadcrumb"},"inLanguage":"fr-FR","potentialAction":[{"@type":"ReadAction","target":["https:\/\/proramillenote.it\/fr\/post-it-grand-format-maxi-sku-087\/"]}]},{"@type":"ImageObject","inLanguage":"fr-FR","@id":"https:\/\/proramillenote.it\/fr\/post-it-grand-format-maxi-sku-087\/#primaryimage","url":"https:\/\/proramillenote.it\/wp-content\/uploads\/2015\/12\/Memotack_adesivo_grande_formato_emirates-2.webp?wsr","contentUrl":"https:\/\/proramillenote.it\/wp-content\/uploads\/2015\/12\/Memotack_adesivo_grande_formato_emirates-2.webp?wsr","width":600,"height":600,"caption":"Blocs-notes adh\u00e9sives grand format subj Emirates"},{"@type":"BreadcrumbList","@id":"https:\/\/proramillenote.it\/fr\/post-it-grand-format-maxi-sku-087\/#breadcrumb","itemListElement":[{"@type":"ListItem","position":1,"name":"Proramillenote","item":"https:\/\/proramillenote.it\/fr\/"},{"@type":"ListItem","position":2,"name":"Post-it grand format MAXI"}]},{"@type":"WebSite","@id":"https:\/\/proramillenote.it\/fr\/#website","url":"https:\/\/proramillenote.it\/fr\/","name":"Proramillenote gadget aziendali e post-it personalizzati","description":"Post-it personalizzati, block notes con logo e gadget aziendali per il marketing B2B. Specialisti in gadget promozionali per medici e aziende farmaceutiche.","publisher":{"@id":"https:\/\/proramillenote.it\/fr\/#organization"},"alternateName":"Proramillenote","potentialAction":[{"@type":"SearchAction","target":{"@type":"EntryPoint","urlTemplate":"https:\/\/proramillenote.it\/fr\/?s={search_term_string}"},"query-input":{"@type":"PropertyValueSpecification","valueRequired":true,"valueName":"search_term_string"}}],"inLanguage":"fr-FR"},{"@type":"Organization","@id":"https:\/\/proramillenote.it\/fr\/#organization","name":"Proramillenote gadgets d\u2019entreprise et post-it personnalis\u00e9s","alternateName":"Proramillenote","url":"https:\/\/proramillenote.it\/fr\/","logo":{"@type":"ImageObject","inLanguage":"fr-FR","@id":"https:\/\/proramillenote.it\/fr\/#\/schema\/logo\/image\/","url":"https:\/\/proramillenote.it\/wp-content\/uploads\/papercube800.png?wsr","contentUrl":"https:\/\/proramillenote.it\/wp-content\/uploads\/papercube800.png?wsr","width":800,"height":800,"caption":"Proramillenote gadgets d\u2019entreprise et post-it personnalis\u00e9s"},"image":{"@id":"https:\/\/proramillenote.it\/fr\/#\/schema\/logo\/image\/"},"description":"\u2022 Specialista in produzione e commercio di gadget per medici e gadget per veterinari personalizzati. \u2022 Produzione di gadget aziendali per qualsiasi settore merceologico dal 1975. \u2022 Produttore di post-it personalizzati, post-it sagomati e cubi di carta personalizzati in stampa digitale oppure offset. Produttore di block-notes con logo. \u2022 Con cartotecnica creativa progettiamo KIT di post-it su misura, Made in Italy e di design italiano, insigniti del prestigioso premio europeo PGA Promotional Gift Award. \u2022 Concorso #Ossoduro \"Design di brand reminder da scrivania innovativi\" concepito per incoraggiare la creativit\u00e0 degli studenti di scuole secondarie di design e grafica. Annuale - Ed.7\u00b0 2024-2025. \u2022 Proramillenote \u00e8 produttore accreditato EUDAMED per la fornitura di DMClasse I \u2022 Proramillenote \u00e8 certificata FSC\u00ae Chain of custody.","email":"customercare@proramillenote.it","telephone":"+39 039616593","legalName":"Proramillenote Srl","foundingDate":"1972-01-01","vatID":"10323920966","taxID":"10323920966","numberOfEmployees":{"@type":"QuantitativeValue","minValue":"11","maxValue":"50"},"publishingPrinciples":"https:\/\/proramillenote.it\/politica-su-etica\/","ownershipFundingInfo":"https:\/\/proramillenote.it\/politica-su-etica\/","actionableFeedbackPolicy":"https:\/\/proramillenote.it\/politica-su-etica\/","correctionsPolicy":"https:\/\/proramillenote.it\/politica-su-etica\/","ethicsPolicy":"https:\/\/proramillenote.it\/politica-su-etica\/","diversityPolicy":"https:\/\/proramillenote.it\/politica-su-etica\/","diversityStaffingReport":"https:\/\/proramillenote.it\/politica-su-etica\/"}]},"product_brand":"Proramillenote","og_availability":"instock","product_availability":"instock","product_retailer_item_id":"087","product_condition":"new"},"_links":{"self":[{"href":"https:\/\/proramillenote.it\/fr\/wp-json\/wp\/v2\/product\/17530","targetHints":{"allow":["GET"]}}],"collection":[{"href":"https:\/\/proramillenote.it\/fr\/wp-json\/wp\/v2\/product"}],"about":[{"href":"https:\/\/proramillenote.it\/fr\/wp-json\/wp\/v2\/types\/product"}],"version-history":[{"count":0,"href":"https:\/\/proramillenote.it\/fr\/wp-json\/wp\/v2\/product\/17530\/revisions"}],"wp:featuredmedia":[{"embeddable":true,"href":"https:\/\/proramillenote.it\/fr\/wp-json\/wp\/v2\/media\/17528"}],"wp:attachment":[{"href":"https:\/\/proramillenote.it\/fr\/wp-json\/wp\/v2\/media?parent=17530"}],"wp:term":[{"taxonomy":"product_brand","embeddable":true,"href":"https:\/\/proramillenote.it\/fr\/wp-json\/wp\/v2\/product_brand?post=17530"},{"taxonomy":"product_cat","embeddable":true,"href":"https:\/\/proramillenote.it\/fr\/wp-json\/wp\/v2\/product_cat?post=17530"},{"taxonomy":"product_tag","embeddable":true,"href":"https:\/\/proramillenote.it\/fr\/wp-json\/wp\/v2\/product_tag?post=17530"}],"curies":[{"name":"wp","href":"https:\/\/api.w.org\/{rel}","templated":true}]}}