{"id":18555,"date":"2022-07-26T10:11:57","date_gmt":"2022-07-26T08:11:57","guid":{"rendered":"https:\/\/staging.proramillenote.it\/gadget\/meet-2-post-it-con-copertina-crowner-pop-up\/"},"modified":"2025-12-30T12:46:22","modified_gmt":"2025-12-30T11:46:22","slug":"meet-2-post-its-avec-couverture-cartonnee-et-couronne-pop-up","status":"publish","type":"product","link":"https:\/\/proramillenote.it\/fr\/meet-2-post-its-avec-couverture-cartonnee-et-couronne-pop-up\/","title":{"rendered":"Meet 2 post-it avec couverture pop-up"},"content":{"rendered":"<p>Meet est un nouveau rappel de marque sur mesure. Meet se compose de <strong>2 post-it avec couverture pop-up\u00a0<\/strong>en carton plastifi\u00e9.<br \/>\nL&rsquo;ouverture du couvercle soul\u00e8ve une couronne pop-up double face qui \u00e9tend la zone de personnalisation.<br \/>\nPersonnalisez la couverture avec votre message et l&rsquo;image de la publicit\u00e9.<br \/>\nMeet est une solution parfaite pour la publicit\u00e9 multimarque.<\/p>\n<p><em><strong>Meet,<br \/>\nand advertising meets design<\/strong><\/em><\/p>\n<p><img decoding=\"async\" class=\"alignnone wp-image-18545\" src=\"https:\/\/proramillenote.it\/wp-content\/uploads\/MEET-LOGO-CMYK-109C-PURPLEC.png\" alt=\"Meet logo\" width=\"103\" height=\"65\" srcset=\"https:\/\/proramillenote.it\/wp-content\/uploads\/MEET-LOGO-CMYK-109C-PURPLEC.png 600w, https:\/\/proramillenote.it\/wp-content\/uploads\/MEET-LOGO-CMYK-109C-PURPLEC-300x189.png 300w\" sizes=\"(max-width: 103px) 100vw, 103px\" \/><\/p>\n<p><a href=\"https:\/\/youtu.be\/mLTQmgFHUdI\">Video Meet<\/a><\/p>\n<blockquote><p><strong>PROMOTIONAL GIFT AWARD 2023<\/strong><br \/>\nLe mod\u00e8le Meet s&rsquo;est class\u00e9 PREMIER DANS LA <a href=\"https:\/\/proramillenote.it\/en\/promotional-gift-award-2023-en\/\">CAT\u00c9GORIE PRODUITS DE COMMUNICATION<\/a> au Promotional Gift Award 2023, un prix d\u00e9cern\u00e9 par la maison d&rsquo;\u00e9dition WA Media \u00e0 Cologne depuis plus de 20 ans.<\/p><\/blockquote>\n<blockquote><p><strong>PREMIER PRIX DU CONCOURS #OSSODURO ED. 4 PREMI\u00c8RE PLACE<br \/>\nMeet<\/strong> a \u00e9t\u00e9 con\u00e7u par<strong> Pavel Nobili<\/strong> et a remport\u00e9 la<strong> premi\u00e8re place<\/strong> au concours #Ossoduro pour la conception de gadgets de bureau innovants, organis\u00e9 chaque ann\u00e9e scolaire par Proramillenote et destin\u00e9 aux \u00e9tudiants des cours sup\u00e9rieurs de graphisme publicitaire.<br \/>\nTous droits r\u00e9serv\u00e9s \u00e0 Proramillenote srl<br \/>\n<strong><br \/>\nMeet by Proramillenote: cr\u00e9ativit\u00e9 italienne, production italienne, confiance dans les jeunes!<br \/>\n<\/strong><\/p><\/blockquote>\n<p><strong>COUVERTURE EN CARTON<\/strong><br \/>\nCouverture carton 305 gr\/m2<br \/>\nPersonnalisation: impression num\u00e9rique<br \/>\nTaille: 50x50x15mm<\/p>\n<p><strong>2 POST-IT (CARR\u00c9)<\/strong><br \/>\nPapier collant blanc 75&#215;75 mm<br \/>\n50 feuilles de post-it<br \/>\nPersonnalis\u00e9 de 1 \u00e0 4 couleurs<\/p>\n<p><strong>Thermosoud\u00e9e<\/strong><\/p>\n<p><strong>Copyright Proramillenote<\/strong><\/p>\n<h6>Quantit\u00e9 minimale: 500 pi\u00e8ces<\/h6>\n<p>Connaissez-vous toutes les <a href=\"&quot;https:\/\/proramillenote.it\/fr\/produit-tag-fr\/meet-post-it-personnalises\/\"> variations de Meet?<\/a><\/p>\n<p><iframe title=\"Meet Box it\" src=\"https:\/\/www.youtube.com\/embed\/mLTQmgFHUdI?rel=0\" width=\"560\" height=\"400\" frameborder=\"0\" allowfullscreen=\"allowfullscreen\"><\/iframe><\/p>\n","protected":false},"excerpt":{"rendered":"<p>Meet: 2 post-its carr\u00e9s 75x75mm 50 feuilles chacune, couverture cartonn\u00e9e 50x50x15mm. Personnalisation de 1 \u00e0 4 couleurs<\/p>\n","protected":false},"featured_media":85667,"template":"","meta":[],"product_brand":[5138],"product_cat":[692,5195,659,5235,653,646,658,654],"product_tag":[3331,5346,1823,5142],"class_list":{"0":"post-18555","1":"product","2":"type-product","3":"status-publish","4":"has-post-thumbnail","6":"product_brand-fabricant-proramillenote","7":"product_cat-bureau-du-medecin-gadget-personnalise","8":"product_cat-cout-entre-1-et-2-euros","9":"product_cat-bloc-notes-combines-dans-un-etui-en-carton-sur-mesure","10":"product_cat-livraison-en-4-semaines","11":"product_cat-post-it-personnalisable-avec-couverture","12":"product_cat-post-it-personnalises","13":"product_cat-post-it-combines-dans-le-meme-etui","14":"product_cat-post-it-notes-avec-couverture-en-carton-personnalise","15":"product_tag-cotes-en-forme","16":"product_tag-meet-post-it-personnalises-ok","17":"product_tag-multibrand","18":"product_tag-ossoduro-proramillenote-fr","19":"pa_formato-post-it-75x75-fr","20":"pa_numero-fogli-50-fr","22":"first","23":"instock","24":"shipping-taxable","25":"purchasable","26":"product-type-variable","27":"has-default-attributes"},"yoast_head":"<!-- This site is optimized with the Yoast SEO Premium plugin v27.2 (Yoast SEO v27.2) - https:\/\/yoast.com\/product\/yoast-seo-premium-wordpress\/ -->\n<title>2 post-it avec couverture pop-up<\/title>\n<meta name=\"description\" content=\"2 post-it avec couverture pop-up: 50\u00d775 mm 50 feuilles chacune, couverture cartonn\u00e9e. Dimensions ferm\u00e9e: 75x50x30 mm. Personnalisation de 1 \u00e0 4 couleurs\" \/>\n<meta name=\"robots\" content=\"index, follow, max-snippet:-1, max-image-preview:large, max-video-preview:-1\" \/>\n<link rel=\"canonical\" href=\"https:\/\/proramillenote.it\/fr\/meet-2-post-its-avec-couverture-cartonnee-et-couronne-pop-up\/\" \/>\n<meta property=\"og:locale\" content=\"fr_FR\" \/>\n<meta property=\"og:type\" content=\"article\" \/>\n<meta property=\"og:title\" content=\"2 post-it avec couverture pop-up\" \/>\n<meta property=\"og:description\" content=\"2 post-it avec couverture pop-up: 50\u00d775 mm 50 feuilles chacune, couverture cartonn\u00e9e. Dimensions ferm\u00e9e: 75x50x30 mm. Personnalisation de 1 \u00e0 4 couleurs\" \/>\n<meta property=\"og:url\" content=\"https:\/\/proramillenote.it\/fr\/meet-2-post-its-avec-couverture-cartonnee-et-couronne-pop-up\/\" \/>\n<meta property=\"og:site_name\" content=\"Gadget aziendali e post-it personalizzati\" \/>\n<meta property=\"article:modified_time\" content=\"2025-12-30T11:46:22+00:00\" \/>\n<meta property=\"og:image\" content=\"https:\/\/proramillenote.it\/wp-content\/uploads\/Meet_italfarmaco_Euglycem.jpg?wsr\" \/>\n\t<meta property=\"og:image:width\" content=\"600\" \/>\n\t<meta property=\"og:image:height\" content=\"600\" \/>\n\t<meta property=\"og:image:type\" content=\"image\/jpeg\" \/>\n<meta name=\"twitter:card\" content=\"summary_large_image\" \/>\n<meta name=\"twitter:image\" content=\"https:\/\/proramillenote.it\/wp-content\/uploads\/pittogramma-proramillenote-favicon.png?wsr\" \/>\n<script type=\"application\/ld+json\" class=\"yoast-schema-graph\">{\"@context\":\"https:\/\/schema.org\",\"@graph\":[{\"@type\":\"WebPage\",\"@id\":\"https:\/\/proramillenote.it\/fr\/meet-2-post-its-avec-couverture-cartonnee-et-couronne-pop-up\/\",\"url\":\"https:\/\/proramillenote.it\/fr\/meet-2-post-its-avec-couverture-cartonnee-et-couronne-pop-up\/\",\"name\":\"2 post-it avec couverture pop-up\",\"isPartOf\":{\"@id\":\"https:\/\/proramillenote.it\/fr\/#website\"},\"primaryImageOfPage\":{\"@id\":\"https:\/\/proramillenote.it\/fr\/meet-2-post-its-avec-couverture-cartonnee-et-couronne-pop-up\/#primaryimage\"},\"image\":{\"@id\":\"https:\/\/proramillenote.it\/fr\/meet-2-post-its-avec-couverture-cartonnee-et-couronne-pop-up\/#primaryimage\"},\"thumbnailUrl\":\"https:\/\/proramillenote.it\/wp-content\/uploads\/Meet_italfarmaco_Euglycem.jpg?wsr\",\"datePublished\":\"2022-07-26T08:11:57+00:00\",\"dateModified\":\"2025-12-30T11:46:22+00:00\",\"description\":\"2 post-it avec couverture pop-up: 50\u00d775 mm 50 feuilles chacune, couverture cartonn\u00e9e. Dimensions ferm\u00e9e: 75x50x30 mm. Personnalisation de 1 \u00e0 4 couleurs\",\"breadcrumb\":{\"@id\":\"https:\/\/proramillenote.it\/fr\/meet-2-post-its-avec-couverture-cartonnee-et-couronne-pop-up\/#breadcrumb\"},\"inLanguage\":\"fr-FR\",\"potentialAction\":[{\"@type\":\"ReadAction\",\"target\":[\"https:\/\/proramillenote.it\/fr\/meet-2-post-its-avec-couverture-cartonnee-et-couronne-pop-up\/\"]}]},{\"@type\":\"ImageObject\",\"inLanguage\":\"fr-FR\",\"@id\":\"https:\/\/proramillenote.it\/fr\/meet-2-post-its-avec-couverture-cartonnee-et-couronne-pop-up\/#primaryimage\",\"url\":\"https:\/\/proramillenote.it\/wp-content\/uploads\/Meet_italfarmaco_Euglycem.jpg?wsr\",\"contentUrl\":\"https:\/\/proramillenote.it\/wp-content\/uploads\/Meet_italfarmaco_Euglycem.jpg?wsr\",\"width\":600,\"height\":600,\"caption\":\"Meet italfarmaco Euglycem\"},{\"@type\":\"BreadcrumbList\",\"@id\":\"https:\/\/proramillenote.it\/fr\/meet-2-post-its-avec-couverture-cartonnee-et-couronne-pop-up\/#breadcrumb\",\"itemListElement\":[{\"@type\":\"ListItem\",\"position\":1,\"name\":\"Proramillenote\",\"item\":\"https:\/\/proramillenote.it\/fr\/\"},{\"@type\":\"ListItem\",\"position\":2,\"name\":\"Meet 2 post-it avec couverture pop-up\"}]},{\"@type\":\"WebSite\",\"@id\":\"https:\/\/proramillenote.it\/fr\/#website\",\"url\":\"https:\/\/proramillenote.it\/fr\/\",\"name\":\"Proramillenote gadget aziendali e post-it personalizzati\",\"description\":\"Post-it personalizzati, block notes con logo e gadget aziendali per il marketing B2B. Specialisti in gadget promozionali per medici e aziende farmaceutiche.\",\"publisher\":{\"@id\":\"https:\/\/proramillenote.it\/fr\/#organization\"},\"alternateName\":\"Proramillenote\",\"potentialAction\":[{\"@type\":\"SearchAction\",\"target\":{\"@type\":\"EntryPoint\",\"urlTemplate\":\"https:\/\/proramillenote.it\/fr\/?s={search_term_string}\"},\"query-input\":{\"@type\":\"PropertyValueSpecification\",\"valueRequired\":true,\"valueName\":\"search_term_string\"}}],\"inLanguage\":\"fr-FR\"},{\"@type\":\"Organization\",\"@id\":\"https:\/\/proramillenote.it\/fr\/#organization\",\"name\":\"Proramillenote gadget aziendali e post-it personalizzati\",\"alternateName\":\"Proramillenote\",\"url\":\"https:\/\/proramillenote.it\/fr\/\",\"logo\":{\"@type\":\"ImageObject\",\"inLanguage\":\"fr-FR\",\"@id\":\"https:\/\/proramillenote.it\/fr\/#\/schema\/logo\/image\/\",\"url\":\"https:\/\/proramillenote.it\/wp-content\/uploads\/papercube800.png?wsr\",\"contentUrl\":\"https:\/\/proramillenote.it\/wp-content\/uploads\/papercube800.png?wsr\",\"width\":800,\"height\":800,\"caption\":\"Proramillenote gadget aziendali e post-it personalizzati\"},\"image\":{\"@id\":\"https:\/\/proramillenote.it\/fr\/#\/schema\/logo\/image\/\"},\"description\":\"\u2022 Specialista in produzione e commercio di gadget per medici e gadget per veterinari personalizzati. \u2022 Produzione di gadget aziendali per qualsiasi settore merceologico dal 1975. \u2022 Produttore di post-it personalizzati, post-it sagomati e cubi di carta personalizzati in stampa digitale oppure offset. Produttore di block-notes con logo. \u2022 Con cartotecnica creativa progettiamo KIT di post-it su misura, Made in Italy e di design italiano, insigniti del prestigioso premio europeo PGA Promotional Gift Award. \u2022 Concorso #Ossoduro \\\"Design di brand reminder da scrivania innovativi\\\" concepito per incoraggiare la creativit\u00e0 degli studenti di scuole secondarie di design e grafica. Annuale - Ed.7\u00b0 2024-2025. \u2022 Proramillenote \u00e8 produttore accreditato EUDAMED per la fornitura di DMClasse I \u2022 Proramillenote \u00e8 certificata FSC\u00ae Chain of custody.\",\"email\":\"customercare@proramillenote.it\",\"telephone\":\"+39 039616593\",\"legalName\":\"Proramillenote Srl\",\"foundingDate\":\"1972-01-01\",\"vatID\":\"10323920966\",\"taxID\":\"10323920966\",\"numberOfEmployees\":{\"@type\":\"QuantitativeValue\",\"minValue\":\"11\",\"maxValue\":\"50\"},\"publishingPrinciples\":\"https:\/\/proramillenote.it\/politica-su-etica\/\",\"ownershipFundingInfo\":\"https:\/\/proramillenote.it\/politica-su-etica\/\",\"actionableFeedbackPolicy\":\"https:\/\/proramillenote.it\/politica-su-etica\/\",\"correctionsPolicy\":\"https:\/\/proramillenote.it\/politica-su-etica\/\",\"ethicsPolicy\":\"https:\/\/proramillenote.it\/politica-su-etica\/\",\"diversityPolicy\":\"https:\/\/proramillenote.it\/politica-su-etica\/\",\"diversityStaffingReport\":\"https:\/\/proramillenote.it\/politica-su-etica\/\"}]}<\/script>\n<meta property=\"product:brand\" content=\"Fabricant Proramillenote\" \/>\n<meta property=\"og:availability\" content=\"instock\" \/>\n<meta property=\"product:availability\" content=\"instock\" \/>\n<meta property=\"product:retailer_item_id\" content=\"686\" \/>\n<meta property=\"product:condition\" content=\"new\" \/>\n<!-- \/ Yoast SEO Premium plugin. -->","yoast_head_json":{"title":"2 post-it avec couverture pop-up","description":"2 post-it avec couverture pop-up: 50\u00d775 mm 50 feuilles chacune, couverture cartonn\u00e9e. Dimensions ferm\u00e9e: 75x50x30 mm. Personnalisation de 1 \u00e0 4 couleurs","robots":{"index":"index","follow":"follow","max-snippet":"max-snippet:-1","max-image-preview":"max-image-preview:large","max-video-preview":"max-video-preview:-1"},"canonical":"https:\/\/proramillenote.it\/fr\/meet-2-post-its-avec-couverture-cartonnee-et-couronne-pop-up\/","og_locale":"fr_FR","og_type":"article","og_title":"2 post-it avec couverture pop-up","og_description":"2 post-it avec couverture pop-up: 50\u00d775 mm 50 feuilles chacune, couverture cartonn\u00e9e. Dimensions ferm\u00e9e: 75x50x30 mm. Personnalisation de 1 \u00e0 4 couleurs","og_url":"https:\/\/proramillenote.it\/fr\/meet-2-post-its-avec-couverture-cartonnee-et-couronne-pop-up\/","og_site_name":"Gadget aziendali e post-it personalizzati","article_modified_time":"2025-12-30T11:46:22+00:00","og_image":[{"width":600,"height":600,"url":"https:\/\/proramillenote.it\/wp-content\/uploads\/Meet_italfarmaco_Euglycem.jpg?wsr","type":"image\/jpeg"}],"twitter_card":"summary_large_image","twitter_image":"https:\/\/proramillenote.it\/wp-content\/uploads\/pittogramma-proramillenote-favicon.png?wsr","schema":{"@context":"https:\/\/schema.org","@graph":[{"@type":"WebPage","@id":"https:\/\/proramillenote.it\/fr\/meet-2-post-its-avec-couverture-cartonnee-et-couronne-pop-up\/","url":"https:\/\/proramillenote.it\/fr\/meet-2-post-its-avec-couverture-cartonnee-et-couronne-pop-up\/","name":"2 post-it avec couverture pop-up","isPartOf":{"@id":"https:\/\/proramillenote.it\/fr\/#website"},"primaryImageOfPage":{"@id":"https:\/\/proramillenote.it\/fr\/meet-2-post-its-avec-couverture-cartonnee-et-couronne-pop-up\/#primaryimage"},"image":{"@id":"https:\/\/proramillenote.it\/fr\/meet-2-post-its-avec-couverture-cartonnee-et-couronne-pop-up\/#primaryimage"},"thumbnailUrl":"https:\/\/proramillenote.it\/wp-content\/uploads\/Meet_italfarmaco_Euglycem.jpg?wsr","datePublished":"2022-07-26T08:11:57+00:00","dateModified":"2025-12-30T11:46:22+00:00","description":"2 post-it avec couverture pop-up: 50\u00d775 mm 50 feuilles chacune, couverture cartonn\u00e9e. Dimensions ferm\u00e9e: 75x50x30 mm. Personnalisation de 1 \u00e0 4 couleurs","breadcrumb":{"@id":"https:\/\/proramillenote.it\/fr\/meet-2-post-its-avec-couverture-cartonnee-et-couronne-pop-up\/#breadcrumb"},"inLanguage":"fr-FR","potentialAction":[{"@type":"ReadAction","target":["https:\/\/proramillenote.it\/fr\/meet-2-post-its-avec-couverture-cartonnee-et-couronne-pop-up\/"]}]},{"@type":"ImageObject","inLanguage":"fr-FR","@id":"https:\/\/proramillenote.it\/fr\/meet-2-post-its-avec-couverture-cartonnee-et-couronne-pop-up\/#primaryimage","url":"https:\/\/proramillenote.it\/wp-content\/uploads\/Meet_italfarmaco_Euglycem.jpg?wsr","contentUrl":"https:\/\/proramillenote.it\/wp-content\/uploads\/Meet_italfarmaco_Euglycem.jpg?wsr","width":600,"height":600,"caption":"Meet italfarmaco Euglycem"},{"@type":"BreadcrumbList","@id":"https:\/\/proramillenote.it\/fr\/meet-2-post-its-avec-couverture-cartonnee-et-couronne-pop-up\/#breadcrumb","itemListElement":[{"@type":"ListItem","position":1,"name":"Proramillenote","item":"https:\/\/proramillenote.it\/fr\/"},{"@type":"ListItem","position":2,"name":"Meet 2 post-it avec couverture pop-up"}]},{"@type":"WebSite","@id":"https:\/\/proramillenote.it\/fr\/#website","url":"https:\/\/proramillenote.it\/fr\/","name":"Proramillenote gadget aziendali e post-it personalizzati","description":"Post-it personalizzati, block notes con logo e gadget aziendali per il marketing B2B. Specialisti in gadget promozionali per medici e aziende farmaceutiche.","publisher":{"@id":"https:\/\/proramillenote.it\/fr\/#organization"},"alternateName":"Proramillenote","potentialAction":[{"@type":"SearchAction","target":{"@type":"EntryPoint","urlTemplate":"https:\/\/proramillenote.it\/fr\/?s={search_term_string}"},"query-input":{"@type":"PropertyValueSpecification","valueRequired":true,"valueName":"search_term_string"}}],"inLanguage":"fr-FR"},{"@type":"Organization","@id":"https:\/\/proramillenote.it\/fr\/#organization","name":"Proramillenote gadget aziendali e post-it personalizzati","alternateName":"Proramillenote","url":"https:\/\/proramillenote.it\/fr\/","logo":{"@type":"ImageObject","inLanguage":"fr-FR","@id":"https:\/\/proramillenote.it\/fr\/#\/schema\/logo\/image\/","url":"https:\/\/proramillenote.it\/wp-content\/uploads\/papercube800.png?wsr","contentUrl":"https:\/\/proramillenote.it\/wp-content\/uploads\/papercube800.png?wsr","width":800,"height":800,"caption":"Proramillenote gadget aziendali e post-it personalizzati"},"image":{"@id":"https:\/\/proramillenote.it\/fr\/#\/schema\/logo\/image\/"},"description":"\u2022 Specialista in produzione e commercio di gadget per medici e gadget per veterinari personalizzati. \u2022 Produzione di gadget aziendali per qualsiasi settore merceologico dal 1975. \u2022 Produttore di post-it personalizzati, post-it sagomati e cubi di carta personalizzati in stampa digitale oppure offset. Produttore di block-notes con logo. \u2022 Con cartotecnica creativa progettiamo KIT di post-it su misura, Made in Italy e di design italiano, insigniti del prestigioso premio europeo PGA Promotional Gift Award. \u2022 Concorso #Ossoduro \"Design di brand reminder da scrivania innovativi\" concepito per incoraggiare la creativit\u00e0 degli studenti di scuole secondarie di design e grafica. Annuale - Ed.7\u00b0 2024-2025. \u2022 Proramillenote \u00e8 produttore accreditato EUDAMED per la fornitura di DMClasse I \u2022 Proramillenote \u00e8 certificata FSC\u00ae Chain of custody.","email":"customercare@proramillenote.it","telephone":"+39 039616593","legalName":"Proramillenote Srl","foundingDate":"1972-01-01","vatID":"10323920966","taxID":"10323920966","numberOfEmployees":{"@type":"QuantitativeValue","minValue":"11","maxValue":"50"},"publishingPrinciples":"https:\/\/proramillenote.it\/politica-su-etica\/","ownershipFundingInfo":"https:\/\/proramillenote.it\/politica-su-etica\/","actionableFeedbackPolicy":"https:\/\/proramillenote.it\/politica-su-etica\/","correctionsPolicy":"https:\/\/proramillenote.it\/politica-su-etica\/","ethicsPolicy":"https:\/\/proramillenote.it\/politica-su-etica\/","diversityPolicy":"https:\/\/proramillenote.it\/politica-su-etica\/","diversityStaffingReport":"https:\/\/proramillenote.it\/politica-su-etica\/"}]},"product_brand":"Fabricant Proramillenote","og_availability":"instock","product_availability":"instock","product_retailer_item_id":"686","product_condition":"new"},"_links":{"self":[{"href":"https:\/\/proramillenote.it\/fr\/wp-json\/wp\/v2\/product\/18555","targetHints":{"allow":["GET"]}}],"collection":[{"href":"https:\/\/proramillenote.it\/fr\/wp-json\/wp\/v2\/product"}],"about":[{"href":"https:\/\/proramillenote.it\/fr\/wp-json\/wp\/v2\/types\/product"}],"version-history":[{"count":1,"href":"https:\/\/proramillenote.it\/fr\/wp-json\/wp\/v2\/product\/18555\/revisions"}],"predecessor-version":[{"id":89007,"href":"https:\/\/proramillenote.it\/fr\/wp-json\/wp\/v2\/product\/18555\/revisions\/89007"}],"wp:featuredmedia":[{"embeddable":true,"href":"https:\/\/proramillenote.it\/fr\/wp-json\/wp\/v2\/media\/85667"}],"wp:attachment":[{"href":"https:\/\/proramillenote.it\/fr\/wp-json\/wp\/v2\/media?parent=18555"}],"wp:term":[{"taxonomy":"product_brand","embeddable":true,"href":"https:\/\/proramillenote.it\/fr\/wp-json\/wp\/v2\/product_brand?post=18555"},{"taxonomy":"product_cat","embeddable":true,"href":"https:\/\/proramillenote.it\/fr\/wp-json\/wp\/v2\/product_cat?post=18555"},{"taxonomy":"product_tag","embeddable":true,"href":"https:\/\/proramillenote.it\/fr\/wp-json\/wp\/v2\/product_tag?post=18555"}],"curies":[{"name":"wp","href":"https:\/\/api.w.org\/{rel}","templated":true}]}}