{"id":18620,"date":"2022-07-26T13:34:16","date_gmt":"2022-07-26T11:34:16","guid":{"rendered":"https:\/\/staging.proramillenote.it\/gadget\/meet-box-2-post-it-ed-astuccio-imitazione-prodotto-sku687\/"},"modified":"2025-12-30T12:46:20","modified_gmt":"2025-12-30T11:46:20","slug":"meet-box-2-post-it-avec-etui-en-carton-replique-de-produit-sur-mesure-sku-687","status":"publish","type":"product","link":"https:\/\/proramillenote.it\/fr\/meet-box-2-post-it-avec-etui-en-carton-replique-de-produit-sur-mesure-sku-687\/","title":{"rendered":"Meet Box 2-post-it avec etui"},"content":{"rendered":"<p><strong>Meet Box 2-post-it avec etui<\/strong> est un tout nouveau mod\u00e8le d&rsquo;objet promotionnel compos\u00e9 de <strong>2 post-it<\/strong> contenus dans un<strong> \u00e9tui personnalis\u00e9<\/strong> \u00e0 l&rsquo;imitation du produit.<br \/>\nLa couverture, en carton plastifi\u00e9, en plus de prot\u00e9ger 2 post-its offre une large zone de personnalisation sur laquelle imprimer le graphisme avec la publicit\u00e9 du m\u00e9dicament ou du produit.<br \/>\nL&rsquo;ouverture du couvercle r\u00e9v\u00e8le les 2 post-its et soul\u00e8ve l&#8217;emballage du produit avec un effet waouh.<br \/>\n<strong>Tous droits r\u00e9serv\u00e9s \u00e0 Proramillenote<sup>\u00ae<\/sup>\u00a0<\/strong><\/p>\n<p><strong><em>Meet Box<br \/>\nand advertising meets design<\/em><\/strong><\/p>\n<p><img decoding=\"async\" class=\"alignnone wp-image-18596\" src=\"https:\/\/proramillenote.it\/wp-content\/uploads\/MEETBOX-LOGO-CMYK-109C-PURPLEC.png\" alt=\"MEETBOX-LOGO\" width=\"248\" height=\"123\" \/><\/p>\n<p><a href=\"https:\/\/youtu.be\/uL1FrhaB1QE\">Video Meet Box<\/a><\/p>\n<blockquote><p><strong>PROMOTIONAL GIFT AWARD 2023<\/strong><br \/>\nLe mod\u00e8le MeetBox s&rsquo;est class\u00e9 PREMIER DANS LA <a href=\"https:\/\/proramillenote.it\/en\/promotional-gift-award-2023-en\/\">CAT\u00c9GORIE PRODUITS DE COMMUNICATION<\/a> au Promotional Gift Award 2023, un prix d\u00e9cern\u00e9 par la maison d&rsquo;\u00e9dition WA Media \u00e0 Cologne depuis plus de 20 ans.<\/p><\/blockquote>\n<blockquote><p><strong>PREMIER PRIX DU CONCOURS #OSSODURO ED. 4 PREMI\u00c8RE PLACE<br \/>\nMeetBox<\/strong> a \u00e9t\u00e9 con\u00e7u par<strong> Pavel Nobili<\/strong> et a remport\u00e9 la<strong> premi\u00e8re place<\/strong> au concours #Ossoduro pour la conception de gadgets de bureau innovants, organis\u00e9 chaque ann\u00e9e scolaire par Proramillenote et destin\u00e9 aux \u00e9tudiants des cours sup\u00e9rieurs de graphisme publicitaire.<br \/>\n<strong>Tous droits r\u00e9serv\u00e9s \u00e0 Proramillenote<sup>\u00ae<\/sup>\u00a0<\/strong><\/p>\n<p><strong>Proramillenote<sup>\u00ae<\/sup>: cr\u00e9ativit\u00e9 italienne, production italienne, confiance dans les jeunes!<\/strong><\/p><\/blockquote>\n<p><strong><span style=\"color: #ff6600;\">\u00c9TUI EN CARTON:<\/span><\/strong><br \/>\n\u2022 \u00c9tui en carton 305 g\/m2<br \/>\n\u2022 Personnalis\u00e9 en impression num\u00e9rique<br \/>\n\u2022 Dimensions ferm\u00e9: 77x55x34 mm<br \/>\n\u2022 \u00c9tui: 80x 53&#215;21 mm<\/p>\n<p><span style=\"color: #ff6600;\"><strong>2 POST-IT<\/strong><\/span><br \/>\n\u2022 Papier adh\u00e9sif blanc ou jaune mm 75&#215;52 (c\u00f4t\u00e9 colle)<br \/>\n\u2022 50 feuilles chacune<br \/>\n\u2022 Personnalis\u00e9 de 1 \u00e0 4 couleurs<\/p>\n<p><strong>EMBALLAGE<\/strong>: Emballage protecteur sous film r\u00e9tractable<\/p>\n<h6>MOQ: 500 pi\u00e8ces<\/h6>\n<p><strong>Tous droits r\u00e9serv\u00e9s \u00e0 Proramillenote<sup>\u00ae<\/sup><br \/>\nDemandez les autres matrices disponibles<\/strong><\/p>\n<p>Connaissez-vous toutes les <a href=\"&quot;https:\/\/proramillenote.it\/fr\/produit-tag-fr\/meet-post-it-personnalises\/\"> variations de Meet?<\/a><\/p>\n<p><iframe title=\"Meet Box FR\" src=\"https:\/\/www.youtube.com\/embed\/tJnK289ENoo?rel=0\" width=\"720\" height=\"405\" frameborder=\"0\" allowfullscreen=\"allowfullscreen\"><\/iframe><\/p>\n","protected":false},"excerpt":{"rendered":"<p>Meet Box standard: format ferm\u00e9 77x55x33 mm, double post-it 75&#215;52 mm (face adh\u00e9sive) de 50 feuilles chacun et \u00e9tui imitant le m\u00e9dicament 80x53x21 mm, personnalisation en quadrichromie<\/p>\n","protected":false},"featured_media":29882,"template":"","meta":[],"product_brand":[],"product_cat":[132,128,418,636,308,96,118,258,168,342,414],"product_tag":[5185,5343,5141],"class_list":{"0":"post-18620","1":"product","2":"type-product","3":"status-publish","4":"has-post-thumbnail","6":"product_cat-gadget-medici-veterinari-pharma-adv","7":"product_cat-scrivania-del-medico-gadget-medici-pharma","8":"product_cat-post-it-combinati-con-copertina-in-cartoncino-personalizzati","9":"product_cat-combinati-allestimenti-speciali","10":"product_cat-imitazione-prodotto-gadget-medici-pharma","11":"product_cat-novita-sul-sito","12":"product_cat-pharma-adv-gadget-medici-pharma-veterinaria","13":"product_cat-block-notes-adesivi-post-it-con-copertina","14":"product_cat-post-it","15":"product_cat-block-notes-adesivi-combinati-personalizzati","16":"product_cat-block-notes-adesivi-post-it-con-copertina-in-cartoncino","17":"product_tag-post-it-crowner","18":"product_tag-meet-post-it-personalizzati","19":"product_tag-ossoduro-proramillenote-it","20":"pa_num-col-stampa-fogli-post-it-fogli-stampa-0-colore","22":"pa_stampa-copertina-numero-col-copertina-stampa-quadricromia","25":"first","26":"instock","27":"shipping-taxable","28":"purchasable","29":"product-type-variable","30":"has-default-attributes"},"yoast_head":"<!-- This site is optimized with the Yoast SEO Premium plugin v27.3 (Yoast SEO v27.3) - https:\/\/yoast.com\/product\/yoast-seo-premium-wordpress\/ -->\n<title>Meet Box 2-post-it avec etui<\/title>\n<meta name=\"description\" content=\"Meet Box 2 post-it 50\u00d775 mm 50 feuilles, \u00e9tui en carton, dimensions ferm\u00e9e: 75x50x30 mm. R\u00e9plique de produit sur mesure. Personnalisation de 1 \u00e0 4 couleurs\" \/>\n<meta name=\"robots\" content=\"index, follow, max-snippet:-1, max-image-preview:large, max-video-preview:-1\" \/>\n<link rel=\"canonical\" href=\"https:\/\/proramillenote.it\/fr\/meet-box-2-post-it-avec-etui-en-carton-replique-de-produit-sur-mesure-sku-687\/\" \/>\n<meta property=\"og:locale\" content=\"fr_FR\" \/>\n<meta property=\"og:type\" content=\"article\" \/>\n<meta property=\"og:title\" content=\"Meet Box 2-post-it avec etui\" \/>\n<meta property=\"og:description\" content=\"Meet Box 2 post-it 50\u00d775 mm 50 feuilles, \u00e9tui en carton, dimensions ferm\u00e9e: 75x50x30 mm. R\u00e9plique de produit sur mesure. Personnalisation de 1 \u00e0 4 couleurs\" \/>\n<meta property=\"og:url\" content=\"https:\/\/proramillenote.it\/fr\/meet-box-2-post-it-avec-etui-en-carton-replique-de-produit-sur-mesure-sku-687\/\" \/>\n<meta property=\"og:site_name\" content=\"Gadgets d\u2019entreprise et post-it personnalis\u00e9s\" \/>\n<meta property=\"article:modified_time\" content=\"2025-12-30T11:46:20+00:00\" \/>\n<meta property=\"og:image\" content=\"https:\/\/proramillenote.it\/wp-content\/uploads\/Meetbox-Aperto-PGA-FR1.webp?wsr\" \/>\n\t<meta property=\"og:image:width\" content=\"600\" \/>\n\t<meta property=\"og:image:height\" content=\"600\" \/>\n\t<meta property=\"og:image:type\" content=\"image\/webp\" \/>\n<meta name=\"twitter:card\" content=\"summary_large_image\" \/>\n<meta name=\"twitter:image\" content=\"https:\/\/proramillenote.it\/wp-content\/uploads\/pittogramma-proramillenote-favicon.png?wsr\" \/>\n<script type=\"application\/ld+json\" class=\"yoast-schema-graph\">{\"@context\":\"https:\\\/\\\/schema.org\",\"@graph\":[{\"@type\":\"WebPage\",\"@id\":\"https:\\\/\\\/proramillenote.it\\\/fr\\\/meet-box-2-post-it-avec-etui-en-carton-replique-de-produit-sur-mesure-sku-687\\\/\",\"url\":\"https:\\\/\\\/proramillenote.it\\\/fr\\\/meet-box-2-post-it-avec-etui-en-carton-replique-de-produit-sur-mesure-sku-687\\\/\",\"name\":\"Meet Box 2-post-it avec etui\",\"isPartOf\":{\"@id\":\"https:\\\/\\\/proramillenote.it\\\/fr\\\/#website\"},\"primaryImageOfPage\":{\"@id\":\"https:\\\/\\\/proramillenote.it\\\/fr\\\/meet-box-2-post-it-avec-etui-en-carton-replique-de-produit-sur-mesure-sku-687\\\/#primaryimage\"},\"image\":{\"@id\":\"https:\\\/\\\/proramillenote.it\\\/fr\\\/meet-box-2-post-it-avec-etui-en-carton-replique-de-produit-sur-mesure-sku-687\\\/#primaryimage\"},\"thumbnailUrl\":\"https:\\\/\\\/proramillenote.it\\\/wp-content\\\/uploads\\\/Meetbox-Aperto-PGA-FR1.webp?wsr\",\"datePublished\":\"2022-07-26T11:34:16+00:00\",\"dateModified\":\"2025-12-30T11:46:20+00:00\",\"description\":\"Meet Box 2 post-it 50\u00d775 mm 50 feuilles, \u00e9tui en carton, dimensions ferm\u00e9e: 75x50x30 mm. R\u00e9plique de produit sur mesure. Personnalisation de 1 \u00e0 4 couleurs\",\"breadcrumb\":{\"@id\":\"https:\\\/\\\/proramillenote.it\\\/fr\\\/meet-box-2-post-it-avec-etui-en-carton-replique-de-produit-sur-mesure-sku-687\\\/#breadcrumb\"},\"inLanguage\":\"fr-FR\",\"potentialAction\":[{\"@type\":\"ReadAction\",\"target\":[\"https:\\\/\\\/proramillenote.it\\\/fr\\\/meet-box-2-post-it-avec-etui-en-carton-replique-de-produit-sur-mesure-sku-687\\\/\"]}]},{\"@type\":\"ImageObject\",\"inLanguage\":\"fr-FR\",\"@id\":\"https:\\\/\\\/proramillenote.it\\\/fr\\\/meet-box-2-post-it-avec-etui-en-carton-replique-de-produit-sur-mesure-sku-687\\\/#primaryimage\",\"url\":\"https:\\\/\\\/proramillenote.it\\\/wp-content\\\/uploads\\\/Meetbox-Aperto-PGA-FR1.webp?wsr\",\"contentUrl\":\"https:\\\/\\\/proramillenote.it\\\/wp-content\\\/uploads\\\/Meetbox-Aperto-PGA-FR1.webp?wsr\",\"width\":600,\"height\":600,\"caption\":\"Meet Box est un tout nouveau mod\u00e8le d'objet promotionnel compos\u00e9 de 2 post-it contenus dans un \u00e9tui personnalis\u00e9 \u00e0 l'imitation du produit.\"},{\"@type\":\"BreadcrumbList\",\"@id\":\"https:\\\/\\\/proramillenote.it\\\/fr\\\/meet-box-2-post-it-avec-etui-en-carton-replique-de-produit-sur-mesure-sku-687\\\/#breadcrumb\",\"itemListElement\":[{\"@type\":\"ListItem\",\"position\":1,\"name\":\"Proramillenote\",\"item\":\"https:\\\/\\\/proramillenote.it\\\/fr\\\/\"},{\"@type\":\"ListItem\",\"position\":2,\"name\":\"Meet Box 2-post-it avec etui\"}]},{\"@type\":\"WebSite\",\"@id\":\"https:\\\/\\\/proramillenote.it\\\/fr\\\/#website\",\"url\":\"https:\\\/\\\/proramillenote.it\\\/fr\\\/\",\"name\":\"Proramillenote gadget aziendali e post-it personalizzati\",\"description\":\"Post-it personalizzati, block notes con logo e gadget aziendali per il marketing B2B. Specialisti in gadget promozionali per medici e aziende farmaceutiche.\",\"publisher\":{\"@id\":\"https:\\\/\\\/proramillenote.it\\\/fr\\\/#organization\"},\"alternateName\":\"Proramillenote\",\"potentialAction\":[{\"@type\":\"SearchAction\",\"target\":{\"@type\":\"EntryPoint\",\"urlTemplate\":\"https:\\\/\\\/proramillenote.it\\\/fr\\\/?s={search_term_string}\"},\"query-input\":{\"@type\":\"PropertyValueSpecification\",\"valueRequired\":true,\"valueName\":\"search_term_string\"}}],\"inLanguage\":\"fr-FR\"},{\"@type\":\"Organization\",\"@id\":\"https:\\\/\\\/proramillenote.it\\\/fr\\\/#organization\",\"name\":\"Proramillenote gadgets d\u2019entreprise et post-it personnalis\u00e9s\",\"alternateName\":\"Proramillenote\",\"url\":\"https:\\\/\\\/proramillenote.it\\\/fr\\\/\",\"logo\":{\"@type\":\"ImageObject\",\"inLanguage\":\"fr-FR\",\"@id\":\"https:\\\/\\\/proramillenote.it\\\/fr\\\/#\\\/schema\\\/logo\\\/image\\\/\",\"url\":\"https:\\\/\\\/proramillenote.it\\\/wp-content\\\/uploads\\\/papercube800.png?wsr\",\"contentUrl\":\"https:\\\/\\\/proramillenote.it\\\/wp-content\\\/uploads\\\/papercube800.png?wsr\",\"width\":800,\"height\":800,\"caption\":\"Proramillenote gadgets d\u2019entreprise et post-it personnalis\u00e9s\"},\"image\":{\"@id\":\"https:\\\/\\\/proramillenote.it\\\/fr\\\/#\\\/schema\\\/logo\\\/image\\\/\"},\"description\":\"\u2022 Specialista in produzione e commercio di gadget per medici e gadget per veterinari personalizzati. \u2022 Produzione di gadget aziendali per qualsiasi settore merceologico dal 1975. \u2022 Produttore di post-it personalizzati, post-it sagomati e cubi di carta personalizzati in stampa digitale oppure offset. Produttore di block-notes con logo. \u2022 Con cartotecnica creativa progettiamo KIT di post-it su misura, Made in Italy e di design italiano, insigniti del prestigioso premio europeo PGA Promotional Gift Award. \u2022 Concorso #Ossoduro \\\"Design di brand reminder da scrivania innovativi\\\" concepito per incoraggiare la creativit\u00e0 degli studenti di scuole secondarie di design e grafica. Annuale - Ed.7\u00b0 2024-2025. \u2022 Proramillenote \u00e8 produttore accreditato EUDAMED per la fornitura di DMClasse I \u2022 Proramillenote \u00e8 certificata FSC\u00ae Chain of custody.\",\"email\":\"customercare@proramillenote.it\",\"telephone\":\"+39 039616593\",\"legalName\":\"Proramillenote Srl\",\"foundingDate\":\"1972-01-01\",\"vatID\":\"10323920966\",\"taxID\":\"10323920966\",\"numberOfEmployees\":{\"@type\":\"QuantitativeValue\",\"minValue\":\"11\",\"maxValue\":\"50\"},\"publishingPrinciples\":\"https:\\\/\\\/proramillenote.it\\\/politica-su-etica\\\/\",\"ownershipFundingInfo\":\"https:\\\/\\\/proramillenote.it\\\/politica-su-etica\\\/\",\"actionableFeedbackPolicy\":\"https:\\\/\\\/proramillenote.it\\\/politica-su-etica\\\/\",\"correctionsPolicy\":\"https:\\\/\\\/proramillenote.it\\\/politica-su-etica\\\/\",\"ethicsPolicy\":\"https:\\\/\\\/proramillenote.it\\\/politica-su-etica\\\/\",\"diversityPolicy\":\"https:\\\/\\\/proramillenote.it\\\/politica-su-etica\\\/\",\"diversityStaffingReport\":\"https:\\\/\\\/proramillenote.it\\\/politica-su-etica\\\/\"}]}<\/script>\n<meta property=\"og:availability\" content=\"instock\" \/>\n<meta property=\"product:availability\" content=\"instock\" \/>\n<meta property=\"product:retailer_item_id\" content=\"687\" \/>\n<meta property=\"product:condition\" content=\"new\" \/>\n<!-- \/ Yoast SEO Premium plugin. -->","yoast_head_json":{"title":"Meet Box 2-post-it avec etui","description":"Meet Box 2 post-it 50\u00d775 mm 50 feuilles, \u00e9tui en carton, dimensions ferm\u00e9e: 75x50x30 mm. R\u00e9plique de produit sur mesure. Personnalisation de 1 \u00e0 4 couleurs","robots":{"index":"index","follow":"follow","max-snippet":"max-snippet:-1","max-image-preview":"max-image-preview:large","max-video-preview":"max-video-preview:-1"},"canonical":"https:\/\/proramillenote.it\/fr\/meet-box-2-post-it-avec-etui-en-carton-replique-de-produit-sur-mesure-sku-687\/","og_locale":"fr_FR","og_type":"article","og_title":"Meet Box 2-post-it avec etui","og_description":"Meet Box 2 post-it 50\u00d775 mm 50 feuilles, \u00e9tui en carton, dimensions ferm\u00e9e: 75x50x30 mm. R\u00e9plique de produit sur mesure. Personnalisation de 1 \u00e0 4 couleurs","og_url":"https:\/\/proramillenote.it\/fr\/meet-box-2-post-it-avec-etui-en-carton-replique-de-produit-sur-mesure-sku-687\/","og_site_name":"Gadgets d\u2019entreprise et post-it personnalis\u00e9s","article_modified_time":"2025-12-30T11:46:20+00:00","og_image":[{"width":600,"height":600,"url":"https:\/\/proramillenote.it\/wp-content\/uploads\/Meetbox-Aperto-PGA-FR1.webp?wsr","type":"image\/webp"}],"twitter_card":"summary_large_image","twitter_image":"https:\/\/proramillenote.it\/wp-content\/uploads\/pittogramma-proramillenote-favicon.png?wsr","schema":{"@context":"https:\/\/schema.org","@graph":[{"@type":"WebPage","@id":"https:\/\/proramillenote.it\/fr\/meet-box-2-post-it-avec-etui-en-carton-replique-de-produit-sur-mesure-sku-687\/","url":"https:\/\/proramillenote.it\/fr\/meet-box-2-post-it-avec-etui-en-carton-replique-de-produit-sur-mesure-sku-687\/","name":"Meet Box 2-post-it avec etui","isPartOf":{"@id":"https:\/\/proramillenote.it\/fr\/#website"},"primaryImageOfPage":{"@id":"https:\/\/proramillenote.it\/fr\/meet-box-2-post-it-avec-etui-en-carton-replique-de-produit-sur-mesure-sku-687\/#primaryimage"},"image":{"@id":"https:\/\/proramillenote.it\/fr\/meet-box-2-post-it-avec-etui-en-carton-replique-de-produit-sur-mesure-sku-687\/#primaryimage"},"thumbnailUrl":"https:\/\/proramillenote.it\/wp-content\/uploads\/Meetbox-Aperto-PGA-FR1.webp?wsr","datePublished":"2022-07-26T11:34:16+00:00","dateModified":"2025-12-30T11:46:20+00:00","description":"Meet Box 2 post-it 50\u00d775 mm 50 feuilles, \u00e9tui en carton, dimensions ferm\u00e9e: 75x50x30 mm. R\u00e9plique de produit sur mesure. Personnalisation de 1 \u00e0 4 couleurs","breadcrumb":{"@id":"https:\/\/proramillenote.it\/fr\/meet-box-2-post-it-avec-etui-en-carton-replique-de-produit-sur-mesure-sku-687\/#breadcrumb"},"inLanguage":"fr-FR","potentialAction":[{"@type":"ReadAction","target":["https:\/\/proramillenote.it\/fr\/meet-box-2-post-it-avec-etui-en-carton-replique-de-produit-sur-mesure-sku-687\/"]}]},{"@type":"ImageObject","inLanguage":"fr-FR","@id":"https:\/\/proramillenote.it\/fr\/meet-box-2-post-it-avec-etui-en-carton-replique-de-produit-sur-mesure-sku-687\/#primaryimage","url":"https:\/\/proramillenote.it\/wp-content\/uploads\/Meetbox-Aperto-PGA-FR1.webp?wsr","contentUrl":"https:\/\/proramillenote.it\/wp-content\/uploads\/Meetbox-Aperto-PGA-FR1.webp?wsr","width":600,"height":600,"caption":"Meet Box est un tout nouveau mod\u00e8le d'objet promotionnel compos\u00e9 de 2 post-it contenus dans un \u00e9tui personnalis\u00e9 \u00e0 l'imitation du produit."},{"@type":"BreadcrumbList","@id":"https:\/\/proramillenote.it\/fr\/meet-box-2-post-it-avec-etui-en-carton-replique-de-produit-sur-mesure-sku-687\/#breadcrumb","itemListElement":[{"@type":"ListItem","position":1,"name":"Proramillenote","item":"https:\/\/proramillenote.it\/fr\/"},{"@type":"ListItem","position":2,"name":"Meet Box 2-post-it avec etui"}]},{"@type":"WebSite","@id":"https:\/\/proramillenote.it\/fr\/#website","url":"https:\/\/proramillenote.it\/fr\/","name":"Proramillenote gadget aziendali e post-it personalizzati","description":"Post-it personalizzati, block notes con logo e gadget aziendali per il marketing B2B. Specialisti in gadget promozionali per medici e aziende farmaceutiche.","publisher":{"@id":"https:\/\/proramillenote.it\/fr\/#organization"},"alternateName":"Proramillenote","potentialAction":[{"@type":"SearchAction","target":{"@type":"EntryPoint","urlTemplate":"https:\/\/proramillenote.it\/fr\/?s={search_term_string}"},"query-input":{"@type":"PropertyValueSpecification","valueRequired":true,"valueName":"search_term_string"}}],"inLanguage":"fr-FR"},{"@type":"Organization","@id":"https:\/\/proramillenote.it\/fr\/#organization","name":"Proramillenote gadgets d\u2019entreprise et post-it personnalis\u00e9s","alternateName":"Proramillenote","url":"https:\/\/proramillenote.it\/fr\/","logo":{"@type":"ImageObject","inLanguage":"fr-FR","@id":"https:\/\/proramillenote.it\/fr\/#\/schema\/logo\/image\/","url":"https:\/\/proramillenote.it\/wp-content\/uploads\/papercube800.png?wsr","contentUrl":"https:\/\/proramillenote.it\/wp-content\/uploads\/papercube800.png?wsr","width":800,"height":800,"caption":"Proramillenote gadgets d\u2019entreprise et post-it personnalis\u00e9s"},"image":{"@id":"https:\/\/proramillenote.it\/fr\/#\/schema\/logo\/image\/"},"description":"\u2022 Specialista in produzione e commercio di gadget per medici e gadget per veterinari personalizzati. \u2022 Produzione di gadget aziendali per qualsiasi settore merceologico dal 1975. \u2022 Produttore di post-it personalizzati, post-it sagomati e cubi di carta personalizzati in stampa digitale oppure offset. Produttore di block-notes con logo. \u2022 Con cartotecnica creativa progettiamo KIT di post-it su misura, Made in Italy e di design italiano, insigniti del prestigioso premio europeo PGA Promotional Gift Award. \u2022 Concorso #Ossoduro \"Design di brand reminder da scrivania innovativi\" concepito per incoraggiare la creativit\u00e0 degli studenti di scuole secondarie di design e grafica. Annuale - Ed.7\u00b0 2024-2025. \u2022 Proramillenote \u00e8 produttore accreditato EUDAMED per la fornitura di DMClasse I \u2022 Proramillenote \u00e8 certificata FSC\u00ae Chain of custody.","email":"customercare@proramillenote.it","telephone":"+39 039616593","legalName":"Proramillenote Srl","foundingDate":"1972-01-01","vatID":"10323920966","taxID":"10323920966","numberOfEmployees":{"@type":"QuantitativeValue","minValue":"11","maxValue":"50"},"publishingPrinciples":"https:\/\/proramillenote.it\/politica-su-etica\/","ownershipFundingInfo":"https:\/\/proramillenote.it\/politica-su-etica\/","actionableFeedbackPolicy":"https:\/\/proramillenote.it\/politica-su-etica\/","correctionsPolicy":"https:\/\/proramillenote.it\/politica-su-etica\/","ethicsPolicy":"https:\/\/proramillenote.it\/politica-su-etica\/","diversityPolicy":"https:\/\/proramillenote.it\/politica-su-etica\/","diversityStaffingReport":"https:\/\/proramillenote.it\/politica-su-etica\/"}]},"og_availability":"instock","product_availability":"instock","product_retailer_item_id":"687","product_condition":"new"},"_links":{"self":[{"href":"https:\/\/proramillenote.it\/fr\/wp-json\/wp\/v2\/product\/18620","targetHints":{"allow":["GET"]}}],"collection":[{"href":"https:\/\/proramillenote.it\/fr\/wp-json\/wp\/v2\/product"}],"about":[{"href":"https:\/\/proramillenote.it\/fr\/wp-json\/wp\/v2\/types\/product"}],"version-history":[{"count":1,"href":"https:\/\/proramillenote.it\/fr\/wp-json\/wp\/v2\/product\/18620\/revisions"}],"predecessor-version":[{"id":89006,"href":"https:\/\/proramillenote.it\/fr\/wp-json\/wp\/v2\/product\/18620\/revisions\/89006"}],"wp:featuredmedia":[{"embeddable":true,"href":"https:\/\/proramillenote.it\/fr\/wp-json\/wp\/v2\/media\/29882"}],"wp:attachment":[{"href":"https:\/\/proramillenote.it\/fr\/wp-json\/wp\/v2\/media?parent=18620"}],"wp:term":[{"taxonomy":"product_brand","embeddable":true,"href":"https:\/\/proramillenote.it\/fr\/wp-json\/wp\/v2\/product_brand?post=18620"},{"taxonomy":"product_cat","embeddable":true,"href":"https:\/\/proramillenote.it\/fr\/wp-json\/wp\/v2\/product_cat?post=18620"},{"taxonomy":"product_tag","embeddable":true,"href":"https:\/\/proramillenote.it\/fr\/wp-json\/wp\/v2\/product_tag?post=18620"}],"curies":[{"name":"wp","href":"https:\/\/api.w.org\/{rel}","templated":true}]}}