{"id":25121,"date":"2022-12-02T13:47:23","date_gmt":"2022-12-02T12:47:23","guid":{"rendered":"https:\/\/proramillenote.it\/prodotti\/blocco-uni-a4-sku-711\/"},"modified":"2024-07-15T11:42:48","modified_gmt":"2024-07-15T09:42:48","slug":"bloc-notes-a4-uni-sku-711","status":"publish","type":"product","link":"https:\/\/proramillenote.it\/fr\/bloc-notes-a4-uni-sku-711\/","title":{"rendered":"Bloc-notes UNI A4"},"content":{"rendered":"<p>Bloc-notes A4 UNI format mm 210 x 297 compos\u00e9 de diff\u00e9rentes quantit\u00e9s de feuilles de papier blanc artisanal de 80 g\/m2<\/p>\n","protected":false},"excerpt":{"rendered":"<p>Blocs-notes standard UNI A4, promotionnels personnalis\u00e9s avec logo ou image d&rsquo;entreprise <\/p>\n","protected":false},"featured_media":90275,"template":"","meta":[],"product_brand":[5132],"product_cat":[665,640,94,639,637],"product_tag":[],"class_list":{"0":"post-25121","1":"product","2":"type-product","3":"status-publish","4":"has-post-thumbnail","6":"product_brand-produzione-proramillenote","7":"product_cat-block-notes-formato-uni-a5-a4-a3-personalizzati","8":"product_cat-costa-meno-di-1-euro","9":"product_cat-block-notes-personalizzati","10":"product_cat-costa-tra-1-e-2-euro","11":"product_cat-consegna-4-settimane","12":"pa_numero-fogli-1582","13":"pa_numero-fogli-1580","14":"pa_numero-fogli-1581","15":"pa_stampa-fogli-carta-usomano-0-col-carta-um","16":"pa_stampa-fogli-carta-usomano-1-col-carta-um","17":"pa_stampa-fogli-carta-usomano-2-col-carta-um","18":"pa_stampa-fogli-carta-usomano-3-col-carta-um","19":"pa_stampa-fogli-carta-usomano-4-col-carta-um","20":"pa_stampa-fogli-carta-usomano-quadri-carta-um","22":"first","23":"instock","24":"shipping-taxable","25":"purchasable","26":"product-type-variable","27":"has-default-attributes"},"yoast_head":"<!-- This site is optimized with the Yoast SEO Premium plugin v27.2 (Yoast SEO v27.2) - https:\/\/yoast.com\/product\/yoast-seo-premium-wordpress\/ -->\n<title>Bloc-notes UNI A4<\/title>\n<meta name=\"description\" content=\"Bloc-notes UNI A4 | Gadget personalizzato| Produttore\" \/>\n<meta name=\"robots\" content=\"index, follow, max-snippet:-1, max-image-preview:large, max-video-preview:-1\" \/>\n<link rel=\"canonical\" href=\"https:\/\/proramillenote.it\/fr\/bloc-notes-a4-uni-sku-711\/\" \/>\n<meta property=\"og:locale\" content=\"fr_FR\" \/>\n<meta property=\"og:type\" content=\"article\" \/>\n<meta property=\"og:title\" content=\"Bloc-notes UNI A4\" \/>\n<meta property=\"og:description\" content=\"Bloc-notes UNI A4 | Gadget personalizzato| Produttore\" \/>\n<meta property=\"og:url\" content=\"https:\/\/proramillenote.it\/fr\/bloc-notes-a4-uni-sku-711\/\" \/>\n<meta property=\"og:site_name\" content=\"Gadget aziendali e post-it personalizzati\" \/>\n<meta property=\"article:modified_time\" content=\"2024-07-15T09:42:48+00:00\" \/>\n<meta property=\"og:image\" content=\"https:\/\/proramillenote.it\/wp-content\/uploads\/2015\/05\/blocco-a4-personalizzato-e1656051188605.webp\" \/>\n\t<meta property=\"og:image:width\" content=\"600\" \/>\n\t<meta property=\"og:image:height\" content=\"600\" \/>\n\t<meta property=\"og:image:type\" content=\"image\/jpeg\" \/>\n<meta name=\"twitter:card\" content=\"summary_large_image\" \/>\n<meta name=\"twitter:image\" content=\"https:\/\/proramillenote.it\/wp-content\/uploads\/pittogramma-proramillenote-favicon.png?wsr\" \/>\n<script type=\"application\/ld+json\" class=\"yoast-schema-graph\">{\"@context\":\"https:\/\/schema.org\",\"@graph\":[{\"@type\":\"WebPage\",\"@id\":\"https:\/\/proramillenote.it\/fr\/bloc-notes-a4-uni-sku-711\/\",\"url\":\"https:\/\/proramillenote.it\/fr\/bloc-notes-a4-uni-sku-711\/\",\"name\":\"Bloc-notes UNI A4\",\"isPartOf\":{\"@id\":\"https:\/\/proramillenote.it\/fr\/#website\"},\"primaryImageOfPage\":{\"@id\":\"https:\/\/proramillenote.it\/fr\/bloc-notes-a4-uni-sku-711\/#primaryimage\"},\"image\":{\"@id\":\"https:\/\/proramillenote.it\/fr\/bloc-notes-a4-uni-sku-711\/#primaryimage\"},\"thumbnailUrl\":\"https:\/\/proramillenote.it\/wp-content\/uploads\/blocco-a4-personalizzato.jpg?wsr\",\"datePublished\":\"2022-12-02T12:47:23+00:00\",\"dateModified\":\"2024-07-15T09:42:48+00:00\",\"description\":\"Bloc-notes UNI A4 | Gadget personalizzato| Produttore\",\"breadcrumb\":{\"@id\":\"https:\/\/proramillenote.it\/fr\/bloc-notes-a4-uni-sku-711\/#breadcrumb\"},\"inLanguage\":\"fr-FR\",\"potentialAction\":[{\"@type\":\"ReadAction\",\"target\":[\"https:\/\/proramillenote.it\/fr\/bloc-notes-a4-uni-sku-711\/\"]}]},{\"@type\":\"ImageObject\",\"inLanguage\":\"fr-FR\",\"@id\":\"https:\/\/proramillenote.it\/fr\/bloc-notes-a4-uni-sku-711\/#primaryimage\",\"url\":\"https:\/\/proramillenote.it\/wp-content\/uploads\/blocco-a4-personalizzato.jpg?wsr\",\"contentUrl\":\"https:\/\/proramillenote.it\/wp-content\/uploads\/blocco-a4-personalizzato.jpg?wsr\",\"width\":800,\"height\":800,\"caption\":\"Blocco A4 personalizzato\"},{\"@type\":\"BreadcrumbList\",\"@id\":\"https:\/\/proramillenote.it\/fr\/bloc-notes-a4-uni-sku-711\/#breadcrumb\",\"itemListElement\":[{\"@type\":\"ListItem\",\"position\":1,\"name\":\"Proramillenote\",\"item\":\"https:\/\/proramillenote.it\/fr\/\"},{\"@type\":\"ListItem\",\"position\":2,\"name\":\"Bloc-notes UNI A4\"}]},{\"@type\":\"WebSite\",\"@id\":\"https:\/\/proramillenote.it\/fr\/#website\",\"url\":\"https:\/\/proramillenote.it\/fr\/\",\"name\":\"Proramillenote gadget aziendali e post-it personalizzati\",\"description\":\"Post-it personalizzati, block notes con logo e gadget aziendali per il marketing B2B. Specialisti in gadget promozionali per medici e aziende farmaceutiche.\",\"publisher\":{\"@id\":\"https:\/\/proramillenote.it\/fr\/#organization\"},\"alternateName\":\"Proramillenote\",\"potentialAction\":[{\"@type\":\"SearchAction\",\"target\":{\"@type\":\"EntryPoint\",\"urlTemplate\":\"https:\/\/proramillenote.it\/fr\/?s={search_term_string}\"},\"query-input\":{\"@type\":\"PropertyValueSpecification\",\"valueRequired\":true,\"valueName\":\"search_term_string\"}}],\"inLanguage\":\"fr-FR\"},{\"@type\":\"Organization\",\"@id\":\"https:\/\/proramillenote.it\/fr\/#organization\",\"name\":\"Proramillenote gadget aziendali e post-it personalizzati\",\"alternateName\":\"Proramillenote\",\"url\":\"https:\/\/proramillenote.it\/fr\/\",\"logo\":{\"@type\":\"ImageObject\",\"inLanguage\":\"fr-FR\",\"@id\":\"https:\/\/proramillenote.it\/fr\/#\/schema\/logo\/image\/\",\"url\":\"https:\/\/proramillenote.it\/wp-content\/uploads\/papercube800.png?wsr\",\"contentUrl\":\"https:\/\/proramillenote.it\/wp-content\/uploads\/papercube800.png?wsr\",\"width\":800,\"height\":800,\"caption\":\"Proramillenote gadget aziendali e post-it personalizzati\"},\"image\":{\"@id\":\"https:\/\/proramillenote.it\/fr\/#\/schema\/logo\/image\/\"},\"description\":\"\u2022 Specialista in produzione e commercio di gadget per medici e gadget per veterinari personalizzati. \u2022 Produzione di gadget aziendali per qualsiasi settore merceologico dal 1975. \u2022 Produttore di post-it personalizzati, post-it sagomati e cubi di carta personalizzati in stampa digitale oppure offset. Produttore di block-notes con logo. \u2022 Con cartotecnica creativa progettiamo KIT di post-it su misura, Made in Italy e di design italiano, insigniti del prestigioso premio europeo PGA Promotional Gift Award. \u2022 Concorso #Ossoduro \\\"Design di brand reminder da scrivania innovativi\\\" concepito per incoraggiare la creativit\u00e0 degli studenti di scuole secondarie di design e grafica. Annuale - Ed.7\u00b0 2024-2025. \u2022 Proramillenote \u00e8 produttore accreditato EUDAMED per la fornitura di DMClasse I \u2022 Proramillenote \u00e8 certificata FSC\u00ae Chain of custody.\",\"email\":\"customercare@proramillenote.it\",\"telephone\":\"+39 039616593\",\"legalName\":\"Proramillenote Srl\",\"foundingDate\":\"1972-01-01\",\"vatID\":\"10323920966\",\"taxID\":\"10323920966\",\"numberOfEmployees\":{\"@type\":\"QuantitativeValue\",\"minValue\":\"11\",\"maxValue\":\"50\"},\"publishingPrinciples\":\"https:\/\/proramillenote.it\/politica-su-etica\/\",\"ownershipFundingInfo\":\"https:\/\/proramillenote.it\/politica-su-etica\/\",\"actionableFeedbackPolicy\":\"https:\/\/proramillenote.it\/politica-su-etica\/\",\"correctionsPolicy\":\"https:\/\/proramillenote.it\/politica-su-etica\/\",\"ethicsPolicy\":\"https:\/\/proramillenote.it\/politica-su-etica\/\",\"diversityPolicy\":\"https:\/\/proramillenote.it\/politica-su-etica\/\",\"diversityStaffingReport\":\"https:\/\/proramillenote.it\/politica-su-etica\/\"}]}<\/script>\n<meta property=\"product:brand\" content=\"Proramillenote\" \/>\n<meta property=\"og:availability\" content=\"instock\" \/>\n<meta property=\"product:availability\" content=\"instock\" \/>\n<meta property=\"product:retailer_item_id\" content=\"711\" \/>\n<meta property=\"product:condition\" content=\"new\" \/>\n<!-- \/ Yoast SEO Premium plugin. -->","yoast_head_json":{"title":"Bloc-notes UNI A4","description":"Bloc-notes UNI A4 | Gadget personalizzato| Produttore","robots":{"index":"index","follow":"follow","max-snippet":"max-snippet:-1","max-image-preview":"max-image-preview:large","max-video-preview":"max-video-preview:-1"},"canonical":"https:\/\/proramillenote.it\/fr\/bloc-notes-a4-uni-sku-711\/","og_locale":"fr_FR","og_type":"article","og_title":"Bloc-notes UNI A4","og_description":"Bloc-notes UNI A4 | Gadget personalizzato| Produttore","og_url":"https:\/\/proramillenote.it\/fr\/bloc-notes-a4-uni-sku-711\/","og_site_name":"Gadget aziendali e post-it personalizzati","article_modified_time":"2024-07-15T09:42:48+00:00","og_image":[{"width":600,"height":600,"url":"https:\/\/proramillenote.it\/wp-content\/uploads\/2015\/05\/blocco-a4-personalizzato-e1656051188605.webp","type":"image\/jpeg"}],"twitter_card":"summary_large_image","twitter_image":"https:\/\/proramillenote.it\/wp-content\/uploads\/pittogramma-proramillenote-favicon.png?wsr","schema":{"@context":"https:\/\/schema.org","@graph":[{"@type":"WebPage","@id":"https:\/\/proramillenote.it\/fr\/bloc-notes-a4-uni-sku-711\/","url":"https:\/\/proramillenote.it\/fr\/bloc-notes-a4-uni-sku-711\/","name":"Bloc-notes UNI A4","isPartOf":{"@id":"https:\/\/proramillenote.it\/fr\/#website"},"primaryImageOfPage":{"@id":"https:\/\/proramillenote.it\/fr\/bloc-notes-a4-uni-sku-711\/#primaryimage"},"image":{"@id":"https:\/\/proramillenote.it\/fr\/bloc-notes-a4-uni-sku-711\/#primaryimage"},"thumbnailUrl":"https:\/\/proramillenote.it\/wp-content\/uploads\/blocco-a4-personalizzato.jpg?wsr","datePublished":"2022-12-02T12:47:23+00:00","dateModified":"2024-07-15T09:42:48+00:00","description":"Bloc-notes UNI A4 | Gadget personalizzato| Produttore","breadcrumb":{"@id":"https:\/\/proramillenote.it\/fr\/bloc-notes-a4-uni-sku-711\/#breadcrumb"},"inLanguage":"fr-FR","potentialAction":[{"@type":"ReadAction","target":["https:\/\/proramillenote.it\/fr\/bloc-notes-a4-uni-sku-711\/"]}]},{"@type":"ImageObject","inLanguage":"fr-FR","@id":"https:\/\/proramillenote.it\/fr\/bloc-notes-a4-uni-sku-711\/#primaryimage","url":"https:\/\/proramillenote.it\/wp-content\/uploads\/blocco-a4-personalizzato.jpg?wsr","contentUrl":"https:\/\/proramillenote.it\/wp-content\/uploads\/blocco-a4-personalizzato.jpg?wsr","width":800,"height":800,"caption":"Blocco A4 personalizzato"},{"@type":"BreadcrumbList","@id":"https:\/\/proramillenote.it\/fr\/bloc-notes-a4-uni-sku-711\/#breadcrumb","itemListElement":[{"@type":"ListItem","position":1,"name":"Proramillenote","item":"https:\/\/proramillenote.it\/fr\/"},{"@type":"ListItem","position":2,"name":"Bloc-notes UNI A4"}]},{"@type":"WebSite","@id":"https:\/\/proramillenote.it\/fr\/#website","url":"https:\/\/proramillenote.it\/fr\/","name":"Proramillenote gadget aziendali e post-it personalizzati","description":"Post-it personalizzati, block notes con logo e gadget aziendali per il marketing B2B. Specialisti in gadget promozionali per medici e aziende farmaceutiche.","publisher":{"@id":"https:\/\/proramillenote.it\/fr\/#organization"},"alternateName":"Proramillenote","potentialAction":[{"@type":"SearchAction","target":{"@type":"EntryPoint","urlTemplate":"https:\/\/proramillenote.it\/fr\/?s={search_term_string}"},"query-input":{"@type":"PropertyValueSpecification","valueRequired":true,"valueName":"search_term_string"}}],"inLanguage":"fr-FR"},{"@type":"Organization","@id":"https:\/\/proramillenote.it\/fr\/#organization","name":"Proramillenote gadget aziendali e post-it personalizzati","alternateName":"Proramillenote","url":"https:\/\/proramillenote.it\/fr\/","logo":{"@type":"ImageObject","inLanguage":"fr-FR","@id":"https:\/\/proramillenote.it\/fr\/#\/schema\/logo\/image\/","url":"https:\/\/proramillenote.it\/wp-content\/uploads\/papercube800.png?wsr","contentUrl":"https:\/\/proramillenote.it\/wp-content\/uploads\/papercube800.png?wsr","width":800,"height":800,"caption":"Proramillenote gadget aziendali e post-it personalizzati"},"image":{"@id":"https:\/\/proramillenote.it\/fr\/#\/schema\/logo\/image\/"},"description":"\u2022 Specialista in produzione e commercio di gadget per medici e gadget per veterinari personalizzati. \u2022 Produzione di gadget aziendali per qualsiasi settore merceologico dal 1975. \u2022 Produttore di post-it personalizzati, post-it sagomati e cubi di carta personalizzati in stampa digitale oppure offset. Produttore di block-notes con logo. \u2022 Con cartotecnica creativa progettiamo KIT di post-it su misura, Made in Italy e di design italiano, insigniti del prestigioso premio europeo PGA Promotional Gift Award. \u2022 Concorso #Ossoduro \"Design di brand reminder da scrivania innovativi\" concepito per incoraggiare la creativit\u00e0 degli studenti di scuole secondarie di design e grafica. Annuale - Ed.7\u00b0 2024-2025. \u2022 Proramillenote \u00e8 produttore accreditato EUDAMED per la fornitura di DMClasse I \u2022 Proramillenote \u00e8 certificata FSC\u00ae Chain of custody.","email":"customercare@proramillenote.it","telephone":"+39 039616593","legalName":"Proramillenote Srl","foundingDate":"1972-01-01","vatID":"10323920966","taxID":"10323920966","numberOfEmployees":{"@type":"QuantitativeValue","minValue":"11","maxValue":"50"},"publishingPrinciples":"https:\/\/proramillenote.it\/politica-su-etica\/","ownershipFundingInfo":"https:\/\/proramillenote.it\/politica-su-etica\/","actionableFeedbackPolicy":"https:\/\/proramillenote.it\/politica-su-etica\/","correctionsPolicy":"https:\/\/proramillenote.it\/politica-su-etica\/","ethicsPolicy":"https:\/\/proramillenote.it\/politica-su-etica\/","diversityPolicy":"https:\/\/proramillenote.it\/politica-su-etica\/","diversityStaffingReport":"https:\/\/proramillenote.it\/politica-su-etica\/"}]},"product_brand":"Proramillenote","og_availability":"instock","product_availability":"instock","product_retailer_item_id":"711","product_condition":"new"},"_links":{"self":[{"href":"https:\/\/proramillenote.it\/fr\/wp-json\/wp\/v2\/product\/25121","targetHints":{"allow":["GET"]}}],"collection":[{"href":"https:\/\/proramillenote.it\/fr\/wp-json\/wp\/v2\/product"}],"about":[{"href":"https:\/\/proramillenote.it\/fr\/wp-json\/wp\/v2\/types\/product"}],"version-history":[{"count":0,"href":"https:\/\/proramillenote.it\/fr\/wp-json\/wp\/v2\/product\/25121\/revisions"}],"wp:featuredmedia":[{"embeddable":true,"href":"https:\/\/proramillenote.it\/fr\/wp-json\/wp\/v2\/media\/90275"}],"wp:attachment":[{"href":"https:\/\/proramillenote.it\/fr\/wp-json\/wp\/v2\/media?parent=25121"}],"wp:term":[{"taxonomy":"product_brand","embeddable":true,"href":"https:\/\/proramillenote.it\/fr\/wp-json\/wp\/v2\/product_brand?post=25121"},{"taxonomy":"product_cat","embeddable":true,"href":"https:\/\/proramillenote.it\/fr\/wp-json\/wp\/v2\/product_cat?post=25121"},{"taxonomy":"product_tag","embeddable":true,"href":"https:\/\/proramillenote.it\/fr\/wp-json\/wp\/v2\/product_tag?post=25121"}],"curies":[{"name":"wp","href":"https:\/\/api.w.org\/{rel}","templated":true}]}}