{"id":26778,"date":"2022-12-16T14:05:08","date_gmt":"2022-12-16T13:05:08","guid":{"rendered":"https:\/\/proramillenote.it\/prodotti\/cartello-per-vetrina-personalizzato-con-logo-sku-720\/"},"modified":"2025-11-20T12:56:16","modified_gmt":"2025-11-20T11:56:16","slug":"panneau-publicitaire-pour-vitrine-avec-logo-sku-720","status":"publish","type":"product","link":"https:\/\/proramillenote.it\/fr\/panneau-publicitaire-pour-vitrine-avec-logo-sku-720\/","title":{"rendered":"Panneau publicitaire pour vitrine"},"content":{"rendered":"<p>Gadget utile pour le pharmacien, le m\u00e9decin ou le v\u00e9t\u00e9rinaire, cette plaque de vitrine est enti\u00e8rement personnalisable avec les images, le format et la forme de votre choix ; possibilit\u00e9 de l&rsquo;utiliser \u00e9galement comme enseigne pour les heures d&rsquo;ouverture du magasin.<\/p>\n<p><strong>Caract\u00e9ristiques<\/strong>:<br \/>\n\u2022 Format 26 x 18 cm<br \/>\n\u2022 Carton 350 g contrecoll\u00e9 aller-retour<br \/>\n\u2022 Impression num\u00e9rique ou offset recto-verso<br \/>\n\u2022 Fourni avec crochet et ventouse pour une application sur la vitrine ou la porte du magasin<\/p>\n<h6>Quantit\u00e9 : 500 pi\u00e8ces<\/h6>\n","protected":false},"excerpt":{"rendered":"<p>Enseigne de vitrine personnalis\u00e9e avec logo et image de l&rsquo;entreprise. En carton contrecoll\u00e9, imprim\u00e9 en couleur, format 26 x 18 cm.<\/p>\n","protected":false},"featured_media":26766,"template":"","meta":[],"product_brand":[5131],"product_cat":[132,641,638,118,202],"product_tag":[],"class_list":{"0":"post-26778","1":"product","2":"type-product","3":"status-publish","4":"has-post-thumbnail","6":"product_brand-importazione","7":"product_cat-gadget-medici-veterinari-pharma-adv","8":"product_cat-costa-piu-di-2-euro","9":"product_cat-consegna-3-settimane","10":"product_cat-pharma-adv-gadget-medici-pharma-veterinaria","11":"product_cat-farmacia-adv-gadget-personalizzati-dottore-farmacista","12":"pa_num-colori-stampa-su-oggetto-1-colore","13":"pa_num-colori-stampa-su-oggetto-2-colori","14":"pa_num-colori-stampa-su-oggetto-3-colori","15":"pa_num-colori-stampa-su-oggetto-4-colori","16":"pa_num-colori-stampa-su-oggetto-quadricromia","17":"pa_posizioni-di-stampa-1-posizione-di-stampa","18":"pa_posizioni-di-stampa-2-posizioni-di-stampa","20":"first","21":"instock","22":"shipping-taxable","23":"purchasable","24":"product-type-variable","25":"has-default-attributes"},"yoast_head":"<!-- This site is optimized with the Yoast SEO Premium plugin v27.3 (Yoast SEO v27.3) - https:\/\/yoast.com\/product\/yoast-seo-premium-wordpress\/ -->\n<title>Panneau publicitaire pour vitrine | Pharmacie\/v\u00e9t\u00e9rinaire<\/title>\n<meta name=\"description\" content=\"Proramillenote fabricant | Enseigne de vitrine personnalis\u00e9e avec logo et image de l&#039;entreprise. En carton contrecoll\u00e9, imprim\u00e9 en couleur, format 26 x 18 cm.\" \/>\n<meta name=\"robots\" content=\"index, follow, max-snippet:-1, max-image-preview:large, max-video-preview:-1\" \/>\n<link rel=\"canonical\" href=\"https:\/\/proramillenote.it\/fr\/panneau-publicitaire-pour-vitrine-avec-logo-sku-720\/\" \/>\n<meta property=\"og:locale\" content=\"fr_FR\" \/>\n<meta property=\"og:type\" content=\"article\" \/>\n<meta property=\"og:title\" content=\"Panneau publicitaire pour vitrine | Pharmacie\/v\u00e9t\u00e9rinaire\" \/>\n<meta property=\"og:description\" content=\"Proramillenote fabricant | Enseigne de vitrine personnalis\u00e9e avec logo et image de l&#039;entreprise. En carton contrecoll\u00e9, imprim\u00e9 en couleur, format 26 x 18 cm.\" \/>\n<meta property=\"og:url\" content=\"https:\/\/proramillenote.it\/fr\/panneau-publicitaire-pour-vitrine-avec-logo-sku-720\/\" \/>\n<meta property=\"og:site_name\" content=\"Gadgets d\u2019entreprise et post-it personnalis\u00e9s\" \/>\n<meta property=\"article:modified_time\" content=\"2025-11-20T11:56:16+00:00\" \/>\n<meta property=\"og:image\" content=\"https:\/\/proramillenote.it\/wp-content\/uploads\/Cartello_vetrina_cane.webp\" \/>\n\t<meta property=\"og:image:width\" content=\"600\" \/>\n\t<meta property=\"og:image:height\" content=\"600\" \/>\n\t<meta property=\"og:image:type\" content=\"image\/webp\" \/>\n<meta name=\"twitter:card\" content=\"summary_large_image\" \/>\n<meta name=\"twitter:image\" content=\"https:\/\/proramillenote.it\/wp-content\/uploads\/pittogramma-proramillenote-favicon.png?wsr\" \/>\n<script type=\"application\/ld+json\" class=\"yoast-schema-graph\">{\"@context\":\"https:\\\/\\\/schema.org\",\"@graph\":[{\"@type\":\"WebPage\",\"@id\":\"https:\\\/\\\/proramillenote.it\\\/fr\\\/panneau-publicitaire-pour-vitrine-avec-logo-sku-720\\\/\",\"url\":\"https:\\\/\\\/proramillenote.it\\\/fr\\\/panneau-publicitaire-pour-vitrine-avec-logo-sku-720\\\/\",\"name\":\"Panneau publicitaire pour vitrine | Pharmacie\\\/v\u00e9t\u00e9rinaire\",\"isPartOf\":{\"@id\":\"https:\\\/\\\/proramillenote.it\\\/fr\\\/#website\"},\"primaryImageOfPage\":{\"@id\":\"https:\\\/\\\/proramillenote.it\\\/fr\\\/panneau-publicitaire-pour-vitrine-avec-logo-sku-720\\\/#primaryimage\"},\"image\":{\"@id\":\"https:\\\/\\\/proramillenote.it\\\/fr\\\/panneau-publicitaire-pour-vitrine-avec-logo-sku-720\\\/#primaryimage\"},\"thumbnailUrl\":\"https:\\\/\\\/proramillenote.it\\\/wp-content\\\/uploads\\\/Cartello_vetrina_cane.webp?wsr\",\"datePublished\":\"2022-12-16T13:05:08+00:00\",\"dateModified\":\"2025-11-20T11:56:16+00:00\",\"description\":\"Proramillenote fabricant | Enseigne de vitrine personnalis\u00e9e avec logo et image de l'entreprise. En carton contrecoll\u00e9, imprim\u00e9 en couleur, format 26 x 18 cm.\",\"breadcrumb\":{\"@id\":\"https:\\\/\\\/proramillenote.it\\\/fr\\\/panneau-publicitaire-pour-vitrine-avec-logo-sku-720\\\/#breadcrumb\"},\"inLanguage\":\"fr-FR\",\"potentialAction\":[{\"@type\":\"ReadAction\",\"target\":[\"https:\\\/\\\/proramillenote.it\\\/fr\\\/panneau-publicitaire-pour-vitrine-avec-logo-sku-720\\\/\"]}]},{\"@type\":\"ImageObject\",\"inLanguage\":\"fr-FR\",\"@id\":\"https:\\\/\\\/proramillenote.it\\\/fr\\\/panneau-publicitaire-pour-vitrine-avec-logo-sku-720\\\/#primaryimage\",\"url\":\"https:\\\/\\\/proramillenote.it\\\/wp-content\\\/uploads\\\/Cartello_vetrina_cane.webp?wsr\",\"contentUrl\":\"https:\\\/\\\/proramillenote.it\\\/wp-content\\\/uploads\\\/Cartello_vetrina_cane.webp?wsr\",\"width\":600,\"height\":600,\"caption\":\"Cartello per vetrina personalizzato con immagine aziendale\"},{\"@type\":\"BreadcrumbList\",\"@id\":\"https:\\\/\\\/proramillenote.it\\\/fr\\\/panneau-publicitaire-pour-vitrine-avec-logo-sku-720\\\/#breadcrumb\",\"itemListElement\":[{\"@type\":\"ListItem\",\"position\":1,\"name\":\"Proramillenote\",\"item\":\"https:\\\/\\\/proramillenote.it\\\/fr\\\/\"},{\"@type\":\"ListItem\",\"position\":2,\"name\":\"Panneau publicitaire pour vitrine\"}]},{\"@type\":\"WebSite\",\"@id\":\"https:\\\/\\\/proramillenote.it\\\/fr\\\/#website\",\"url\":\"https:\\\/\\\/proramillenote.it\\\/fr\\\/\",\"name\":\"Proramillenote gadget aziendali e post-it personalizzati\",\"description\":\"Post-it personalizzati, block notes con logo e gadget aziendali per il marketing B2B. Specialisti in gadget promozionali per medici e aziende farmaceutiche.\",\"publisher\":{\"@id\":\"https:\\\/\\\/proramillenote.it\\\/fr\\\/#organization\"},\"alternateName\":\"Proramillenote\",\"potentialAction\":[{\"@type\":\"SearchAction\",\"target\":{\"@type\":\"EntryPoint\",\"urlTemplate\":\"https:\\\/\\\/proramillenote.it\\\/fr\\\/?s={search_term_string}\"},\"query-input\":{\"@type\":\"PropertyValueSpecification\",\"valueRequired\":true,\"valueName\":\"search_term_string\"}}],\"inLanguage\":\"fr-FR\"},{\"@type\":\"Organization\",\"@id\":\"https:\\\/\\\/proramillenote.it\\\/fr\\\/#organization\",\"name\":\"Proramillenote gadgets d\u2019entreprise et post-it personnalis\u00e9s\",\"alternateName\":\"Proramillenote\",\"url\":\"https:\\\/\\\/proramillenote.it\\\/fr\\\/\",\"logo\":{\"@type\":\"ImageObject\",\"inLanguage\":\"fr-FR\",\"@id\":\"https:\\\/\\\/proramillenote.it\\\/fr\\\/#\\\/schema\\\/logo\\\/image\\\/\",\"url\":\"https:\\\/\\\/proramillenote.it\\\/wp-content\\\/uploads\\\/papercube800.png?wsr\",\"contentUrl\":\"https:\\\/\\\/proramillenote.it\\\/wp-content\\\/uploads\\\/papercube800.png?wsr\",\"width\":800,\"height\":800,\"caption\":\"Proramillenote gadgets d\u2019entreprise et post-it personnalis\u00e9s\"},\"image\":{\"@id\":\"https:\\\/\\\/proramillenote.it\\\/fr\\\/#\\\/schema\\\/logo\\\/image\\\/\"},\"description\":\"\u2022 Specialista in produzione e commercio di gadget per medici e gadget per veterinari personalizzati. \u2022 Produzione di gadget aziendali per qualsiasi settore merceologico dal 1975. \u2022 Produttore di post-it personalizzati, post-it sagomati e cubi di carta personalizzati in stampa digitale oppure offset. Produttore di block-notes con logo. \u2022 Con cartotecnica creativa progettiamo KIT di post-it su misura, Made in Italy e di design italiano, insigniti del prestigioso premio europeo PGA Promotional Gift Award. \u2022 Concorso #Ossoduro \\\"Design di brand reminder da scrivania innovativi\\\" concepito per incoraggiare la creativit\u00e0 degli studenti di scuole secondarie di design e grafica. Annuale - Ed.7\u00b0 2024-2025. \u2022 Proramillenote \u00e8 produttore accreditato EUDAMED per la fornitura di DMClasse I \u2022 Proramillenote \u00e8 certificata FSC\u00ae Chain of custody.\",\"email\":\"customercare@proramillenote.it\",\"telephone\":\"+39 039616593\",\"legalName\":\"Proramillenote Srl\",\"foundingDate\":\"1972-01-01\",\"vatID\":\"10323920966\",\"taxID\":\"10323920966\",\"numberOfEmployees\":{\"@type\":\"QuantitativeValue\",\"minValue\":\"11\",\"maxValue\":\"50\"},\"publishingPrinciples\":\"https:\\\/\\\/proramillenote.it\\\/politica-su-etica\\\/\",\"ownershipFundingInfo\":\"https:\\\/\\\/proramillenote.it\\\/politica-su-etica\\\/\",\"actionableFeedbackPolicy\":\"https:\\\/\\\/proramillenote.it\\\/politica-su-etica\\\/\",\"correctionsPolicy\":\"https:\\\/\\\/proramillenote.it\\\/politica-su-etica\\\/\",\"ethicsPolicy\":\"https:\\\/\\\/proramillenote.it\\\/politica-su-etica\\\/\",\"diversityPolicy\":\"https:\\\/\\\/proramillenote.it\\\/politica-su-etica\\\/\",\"diversityStaffingReport\":\"https:\\\/\\\/proramillenote.it\\\/politica-su-etica\\\/\"}]}<\/script>\n<meta property=\"product:brand\" content=\"Importazione\" \/>\n<meta property=\"og:availability\" content=\"instock\" \/>\n<meta property=\"product:availability\" content=\"instock\" \/>\n<meta property=\"product:retailer_item_id\" content=\"720\" \/>\n<meta property=\"product:condition\" content=\"new\" \/>\n<!-- \/ Yoast SEO Premium plugin. -->","yoast_head_json":{"title":"Panneau publicitaire pour vitrine | Pharmacie\/v\u00e9t\u00e9rinaire","description":"Proramillenote fabricant | Enseigne de vitrine personnalis\u00e9e avec logo et image de l'entreprise. En carton contrecoll\u00e9, imprim\u00e9 en couleur, format 26 x 18 cm.","robots":{"index":"index","follow":"follow","max-snippet":"max-snippet:-1","max-image-preview":"max-image-preview:large","max-video-preview":"max-video-preview:-1"},"canonical":"https:\/\/proramillenote.it\/fr\/panneau-publicitaire-pour-vitrine-avec-logo-sku-720\/","og_locale":"fr_FR","og_type":"article","og_title":"Panneau publicitaire pour vitrine | Pharmacie\/v\u00e9t\u00e9rinaire","og_description":"Proramillenote fabricant | Enseigne de vitrine personnalis\u00e9e avec logo et image de l'entreprise. En carton contrecoll\u00e9, imprim\u00e9 en couleur, format 26 x 18 cm.","og_url":"https:\/\/proramillenote.it\/fr\/panneau-publicitaire-pour-vitrine-avec-logo-sku-720\/","og_site_name":"Gadgets d\u2019entreprise et post-it personnalis\u00e9s","article_modified_time":"2025-11-20T11:56:16+00:00","og_image":[{"width":600,"height":600,"url":"https:\/\/proramillenote.it\/wp-content\/uploads\/Cartello_vetrina_cane.webp","type":"image\/webp"}],"twitter_card":"summary_large_image","twitter_image":"https:\/\/proramillenote.it\/wp-content\/uploads\/pittogramma-proramillenote-favicon.png?wsr","schema":{"@context":"https:\/\/schema.org","@graph":[{"@type":"WebPage","@id":"https:\/\/proramillenote.it\/fr\/panneau-publicitaire-pour-vitrine-avec-logo-sku-720\/","url":"https:\/\/proramillenote.it\/fr\/panneau-publicitaire-pour-vitrine-avec-logo-sku-720\/","name":"Panneau publicitaire pour vitrine | Pharmacie\/v\u00e9t\u00e9rinaire","isPartOf":{"@id":"https:\/\/proramillenote.it\/fr\/#website"},"primaryImageOfPage":{"@id":"https:\/\/proramillenote.it\/fr\/panneau-publicitaire-pour-vitrine-avec-logo-sku-720\/#primaryimage"},"image":{"@id":"https:\/\/proramillenote.it\/fr\/panneau-publicitaire-pour-vitrine-avec-logo-sku-720\/#primaryimage"},"thumbnailUrl":"https:\/\/proramillenote.it\/wp-content\/uploads\/Cartello_vetrina_cane.webp?wsr","datePublished":"2022-12-16T13:05:08+00:00","dateModified":"2025-11-20T11:56:16+00:00","description":"Proramillenote fabricant | Enseigne de vitrine personnalis\u00e9e avec logo et image de l'entreprise. En carton contrecoll\u00e9, imprim\u00e9 en couleur, format 26 x 18 cm.","breadcrumb":{"@id":"https:\/\/proramillenote.it\/fr\/panneau-publicitaire-pour-vitrine-avec-logo-sku-720\/#breadcrumb"},"inLanguage":"fr-FR","potentialAction":[{"@type":"ReadAction","target":["https:\/\/proramillenote.it\/fr\/panneau-publicitaire-pour-vitrine-avec-logo-sku-720\/"]}]},{"@type":"ImageObject","inLanguage":"fr-FR","@id":"https:\/\/proramillenote.it\/fr\/panneau-publicitaire-pour-vitrine-avec-logo-sku-720\/#primaryimage","url":"https:\/\/proramillenote.it\/wp-content\/uploads\/Cartello_vetrina_cane.webp?wsr","contentUrl":"https:\/\/proramillenote.it\/wp-content\/uploads\/Cartello_vetrina_cane.webp?wsr","width":600,"height":600,"caption":"Cartello per vetrina personalizzato con immagine aziendale"},{"@type":"BreadcrumbList","@id":"https:\/\/proramillenote.it\/fr\/panneau-publicitaire-pour-vitrine-avec-logo-sku-720\/#breadcrumb","itemListElement":[{"@type":"ListItem","position":1,"name":"Proramillenote","item":"https:\/\/proramillenote.it\/fr\/"},{"@type":"ListItem","position":2,"name":"Panneau publicitaire pour vitrine"}]},{"@type":"WebSite","@id":"https:\/\/proramillenote.it\/fr\/#website","url":"https:\/\/proramillenote.it\/fr\/","name":"Proramillenote gadget aziendali e post-it personalizzati","description":"Post-it personalizzati, block notes con logo e gadget aziendali per il marketing B2B. Specialisti in gadget promozionali per medici e aziende farmaceutiche.","publisher":{"@id":"https:\/\/proramillenote.it\/fr\/#organization"},"alternateName":"Proramillenote","potentialAction":[{"@type":"SearchAction","target":{"@type":"EntryPoint","urlTemplate":"https:\/\/proramillenote.it\/fr\/?s={search_term_string}"},"query-input":{"@type":"PropertyValueSpecification","valueRequired":true,"valueName":"search_term_string"}}],"inLanguage":"fr-FR"},{"@type":"Organization","@id":"https:\/\/proramillenote.it\/fr\/#organization","name":"Proramillenote gadgets d\u2019entreprise et post-it personnalis\u00e9s","alternateName":"Proramillenote","url":"https:\/\/proramillenote.it\/fr\/","logo":{"@type":"ImageObject","inLanguage":"fr-FR","@id":"https:\/\/proramillenote.it\/fr\/#\/schema\/logo\/image\/","url":"https:\/\/proramillenote.it\/wp-content\/uploads\/papercube800.png?wsr","contentUrl":"https:\/\/proramillenote.it\/wp-content\/uploads\/papercube800.png?wsr","width":800,"height":800,"caption":"Proramillenote gadgets d\u2019entreprise et post-it personnalis\u00e9s"},"image":{"@id":"https:\/\/proramillenote.it\/fr\/#\/schema\/logo\/image\/"},"description":"\u2022 Specialista in produzione e commercio di gadget per medici e gadget per veterinari personalizzati. \u2022 Produzione di gadget aziendali per qualsiasi settore merceologico dal 1975. \u2022 Produttore di post-it personalizzati, post-it sagomati e cubi di carta personalizzati in stampa digitale oppure offset. Produttore di block-notes con logo. \u2022 Con cartotecnica creativa progettiamo KIT di post-it su misura, Made in Italy e di design italiano, insigniti del prestigioso premio europeo PGA Promotional Gift Award. \u2022 Concorso #Ossoduro \"Design di brand reminder da scrivania innovativi\" concepito per incoraggiare la creativit\u00e0 degli studenti di scuole secondarie di design e grafica. Annuale - Ed.7\u00b0 2024-2025. \u2022 Proramillenote \u00e8 produttore accreditato EUDAMED per la fornitura di DMClasse I \u2022 Proramillenote \u00e8 certificata FSC\u00ae Chain of custody.","email":"customercare@proramillenote.it","telephone":"+39 039616593","legalName":"Proramillenote Srl","foundingDate":"1972-01-01","vatID":"10323920966","taxID":"10323920966","numberOfEmployees":{"@type":"QuantitativeValue","minValue":"11","maxValue":"50"},"publishingPrinciples":"https:\/\/proramillenote.it\/politica-su-etica\/","ownershipFundingInfo":"https:\/\/proramillenote.it\/politica-su-etica\/","actionableFeedbackPolicy":"https:\/\/proramillenote.it\/politica-su-etica\/","correctionsPolicy":"https:\/\/proramillenote.it\/politica-su-etica\/","ethicsPolicy":"https:\/\/proramillenote.it\/politica-su-etica\/","diversityPolicy":"https:\/\/proramillenote.it\/politica-su-etica\/","diversityStaffingReport":"https:\/\/proramillenote.it\/politica-su-etica\/"}]},"product_brand":"Importazione","og_availability":"instock","product_availability":"instock","product_retailer_item_id":"720","product_condition":"new"},"_links":{"self":[{"href":"https:\/\/proramillenote.it\/fr\/wp-json\/wp\/v2\/product\/26778","targetHints":{"allow":["GET"]}}],"collection":[{"href":"https:\/\/proramillenote.it\/fr\/wp-json\/wp\/v2\/product"}],"about":[{"href":"https:\/\/proramillenote.it\/fr\/wp-json\/wp\/v2\/types\/product"}],"version-history":[{"count":0,"href":"https:\/\/proramillenote.it\/fr\/wp-json\/wp\/v2\/product\/26778\/revisions"}],"wp:featuredmedia":[{"embeddable":true,"href":"https:\/\/proramillenote.it\/fr\/wp-json\/wp\/v2\/media\/26766"}],"wp:attachment":[{"href":"https:\/\/proramillenote.it\/fr\/wp-json\/wp\/v2\/media?parent=26778"}],"wp:term":[{"taxonomy":"product_brand","embeddable":true,"href":"https:\/\/proramillenote.it\/fr\/wp-json\/wp\/v2\/product_brand?post=26778"},{"taxonomy":"product_cat","embeddable":true,"href":"https:\/\/proramillenote.it\/fr\/wp-json\/wp\/v2\/product_cat?post=26778"},{"taxonomy":"product_tag","embeddable":true,"href":"https:\/\/proramillenote.it\/fr\/wp-json\/wp\/v2\/product_tag?post=26778"}],"curies":[{"name":"wp","href":"https:\/\/api.w.org\/{rel}","templated":true}]}}