{"id":27164,"date":"2022-12-20T12:26:09","date_gmt":"2022-12-20T11:26:09","guid":{"rendered":"https:\/\/proramillenote.it\/prodotti\/dispenser-porta-fogli-per-ricette-mediche-sku-052\/"},"modified":"2025-11-20T12:56:16","modified_gmt":"2025-11-20T11:56:16","slug":"distributeur-de-feuilles-pour-ordonnances-medicales-sku-052","status":"publish","type":"product","link":"https:\/\/proramillenote.it\/fr\/distributeur-de-feuilles-pour-ordonnances-medicales-sku-052\/","title":{"rendered":"Distributeur de feuilles pour ordonnances medicales"},"content":{"rendered":"<p>Ce pr\u00e9sentoir sur pied est id\u00e9al pour les nouvelles ordonnances d\u00e9mat\u00e9rialis\u00e9es.<br \/>\nIl contient 100 feuilles de papier blanc de format A5 sur lesquelles imprimer le formulaire de prescription d\u00e9mat\u00e9rialis\u00e9e\u00a0\u00bb du minist\u00e8re de la Sant\u00e9. Le support pratique en carton robuste pr\u00e9sente une grande surface personnalisable pour porter des messages, des logos et de nombreuses informations utiles. Quantit\u00e9 minimale \u00e0 mettre en production 1 000 pi\u00e8ces<br \/>\nEmballage individuel sous film r\u00e9tractable<\/p>\n<h6><strong>Quantit\u00e9 minimale 1<\/strong>.000 pcs<\/h6>\n","protected":false},"excerpt":{"rendered":"<p>Porte-papier distributeur d&rsquo;ordonnances m\u00e9dicales, en carton, personnalis\u00e9 en quadri<\/p>\n","protected":false},"featured_media":27165,"template":"","meta":[],"product_brand":[5132],"product_cat":[128,568,176,118],"product_tag":[],"class_list":{"0":"post-27164","1":"product","2":"type-product","3":"status-publish","4":"has-post-thumbnail","6":"product_brand-produzione-proramillenote","7":"product_cat-scrivania-del-medico-gadget-medici-pharma","8":"product_cat-oggetti-da-scrivania-ecologici-personalizzati-con-logo","9":"product_cat-gadget-ecologici-etici-personalizzati","10":"product_cat-pharma-adv-gadget-medici-pharma-veterinaria","11":"pa_stampa-espositore-stampa-espositore-1-colore","12":"pa_stampa-espositore-espositore-stampato-2-colori","13":"pa_stampa-espositore-espositore-stampato-3-colori","14":"pa_stampa-espositore-espositore-stampato-quadricromia","15":"pa_stampa-fogli-carta-usomano-0-col-carta-um","16":"pa_stampa-fogli-carta-usomano-1-col-carta-um","17":"pa_stampa-fogli-carta-usomano-2-col-carta-um","18":"pa_stampa-fogli-carta-usomano-3-col-carta-um","19":"pa_stampa-fogli-carta-usomano-4-col-carta-um","20":"pa_stampa-fogli-carta-usomano-quadri-carta-um","22":"first","23":"instock","24":"shipping-taxable","25":"purchasable","26":"product-type-variable","27":"has-default-attributes"},"yoast_head":"<!-- This site is optimized with the Yoast SEO Premium plugin v27.3 (Yoast SEO v27.3) - https:\/\/yoast.com\/product\/yoast-seo-premium-wordpress\/ -->\n<title>Distributeur de feuilles pour ordonnances medicales pharma advertisng<\/title>\n<meta name=\"description\" content=\"Proramillenote fabricant de gadgets et post-its personnalis\u00e9s | Porte-papier distributeur d&#039;ordonnances m\u00e9dicales, en carton, personnalis\u00e9 en quadri\" \/>\n<meta name=\"robots\" content=\"index, follow, max-snippet:-1, max-image-preview:large, max-video-preview:-1\" \/>\n<link rel=\"canonical\" href=\"https:\/\/proramillenote.it\/fr\/distributeur-de-feuilles-pour-ordonnances-medicales-sku-052\/\" \/>\n<meta property=\"og:locale\" content=\"fr_FR\" \/>\n<meta property=\"og:type\" content=\"article\" \/>\n<meta property=\"og:title\" content=\"Distributeur de feuilles pour ordonnances medicales pharma advertisng\" \/>\n<meta property=\"og:description\" content=\"Proramillenote fabricant de gadgets et post-its personnalis\u00e9s | Porte-papier distributeur d&#039;ordonnances m\u00e9dicales, en carton, personnalis\u00e9 en quadri\" \/>\n<meta property=\"og:url\" content=\"https:\/\/proramillenote.it\/fr\/distributeur-de-feuilles-pour-ordonnances-medicales-sku-052\/\" \/>\n<meta property=\"og:site_name\" content=\"Gadgets d\u2019entreprise et post-it personnalis\u00e9s\" \/>\n<meta property=\"article:modified_time\" content=\"2025-11-20T11:56:16+00:00\" \/>\n<meta property=\"og:image\" content=\"https:\/\/proramillenote.it\/wp-content\/uploads\/2018\/03\/products-PortafogliPortaricetteGaviscon.png\" \/>\n\t<meta property=\"og:image:width\" content=\"600\" \/>\n\t<meta property=\"og:image:height\" content=\"600\" \/>\n\t<meta property=\"og:image:type\" content=\"image\/jpeg\" \/>\n<meta name=\"twitter:card\" content=\"summary_large_image\" \/>\n<meta name=\"twitter:image\" content=\"https:\/\/proramillenote.it\/wp-content\/uploads\/pittogramma-proramillenote-favicon.png?wsr\" \/>\n<script type=\"application\/ld+json\" class=\"yoast-schema-graph\">{\"@context\":\"https:\\\/\\\/schema.org\",\"@graph\":[{\"@type\":\"WebPage\",\"@id\":\"https:\\\/\\\/proramillenote.it\\\/fr\\\/distributeur-de-feuilles-pour-ordonnances-medicales-sku-052\\\/\",\"url\":\"https:\\\/\\\/proramillenote.it\\\/fr\\\/distributeur-de-feuilles-pour-ordonnances-medicales-sku-052\\\/\",\"name\":\"Distributeur de feuilles pour ordonnances medicales pharma advertisng\",\"isPartOf\":{\"@id\":\"https:\\\/\\\/proramillenote.it\\\/fr\\\/#website\"},\"primaryImageOfPage\":{\"@id\":\"https:\\\/\\\/proramillenote.it\\\/fr\\\/distributeur-de-feuilles-pour-ordonnances-medicales-sku-052\\\/#primaryimage\"},\"image\":{\"@id\":\"https:\\\/\\\/proramillenote.it\\\/fr\\\/distributeur-de-feuilles-pour-ordonnances-medicales-sku-052\\\/#primaryimage\"},\"thumbnailUrl\":\"https:\\\/\\\/proramillenote.it\\\/wp-content\\\/uploads\\\/2018\\\/03\\\/products-PortafogliPortaricetteGaviscon.png?wsr\",\"datePublished\":\"2022-12-20T11:26:09+00:00\",\"dateModified\":\"2025-11-20T11:56:16+00:00\",\"description\":\"Proramillenote fabricant de gadgets et post-its personnalis\u00e9s | Porte-papier distributeur d'ordonnances m\u00e9dicales, en carton, personnalis\u00e9 en quadri\",\"breadcrumb\":{\"@id\":\"https:\\\/\\\/proramillenote.it\\\/fr\\\/distributeur-de-feuilles-pour-ordonnances-medicales-sku-052\\\/#breadcrumb\"},\"inLanguage\":\"fr-FR\",\"potentialAction\":[{\"@type\":\"ReadAction\",\"target\":[\"https:\\\/\\\/proramillenote.it\\\/fr\\\/distributeur-de-feuilles-pour-ordonnances-medicales-sku-052\\\/\"]}]},{\"@type\":\"ImageObject\",\"inLanguage\":\"fr-FR\",\"@id\":\"https:\\\/\\\/proramillenote.it\\\/fr\\\/distributeur-de-feuilles-pour-ordonnances-medicales-sku-052\\\/#primaryimage\",\"url\":\"https:\\\/\\\/proramillenote.it\\\/wp-content\\\/uploads\\\/2018\\\/03\\\/products-PortafogliPortaricetteGaviscon.png?wsr\",\"contentUrl\":\"https:\\\/\\\/proramillenote.it\\\/wp-content\\\/uploads\\\/2018\\\/03\\\/products-PortafogliPortaricetteGaviscon.png?wsr\",\"width\":600,\"height\":600},{\"@type\":\"BreadcrumbList\",\"@id\":\"https:\\\/\\\/proramillenote.it\\\/fr\\\/distributeur-de-feuilles-pour-ordonnances-medicales-sku-052\\\/#breadcrumb\",\"itemListElement\":[{\"@type\":\"ListItem\",\"position\":1,\"name\":\"Proramillenote\",\"item\":\"https:\\\/\\\/proramillenote.it\\\/fr\\\/\"},{\"@type\":\"ListItem\",\"position\":2,\"name\":\"Distributeur de feuilles pour ordonnances medicales\"}]},{\"@type\":\"WebSite\",\"@id\":\"https:\\\/\\\/proramillenote.it\\\/fr\\\/#website\",\"url\":\"https:\\\/\\\/proramillenote.it\\\/fr\\\/\",\"name\":\"Proramillenote gadget aziendali e post-it personalizzati\",\"description\":\"Post-it personalizzati, block notes con logo e gadget aziendali per il marketing B2B. Specialisti in gadget promozionali per medici e aziende farmaceutiche.\",\"publisher\":{\"@id\":\"https:\\\/\\\/proramillenote.it\\\/fr\\\/#organization\"},\"alternateName\":\"Proramillenote\",\"potentialAction\":[{\"@type\":\"SearchAction\",\"target\":{\"@type\":\"EntryPoint\",\"urlTemplate\":\"https:\\\/\\\/proramillenote.it\\\/fr\\\/?s={search_term_string}\"},\"query-input\":{\"@type\":\"PropertyValueSpecification\",\"valueRequired\":true,\"valueName\":\"search_term_string\"}}],\"inLanguage\":\"fr-FR\"},{\"@type\":\"Organization\",\"@id\":\"https:\\\/\\\/proramillenote.it\\\/fr\\\/#organization\",\"name\":\"Proramillenote gadgets d\u2019entreprise et post-it personnalis\u00e9s\",\"alternateName\":\"Proramillenote\",\"url\":\"https:\\\/\\\/proramillenote.it\\\/fr\\\/\",\"logo\":{\"@type\":\"ImageObject\",\"inLanguage\":\"fr-FR\",\"@id\":\"https:\\\/\\\/proramillenote.it\\\/fr\\\/#\\\/schema\\\/logo\\\/image\\\/\",\"url\":\"https:\\\/\\\/proramillenote.it\\\/wp-content\\\/uploads\\\/papercube800.png?wsr\",\"contentUrl\":\"https:\\\/\\\/proramillenote.it\\\/wp-content\\\/uploads\\\/papercube800.png?wsr\",\"width\":800,\"height\":800,\"caption\":\"Proramillenote gadgets d\u2019entreprise et post-it personnalis\u00e9s\"},\"image\":{\"@id\":\"https:\\\/\\\/proramillenote.it\\\/fr\\\/#\\\/schema\\\/logo\\\/image\\\/\"},\"description\":\"\u2022 Specialista in produzione e commercio di gadget per medici e gadget per veterinari personalizzati. \u2022 Produzione di gadget aziendali per qualsiasi settore merceologico dal 1975. \u2022 Produttore di post-it personalizzati, post-it sagomati e cubi di carta personalizzati in stampa digitale oppure offset. Produttore di block-notes con logo. \u2022 Con cartotecnica creativa progettiamo KIT di post-it su misura, Made in Italy e di design italiano, insigniti del prestigioso premio europeo PGA Promotional Gift Award. \u2022 Concorso #Ossoduro \\\"Design di brand reminder da scrivania innovativi\\\" concepito per incoraggiare la creativit\u00e0 degli studenti di scuole secondarie di design e grafica. Annuale - Ed.7\u00b0 2024-2025. \u2022 Proramillenote \u00e8 produttore accreditato EUDAMED per la fornitura di DMClasse I \u2022 Proramillenote \u00e8 certificata FSC\u00ae Chain of custody.\",\"email\":\"customercare@proramillenote.it\",\"telephone\":\"+39 039616593\",\"legalName\":\"Proramillenote Srl\",\"foundingDate\":\"1972-01-01\",\"vatID\":\"10323920966\",\"taxID\":\"10323920966\",\"numberOfEmployees\":{\"@type\":\"QuantitativeValue\",\"minValue\":\"11\",\"maxValue\":\"50\"},\"publishingPrinciples\":\"https:\\\/\\\/proramillenote.it\\\/politica-su-etica\\\/\",\"ownershipFundingInfo\":\"https:\\\/\\\/proramillenote.it\\\/politica-su-etica\\\/\",\"actionableFeedbackPolicy\":\"https:\\\/\\\/proramillenote.it\\\/politica-su-etica\\\/\",\"correctionsPolicy\":\"https:\\\/\\\/proramillenote.it\\\/politica-su-etica\\\/\",\"ethicsPolicy\":\"https:\\\/\\\/proramillenote.it\\\/politica-su-etica\\\/\",\"diversityPolicy\":\"https:\\\/\\\/proramillenote.it\\\/politica-su-etica\\\/\",\"diversityStaffingReport\":\"https:\\\/\\\/proramillenote.it\\\/politica-su-etica\\\/\"}]}<\/script>\n<meta property=\"product:brand\" content=\"Proramillenote\" \/>\n<meta property=\"og:availability\" content=\"instock\" \/>\n<meta property=\"product:availability\" content=\"instock\" \/>\n<meta property=\"product:retailer_item_id\" content=\"052\" \/>\n<meta property=\"product:condition\" content=\"new\" \/>\n<!-- \/ Yoast SEO Premium plugin. -->","yoast_head_json":{"title":"Distributeur de feuilles pour ordonnances medicales pharma advertisng","description":"Proramillenote fabricant de gadgets et post-its personnalis\u00e9s | Porte-papier distributeur d'ordonnances m\u00e9dicales, en carton, personnalis\u00e9 en quadri","robots":{"index":"index","follow":"follow","max-snippet":"max-snippet:-1","max-image-preview":"max-image-preview:large","max-video-preview":"max-video-preview:-1"},"canonical":"https:\/\/proramillenote.it\/fr\/distributeur-de-feuilles-pour-ordonnances-medicales-sku-052\/","og_locale":"fr_FR","og_type":"article","og_title":"Distributeur de feuilles pour ordonnances medicales pharma advertisng","og_description":"Proramillenote fabricant de gadgets et post-its personnalis\u00e9s | Porte-papier distributeur d'ordonnances m\u00e9dicales, en carton, personnalis\u00e9 en quadri","og_url":"https:\/\/proramillenote.it\/fr\/distributeur-de-feuilles-pour-ordonnances-medicales-sku-052\/","og_site_name":"Gadgets d\u2019entreprise et post-it personnalis\u00e9s","article_modified_time":"2025-11-20T11:56:16+00:00","og_image":[{"width":600,"height":600,"url":"https:\/\/proramillenote.it\/wp-content\/uploads\/2018\/03\/products-PortafogliPortaricetteGaviscon.png","type":"image\/jpeg"}],"twitter_card":"summary_large_image","twitter_image":"https:\/\/proramillenote.it\/wp-content\/uploads\/pittogramma-proramillenote-favicon.png?wsr","schema":{"@context":"https:\/\/schema.org","@graph":[{"@type":"WebPage","@id":"https:\/\/proramillenote.it\/fr\/distributeur-de-feuilles-pour-ordonnances-medicales-sku-052\/","url":"https:\/\/proramillenote.it\/fr\/distributeur-de-feuilles-pour-ordonnances-medicales-sku-052\/","name":"Distributeur de feuilles pour ordonnances medicales pharma advertisng","isPartOf":{"@id":"https:\/\/proramillenote.it\/fr\/#website"},"primaryImageOfPage":{"@id":"https:\/\/proramillenote.it\/fr\/distributeur-de-feuilles-pour-ordonnances-medicales-sku-052\/#primaryimage"},"image":{"@id":"https:\/\/proramillenote.it\/fr\/distributeur-de-feuilles-pour-ordonnances-medicales-sku-052\/#primaryimage"},"thumbnailUrl":"https:\/\/proramillenote.it\/wp-content\/uploads\/2018\/03\/products-PortafogliPortaricetteGaviscon.png?wsr","datePublished":"2022-12-20T11:26:09+00:00","dateModified":"2025-11-20T11:56:16+00:00","description":"Proramillenote fabricant de gadgets et post-its personnalis\u00e9s | Porte-papier distributeur d'ordonnances m\u00e9dicales, en carton, personnalis\u00e9 en quadri","breadcrumb":{"@id":"https:\/\/proramillenote.it\/fr\/distributeur-de-feuilles-pour-ordonnances-medicales-sku-052\/#breadcrumb"},"inLanguage":"fr-FR","potentialAction":[{"@type":"ReadAction","target":["https:\/\/proramillenote.it\/fr\/distributeur-de-feuilles-pour-ordonnances-medicales-sku-052\/"]}]},{"@type":"ImageObject","inLanguage":"fr-FR","@id":"https:\/\/proramillenote.it\/fr\/distributeur-de-feuilles-pour-ordonnances-medicales-sku-052\/#primaryimage","url":"https:\/\/proramillenote.it\/wp-content\/uploads\/2018\/03\/products-PortafogliPortaricetteGaviscon.png?wsr","contentUrl":"https:\/\/proramillenote.it\/wp-content\/uploads\/2018\/03\/products-PortafogliPortaricetteGaviscon.png?wsr","width":600,"height":600},{"@type":"BreadcrumbList","@id":"https:\/\/proramillenote.it\/fr\/distributeur-de-feuilles-pour-ordonnances-medicales-sku-052\/#breadcrumb","itemListElement":[{"@type":"ListItem","position":1,"name":"Proramillenote","item":"https:\/\/proramillenote.it\/fr\/"},{"@type":"ListItem","position":2,"name":"Distributeur de feuilles pour ordonnances medicales"}]},{"@type":"WebSite","@id":"https:\/\/proramillenote.it\/fr\/#website","url":"https:\/\/proramillenote.it\/fr\/","name":"Proramillenote gadget aziendali e post-it personalizzati","description":"Post-it personalizzati, block notes con logo e gadget aziendali per il marketing B2B. Specialisti in gadget promozionali per medici e aziende farmaceutiche.","publisher":{"@id":"https:\/\/proramillenote.it\/fr\/#organization"},"alternateName":"Proramillenote","potentialAction":[{"@type":"SearchAction","target":{"@type":"EntryPoint","urlTemplate":"https:\/\/proramillenote.it\/fr\/?s={search_term_string}"},"query-input":{"@type":"PropertyValueSpecification","valueRequired":true,"valueName":"search_term_string"}}],"inLanguage":"fr-FR"},{"@type":"Organization","@id":"https:\/\/proramillenote.it\/fr\/#organization","name":"Proramillenote gadgets d\u2019entreprise et post-it personnalis\u00e9s","alternateName":"Proramillenote","url":"https:\/\/proramillenote.it\/fr\/","logo":{"@type":"ImageObject","inLanguage":"fr-FR","@id":"https:\/\/proramillenote.it\/fr\/#\/schema\/logo\/image\/","url":"https:\/\/proramillenote.it\/wp-content\/uploads\/papercube800.png?wsr","contentUrl":"https:\/\/proramillenote.it\/wp-content\/uploads\/papercube800.png?wsr","width":800,"height":800,"caption":"Proramillenote gadgets d\u2019entreprise et post-it personnalis\u00e9s"},"image":{"@id":"https:\/\/proramillenote.it\/fr\/#\/schema\/logo\/image\/"},"description":"\u2022 Specialista in produzione e commercio di gadget per medici e gadget per veterinari personalizzati. \u2022 Produzione di gadget aziendali per qualsiasi settore merceologico dal 1975. \u2022 Produttore di post-it personalizzati, post-it sagomati e cubi di carta personalizzati in stampa digitale oppure offset. Produttore di block-notes con logo. \u2022 Con cartotecnica creativa progettiamo KIT di post-it su misura, Made in Italy e di design italiano, insigniti del prestigioso premio europeo PGA Promotional Gift Award. \u2022 Concorso #Ossoduro \"Design di brand reminder da scrivania innovativi\" concepito per incoraggiare la creativit\u00e0 degli studenti di scuole secondarie di design e grafica. Annuale - Ed.7\u00b0 2024-2025. \u2022 Proramillenote \u00e8 produttore accreditato EUDAMED per la fornitura di DMClasse I \u2022 Proramillenote \u00e8 certificata FSC\u00ae Chain of custody.","email":"customercare@proramillenote.it","telephone":"+39 039616593","legalName":"Proramillenote Srl","foundingDate":"1972-01-01","vatID":"10323920966","taxID":"10323920966","numberOfEmployees":{"@type":"QuantitativeValue","minValue":"11","maxValue":"50"},"publishingPrinciples":"https:\/\/proramillenote.it\/politica-su-etica\/","ownershipFundingInfo":"https:\/\/proramillenote.it\/politica-su-etica\/","actionableFeedbackPolicy":"https:\/\/proramillenote.it\/politica-su-etica\/","correctionsPolicy":"https:\/\/proramillenote.it\/politica-su-etica\/","ethicsPolicy":"https:\/\/proramillenote.it\/politica-su-etica\/","diversityPolicy":"https:\/\/proramillenote.it\/politica-su-etica\/","diversityStaffingReport":"https:\/\/proramillenote.it\/politica-su-etica\/"}]},"product_brand":"Proramillenote","og_availability":"instock","product_availability":"instock","product_retailer_item_id":"052","product_condition":"new"},"_links":{"self":[{"href":"https:\/\/proramillenote.it\/fr\/wp-json\/wp\/v2\/product\/27164","targetHints":{"allow":["GET"]}}],"collection":[{"href":"https:\/\/proramillenote.it\/fr\/wp-json\/wp\/v2\/product"}],"about":[{"href":"https:\/\/proramillenote.it\/fr\/wp-json\/wp\/v2\/types\/product"}],"version-history":[{"count":0,"href":"https:\/\/proramillenote.it\/fr\/wp-json\/wp\/v2\/product\/27164\/revisions"}],"wp:featuredmedia":[{"embeddable":true,"href":"https:\/\/proramillenote.it\/fr\/wp-json\/wp\/v2\/media\/27165"}],"wp:attachment":[{"href":"https:\/\/proramillenote.it\/fr\/wp-json\/wp\/v2\/media?parent=27164"}],"wp:term":[{"taxonomy":"product_brand","embeddable":true,"href":"https:\/\/proramillenote.it\/fr\/wp-json\/wp\/v2\/product_brand?post=27164"},{"taxonomy":"product_cat","embeddable":true,"href":"https:\/\/proramillenote.it\/fr\/wp-json\/wp\/v2\/product_cat?post=27164"},{"taxonomy":"product_tag","embeddable":true,"href":"https:\/\/proramillenote.it\/fr\/wp-json\/wp\/v2\/product_tag?post=27164"}],"curies":[{"name":"wp","href":"https:\/\/api.w.org\/{rel}","templated":true}]}}