{"id":27929,"date":"2022-12-27T14:35:34","date_gmt":"2022-12-27T13:35:34","guid":{"rendered":"https:\/\/proramillenote.it\/prodotti\/copri-tavolo-veterinario-con-inserto-sku-729\/"},"modified":"2024-07-15T11:44:40","modified_gmt":"2024-07-15T09:44:40","slug":"housse-de-table-veterinaire-avec-insert-sku-729","status":"publish","type":"product","link":"https:\/\/proramillenote.it\/fr\/housse-de-table-veterinaire-avec-insert-sku-729\/","title":{"rendered":"Housse de table v\u00e9t\u00e9rinaire avec insert"},"content":{"rendered":"<p>Pour faciliter la profession <strong>v\u00e9t\u00e9rinaire<\/strong>, choisissez ce <strong>tapis antid\u00e9rapant personnalis\u00e9<\/strong> comme gadget durable pour recouvrir et prot\u00e9ger la table d&rsquo;examen du cabinet v\u00e9t\u00e9rinaire et emp\u00eacher le chien ou le chat de glisser ; votre image, imprim\u00e9e en offset sur l&rsquo;insert en carton, b\u00e9n\u00e9ficie d&rsquo;un espace suffisant et reste toujours clairement visible \u00e0 la fois pour le propri\u00e9taire de l&rsquo;animal et pour le v\u00e9t\u00e9rinaire. La surface antid\u00e9rapante facilite la visite, m\u00eame pour les chiens ou les chats les plus agit\u00e9s. Rappel de marque avec un excellent rapport co\u00fbt\/contact. Ce gadget pour v\u00e9t\u00e9rinaires est fabriqu\u00e9 en Italie.<\/p>\n<p><strong>Caract\u00e9ristiques<\/strong>:<br \/>\n\u2022 Format 110&#215;60 cm<br \/>\n\u2022 Socle en mousse grise type RIV mm 2 d&rsquo;\u00e9paisseur<br \/>\n\u2022 Surface en PVC transparent doux au toucher Kristal de 0,30 mm d&rsquo;\u00e9paisseur<br \/>\n\u2022 Soud\u00e9 avec coins arrondis<br \/>\n\u2022 Insert en carton personnalis\u00e9 quadrichromie<br \/>\n\u2022 Le carton est \u00e9galement disponible en recycl\u00e9<\/p>\n<p><strong>Emballage<\/strong>:<br \/>\nPas d&#8217;emballage individuel; les gadgets sont emball\u00e9s dans des bo\u00eetes en carton de 15 pi\u00e8ces.<\/p>\n<h6>Quantit\u00e9 200 pi\u00e8ces<\/h6>\n","protected":false},"excerpt":{"rendered":"<p>Tapis antid\u00e9rapant pour la table du v\u00e9t\u00e9rinaire, taille 110\u00d760 cm. Personnalis\u00e9 en offset quadri, protection r\u00e9sistante en plastique PVC souple \u00e0 la main.<\/p>\n","protected":false},"featured_media":27903,"template":"","meta":[],"product_brand":[5132],"product_cat":[118,132,639],"product_tag":[],"class_list":{"0":"post-27929","1":"product","2":"type-product","3":"status-publish","4":"has-post-thumbnail","6":"product_brand-produzione-proramillenote","7":"product_cat-pharma-adv-gadget-medici-pharma-veterinaria","8":"product_cat-gadget-medici-veterinari-pharma-adv","9":"product_cat-costa-tra-1-e-2-euro","10":"pa_stampa-fogli-carta-usomano-1-col-carta-um","11":"pa_stampa-fogli-carta-usomano-2-col-carta-um","12":"pa_stampa-fogli-carta-usomano-3-col-carta-um","13":"pa_stampa-fogli-carta-usomano-quadri-carta-um","15":"first","16":"instock","17":"shipping-taxable","18":"purchasable","19":"product-type-variable","20":"has-default-attributes"},"yoast_head":"<!-- This site is optimized with the Yoast SEO Premium plugin v27.3 (Yoast SEO v27.3) - https:\/\/yoast.com\/product\/yoast-seo-premium-wordpress\/ -->\n<title>Housse de table v\u00e9t\u00e9rinaire avec insert<\/title>\n<meta name=\"description\" content=\"Fabricant de gadgets pharmaceutiques | Tapis antid\u00e9rapant pour balance v\u00e9t\u00e9rinaire 52x85 cm. Personnalis\u00e9 en en quadri, protection r\u00e9sistante en PVC souple.\" \/>\n<meta name=\"robots\" content=\"index, follow, max-snippet:-1, max-image-preview:large, max-video-preview:-1\" \/>\n<link rel=\"canonical\" href=\"https:\/\/proramillenote.it\/fr\/housse-de-table-veterinaire-avec-insert-sku-729\/\" \/>\n<meta property=\"og:locale\" content=\"fr_FR\" \/>\n<meta property=\"og:type\" content=\"article\" \/>\n<meta property=\"og:title\" content=\"Housse de table v\u00e9t\u00e9rinaire avec insert\" \/>\n<meta property=\"og:description\" content=\"Fabricant de gadgets pharmaceutiques | Tapis antid\u00e9rapant pour balance v\u00e9t\u00e9rinaire 52x85 cm. Personnalis\u00e9 en en quadri, protection r\u00e9sistante en PVC souple.\" \/>\n<meta property=\"og:url\" content=\"https:\/\/proramillenote.it\/fr\/housse-de-table-veterinaire-avec-insert-sku-729\/\" \/>\n<meta property=\"og:site_name\" content=\"Gadgets d\u2019entreprise et post-it personnalis\u00e9s\" \/>\n<meta property=\"article:modified_time\" content=\"2024-07-15T09:44:40+00:00\" \/>\n<meta property=\"og:image\" content=\"https:\/\/proramillenote.it\/wp-content\/uploads\/MSD_Copri_tavolo_veterinario_1.webp\" \/>\n\t<meta property=\"og:image:width\" content=\"600\" \/>\n\t<meta property=\"og:image:height\" content=\"600\" \/>\n\t<meta property=\"og:image:type\" content=\"image\/webp\" \/>\n<meta name=\"twitter:card\" content=\"summary_large_image\" \/>\n<meta name=\"twitter:image\" content=\"https:\/\/proramillenote.it\/wp-content\/uploads\/pittogramma-proramillenote-favicon.png?wsr\" \/>\n<script type=\"application\/ld+json\" class=\"yoast-schema-graph\">{\"@context\":\"https:\\\/\\\/schema.org\",\"@graph\":[{\"@type\":\"WebPage\",\"@id\":\"https:\\\/\\\/proramillenote.it\\\/fr\\\/housse-de-table-veterinaire-avec-insert-sku-729\\\/\",\"url\":\"https:\\\/\\\/proramillenote.it\\\/fr\\\/housse-de-table-veterinaire-avec-insert-sku-729\\\/\",\"name\":\"Housse de table v\u00e9t\u00e9rinaire avec insert\",\"isPartOf\":{\"@id\":\"https:\\\/\\\/proramillenote.it\\\/fr\\\/#website\"},\"primaryImageOfPage\":{\"@id\":\"https:\\\/\\\/proramillenote.it\\\/fr\\\/housse-de-table-veterinaire-avec-insert-sku-729\\\/#primaryimage\"},\"image\":{\"@id\":\"https:\\\/\\\/proramillenote.it\\\/fr\\\/housse-de-table-veterinaire-avec-insert-sku-729\\\/#primaryimage\"},\"thumbnailUrl\":\"https:\\\/\\\/proramillenote.it\\\/wp-content\\\/uploads\\\/MSD_Copri_tavolo_veterinario_1.webp?wsr\",\"datePublished\":\"2022-12-27T13:35:34+00:00\",\"dateModified\":\"2024-07-15T09:44:40+00:00\",\"description\":\"Fabricant de gadgets pharmaceutiques | Tapis antid\u00e9rapant pour balance v\u00e9t\u00e9rinaire 52x85 cm. Personnalis\u00e9 en en quadri, protection r\u00e9sistante en PVC souple.\",\"breadcrumb\":{\"@id\":\"https:\\\/\\\/proramillenote.it\\\/fr\\\/housse-de-table-veterinaire-avec-insert-sku-729\\\/#breadcrumb\"},\"inLanguage\":\"fr-FR\",\"potentialAction\":[{\"@type\":\"ReadAction\",\"target\":[\"https:\\\/\\\/proramillenote.it\\\/fr\\\/housse-de-table-veterinaire-avec-insert-sku-729\\\/\"]}]},{\"@type\":\"ImageObject\",\"inLanguage\":\"fr-FR\",\"@id\":\"https:\\\/\\\/proramillenote.it\\\/fr\\\/housse-de-table-veterinaire-avec-insert-sku-729\\\/#primaryimage\",\"url\":\"https:\\\/\\\/proramillenote.it\\\/wp-content\\\/uploads\\\/MSD_Copri_tavolo_veterinario_1.webp?wsr\",\"contentUrl\":\"https:\\\/\\\/proramillenote.it\\\/wp-content\\\/uploads\\\/MSD_Copri_tavolo_veterinario_1.webp?wsr\",\"width\":600,\"height\":600,\"caption\":\"Copri tavolo veterinario con inserto\"},{\"@type\":\"BreadcrumbList\",\"@id\":\"https:\\\/\\\/proramillenote.it\\\/fr\\\/housse-de-table-veterinaire-avec-insert-sku-729\\\/#breadcrumb\",\"itemListElement\":[{\"@type\":\"ListItem\",\"position\":1,\"name\":\"Proramillenote\",\"item\":\"https:\\\/\\\/proramillenote.it\\\/fr\\\/\"},{\"@type\":\"ListItem\",\"position\":2,\"name\":\"Housse de table v\u00e9t\u00e9rinaire avec insert\"}]},{\"@type\":\"WebSite\",\"@id\":\"https:\\\/\\\/proramillenote.it\\\/fr\\\/#website\",\"url\":\"https:\\\/\\\/proramillenote.it\\\/fr\\\/\",\"name\":\"Proramillenote gadget aziendali e post-it personalizzati\",\"description\":\"Post-it personalizzati, block notes con logo e gadget aziendali per il marketing B2B. Specialisti in gadget promozionali per medici e aziende farmaceutiche.\",\"publisher\":{\"@id\":\"https:\\\/\\\/proramillenote.it\\\/fr\\\/#organization\"},\"alternateName\":\"Proramillenote\",\"potentialAction\":[{\"@type\":\"SearchAction\",\"target\":{\"@type\":\"EntryPoint\",\"urlTemplate\":\"https:\\\/\\\/proramillenote.it\\\/fr\\\/?s={search_term_string}\"},\"query-input\":{\"@type\":\"PropertyValueSpecification\",\"valueRequired\":true,\"valueName\":\"search_term_string\"}}],\"inLanguage\":\"fr-FR\"},{\"@type\":\"Organization\",\"@id\":\"https:\\\/\\\/proramillenote.it\\\/fr\\\/#organization\",\"name\":\"Proramillenote gadgets d\u2019entreprise et post-it personnalis\u00e9s\",\"alternateName\":\"Proramillenote\",\"url\":\"https:\\\/\\\/proramillenote.it\\\/fr\\\/\",\"logo\":{\"@type\":\"ImageObject\",\"inLanguage\":\"fr-FR\",\"@id\":\"https:\\\/\\\/proramillenote.it\\\/fr\\\/#\\\/schema\\\/logo\\\/image\\\/\",\"url\":\"https:\\\/\\\/proramillenote.it\\\/wp-content\\\/uploads\\\/papercube800.png?wsr\",\"contentUrl\":\"https:\\\/\\\/proramillenote.it\\\/wp-content\\\/uploads\\\/papercube800.png?wsr\",\"width\":800,\"height\":800,\"caption\":\"Proramillenote gadgets d\u2019entreprise et post-it personnalis\u00e9s\"},\"image\":{\"@id\":\"https:\\\/\\\/proramillenote.it\\\/fr\\\/#\\\/schema\\\/logo\\\/image\\\/\"},\"description\":\"\u2022 Specialista in produzione e commercio di gadget per medici e gadget per veterinari personalizzati. \u2022 Produzione di gadget aziendali per qualsiasi settore merceologico dal 1975. \u2022 Produttore di post-it personalizzati, post-it sagomati e cubi di carta personalizzati in stampa digitale oppure offset. Produttore di block-notes con logo. \u2022 Con cartotecnica creativa progettiamo KIT di post-it su misura, Made in Italy e di design italiano, insigniti del prestigioso premio europeo PGA Promotional Gift Award. \u2022 Concorso #Ossoduro \\\"Design di brand reminder da scrivania innovativi\\\" concepito per incoraggiare la creativit\u00e0 degli studenti di scuole secondarie di design e grafica. Annuale - Ed.7\u00b0 2024-2025. \u2022 Proramillenote \u00e8 produttore accreditato EUDAMED per la fornitura di DMClasse I \u2022 Proramillenote \u00e8 certificata FSC\u00ae Chain of custody.\",\"email\":\"customercare@proramillenote.it\",\"telephone\":\"+39 039616593\",\"legalName\":\"Proramillenote Srl\",\"foundingDate\":\"1972-01-01\",\"vatID\":\"10323920966\",\"taxID\":\"10323920966\",\"numberOfEmployees\":{\"@type\":\"QuantitativeValue\",\"minValue\":\"11\",\"maxValue\":\"50\"},\"publishingPrinciples\":\"https:\\\/\\\/proramillenote.it\\\/politica-su-etica\\\/\",\"ownershipFundingInfo\":\"https:\\\/\\\/proramillenote.it\\\/politica-su-etica\\\/\",\"actionableFeedbackPolicy\":\"https:\\\/\\\/proramillenote.it\\\/politica-su-etica\\\/\",\"correctionsPolicy\":\"https:\\\/\\\/proramillenote.it\\\/politica-su-etica\\\/\",\"ethicsPolicy\":\"https:\\\/\\\/proramillenote.it\\\/politica-su-etica\\\/\",\"diversityPolicy\":\"https:\\\/\\\/proramillenote.it\\\/politica-su-etica\\\/\",\"diversityStaffingReport\":\"https:\\\/\\\/proramillenote.it\\\/politica-su-etica\\\/\"}]}<\/script>\n<meta property=\"product:brand\" content=\"Proramillenote\" \/>\n<meta property=\"og:availability\" content=\"instock\" \/>\n<meta property=\"product:availability\" content=\"instock\" \/>\n<meta property=\"product:retailer_item_id\" content=\"729\" \/>\n<meta property=\"product:condition\" content=\"new\" \/>\n<!-- \/ Yoast SEO Premium plugin. -->","yoast_head_json":{"title":"Housse de table v\u00e9t\u00e9rinaire avec insert","description":"Fabricant de gadgets pharmaceutiques | Tapis antid\u00e9rapant pour balance v\u00e9t\u00e9rinaire 52x85 cm. Personnalis\u00e9 en en quadri, protection r\u00e9sistante en PVC souple.","robots":{"index":"index","follow":"follow","max-snippet":"max-snippet:-1","max-image-preview":"max-image-preview:large","max-video-preview":"max-video-preview:-1"},"canonical":"https:\/\/proramillenote.it\/fr\/housse-de-table-veterinaire-avec-insert-sku-729\/","og_locale":"fr_FR","og_type":"article","og_title":"Housse de table v\u00e9t\u00e9rinaire avec insert","og_description":"Fabricant de gadgets pharmaceutiques | Tapis antid\u00e9rapant pour balance v\u00e9t\u00e9rinaire 52x85 cm. Personnalis\u00e9 en en quadri, protection r\u00e9sistante en PVC souple.","og_url":"https:\/\/proramillenote.it\/fr\/housse-de-table-veterinaire-avec-insert-sku-729\/","og_site_name":"Gadgets d\u2019entreprise et post-it personnalis\u00e9s","article_modified_time":"2024-07-15T09:44:40+00:00","og_image":[{"width":600,"height":600,"url":"https:\/\/proramillenote.it\/wp-content\/uploads\/MSD_Copri_tavolo_veterinario_1.webp","type":"image\/webp"}],"twitter_card":"summary_large_image","twitter_image":"https:\/\/proramillenote.it\/wp-content\/uploads\/pittogramma-proramillenote-favicon.png?wsr","schema":{"@context":"https:\/\/schema.org","@graph":[{"@type":"WebPage","@id":"https:\/\/proramillenote.it\/fr\/housse-de-table-veterinaire-avec-insert-sku-729\/","url":"https:\/\/proramillenote.it\/fr\/housse-de-table-veterinaire-avec-insert-sku-729\/","name":"Housse de table v\u00e9t\u00e9rinaire avec insert","isPartOf":{"@id":"https:\/\/proramillenote.it\/fr\/#website"},"primaryImageOfPage":{"@id":"https:\/\/proramillenote.it\/fr\/housse-de-table-veterinaire-avec-insert-sku-729\/#primaryimage"},"image":{"@id":"https:\/\/proramillenote.it\/fr\/housse-de-table-veterinaire-avec-insert-sku-729\/#primaryimage"},"thumbnailUrl":"https:\/\/proramillenote.it\/wp-content\/uploads\/MSD_Copri_tavolo_veterinario_1.webp?wsr","datePublished":"2022-12-27T13:35:34+00:00","dateModified":"2024-07-15T09:44:40+00:00","description":"Fabricant de gadgets pharmaceutiques | Tapis antid\u00e9rapant pour balance v\u00e9t\u00e9rinaire 52x85 cm. Personnalis\u00e9 en en quadri, protection r\u00e9sistante en PVC souple.","breadcrumb":{"@id":"https:\/\/proramillenote.it\/fr\/housse-de-table-veterinaire-avec-insert-sku-729\/#breadcrumb"},"inLanguage":"fr-FR","potentialAction":[{"@type":"ReadAction","target":["https:\/\/proramillenote.it\/fr\/housse-de-table-veterinaire-avec-insert-sku-729\/"]}]},{"@type":"ImageObject","inLanguage":"fr-FR","@id":"https:\/\/proramillenote.it\/fr\/housse-de-table-veterinaire-avec-insert-sku-729\/#primaryimage","url":"https:\/\/proramillenote.it\/wp-content\/uploads\/MSD_Copri_tavolo_veterinario_1.webp?wsr","contentUrl":"https:\/\/proramillenote.it\/wp-content\/uploads\/MSD_Copri_tavolo_veterinario_1.webp?wsr","width":600,"height":600,"caption":"Copri tavolo veterinario con inserto"},{"@type":"BreadcrumbList","@id":"https:\/\/proramillenote.it\/fr\/housse-de-table-veterinaire-avec-insert-sku-729\/#breadcrumb","itemListElement":[{"@type":"ListItem","position":1,"name":"Proramillenote","item":"https:\/\/proramillenote.it\/fr\/"},{"@type":"ListItem","position":2,"name":"Housse de table v\u00e9t\u00e9rinaire avec insert"}]},{"@type":"WebSite","@id":"https:\/\/proramillenote.it\/fr\/#website","url":"https:\/\/proramillenote.it\/fr\/","name":"Proramillenote gadget aziendali e post-it personalizzati","description":"Post-it personalizzati, block notes con logo e gadget aziendali per il marketing B2B. Specialisti in gadget promozionali per medici e aziende farmaceutiche.","publisher":{"@id":"https:\/\/proramillenote.it\/fr\/#organization"},"alternateName":"Proramillenote","potentialAction":[{"@type":"SearchAction","target":{"@type":"EntryPoint","urlTemplate":"https:\/\/proramillenote.it\/fr\/?s={search_term_string}"},"query-input":{"@type":"PropertyValueSpecification","valueRequired":true,"valueName":"search_term_string"}}],"inLanguage":"fr-FR"},{"@type":"Organization","@id":"https:\/\/proramillenote.it\/fr\/#organization","name":"Proramillenote gadgets d\u2019entreprise et post-it personnalis\u00e9s","alternateName":"Proramillenote","url":"https:\/\/proramillenote.it\/fr\/","logo":{"@type":"ImageObject","inLanguage":"fr-FR","@id":"https:\/\/proramillenote.it\/fr\/#\/schema\/logo\/image\/","url":"https:\/\/proramillenote.it\/wp-content\/uploads\/papercube800.png?wsr","contentUrl":"https:\/\/proramillenote.it\/wp-content\/uploads\/papercube800.png?wsr","width":800,"height":800,"caption":"Proramillenote gadgets d\u2019entreprise et post-it personnalis\u00e9s"},"image":{"@id":"https:\/\/proramillenote.it\/fr\/#\/schema\/logo\/image\/"},"description":"\u2022 Specialista in produzione e commercio di gadget per medici e gadget per veterinari personalizzati. \u2022 Produzione di gadget aziendali per qualsiasi settore merceologico dal 1975. \u2022 Produttore di post-it personalizzati, post-it sagomati e cubi di carta personalizzati in stampa digitale oppure offset. Produttore di block-notes con logo. \u2022 Con cartotecnica creativa progettiamo KIT di post-it su misura, Made in Italy e di design italiano, insigniti del prestigioso premio europeo PGA Promotional Gift Award. \u2022 Concorso #Ossoduro \"Design di brand reminder da scrivania innovativi\" concepito per incoraggiare la creativit\u00e0 degli studenti di scuole secondarie di design e grafica. Annuale - Ed.7\u00b0 2024-2025. \u2022 Proramillenote \u00e8 produttore accreditato EUDAMED per la fornitura di DMClasse I \u2022 Proramillenote \u00e8 certificata FSC\u00ae Chain of custody.","email":"customercare@proramillenote.it","telephone":"+39 039616593","legalName":"Proramillenote Srl","foundingDate":"1972-01-01","vatID":"10323920966","taxID":"10323920966","numberOfEmployees":{"@type":"QuantitativeValue","minValue":"11","maxValue":"50"},"publishingPrinciples":"https:\/\/proramillenote.it\/politica-su-etica\/","ownershipFundingInfo":"https:\/\/proramillenote.it\/politica-su-etica\/","actionableFeedbackPolicy":"https:\/\/proramillenote.it\/politica-su-etica\/","correctionsPolicy":"https:\/\/proramillenote.it\/politica-su-etica\/","ethicsPolicy":"https:\/\/proramillenote.it\/politica-su-etica\/","diversityPolicy":"https:\/\/proramillenote.it\/politica-su-etica\/","diversityStaffingReport":"https:\/\/proramillenote.it\/politica-su-etica\/"}]},"product_brand":"Proramillenote","og_availability":"instock","product_availability":"instock","product_retailer_item_id":"729","product_condition":"new"},"_links":{"self":[{"href":"https:\/\/proramillenote.it\/fr\/wp-json\/wp\/v2\/product\/27929","targetHints":{"allow":["GET"]}}],"collection":[{"href":"https:\/\/proramillenote.it\/fr\/wp-json\/wp\/v2\/product"}],"about":[{"href":"https:\/\/proramillenote.it\/fr\/wp-json\/wp\/v2\/types\/product"}],"version-history":[{"count":0,"href":"https:\/\/proramillenote.it\/fr\/wp-json\/wp\/v2\/product\/27929\/revisions"}],"wp:featuredmedia":[{"embeddable":true,"href":"https:\/\/proramillenote.it\/fr\/wp-json\/wp\/v2\/media\/27903"}],"wp:attachment":[{"href":"https:\/\/proramillenote.it\/fr\/wp-json\/wp\/v2\/media?parent=27929"}],"wp:term":[{"taxonomy":"product_brand","embeddable":true,"href":"https:\/\/proramillenote.it\/fr\/wp-json\/wp\/v2\/product_brand?post=27929"},{"taxonomy":"product_cat","embeddable":true,"href":"https:\/\/proramillenote.it\/fr\/wp-json\/wp\/v2\/product_cat?post=27929"},{"taxonomy":"product_tag","embeddable":true,"href":"https:\/\/proramillenote.it\/fr\/wp-json\/wp\/v2\/product_tag?post=27929"}],"curies":[{"name":"wp","href":"https:\/\/api.w.org\/{rel}","templated":true}]}}