{"id":30618,"date":"2026-02-08T11:14:06","date_gmt":"2026-02-08T10:14:06","guid":{"rendered":"https:\/\/proramillenote.it\/prodotti\/post-it-sagomati-animali-sku-902\/"},"modified":"2026-02-24T10:14:56","modified_gmt":"2026-02-24T09:14:56","slug":"post-it-en-forme-d-animaux-sku-902","status":"publish","type":"product","link":"https:\/\/proramillenote.it\/fr\/post-it-en-forme-d-animaux-sku-902\/","title":{"rendered":"Post-it en forme d&rsquo;animaux"},"content":{"rendered":"<h2>Post-it en forme d&rsquo;animaux pour tous<\/h2>\n<h3>Sagomes disponibles pour les post-it en forme d&rsquo;animaux<\/h3>\n<ol>\n<li>Sagome SG-C001 <strong>Papillon<\/strong> 98&#215;70 mm<\/li>\n<li>Sagome SG-C002 <strong>Chat Fusion<\/strong> 94&#215;95 mm<\/li>\n<li>Sagome SG-C003 <strong>Patte petit <\/strong>70&#215;70 mm<\/li>\n<li>Sagome SG-C012 <strong>Patte grande<\/strong> 90&#215;90 mm<\/li>\n<li>Sagome SG-C004 <strong>Chat<\/strong> 69&#215;82 mm<\/li>\n<li>Sagome SG-C005 <strong>Chien<\/strong> 70&#215;83 mm<\/li>\n<li>Sagome SG-C006 <strong>Chat<\/strong> 93X92 mm<\/li>\n<li>Sagome SG-C007 <strong>Ours <\/strong>95&#215;95 mm (\u00e9galement avec couverture pour post-it de 50 feuilles)<\/li>\n<li>Sagome SG-C008 <strong>Renard <\/strong>93&#215;96 mm<\/li>\n<li>Sagome SG-C009 <strong>Poisson <\/strong>73&#215;63 mm<\/li>\n<li>Sagome SG-C010 <strong>Tortue<\/strong> 97&#215;69 mm<\/li>\n<li>Sagome SG-C011 <strong>Renard-\u00e9toile <\/strong>77&#215;70 mm<\/li>\n<\/ol>\n<p><span style=\"color: #ff6600;\">\u00c0 ne pas manquer :<\/span><\/p>\n<ul>\n<li>Forme <strong>SG-F010 2 Vaches vues d&rsquo;en haut<\/strong> 102&#215;73 mm <strong>(<a href=\"https:\/\/proramillenote.it\/fr\/post-it-decoupes-formes-geometriques-fantaisie-sku-905\/\">SKU 905<\/a>)<\/strong><\/li>\n<\/ul>\n<h3>Post-it en forme d&rsquo;animaux de compagnie pour tous les amoureux des animaux<\/h3>\n<p>L&rsquo;interaction directe avec les animaux de compagnie cr\u00e9e des liens \u00e9motionnels forts. Passer du temps avec eux chaque jour apporte joie, amour inconditionnel et bienfaits pour la sant\u00e9 mentale. De plus, cela r\u00e9duit le stress et favorise un mode de vie actif et sain.<\/p>\n<p>Ainsi, personnaliser des blocs-notes en forme d&rsquo;animaux avec des logos ou des messages d&rsquo;entreprise est une strat\u00e9gie marketing con\u00e7ue pour susciter la gentillesse et l&rsquo;engagement dans tous les secteurs.<\/p>\n<p>Choisissez parmi notre gamme de post-it populaires en forme d&rsquo;animaux pour promouvoir votre message de campagne ou demander une forme personnalis\u00e9e adapt\u00e9e \u00e0 vos besoins.<\/p>\n<h3>Post-it d\u00e9coup\u00e9 en forme d&rsquo;animaux pour les v\u00e9t\u00e9rinaires<\/h3>\n<p>Cet<strong> outil efficace pour les v\u00e9t\u00e9rinaires<\/strong> augmente la visibilit\u00e9 de la marque et est utile dans les cabinets v\u00e9t\u00e9rinaires.<\/p>\n<p>Les blocs-notes en forme d&rsquo;animaux mettent en avant l&rsquo;engagement en faveur du bien-\u00eatre animal, renfor\u00e7ant ainsi le lien \u00e9motionnel entre les professionnels de l&rsquo;industrie, les propri\u00e9taires d&rsquo;animaux et les entreprises pharmaceutiques.<\/p>\n<p>En outre, ils contribuent \u00e0 consolider la relation entre ces parties prenantes.<\/p>\n<h3>Post-it en forme d&rsquo;animaux pour les organisations \u00e0 but non lucratif et les causes<\/h3>\n<p>Les blocs-notes en forme d&rsquo;animaux personnalis\u00e9s soutiennent la cause du bien-\u00eatre animal et la protection de l&rsquo;environnement.<br \/>\nDe plus, personnaliser ces accessoires avec des formes d&rsquo;animaux communique efficacement des valeurs de soin et de d\u00e9vouement envers les animaux, sensibilisant ainsi \u00e0 la n\u00e9cessit\u00e9 de <strong>prot\u00e9ger les animaux et la biodiversit\u00e9<\/strong>.<br \/>\nEn outre, l&rsquo;utilisation de blocs-notes en papier recycl\u00e9 facilite \u00e9galement la collecte de fonds et la mobilisation des sympathisants..<\/p>\n<h3>Post-it avec des formes d&rsquo;animaux de compagnie&#8230; et bien plus encore !<\/h3>\n<p>Les post-it en forme d&rsquo;animaux sont un <strong>cadeau id\u00e9al pour les entreprises pharmaceutiques<\/strong> sp\u00e9cialis\u00e9es dans le <strong>domaine V\u00c9T, dans n&rsquo;importe quelle sp\u00e9cialit\u00e9. <\/strong>Trouvez les formes parfaites dans notre archive de formes d\u00e9j\u00e0 pr\u00eates.<br \/>\nSi parmi les <a href=\"https:\/\/proramillenote.it\/fr\/post-it-en-forme-personnalise\/\">100 formes les plus populaires<\/a>, vous ne trouvez pas celles que vous recherchez, demandez une forme sur mesure, nous avons des formes id\u00e9ales pour chaque domaine sp\u00e9cialis\u00e9 :<\/p>\n<ul>\n<li>Post-it d\u00e9coup\u00e9s en forme d&rsquo;<strong>animaux de compagnie<\/strong><\/li>\n<li>Post-it d\u00e9coup\u00e9s comme gadget pour la <strong>zootecnia<\/strong> et des <strong>animaux de rente des \u00e9levages<\/strong>, (bovins, porcs, ovins et caprins).<\/li>\n<li>Post-it d\u00e9coup\u00e9s \u00e0 utiliser comme gadget pour la <strong>m\u00e9decine v\u00e9t\u00e9rinaire \u00e9quine<\/strong>, concentr\u00e9e sur la sant\u00e9 et le bien-\u00eatre des chevaux.<\/li>\n<li>Post-it d\u00e9coup\u00e9s gadgets pour la <strong>m\u00e9decine v\u00e9t\u00e9rinaire exotique<\/strong>, incluant les reptiles, les petits mammif\u00e8res, les poissons tropicaux et les oiseaux.<\/li>\n<li>Post-it d\u00e9coup\u00e9s \u00e0 utiliser comme gadget pour la <strong>v\u00e9t\u00e9rinaire de la faune sauvage<\/strong>.<\/li>\n<\/ul>\n<h3><strong>Caract\u00e9ristiques techniques<\/strong><\/h3>\n<ul>\n<li><strong>\u00c9paisseur du post-it<\/strong>:<br \/>\nBloc-notes en papier adh\u00e9sif repositionnable de 25, 50 et 100 feuilles, personnalisables selon vos besoins.<\/li>\n<li><strong>Personnalisation<\/strong>:<br \/>\nImpression offset sur chaque feuille &#8211; seulement en blanc &#8211; avec la possibilit\u00e9 d&rsquo;ajouter une couverture personnalis\u00e9e.<\/li>\n<li><strong>Traitements sp\u00e9ciaux<\/strong>:<br \/>\n1) Nous offrons la possibilit\u00e9 d&rsquo;imprimer un fond color\u00e9 Pantone sur chaque feuille (uniquement en blanc).<br \/>\n2) Nous proposons \u00e9galement la possibilit\u00e9 d&rsquo;alterner, selon un sch\u00e9ma A-B-A-B-A&#8230;, la couleur des feuilles blanches et jaunes (couleur de la p\u00e2te \u00e0 papier), avec une impression maximum de 2 couleurs sur les feuilles et m\u00eame deux sujets diff\u00e9rents.<\/li>\n<li><strong>Mat\u00e9riaux<\/strong>:<br \/>\nPapier post-it disponible en papier recycl\u00e9, avec des encres et une colle respectueuses de l&rsquo;environnement.<\/li>\n<\/ul>\n<h3>Gadgets de bureau parfaits pour les \u00e9v\u00e9nements et les salons<\/h3>\n<p>Nos post-it d\u00e9coup\u00e9s sont fabriqu\u00e9s avec des mat\u00e9riaux de haute qualit\u00e9 et sont id\u00e9aux comme cadeaux promotionnels pour les \u00e9v\u00e9nements d&rsquo;entreprise ou les salons professionnels.<br \/>\nDe plus, ajoutez une couverture personnalis\u00e9e pour une touche suppl\u00e9mentaire de branding.<\/p>\n<h3>Post-it d\u00e9coup\u00e9s avec couverture pour les v\u00e9t\u00e9rinaires<\/h3>\n<p>Vous pouvez ajouter une couverture \u00e0 certains post-it d\u00e9coup\u00e9s.<br \/>\nEn plus de ceux d\u00e9j\u00e0 indiqu\u00e9s dans la galerie de photos, consultez les <a href=\"https:\/\/proramillenote.it\/fr\/post-it-en-formes-avec-couverture\/\">post-it d\u00e9coup\u00e9s avec couverture SKU 094<\/a>.<\/p>\n<h6>Quantit\u00e9 minimum 1 000 pcs<\/h6>\n","protected":false},"excerpt":{"rendered":"<p>Post-it en forme d&rsquo;animaux pour les amateurs d&rsquo;animaux de compagnie, mais pas seulement. Ils sont id\u00e9aux dans tous les secteurs d&rsquo;entreprise. Ils sont parfaits pour les entreprises pharmaceutiques v\u00e9t\u00e9rinaires et les organisations \u00e0 but non lucratif. Consultez nos mod\u00e8les standard ou demandez des mod\u00e8les sur mesure.<\/p>\n","protected":false},"featured_media":30923,"template":"","meta":[],"product_brand":[5138],"product_cat":[5195,5235,646,652],"product_tag":[5268],"class_list":{"0":"post-30618","1":"product","2":"type-product","3":"status-publish","4":"has-post-thumbnail","6":"product_brand-fabricant-proramillenote","7":"product_cat-cout-entre-1-et-2-euros","8":"product_cat-livraison-en-4-semaines","9":"product_cat-post-it-personnalises","10":"product_cat-post-it-en-forme-personnalise","11":"product_tag-post-it-decoupes","12":"pa_colori-carta-post-it-papier-post-it-a-pate-alternee-blanche-et-jaune-fsc","13":"pa_colori-carta-post-it-papier-post-it-a-pate-blanc-standard-fsc","14":"pa_colori-carta-post-it-papier-post-it-a-pate-jaune-fsc","15":"pa_num-col-stampa-fogli-post-it-feuilles-impression-2-couleurs-fr","16":"pa_num-col-stampa-fogli-post-it-feuilles-impression-1-couleur-fr","17":"pa_num-col-stampa-fogli-post-it-feuilles-impression-3-couleurs-fr","18":"pa_num-col-stampa-fogli-post-it-feuilles-impression-4-couleurs-fr","19":"pa_numero-fogli-100-fr","20":"pa_numero-fogli-200-fr","21":"pa_numero-fogli-25-fr","22":"pa_numero-fogli-300-fr","23":"pa_numero-fogli-400-fr","24":"pa_numero-fogli-50-fr","25":"pa_numero-fogli-500-fr-2","26":"pa_sagome-foglietti-animali-gabarit-en-forme-danimal-sur-mesure","27":"pa_sagome-foglietti-animali-sg-c001-animaux-papillon-98x70-mm","28":"pa_sagome-foglietti-animali-sg-c002-animaux-chat-fusion-94x95-mm","29":"pa_sagome-foglietti-animali-sg-c003-animaux-patte-70x70-mm-petit","30":"pa_sagome-foglietti-animali-sg-c004-animaux-chat-69x82-mm","31":"pa_sagome-foglietti-animali-sg-c005-animaux-chien-70x83-mm","32":"pa_sagome-foglietti-animali-sg-c006-animaux-chat-93x92-mm","33":"pa_sagome-foglietti-animali-sg-c007-animaux-ours-95x95-mm","34":"pa_sagome-foglietti-animali-sg-c007-animaux-ours-95x95-mm-egalement-avec-couverture-en-option","35":"pa_sagome-foglietti-animali-sg-c008-animaux-renard-93x96-mm","36":"pa_sagome-foglietti-animali-sg-c009-animaux-poisson-73x63-mm","37":"pa_sagome-foglietti-animali-sg-c010-animaux-tortue-97x69-mm","38":"pa_sagome-foglietti-animali-sg-c011-animaux-renard-etoile77x70-mm","39":"pa_sagome-foglietti-animali-sg-c012-animaux-patte-90-x-90-mm-grande","40":"pa_tipo-di-carta-materiali-papier-adhesif-certifie-fsc","41":"pa_tipo-di-carta-materiali-papier-adhesif-recycle","43":"first","44":"instock","45":"shipping-taxable","46":"purchasable","47":"product-type-variable","48":"has-default-attributes"},"yoast_head":"<!-- This site is optimized with the Yoast SEO Premium plugin v27.2 (Yoast SEO v27.2) - https:\/\/yoast.com\/product\/yoast-seo-premium-wordpress\/ -->\n<title>Post-it en forme d&#039;animaux producteur gadget pour les v\u00e9t\u00e9rinaires<\/title>\n<meta name=\"description\" content=\"\ud83d\ude3b Production de post-it en forme d&#039;animaux pour les entreprises, pharmaceutiques v\u00e9t\u00e9rinaires. Choisissez formes pr\u00e9d\u00e9finies. Gadget v\u00e9t\u00e9rinaire.\" \/>\n<meta name=\"robots\" content=\"index, follow, max-snippet:-1, max-image-preview:large, max-video-preview:-1\" \/>\n<link rel=\"canonical\" href=\"https:\/\/proramillenote.it\/fr\/post-it-en-forme-d-animaux-sku-902\/\" \/>\n<meta property=\"og:locale\" content=\"fr_FR\" \/>\n<meta property=\"og:type\" content=\"article\" \/>\n<meta property=\"og:title\" content=\"Post-it en forme d&#039;animaux producteur gadget pour les v\u00e9t\u00e9rinaires\" \/>\n<meta property=\"og:description\" content=\"\ud83d\ude3b Production de post-it en forme d&#039;animaux pour les entreprises, pharmaceutiques v\u00e9t\u00e9rinaires. Choisissez formes pr\u00e9d\u00e9finies. Gadget v\u00e9t\u00e9rinaire.\" \/>\n<meta property=\"og:url\" content=\"https:\/\/proramillenote.it\/fr\/post-it-en-forme-d-animaux-sku-902\/\" \/>\n<meta property=\"og:site_name\" content=\"Gadget aziendali e post-it personalizzati\" \/>\n<meta property=\"article:modified_time\" content=\"2026-02-24T09:14:56+00:00\" \/>\n<meta property=\"og:image\" content=\"https:\/\/proramillenote.it\/wp-content\/uploads\/MemotackSagomato-Impronta-Pet-tuo-logo.webp?wsr\" \/>\n\t<meta property=\"og:image:width\" content=\"600\" \/>\n\t<meta property=\"og:image:height\" content=\"600\" \/>\n\t<meta property=\"og:image:type\" content=\"image\/webp\" \/>\n<meta name=\"twitter:card\" content=\"summary_large_image\" \/>\n<meta name=\"twitter:image\" content=\"https:\/\/proramillenote.it\/wp-content\/uploads\/pittogramma-proramillenote-favicon.png?wsr\" \/>\n<script type=\"application\/ld+json\" class=\"yoast-schema-graph\">{\"@context\":\"https:\/\/schema.org\",\"@graph\":[{\"@type\":\"WebPage\",\"@id\":\"https:\/\/proramillenote.it\/fr\/post-it-en-forme-d-animaux-sku-902\/\",\"url\":\"https:\/\/proramillenote.it\/fr\/post-it-en-forme-d-animaux-sku-902\/\",\"name\":\"Post-it en forme d'animaux producteur gadget pour les v\u00e9t\u00e9rinaires\",\"isPartOf\":{\"@id\":\"https:\/\/proramillenote.it\/fr\/#website\"},\"primaryImageOfPage\":{\"@id\":\"https:\/\/proramillenote.it\/fr\/post-it-en-forme-d-animaux-sku-902\/#primaryimage\"},\"image\":{\"@id\":\"https:\/\/proramillenote.it\/fr\/post-it-en-forme-d-animaux-sku-902\/#primaryimage\"},\"thumbnailUrl\":\"https:\/\/proramillenote.it\/wp-content\/uploads\/MemotackSagomato-Impronta-Pet-tuo-logo.webp?wsr\",\"datePublished\":\"2026-02-08T10:14:06+00:00\",\"dateModified\":\"2026-02-24T09:14:56+00:00\",\"description\":\"\ud83d\ude3b Production de post-it en forme d'animaux pour les entreprises, pharmaceutiques v\u00e9t\u00e9rinaires. Choisissez formes pr\u00e9d\u00e9finies. Gadget v\u00e9t\u00e9rinaire.\",\"breadcrumb\":{\"@id\":\"https:\/\/proramillenote.it\/fr\/post-it-en-forme-d-animaux-sku-902\/#breadcrumb\"},\"inLanguage\":\"fr-FR\",\"potentialAction\":[{\"@type\":\"ReadAction\",\"target\":[\"https:\/\/proramillenote.it\/fr\/post-it-en-forme-d-animaux-sku-902\/\"]}]},{\"@type\":\"ImageObject\",\"inLanguage\":\"fr-FR\",\"@id\":\"https:\/\/proramillenote.it\/fr\/post-it-en-forme-d-animaux-sku-902\/#primaryimage\",\"url\":\"https:\/\/proramillenote.it\/wp-content\/uploads\/MemotackSagomato-Impronta-Pet-tuo-logo.webp?wsr\",\"contentUrl\":\"https:\/\/proramillenote.it\/wp-content\/uploads\/MemotackSagomato-Impronta-Pet-tuo-logo.webp?wsr\",\"width\":600,\"height\":600,\"caption\":\"Post-it d\u00e9coup\u00e9s en forme d'animaux Empreinte de patte SG-C003\"},{\"@type\":\"BreadcrumbList\",\"@id\":\"https:\/\/proramillenote.it\/fr\/post-it-en-forme-d-animaux-sku-902\/#breadcrumb\",\"itemListElement\":[{\"@type\":\"ListItem\",\"position\":1,\"name\":\"Proramillenote\",\"item\":\"https:\/\/proramillenote.it\/fr\/\"},{\"@type\":\"ListItem\",\"position\":2,\"name\":\"Post-it en forme d&#8217;animaux\"}]},{\"@type\":\"WebSite\",\"@id\":\"https:\/\/proramillenote.it\/fr\/#website\",\"url\":\"https:\/\/proramillenote.it\/fr\/\",\"name\":\"Proramillenote gadget aziendali e post-it personalizzati\",\"description\":\"Post-it personalizzati, block notes con logo e gadget aziendali per il marketing B2B. Specialisti in gadget promozionali per medici e aziende farmaceutiche.\",\"publisher\":{\"@id\":\"https:\/\/proramillenote.it\/fr\/#organization\"},\"alternateName\":\"Proramillenote\",\"potentialAction\":[{\"@type\":\"SearchAction\",\"target\":{\"@type\":\"EntryPoint\",\"urlTemplate\":\"https:\/\/proramillenote.it\/fr\/?s={search_term_string}\"},\"query-input\":{\"@type\":\"PropertyValueSpecification\",\"valueRequired\":true,\"valueName\":\"search_term_string\"}}],\"inLanguage\":\"fr-FR\"},{\"@type\":\"Organization\",\"@id\":\"https:\/\/proramillenote.it\/fr\/#organization\",\"name\":\"Proramillenote gadget aziendali e post-it personalizzati\",\"alternateName\":\"Proramillenote\",\"url\":\"https:\/\/proramillenote.it\/fr\/\",\"logo\":{\"@type\":\"ImageObject\",\"inLanguage\":\"fr-FR\",\"@id\":\"https:\/\/proramillenote.it\/fr\/#\/schema\/logo\/image\/\",\"url\":\"https:\/\/proramillenote.it\/wp-content\/uploads\/papercube800.png?wsr\",\"contentUrl\":\"https:\/\/proramillenote.it\/wp-content\/uploads\/papercube800.png?wsr\",\"width\":800,\"height\":800,\"caption\":\"Proramillenote gadget aziendali e post-it personalizzati\"},\"image\":{\"@id\":\"https:\/\/proramillenote.it\/fr\/#\/schema\/logo\/image\/\"},\"description\":\"\u2022 Specialista in produzione e commercio di gadget per medici e gadget per veterinari personalizzati. \u2022 Produzione di gadget aziendali per qualsiasi settore merceologico dal 1975. \u2022 Produttore di post-it personalizzati, post-it sagomati e cubi di carta personalizzati in stampa digitale oppure offset. Produttore di block-notes con logo. \u2022 Con cartotecnica creativa progettiamo KIT di post-it su misura, Made in Italy e di design italiano, insigniti del prestigioso premio europeo PGA Promotional Gift Award. \u2022 Concorso #Ossoduro \\\"Design di brand reminder da scrivania innovativi\\\" concepito per incoraggiare la creativit\u00e0 degli studenti di scuole secondarie di design e grafica. Annuale - Ed.7\u00b0 2024-2025. \u2022 Proramillenote \u00e8 produttore accreditato EUDAMED per la fornitura di DMClasse I \u2022 Proramillenote \u00e8 certificata FSC\u00ae Chain of custody.\",\"email\":\"customercare@proramillenote.it\",\"telephone\":\"+39 039616593\",\"legalName\":\"Proramillenote Srl\",\"foundingDate\":\"1972-01-01\",\"vatID\":\"10323920966\",\"taxID\":\"10323920966\",\"numberOfEmployees\":{\"@type\":\"QuantitativeValue\",\"minValue\":\"11\",\"maxValue\":\"50\"},\"publishingPrinciples\":\"https:\/\/proramillenote.it\/politica-su-etica\/\",\"ownershipFundingInfo\":\"https:\/\/proramillenote.it\/politica-su-etica\/\",\"actionableFeedbackPolicy\":\"https:\/\/proramillenote.it\/politica-su-etica\/\",\"correctionsPolicy\":\"https:\/\/proramillenote.it\/politica-su-etica\/\",\"ethicsPolicy\":\"https:\/\/proramillenote.it\/politica-su-etica\/\",\"diversityPolicy\":\"https:\/\/proramillenote.it\/politica-su-etica\/\",\"diversityStaffingReport\":\"https:\/\/proramillenote.it\/politica-su-etica\/\"}]}<\/script>\n<meta property=\"product:brand\" content=\"Fabricant Proramillenote\" \/>\n<meta property=\"og:availability\" content=\"instock\" \/>\n<meta property=\"product:availability\" content=\"instock\" \/>\n<meta property=\"product:retailer_item_id\" content=\"902\" \/>\n<meta property=\"product:condition\" content=\"new\" \/>\n<!-- \/ Yoast SEO Premium plugin. -->","yoast_head_json":{"title":"Post-it en forme d'animaux producteur gadget pour les v\u00e9t\u00e9rinaires","description":"\ud83d\ude3b Production de post-it en forme d'animaux pour les entreprises, pharmaceutiques v\u00e9t\u00e9rinaires. Choisissez formes pr\u00e9d\u00e9finies. Gadget v\u00e9t\u00e9rinaire.","robots":{"index":"index","follow":"follow","max-snippet":"max-snippet:-1","max-image-preview":"max-image-preview:large","max-video-preview":"max-video-preview:-1"},"canonical":"https:\/\/proramillenote.it\/fr\/post-it-en-forme-d-animaux-sku-902\/","og_locale":"fr_FR","og_type":"article","og_title":"Post-it en forme d'animaux producteur gadget pour les v\u00e9t\u00e9rinaires","og_description":"\ud83d\ude3b Production de post-it en forme d'animaux pour les entreprises, pharmaceutiques v\u00e9t\u00e9rinaires. Choisissez formes pr\u00e9d\u00e9finies. Gadget v\u00e9t\u00e9rinaire.","og_url":"https:\/\/proramillenote.it\/fr\/post-it-en-forme-d-animaux-sku-902\/","og_site_name":"Gadget aziendali e post-it personalizzati","article_modified_time":"2026-02-24T09:14:56+00:00","og_image":[{"width":600,"height":600,"url":"https:\/\/proramillenote.it\/wp-content\/uploads\/MemotackSagomato-Impronta-Pet-tuo-logo.webp?wsr","type":"image\/webp"}],"twitter_card":"summary_large_image","twitter_image":"https:\/\/proramillenote.it\/wp-content\/uploads\/pittogramma-proramillenote-favicon.png?wsr","schema":{"@context":"https:\/\/schema.org","@graph":[{"@type":"WebPage","@id":"https:\/\/proramillenote.it\/fr\/post-it-en-forme-d-animaux-sku-902\/","url":"https:\/\/proramillenote.it\/fr\/post-it-en-forme-d-animaux-sku-902\/","name":"Post-it en forme d'animaux producteur gadget pour les v\u00e9t\u00e9rinaires","isPartOf":{"@id":"https:\/\/proramillenote.it\/fr\/#website"},"primaryImageOfPage":{"@id":"https:\/\/proramillenote.it\/fr\/post-it-en-forme-d-animaux-sku-902\/#primaryimage"},"image":{"@id":"https:\/\/proramillenote.it\/fr\/post-it-en-forme-d-animaux-sku-902\/#primaryimage"},"thumbnailUrl":"https:\/\/proramillenote.it\/wp-content\/uploads\/MemotackSagomato-Impronta-Pet-tuo-logo.webp?wsr","datePublished":"2026-02-08T10:14:06+00:00","dateModified":"2026-02-24T09:14:56+00:00","description":"\ud83d\ude3b Production de post-it en forme d'animaux pour les entreprises, pharmaceutiques v\u00e9t\u00e9rinaires. Choisissez formes pr\u00e9d\u00e9finies. Gadget v\u00e9t\u00e9rinaire.","breadcrumb":{"@id":"https:\/\/proramillenote.it\/fr\/post-it-en-forme-d-animaux-sku-902\/#breadcrumb"},"inLanguage":"fr-FR","potentialAction":[{"@type":"ReadAction","target":["https:\/\/proramillenote.it\/fr\/post-it-en-forme-d-animaux-sku-902\/"]}]},{"@type":"ImageObject","inLanguage":"fr-FR","@id":"https:\/\/proramillenote.it\/fr\/post-it-en-forme-d-animaux-sku-902\/#primaryimage","url":"https:\/\/proramillenote.it\/wp-content\/uploads\/MemotackSagomato-Impronta-Pet-tuo-logo.webp?wsr","contentUrl":"https:\/\/proramillenote.it\/wp-content\/uploads\/MemotackSagomato-Impronta-Pet-tuo-logo.webp?wsr","width":600,"height":600,"caption":"Post-it d\u00e9coup\u00e9s en forme d'animaux Empreinte de patte SG-C003"},{"@type":"BreadcrumbList","@id":"https:\/\/proramillenote.it\/fr\/post-it-en-forme-d-animaux-sku-902\/#breadcrumb","itemListElement":[{"@type":"ListItem","position":1,"name":"Proramillenote","item":"https:\/\/proramillenote.it\/fr\/"},{"@type":"ListItem","position":2,"name":"Post-it en forme d&#8217;animaux"}]},{"@type":"WebSite","@id":"https:\/\/proramillenote.it\/fr\/#website","url":"https:\/\/proramillenote.it\/fr\/","name":"Proramillenote gadget aziendali e post-it personalizzati","description":"Post-it personalizzati, block notes con logo e gadget aziendali per il marketing B2B. Specialisti in gadget promozionali per medici e aziende farmaceutiche.","publisher":{"@id":"https:\/\/proramillenote.it\/fr\/#organization"},"alternateName":"Proramillenote","potentialAction":[{"@type":"SearchAction","target":{"@type":"EntryPoint","urlTemplate":"https:\/\/proramillenote.it\/fr\/?s={search_term_string}"},"query-input":{"@type":"PropertyValueSpecification","valueRequired":true,"valueName":"search_term_string"}}],"inLanguage":"fr-FR"},{"@type":"Organization","@id":"https:\/\/proramillenote.it\/fr\/#organization","name":"Proramillenote gadget aziendali e post-it personalizzati","alternateName":"Proramillenote","url":"https:\/\/proramillenote.it\/fr\/","logo":{"@type":"ImageObject","inLanguage":"fr-FR","@id":"https:\/\/proramillenote.it\/fr\/#\/schema\/logo\/image\/","url":"https:\/\/proramillenote.it\/wp-content\/uploads\/papercube800.png?wsr","contentUrl":"https:\/\/proramillenote.it\/wp-content\/uploads\/papercube800.png?wsr","width":800,"height":800,"caption":"Proramillenote gadget aziendali e post-it personalizzati"},"image":{"@id":"https:\/\/proramillenote.it\/fr\/#\/schema\/logo\/image\/"},"description":"\u2022 Specialista in produzione e commercio di gadget per medici e gadget per veterinari personalizzati. \u2022 Produzione di gadget aziendali per qualsiasi settore merceologico dal 1975. \u2022 Produttore di post-it personalizzati, post-it sagomati e cubi di carta personalizzati in stampa digitale oppure offset. Produttore di block-notes con logo. \u2022 Con cartotecnica creativa progettiamo KIT di post-it su misura, Made in Italy e di design italiano, insigniti del prestigioso premio europeo PGA Promotional Gift Award. \u2022 Concorso #Ossoduro \"Design di brand reminder da scrivania innovativi\" concepito per incoraggiare la creativit\u00e0 degli studenti di scuole secondarie di design e grafica. Annuale - Ed.7\u00b0 2024-2025. \u2022 Proramillenote \u00e8 produttore accreditato EUDAMED per la fornitura di DMClasse I \u2022 Proramillenote \u00e8 certificata FSC\u00ae Chain of custody.","email":"customercare@proramillenote.it","telephone":"+39 039616593","legalName":"Proramillenote Srl","foundingDate":"1972-01-01","vatID":"10323920966","taxID":"10323920966","numberOfEmployees":{"@type":"QuantitativeValue","minValue":"11","maxValue":"50"},"publishingPrinciples":"https:\/\/proramillenote.it\/politica-su-etica\/","ownershipFundingInfo":"https:\/\/proramillenote.it\/politica-su-etica\/","actionableFeedbackPolicy":"https:\/\/proramillenote.it\/politica-su-etica\/","correctionsPolicy":"https:\/\/proramillenote.it\/politica-su-etica\/","ethicsPolicy":"https:\/\/proramillenote.it\/politica-su-etica\/","diversityPolicy":"https:\/\/proramillenote.it\/politica-su-etica\/","diversityStaffingReport":"https:\/\/proramillenote.it\/politica-su-etica\/"}]},"product_brand":"Fabricant Proramillenote","og_availability":"instock","product_availability":"instock","product_retailer_item_id":"902","product_condition":"new"},"_links":{"self":[{"href":"https:\/\/proramillenote.it\/fr\/wp-json\/wp\/v2\/product\/30618","targetHints":{"allow":["GET"]}}],"collection":[{"href":"https:\/\/proramillenote.it\/fr\/wp-json\/wp\/v2\/product"}],"about":[{"href":"https:\/\/proramillenote.it\/fr\/wp-json\/wp\/v2\/types\/product"}],"version-history":[{"count":6,"href":"https:\/\/proramillenote.it\/fr\/wp-json\/wp\/v2\/product\/30618\/revisions"}],"predecessor-version":[{"id":90116,"href":"https:\/\/proramillenote.it\/fr\/wp-json\/wp\/v2\/product\/30618\/revisions\/90116"}],"wp:featuredmedia":[{"embeddable":true,"href":"https:\/\/proramillenote.it\/fr\/wp-json\/wp\/v2\/media\/30923"}],"wp:attachment":[{"href":"https:\/\/proramillenote.it\/fr\/wp-json\/wp\/v2\/media?parent=30618"}],"wp:term":[{"taxonomy":"product_brand","embeddable":true,"href":"https:\/\/proramillenote.it\/fr\/wp-json\/wp\/v2\/product_brand?post=30618"},{"taxonomy":"product_cat","embeddable":true,"href":"https:\/\/proramillenote.it\/fr\/wp-json\/wp\/v2\/product_cat?post=30618"},{"taxonomy":"product_tag","embeddable":true,"href":"https:\/\/proramillenote.it\/fr\/wp-json\/wp\/v2\/product_tag?post=30618"}],"curies":[{"name":"wp","href":"https:\/\/api.w.org\/{rel}","templated":true}]}}