{"id":30889,"date":"2026-02-20T11:34:20","date_gmt":"2026-02-20T10:34:20","guid":{"rendered":"https:\/\/proramillenote.it\/prodotti\/post-it-a-forma-di-esagono-sku-906\/"},"modified":"2025-11-20T12:56:15","modified_gmt":"2025-11-20T11:56:15","slug":"post-it-en-forme-dhexagone-sku-906","status":"publish","type":"product","link":"https:\/\/proramillenote.it\/fr\/post-it-en-forme-dhexagone-sku-906\/","title":{"rendered":"Post-it en forme d&rsquo;hexagone"},"content":{"rendered":"<p>h2&gt;Post-its en forme d&rsquo;hexagone dans diff\u00e9rents formats.<\/p>\n<h3><strong>Formats disponibles<\/strong><\/h3>\n<ol>\n<li>Hexagone <strong>forme<\/strong> SG-G001 <strong>70&#215;62 mm<\/strong><\/li>\n<li>Hexagone <strong>forme<\/strong> SG-G002 <strong>126&#215;71 mm<\/strong><\/li>\n<li>Hexagone <strong>forme avec coins arrondis<\/strong> SG-G003 95&#215;87 mm (aussi avec couverture optionnelle)<\/li>\n<li>Hexagone <strong>forme<\/strong> SG-G004 76&#215;88 mm<\/li>\n<li>Hexagone <strong>forme avec coins arrondis<\/strong> SG-G005 76.5&#215;67 mm<\/li>\n<\/ol>\n<h3><strong>\u00c9paisseur du post-it<\/strong><\/h3>\n<ul>\n<li>Blocs-notes en papier adh\u00e9sif repositionnable de 25, 50 et 100 feuilles<\/li>\n<li>Demandez un nombre personnalis\u00e9 de feuilles, jusqu&rsquo;\u00e0 un maximum de 500 feuilles.<\/li>\n<\/ul>\n<h3><strong>Personnalisation<\/strong><\/h3>\n<p>\u2022 Impression offset sur chaque feuille &#8211; recto uniquement &#8211;<br \/>\n\u2022 Option d&rsquo;attacher le post-it en forme \u00e0 une <strong>couverture en carton personnalis\u00e9e<\/strong><\/p>\n<h3><strong>Traitements sp\u00e9ciaux<\/strong><\/h3>\n<ol>\n<li>Option d&rsquo;imprimer un fond color\u00e9 Pantone sur chaque feuille (recto uniquement).<\/li>\n<li>Option d&rsquo;alterner la couleur des feuilles selon le sch\u00e9ma A-B-A-B-A&#8230;, feuilles blanches et jaunes (couleur de la p\u00e2te \u00e0 papier), impression jusqu&rsquo;\u00e0 2 couleurs m\u00eame pour 2 sujets diff\u00e9rents<\/li>\n<\/ol>\n<h3><strong>Sur mesure<\/strong><\/h3>\n<p>Demandez votre forme personnalis\u00e9e, avec ou sans couverture<\/p>\n<h3><strong>Mat\u00e9riaux :<\/strong><\/h3>\n<ul>\n<li>Papier post-it<\/li>\n<li><strong>Demandez du papier recycl\u00e9<\/strong><\/li>\n<li>Encres \u00e0 base d&rsquo;eau<\/li>\n<li>Colle repositionnable \u00e0 base d&rsquo;eau<\/li>\n<li>Film r\u00e9tractable avec \u00e9tiquetage environnemental si n\u00e9cessaire<\/li>\n<\/ul>\n<h6><strong>Quantit\u00e9 minimale 1.000 pcs<br \/>\nPour des formes non standard 3.000 pcs<\/strong><\/h6>\n<p>D\u00e9couvrez <a href=\"https:\/\/proramillenote.it\/fr\/post-it-en-forme-personnalise\/\">toutes les formes disponibles<\/a> pour cr\u00e9er vos post-it d\u00e9coup\u00e9s avec les designs les plus cr\u00e9atifs. <a href=\"https:\/\/proramillenote.it\/fr\/post-it-en-formes-avec-couverture\/\">Choisissez des formes avec des couvertures<\/a>. Profitez d&rsquo;une plus grande surface pour imprimer la campagne publicitaire du service ou du produit \u00e0 promouvoir. Une couverture lamin\u00e9e en option avec des graphiques attrayants ajoute une touche \u00e9l\u00e9gante et unique \u00e0 votre gadget personnalis\u00e9.<\/p>\n","protected":false},"excerpt":{"rendered":"<p>Post-it shaped as hexagons, 4-color print. Custom gadgets, with rounded corners and cover (70&#215;62, 126&#215;71, 95&#215;87, 76&#215;88, 76,5&#215;67 mm). D\u00e9couvrez la plus grande collection de sagomes existantes pour vos post-it hexagonaux. \u00c9paisseur: 25, 50, 100 feuilles, jusqu&rsquo;\u00e0 500. \u00c9galement disponible en papier recycl\u00e9.<\/p>\n","protected":false},"featured_media":30920,"template":"","meta":[],"product_brand":[5138],"product_cat":[5195,5235,646,652],"product_tag":[5268],"class_list":{"0":"post-30889","1":"product","2":"type-product","3":"status-publish","4":"has-post-thumbnail","6":"product_brand-fabricant-proramillenote","7":"product_cat-cout-entre-1-et-2-euros","8":"product_cat-livraison-en-4-semaines","9":"product_cat-post-it-personnalises","10":"product_cat-post-it-en-forme-personnalise","11":"product_tag-post-it-decoupes","12":"pa_colori-carta-post-it-papier-post-it-a-pate-alternee-blanche-et-jaune-fsc","13":"pa_colori-carta-post-it-papier-post-it-a-pate-blanc-standard-fsc","14":"pa_colori-carta-post-it-papier-post-it-a-pate-jaune-fsc","15":"pa_num-col-stampa-fogli-post-it-feuilles-impression-2-couleurs-fr","16":"pa_num-col-stampa-fogli-post-it-feuilles-impression-1-couleur-fr","17":"pa_num-col-stampa-fogli-post-it-feuilles-impression-3-couleurs-fr","18":"pa_num-col-stampa-fogli-post-it-feuilles-impression-4-couleurs-fr","19":"pa_numero-fogli-100-fr","20":"pa_numero-fogli-200-fr","21":"pa_numero-fogli-25-fr","22":"pa_numero-fogli-300-fr","23":"pa_numero-fogli-400-fr","24":"pa_numero-fogli-50-fr","25":"pa_numero-fogli-500-fr-2","26":"pa_sagome-foglietti-esagonali-formes-hexagonales-sur-mesure-fr","27":"pa_sagome-foglietti-esagonali-hexagone-avec-coins-arrondis-sg-g003-95x87-mm-fr","28":"pa_sagome-foglietti-esagonali-hexagone-avec-coins-arrondis-sg-g003-95x87-mm","29":"pa_sagome-foglietti-esagonali-hexagone-avec-coins-arrondis-sg-g003-95x87-mm-avec-couverture-50-feuilles-fr","30":"pa_sagome-foglietti-esagonali-hexagone-avec-coins-arrondis-sg-g005-76-5x67-mm","31":"pa_sagome-foglietti-esagonali-hexagone-sg-g001-70x62-mm","32":"pa_sagome-foglietti-esagonali-hexagone-sg-g002-126x71-mm","33":"pa_tipo-di-carta-materiali-papier-adhesif-certifie-fsc","34":"pa_tipo-di-carta-materiali-papier-adhesif-recycle","36":"first","37":"instock","38":"shipping-taxable","39":"purchasable","40":"product-type-variable","41":"has-default-attributes"},"yoast_head":"<!-- This site is optimized with the Yoast SEO Premium plugin v27.3 (Yoast SEO v27.3) - https:\/\/yoast.com\/product\/yoast-seo-premium-wordpress\/ -->\n<title>Post-it en forme d&#039;hexagone<\/title>\n<meta name=\"description\" content=\"Post-it en forme d&#039;hexagone | Gadget personalizzato| Produttore\" \/>\n<meta name=\"robots\" content=\"index, follow, max-snippet:-1, max-image-preview:large, max-video-preview:-1\" \/>\n<link rel=\"canonical\" href=\"https:\/\/proramillenote.it\/fr\/post-it-en-forme-dhexagone-sku-906\/\" \/>\n<meta property=\"og:locale\" content=\"fr_FR\" \/>\n<meta property=\"og:type\" content=\"article\" \/>\n<meta property=\"og:title\" content=\"Post-it en forme d&#039;hexagone\" \/>\n<meta property=\"og:description\" content=\"Post-it en forme d&#039;hexagone | Gadget personalizzato| Produttore\" \/>\n<meta property=\"og:url\" content=\"https:\/\/proramillenote.it\/fr\/post-it-en-forme-dhexagone-sku-906\/\" \/>\n<meta property=\"og:site_name\" content=\"Gadgets d\u2019entreprise et post-it personnalis\u00e9s\" \/>\n<meta property=\"og:image\" content=\"https:\/\/proramillenote.it\/wp-content\/uploads\/POst-it-sagomato-esagono-shape-copia.webp\" \/>\n\t<meta property=\"og:image:width\" content=\"600\" \/>\n\t<meta property=\"og:image:height\" content=\"600\" \/>\n\t<meta property=\"og:image:type\" content=\"image\/webp\" \/>\n<meta name=\"twitter:card\" content=\"summary_large_image\" \/>\n<meta name=\"twitter:image\" content=\"https:\/\/proramillenote.it\/wp-content\/uploads\/pittogramma-proramillenote-favicon.png?wsr\" \/>\n<script type=\"application\/ld+json\" class=\"yoast-schema-graph\">{\"@context\":\"https:\\\/\\\/schema.org\",\"@graph\":[{\"@type\":\"WebPage\",\"@id\":\"https:\\\/\\\/proramillenote.it\\\/fr\\\/post-it-en-forme-dhexagone-sku-906\\\/\",\"url\":\"https:\\\/\\\/proramillenote.it\\\/fr\\\/post-it-en-forme-dhexagone-sku-906\\\/\",\"name\":\"Post-it en forme d'hexagone\",\"isPartOf\":{\"@id\":\"https:\\\/\\\/proramillenote.it\\\/fr\\\/#website\"},\"primaryImageOfPage\":{\"@id\":\"https:\\\/\\\/proramillenote.it\\\/fr\\\/post-it-en-forme-dhexagone-sku-906\\\/#primaryimage\"},\"image\":{\"@id\":\"https:\\\/\\\/proramillenote.it\\\/fr\\\/post-it-en-forme-dhexagone-sku-906\\\/#primaryimage\"},\"thumbnailUrl\":\"https:\\\/\\\/proramillenote.it\\\/wp-content\\\/uploads\\\/POst-it-sagomato-esagono-shape-copia.webp?wsr\",\"datePublished\":\"2026-02-20T10:34:20+00:00\",\"description\":\"Post-it en forme d'hexagone | Gadget personalizzato| Produttore\",\"breadcrumb\":{\"@id\":\"https:\\\/\\\/proramillenote.it\\\/fr\\\/post-it-en-forme-dhexagone-sku-906\\\/#breadcrumb\"},\"inLanguage\":\"fr-FR\",\"potentialAction\":[{\"@type\":\"ReadAction\",\"target\":[\"https:\\\/\\\/proramillenote.it\\\/fr\\\/post-it-en-forme-dhexagone-sku-906\\\/\"]}]},{\"@type\":\"ImageObject\",\"inLanguage\":\"fr-FR\",\"@id\":\"https:\\\/\\\/proramillenote.it\\\/fr\\\/post-it-en-forme-dhexagone-sku-906\\\/#primaryimage\",\"url\":\"https:\\\/\\\/proramillenote.it\\\/wp-content\\\/uploads\\\/POst-it-sagomato-esagono-shape-copia.webp?wsr\",\"contentUrl\":\"https:\\\/\\\/proramillenote.it\\\/wp-content\\\/uploads\\\/POst-it-sagomato-esagono-shape-copia.webp?wsr\",\"width\":600,\"height\":600,\"caption\":\"Post-it hexagonal SG-G004 de forme personnalis\u00e9e\"},{\"@type\":\"BreadcrumbList\",\"@id\":\"https:\\\/\\\/proramillenote.it\\\/fr\\\/post-it-en-forme-dhexagone-sku-906\\\/#breadcrumb\",\"itemListElement\":[{\"@type\":\"ListItem\",\"position\":1,\"name\":\"Proramillenote\",\"item\":\"https:\\\/\\\/proramillenote.it\\\/fr\\\/\"},{\"@type\":\"ListItem\",\"position\":2,\"name\":\"Post-it en forme d&#8217;hexagone\"}]},{\"@type\":\"WebSite\",\"@id\":\"https:\\\/\\\/proramillenote.it\\\/fr\\\/#website\",\"url\":\"https:\\\/\\\/proramillenote.it\\\/fr\\\/\",\"name\":\"Proramillenote gadget aziendali e post-it personalizzati\",\"description\":\"Post-it personalizzati, block notes con logo e gadget aziendali per il marketing B2B. Specialisti in gadget promozionali per medici e aziende farmaceutiche.\",\"publisher\":{\"@id\":\"https:\\\/\\\/proramillenote.it\\\/fr\\\/#organization\"},\"alternateName\":\"Proramillenote\",\"potentialAction\":[{\"@type\":\"SearchAction\",\"target\":{\"@type\":\"EntryPoint\",\"urlTemplate\":\"https:\\\/\\\/proramillenote.it\\\/fr\\\/?s={search_term_string}\"},\"query-input\":{\"@type\":\"PropertyValueSpecification\",\"valueRequired\":true,\"valueName\":\"search_term_string\"}}],\"inLanguage\":\"fr-FR\"},{\"@type\":\"Organization\",\"@id\":\"https:\\\/\\\/proramillenote.it\\\/fr\\\/#organization\",\"name\":\"Proramillenote gadgets d\u2019entreprise et post-it personnalis\u00e9s\",\"alternateName\":\"Proramillenote\",\"url\":\"https:\\\/\\\/proramillenote.it\\\/fr\\\/\",\"logo\":{\"@type\":\"ImageObject\",\"inLanguage\":\"fr-FR\",\"@id\":\"https:\\\/\\\/proramillenote.it\\\/fr\\\/#\\\/schema\\\/logo\\\/image\\\/\",\"url\":\"https:\\\/\\\/proramillenote.it\\\/wp-content\\\/uploads\\\/papercube800.png?wsr\",\"contentUrl\":\"https:\\\/\\\/proramillenote.it\\\/wp-content\\\/uploads\\\/papercube800.png?wsr\",\"width\":800,\"height\":800,\"caption\":\"Proramillenote gadgets d\u2019entreprise et post-it personnalis\u00e9s\"},\"image\":{\"@id\":\"https:\\\/\\\/proramillenote.it\\\/fr\\\/#\\\/schema\\\/logo\\\/image\\\/\"},\"description\":\"\u2022 Specialista in produzione e commercio di gadget per medici e gadget per veterinari personalizzati. \u2022 Produzione di gadget aziendali per qualsiasi settore merceologico dal 1975. \u2022 Produttore di post-it personalizzati, post-it sagomati e cubi di carta personalizzati in stampa digitale oppure offset. Produttore di block-notes con logo. \u2022 Con cartotecnica creativa progettiamo KIT di post-it su misura, Made in Italy e di design italiano, insigniti del prestigioso premio europeo PGA Promotional Gift Award. \u2022 Concorso #Ossoduro \\\"Design di brand reminder da scrivania innovativi\\\" concepito per incoraggiare la creativit\u00e0 degli studenti di scuole secondarie di design e grafica. Annuale - Ed.7\u00b0 2024-2025. \u2022 Proramillenote \u00e8 produttore accreditato EUDAMED per la fornitura di DMClasse I \u2022 Proramillenote \u00e8 certificata FSC\u00ae Chain of custody.\",\"email\":\"customercare@proramillenote.it\",\"telephone\":\"+39 039616593\",\"legalName\":\"Proramillenote Srl\",\"foundingDate\":\"1972-01-01\",\"vatID\":\"10323920966\",\"taxID\":\"10323920966\",\"numberOfEmployees\":{\"@type\":\"QuantitativeValue\",\"minValue\":\"11\",\"maxValue\":\"50\"},\"publishingPrinciples\":\"https:\\\/\\\/proramillenote.it\\\/politica-su-etica\\\/\",\"ownershipFundingInfo\":\"https:\\\/\\\/proramillenote.it\\\/politica-su-etica\\\/\",\"actionableFeedbackPolicy\":\"https:\\\/\\\/proramillenote.it\\\/politica-su-etica\\\/\",\"correctionsPolicy\":\"https:\\\/\\\/proramillenote.it\\\/politica-su-etica\\\/\",\"ethicsPolicy\":\"https:\\\/\\\/proramillenote.it\\\/politica-su-etica\\\/\",\"diversityPolicy\":\"https:\\\/\\\/proramillenote.it\\\/politica-su-etica\\\/\",\"diversityStaffingReport\":\"https:\\\/\\\/proramillenote.it\\\/politica-su-etica\\\/\"}]}<\/script>\n<meta property=\"product:brand\" content=\"Fabricant Proramillenote\" \/>\n<meta property=\"og:availability\" content=\"instock\" \/>\n<meta property=\"product:availability\" content=\"instock\" \/>\n<meta property=\"product:retailer_item_id\" content=\"906\" \/>\n<meta property=\"product:condition\" content=\"new\" \/>\n<!-- \/ Yoast SEO Premium plugin. -->","yoast_head_json":{"title":"Post-it en forme d'hexagone","description":"Post-it en forme d'hexagone | Gadget personalizzato| Produttore","robots":{"index":"index","follow":"follow","max-snippet":"max-snippet:-1","max-image-preview":"max-image-preview:large","max-video-preview":"max-video-preview:-1"},"canonical":"https:\/\/proramillenote.it\/fr\/post-it-en-forme-dhexagone-sku-906\/","og_locale":"fr_FR","og_type":"article","og_title":"Post-it en forme d'hexagone","og_description":"Post-it en forme d'hexagone | Gadget personalizzato| Produttore","og_url":"https:\/\/proramillenote.it\/fr\/post-it-en-forme-dhexagone-sku-906\/","og_site_name":"Gadgets d\u2019entreprise et post-it personnalis\u00e9s","og_image":[{"width":600,"height":600,"url":"https:\/\/proramillenote.it\/wp-content\/uploads\/POst-it-sagomato-esagono-shape-copia.webp","type":"image\/webp"}],"twitter_card":"summary_large_image","twitter_image":"https:\/\/proramillenote.it\/wp-content\/uploads\/pittogramma-proramillenote-favicon.png?wsr","schema":{"@context":"https:\/\/schema.org","@graph":[{"@type":"WebPage","@id":"https:\/\/proramillenote.it\/fr\/post-it-en-forme-dhexagone-sku-906\/","url":"https:\/\/proramillenote.it\/fr\/post-it-en-forme-dhexagone-sku-906\/","name":"Post-it en forme d'hexagone","isPartOf":{"@id":"https:\/\/proramillenote.it\/fr\/#website"},"primaryImageOfPage":{"@id":"https:\/\/proramillenote.it\/fr\/post-it-en-forme-dhexagone-sku-906\/#primaryimage"},"image":{"@id":"https:\/\/proramillenote.it\/fr\/post-it-en-forme-dhexagone-sku-906\/#primaryimage"},"thumbnailUrl":"https:\/\/proramillenote.it\/wp-content\/uploads\/POst-it-sagomato-esagono-shape-copia.webp?wsr","datePublished":"2026-02-20T10:34:20+00:00","description":"Post-it en forme d'hexagone | Gadget personalizzato| Produttore","breadcrumb":{"@id":"https:\/\/proramillenote.it\/fr\/post-it-en-forme-dhexagone-sku-906\/#breadcrumb"},"inLanguage":"fr-FR","potentialAction":[{"@type":"ReadAction","target":["https:\/\/proramillenote.it\/fr\/post-it-en-forme-dhexagone-sku-906\/"]}]},{"@type":"ImageObject","inLanguage":"fr-FR","@id":"https:\/\/proramillenote.it\/fr\/post-it-en-forme-dhexagone-sku-906\/#primaryimage","url":"https:\/\/proramillenote.it\/wp-content\/uploads\/POst-it-sagomato-esagono-shape-copia.webp?wsr","contentUrl":"https:\/\/proramillenote.it\/wp-content\/uploads\/POst-it-sagomato-esagono-shape-copia.webp?wsr","width":600,"height":600,"caption":"Post-it hexagonal SG-G004 de forme personnalis\u00e9e"},{"@type":"BreadcrumbList","@id":"https:\/\/proramillenote.it\/fr\/post-it-en-forme-dhexagone-sku-906\/#breadcrumb","itemListElement":[{"@type":"ListItem","position":1,"name":"Proramillenote","item":"https:\/\/proramillenote.it\/fr\/"},{"@type":"ListItem","position":2,"name":"Post-it en forme d&#8217;hexagone"}]},{"@type":"WebSite","@id":"https:\/\/proramillenote.it\/fr\/#website","url":"https:\/\/proramillenote.it\/fr\/","name":"Proramillenote gadget aziendali e post-it personalizzati","description":"Post-it personalizzati, block notes con logo e gadget aziendali per il marketing B2B. Specialisti in gadget promozionali per medici e aziende farmaceutiche.","publisher":{"@id":"https:\/\/proramillenote.it\/fr\/#organization"},"alternateName":"Proramillenote","potentialAction":[{"@type":"SearchAction","target":{"@type":"EntryPoint","urlTemplate":"https:\/\/proramillenote.it\/fr\/?s={search_term_string}"},"query-input":{"@type":"PropertyValueSpecification","valueRequired":true,"valueName":"search_term_string"}}],"inLanguage":"fr-FR"},{"@type":"Organization","@id":"https:\/\/proramillenote.it\/fr\/#organization","name":"Proramillenote gadgets d\u2019entreprise et post-it personnalis\u00e9s","alternateName":"Proramillenote","url":"https:\/\/proramillenote.it\/fr\/","logo":{"@type":"ImageObject","inLanguage":"fr-FR","@id":"https:\/\/proramillenote.it\/fr\/#\/schema\/logo\/image\/","url":"https:\/\/proramillenote.it\/wp-content\/uploads\/papercube800.png?wsr","contentUrl":"https:\/\/proramillenote.it\/wp-content\/uploads\/papercube800.png?wsr","width":800,"height":800,"caption":"Proramillenote gadgets d\u2019entreprise et post-it personnalis\u00e9s"},"image":{"@id":"https:\/\/proramillenote.it\/fr\/#\/schema\/logo\/image\/"},"description":"\u2022 Specialista in produzione e commercio di gadget per medici e gadget per veterinari personalizzati. \u2022 Produzione di gadget aziendali per qualsiasi settore merceologico dal 1975. \u2022 Produttore di post-it personalizzati, post-it sagomati e cubi di carta personalizzati in stampa digitale oppure offset. Produttore di block-notes con logo. \u2022 Con cartotecnica creativa progettiamo KIT di post-it su misura, Made in Italy e di design italiano, insigniti del prestigioso premio europeo PGA Promotional Gift Award. \u2022 Concorso #Ossoduro \"Design di brand reminder da scrivania innovativi\" concepito per incoraggiare la creativit\u00e0 degli studenti di scuole secondarie di design e grafica. Annuale - Ed.7\u00b0 2024-2025. \u2022 Proramillenote \u00e8 produttore accreditato EUDAMED per la fornitura di DMClasse I \u2022 Proramillenote \u00e8 certificata FSC\u00ae Chain of custody.","email":"customercare@proramillenote.it","telephone":"+39 039616593","legalName":"Proramillenote Srl","foundingDate":"1972-01-01","vatID":"10323920966","taxID":"10323920966","numberOfEmployees":{"@type":"QuantitativeValue","minValue":"11","maxValue":"50"},"publishingPrinciples":"https:\/\/proramillenote.it\/politica-su-etica\/","ownershipFundingInfo":"https:\/\/proramillenote.it\/politica-su-etica\/","actionableFeedbackPolicy":"https:\/\/proramillenote.it\/politica-su-etica\/","correctionsPolicy":"https:\/\/proramillenote.it\/politica-su-etica\/","ethicsPolicy":"https:\/\/proramillenote.it\/politica-su-etica\/","diversityPolicy":"https:\/\/proramillenote.it\/politica-su-etica\/","diversityStaffingReport":"https:\/\/proramillenote.it\/politica-su-etica\/"}]},"product_brand":"Fabricant Proramillenote","og_availability":"instock","product_availability":"instock","product_retailer_item_id":"906","product_condition":"new"},"_links":{"self":[{"href":"https:\/\/proramillenote.it\/fr\/wp-json\/wp\/v2\/product\/30889","targetHints":{"allow":["GET"]}}],"collection":[{"href":"https:\/\/proramillenote.it\/fr\/wp-json\/wp\/v2\/product"}],"about":[{"href":"https:\/\/proramillenote.it\/fr\/wp-json\/wp\/v2\/types\/product"}],"version-history":[{"count":0,"href":"https:\/\/proramillenote.it\/fr\/wp-json\/wp\/v2\/product\/30889\/revisions"}],"wp:featuredmedia":[{"embeddable":true,"href":"https:\/\/proramillenote.it\/fr\/wp-json\/wp\/v2\/media\/30920"}],"wp:attachment":[{"href":"https:\/\/proramillenote.it\/fr\/wp-json\/wp\/v2\/media?parent=30889"}],"wp:term":[{"taxonomy":"product_brand","embeddable":true,"href":"https:\/\/proramillenote.it\/fr\/wp-json\/wp\/v2\/product_brand?post=30889"},{"taxonomy":"product_cat","embeddable":true,"href":"https:\/\/proramillenote.it\/fr\/wp-json\/wp\/v2\/product_cat?post=30889"},{"taxonomy":"product_tag","embeddable":true,"href":"https:\/\/proramillenote.it\/fr\/wp-json\/wp\/v2\/product_tag?post=30889"}],"curies":[{"name":"wp","href":"https:\/\/api.w.org\/{rel}","templated":true}]}}