{"id":31054,"date":"2026-02-20T12:50:44","date_gmt":"2026-02-20T11:50:44","guid":{"rendered":"https:\/\/proramillenote.it\/prodotti\/post-it-sagomati-anatomia-sku-908\/"},"modified":"2025-11-20T12:56:15","modified_gmt":"2025-11-20T11:56:15","slug":"post-it-en-formes-anatomiques-sku-908","status":"publish","type":"product","link":"https:\/\/proramillenote.it\/fr\/post-it-en-formes-anatomiques-sku-908\/","title":{"rendered":"Post-it en formes anatomiques"},"content":{"rendered":"<h2>Post-it en formes anatomiques<br \/>\nGadget pour m\u00e9decins personnalis\u00e9s avec impression<\/h2>\n<p><strong>Post-it en forme<\/strong> dans les formes typiques de l&rsquo;<strong>anatomie<\/strong> humaine, <strong>gadget pour m\u00e9decins personnalis\u00e9s avec impression<\/strong>.<br \/>\nCes post-it personnalis\u00e9s sont disponibles en plusieurs formes anatomiques, une collection diversifi\u00e9e pour r\u00e9pondre aux besoins de <strong>diverses activit\u00e9s<\/strong>.<br \/>\nId\u00e9aux comme gadgets promotionnels pour les professionnels m\u00e9dicaux, y compris les oto-rhino-laryngologistes, les gastro-ent\u00e9rologues, nutritionnistes et orthop\u00e9distes.<br \/>\nCes post-it en forme offrent un moyen unique et attrayant de promouvoir des m\u00e9dicaments dans la m\u00eame zone m\u00e9dicale, des outils professionnels pour la pratique m\u00e9dicale et des services. Dans cette section, vous pouvez trouver une s\u00e9lection sp\u00e9ciale de formes pour le domaine pharmaceutique et m\u00e9dical.<\/p>\n<h3>Formes en parties anatomiques<\/h3>\n<ol>\n<li><strong>72&#215;101 mm <\/strong><strong>SG-I001 nez<\/strong> (avec colle verticale) convient comme gadget pour l&rsquo;<strong>oto-rhino-laryngologiste<\/strong><\/li>\n<li><strong>70&#215;120 mm SG-I<\/strong><strong>002 t\u00eate, demi-buste, personne, <\/strong>gadget partout o\u00f9 la <strong>personne <\/strong>et le <strong>capital humain<\/strong> sont des th\u00e8mes centraux<\/li>\n<li><strong>90&#215;85<\/strong> <strong>mm SG-I<\/strong><strong>003 main <\/strong>convient comme gadget pour l&rsquo;<strong>orthop\u00e9diste<\/strong><\/li>\n<li><strong>90&#215;65 mm SG-I<\/strong><strong>004 main<\/strong><\/li>\n<li><strong>94&#215;65 mm SG-I<\/strong><strong>005 main<\/strong> (couverture optionnelle max 25 feuilles)<\/li>\n<li><strong>69&#215;96 mm SG-I<\/strong><strong>006 estomac <\/strong>(max 50 feuilles) gadget pour le <strong>gastro-ent\u00e9rologue <\/strong>ou gadget pour le <strong>nutritionniste<\/strong><\/li>\n<\/ol>\n<h3><strong>Consultez \u00e9galement les post-it qui \u00e9voquent<\/strong>\u00a0<strong>les domaines professionnels des m\u00e9decins \u00e0 travers des symboles et des formes imaginatives<\/strong><\/h3>\n<p><a href=\"https:\/\/proramillenote.it\/fr\/post-it-en-forme-personnalise\/\">Toutes les formes du catalogue<\/a>\u00a0peuvent \u00eatre associ\u00e9es, avec un peu d&rsquo;imagination, \u00e0 tout concept qui doit \u00eatre v\u00e9hicul\u00e9.<br \/>\nDemandez l&rsquo;avis des experts pour trouver la silhouette qui vous convient.<br \/>\nVoici quelques exemples de formes qui sont efficacement associ\u00e9s au secteur m\u00e9dical, m\u00eame si elles ne repr\u00e9sentent pas explicitement des parties de l&rsquo;anatomie, et qui sont publi\u00e9es dans la galerie de photos :<\/p>\n<ul>\n<li>SG-F008 99&#215;70 mm pour des notes adh\u00e9sives en forme de\u00a0<strong>maman enceinte, ventre de grossesse<\/strong>, forme li\u00e9e au domaine m\u00e9dical traitant de la\u00a0<strong>maternit\u00e9 (obst\u00e9trique et gyn\u00e9cologie)<\/strong><\/li>\n<li>SG-M002 69&#215;74 mm pour des notes adh\u00e9sives en forme d&rsquo;\u0153il, utiles dans les domaines m\u00e9dicaux de\u00a0<strong>l&rsquo;optique<\/strong>, de\u00a0<strong>l&rsquo;ophtalmologie<\/strong>, de l&rsquo;<strong>optom\u00e9trie<\/strong><\/li>\n<li>SG-C009 73&#215;63 mm pour des notes adh\u00e9sives rondes en forme d&rsquo;\u0153il, utiles dans les domaines m\u00e9dicaux de\u00a0<strong>l&rsquo;optique<\/strong>, de\u00a0<strong>l&rsquo;ophtalmologie<\/strong>, de l&rsquo;<strong>optom\u00e9trie<\/strong><\/li>\n<\/ul>\n<h3 class=\"entry-title\"><strong>\u00c9paisseur du post-it<\/strong><\/h3>\n<p>Blocs-notes en papier adh\u00e9sif repositionnable de 25, 50 et 100 feuilles ou nombre de feuilles personnalis\u00e9.<\/p>\n<h3><strong>Personnalisation<\/strong><\/h3>\n<ul>\n<li>Impression offset sur chaque feuille : recto uniquement<\/li>\n<li>Possibilit\u00e9 d&rsquo;attacher le post-it en forme \u00e0 une <strong>couverture personnalis\u00e9e<\/strong> en carton<\/li>\n<\/ul>\n<h3><strong>Processus sp\u00e9ciaux<\/strong><\/h3>\n<ol>\n<li>Possibilit\u00e9 d&rsquo;impression de fond color\u00e9 Pantone sur chaque feuille (recto uniquement).<\/li>\n<li>Possibilit\u00e9 d&rsquo;alterner, selon le sch\u00e9ma a-b-a-b-a&#8230;, les feuilles blanches et jaunes (couleur de la p\u00e2te \u00e0 papier), impression des feuilles maximum 2 couleurs, m\u00eame 2 sujets diff\u00e9rents<\/li>\n<\/ol>\n<h3><strong>Sur mesure<\/strong><\/h3>\n<ul>\n<li>Demandez votre forme personnalis\u00e9e<\/li>\n<li>Avec ou sans la couverture<\/li>\n<\/ul>\n<h3><strong>Mat\u00e9riaux<\/strong><\/h3>\n<ul>\n<li>Papier post-it \u00e9galement disponible en mat\u00e9riau recycl\u00e9<\/li>\n<li>Encres \u00e0 base d&rsquo;eau<\/li>\n<li>Colle repositionnable \u00e0 base d&rsquo;eau<\/li>\n<li>Film thermor\u00e9tractable optionnel avec \u00e9tiquetage environnemental<\/li>\n<\/ul>\n<h6><strong>Quantit\u00e9 minimum de 1 000 pi\u00e8ces<br \/>\n<\/strong><strong>Pour une forme non standard, 3 000 pi\u00e8ces<\/strong><\/h6>\n","protected":false},"excerpt":{"rendered":"<p>Post-it en forme de parties anatomiques du corps humain. D\u00e9couvrez la plus grande collection de mod\u00e8les existants pour vos post-its personnalis\u00e9s pour le monde m\u00e9dical et pharmaceutique.<\/p>\n","protected":false},"featured_media":64862,"template":"","meta":[],"product_brand":[5138],"product_cat":[5195,5235,646,652],"product_tag":[5268],"class_list":{"0":"post-31054","1":"product","2":"type-product","3":"status-publish","4":"has-post-thumbnail","6":"product_brand-fabricant-proramillenote","7":"product_cat-cout-entre-1-et-2-euros","8":"product_cat-livraison-en-4-semaines","9":"product_cat-post-it-personnalises","10":"product_cat-post-it-en-forme-personnalise","11":"product_tag-post-it-decoupes","12":"pa_num-col-stampa-fogli-post-it-feuilles-impression-2-couleurs-fr","13":"pa_num-col-stampa-fogli-post-it-feuilles-impression-1-couleur-fr","14":"pa_num-col-stampa-fogli-post-it-feuilles-impression-3-couleurs-fr","15":"pa_numero-fogli-100-fr","16":"pa_numero-fogli-25-fr","17":"pa_numero-fogli-50-fr","18":"pa_sagome-anatomia-sg-c009-73x63-mm-rond-en-forme-doeil","19":"pa_sagome-anatomia-sg-f008-99x70-mm-ventre-de-grossesse","20":"pa_sagome-anatomia-sg-i001-anatomie-nez-72x101-mm","21":"pa_sagome-anatomia-sg-i002-tete-70x120-mm-mi-longueur-anatomie-homme","22":"pa_sagome-anatomia-sg-i003-90x85-mm-anatomie-de-la-main","23":"pa_sagome-anatomia-sg-i004-94x65-mm-main-anatomie","24":"pa_sagome-anatomia-sg-i005-94x65-mm-forme-de-main-anatomique","25":"pa_sagome-anatomia-sg-i005-94x65-mm-main-anatomique-couverture-optionnelle","26":"pa_sagome-anatomia-sg-i006-69x96-mm-estomac-anatomie","27":"pa_sagome-anatomia-sg-m002-69x74-mm-en-forme-doeil-pour-ophtalmologie","28":"pa_soggetti-alternati-2-sujets-differents-alternes-par-exemple-2-arriere-plans-pantone-differents","29":"pa_soggetti-alternati-sujet-unique-standard","30":"pa_tipo-di-carta-materiali-papier-adhesif-certifie-fsc","31":"pa_tipo-di-carta-materiali-papier-adhesif-recycle","33":"first","34":"instock","35":"shipping-taxable","36":"purchasable","37":"product-type-variable"},"yoast_head":"<!-- This site is optimized with the Yoast SEO Premium plugin v27.3 (Yoast SEO v27.3) - https:\/\/yoast.com\/product\/yoast-seo-premium-wordpress\/ -->\n<title>Post-it en formes anatomiques<\/title>\n<meta name=\"description\" content=\"Post-it en forme anatomiques\" \/>\n<meta name=\"robots\" content=\"index, follow, max-snippet:-1, max-image-preview:large, max-video-preview:-1\" \/>\n<link rel=\"canonical\" href=\"https:\/\/proramillenote.it\/fr\/post-it-en-formes-anatomiques-sku-908\/\" \/>\n<meta property=\"og:locale\" content=\"fr_FR\" \/>\n<meta property=\"og:type\" content=\"article\" \/>\n<meta property=\"og:title\" content=\"Post-it en formes anatomiques\" \/>\n<meta property=\"og:description\" content=\"Post-it en forme anatomiques\" \/>\n<meta property=\"og:url\" content=\"https:\/\/proramillenote.it\/fr\/post-it-en-formes-anatomiques-sku-908\/\" \/>\n<meta property=\"og:site_name\" content=\"Gadgets d\u2019entreprise et post-it personnalis\u00e9s\" \/>\n<meta property=\"og:image\" content=\"https:\/\/proramillenote.it\/wp-content\/uploads\/post-it-sagomati-anatomia-gadget-per-medici.gif\" \/>\n\t<meta property=\"og:image:width\" content=\"600\" \/>\n\t<meta property=\"og:image:height\" content=\"600\" \/>\n\t<meta property=\"og:image:type\" content=\"image\/gif\" \/>\n<meta name=\"twitter:card\" content=\"summary_large_image\" \/>\n<meta name=\"twitter:image\" content=\"https:\/\/proramillenote.it\/wp-content\/uploads\/pittogramma-proramillenote-favicon.png?wsr\" \/>\n<script type=\"application\/ld+json\" class=\"yoast-schema-graph\">{\"@context\":\"https:\\\/\\\/schema.org\",\"@graph\":[{\"@type\":\"WebPage\",\"@id\":\"https:\\\/\\\/proramillenote.it\\\/fr\\\/post-it-en-formes-anatomiques-sku-908\\\/\",\"url\":\"https:\\\/\\\/proramillenote.it\\\/fr\\\/post-it-en-formes-anatomiques-sku-908\\\/\",\"name\":\"Post-it en formes anatomiques\",\"isPartOf\":{\"@id\":\"https:\\\/\\\/proramillenote.it\\\/fr\\\/#website\"},\"primaryImageOfPage\":{\"@id\":\"https:\\\/\\\/proramillenote.it\\\/fr\\\/post-it-en-formes-anatomiques-sku-908\\\/#primaryimage\"},\"image\":{\"@id\":\"https:\\\/\\\/proramillenote.it\\\/fr\\\/post-it-en-formes-anatomiques-sku-908\\\/#primaryimage\"},\"thumbnailUrl\":\"https:\\\/\\\/proramillenote.it\\\/wp-content\\\/uploads\\\/post-it-sagomati-anatomia-gadget-per-medici.gif?wsr\",\"datePublished\":\"2026-02-20T11:50:44+00:00\",\"description\":\"Post-it en forme anatomiques\",\"breadcrumb\":{\"@id\":\"https:\\\/\\\/proramillenote.it\\\/fr\\\/post-it-en-formes-anatomiques-sku-908\\\/#breadcrumb\"},\"inLanguage\":\"fr-FR\",\"potentialAction\":[{\"@type\":\"ReadAction\",\"target\":[\"https:\\\/\\\/proramillenote.it\\\/fr\\\/post-it-en-formes-anatomiques-sku-908\\\/\"]}]},{\"@type\":\"ImageObject\",\"inLanguage\":\"fr-FR\",\"@id\":\"https:\\\/\\\/proramillenote.it\\\/fr\\\/post-it-en-formes-anatomiques-sku-908\\\/#primaryimage\",\"url\":\"https:\\\/\\\/proramillenote.it\\\/wp-content\\\/uploads\\\/post-it-sagomati-anatomia-gadget-per-medici.gif?wsr\",\"contentUrl\":\"https:\\\/\\\/proramillenote.it\\\/wp-content\\\/uploads\\\/post-it-sagomati-anatomia-gadget-per-medici.gif?wsr\",\"width\":600,\"height\":600},{\"@type\":\"BreadcrumbList\",\"@id\":\"https:\\\/\\\/proramillenote.it\\\/fr\\\/post-it-en-formes-anatomiques-sku-908\\\/#breadcrumb\",\"itemListElement\":[{\"@type\":\"ListItem\",\"position\":1,\"name\":\"Proramillenote\",\"item\":\"https:\\\/\\\/proramillenote.it\\\/fr\\\/\"},{\"@type\":\"ListItem\",\"position\":2,\"name\":\"Post-it en formes anatomiques\"}]},{\"@type\":\"WebSite\",\"@id\":\"https:\\\/\\\/proramillenote.it\\\/fr\\\/#website\",\"url\":\"https:\\\/\\\/proramillenote.it\\\/fr\\\/\",\"name\":\"Proramillenote gadget aziendali e post-it personalizzati\",\"description\":\"Post-it personalizzati, block notes con logo e gadget aziendali per il marketing B2B. Specialisti in gadget promozionali per medici e aziende farmaceutiche.\",\"publisher\":{\"@id\":\"https:\\\/\\\/proramillenote.it\\\/fr\\\/#organization\"},\"alternateName\":\"Proramillenote\",\"potentialAction\":[{\"@type\":\"SearchAction\",\"target\":{\"@type\":\"EntryPoint\",\"urlTemplate\":\"https:\\\/\\\/proramillenote.it\\\/fr\\\/?s={search_term_string}\"},\"query-input\":{\"@type\":\"PropertyValueSpecification\",\"valueRequired\":true,\"valueName\":\"search_term_string\"}}],\"inLanguage\":\"fr-FR\"},{\"@type\":\"Organization\",\"@id\":\"https:\\\/\\\/proramillenote.it\\\/fr\\\/#organization\",\"name\":\"Proramillenote gadgets d\u2019entreprise et post-it personnalis\u00e9s\",\"alternateName\":\"Proramillenote\",\"url\":\"https:\\\/\\\/proramillenote.it\\\/fr\\\/\",\"logo\":{\"@type\":\"ImageObject\",\"inLanguage\":\"fr-FR\",\"@id\":\"https:\\\/\\\/proramillenote.it\\\/fr\\\/#\\\/schema\\\/logo\\\/image\\\/\",\"url\":\"https:\\\/\\\/proramillenote.it\\\/wp-content\\\/uploads\\\/papercube800.png?wsr\",\"contentUrl\":\"https:\\\/\\\/proramillenote.it\\\/wp-content\\\/uploads\\\/papercube800.png?wsr\",\"width\":800,\"height\":800,\"caption\":\"Proramillenote gadgets d\u2019entreprise et post-it personnalis\u00e9s\"},\"image\":{\"@id\":\"https:\\\/\\\/proramillenote.it\\\/fr\\\/#\\\/schema\\\/logo\\\/image\\\/\"},\"description\":\"\u2022 Specialista in produzione e commercio di gadget per medici e gadget per veterinari personalizzati. \u2022 Produzione di gadget aziendali per qualsiasi settore merceologico dal 1975. \u2022 Produttore di post-it personalizzati, post-it sagomati e cubi di carta personalizzati in stampa digitale oppure offset. Produttore di block-notes con logo. \u2022 Con cartotecnica creativa progettiamo KIT di post-it su misura, Made in Italy e di design italiano, insigniti del prestigioso premio europeo PGA Promotional Gift Award. \u2022 Concorso #Ossoduro \\\"Design di brand reminder da scrivania innovativi\\\" concepito per incoraggiare la creativit\u00e0 degli studenti di scuole secondarie di design e grafica. Annuale - Ed.7\u00b0 2024-2025. \u2022 Proramillenote \u00e8 produttore accreditato EUDAMED per la fornitura di DMClasse I \u2022 Proramillenote \u00e8 certificata FSC\u00ae Chain of custody.\",\"email\":\"customercare@proramillenote.it\",\"telephone\":\"+39 039616593\",\"legalName\":\"Proramillenote Srl\",\"foundingDate\":\"1972-01-01\",\"vatID\":\"10323920966\",\"taxID\":\"10323920966\",\"numberOfEmployees\":{\"@type\":\"QuantitativeValue\",\"minValue\":\"11\",\"maxValue\":\"50\"},\"publishingPrinciples\":\"https:\\\/\\\/proramillenote.it\\\/politica-su-etica\\\/\",\"ownershipFundingInfo\":\"https:\\\/\\\/proramillenote.it\\\/politica-su-etica\\\/\",\"actionableFeedbackPolicy\":\"https:\\\/\\\/proramillenote.it\\\/politica-su-etica\\\/\",\"correctionsPolicy\":\"https:\\\/\\\/proramillenote.it\\\/politica-su-etica\\\/\",\"ethicsPolicy\":\"https:\\\/\\\/proramillenote.it\\\/politica-su-etica\\\/\",\"diversityPolicy\":\"https:\\\/\\\/proramillenote.it\\\/politica-su-etica\\\/\",\"diversityStaffingReport\":\"https:\\\/\\\/proramillenote.it\\\/politica-su-etica\\\/\"}]}<\/script>\n<meta property=\"product:brand\" content=\"Fabricant Proramillenote\" \/>\n<meta property=\"og:availability\" content=\"instock\" \/>\n<meta property=\"product:availability\" content=\"instock\" \/>\n<meta property=\"product:retailer_item_id\" content=\"908\" \/>\n<meta property=\"product:condition\" content=\"new\" \/>\n<!-- \/ Yoast SEO Premium plugin. -->","yoast_head_json":{"title":"Post-it en formes anatomiques","description":"Post-it en forme anatomiques","robots":{"index":"index","follow":"follow","max-snippet":"max-snippet:-1","max-image-preview":"max-image-preview:large","max-video-preview":"max-video-preview:-1"},"canonical":"https:\/\/proramillenote.it\/fr\/post-it-en-formes-anatomiques-sku-908\/","og_locale":"fr_FR","og_type":"article","og_title":"Post-it en formes anatomiques","og_description":"Post-it en forme anatomiques","og_url":"https:\/\/proramillenote.it\/fr\/post-it-en-formes-anatomiques-sku-908\/","og_site_name":"Gadgets d\u2019entreprise et post-it personnalis\u00e9s","og_image":[{"width":600,"height":600,"url":"https:\/\/proramillenote.it\/wp-content\/uploads\/post-it-sagomati-anatomia-gadget-per-medici.gif","type":"image\/gif"}],"twitter_card":"summary_large_image","twitter_image":"https:\/\/proramillenote.it\/wp-content\/uploads\/pittogramma-proramillenote-favicon.png?wsr","schema":{"@context":"https:\/\/schema.org","@graph":[{"@type":"WebPage","@id":"https:\/\/proramillenote.it\/fr\/post-it-en-formes-anatomiques-sku-908\/","url":"https:\/\/proramillenote.it\/fr\/post-it-en-formes-anatomiques-sku-908\/","name":"Post-it en formes anatomiques","isPartOf":{"@id":"https:\/\/proramillenote.it\/fr\/#website"},"primaryImageOfPage":{"@id":"https:\/\/proramillenote.it\/fr\/post-it-en-formes-anatomiques-sku-908\/#primaryimage"},"image":{"@id":"https:\/\/proramillenote.it\/fr\/post-it-en-formes-anatomiques-sku-908\/#primaryimage"},"thumbnailUrl":"https:\/\/proramillenote.it\/wp-content\/uploads\/post-it-sagomati-anatomia-gadget-per-medici.gif?wsr","datePublished":"2026-02-20T11:50:44+00:00","description":"Post-it en forme anatomiques","breadcrumb":{"@id":"https:\/\/proramillenote.it\/fr\/post-it-en-formes-anatomiques-sku-908\/#breadcrumb"},"inLanguage":"fr-FR","potentialAction":[{"@type":"ReadAction","target":["https:\/\/proramillenote.it\/fr\/post-it-en-formes-anatomiques-sku-908\/"]}]},{"@type":"ImageObject","inLanguage":"fr-FR","@id":"https:\/\/proramillenote.it\/fr\/post-it-en-formes-anatomiques-sku-908\/#primaryimage","url":"https:\/\/proramillenote.it\/wp-content\/uploads\/post-it-sagomati-anatomia-gadget-per-medici.gif?wsr","contentUrl":"https:\/\/proramillenote.it\/wp-content\/uploads\/post-it-sagomati-anatomia-gadget-per-medici.gif?wsr","width":600,"height":600},{"@type":"BreadcrumbList","@id":"https:\/\/proramillenote.it\/fr\/post-it-en-formes-anatomiques-sku-908\/#breadcrumb","itemListElement":[{"@type":"ListItem","position":1,"name":"Proramillenote","item":"https:\/\/proramillenote.it\/fr\/"},{"@type":"ListItem","position":2,"name":"Post-it en formes anatomiques"}]},{"@type":"WebSite","@id":"https:\/\/proramillenote.it\/fr\/#website","url":"https:\/\/proramillenote.it\/fr\/","name":"Proramillenote gadget aziendali e post-it personalizzati","description":"Post-it personalizzati, block notes con logo e gadget aziendali per il marketing B2B. Specialisti in gadget promozionali per medici e aziende farmaceutiche.","publisher":{"@id":"https:\/\/proramillenote.it\/fr\/#organization"},"alternateName":"Proramillenote","potentialAction":[{"@type":"SearchAction","target":{"@type":"EntryPoint","urlTemplate":"https:\/\/proramillenote.it\/fr\/?s={search_term_string}"},"query-input":{"@type":"PropertyValueSpecification","valueRequired":true,"valueName":"search_term_string"}}],"inLanguage":"fr-FR"},{"@type":"Organization","@id":"https:\/\/proramillenote.it\/fr\/#organization","name":"Proramillenote gadgets d\u2019entreprise et post-it personnalis\u00e9s","alternateName":"Proramillenote","url":"https:\/\/proramillenote.it\/fr\/","logo":{"@type":"ImageObject","inLanguage":"fr-FR","@id":"https:\/\/proramillenote.it\/fr\/#\/schema\/logo\/image\/","url":"https:\/\/proramillenote.it\/wp-content\/uploads\/papercube800.png?wsr","contentUrl":"https:\/\/proramillenote.it\/wp-content\/uploads\/papercube800.png?wsr","width":800,"height":800,"caption":"Proramillenote gadgets d\u2019entreprise et post-it personnalis\u00e9s"},"image":{"@id":"https:\/\/proramillenote.it\/fr\/#\/schema\/logo\/image\/"},"description":"\u2022 Specialista in produzione e commercio di gadget per medici e gadget per veterinari personalizzati. \u2022 Produzione di gadget aziendali per qualsiasi settore merceologico dal 1975. \u2022 Produttore di post-it personalizzati, post-it sagomati e cubi di carta personalizzati in stampa digitale oppure offset. Produttore di block-notes con logo. \u2022 Con cartotecnica creativa progettiamo KIT di post-it su misura, Made in Italy e di design italiano, insigniti del prestigioso premio europeo PGA Promotional Gift Award. \u2022 Concorso #Ossoduro \"Design di brand reminder da scrivania innovativi\" concepito per incoraggiare la creativit\u00e0 degli studenti di scuole secondarie di design e grafica. Annuale - Ed.7\u00b0 2024-2025. \u2022 Proramillenote \u00e8 produttore accreditato EUDAMED per la fornitura di DMClasse I \u2022 Proramillenote \u00e8 certificata FSC\u00ae Chain of custody.","email":"customercare@proramillenote.it","telephone":"+39 039616593","legalName":"Proramillenote Srl","foundingDate":"1972-01-01","vatID":"10323920966","taxID":"10323920966","numberOfEmployees":{"@type":"QuantitativeValue","minValue":"11","maxValue":"50"},"publishingPrinciples":"https:\/\/proramillenote.it\/politica-su-etica\/","ownershipFundingInfo":"https:\/\/proramillenote.it\/politica-su-etica\/","actionableFeedbackPolicy":"https:\/\/proramillenote.it\/politica-su-etica\/","correctionsPolicy":"https:\/\/proramillenote.it\/politica-su-etica\/","ethicsPolicy":"https:\/\/proramillenote.it\/politica-su-etica\/","diversityPolicy":"https:\/\/proramillenote.it\/politica-su-etica\/","diversityStaffingReport":"https:\/\/proramillenote.it\/politica-su-etica\/"}]},"product_brand":"Fabricant Proramillenote","og_availability":"instock","product_availability":"instock","product_retailer_item_id":"908","product_condition":"new"},"_links":{"self":[{"href":"https:\/\/proramillenote.it\/fr\/wp-json\/wp\/v2\/product\/31054","targetHints":{"allow":["GET"]}}],"collection":[{"href":"https:\/\/proramillenote.it\/fr\/wp-json\/wp\/v2\/product"}],"about":[{"href":"https:\/\/proramillenote.it\/fr\/wp-json\/wp\/v2\/types\/product"}],"version-history":[{"count":0,"href":"https:\/\/proramillenote.it\/fr\/wp-json\/wp\/v2\/product\/31054\/revisions"}],"wp:featuredmedia":[{"embeddable":true,"href":"https:\/\/proramillenote.it\/fr\/wp-json\/wp\/v2\/media\/64862"}],"wp:attachment":[{"href":"https:\/\/proramillenote.it\/fr\/wp-json\/wp\/v2\/media?parent=31054"}],"wp:term":[{"taxonomy":"product_brand","embeddable":true,"href":"https:\/\/proramillenote.it\/fr\/wp-json\/wp\/v2\/product_brand?post=31054"},{"taxonomy":"product_cat","embeddable":true,"href":"https:\/\/proramillenote.it\/fr\/wp-json\/wp\/v2\/product_cat?post=31054"},{"taxonomy":"product_tag","embeddable":true,"href":"https:\/\/proramillenote.it\/fr\/wp-json\/wp\/v2\/product_tag?post=31054"}],"curies":[{"name":"wp","href":"https:\/\/api.w.org\/{rel}","templated":true}]}}