{"id":34888,"date":"2023-05-15T12:16:44","date_gmt":"2023-05-15T10:16:44","guid":{"rendered":"https:\/\/proramillenote.it\/prodotti\/post-it-con-copertina-e-segnapagina-ppl-sku-050\/"},"modified":"2025-11-20T12:56:15","modified_gmt":"2025-11-20T11:56:15","slug":"post-it-avec-couverture-ppl-et-marque-page-sku-050","status":"publish","type":"product","link":"https:\/\/proramillenote.it\/fr\/post-it-avec-couverture-ppl-et-marque-page-sku-050\/","title":{"rendered":"Post-it avec couverture PPL et marque-page"},"content":{"rendered":"<p>D\u00e9couvrez le Post-it avec couverture PPL et marque-page, fabriqu\u00e9 par Proramillenote &#8211; un mini-organisateur pratique pour votre bureau. Ce bloc-notes adh\u00e9sif est dot\u00e9 d&rsquo;une couverture et de marqueurs de page en plastique pouvant \u00eatre personnalis\u00e9s avec votre logo ou votre design.<\/p>\n<p>La couverture en carton personnalis\u00e9e, imprim\u00e9e en quadrichromie, renferme un bloc de Post-it de 70&#215;70 mm et d&rsquo;une \u00e9paisseur de 5 mm, comprenant environ 50 feuilles adh\u00e9sives personnalis\u00e9es avec une impression de 1 \u00e0 4 couleurs. De plus, vous y trouverez un ensemble de marqueurs de page PPL aux couleurs fluorescentes.<\/p>\n<p>Avec une commande minimale de 500 pi\u00e8ces, vous pouvez obtenir le juste \u00e9quilibre entre co\u00fbt et quantit\u00e9, avec un prix compris entre 1 et 2 euros par organisateur.<\/p>\n<p>Optez pour nos Post-it personnalis\u00e9s afin de donner davantage de visibilit\u00e9 \u00e0 votre marque. Ce gadget d&rsquo;entreprise \u00e9l\u00e9gant, personnalisable et extr\u00eamement pratique sera assur\u00e9ment appr\u00e9ci\u00e9 par vos clients.<\/p>\n<p>C&rsquo;est un bloc-notes adh\u00e9sif de la ligne<br \/>\n<img decoding=\"async\" src=\"https:\/\/proramillenote.it\/wp-content\/uploads\/memotack-post-it-proramillenote.png\" alt=\"MEMOTACK logo\" width=\"268\" height=\"50\" \/><\/p>\n<p>Description : Mini organisateur, post-it avec marqueurs de page en plastique PPL personnalis\u00e9s<\/p>\n<p>\u2022 Couverture: carton personnalis\u00e9 avec des graphiques jusqu&rsquo;\u00e0 4 couleurs<br \/>\n\u2022 Post-it: 70&#215;70 mm, \u00e9paisseur 5 mm (environ 50 feuilles), notes autocollantes personnalis\u00e9es avec impression de 1 \u00e0 4 couleurs<br \/>\n\u2022 Drapeaux marqueurs de page d&rsquo;index: en plastique PPL, 5 couleurs fluo standard<\/p>\n<h6>Quantit\u00e9 minimum 500 pi\u00e8ces<\/h6>\n<h6><\/h6>\n<p>D\u00e9couvrez le m\u00eame mod\u00e8le de <a href=\"https:\/\/proramillenote.it\/fr\/produit\/post-it-avec-couverture-et-signettes-papier-sku-390\/\">Post-it avec couverture et drapeaux en papier inscriptibles<\/a><\/p>\n","protected":false},"excerpt":{"rendered":"<p>Post-it con copertina e segnapagina PPL. Copertina personalizzata in quadricromia, post-it con stampa logo fino a 4 colori e bandierine segnapagina colori fluo &#8211; formato chiuso 8&#215;13 cm<\/p>\n","protected":false},"featured_media":34840,"template":"","meta":[],"product_brand":[5138],"product_cat":[659,647,650,653,646,658],"product_tag":[],"class_list":{"0":"post-34888","1":"product","2":"type-product","3":"status-publish","4":"has-post-thumbnail","6":"product_brand-fabricant-proramillenote","7":"product_cat-bloc-notes-combines-dans-un-etui-en-carton-sur-mesure","8":"product_cat-marque-pages-drapeaux-signets-personnalises","9":"product_cat-marque-pages-fluo-plastique-standard","10":"product_cat-post-it-personnalisable-avec-couverture","11":"product_cat-post-it-personnalises","12":"product_cat-post-it-combines-dans-le-meme-etui","13":"pa_num-col-stampa-fogli-post-it-feuilles-impression-2-couleurs-fr","14":"pa_num-col-stampa-fogli-post-it-feuilles-impression-1-couleur-fr","15":"pa_num-col-stampa-fogli-post-it-feuilles-impression-3-couleurs-fr","16":"pa_num-col-stampa-fogli-post-it-feuilles-impression-4-couleurs-fr","17":"pa_num-col-stampa-fogli-post-it-feuilles-impression-en-quadri-fr","18":"pa_stampa-copertina-numero-col-couverture-impression-numerique-fr","19":"pa_stampa-copertina-numero-col-couverture-impression-1-couleur-fr","20":"pa_stampa-copertina-numero-col-couverture-impression-2-couleurs-fr","21":"pa_stampa-copertina-numero-col-couverture-impression-3-couleurs-fr","23":"first","24":"instock","25":"shipping-taxable","26":"purchasable","27":"product-type-variable","28":"has-default-attributes"},"yoast_head":"<!-- This site is optimized with the Yoast SEO Premium plugin v27.3 (Yoast SEO v27.3) - https:\/\/yoast.com\/product\/yoast-seo-premium-wordpress\/ -->\n<title>Post-it avec couverture PPL et marque-page<\/title>\n<meta name=\"description\" content=\"Post-it avec couverture PPL et marque-page | Gadget personalizzato| Produttore\" \/>\n<meta name=\"robots\" content=\"index, follow, max-snippet:-1, max-image-preview:large, max-video-preview:-1\" \/>\n<link rel=\"canonical\" href=\"https:\/\/proramillenote.it\/fr\/post-it-avec-couverture-ppl-et-marque-page-sku-050\/\" \/>\n<meta property=\"og:locale\" content=\"fr_FR\" \/>\n<meta property=\"og:type\" content=\"article\" \/>\n<meta property=\"og:title\" content=\"Post-it avec couverture PPL et marque-page\" \/>\n<meta property=\"og:description\" content=\"Post-it avec couverture PPL et marque-page | Gadget personalizzato| Produttore\" \/>\n<meta property=\"og:url\" content=\"https:\/\/proramillenote.it\/fr\/post-it-avec-couverture-ppl-et-marque-page-sku-050\/\" \/>\n<meta property=\"og:site_name\" content=\"Gadgets d\u2019entreprise et post-it personnalis\u00e9s\" \/>\n<meta property=\"article:modified_time\" content=\"2025-11-20T11:56:15+00:00\" \/>\n<meta property=\"og:image\" content=\"https:\/\/proramillenote.it\/wp-content\/uploads\/block-notes-adesivo-con-copertina-e-bandierine-di-plastica.webp\" \/>\n\t<meta property=\"og:image:width\" content=\"800\" \/>\n\t<meta property=\"og:image:height\" content=\"800\" \/>\n\t<meta property=\"og:image:type\" content=\"image\/webp\" \/>\n<meta name=\"twitter:card\" content=\"summary_large_image\" \/>\n<meta name=\"twitter:image\" content=\"https:\/\/proramillenote.it\/wp-content\/uploads\/pittogramma-proramillenote-favicon.png?wsr\" \/>\n<script type=\"application\/ld+json\" class=\"yoast-schema-graph\">{\"@context\":\"https:\\\/\\\/schema.org\",\"@graph\":[{\"@type\":\"WebPage\",\"@id\":\"https:\\\/\\\/proramillenote.it\\\/fr\\\/post-it-avec-couverture-ppl-et-marque-page-sku-050\\\/\",\"url\":\"https:\\\/\\\/proramillenote.it\\\/fr\\\/post-it-avec-couverture-ppl-et-marque-page-sku-050\\\/\",\"name\":\"Post-it avec couverture PPL et marque-page\",\"isPartOf\":{\"@id\":\"https:\\\/\\\/proramillenote.it\\\/fr\\\/#website\"},\"primaryImageOfPage\":{\"@id\":\"https:\\\/\\\/proramillenote.it\\\/fr\\\/post-it-avec-couverture-ppl-et-marque-page-sku-050\\\/#primaryimage\"},\"image\":{\"@id\":\"https:\\\/\\\/proramillenote.it\\\/fr\\\/post-it-avec-couverture-ppl-et-marque-page-sku-050\\\/#primaryimage\"},\"thumbnailUrl\":\"https:\\\/\\\/proramillenote.it\\\/wp-content\\\/uploads\\\/block-notes-adesivo-con-copertina-e-bandierine-di-plastica.webp?wsr\",\"datePublished\":\"2023-05-15T10:16:44+00:00\",\"dateModified\":\"2025-11-20T11:56:15+00:00\",\"description\":\"Post-it avec couverture PPL et marque-page | Gadget personalizzato| Produttore\",\"breadcrumb\":{\"@id\":\"https:\\\/\\\/proramillenote.it\\\/fr\\\/post-it-avec-couverture-ppl-et-marque-page-sku-050\\\/#breadcrumb\"},\"inLanguage\":\"fr-FR\",\"potentialAction\":[{\"@type\":\"ReadAction\",\"target\":[\"https:\\\/\\\/proramillenote.it\\\/fr\\\/post-it-avec-couverture-ppl-et-marque-page-sku-050\\\/\"]}]},{\"@type\":\"ImageObject\",\"inLanguage\":\"fr-FR\",\"@id\":\"https:\\\/\\\/proramillenote.it\\\/fr\\\/post-it-avec-couverture-ppl-et-marque-page-sku-050\\\/#primaryimage\",\"url\":\"https:\\\/\\\/proramillenote.it\\\/wp-content\\\/uploads\\\/block-notes-adesivo-con-copertina-e-bandierine-di-plastica.webp?wsr\",\"contentUrl\":\"https:\\\/\\\/proramillenote.it\\\/wp-content\\\/uploads\\\/block-notes-adesivo-con-copertina-e-bandierine-di-plastica.webp?wsr\",\"width\":800,\"height\":800,\"caption\":\"block-notes-adesivo-con-copertina-e-bandierine-di-plastica PET\"},{\"@type\":\"BreadcrumbList\",\"@id\":\"https:\\\/\\\/proramillenote.it\\\/fr\\\/post-it-avec-couverture-ppl-et-marque-page-sku-050\\\/#breadcrumb\",\"itemListElement\":[{\"@type\":\"ListItem\",\"position\":1,\"name\":\"Proramillenote\",\"item\":\"https:\\\/\\\/proramillenote.it\\\/fr\\\/\"},{\"@type\":\"ListItem\",\"position\":2,\"name\":\"Post-it avec couverture PPL et marque-page\"}]},{\"@type\":\"WebSite\",\"@id\":\"https:\\\/\\\/proramillenote.it\\\/fr\\\/#website\",\"url\":\"https:\\\/\\\/proramillenote.it\\\/fr\\\/\",\"name\":\"Proramillenote gadget aziendali e post-it personalizzati\",\"description\":\"Post-it personalizzati, block notes con logo e gadget aziendali per il marketing B2B. Specialisti in gadget promozionali per medici e aziende farmaceutiche.\",\"publisher\":{\"@id\":\"https:\\\/\\\/proramillenote.it\\\/fr\\\/#organization\"},\"alternateName\":\"Proramillenote\",\"potentialAction\":[{\"@type\":\"SearchAction\",\"target\":{\"@type\":\"EntryPoint\",\"urlTemplate\":\"https:\\\/\\\/proramillenote.it\\\/fr\\\/?s={search_term_string}\"},\"query-input\":{\"@type\":\"PropertyValueSpecification\",\"valueRequired\":true,\"valueName\":\"search_term_string\"}}],\"inLanguage\":\"fr-FR\"},{\"@type\":\"Organization\",\"@id\":\"https:\\\/\\\/proramillenote.it\\\/fr\\\/#organization\",\"name\":\"Proramillenote gadgets d\u2019entreprise et post-it personnalis\u00e9s\",\"alternateName\":\"Proramillenote\",\"url\":\"https:\\\/\\\/proramillenote.it\\\/fr\\\/\",\"logo\":{\"@type\":\"ImageObject\",\"inLanguage\":\"fr-FR\",\"@id\":\"https:\\\/\\\/proramillenote.it\\\/fr\\\/#\\\/schema\\\/logo\\\/image\\\/\",\"url\":\"https:\\\/\\\/proramillenote.it\\\/wp-content\\\/uploads\\\/papercube800.png?wsr\",\"contentUrl\":\"https:\\\/\\\/proramillenote.it\\\/wp-content\\\/uploads\\\/papercube800.png?wsr\",\"width\":800,\"height\":800,\"caption\":\"Proramillenote gadgets d\u2019entreprise et post-it personnalis\u00e9s\"},\"image\":{\"@id\":\"https:\\\/\\\/proramillenote.it\\\/fr\\\/#\\\/schema\\\/logo\\\/image\\\/\"},\"description\":\"\u2022 Specialista in produzione e commercio di gadget per medici e gadget per veterinari personalizzati. \u2022 Produzione di gadget aziendali per qualsiasi settore merceologico dal 1975. \u2022 Produttore di post-it personalizzati, post-it sagomati e cubi di carta personalizzati in stampa digitale oppure offset. Produttore di block-notes con logo. \u2022 Con cartotecnica creativa progettiamo KIT di post-it su misura, Made in Italy e di design italiano, insigniti del prestigioso premio europeo PGA Promotional Gift Award. \u2022 Concorso #Ossoduro \\\"Design di brand reminder da scrivania innovativi\\\" concepito per incoraggiare la creativit\u00e0 degli studenti di scuole secondarie di design e grafica. Annuale - Ed.7\u00b0 2024-2025. \u2022 Proramillenote \u00e8 produttore accreditato EUDAMED per la fornitura di DMClasse I \u2022 Proramillenote \u00e8 certificata FSC\u00ae Chain of custody.\",\"email\":\"customercare@proramillenote.it\",\"telephone\":\"+39 039616593\",\"legalName\":\"Proramillenote Srl\",\"foundingDate\":\"1972-01-01\",\"vatID\":\"10323920966\",\"taxID\":\"10323920966\",\"numberOfEmployees\":{\"@type\":\"QuantitativeValue\",\"minValue\":\"11\",\"maxValue\":\"50\"},\"publishingPrinciples\":\"https:\\\/\\\/proramillenote.it\\\/politica-su-etica\\\/\",\"ownershipFundingInfo\":\"https:\\\/\\\/proramillenote.it\\\/politica-su-etica\\\/\",\"actionableFeedbackPolicy\":\"https:\\\/\\\/proramillenote.it\\\/politica-su-etica\\\/\",\"correctionsPolicy\":\"https:\\\/\\\/proramillenote.it\\\/politica-su-etica\\\/\",\"ethicsPolicy\":\"https:\\\/\\\/proramillenote.it\\\/politica-su-etica\\\/\",\"diversityPolicy\":\"https:\\\/\\\/proramillenote.it\\\/politica-su-etica\\\/\",\"diversityStaffingReport\":\"https:\\\/\\\/proramillenote.it\\\/politica-su-etica\\\/\"}]}<\/script>\n<meta property=\"product:brand\" content=\"Fabricant Proramillenote\" \/>\n<meta property=\"og:availability\" content=\"instock\" \/>\n<meta property=\"product:availability\" content=\"instock\" \/>\n<meta property=\"product:retailer_item_id\" content=\"050\" \/>\n<meta property=\"product:condition\" content=\"new\" \/>\n<!-- \/ Yoast SEO Premium plugin. -->","yoast_head_json":{"title":"Post-it avec couverture PPL et marque-page","description":"Post-it avec couverture PPL et marque-page | Gadget personalizzato| Produttore","robots":{"index":"index","follow":"follow","max-snippet":"max-snippet:-1","max-image-preview":"max-image-preview:large","max-video-preview":"max-video-preview:-1"},"canonical":"https:\/\/proramillenote.it\/fr\/post-it-avec-couverture-ppl-et-marque-page-sku-050\/","og_locale":"fr_FR","og_type":"article","og_title":"Post-it avec couverture PPL et marque-page","og_description":"Post-it avec couverture PPL et marque-page | Gadget personalizzato| Produttore","og_url":"https:\/\/proramillenote.it\/fr\/post-it-avec-couverture-ppl-et-marque-page-sku-050\/","og_site_name":"Gadgets d\u2019entreprise et post-it personnalis\u00e9s","article_modified_time":"2025-11-20T11:56:15+00:00","og_image":[{"width":800,"height":800,"url":"https:\/\/proramillenote.it\/wp-content\/uploads\/block-notes-adesivo-con-copertina-e-bandierine-di-plastica.webp","type":"image\/webp"}],"twitter_card":"summary_large_image","twitter_image":"https:\/\/proramillenote.it\/wp-content\/uploads\/pittogramma-proramillenote-favicon.png?wsr","schema":{"@context":"https:\/\/schema.org","@graph":[{"@type":"WebPage","@id":"https:\/\/proramillenote.it\/fr\/post-it-avec-couverture-ppl-et-marque-page-sku-050\/","url":"https:\/\/proramillenote.it\/fr\/post-it-avec-couverture-ppl-et-marque-page-sku-050\/","name":"Post-it avec couverture PPL et marque-page","isPartOf":{"@id":"https:\/\/proramillenote.it\/fr\/#website"},"primaryImageOfPage":{"@id":"https:\/\/proramillenote.it\/fr\/post-it-avec-couverture-ppl-et-marque-page-sku-050\/#primaryimage"},"image":{"@id":"https:\/\/proramillenote.it\/fr\/post-it-avec-couverture-ppl-et-marque-page-sku-050\/#primaryimage"},"thumbnailUrl":"https:\/\/proramillenote.it\/wp-content\/uploads\/block-notes-adesivo-con-copertina-e-bandierine-di-plastica.webp?wsr","datePublished":"2023-05-15T10:16:44+00:00","dateModified":"2025-11-20T11:56:15+00:00","description":"Post-it avec couverture PPL et marque-page | Gadget personalizzato| Produttore","breadcrumb":{"@id":"https:\/\/proramillenote.it\/fr\/post-it-avec-couverture-ppl-et-marque-page-sku-050\/#breadcrumb"},"inLanguage":"fr-FR","potentialAction":[{"@type":"ReadAction","target":["https:\/\/proramillenote.it\/fr\/post-it-avec-couverture-ppl-et-marque-page-sku-050\/"]}]},{"@type":"ImageObject","inLanguage":"fr-FR","@id":"https:\/\/proramillenote.it\/fr\/post-it-avec-couverture-ppl-et-marque-page-sku-050\/#primaryimage","url":"https:\/\/proramillenote.it\/wp-content\/uploads\/block-notes-adesivo-con-copertina-e-bandierine-di-plastica.webp?wsr","contentUrl":"https:\/\/proramillenote.it\/wp-content\/uploads\/block-notes-adesivo-con-copertina-e-bandierine-di-plastica.webp?wsr","width":800,"height":800,"caption":"block-notes-adesivo-con-copertina-e-bandierine-di-plastica PET"},{"@type":"BreadcrumbList","@id":"https:\/\/proramillenote.it\/fr\/post-it-avec-couverture-ppl-et-marque-page-sku-050\/#breadcrumb","itemListElement":[{"@type":"ListItem","position":1,"name":"Proramillenote","item":"https:\/\/proramillenote.it\/fr\/"},{"@type":"ListItem","position":2,"name":"Post-it avec couverture PPL et marque-page"}]},{"@type":"WebSite","@id":"https:\/\/proramillenote.it\/fr\/#website","url":"https:\/\/proramillenote.it\/fr\/","name":"Proramillenote gadget aziendali e post-it personalizzati","description":"Post-it personalizzati, block notes con logo e gadget aziendali per il marketing B2B. Specialisti in gadget promozionali per medici e aziende farmaceutiche.","publisher":{"@id":"https:\/\/proramillenote.it\/fr\/#organization"},"alternateName":"Proramillenote","potentialAction":[{"@type":"SearchAction","target":{"@type":"EntryPoint","urlTemplate":"https:\/\/proramillenote.it\/fr\/?s={search_term_string}"},"query-input":{"@type":"PropertyValueSpecification","valueRequired":true,"valueName":"search_term_string"}}],"inLanguage":"fr-FR"},{"@type":"Organization","@id":"https:\/\/proramillenote.it\/fr\/#organization","name":"Proramillenote gadgets d\u2019entreprise et post-it personnalis\u00e9s","alternateName":"Proramillenote","url":"https:\/\/proramillenote.it\/fr\/","logo":{"@type":"ImageObject","inLanguage":"fr-FR","@id":"https:\/\/proramillenote.it\/fr\/#\/schema\/logo\/image\/","url":"https:\/\/proramillenote.it\/wp-content\/uploads\/papercube800.png?wsr","contentUrl":"https:\/\/proramillenote.it\/wp-content\/uploads\/papercube800.png?wsr","width":800,"height":800,"caption":"Proramillenote gadgets d\u2019entreprise et post-it personnalis\u00e9s"},"image":{"@id":"https:\/\/proramillenote.it\/fr\/#\/schema\/logo\/image\/"},"description":"\u2022 Specialista in produzione e commercio di gadget per medici e gadget per veterinari personalizzati. \u2022 Produzione di gadget aziendali per qualsiasi settore merceologico dal 1975. \u2022 Produttore di post-it personalizzati, post-it sagomati e cubi di carta personalizzati in stampa digitale oppure offset. Produttore di block-notes con logo. \u2022 Con cartotecnica creativa progettiamo KIT di post-it su misura, Made in Italy e di design italiano, insigniti del prestigioso premio europeo PGA Promotional Gift Award. \u2022 Concorso #Ossoduro \"Design di brand reminder da scrivania innovativi\" concepito per incoraggiare la creativit\u00e0 degli studenti di scuole secondarie di design e grafica. Annuale - Ed.7\u00b0 2024-2025. \u2022 Proramillenote \u00e8 produttore accreditato EUDAMED per la fornitura di DMClasse I \u2022 Proramillenote \u00e8 certificata FSC\u00ae Chain of custody.","email":"customercare@proramillenote.it","telephone":"+39 039616593","legalName":"Proramillenote Srl","foundingDate":"1972-01-01","vatID":"10323920966","taxID":"10323920966","numberOfEmployees":{"@type":"QuantitativeValue","minValue":"11","maxValue":"50"},"publishingPrinciples":"https:\/\/proramillenote.it\/politica-su-etica\/","ownershipFundingInfo":"https:\/\/proramillenote.it\/politica-su-etica\/","actionableFeedbackPolicy":"https:\/\/proramillenote.it\/politica-su-etica\/","correctionsPolicy":"https:\/\/proramillenote.it\/politica-su-etica\/","ethicsPolicy":"https:\/\/proramillenote.it\/politica-su-etica\/","diversityPolicy":"https:\/\/proramillenote.it\/politica-su-etica\/","diversityStaffingReport":"https:\/\/proramillenote.it\/politica-su-etica\/"}]},"product_brand":"Fabricant Proramillenote","og_availability":"instock","product_availability":"instock","product_retailer_item_id":"050","product_condition":"new"},"_links":{"self":[{"href":"https:\/\/proramillenote.it\/fr\/wp-json\/wp\/v2\/product\/34888","targetHints":{"allow":["GET"]}}],"collection":[{"href":"https:\/\/proramillenote.it\/fr\/wp-json\/wp\/v2\/product"}],"about":[{"href":"https:\/\/proramillenote.it\/fr\/wp-json\/wp\/v2\/types\/product"}],"version-history":[{"count":0,"href":"https:\/\/proramillenote.it\/fr\/wp-json\/wp\/v2\/product\/34888\/revisions"}],"wp:featuredmedia":[{"embeddable":true,"href":"https:\/\/proramillenote.it\/fr\/wp-json\/wp\/v2\/media\/34840"}],"wp:attachment":[{"href":"https:\/\/proramillenote.it\/fr\/wp-json\/wp\/v2\/media?parent=34888"}],"wp:term":[{"taxonomy":"product_brand","embeddable":true,"href":"https:\/\/proramillenote.it\/fr\/wp-json\/wp\/v2\/product_brand?post=34888"},{"taxonomy":"product_cat","embeddable":true,"href":"https:\/\/proramillenote.it\/fr\/wp-json\/wp\/v2\/product_cat?post=34888"},{"taxonomy":"product_tag","embeddable":true,"href":"https:\/\/proramillenote.it\/fr\/wp-json\/wp\/v2\/product_tag?post=34888"}],"curies":[{"name":"wp","href":"https:\/\/api.w.org\/{rel}","templated":true}]}}