{"id":36441,"date":"2025-10-23T12:18:15","date_gmt":"2025-10-23T10:18:15","guid":{"rendered":"https:\/\/proramillenote.it\/prodotti\/meet-box-verticale-doppio-post-it-sku-074\/"},"modified":"2025-11-21T12:18:16","modified_gmt":"2025-11-21T11:18:16","slug":"double-post-it-meet-box-vertical-sku-074","status":"publish","type":"product","link":"https:\/\/proramillenote.it\/fr\/double-post-it-meet-box-vertical-sku-074\/","title":{"rendered":"Double post-it Meet Box Vertical"},"content":{"rendered":"<p><strong>Meet Box Vertical double post-it \u00e0 orientation verticale.<\/strong><br \/>\nCe <strong>gadget personnalis\u00e9<\/strong> se compose d&rsquo;un \u00e9tui en carton recouvert de plastique qui imite l&rsquo;apparence d&rsquo;un emballage de m\u00e9dicament ou de produit.<br \/>\nLe mod\u00e8le <strong>Meet<\/strong>, d\u00e9j\u00e0 disponible dans les versions <a href=\"https:\/\/proramillenote.it\/fr\/produit\/meet-box-2-post-it-avec-etui-en-carton-replique-de-produit-sur-mesure-sku-687\/\"><strong>Meet Box<\/strong><\/a> et <strong>Meet Box Maxi<\/strong>, est d\u00e9sormais \u00e9galement disponible dans la version Vertical Meet Box.<br \/>\nGr\u00e2ce \u00e0 son grand espace, il est possible de personnaliser le mod\u00e8le avec la publicit\u00e9 du m\u00e9dicament ou du produit.<\/p>\n<p>Une fois les rabats ouverts, deux notes autocollantes imprim\u00e9es avec votre logo se d\u00e9voilent, cr\u00e9ant un effet saisissant qui rappelle l&rsquo;aspect de l&#8217;emballage du produit.<\/p>\n<p><strong>Copyright Proramillenote<sup>\u00ae<\/sup>, tous droits r\u00e9serv\u00e9s.<\/strong><\/p>\n<p><em><strong>Avec Meet Box Vertical<\/strong><\/em><br \/>\n<em><strong>la publicit\u00e9 rencontre le design<br \/>\n<\/strong><\/em><br \/>\n<img decoding=\"async\" class=\"alignnone wp-image-36451\" style=\"font-weight: inherit;\" src=\"https:\/\/proramillenote.it\/wp-content\/uploads\/MEET-BOX-VERTICALE-LOGO.png\" alt=\"MEET-BOX-VERTICAL-LOGO\" width=\"177\" height=\"139\" srcset=\"https:\/\/proramillenote.it\/wp-content\/uploads\/MEET-BOX-VERTICALE-LOGO.png 833w, https:\/\/proramillenote.it\/wp-content\/uploads\/MEET-BOX-VERTICALE-LOGO-600x473.png 600w, https:\/\/proramillenote.it\/wp-content\/uploads\/MEET-BOX-VERTICALE-LOGO-300x236.png 300w, https:\/\/proramillenote.it\/wp-content\/uploads\/MEET-BOX-VERTICALE-LOGO-768x605.png 768w\" sizes=\"(max-width: 177px) 100vw, 177px\" \/><\/p>\n<p><a href=\"https:\/\/youtu.be\/6SNymgbu_X4\">Double post-it Meet Box Vertical<\/a><\/p>\n<blockquote><p><strong>PROMOTIONAL GIFT AWARD 2023<\/strong><br \/>\nLe mod\u00e8le MeetBox s&rsquo;est class\u00e9 PREMIER DANS LA <a href=\"https:\/\/proramillenote.it\/fr\/promotional-gift-award-2023-fr\/\">CAT\u00c9GORIE PRODUITS DE COMMUNICATION<\/a> au Promotional Gift Award 2023, un prix d\u00e9cern\u00e9 par la maison d&rsquo;\u00e9dition WA Media \u00e0 Cologne depuis plus de 20 ans.<\/p><\/blockquote>\n<blockquote><p><strong>PREMIER PRIX DU CONCOURS #OSSODURO ED. 4 PREMI\u00c8RE PLACE<br \/>\nMeetBox<\/strong> a \u00e9t\u00e9 con\u00e7u par<strong> Pavel Nobili<\/strong> et a remport\u00e9 la<strong> premi\u00e8re place<\/strong> au concours #Ossoduro pour la conception de gadgets de bureau innovants, organis\u00e9 chaque ann\u00e9e scolaire par Proramillenote et destin\u00e9 aux \u00e9tudiants des cours sup\u00e9rieurs de graphisme publicitaire.<br \/>\nTous droits r\u00e9serv\u00e9s \u00e0 Proramillenote\u00ae<\/p>\n<p><strong>Proramillenote<sup>\u00ae<\/sup>:<br \/>\ncr\u00e9ativit\u00e9 italienne, production italienne, confiance dans les jeunes!<\/strong><\/p><\/blockquote>\n<p><span style=\"color: #ff6600;\"><strong>Grand format<\/strong><\/span><\/p>\n<ul>\n<li><strong>Format ferm\u00e9<\/strong>: 66x80x33 mm, imitation bo\u00eete<\/li>\n<li><strong>\u00c9tui<\/strong>: 64x80x22 mm, carton 305 g\/m2, personnalis\u00e9 avec impression num\u00e9rique<\/li>\n<li><strong>2 post-it<\/strong>: papier adh\u00e9sif blanc ou jaune, 61 mm (face encoll\u00e9e)x 75 mm, 50 feuilles chacun, impression 1 \u00e0 4 couleurs<\/li>\n<\/ul>\n<p><span style=\"color: #ff6600;\"><strong>Petit format<\/strong><\/span><\/p>\n<ul>\n<li><strong>Format ferm\u00e9<\/strong>: 52 x 75 x 33 mm, imitation bo\u00eete<\/li>\n<li><strong>\u00c9tui<\/strong>: 54 x 75 x 21 mm, carton 305 g\/m2, personnalis\u00e9 par impression num\u00e9rique<\/li>\n<li><strong>2 post-it<\/strong>: papier adh\u00e9sif blanc ou jaune, 52 mm (face encoll\u00e9e)x 75 mm, 50 feuilles chacun, impression 1 \u00e0 4 couleurs<\/li>\n<\/ul>\n<p><strong>EMBALLAGE<\/strong>: Emballage protecteur sous film r\u00e9tractable<\/p>\n<p><strong>Copyright Proramillenote<sup>\u00ae<\/sup><br \/>\n<\/strong><\/p>\n<p><img decoding=\"async\" class=\"wp-image-30557 alignleft\" src=\"https:\/\/proramillenote.it\/wp-content\/uploads\/Eco.webp\" alt=\"Ecologico\" width=\"141\" height=\"69\" srcset=\"https:\/\/proramillenote.it\/wp-content\/uploads\/Eco.webp 1380w, https:\/\/proramillenote.it\/wp-content\/uploads\/Eco-600x291.webp 600w, https:\/\/proramillenote.it\/wp-content\/uploads\/Eco-300x146.webp 300w, https:\/\/proramillenote.it\/wp-content\/uploads\/Eco-1024x497.webp 1024w, https:\/\/proramillenote.it\/wp-content\/uploads\/Eco-768x373.webp 768w\" sizes=\"(max-width: 141px) 100vw, 141px\" \/><span style=\"color: #3aaa35;\"><strong style=\"font-size: 16px;\">Demandez \u00e9galement la version \u00e9cologique<br \/>\nde Meet Vertical, fabriqu\u00e9e avec du carton recycl\u00e9<br \/>\net du papier recycl\u00e9.<\/strong><\/span><\/p>\n<h6><span style=\"font-size: 17.6px; font-style: normal; font-weight: bold;\">MOQ: 500 pi\u00e8ces<\/span><\/h6>\n<p><strong>Demandez les autres matrices disponibles<\/strong><\/p>\n<p><a href=\"https:\/\/proramillenote.it\/fr\/meet-box-2-post-it-avec-etui-en-carton-replique-de-produit-sur-mesure-sku-687\/\"><strong>\u00c9galement disponible en format horizontal<\/strong><\/a><\/p>\n<p>Connaissez-vous toutes les <a href=\"&quot;https:\/\/proramillenote.it\/fr\/produit-tag-fr\/meet-post-it-personnalises\/\"> variations de Meet?<\/a><\/p>\n<p><iframe title=\"YouTube video player Meet Box Vertical'\" src=\"https:\/\/www.youtube-nocookie.com\/embed\/6SNymgbu_X4?rel=0&amp;modestbranding=1\" width=\"640\" height=\"400\" frameborder=\"0\" allowfullscreen=\"allowfullscreen\"><\/iframe><\/p>\n","protected":false},"excerpt":{"rendered":"<p>Production directe | Meet Box Vertical: 72x52x35 mm, double post-it 70\u00d750 mm, \u00e9tui en quadri. Gadget personnalis\u00e9 qui imite l&#8217;emballage des m\u00e9dicaments<\/p>\n","protected":false},"featured_media":35746,"template":"","meta":[],"product_brand":[5132],"product_cat":[541,128,639,636,637,118,258,168,342,414],"product_tag":[5185,5183,5343,5269,5141],"class_list":{"0":"post-36441","1":"product","2":"type-product","3":"status-publish","4":"has-post-thumbnail","6":"product_brand-produzione-proramillenote","7":"product_cat-archivio-prodotti","8":"product_cat-scrivania-del-medico-gadget-medici-pharma","9":"product_cat-costa-tra-1-e-2-euro","10":"product_cat-combinati-allestimenti-speciali","11":"product_cat-consegna-4-settimane","12":"product_cat-pharma-adv-gadget-medici-pharma-veterinaria","13":"product_cat-block-notes-adesivi-post-it-con-copertina","14":"product_cat-post-it","15":"product_cat-block-notes-adesivi-combinati-personalizzati","16":"product_cat-block-notes-adesivi-post-it-con-copertina-in-cartoncino","17":"product_tag-post-it-crowner","18":"product_tag-demobox-modelli-produzione-proramillenote","19":"product_tag-meet-post-it-personalizzati","20":"product_tag-gadget-multibrand","21":"product_tag-ossoduro-proramillenote-it","22":"pa_formato-formato-grande","23":"pa_formato-formato-piccolo","24":"pa_num-col-stampa-fogli-post-it-fogli-stampa-2-colori","25":"pa_num-col-stampa-fogli-post-it-fogli-stampa-0-colore","26":"pa_num-col-stampa-fogli-post-it-fogli-stampa-1-colore","27":"pa_num-col-stampa-fogli-post-it-fogli-stampa-3-colori","28":"pa_num-col-stampa-fogli-post-it-fogli-stampa-4-colori","29":"pa_num-col-stampa-fogli-post-it-fogli-stampa-quadricromia","30":"pa_stampa-astuccio-col-ast-1c","31":"pa_stampa-astuccio-col-ast-2c","32":"pa_stampa-astuccio-col-ast-3c","33":"pa_stampa-astuccio-col-ast-4c","34":"pa_stampa-astuccio-col-stmp-digitale-astuccio","35":"pa_tipo-di-carta-materiali-carta-fsc-e-cartoncino-fsc-certificati","36":"pa_tipo-di-carta-materiali-carta-riciclata-e-cartoncino-riciclato-gadget-ecosostenibili","38":"first","39":"instock","40":"shipping-taxable","41":"purchasable","42":"product-type-variable","43":"has-default-attributes"},"yoast_head":"<!-- This site is optimized with the Yoast SEO Premium plugin v27.3 (Yoast SEO v27.3) - https:\/\/yoast.com\/product\/yoast-seo-premium-wordpress\/ -->\n<title>Double post-it Meet Box Vertical<\/title>\n<meta name=\"description\" content=\"Production directe | Meet Box Vertical: 72x52x35 mm, double post-it 70\u00d750 mm, \u00e9tui en quadri. Gadget personnalis\u00e9 qui imite l&#039;emballage des m\u00e9dicaments\" \/>\n<meta name=\"robots\" content=\"index, follow, max-snippet:-1, max-image-preview:large, max-video-preview:-1\" \/>\n<link rel=\"canonical\" href=\"https:\/\/proramillenote.it\/fr\/double-post-it-meet-box-vertical-sku-074\/\" \/>\n<meta property=\"og:locale\" content=\"fr_FR\" \/>\n<meta property=\"og:type\" content=\"article\" \/>\n<meta property=\"og:title\" content=\"Double post-it Meet Box Vertical\" \/>\n<meta property=\"og:description\" content=\"Production directe | Meet Box Vertical: 72x52x35 mm, double post-it 70\u00d750 mm, \u00e9tui en quadri. Gadget personnalis\u00e9 qui imite l&#039;emballage des m\u00e9dicaments\" \/>\n<meta property=\"og:url\" content=\"https:\/\/proramillenote.it\/fr\/double-post-it-meet-box-vertical-sku-074\/\" \/>\n<meta property=\"og:site_name\" content=\"Gadgets d\u2019entreprise et post-it personnalis\u00e9s\" \/>\n<meta property=\"article:modified_time\" content=\"2025-11-21T11:18:16+00:00\" \/>\n<meta property=\"og:image\" content=\"https:\/\/proramillenote.it\/wp-content\/uploads\/meet_box_veticale_VLS3_pga_it.webp?wsr\" \/>\n\t<meta property=\"og:image:width\" content=\"600\" \/>\n\t<meta property=\"og:image:height\" content=\"600\" \/>\n\t<meta property=\"og:image:type\" content=\"image\/webp\" \/>\n<meta name=\"twitter:card\" content=\"summary_large_image\" \/>\n<meta name=\"twitter:image\" content=\"https:\/\/proramillenote.it\/wp-content\/uploads\/pittogramma-proramillenote-favicon.png?wsr\" \/>\n<script type=\"application\/ld+json\" class=\"yoast-schema-graph\">{\"@context\":\"https:\\\/\\\/schema.org\",\"@graph\":[{\"@type\":\"WebPage\",\"@id\":\"https:\\\/\\\/proramillenote.it\\\/fr\\\/double-post-it-meet-box-vertical-sku-074\\\/\",\"url\":\"https:\\\/\\\/proramillenote.it\\\/fr\\\/double-post-it-meet-box-vertical-sku-074\\\/\",\"name\":\"Double post-it Meet Box Vertical\",\"isPartOf\":{\"@id\":\"https:\\\/\\\/proramillenote.it\\\/fr\\\/#website\"},\"primaryImageOfPage\":{\"@id\":\"https:\\\/\\\/proramillenote.it\\\/fr\\\/double-post-it-meet-box-vertical-sku-074\\\/#primaryimage\"},\"image\":{\"@id\":\"https:\\\/\\\/proramillenote.it\\\/fr\\\/double-post-it-meet-box-vertical-sku-074\\\/#primaryimage\"},\"thumbnailUrl\":\"https:\\\/\\\/proramillenote.it\\\/wp-content\\\/uploads\\\/meet_box_veticale_VLS3_pga_it.webp?wsr\",\"datePublished\":\"2025-10-23T10:18:15+00:00\",\"dateModified\":\"2025-11-21T11:18:16+00:00\",\"description\":\"Production directe | Meet Box Vertical: 72x52x35 mm, double post-it 70\u00d750 mm, \u00e9tui en quadri. Gadget personnalis\u00e9 qui imite l'emballage des m\u00e9dicaments\",\"breadcrumb\":{\"@id\":\"https:\\\/\\\/proramillenote.it\\\/fr\\\/double-post-it-meet-box-vertical-sku-074\\\/#breadcrumb\"},\"inLanguage\":\"fr-FR\",\"potentialAction\":[{\"@type\":\"ReadAction\",\"target\":[\"https:\\\/\\\/proramillenote.it\\\/fr\\\/double-post-it-meet-box-vertical-sku-074\\\/\"]}]},{\"@type\":\"ImageObject\",\"inLanguage\":\"fr-FR\",\"@id\":\"https:\\\/\\\/proramillenote.it\\\/fr\\\/double-post-it-meet-box-vertical-sku-074\\\/#primaryimage\",\"url\":\"https:\\\/\\\/proramillenote.it\\\/wp-content\\\/uploads\\\/meet_box_veticale_VLS3_pga_it.webp?wsr\",\"contentUrl\":\"https:\\\/\\\/proramillenote.it\\\/wp-content\\\/uploads\\\/meet_box_veticale_VLS3_pga_it.webp?wsr\",\"width\":600,\"height\":600,\"caption\":\"Meet Box Vertical\"},{\"@type\":\"BreadcrumbList\",\"@id\":\"https:\\\/\\\/proramillenote.it\\\/fr\\\/double-post-it-meet-box-vertical-sku-074\\\/#breadcrumb\",\"itemListElement\":[{\"@type\":\"ListItem\",\"position\":1,\"name\":\"Proramillenote\",\"item\":\"https:\\\/\\\/proramillenote.it\\\/fr\\\/\"},{\"@type\":\"ListItem\",\"position\":2,\"name\":\"Double post-it Meet Box Vertical\"}]},{\"@type\":\"WebSite\",\"@id\":\"https:\\\/\\\/proramillenote.it\\\/fr\\\/#website\",\"url\":\"https:\\\/\\\/proramillenote.it\\\/fr\\\/\",\"name\":\"Proramillenote\",\"description\":\"Post-it personalizzati, block notes con logo e gadget aziendali per il marketing B2B. Specialisti in gadget promozionali per medici e aziende farmaceutiche.\",\"publisher\":{\"@id\":\"https:\\\/\\\/proramillenote.it\\\/fr\\\/#organization\"},\"alternateName\":\"Proramillenote\",\"potentialAction\":[{\"@type\":\"SearchAction\",\"target\":{\"@type\":\"EntryPoint\",\"urlTemplate\":\"https:\\\/\\\/proramillenote.it\\\/fr\\\/?s={search_term_string}\"},\"query-input\":{\"@type\":\"PropertyValueSpecification\",\"valueRequired\":true,\"valueName\":\"search_term_string\"}}],\"inLanguage\":\"fr-FR\"},{\"@type\":\"Organization\",\"@id\":\"https:\\\/\\\/proramillenote.it\\\/fr\\\/#organization\",\"name\":\"Proramillenote gadgets d\u2019entreprise et post-it personnalis\u00e9s\",\"alternateName\":\"Proramillenote\",\"url\":\"https:\\\/\\\/proramillenote.it\\\/fr\\\/\",\"logo\":{\"@type\":\"ImageObject\",\"inLanguage\":\"fr-FR\",\"@id\":\"https:\\\/\\\/proramillenote.it\\\/fr\\\/#\\\/schema\\\/logo\\\/image\\\/\",\"url\":\"https:\\\/\\\/proramillenote.it\\\/wp-content\\\/uploads\\\/papercube800.png?wsr\",\"contentUrl\":\"https:\\\/\\\/proramillenote.it\\\/wp-content\\\/uploads\\\/papercube800.png?wsr\",\"width\":800,\"height\":800,\"caption\":\"Proramillenote gadgets d\u2019entreprise et post-it personnalis\u00e9s\"},\"image\":{\"@id\":\"https:\\\/\\\/proramillenote.it\\\/fr\\\/#\\\/schema\\\/logo\\\/image\\\/\"},\"description\":\"\u2022 Specialista in produzione e commercio di gadget per medici e gadget per veterinari personalizzati. \u2022 Produzione di gadget aziendali per qualsiasi settore merceologico dal 1975. \u2022 Produttore di post-it personalizzati, post-it sagomati e cubi di carta personalizzati in stampa digitale oppure offset. Produttore di block-notes con logo. \u2022 Con cartotecnica creativa progettiamo KIT di post-it su misura, Made in Italy e di design italiano, insigniti del prestigioso premio europeo PGA Promotional Gift Award. \u2022 Concorso #Ossoduro \\\"Design di brand reminder da scrivania innovativi\\\" concepito per incoraggiare la creativit\u00e0 degli studenti di scuole secondarie di design e grafica. Annuale - Ed.7\u00b0 2024-2025. \u2022 Proramillenote \u00e8 produttore accreditato EUDAMED per la fornitura di DMClasse I \u2022 Proramillenote \u00e8 certificata FSC\u00ae Chain of custody.\",\"email\":\"customercare@proramillenote.it\",\"telephone\":\"+39 039616593\",\"legalName\":\"Proramillenote Srl\",\"foundingDate\":\"1972-01-01\",\"vatID\":\"10323920966\",\"taxID\":\"10323920966\",\"numberOfEmployees\":{\"@type\":\"QuantitativeValue\",\"minValue\":\"11\",\"maxValue\":\"50\"},\"publishingPrinciples\":\"https:\\\/\\\/proramillenote.it\\\/politica-su-etica\\\/\",\"ownershipFundingInfo\":\"https:\\\/\\\/proramillenote.it\\\/politica-su-etica\\\/\",\"actionableFeedbackPolicy\":\"https:\\\/\\\/proramillenote.it\\\/politica-su-etica\\\/\",\"correctionsPolicy\":\"https:\\\/\\\/proramillenote.it\\\/politica-su-etica\\\/\",\"ethicsPolicy\":\"https:\\\/\\\/proramillenote.it\\\/politica-su-etica\\\/\",\"diversityPolicy\":\"https:\\\/\\\/proramillenote.it\\\/politica-su-etica\\\/\",\"diversityStaffingReport\":\"https:\\\/\\\/proramillenote.it\\\/politica-su-etica\\\/\"}]}<\/script>\n<meta property=\"product:brand\" content=\"Proramillenote\" \/>\n<meta property=\"og:availability\" content=\"instock\" \/>\n<meta property=\"product:availability\" content=\"instock\" \/>\n<meta property=\"product:retailer_item_id\" content=\"074\" \/>\n<meta property=\"product:condition\" content=\"new\" \/>\n<!-- \/ Yoast SEO Premium plugin. -->","yoast_head_json":{"title":"Double post-it Meet Box Vertical","description":"Production directe | Meet Box Vertical: 72x52x35 mm, double post-it 70\u00d750 mm, \u00e9tui en quadri. Gadget personnalis\u00e9 qui imite l'emballage des m\u00e9dicaments","robots":{"index":"index","follow":"follow","max-snippet":"max-snippet:-1","max-image-preview":"max-image-preview:large","max-video-preview":"max-video-preview:-1"},"canonical":"https:\/\/proramillenote.it\/fr\/double-post-it-meet-box-vertical-sku-074\/","og_locale":"fr_FR","og_type":"article","og_title":"Double post-it Meet Box Vertical","og_description":"Production directe | Meet Box Vertical: 72x52x35 mm, double post-it 70\u00d750 mm, \u00e9tui en quadri. Gadget personnalis\u00e9 qui imite l'emballage des m\u00e9dicaments","og_url":"https:\/\/proramillenote.it\/fr\/double-post-it-meet-box-vertical-sku-074\/","og_site_name":"Gadgets d\u2019entreprise et post-it personnalis\u00e9s","article_modified_time":"2025-11-21T11:18:16+00:00","og_image":[{"width":600,"height":600,"url":"https:\/\/proramillenote.it\/wp-content\/uploads\/meet_box_veticale_VLS3_pga_it.webp?wsr","type":"image\/webp"}],"twitter_card":"summary_large_image","twitter_image":"https:\/\/proramillenote.it\/wp-content\/uploads\/pittogramma-proramillenote-favicon.png?wsr","schema":{"@context":"https:\/\/schema.org","@graph":[{"@type":"WebPage","@id":"https:\/\/proramillenote.it\/fr\/double-post-it-meet-box-vertical-sku-074\/","url":"https:\/\/proramillenote.it\/fr\/double-post-it-meet-box-vertical-sku-074\/","name":"Double post-it Meet Box Vertical","isPartOf":{"@id":"https:\/\/proramillenote.it\/fr\/#website"},"primaryImageOfPage":{"@id":"https:\/\/proramillenote.it\/fr\/double-post-it-meet-box-vertical-sku-074\/#primaryimage"},"image":{"@id":"https:\/\/proramillenote.it\/fr\/double-post-it-meet-box-vertical-sku-074\/#primaryimage"},"thumbnailUrl":"https:\/\/proramillenote.it\/wp-content\/uploads\/meet_box_veticale_VLS3_pga_it.webp?wsr","datePublished":"2025-10-23T10:18:15+00:00","dateModified":"2025-11-21T11:18:16+00:00","description":"Production directe | Meet Box Vertical: 72x52x35 mm, double post-it 70\u00d750 mm, \u00e9tui en quadri. Gadget personnalis\u00e9 qui imite l'emballage des m\u00e9dicaments","breadcrumb":{"@id":"https:\/\/proramillenote.it\/fr\/double-post-it-meet-box-vertical-sku-074\/#breadcrumb"},"inLanguage":"fr-FR","potentialAction":[{"@type":"ReadAction","target":["https:\/\/proramillenote.it\/fr\/double-post-it-meet-box-vertical-sku-074\/"]}]},{"@type":"ImageObject","inLanguage":"fr-FR","@id":"https:\/\/proramillenote.it\/fr\/double-post-it-meet-box-vertical-sku-074\/#primaryimage","url":"https:\/\/proramillenote.it\/wp-content\/uploads\/meet_box_veticale_VLS3_pga_it.webp?wsr","contentUrl":"https:\/\/proramillenote.it\/wp-content\/uploads\/meet_box_veticale_VLS3_pga_it.webp?wsr","width":600,"height":600,"caption":"Meet Box Vertical"},{"@type":"BreadcrumbList","@id":"https:\/\/proramillenote.it\/fr\/double-post-it-meet-box-vertical-sku-074\/#breadcrumb","itemListElement":[{"@type":"ListItem","position":1,"name":"Proramillenote","item":"https:\/\/proramillenote.it\/fr\/"},{"@type":"ListItem","position":2,"name":"Double post-it Meet Box Vertical"}]},{"@type":"WebSite","@id":"https:\/\/proramillenote.it\/fr\/#website","url":"https:\/\/proramillenote.it\/fr\/","name":"Proramillenote","description":"Post-it personalizzati, block notes con logo e gadget aziendali per il marketing B2B. Specialisti in gadget promozionali per medici e aziende farmaceutiche.","publisher":{"@id":"https:\/\/proramillenote.it\/fr\/#organization"},"alternateName":"Proramillenote","potentialAction":[{"@type":"SearchAction","target":{"@type":"EntryPoint","urlTemplate":"https:\/\/proramillenote.it\/fr\/?s={search_term_string}"},"query-input":{"@type":"PropertyValueSpecification","valueRequired":true,"valueName":"search_term_string"}}],"inLanguage":"fr-FR"},{"@type":"Organization","@id":"https:\/\/proramillenote.it\/fr\/#organization","name":"Proramillenote gadgets d\u2019entreprise et post-it personnalis\u00e9s","alternateName":"Proramillenote","url":"https:\/\/proramillenote.it\/fr\/","logo":{"@type":"ImageObject","inLanguage":"fr-FR","@id":"https:\/\/proramillenote.it\/fr\/#\/schema\/logo\/image\/","url":"https:\/\/proramillenote.it\/wp-content\/uploads\/papercube800.png?wsr","contentUrl":"https:\/\/proramillenote.it\/wp-content\/uploads\/papercube800.png?wsr","width":800,"height":800,"caption":"Proramillenote gadgets d\u2019entreprise et post-it personnalis\u00e9s"},"image":{"@id":"https:\/\/proramillenote.it\/fr\/#\/schema\/logo\/image\/"},"description":"\u2022 Specialista in produzione e commercio di gadget per medici e gadget per veterinari personalizzati. \u2022 Produzione di gadget aziendali per qualsiasi settore merceologico dal 1975. \u2022 Produttore di post-it personalizzati, post-it sagomati e cubi di carta personalizzati in stampa digitale oppure offset. Produttore di block-notes con logo. \u2022 Con cartotecnica creativa progettiamo KIT di post-it su misura, Made in Italy e di design italiano, insigniti del prestigioso premio europeo PGA Promotional Gift Award. \u2022 Concorso #Ossoduro \"Design di brand reminder da scrivania innovativi\" concepito per incoraggiare la creativit\u00e0 degli studenti di scuole secondarie di design e grafica. Annuale - Ed.7\u00b0 2024-2025. \u2022 Proramillenote \u00e8 produttore accreditato EUDAMED per la fornitura di DMClasse I \u2022 Proramillenote \u00e8 certificata FSC\u00ae Chain of custody.","email":"customercare@proramillenote.it","telephone":"+39 039616593","legalName":"Proramillenote Srl","foundingDate":"1972-01-01","vatID":"10323920966","taxID":"10323920966","numberOfEmployees":{"@type":"QuantitativeValue","minValue":"11","maxValue":"50"},"publishingPrinciples":"https:\/\/proramillenote.it\/politica-su-etica\/","ownershipFundingInfo":"https:\/\/proramillenote.it\/politica-su-etica\/","actionableFeedbackPolicy":"https:\/\/proramillenote.it\/politica-su-etica\/","correctionsPolicy":"https:\/\/proramillenote.it\/politica-su-etica\/","ethicsPolicy":"https:\/\/proramillenote.it\/politica-su-etica\/","diversityPolicy":"https:\/\/proramillenote.it\/politica-su-etica\/","diversityStaffingReport":"https:\/\/proramillenote.it\/politica-su-etica\/"}]},"product_brand":"Proramillenote","og_availability":"instock","product_availability":"instock","product_retailer_item_id":"074","product_condition":"new"},"_links":{"self":[{"href":"https:\/\/proramillenote.it\/fr\/wp-json\/wp\/v2\/product\/36441","targetHints":{"allow":["GET"]}}],"collection":[{"href":"https:\/\/proramillenote.it\/fr\/wp-json\/wp\/v2\/product"}],"about":[{"href":"https:\/\/proramillenote.it\/fr\/wp-json\/wp\/v2\/types\/product"}],"version-history":[{"count":2,"href":"https:\/\/proramillenote.it\/fr\/wp-json\/wp\/v2\/product\/36441\/revisions"}],"predecessor-version":[{"id":86729,"href":"https:\/\/proramillenote.it\/fr\/wp-json\/wp\/v2\/product\/36441\/revisions\/86729"}],"wp:featuredmedia":[{"embeddable":true,"href":"https:\/\/proramillenote.it\/fr\/wp-json\/wp\/v2\/media\/35746"}],"wp:attachment":[{"href":"https:\/\/proramillenote.it\/fr\/wp-json\/wp\/v2\/media?parent=36441"}],"wp:term":[{"taxonomy":"product_brand","embeddable":true,"href":"https:\/\/proramillenote.it\/fr\/wp-json\/wp\/v2\/product_brand?post=36441"},{"taxonomy":"product_cat","embeddable":true,"href":"https:\/\/proramillenote.it\/fr\/wp-json\/wp\/v2\/product_cat?post=36441"},{"taxonomy":"product_tag","embeddable":true,"href":"https:\/\/proramillenote.it\/fr\/wp-json\/wp\/v2\/product_tag?post=36441"}],"curies":[{"name":"wp","href":"https:\/\/api.w.org\/{rel}","templated":true}]}}