{"id":36610,"date":"2023-05-25T12:52:37","date_gmt":"2023-05-25T10:52:37","guid":{"rendered":"https:\/\/proramillenote.it\/prodotti\/adesivi-pediatrici-meet-sku-055\/"},"modified":"2025-12-30T12:46:18","modified_gmt":"2025-12-30T11:46:18","slug":"stickers-pediatriques-meet-sku-055-fr","status":"publish","type":"product","link":"https:\/\/proramillenote.it\/fr\/stickers-pediatriques-meet-sku-055-fr\/","title":{"rendered":"Stickers p\u00e9diatriques Meet"},"content":{"rendered":"<h2>Les stickers p\u00e9diatriques Meet<\/h2>\n<p>Les <strong>stickers p\u00e9diatriques Meet<\/strong> sont des gadgets color\u00e9s et amusants en forme de cercle. Ils se composent d&rsquo;<strong>\u00e9tiquettes amovibles<\/strong>, id\u00e9ales pour r\u00e9compenser et reconna\u00eetre le courage des jeunes patients apr\u00e8s une <strong>visite p\u00e9diatrique<\/strong>.<\/p>\n<h3>Utilisation par les p\u00e9diatres<\/h3>\n<p>Les p\u00e9diatres utilisent ces stickers comme des m\u00e9dailles pour r\u00e9compenser les enfants. Les jeunes patients peuvent les appliquer n&rsquo;importe o\u00f9 sans laisser de trace de colle, car l&rsquo;adh\u00e9sif est amovible.<\/p>\n<h3>Effet de surprise des mod\u00e8les Meet<\/h3>\n<p>De plus, nos mod\u00e8les \u00ab\u00a0Meet\u00a0\u00bb offrent un <strong>effet de surprise<\/strong>. Lorsqu&rsquo;ils sont ferm\u00e9s, ils sont compacts et peu encombrants. Toutefois, lorsqu&rsquo;un m\u00e9decin les ouvre, leur taille double et un mini \u00e9cran personnalis\u00e9 \u00e0 deux faces appara\u00eet, mettant en valeur votre publicit\u00e9, la photo de l&#8217;emballage ou vos logos.<\/p>\n<p><span style=\"color: #ff6600;\"><strong>Caract\u00e9ristiques<\/strong><\/span><\/p>\n<ul>\n<li>Format ferm\u00e9 : 70\u00d770 mm, hauteur de 12 mm<\/li>\n<li>2 packs de 25 <strong>stickers p\u00e9diatriques<\/strong> chacun (30+30 autocollants en option)<\/li>\n<li>Diam\u00e8tre de chaque <strong>autocollant<\/strong> : 65 mm<\/li>\n<li>Carton de 305 g\/m\u00b2, \u00e9galement <strong>disponible en version recycl\u00e9e<\/strong><\/li>\n<\/ul>\n<p><strong><span style=\"color: #ff6600;\">Personnalisation<\/span><\/strong><\/p>\n<ul>\n<li>Impression en quadrichromie sur les autocollants, avec <strong>2 motifs diff\u00e9rents<\/strong>.<\/li>\n<li>Impression en quadrichromie sur le carton.<\/li>\n<\/ul>\n<p><img decoding=\"async\" class=\"wp-image-30557 alignleft\" src=\"https:\/\/proramillenote.it\/wp-content\/uploads\/Eco.webp\" alt=\"Ecologico\" width=\"213\" height=\"103\" srcset=\"https:\/\/proramillenote.it\/wp-content\/uploads\/Eco.webp 1380w, https:\/\/proramillenote.it\/wp-content\/uploads\/Eco-600x291.webp 600w, https:\/\/proramillenote.it\/wp-content\/uploads\/Eco-300x146.webp 300w, https:\/\/proramillenote.it\/wp-content\/uploads\/Eco-1024x497.webp 1024w, https:\/\/proramillenote.it\/wp-content\/uploads\/Eco-768x373.webp 768w\" sizes=\"(max-width: 213px) 100vw, 213px\" \/><\/p>\n<p><span style=\"color: #3aaa35;\"><strong style=\"font-size: 16px;\"><br \/>\nDemandez les autocollants p\u00e9diatriques Meet<br \/>\nen version \u00e9cologique,<br \/>\nfabriqu\u00e9s avec du carton recycl\u00e9<\/strong><\/span><\/p>\n<h6>MQO: 2 000 pi\u00e8ces<\/h6>\n<p>D\u00e9couvrez la <a href=\"https:\/\/proramillenote.it\/en\/meet-box-2-post-it-notes-with-a-cardboard-case-bespoke-product-replica-sku-687\/\">Meet Box<\/a> avec un \u00e9tui qui imite l&#8217;emballage du m\u00e9dicament.<\/p>\n<p>Connaissez-vous toutes les <a href=\"\/?product_tag=meet-post-it-personnalises\"> variations de Meet?<\/a><\/p>\n","protected":false},"excerpt":{"rendered":"<p>Autocollants p\u00e9diatriques Meet: 2 paquets de 25 autocollants chacun, avec couverture en carton et couronne pop-up. Le tout est personnalis\u00e9 en quadri, au format ferm\u00e9 de 70 x 70 mm et d&rsquo;une hauteur de 12 mm. Le diam\u00e8tre de chaque autocollant est de 65 mm.<\/p>\n","protected":false},"featured_media":35578,"template":"","meta":[],"product_brand":[5138],"product_cat":[2833,2836,692,5270,659,5235,673,646,658],"product_tag":[3331,5346,5142],"class_list":{"0":"post-36610","1":"product","2":"type-product","3":"status-publish","4":"has-post-thumbnail","6":"product_brand-fabricant-proramillenote","7":"product_cat-autocollants-pediatriques","8":"product_cat-autocollants-pediatriques-a-couverture-souple","9":"product_cat-bureau-du-medecin-gadget-personnalise","10":"product_cat-cela-coute-plus-de-2-euros","11":"product_cat-bloc-notes-combines-dans-un-etui-en-carton-sur-mesure","12":"product_cat-livraison-en-4-semaines","13":"product_cat-gadget-publicitaire-personnalise-pharma-veterinaire-medecin-producteur-revendeur-subcat-fr","14":"product_cat-post-it-personnalises","15":"product_cat-post-it-combines-dans-le-meme-etui","16":"product_tag-cotes-en-forme","17":"product_tag-meet-post-it-personnalises-ok","18":"product_tag-ossoduro-proramillenote-fr","19":"pa_stampa-adesivi-numero-colori-1-col-adesivi-fr-2","20":"pa_stampa-adesivi-numero-colori-2-col-adesivi-fr-2","21":"pa_stampa-adesivi-numero-colori-3-col-adesivi-fr-2","22":"pa_stampa-adesivi-numero-colori-4-col-adesivi-fr-2","23":"pa_stampa-copertina-numero-col-couverture-impression-numerique-fr","24":"pa_stampa-copertina-numero-col-couverture-impression-1-couleur-fr","25":"pa_stampa-copertina-numero-col-couverture-impression-2-couleurs-fr","26":"pa_stampa-copertina-numero-col-couverture-impression-3-couleurs-fr","28":"first","29":"instock","30":"shipping-taxable","31":"purchasable","32":"product-type-variable","33":"has-default-attributes"},"yoast_head":"<!-- This site is optimized with the Yoast SEO Premium plugin v27.3 (Yoast SEO v27.3) - https:\/\/yoast.com\/product\/yoast-seo-premium-wordpress\/ -->\n<title>Stickers p\u00e9diatriques personnalis\u00e9s<\/title>\n<meta name=\"description\" content=\"Stickers p\u00e9diatriques Meet: 2 paquets de 25 autocollants p\u00e9diatriques, couverture POP-UP en carton. Personnalis\u00e9 en quadri \u00f8 autocollant 65 mm.\" \/>\n<meta name=\"robots\" content=\"index, follow, max-snippet:-1, max-image-preview:large, max-video-preview:-1\" \/>\n<link rel=\"canonical\" href=\"https:\/\/proramillenote.it\/fr\/stickers-pediatriques-meet-sku-055-fr\/\" \/>\n<meta property=\"og:locale\" content=\"fr_FR\" \/>\n<meta property=\"og:type\" content=\"article\" \/>\n<meta property=\"og:title\" content=\"Stickers p\u00e9diatriques personnalis\u00e9s\" \/>\n<meta property=\"og:description\" content=\"Stickers p\u00e9diatriques Meet: 2 paquets de 25 autocollants p\u00e9diatriques, couverture POP-UP en carton. Personnalis\u00e9 en quadri \u00f8 autocollant 65 mm.\" \/>\n<meta property=\"og:url\" content=\"https:\/\/proramillenote.it\/fr\/stickers-pediatriques-meet-sku-055-fr\/\" \/>\n<meta property=\"og:site_name\" content=\"Gadgets d\u2019entreprise et post-it personnalis\u00e9s\" \/>\n<meta property=\"article:modified_time\" content=\"2025-12-30T11:46:18+00:00\" \/>\n<meta property=\"og:image\" content=\"https:\/\/proramillenote.it\/wp-content\/uploads\/Meet_adesivi_Pediatrici_eltairneb-panda-aperto.webp?wsr\" \/>\n\t<meta property=\"og:image:width\" content=\"600\" \/>\n\t<meta property=\"og:image:height\" content=\"600\" \/>\n\t<meta property=\"og:image:type\" content=\"image\/webp\" \/>\n<meta name=\"twitter:card\" content=\"summary_large_image\" \/>\n<meta name=\"twitter:image\" content=\"https:\/\/proramillenote.it\/wp-content\/uploads\/pittogramma-proramillenote-favicon.png?wsr\" \/>\n<script type=\"application\/ld+json\" class=\"yoast-schema-graph\">{\"@context\":\"https:\\\/\\\/schema.org\",\"@graph\":[{\"@type\":\"WebPage\",\"@id\":\"https:\\\/\\\/proramillenote.it\\\/fr\\\/stickers-pediatriques-meet-sku-055-fr\\\/\",\"url\":\"https:\\\/\\\/proramillenote.it\\\/fr\\\/stickers-pediatriques-meet-sku-055-fr\\\/\",\"name\":\"Stickers p\u00e9diatriques personnalis\u00e9s\",\"isPartOf\":{\"@id\":\"https:\\\/\\\/proramillenote.it\\\/fr\\\/#website\"},\"primaryImageOfPage\":{\"@id\":\"https:\\\/\\\/proramillenote.it\\\/fr\\\/stickers-pediatriques-meet-sku-055-fr\\\/#primaryimage\"},\"image\":{\"@id\":\"https:\\\/\\\/proramillenote.it\\\/fr\\\/stickers-pediatriques-meet-sku-055-fr\\\/#primaryimage\"},\"thumbnailUrl\":\"https:\\\/\\\/proramillenote.it\\\/wp-content\\\/uploads\\\/Meet_adesivi_Pediatrici_eltairneb-panda-aperto.webp?wsr\",\"datePublished\":\"2023-05-25T10:52:37+00:00\",\"dateModified\":\"2025-12-30T11:46:18+00:00\",\"description\":\"Stickers p\u00e9diatriques Meet: 2 paquets de 25 autocollants p\u00e9diatriques, couverture POP-UP en carton. Personnalis\u00e9 en quadri \u00f8 autocollant 65 mm.\",\"breadcrumb\":{\"@id\":\"https:\\\/\\\/proramillenote.it\\\/fr\\\/stickers-pediatriques-meet-sku-055-fr\\\/#breadcrumb\"},\"inLanguage\":\"fr-FR\",\"potentialAction\":[{\"@type\":\"ReadAction\",\"target\":[\"https:\\\/\\\/proramillenote.it\\\/fr\\\/stickers-pediatriques-meet-sku-055-fr\\\/\"]}]},{\"@type\":\"ImageObject\",\"inLanguage\":\"fr-FR\",\"@id\":\"https:\\\/\\\/proramillenote.it\\\/fr\\\/stickers-pediatriques-meet-sku-055-fr\\\/#primaryimage\",\"url\":\"https:\\\/\\\/proramillenote.it\\\/wp-content\\\/uploads\\\/Meet_adesivi_Pediatrici_eltairneb-panda-aperto.webp?wsr\",\"contentUrl\":\"https:\\\/\\\/proramillenote.it\\\/wp-content\\\/uploads\\\/Meet_adesivi_Pediatrici_eltairneb-panda-aperto.webp?wsr\",\"width\":600,\"height\":600,\"caption\":\"stickers p\u00e9diatriques Meet \u00e9tiquettes amovibles\"},{\"@type\":\"BreadcrumbList\",\"@id\":\"https:\\\/\\\/proramillenote.it\\\/fr\\\/stickers-pediatriques-meet-sku-055-fr\\\/#breadcrumb\",\"itemListElement\":[{\"@type\":\"ListItem\",\"position\":1,\"name\":\"Proramillenote\",\"item\":\"https:\\\/\\\/proramillenote.it\\\/fr\\\/\"},{\"@type\":\"ListItem\",\"position\":2,\"name\":\"Stickers p\u00e9diatriques Meet\"}]},{\"@type\":\"WebSite\",\"@id\":\"https:\\\/\\\/proramillenote.it\\\/fr\\\/#website\",\"url\":\"https:\\\/\\\/proramillenote.it\\\/fr\\\/\",\"name\":\"Proramillenote gadget aziendali e post-it personalizzati\",\"description\":\"Post-it personalizzati, block notes con logo e gadget aziendali per il marketing B2B. Specialisti in gadget promozionali per medici e aziende farmaceutiche.\",\"publisher\":{\"@id\":\"https:\\\/\\\/proramillenote.it\\\/fr\\\/#organization\"},\"alternateName\":\"Proramillenote\",\"potentialAction\":[{\"@type\":\"SearchAction\",\"target\":{\"@type\":\"EntryPoint\",\"urlTemplate\":\"https:\\\/\\\/proramillenote.it\\\/fr\\\/?s={search_term_string}\"},\"query-input\":{\"@type\":\"PropertyValueSpecification\",\"valueRequired\":true,\"valueName\":\"search_term_string\"}}],\"inLanguage\":\"fr-FR\"},{\"@type\":\"Organization\",\"@id\":\"https:\\\/\\\/proramillenote.it\\\/fr\\\/#organization\",\"name\":\"Proramillenote gadgets d\u2019entreprise et post-it personnalis\u00e9s\",\"alternateName\":\"Proramillenote\",\"url\":\"https:\\\/\\\/proramillenote.it\\\/fr\\\/\",\"logo\":{\"@type\":\"ImageObject\",\"inLanguage\":\"fr-FR\",\"@id\":\"https:\\\/\\\/proramillenote.it\\\/fr\\\/#\\\/schema\\\/logo\\\/image\\\/\",\"url\":\"https:\\\/\\\/proramillenote.it\\\/wp-content\\\/uploads\\\/papercube800.png?wsr\",\"contentUrl\":\"https:\\\/\\\/proramillenote.it\\\/wp-content\\\/uploads\\\/papercube800.png?wsr\",\"width\":800,\"height\":800,\"caption\":\"Proramillenote gadgets d\u2019entreprise et post-it personnalis\u00e9s\"},\"image\":{\"@id\":\"https:\\\/\\\/proramillenote.it\\\/fr\\\/#\\\/schema\\\/logo\\\/image\\\/\"},\"description\":\"\u2022 Specialista in produzione e commercio di gadget per medici e gadget per veterinari personalizzati. \u2022 Produzione di gadget aziendali per qualsiasi settore merceologico dal 1975. \u2022 Produttore di post-it personalizzati, post-it sagomati e cubi di carta personalizzati in stampa digitale oppure offset. Produttore di block-notes con logo. \u2022 Con cartotecnica creativa progettiamo KIT di post-it su misura, Made in Italy e di design italiano, insigniti del prestigioso premio europeo PGA Promotional Gift Award. \u2022 Concorso #Ossoduro \\\"Design di brand reminder da scrivania innovativi\\\" concepito per incoraggiare la creativit\u00e0 degli studenti di scuole secondarie di design e grafica. Annuale - Ed.7\u00b0 2024-2025. \u2022 Proramillenote \u00e8 produttore accreditato EUDAMED per la fornitura di DMClasse I \u2022 Proramillenote \u00e8 certificata FSC\u00ae Chain of custody.\",\"email\":\"customercare@proramillenote.it\",\"telephone\":\"+39 039616593\",\"legalName\":\"Proramillenote Srl\",\"foundingDate\":\"1972-01-01\",\"vatID\":\"10323920966\",\"taxID\":\"10323920966\",\"numberOfEmployees\":{\"@type\":\"QuantitativeValue\",\"minValue\":\"11\",\"maxValue\":\"50\"},\"publishingPrinciples\":\"https:\\\/\\\/proramillenote.it\\\/politica-su-etica\\\/\",\"ownershipFundingInfo\":\"https:\\\/\\\/proramillenote.it\\\/politica-su-etica\\\/\",\"actionableFeedbackPolicy\":\"https:\\\/\\\/proramillenote.it\\\/politica-su-etica\\\/\",\"correctionsPolicy\":\"https:\\\/\\\/proramillenote.it\\\/politica-su-etica\\\/\",\"ethicsPolicy\":\"https:\\\/\\\/proramillenote.it\\\/politica-su-etica\\\/\",\"diversityPolicy\":\"https:\\\/\\\/proramillenote.it\\\/politica-su-etica\\\/\",\"diversityStaffingReport\":\"https:\\\/\\\/proramillenote.it\\\/politica-su-etica\\\/\"}]}<\/script>\n<meta property=\"product:brand\" content=\"Fabricant Proramillenote\" \/>\n<meta property=\"og:availability\" content=\"instock\" \/>\n<meta property=\"product:availability\" content=\"instock\" \/>\n<meta property=\"product:retailer_item_id\" content=\"055\" \/>\n<meta property=\"product:condition\" content=\"new\" \/>\n<!-- \/ Yoast SEO Premium plugin. -->","yoast_head_json":{"title":"Stickers p\u00e9diatriques personnalis\u00e9s","description":"Stickers p\u00e9diatriques Meet: 2 paquets de 25 autocollants p\u00e9diatriques, couverture POP-UP en carton. Personnalis\u00e9 en quadri \u00f8 autocollant 65 mm.","robots":{"index":"index","follow":"follow","max-snippet":"max-snippet:-1","max-image-preview":"max-image-preview:large","max-video-preview":"max-video-preview:-1"},"canonical":"https:\/\/proramillenote.it\/fr\/stickers-pediatriques-meet-sku-055-fr\/","og_locale":"fr_FR","og_type":"article","og_title":"Stickers p\u00e9diatriques personnalis\u00e9s","og_description":"Stickers p\u00e9diatriques Meet: 2 paquets de 25 autocollants p\u00e9diatriques, couverture POP-UP en carton. Personnalis\u00e9 en quadri \u00f8 autocollant 65 mm.","og_url":"https:\/\/proramillenote.it\/fr\/stickers-pediatriques-meet-sku-055-fr\/","og_site_name":"Gadgets d\u2019entreprise et post-it personnalis\u00e9s","article_modified_time":"2025-12-30T11:46:18+00:00","og_image":[{"width":600,"height":600,"url":"https:\/\/proramillenote.it\/wp-content\/uploads\/Meet_adesivi_Pediatrici_eltairneb-panda-aperto.webp?wsr","type":"image\/webp"}],"twitter_card":"summary_large_image","twitter_image":"https:\/\/proramillenote.it\/wp-content\/uploads\/pittogramma-proramillenote-favicon.png?wsr","schema":{"@context":"https:\/\/schema.org","@graph":[{"@type":"WebPage","@id":"https:\/\/proramillenote.it\/fr\/stickers-pediatriques-meet-sku-055-fr\/","url":"https:\/\/proramillenote.it\/fr\/stickers-pediatriques-meet-sku-055-fr\/","name":"Stickers p\u00e9diatriques personnalis\u00e9s","isPartOf":{"@id":"https:\/\/proramillenote.it\/fr\/#website"},"primaryImageOfPage":{"@id":"https:\/\/proramillenote.it\/fr\/stickers-pediatriques-meet-sku-055-fr\/#primaryimage"},"image":{"@id":"https:\/\/proramillenote.it\/fr\/stickers-pediatriques-meet-sku-055-fr\/#primaryimage"},"thumbnailUrl":"https:\/\/proramillenote.it\/wp-content\/uploads\/Meet_adesivi_Pediatrici_eltairneb-panda-aperto.webp?wsr","datePublished":"2023-05-25T10:52:37+00:00","dateModified":"2025-12-30T11:46:18+00:00","description":"Stickers p\u00e9diatriques Meet: 2 paquets de 25 autocollants p\u00e9diatriques, couverture POP-UP en carton. Personnalis\u00e9 en quadri \u00f8 autocollant 65 mm.","breadcrumb":{"@id":"https:\/\/proramillenote.it\/fr\/stickers-pediatriques-meet-sku-055-fr\/#breadcrumb"},"inLanguage":"fr-FR","potentialAction":[{"@type":"ReadAction","target":["https:\/\/proramillenote.it\/fr\/stickers-pediatriques-meet-sku-055-fr\/"]}]},{"@type":"ImageObject","inLanguage":"fr-FR","@id":"https:\/\/proramillenote.it\/fr\/stickers-pediatriques-meet-sku-055-fr\/#primaryimage","url":"https:\/\/proramillenote.it\/wp-content\/uploads\/Meet_adesivi_Pediatrici_eltairneb-panda-aperto.webp?wsr","contentUrl":"https:\/\/proramillenote.it\/wp-content\/uploads\/Meet_adesivi_Pediatrici_eltairneb-panda-aperto.webp?wsr","width":600,"height":600,"caption":"stickers p\u00e9diatriques Meet \u00e9tiquettes amovibles"},{"@type":"BreadcrumbList","@id":"https:\/\/proramillenote.it\/fr\/stickers-pediatriques-meet-sku-055-fr\/#breadcrumb","itemListElement":[{"@type":"ListItem","position":1,"name":"Proramillenote","item":"https:\/\/proramillenote.it\/fr\/"},{"@type":"ListItem","position":2,"name":"Stickers p\u00e9diatriques Meet"}]},{"@type":"WebSite","@id":"https:\/\/proramillenote.it\/fr\/#website","url":"https:\/\/proramillenote.it\/fr\/","name":"Proramillenote gadget aziendali e post-it personalizzati","description":"Post-it personalizzati, block notes con logo e gadget aziendali per il marketing B2B. Specialisti in gadget promozionali per medici e aziende farmaceutiche.","publisher":{"@id":"https:\/\/proramillenote.it\/fr\/#organization"},"alternateName":"Proramillenote","potentialAction":[{"@type":"SearchAction","target":{"@type":"EntryPoint","urlTemplate":"https:\/\/proramillenote.it\/fr\/?s={search_term_string}"},"query-input":{"@type":"PropertyValueSpecification","valueRequired":true,"valueName":"search_term_string"}}],"inLanguage":"fr-FR"},{"@type":"Organization","@id":"https:\/\/proramillenote.it\/fr\/#organization","name":"Proramillenote gadgets d\u2019entreprise et post-it personnalis\u00e9s","alternateName":"Proramillenote","url":"https:\/\/proramillenote.it\/fr\/","logo":{"@type":"ImageObject","inLanguage":"fr-FR","@id":"https:\/\/proramillenote.it\/fr\/#\/schema\/logo\/image\/","url":"https:\/\/proramillenote.it\/wp-content\/uploads\/papercube800.png?wsr","contentUrl":"https:\/\/proramillenote.it\/wp-content\/uploads\/papercube800.png?wsr","width":800,"height":800,"caption":"Proramillenote gadgets d\u2019entreprise et post-it personnalis\u00e9s"},"image":{"@id":"https:\/\/proramillenote.it\/fr\/#\/schema\/logo\/image\/"},"description":"\u2022 Specialista in produzione e commercio di gadget per medici e gadget per veterinari personalizzati. \u2022 Produzione di gadget aziendali per qualsiasi settore merceologico dal 1975. \u2022 Produttore di post-it personalizzati, post-it sagomati e cubi di carta personalizzati in stampa digitale oppure offset. Produttore di block-notes con logo. \u2022 Con cartotecnica creativa progettiamo KIT di post-it su misura, Made in Italy e di design italiano, insigniti del prestigioso premio europeo PGA Promotional Gift Award. \u2022 Concorso #Ossoduro \"Design di brand reminder da scrivania innovativi\" concepito per incoraggiare la creativit\u00e0 degli studenti di scuole secondarie di design e grafica. Annuale - Ed.7\u00b0 2024-2025. \u2022 Proramillenote \u00e8 produttore accreditato EUDAMED per la fornitura di DMClasse I \u2022 Proramillenote \u00e8 certificata FSC\u00ae Chain of custody.","email":"customercare@proramillenote.it","telephone":"+39 039616593","legalName":"Proramillenote Srl","foundingDate":"1972-01-01","vatID":"10323920966","taxID":"10323920966","numberOfEmployees":{"@type":"QuantitativeValue","minValue":"11","maxValue":"50"},"publishingPrinciples":"https:\/\/proramillenote.it\/politica-su-etica\/","ownershipFundingInfo":"https:\/\/proramillenote.it\/politica-su-etica\/","actionableFeedbackPolicy":"https:\/\/proramillenote.it\/politica-su-etica\/","correctionsPolicy":"https:\/\/proramillenote.it\/politica-su-etica\/","ethicsPolicy":"https:\/\/proramillenote.it\/politica-su-etica\/","diversityPolicy":"https:\/\/proramillenote.it\/politica-su-etica\/","diversityStaffingReport":"https:\/\/proramillenote.it\/politica-su-etica\/"}]},"product_brand":"Fabricant Proramillenote","og_availability":"instock","product_availability":"instock","product_retailer_item_id":"055","product_condition":"new"},"_links":{"self":[{"href":"https:\/\/proramillenote.it\/fr\/wp-json\/wp\/v2\/product\/36610","targetHints":{"allow":["GET"]}}],"collection":[{"href":"https:\/\/proramillenote.it\/fr\/wp-json\/wp\/v2\/product"}],"about":[{"href":"https:\/\/proramillenote.it\/fr\/wp-json\/wp\/v2\/types\/product"}],"version-history":[{"count":1,"href":"https:\/\/proramillenote.it\/fr\/wp-json\/wp\/v2\/product\/36610\/revisions"}],"predecessor-version":[{"id":89005,"href":"https:\/\/proramillenote.it\/fr\/wp-json\/wp\/v2\/product\/36610\/revisions\/89005"}],"wp:featuredmedia":[{"embeddable":true,"href":"https:\/\/proramillenote.it\/fr\/wp-json\/wp\/v2\/media\/35578"}],"wp:attachment":[{"href":"https:\/\/proramillenote.it\/fr\/wp-json\/wp\/v2\/media?parent=36610"}],"wp:term":[{"taxonomy":"product_brand","embeddable":true,"href":"https:\/\/proramillenote.it\/fr\/wp-json\/wp\/v2\/product_brand?post=36610"},{"taxonomy":"product_cat","embeddable":true,"href":"https:\/\/proramillenote.it\/fr\/wp-json\/wp\/v2\/product_cat?post=36610"},{"taxonomy":"product_tag","embeddable":true,"href":"https:\/\/proramillenote.it\/fr\/wp-json\/wp\/v2\/product_tag?post=36610"}],"curies":[{"name":"wp","href":"https:\/\/api.w.org\/{rel}","templated":true}]}}