{"id":43112,"date":"2026-02-02T13:14:33","date_gmt":"2026-02-02T12:14:33","guid":{"rendered":"https:\/\/proramillenote.it\/prodotto\/post-it-con-copertina-scorrevole-sku-017\/"},"modified":"2026-02-05T14:31:43","modified_gmt":"2026-02-05T13:31:43","slug":"post-it-avec-couverture-coulissante-sku-017","status":"publish","type":"product","link":"https:\/\/proramillenote.it\/fr\/post-it-avec-couverture-coulissante-sku-017\/","title":{"rendered":"Post-it avec couverture coulissante"},"content":{"rendered":"<h2>Post-it avec couverture coulissante<\/h2>\n<p>Le <strong>Post-it avec couvercle coulissant<\/strong> est un post-it personnalis\u00e9, un gadget \u00e0 la fois \u00e9conomique et extr\u00eamement efficace pour les professionnels de la sant\u00e9 : le couvercle glisse tel un tiroir, r\u00e9v\u00e9lant ainsi le post-it cach\u00e9.<\/p>\n<p>Lorsque vous souhaitez promouvoir des id\u00e9es li\u00e9es \u00e0 l&rsquo;innovation, au progr\u00e8s et \u00e0 la rapidit\u00e9, ce gadget \u00e9conomique est tout indiqu\u00e9.<\/p>\n<p>Cet objet promotionnel se distingue par sa polyvalence en tant qu&rsquo;accessoire de bureau, ce qui en fait un choix parfait pour mettre en avant votre logo.<\/p>\n<p>Le Post-it avec couvercle coulissant est sp\u00e9cialement con\u00e7u pour les m\u00e9decins et les v\u00e9t\u00e9rinaires, et gr\u00e2ce \u00e0 sa taille compacte, il peut \u00e9galement servir de gadget de poche<\/p>\n<p><img decoding=\"async\" class=\"wp-logo\" title=\"logo swipe blu\" src=\"https:\/\/proramillenote.it\/wp-content\/uploads\/\/logo-swipe-blu-300x69.png\" alt=\"logo swipe blu\" width=\"204\" height=\"47\" \/><\/p>\n<h3><strong>Caract\u00e9ristiques<\/strong><\/h3>\n<ul>\n<li>Couverture en carton blanc double brillant de 305 g, y compris des options recycl\u00e9es<\/li>\n<li>Post-it disponibles en papier blanc, jaune ou recycl\u00e9<\/li>\n<\/ul>\n<h3><strong>Dimensions<\/strong><\/h3>\n<ul>\n<li>Post-it de 52 x 75 mm contenant 50 feuilles<\/li>\n<li>Dimensions de la couverture ferm\u00e9e : 100 x 57 x 8 mm<\/li>\n<li>Dimensions de la couverture ouverte : 177 x 57 x 8 mm<\/li>\n<\/ul>\n<h3><strong>Personnalisation<\/strong><\/h3>\n<ul>\n<li>Impression offset pour les post-it<\/li>\n<li>Impression num\u00e9rique ou offset sur la couverture<\/li>\n<li>Possibilit\u00e9 de produire des formats non standard \u00e0 partir d&rsquo;une commande minimale de 1 000 pi\u00e8ces.<\/li>\n<\/ul>\n<h6>MQO : 500 pi\u00e8ces<\/h6>\n<p>YouTube video: <a href=\"https:\/\/youtu.be\/TYrJSxKBQgQ\" target=\"_blank\" rel=\"noopener\">Swipe<\/a>.<\/p>\n<div class=\"youtube-container\" style=\"position: relative; width: 100%; padding-top: 56.25%;\"><iframe class=\"youtube-iframe\" style=\"position: absolute; top: 0; left: 0; width: 100%; height: 100%;\" title=\"Video Zigo Francais\" src=\"https:\/\/www.youtube.com\/embed\/TYrJSxKBQgQ?rel=0&amp;modestbranding=1&amp;cc_load_policy=1&amp;playlist=TYrJSxKBQgQ\" frameborder=\"0\" allowfullscreen=\"allowfullscreen\"><br \/>\n<\/iframe><\/div>\n","protected":false},"excerpt":{"rendered":"<p>Post-it \u00e0 couverture coulissante: post-it personnalis\u00e9, gadget innovant et \u00e9conomique destin\u00e9 aux m\u00e9decins pour valoriser votre logo. Id\u00e9al pour les m\u00e9decins et les entreprises. Caract\u00e9ristiques : couverture personnalis\u00e9e en quadrichromie, post-it avec logo. Format compact.<\/p>\n","protected":false},"featured_media":43173,"template":"","meta":[],"product_brand":[5138],"product_cat":[692,5078,5235,740,673,653,646,654],"product_tag":[5366,5367],"class_list":{"0":"post-43112","1":"product","2":"type-product","3":"status-publish","4":"has-post-thumbnail","6":"product_brand-fabricant-proramillenote","7":"product_cat-bureau-du-medecin-gadget-personnalise","8":"product_cat-ca-coute-moins-d1-euro","9":"product_cat-livraison-en-4-semaines","10":"product_cat-nouveautes-nouveaux-gadgets-personnalises-sur-le-site","11":"product_cat-gadget-publicitaire-personnalise-pharma-veterinaire-medecin-producteur-revendeur-subcat-fr","12":"product_cat-post-it-personnalisable-avec-couverture","13":"product_cat-post-it-personnalises","14":"product_cat-post-it-notes-avec-couverture-en-carton-personnalise","15":"product_tag-gadget-multisensoriali","16":"product_tag-post-it-scorrevoli","17":"pa_num-col-stampa-fogli-post-it-feuilles-impression-2-couleurs-fr","18":"pa_num-col-stampa-fogli-post-it-feuilles-impression-1-couleur-fr","19":"pa_num-col-stampa-fogli-post-it-feuilles-impression-3-couleurs-fr","20":"pa_num-col-stampa-fogli-post-it-feuilles-impression-4-couleurs-fr","21":"pa_stampa-astuccio-col-ast-1c-fr-2","22":"pa_stampa-astuccio-col-ast-2c-fr-2","23":"pa_stampa-astuccio-col-ast-3c-fr-2","24":"pa_stampa-astuccio-col-ast-4c-fr-2","25":"pa_stampa-astuccio-col-etui-imprime-en-quatre-couleurs","26":"pa_tipo-di-carta-materiali-fsc-papier-ou-fsc-carton-certifies","27":"pa_tipo-di-carta-materiali-papier-recycle-et-carton-recycle-eco","29":"first","30":"instock","31":"shipping-taxable","32":"purchasable","33":"product-type-variable","34":"has-default-attributes"},"yoast_head":"<!-- This site is optimized with the Yoast SEO Premium plugin v27.3 (Yoast SEO v27.3) - https:\/\/yoast.com\/product\/yoast-seo-premium-wordpress\/ -->\n<title>Post-it avec couverture coulissante<\/title>\n<meta name=\"description\" content=\"Production de post-it \u00e0 couverture coulissante: personnalis\u00e9s, gadgets pour m\u00e9decins et pharma. Couverture quadrichromie, post-it avec logo. Format compact.\" \/>\n<meta name=\"robots\" content=\"index, follow, max-snippet:-1, max-image-preview:large, max-video-preview:-1\" \/>\n<link rel=\"canonical\" href=\"https:\/\/proramillenote.it\/fr\/post-it-avec-couverture-coulissante-sku-017\/\" \/>\n<meta property=\"og:locale\" content=\"fr_FR\" \/>\n<meta property=\"og:type\" content=\"article\" \/>\n<meta property=\"og:title\" content=\"Post-it avec couverture coulissante\" \/>\n<meta property=\"og:description\" content=\"Production de post-it \u00e0 couverture coulissante: personnalis\u00e9s, gadgets pour m\u00e9decins et pharma. Couverture quadrichromie, post-it avec logo. Format compact.\" \/>\n<meta property=\"og:url\" content=\"https:\/\/proramillenote.it\/fr\/post-it-avec-couverture-coulissante-sku-017\/\" \/>\n<meta property=\"og:site_name\" content=\"Gadgets d\u2019entreprise et post-it personnalis\u00e9s\" \/>\n<meta property=\"article:modified_time\" content=\"2026-02-05T13:31:43+00:00\" \/>\n<meta property=\"og:image\" content=\"https:\/\/proramillenote.it\/wp-content\/uploads\/PostIT_spedra_Menarini_scorrevole_animazione.gif?wsr\" \/>\n\t<meta property=\"og:image:width\" content=\"600\" \/>\n\t<meta property=\"og:image:height\" content=\"600\" \/>\n\t<meta property=\"og:image:type\" content=\"image\/gif\" \/>\n<meta name=\"twitter:card\" content=\"summary_large_image\" \/>\n<meta name=\"twitter:image\" content=\"https:\/\/proramillenote.it\/wp-content\/uploads\/pittogramma-proramillenote-favicon.png?wsr\" \/>\n<script type=\"application\/ld+json\" class=\"yoast-schema-graph\">{\"@context\":\"https:\\\/\\\/schema.org\",\"@graph\":[{\"@type\":\"WebPage\",\"@id\":\"https:\\\/\\\/proramillenote.it\\\/fr\\\/post-it-avec-couverture-coulissante-sku-017\\\/\",\"url\":\"https:\\\/\\\/proramillenote.it\\\/fr\\\/post-it-avec-couverture-coulissante-sku-017\\\/\",\"name\":\"Post-it avec couverture coulissante\",\"isPartOf\":{\"@id\":\"https:\\\/\\\/proramillenote.it\\\/fr\\\/#website\"},\"primaryImageOfPage\":{\"@id\":\"https:\\\/\\\/proramillenote.it\\\/fr\\\/post-it-avec-couverture-coulissante-sku-017\\\/#primaryimage\"},\"image\":{\"@id\":\"https:\\\/\\\/proramillenote.it\\\/fr\\\/post-it-avec-couverture-coulissante-sku-017\\\/#primaryimage\"},\"thumbnailUrl\":\"https:\\\/\\\/proramillenote.it\\\/wp-content\\\/uploads\\\/PostIT_spedra_Menarini_scorrevole_animazione.gif?wsr\",\"datePublished\":\"2026-02-02T12:14:33+00:00\",\"dateModified\":\"2026-02-05T13:31:43+00:00\",\"description\":\"Production de post-it \u00e0 couverture coulissante: personnalis\u00e9s, gadgets pour m\u00e9decins et pharma. Couverture quadrichromie, post-it avec logo. Format compact.\",\"breadcrumb\":{\"@id\":\"https:\\\/\\\/proramillenote.it\\\/fr\\\/post-it-avec-couverture-coulissante-sku-017\\\/#breadcrumb\"},\"inLanguage\":\"fr-FR\",\"potentialAction\":[{\"@type\":\"ReadAction\",\"target\":[\"https:\\\/\\\/proramillenote.it\\\/fr\\\/post-it-avec-couverture-coulissante-sku-017\\\/\"]}]},{\"@type\":\"ImageObject\",\"inLanguage\":\"fr-FR\",\"@id\":\"https:\\\/\\\/proramillenote.it\\\/fr\\\/post-it-avec-couverture-coulissante-sku-017\\\/#primaryimage\",\"url\":\"https:\\\/\\\/proramillenote.it\\\/wp-content\\\/uploads\\\/PostIT_spedra_Menarini_scorrevole_animazione.gif?wsr\",\"contentUrl\":\"https:\\\/\\\/proramillenote.it\\\/wp-content\\\/uploads\\\/PostIT_spedra_Menarini_scorrevole_animazione.gif?wsr\",\"width\":600,\"height\":600,\"caption\":\"PostIT_spedra_Menarini_scorrevole_animazione\"},{\"@type\":\"BreadcrumbList\",\"@id\":\"https:\\\/\\\/proramillenote.it\\\/fr\\\/post-it-avec-couverture-coulissante-sku-017\\\/#breadcrumb\",\"itemListElement\":[{\"@type\":\"ListItem\",\"position\":1,\"name\":\"Proramillenote\",\"item\":\"https:\\\/\\\/proramillenote.it\\\/fr\\\/\"},{\"@type\":\"ListItem\",\"position\":2,\"name\":\"Post-it avec couverture coulissante\"}]},{\"@type\":\"WebSite\",\"@id\":\"https:\\\/\\\/proramillenote.it\\\/fr\\\/#website\",\"url\":\"https:\\\/\\\/proramillenote.it\\\/fr\\\/\",\"name\":\"Proramillenote gadget aziendali e post-it personalizzati\",\"description\":\"Post-it personalizzati, block notes con logo e gadget aziendali per il marketing B2B. Specialisti in gadget promozionali per medici e aziende farmaceutiche.\",\"publisher\":{\"@id\":\"https:\\\/\\\/proramillenote.it\\\/fr\\\/#organization\"},\"alternateName\":\"Proramillenote\",\"potentialAction\":[{\"@type\":\"SearchAction\",\"target\":{\"@type\":\"EntryPoint\",\"urlTemplate\":\"https:\\\/\\\/proramillenote.it\\\/fr\\\/?s={search_term_string}\"},\"query-input\":{\"@type\":\"PropertyValueSpecification\",\"valueRequired\":true,\"valueName\":\"search_term_string\"}}],\"inLanguage\":\"fr-FR\"},{\"@type\":\"Organization\",\"@id\":\"https:\\\/\\\/proramillenote.it\\\/fr\\\/#organization\",\"name\":\"Proramillenote gadgets d\u2019entreprise et post-it personnalis\u00e9s\",\"alternateName\":\"Proramillenote\",\"url\":\"https:\\\/\\\/proramillenote.it\\\/fr\\\/\",\"logo\":{\"@type\":\"ImageObject\",\"inLanguage\":\"fr-FR\",\"@id\":\"https:\\\/\\\/proramillenote.it\\\/fr\\\/#\\\/schema\\\/logo\\\/image\\\/\",\"url\":\"https:\\\/\\\/proramillenote.it\\\/wp-content\\\/uploads\\\/papercube800.png?wsr\",\"contentUrl\":\"https:\\\/\\\/proramillenote.it\\\/wp-content\\\/uploads\\\/papercube800.png?wsr\",\"width\":800,\"height\":800,\"caption\":\"Proramillenote gadgets d\u2019entreprise et post-it personnalis\u00e9s\"},\"image\":{\"@id\":\"https:\\\/\\\/proramillenote.it\\\/fr\\\/#\\\/schema\\\/logo\\\/image\\\/\"},\"description\":\"\u2022 Specialista in produzione e commercio di gadget per medici e gadget per veterinari personalizzati. \u2022 Produzione di gadget aziendali per qualsiasi settore merceologico dal 1975. \u2022 Produttore di post-it personalizzati, post-it sagomati e cubi di carta personalizzati in stampa digitale oppure offset. Produttore di block-notes con logo. \u2022 Con cartotecnica creativa progettiamo KIT di post-it su misura, Made in Italy e di design italiano, insigniti del prestigioso premio europeo PGA Promotional Gift Award. \u2022 Concorso #Ossoduro \\\"Design di brand reminder da scrivania innovativi\\\" concepito per incoraggiare la creativit\u00e0 degli studenti di scuole secondarie di design e grafica. Annuale - Ed.7\u00b0 2024-2025. \u2022 Proramillenote \u00e8 produttore accreditato EUDAMED per la fornitura di DMClasse I \u2022 Proramillenote \u00e8 certificata FSC\u00ae Chain of custody.\",\"email\":\"customercare@proramillenote.it\",\"telephone\":\"+39 039616593\",\"legalName\":\"Proramillenote Srl\",\"foundingDate\":\"1972-01-01\",\"vatID\":\"10323920966\",\"taxID\":\"10323920966\",\"numberOfEmployees\":{\"@type\":\"QuantitativeValue\",\"minValue\":\"11\",\"maxValue\":\"50\"},\"publishingPrinciples\":\"https:\\\/\\\/proramillenote.it\\\/politica-su-etica\\\/\",\"ownershipFundingInfo\":\"https:\\\/\\\/proramillenote.it\\\/politica-su-etica\\\/\",\"actionableFeedbackPolicy\":\"https:\\\/\\\/proramillenote.it\\\/politica-su-etica\\\/\",\"correctionsPolicy\":\"https:\\\/\\\/proramillenote.it\\\/politica-su-etica\\\/\",\"ethicsPolicy\":\"https:\\\/\\\/proramillenote.it\\\/politica-su-etica\\\/\",\"diversityPolicy\":\"https:\\\/\\\/proramillenote.it\\\/politica-su-etica\\\/\",\"diversityStaffingReport\":\"https:\\\/\\\/proramillenote.it\\\/politica-su-etica\\\/\"}]}<\/script>\n<meta property=\"product:brand\" content=\"Fabricant Proramillenote\" \/>\n<meta property=\"og:availability\" content=\"instock\" \/>\n<meta property=\"product:availability\" content=\"instock\" \/>\n<meta property=\"product:retailer_item_id\" content=\"017\" \/>\n<meta property=\"product:condition\" content=\"new\" \/>\n<!-- \/ Yoast SEO Premium plugin. -->","yoast_head_json":{"title":"Post-it avec couverture coulissante","description":"Production de post-it \u00e0 couverture coulissante: personnalis\u00e9s, gadgets pour m\u00e9decins et pharma. Couverture quadrichromie, post-it avec logo. Format compact.","robots":{"index":"index","follow":"follow","max-snippet":"max-snippet:-1","max-image-preview":"max-image-preview:large","max-video-preview":"max-video-preview:-1"},"canonical":"https:\/\/proramillenote.it\/fr\/post-it-avec-couverture-coulissante-sku-017\/","og_locale":"fr_FR","og_type":"article","og_title":"Post-it avec couverture coulissante","og_description":"Production de post-it \u00e0 couverture coulissante: personnalis\u00e9s, gadgets pour m\u00e9decins et pharma. Couverture quadrichromie, post-it avec logo. Format compact.","og_url":"https:\/\/proramillenote.it\/fr\/post-it-avec-couverture-coulissante-sku-017\/","og_site_name":"Gadgets d\u2019entreprise et post-it personnalis\u00e9s","article_modified_time":"2026-02-05T13:31:43+00:00","og_image":[{"width":600,"height":600,"url":"https:\/\/proramillenote.it\/wp-content\/uploads\/PostIT_spedra_Menarini_scorrevole_animazione.gif?wsr","type":"image\/gif"}],"twitter_card":"summary_large_image","twitter_image":"https:\/\/proramillenote.it\/wp-content\/uploads\/pittogramma-proramillenote-favicon.png?wsr","schema":{"@context":"https:\/\/schema.org","@graph":[{"@type":"WebPage","@id":"https:\/\/proramillenote.it\/fr\/post-it-avec-couverture-coulissante-sku-017\/","url":"https:\/\/proramillenote.it\/fr\/post-it-avec-couverture-coulissante-sku-017\/","name":"Post-it avec couverture coulissante","isPartOf":{"@id":"https:\/\/proramillenote.it\/fr\/#website"},"primaryImageOfPage":{"@id":"https:\/\/proramillenote.it\/fr\/post-it-avec-couverture-coulissante-sku-017\/#primaryimage"},"image":{"@id":"https:\/\/proramillenote.it\/fr\/post-it-avec-couverture-coulissante-sku-017\/#primaryimage"},"thumbnailUrl":"https:\/\/proramillenote.it\/wp-content\/uploads\/PostIT_spedra_Menarini_scorrevole_animazione.gif?wsr","datePublished":"2026-02-02T12:14:33+00:00","dateModified":"2026-02-05T13:31:43+00:00","description":"Production de post-it \u00e0 couverture coulissante: personnalis\u00e9s, gadgets pour m\u00e9decins et pharma. Couverture quadrichromie, post-it avec logo. Format compact.","breadcrumb":{"@id":"https:\/\/proramillenote.it\/fr\/post-it-avec-couverture-coulissante-sku-017\/#breadcrumb"},"inLanguage":"fr-FR","potentialAction":[{"@type":"ReadAction","target":["https:\/\/proramillenote.it\/fr\/post-it-avec-couverture-coulissante-sku-017\/"]}]},{"@type":"ImageObject","inLanguage":"fr-FR","@id":"https:\/\/proramillenote.it\/fr\/post-it-avec-couverture-coulissante-sku-017\/#primaryimage","url":"https:\/\/proramillenote.it\/wp-content\/uploads\/PostIT_spedra_Menarini_scorrevole_animazione.gif?wsr","contentUrl":"https:\/\/proramillenote.it\/wp-content\/uploads\/PostIT_spedra_Menarini_scorrevole_animazione.gif?wsr","width":600,"height":600,"caption":"PostIT_spedra_Menarini_scorrevole_animazione"},{"@type":"BreadcrumbList","@id":"https:\/\/proramillenote.it\/fr\/post-it-avec-couverture-coulissante-sku-017\/#breadcrumb","itemListElement":[{"@type":"ListItem","position":1,"name":"Proramillenote","item":"https:\/\/proramillenote.it\/fr\/"},{"@type":"ListItem","position":2,"name":"Post-it avec couverture coulissante"}]},{"@type":"WebSite","@id":"https:\/\/proramillenote.it\/fr\/#website","url":"https:\/\/proramillenote.it\/fr\/","name":"Proramillenote gadget aziendali e post-it personalizzati","description":"Post-it personalizzati, block notes con logo e gadget aziendali per il marketing B2B. Specialisti in gadget promozionali per medici e aziende farmaceutiche.","publisher":{"@id":"https:\/\/proramillenote.it\/fr\/#organization"},"alternateName":"Proramillenote","potentialAction":[{"@type":"SearchAction","target":{"@type":"EntryPoint","urlTemplate":"https:\/\/proramillenote.it\/fr\/?s={search_term_string}"},"query-input":{"@type":"PropertyValueSpecification","valueRequired":true,"valueName":"search_term_string"}}],"inLanguage":"fr-FR"},{"@type":"Organization","@id":"https:\/\/proramillenote.it\/fr\/#organization","name":"Proramillenote gadgets d\u2019entreprise et post-it personnalis\u00e9s","alternateName":"Proramillenote","url":"https:\/\/proramillenote.it\/fr\/","logo":{"@type":"ImageObject","inLanguage":"fr-FR","@id":"https:\/\/proramillenote.it\/fr\/#\/schema\/logo\/image\/","url":"https:\/\/proramillenote.it\/wp-content\/uploads\/papercube800.png?wsr","contentUrl":"https:\/\/proramillenote.it\/wp-content\/uploads\/papercube800.png?wsr","width":800,"height":800,"caption":"Proramillenote gadgets d\u2019entreprise et post-it personnalis\u00e9s"},"image":{"@id":"https:\/\/proramillenote.it\/fr\/#\/schema\/logo\/image\/"},"description":"\u2022 Specialista in produzione e commercio di gadget per medici e gadget per veterinari personalizzati. \u2022 Produzione di gadget aziendali per qualsiasi settore merceologico dal 1975. \u2022 Produttore di post-it personalizzati, post-it sagomati e cubi di carta personalizzati in stampa digitale oppure offset. Produttore di block-notes con logo. \u2022 Con cartotecnica creativa progettiamo KIT di post-it su misura, Made in Italy e di design italiano, insigniti del prestigioso premio europeo PGA Promotional Gift Award. \u2022 Concorso #Ossoduro \"Design di brand reminder da scrivania innovativi\" concepito per incoraggiare la creativit\u00e0 degli studenti di scuole secondarie di design e grafica. Annuale - Ed.7\u00b0 2024-2025. \u2022 Proramillenote \u00e8 produttore accreditato EUDAMED per la fornitura di DMClasse I \u2022 Proramillenote \u00e8 certificata FSC\u00ae Chain of custody.","email":"customercare@proramillenote.it","telephone":"+39 039616593","legalName":"Proramillenote Srl","foundingDate":"1972-01-01","vatID":"10323920966","taxID":"10323920966","numberOfEmployees":{"@type":"QuantitativeValue","minValue":"11","maxValue":"50"},"publishingPrinciples":"https:\/\/proramillenote.it\/politica-su-etica\/","ownershipFundingInfo":"https:\/\/proramillenote.it\/politica-su-etica\/","actionableFeedbackPolicy":"https:\/\/proramillenote.it\/politica-su-etica\/","correctionsPolicy":"https:\/\/proramillenote.it\/politica-su-etica\/","ethicsPolicy":"https:\/\/proramillenote.it\/politica-su-etica\/","diversityPolicy":"https:\/\/proramillenote.it\/politica-su-etica\/","diversityStaffingReport":"https:\/\/proramillenote.it\/politica-su-etica\/"}]},"product_brand":"Fabricant Proramillenote","og_availability":"instock","product_availability":"instock","product_retailer_item_id":"017","product_condition":"new"},"_links":{"self":[{"href":"https:\/\/proramillenote.it\/fr\/wp-json\/wp\/v2\/product\/43112","targetHints":{"allow":["GET"]}}],"collection":[{"href":"https:\/\/proramillenote.it\/fr\/wp-json\/wp\/v2\/product"}],"about":[{"href":"https:\/\/proramillenote.it\/fr\/wp-json\/wp\/v2\/types\/product"}],"version-history":[{"count":12,"href":"https:\/\/proramillenote.it\/fr\/wp-json\/wp\/v2\/product\/43112\/revisions"}],"predecessor-version":[{"id":89865,"href":"https:\/\/proramillenote.it\/fr\/wp-json\/wp\/v2\/product\/43112\/revisions\/89865"}],"wp:featuredmedia":[{"embeddable":true,"href":"https:\/\/proramillenote.it\/fr\/wp-json\/wp\/v2\/media\/43173"}],"wp:attachment":[{"href":"https:\/\/proramillenote.it\/fr\/wp-json\/wp\/v2\/media?parent=43112"}],"wp:term":[{"taxonomy":"product_brand","embeddable":true,"href":"https:\/\/proramillenote.it\/fr\/wp-json\/wp\/v2\/product_brand?post=43112"},{"taxonomy":"product_cat","embeddable":true,"href":"https:\/\/proramillenote.it\/fr\/wp-json\/wp\/v2\/product_cat?post=43112"},{"taxonomy":"product_tag","embeddable":true,"href":"https:\/\/proramillenote.it\/fr\/wp-json\/wp\/v2\/product_tag?post=43112"}],"curies":[{"name":"wp","href":"https:\/\/api.w.org\/{rel}","templated":true}]}}